{"id":24888,"date":"2020-03-17T13:27:32","date_gmt":"2020-03-17T13:27:32","guid":{"rendered":"https:\/\/www.babcock-wanson.com\/profilo-aziendale\/storia\/"},"modified":"2026-01-26T16:05:30","modified_gmt":"2026-01-26T16:05:30","slug":"storia","status":"publish","type":"page","link":"https:\/\/www.babcock-wanson.com\/it\/profilo-aziendale\/storia\/","title":{"rendered":"Storia"},"content":{"rendered":"<div class=\"vgblk-rw-wrapper limit-wrapper\">\n<h2>\n\t<strong>Babcock Wanson<\/strong> &#8211; Le origini\n\t<\/h2>\n\t<p>In molti anni di produzione, Babcock Wanson ha acquisito un&#8217;ampia esperienza grazie all&#8217;integrazione di marchi collaudati come Parent, Babcock, Bloctherm, Duquenne, Fluidothermus, Seum, Lardet, Goemine, Cobra, Vapor e Safmat.<\/p>\n<h2>\n\tLa Fondazione\n\t<\/h2>\n\t<strong>1898<\/strong>\u00a0Fondazione della Soci\u00e9t\u00e9 Fran\u00e7aise des constructions Babcock &amp; Wilcox, controllata della societ\u00e0 di produzione di energia elettrica americana.<br \/>\n<strong>1929<\/strong> L\u00e9on Wanson crea la societ\u00e0 Wanson originariamente chiamata C.M.T (Construction de Mat\u00e9riel Thermique).\n<h2>\n\tLa Crescita\n\t<\/h2>\n\t<strong>1931<\/strong> L\u00e9on Wanson e il suo caro amico Alfred Parent scelgono un bisonte come emblema aziendale per simboleggiare l&#8217;autorevolezza e l&#8217;energia dell&#8217;azienda.<br \/>\n<strong>1951<\/strong> Alfred Parent crea la societ\u00e0 Parent, la cui sede principale si trova a N\u00e9rac (Lot e Garonna, Francia).\n<h2>\n\tApertura nel Regno Unito\n\t<\/h2>\n\t<strong>1956<\/strong> Creazione in UK di Wanson Company, poi diventata Babcock Wanson UK.<br \/>\n<strong>1987<\/strong> Parent entra nel Gruppo Wanson.<br \/>\n<strong>1988<\/strong> Creazione dell&#8217;azienda Babcock Entreprise attraverso la fusione della divisione caldaie di Babcock &amp; Wilcox e Lardet Babcock.\n<h2>\n\tIl periodo del Gruppo CNIM\n\t<\/h2>\n\t<strong>1989<\/strong> Babcock Entreprise diventa una societ\u00e0 controllata al 100% dal Gruppo CNIM.<br \/>\n<strong>1990<\/strong> Acquisizione di Wanson da parte di CNIM e creazione di Babcock Wanson attraverso la fusione con le attivit\u00e0 Babcock.\n<h2>\n\tAmpliamento in Europa\n\t<\/h2>\n\t<strong>1992<\/strong> Il gruppo CNIM acquisisce Italwanson, che <strong>1998<\/strong> CNIM crea una societ\u00e0 controllata in Europa centrale, CNIM Babcock Central Europe, che poi diventer\u00e0 Babcock Wanson Polska.<br \/>\n<strong>2008<\/strong> CYP Babcock Wanson cambia nome in Babcock Wanson Espa\u00f1a.\n<h2>\n\tIndipendenza di Babcock Wanson\n\t<\/h2>\n\t<strong>2016<\/strong> Babcock Wanson diventa indipendente da CNIM con il supporto del FCDE (Fonds de Consolidation et de D\u00e9veloppement des Entreprises &#8211; Fondo di consolidamento e sviluppo delle aziende) e inaugura una nuova fase orientata maggiormente ai mercati internazionali.<br \/>\n<strong>2017<\/strong> Babcock Wanson acquisisce Reputabel Warmtetechniek nei Paesi Bassi.<br \/>\n<strong>2020<\/strong> Babcock Wanson conferma la propria strategia locale con l&#8217;acquisizione di Maes in Belgio.<br \/>\n<strong>2021<\/strong> Kart\u00e9sia diventa il nuovo azionista di maggioranza di Babcock Wanson al posto di F.C.D.E.<br \/>\n<strong>2021<\/strong> Babcock Wanson conferma la sua politica di crescita esterna. 3 nuove societ\u00e0 entrano a far parte del gruppo: Thermigas (Francia), Steam Plant Engineering (Regno Unito) e Standard Fasel (Paesi Bassi).\n<h2>\n\tBabcock Wanson Group\n\t<\/h2>\n\t<p><strong>2022 :<\/strong> La politica di crescita e di acquisizione di Babcock Wanson porta alla creazione del <strong>Babcock Wanson Group<\/strong>, strutturato in 5 divisioni: Caldaie e bruciatori, Trattamento dell&#8217;aria, Trattamento dell&#8217;acqua, Soluzioni ambientali, Servizi.<\/p>\n<p><strong>2022:<\/strong> Donau Carbon Technologies entra a far parte del Babcock Wanson Group, rafforzando l&#8217;offerta di soluzioni ambientali.<\/p>\n<p><strong>2022:<\/strong> Parat, un attore chiave nel campo delle caldaie a elettrodi, entra a far parte del Babcock Wanson Group.<\/p>\n<p><strong>2023:<\/strong> PBS Power Equipements, produttore Ceco di caldaie e bruciatori, entra a far parte del Babcock Wanson Group.<\/p>\n<p><strong>2024: <\/strong>Il Gruppo Babcock Wanson entra nel mercato tedesco con l&#8217;acquisizione del Gruppo VKK, esperto nella tecnologia delle caldaie industriali.<\/p>\n<h3>\n\t\t\t<a href=\"https:\/\/www.babcock-wanson-group.com\/\" title=\"Oggi Babcock Wanson Group comprende le seguenti business unit:\" target=\"_blank\" rel=\"noopener\">\n\tOggi Babcock Wanson Group comprende le seguenti business unit:\n\t\t\t<\/a>\n\t<\/h3>\n\t<ul>\n<li>\n<h5>Babcock Wanson (Francia)<\/h5>\n<\/li>\n<li>\n<h5>Thermigas (Francia)<\/h5>\n<\/li>\n<li>\n<h5>Babcock Wanson Italiana (Italia)<\/h5>\n<\/li>\n<li>\n<h5>Donau Carbon Technologies SRL (Italia)<\/h5>\n<\/li>\n<li>\n<h5>Reputabel Warmtetechniek (Paesi Bassi)<\/h5>\n<\/li>\n<li>\n<h5>Standard Fasel (Paesi Bassi)<\/h5>\n<\/li>\n<li>\n<h5>VKK Standard Kessel K\u00f6then Group (Germania)<\/h5>\n<\/li>\n<li>\n<h5>Parat Halvorsen AS (Norvegia)<\/h5>\n<\/li>\n<li>\n<h5>Maes BVBA (Belgio)<\/h5>\n<\/li>\n<li>\n<h5>PBS Power Equipements (Repubblica Ceca)<\/h5>\n<\/li>\n<li>\n<h5>Babcock Wanson Polska (Polonia)<\/h5>\n<\/li>\n<li>\n<h5>Babcock Wanson Caldeiras Lda (Portogallo)<\/h5>\n<\/li>\n<li>\n<h5>Babcock Wanson Espa\u00f1a (Spagna)<\/h5>\n<\/li>\n<li>\n<h5>Babcock Wanson Tunisie (Tunisia)<\/h5>\n<\/li>\n<li>\n<h5>Babcock Wanson UK (Regno Unito)<\/h5>\n<\/li>\n<li>\n<h5>Steam Plant Engineering Ltd (Regno Unito)<\/h5>\n<\/li>\n<li>\n<h5>Babcock Wanson USA LLC (USA)<\/h5>\n<\/li>\n<\/ul>\n<h5>Per contattare una delle nostre sedi, visitate <a href=\"https:\/\/www.babcock-wanson.com\/it\/contatta-babcock-wanson\/sedi\/\">la nostra pagina dedicata<\/a>.<\/h5>\n\n<\/div><!-- .vgblk-rw-wrapper -->","protected":false},"excerpt":{"rendered":"<p>Babcock Wanson &#8211; Le origini In molti anni di produzione, Babcock Wanson ha acquisito un&#8217;ampia esperienza grazie all&#8217;integrazione di marchi collaudati come Parent, Babcock, Bloctherm, Duquenne, Fluidothermus, Seum, Lardet, Goemine, Cobra, Vapor e Safmat. La Fondazione 1898\u00a0Fondazione della Soci\u00e9t\u00e9 Fran\u00e7aise des constructions Babcock &amp; Wilcox, controllata della societ\u00e0 di produzione di energia elettrica americana. 1929&#8230;<\/p>\n","protected":false},"author":1,"featured_media":0,"parent":24785,"menu_order":13,"comment_status":"closed","ping_status":"closed","template":"","meta":{"_acf_changed":false,"_relevanssi_hide_post":"","_relevanssi_hide_content":"","_relevanssi_pin_for_all":"","_relevanssi_pin_keywords":"","_relevanssi_unpin_keywords":"","_relevanssi_related_keywords":"","_relevanssi_related_include_ids":"","_relevanssi_related_exclude_ids":"","_relevanssi_related_no_append":"","_relevanssi_related_not_related":"","_relevanssi_related_posts":"","_relevanssi_noindex_reason":"","footnotes":""},"class_list":["post-24888","page","type-page","status-publish","hentry"],"acf":[],"yoast_head":"<!-- This site is optimized with the Yoast SEO Premium plugin v27.4 (Yoast SEO v27.4) - https:\/\/yoast.com\/product\/yoast-seo-premium-wordpress\/ -->\n<title>Storia - Babcock Wanson<\/title>\n<meta name=\"description\" content=\"La Babcock Wanson di oggi \u00e8 stata costruita su fondamenta che risalgono al 1898. Venite a trovarci oggi per leggere la nostra storia, la nostra esperienza e come possiamo aiutarvi\" \/>\n<meta name=\"robots\" content=\"index, follow, max-snippet:-1, max-image-preview:large, max-video-preview:-1\" \/>\n<link rel=\"canonical\" href=\"https:\/\/www.babcock-wanson.com\/it\/profilo-aziendale\/storia\/\" \/>\n<meta property=\"og:locale\" content=\"it_IT\" \/>\n<meta property=\"og:type\" content=\"article\" \/>\n<meta property=\"og:title\" content=\"Storia\" \/>\n<meta property=\"og:description\" content=\"La Babcock Wanson di oggi \u00e8 stata costruita su fondamenta che risalgono al 1898. Venite a trovarci oggi per leggere la nostra storia, la nostra esperienza e come possiamo aiutarvi\" \/>\n<meta property=\"og:url\" content=\"https:\/\/www.babcock-wanson.com\/it\/profilo-aziendale\/storia\/\" \/>\n<meta property=\"og:site_name\" content=\"Babcock Wanson\" \/>\n<meta property=\"article:modified_time\" content=\"2026-01-26T16:05:30+00:00\" \/>\n<meta property=\"og:image\" content=\"https:\/\/www.babcock-wanson.com\/wp-content\/uploads\/2024\/02\/Babcock-Wanson-1200x1200-1.png\" \/>\n\t<meta property=\"og:image:width\" content=\"1200\" \/>\n\t<meta property=\"og:image:height\" content=\"1200\" \/>\n\t<meta property=\"og:image:type\" content=\"image\/png\" \/>\n<meta name=\"twitter:card\" content=\"summary_large_image\" \/>\n<meta name=\"twitter:label1\" content=\"Est. reading time\" \/>\n\t<meta name=\"twitter:data1\" content=\"3 minuti\" \/>\n<script type=\"application\/ld+json\" class=\"yoast-schema-graph\">{\"@context\":\"https:\\\/\\\/schema.org\",\"@graph\":[{\"@type\":\"WebPage\",\"@id\":\"https:\\\/\\\/www.babcock-wanson.com\\\/it\\\/profilo-aziendale\\\/storia\\\/\",\"url\":\"https:\\\/\\\/www.babcock-wanson.com\\\/it\\\/profilo-aziendale\\\/storia\\\/\",\"name\":\"Storia - Babcock Wanson\",\"isPartOf\":{\"@id\":\"https:\\\/\\\/www.babcock-wanson.com\\\/it\\\/#website\"},\"datePublished\":\"2020-03-17T13:27:32+00:00\",\"dateModified\":\"2026-01-26T16:05:30+00:00\",\"description\":\"La Babcock Wanson di oggi \u00e8 stata costruita su fondamenta che risalgono al 1898. Venite a trovarci oggi per leggere la nostra storia, la nostra esperienza e come possiamo aiutarvi\",\"breadcrumb\":{\"@id\":\"https:\\\/\\\/www.babcock-wanson.com\\\/it\\\/profilo-aziendale\\\/storia\\\/#breadcrumb\"},\"inLanguage\":\"it-IT\",\"potentialAction\":[{\"@type\":\"ReadAction\",\"target\":[\"https:\\\/\\\/www.babcock-wanson.com\\\/it\\\/profilo-aziendale\\\/storia\\\/\"]}]},{\"@type\":\"BreadcrumbList\",\"@id\":\"https:\\\/\\\/www.babcock-wanson.com\\\/it\\\/profilo-aziendale\\\/storia\\\/#breadcrumb\",\"itemListElement\":[{\"@type\":\"ListItem\",\"position\":1,\"name\":\"Inicio\",\"item\":\"https:\\\/\\\/www.babcock-wanson.com\\\/it\\\/\"},{\"@type\":\"ListItem\",\"position\":2,\"name\":\"Profilo Aziendale\",\"item\":\"https:\\\/\\\/www.babcock-wanson.com\\\/it\\\/profilo-aziendale\\\/\"},{\"@type\":\"ListItem\",\"position\":3,\"name\":\"Storia\"}]},{\"@type\":\"WebSite\",\"@id\":\"https:\\\/\\\/www.babcock-wanson.com\\\/it\\\/#website\",\"url\":\"https:\\\/\\\/www.babcock-wanson.com\\\/it\\\/\",\"name\":\"Babcock Wanson\",\"description\":\"\",\"publisher\":{\"@id\":\"https:\\\/\\\/www.babcock-wanson.com\\\/it\\\/#organization\"},\"potentialAction\":[{\"@type\":\"SearchAction\",\"target\":{\"@type\":\"EntryPoint\",\"urlTemplate\":\"https:\\\/\\\/www.babcock-wanson.com\\\/it\\\/?s={search_term_string}\"},\"query-input\":{\"@type\":\"PropertyValueSpecification\",\"valueRequired\":true,\"valueName\":\"search_term_string\"}}],\"inLanguage\":\"it-IT\"},{\"@type\":\"Organization\",\"@id\":\"https:\\\/\\\/www.babcock-wanson.com\\\/it\\\/#organization\",\"name\":\"Babcock Wanson\",\"url\":\"https:\\\/\\\/www.babcock-wanson.com\\\/it\\\/\",\"logo\":{\"@type\":\"ImageObject\",\"inLanguage\":\"it-IT\",\"@id\":\"https:\\\/\\\/www.babcock-wanson.com\\\/it\\\/#\\\/schema\\\/logo\\\/image\\\/\",\"url\":\"https:\\\/\\\/www.babcock-wanson.com\\\/wp-content\\\/uploads\\\/2024\\\/02\\\/Babcock-Wanson-1200x1200-1.png\",\"contentUrl\":\"https:\\\/\\\/www.babcock-wanson.com\\\/wp-content\\\/uploads\\\/2024\\\/02\\\/Babcock-Wanson-1200x1200-1.png\",\"width\":1200,\"height\":1200,\"caption\":\"Babcock Wanson\"},\"image\":{\"@id\":\"https:\\\/\\\/www.babcock-wanson.com\\\/it\\\/#\\\/schema\\\/logo\\\/image\\\/\"},\"sameAs\":[\"https:\\\/\\\/www.linkedin.com\\\/company\\\/babcock-wanson\\\/\",\"https:\\\/\\\/www.youtube.com\\\/channel\\\/UCtxl25VieBBsP2kYmtlyv7A\"]}]}<\/script>\n<!-- \/ Yoast SEO Premium plugin. -->","yoast_head_json":{"title":"Storia - Babcock Wanson","description":"La Babcock Wanson di oggi \u00e8 stata costruita su fondamenta che risalgono al 1898. Venite a trovarci oggi per leggere la nostra storia, la nostra esperienza e come possiamo aiutarvi","robots":{"index":"index","follow":"follow","max-snippet":"max-snippet:-1","max-image-preview":"max-image-preview:large","max-video-preview":"max-video-preview:-1"},"canonical":"https:\/\/www.babcock-wanson.com\/it\/profilo-aziendale\/storia\/","og_locale":"it_IT","og_type":"article","og_title":"Storia","og_description":"La Babcock Wanson di oggi \u00e8 stata costruita su fondamenta che risalgono al 1898. Venite a trovarci oggi per leggere la nostra storia, la nostra esperienza e come possiamo aiutarvi","og_url":"https:\/\/www.babcock-wanson.com\/it\/profilo-aziendale\/storia\/","og_site_name":"Babcock Wanson","article_modified_time":"2026-01-26T16:05:30+00:00","og_image":[{"width":1200,"height":1200,"url":"https:\/\/www.babcock-wanson.com\/wp-content\/uploads\/2024\/02\/Babcock-Wanson-1200x1200-1.png","type":"image\/png"}],"twitter_card":"summary_large_image","twitter_misc":{"Est. reading time":"3 minuti"},"schema":{"@context":"https:\/\/schema.org","@graph":[{"@type":"WebPage","@id":"https:\/\/www.babcock-wanson.com\/it\/profilo-aziendale\/storia\/","url":"https:\/\/www.babcock-wanson.com\/it\/profilo-aziendale\/storia\/","name":"Storia - Babcock Wanson","isPartOf":{"@id":"https:\/\/www.babcock-wanson.com\/it\/#website"},"datePublished":"2020-03-17T13:27:32+00:00","dateModified":"2026-01-26T16:05:30+00:00","description":"La Babcock Wanson di oggi \u00e8 stata costruita su fondamenta che risalgono al 1898. Venite a trovarci oggi per leggere la nostra storia, la nostra esperienza e come possiamo aiutarvi","breadcrumb":{"@id":"https:\/\/www.babcock-wanson.com\/it\/profilo-aziendale\/storia\/#breadcrumb"},"inLanguage":"it-IT","potentialAction":[{"@type":"ReadAction","target":["https:\/\/www.babcock-wanson.com\/it\/profilo-aziendale\/storia\/"]}]},{"@type":"BreadcrumbList","@id":"https:\/\/www.babcock-wanson.com\/it\/profilo-aziendale\/storia\/#breadcrumb","itemListElement":[{"@type":"ListItem","position":1,"name":"Inicio","item":"https:\/\/www.babcock-wanson.com\/it\/"},{"@type":"ListItem","position":2,"name":"Profilo Aziendale","item":"https:\/\/www.babcock-wanson.com\/it\/profilo-aziendale\/"},{"@type":"ListItem","position":3,"name":"Storia"}]},{"@type":"WebSite","@id":"https:\/\/www.babcock-wanson.com\/it\/#website","url":"https:\/\/www.babcock-wanson.com\/it\/","name":"Babcock Wanson","description":"","publisher":{"@id":"https:\/\/www.babcock-wanson.com\/it\/#organization"},"potentialAction":[{"@type":"SearchAction","target":{"@type":"EntryPoint","urlTemplate":"https:\/\/www.babcock-wanson.com\/it\/?s={search_term_string}"},"query-input":{"@type":"PropertyValueSpecification","valueRequired":true,"valueName":"search_term_string"}}],"inLanguage":"it-IT"},{"@type":"Organization","@id":"https:\/\/www.babcock-wanson.com\/it\/#organization","name":"Babcock Wanson","url":"https:\/\/www.babcock-wanson.com\/it\/","logo":{"@type":"ImageObject","inLanguage":"it-IT","@id":"https:\/\/www.babcock-wanson.com\/it\/#\/schema\/logo\/image\/","url":"https:\/\/www.babcock-wanson.com\/wp-content\/uploads\/2024\/02\/Babcock-Wanson-1200x1200-1.png","contentUrl":"https:\/\/www.babcock-wanson.com\/wp-content\/uploads\/2024\/02\/Babcock-Wanson-1200x1200-1.png","width":1200,"height":1200,"caption":"Babcock Wanson"},"image":{"@id":"https:\/\/www.babcock-wanson.com\/it\/#\/schema\/logo\/image\/"},"sameAs":["https:\/\/www.linkedin.com\/company\/babcock-wanson\/","https:\/\/www.youtube.com\/channel\/UCtxl25VieBBsP2kYmtlyv7A"]}]}},"jetpack_sharing_enabled":true,"_links":{"self":[{"href":"https:\/\/www.babcock-wanson.com\/it\/wp-json\/wp\/v2\/pages\/24888","targetHints":{"allow":["GET"]}}],"collection":[{"href":"https:\/\/www.babcock-wanson.com\/it\/wp-json\/wp\/v2\/pages"}],"about":[{"href":"https:\/\/www.babcock-wanson.com\/it\/wp-json\/wp\/v2\/types\/page"}],"author":[{"embeddable":true,"href":"https:\/\/www.babcock-wanson.com\/it\/wp-json\/wp\/v2\/users\/1"}],"replies":[{"embeddable":true,"href":"https:\/\/www.babcock-wanson.com\/it\/wp-json\/wp\/v2\/comments?post=24888"}],"version-history":[{"count":11,"href":"https:\/\/www.babcock-wanson.com\/it\/wp-json\/wp\/v2\/pages\/24888\/revisions"}],"predecessor-version":[{"id":53452,"href":"https:\/\/www.babcock-wanson.com\/it\/wp-json\/wp\/v2\/pages\/24888\/revisions\/53452"}],"up":[{"embeddable":true,"href":"https:\/\/www.babcock-wanson.com\/it\/wp-json\/wp\/v2\/pages\/24785"}],"wp:attachment":[{"href":"https:\/\/www.babcock-wanson.com\/it\/wp-json\/wp\/v2\/media?parent=24888"}],"curies":[{"name":"wp","href":"https:\/\/api.w.org\/{rel}","templated":true}]}}