{"id":25064,"date":"2020-03-18T15:04:01","date_gmt":"2020-03-18T15:04:01","guid":{"rendered":"https:\/\/www.babcock-wanson.com\/prodotti\/soluzioni-chiavi-in-mano\/"},"modified":"2022-01-06T13:44:58","modified_gmt":"2022-01-06T13:44:58","slug":"soluzioni-chiavi-in-mano","status":"publish","type":"page","link":"https:\/\/www.babcock-wanson.com\/it\/prodotti\/soluzioni-chiavi-in-mano\/","title":{"rendered":"Soluzioni Chiavi In Mano"},"content":{"rendered":"<div class=\"vgblk-rw-wrapper limit-wrapper\">\n\t\t\t\t\t\t\t<img loading=\"lazy\" decoding=\"async\" src=\"https:\/\/www.babcock-wanson.com\/wp-content\/uploads\/2019\/02\/LNTA-TA-4.jpg\" alt=\"LNTA-TA\" height=\"400\" width=\"600\" title=\"LNTA-TA-4\" data-srcset=\"https:\/\/www.babcock-wanson.com\/wp-content\/uploads\/2019\/02\/LNTA-TA-4.jpg 600w, https:\/\/www.babcock-wanson.com\/wp-content\/uploads\/2019\/02\/LNTA-TA-4-300x200.jpg 300w, https:\/\/www.babcock-wanson.com\/wp-content\/uploads\/2019\/02\/LNTA-TA-4-420x280.jpg 420w, https:\/\/www.babcock-wanson.com\/wp-content\/uploads\/2019\/02\/LNTA-TA-4-315x210.jpg 315w\" \/>\t\t\t\t\t\t\t\n<h2>\n\t\t<strong>Soluzioni<\/strong> Chiavi In Mano\n\t<\/h2>\n\t<p>L&#8217;esperienza di Babcock Wanson nelle soluzioni per centrali termiche non si limita alla semplice fabbricazione delle caldaie o delle apparecchiature di generazione di calore. Infatti, ogni impianto \u00e8 differente e, per ottenere la massima efficienza, adattiamo e integriamo i nostri sistemi per soddisfare le esigenze dei nostri clienti. Sono pochissime le sfide che non abbiamo affrontato e superato!<\/p>\n<p>I progettisti, gli ingegneri e i manager Babcock Wanson hanno sviluppato molteplici competenze e vantano decenni di esperienza che permettono loro di offrire progetti chiavi in mano. Per affrontare semplici e grandi progetti, cos\u00ec come complessi processi industriali, adottiamo sempre lo stesso approccio professionale: valutazione delle necessit\u00e0 del cliente, completamento di studi preliminari, ingegnerizzazione dettagliata, valutazione del progetto, fabbricazione, installazione e messa in funzione.<\/p>\n<p>Possiamo seguire ogni fase necessaria alla realizzazione del progetto, fino al <a href=\"https:\/\/www.babcock-wanson.com\/it\/servizi\/servizio-post-vendita\/\" rel=\"noopener\" target=\"_blank\">servizio post-vendita<\/a>.<\/p>\n<p>Se avete un progetto per una centrale termica o di un sistema di produzione di calore per processo che richiedono una soluzione chiavi in mano, contattate Babcock Wanson per vedere come possiamo aiutarvi e per scoprire alcuni dei nostri recenti progetti chiavi in mano realizzati per il vostro settore.<\/p>\n<h3>\n\t<\/h3>\n<h2>\n\t\t<strong>Gruppi Pre-Assemblati<\/strong>\n\t<\/h2>\n\t<p>Sia per una nuova richiesta di energia per un processo sia per completare una necessit\u00e0 esistente, un sistema con prodotti Babcock Wanson fornito come un premontato su skid o un in locale tecnico containerizzato pu\u00f2 essere una soluzione economicamente molto conveniente. Facile e rapido da installare, l\u2019impianto, assemblato e testato in fabbrica, viene fornito completo di tutta la certificazione pertinente ed \u00e8 pronto all\u2019uso non appena \u00e8 installato sul posto.<\/p>\n<p>Tutti i nostri sistemi di generazione di calore di processo sono disponibili in sistemi pre-assemblati in fabbrica; le soluzioni pi\u00f9 comuni sono i generatori di vapore a serpentina verticali o orizzontali di piccola potenza e i generatori a fluido termico. Impianti in cui \u00e8 necessario ridurre al minimo il tempo di installazione o riparazione dell&#8217;impianto o in cui si potrebbe avere l\u2019esigenza di spostare l\u2019impianto in futuro, questo approccio pu\u00f2 essere davvero vantaggioso.<\/p>\n<h3>\n\t<\/h3>\n\t\t\t\t\t\t\t<img loading=\"lazy\" decoding=\"async\" src=\"https:\/\/www.babcock-wanson.com\/wp-content\/uploads\/2019\/04\/Pre-assembled-packages-1.jpg\" alt=\"Pacchetti Pre-Assemblati\" height=\"400\" width=\"600\" title=\"Pacchetti Pre-Assemblati-1\" data-srcset=\"https:\/\/www.babcock-wanson.com\/wp-content\/uploads\/2019\/04\/Pre-assembled-packages-1.jpg 600w, https:\/\/www.babcock-wanson.com\/wp-content\/uploads\/2019\/04\/Pre-assembled-packages-1-300x200.jpg 300w, https:\/\/www.babcock-wanson.com\/wp-content\/uploads\/2019\/04\/Pre-assembled-packages-1-420x280.jpg 420w, https:\/\/www.babcock-wanson.com\/wp-content\/uploads\/2019\/04\/Pre-assembled-packages-1-315x210.jpg 315w\" \/>\t\t\t\t\t\t\t\n\t\t\t\t\t\t\t<img loading=\"lazy\" decoding=\"async\" src=\"https:\/\/www.babcock-wanson.com\/wp-content\/uploads\/2019\/03\/turnkey-advantages.jpg\" alt=\"turnkey-advantages\" height=\"400\" width=\"600\" title=\"turnkey-advantages\" data-srcset=\"https:\/\/www.babcock-wanson.com\/wp-content\/uploads\/2019\/03\/turnkey-advantages.jpg 600w, https:\/\/www.babcock-wanson.com\/wp-content\/uploads\/2019\/03\/turnkey-advantages-300x200.jpg 300w, https:\/\/www.babcock-wanson.com\/wp-content\/uploads\/2019\/03\/turnkey-advantages-420x280.jpg 420w, https:\/\/www.babcock-wanson.com\/wp-content\/uploads\/2019\/03\/turnkey-advantages-315x210.jpg 315w\" \/>\t\t\t\t\t\t\t\n<h2>\n\t\tVantaggi\n\t<\/h2>\n\t<ul>\n<li>Opere civili in loco semplificate<\/li>\n<li>Facile trasporto (pu\u00f2 essere impiegato un container standard per il normale trasporto su strada)<\/li>\n<li>Installazione, collegamento e avviamento rapidissimi<\/li>\n<li>Apparecchiatura per uso temporaneo, una vera centrale termica mobile<\/li>\n<li>Centrale termica prefabbricata, equipaggiata e testata con garanzia del fabbricante<\/li>\n<\/ul>\n<h3>\n\t<\/h3>\n<h2>\n\t\tSale Caldaie <strong>Portatili E Containerizzate<\/strong>\n\t<\/h2>\n\t<p>L\u2019impianto di generazione di calore di processo con potenze che vanno da 150 kg\/h a 2.000 kg\/h pu\u00f2 essere completamente assemblato all\u2019interno di un normale container da 20 piedi standard ISO opportunamente modificato. Potenze maggiori, fino a 6.000 kg\/h, possono essere inserite in un container per uso generico da 40 piedi.<\/p>\n<p>Anche i generatori a fluido termico con potenze fino a 3 MW in esecuzione orizzontale possono essere installati all\u2019interno dei container.<\/p>\n<p>I container sono dotati di serie di tutte le aperture di aerazione necessarie, illuminazione e riscaldamento antigelo oltre a qualsiasi richiesta speciale (sollevamento\/impilaggio\/verniciatura di finitura) specificata.<\/p>\n<p>I sistemi possono essere forniti con una canna fumaria di lunghezza ridotta per un uso immediato, o anche un camino conforme ai requisiti delle autorit\u00e0 locali per un funzionamento a pi\u00f9 lungo termine.<\/p>\n<h3>\n\t<\/h3>\n\t\t\t\t\t\t\t<img loading=\"lazy\" decoding=\"async\" src=\"https:\/\/www.babcock-wanson.com\/wp-content\/uploads\/2019\/03\/Portable-Contanerised-Boiler-Houses-2.jpg\" alt=\"Sale-Caldaie -Portatili-E-Containerizzate\" height=\"400\" width=\"600\" title=\"Sale-Caldaie -Portatili-E-Containerizzate-2\" data-srcset=\"https:\/\/www.babcock-wanson.com\/wp-content\/uploads\/2019\/03\/Portable-Contanerised-Boiler-Houses-2.jpg 600w, https:\/\/www.babcock-wanson.com\/wp-content\/uploads\/2019\/03\/Portable-Contanerised-Boiler-Houses-2-300x200.jpg 300w, https:\/\/www.babcock-wanson.com\/wp-content\/uploads\/2019\/03\/Portable-Contanerised-Boiler-Houses-2-420x280.jpg 420w, https:\/\/www.babcock-wanson.com\/wp-content\/uploads\/2019\/03\/Portable-Contanerised-Boiler-Houses-2-315x210.jpg 315w\" \/>\t\t\t\t\t\t\t\n\t\t\t\t\t\t\t<img loading=\"lazy\" decoding=\"async\" src=\"https:\/\/www.babcock-wanson.com\/wp-content\/uploads\/2019\/03\/Skid-Mounted-Packages-4.jpg\" alt=\"Pacchetti-Montati-Su-Skid\" height=\"400\" width=\"600\" title=\"Pacchetti-Montati-Su-Skid-4\" data-srcset=\"https:\/\/www.babcock-wanson.com\/wp-content\/uploads\/2019\/03\/Skid-Mounted-Packages-4.jpg 600w, https:\/\/www.babcock-wanson.com\/wp-content\/uploads\/2019\/03\/Skid-Mounted-Packages-4-300x200.jpg 300w, https:\/\/www.babcock-wanson.com\/wp-content\/uploads\/2019\/03\/Skid-Mounted-Packages-4-420x280.jpg 420w, https:\/\/www.babcock-wanson.com\/wp-content\/uploads\/2019\/03\/Skid-Mounted-Packages-4-315x210.jpg 315w\" \/>\t\t\t\t\t\t\t\n<h2>\n\t\tRealizzazioni Montati Su Skid\n\t<\/h2>\n\t<p>I sistemi di produzione di calore di processo montati su skid non sono solo di semplice e rapida installazione, ma hanno anche un ridottissimo ingombro grazie all\u2019ottimizzazione dello spazio in fase di progettazione. Un ulteriore vantaggio di questa caratteristica \u00e8 la possibilit\u00e0 di avere un sistema dalla capacit\u00e0 superiore in uno spazio pi\u00f9 piccolo.<\/p>\n<p>In caso di generatori di vapore o caldaie a vapore a tubi di fumo montati su skid con altezza libera in loco limitata, Babcock Wanson pu\u00f2 fornire un serbatoio dell&#8217;acqua di alimentazione a basso livello o montato a pavimento con una pompa di sovralimentazione semplice per fornire il calore richiesto alla pompa dell\u2019acqua di alimentazione della caldaia principale. Questo assicura la possibilit\u00e0 di utilizzare l\u2019acqua di alimentazione alla temperatura ttimale per eliminare l\u2019ossigeno disciolto, operazione che aiuta a ridurre al minimo il consumo di prodotti chimici per il trattamento dell&#8217;acqua.<\/p>\n<p>Per i generatori a fluido termico la stessa soluzione pu\u00f2 essere adottata con vaso di espansione pressurizzato a terra e serbatoio di stoccaggio fluido termico integrato nel basamento.<\/p>\n<h3>\n\t<\/h3>\n<h2>\n\tSERVE AIUTO?\n\t<\/h2>\n\t<h4><a href=\"https:\/\/www.babcock-wanson.com\/it\/contatta-babcock-wanson\/sedi\/\">Contattate uno dei nostri specialisti<\/a> nelle nostre sedi vicino a voi, che vi aiuter\u00e0 nella vostra ricerca.<\/h4>\n<h2>\n\t<b>Contattaci&#8230;<\/b>\n\t<\/h2>\n<h4>\n\tTutti gli aspetti della progettazione, dell&#8217;organizzazione e dei servizi dei nostri prodotti sono orientati alle esigenze dei nostri clienti.\n\t<\/h4>\n    Avviso: JavaScript \u00e8 obbligatorio per questo contenuto.\n        <!-- TODO: Move to Template File. -->\n        <\/div><!-- .vgblk-rw-wrapper -->","protected":false},"excerpt":{"rendered":"<p>Soluzioni Chiavi In Mano L&#8217;esperienza di Babcock Wanson nelle soluzioni per centrali termiche non si limita alla semplice fabbricazione delle caldaie o delle apparecchiature di generazione di calore. Infatti, ogni impianto \u00e8 differente e, per ottenere la massima efficienza, adattiamo e integriamo i nostri sistemi per soddisfare le esigenze dei nostri clienti. Sono pochissime le&#8230;<\/p>\n","protected":false},"author":1,"featured_media":0,"parent":24923,"menu_order":0,"comment_status":"closed","ping_status":"closed","template":"","meta":{"_acf_changed":false,"_relevanssi_hide_post":"","_relevanssi_hide_content":"","_relevanssi_pin_for_all":"","_relevanssi_pin_keywords":"","_relevanssi_unpin_keywords":"","_relevanssi_related_keywords":"","_relevanssi_related_include_ids":"","_relevanssi_related_exclude_ids":"","_relevanssi_related_no_append":"","_relevanssi_related_not_related":"","_relevanssi_related_posts":"","_relevanssi_noindex_reason":"","footnotes":""},"class_list":["post-25064","page","type-page","status-publish","hentry"],"acf":[],"yoast_head":"<!-- This site is optimized with the Yoast SEO Premium plugin v27.4 (Yoast SEO v27.4) - https:\/\/yoast.com\/product\/yoast-seo-premium-wordpress\/ -->\n<title>Soluzione chiavi in mano per caldaie industriale<\/title>\n<meta name=\"description\" content=\"Se avete un progetto di riscaldamento di caldaia o di processo che richiede una soluzione industriale chiavi in mano, venite a trovarci per trovare la soluzione di cui avete bisogno\" \/>\n<meta name=\"robots\" content=\"index, follow, max-snippet:-1, max-image-preview:large, max-video-preview:-1\" \/>\n<link rel=\"canonical\" href=\"https:\/\/www.babcock-wanson.com\/it\/prodotti\/soluzioni-chiavi-in-mano\/\" \/>\n<meta property=\"og:locale\" content=\"it_IT\" \/>\n<meta property=\"og:type\" content=\"article\" \/>\n<meta property=\"og:title\" content=\"Soluzioni Chiavi In Mano\" \/>\n<meta property=\"og:description\" content=\"Se avete un progetto di riscaldamento di caldaia o di processo che richiede una soluzione industriale chiavi in mano, venite a trovarci per trovare la soluzione di cui avete bisogno\" \/>\n<meta property=\"og:url\" content=\"https:\/\/www.babcock-wanson.com\/it\/prodotti\/soluzioni-chiavi-in-mano\/\" \/>\n<meta property=\"og:site_name\" content=\"Babcock Wanson\" \/>\n<meta property=\"article:modified_time\" content=\"2022-01-06T13:44:58+00:00\" \/>\n<meta property=\"og:image\" content=\"https:\/\/www.babcock-wanson.com\/wp-content\/uploads\/2019\/02\/LNTA-TA-4.jpg\" \/>\n<meta name=\"twitter:card\" content=\"summary_large_image\" \/>\n<meta name=\"twitter:label1\" content=\"Est. reading time\" \/>\n\t<meta name=\"twitter:data1\" content=\"4 minuti\" \/>\n<script type=\"application\/ld+json\" class=\"yoast-schema-graph\">{\"@context\":\"https:\\\/\\\/schema.org\",\"@graph\":[{\"@type\":\"WebPage\",\"@id\":\"https:\\\/\\\/www.babcock-wanson.com\\\/it\\\/prodotti\\\/soluzioni-chiavi-in-mano\\\/\",\"url\":\"https:\\\/\\\/www.babcock-wanson.com\\\/it\\\/prodotti\\\/soluzioni-chiavi-in-mano\\\/\",\"name\":\"Soluzione chiavi in mano per caldaie industriale\",\"isPartOf\":{\"@id\":\"https:\\\/\\\/www.babcock-wanson.com\\\/it\\\/#website\"},\"primaryImageOfPage\":{\"@id\":\"https:\\\/\\\/www.babcock-wanson.com\\\/it\\\/prodotti\\\/soluzioni-chiavi-in-mano\\\/#primaryimage\"},\"image\":{\"@id\":\"https:\\\/\\\/www.babcock-wanson.com\\\/it\\\/prodotti\\\/soluzioni-chiavi-in-mano\\\/#primaryimage\"},\"thumbnailUrl\":\"https:\\\/\\\/www.babcock-wanson.com\\\/wp-content\\\/uploads\\\/2019\\\/02\\\/LNTA-TA-4.jpg\",\"datePublished\":\"2020-03-18T15:04:01+00:00\",\"dateModified\":\"2022-01-06T13:44:58+00:00\",\"description\":\"Se avete un progetto di riscaldamento di caldaia o di processo che richiede una soluzione industriale chiavi in mano, venite a trovarci per trovare la soluzione di cui avete bisogno\",\"breadcrumb\":{\"@id\":\"https:\\\/\\\/www.babcock-wanson.com\\\/it\\\/prodotti\\\/soluzioni-chiavi-in-mano\\\/#breadcrumb\"},\"inLanguage\":\"it-IT\",\"potentialAction\":[{\"@type\":\"ReadAction\",\"target\":[\"https:\\\/\\\/www.babcock-wanson.com\\\/it\\\/prodotti\\\/soluzioni-chiavi-in-mano\\\/\"]}]},{\"@type\":\"ImageObject\",\"inLanguage\":\"it-IT\",\"@id\":\"https:\\\/\\\/www.babcock-wanson.com\\\/it\\\/prodotti\\\/soluzioni-chiavi-in-mano\\\/#primaryimage\",\"url\":\"https:\\\/\\\/www.babcock-wanson.com\\\/wp-content\\\/uploads\\\/2019\\\/02\\\/LNTA-TA-4.jpg\",\"contentUrl\":\"https:\\\/\\\/www.babcock-wanson.com\\\/wp-content\\\/uploads\\\/2019\\\/02\\\/LNTA-TA-4.jpg\"},{\"@type\":\"BreadcrumbList\",\"@id\":\"https:\\\/\\\/www.babcock-wanson.com\\\/it\\\/prodotti\\\/soluzioni-chiavi-in-mano\\\/#breadcrumb\",\"itemListElement\":[{\"@type\":\"ListItem\",\"position\":1,\"name\":\"Inicio\",\"item\":\"https:\\\/\\\/www.babcock-wanson.com\\\/it\\\/\"},{\"@type\":\"ListItem\",\"position\":2,\"name\":\"Prodotti\",\"item\":\"https:\\\/\\\/www.babcock-wanson.com\\\/it\\\/prodotti\\\/\"},{\"@type\":\"ListItem\",\"position\":3,\"name\":\"Soluzioni Chiavi In Mano\"}]},{\"@type\":\"WebSite\",\"@id\":\"https:\\\/\\\/www.babcock-wanson.com\\\/it\\\/#website\",\"url\":\"https:\\\/\\\/www.babcock-wanson.com\\\/it\\\/\",\"name\":\"Babcock Wanson\",\"description\":\"\",\"publisher\":{\"@id\":\"https:\\\/\\\/www.babcock-wanson.com\\\/it\\\/#organization\"},\"potentialAction\":[{\"@type\":\"SearchAction\",\"target\":{\"@type\":\"EntryPoint\",\"urlTemplate\":\"https:\\\/\\\/www.babcock-wanson.com\\\/it\\\/?s={search_term_string}\"},\"query-input\":{\"@type\":\"PropertyValueSpecification\",\"valueRequired\":true,\"valueName\":\"search_term_string\"}}],\"inLanguage\":\"it-IT\"},{\"@type\":\"Organization\",\"@id\":\"https:\\\/\\\/www.babcock-wanson.com\\\/it\\\/#organization\",\"name\":\"Babcock Wanson\",\"url\":\"https:\\\/\\\/www.babcock-wanson.com\\\/it\\\/\",\"logo\":{\"@type\":\"ImageObject\",\"inLanguage\":\"it-IT\",\"@id\":\"https:\\\/\\\/www.babcock-wanson.com\\\/it\\\/#\\\/schema\\\/logo\\\/image\\\/\",\"url\":\"https:\\\/\\\/www.babcock-wanson.com\\\/wp-content\\\/uploads\\\/2024\\\/02\\\/Babcock-Wanson-1200x1200-1.png\",\"contentUrl\":\"https:\\\/\\\/www.babcock-wanson.com\\\/wp-content\\\/uploads\\\/2024\\\/02\\\/Babcock-Wanson-1200x1200-1.png\",\"width\":1200,\"height\":1200,\"caption\":\"Babcock Wanson\"},\"image\":{\"@id\":\"https:\\\/\\\/www.babcock-wanson.com\\\/it\\\/#\\\/schema\\\/logo\\\/image\\\/\"},\"sameAs\":[\"https:\\\/\\\/www.linkedin.com\\\/company\\\/babcock-wanson\\\/\",\"https:\\\/\\\/www.youtube.com\\\/channel\\\/UCtxl25VieBBsP2kYmtlyv7A\"]}]}<\/script>\n<!-- \/ Yoast SEO Premium plugin. -->","yoast_head_json":{"title":"Soluzione chiavi in mano per caldaie industriale","description":"Se avete un progetto di riscaldamento di caldaia o di processo che richiede una soluzione industriale chiavi in mano, venite a trovarci per trovare la soluzione di cui avete bisogno","robots":{"index":"index","follow":"follow","max-snippet":"max-snippet:-1","max-image-preview":"max-image-preview:large","max-video-preview":"max-video-preview:-1"},"canonical":"https:\/\/www.babcock-wanson.com\/it\/prodotti\/soluzioni-chiavi-in-mano\/","og_locale":"it_IT","og_type":"article","og_title":"Soluzioni Chiavi In Mano","og_description":"Se avete un progetto di riscaldamento di caldaia o di processo che richiede una soluzione industriale chiavi in mano, venite a trovarci per trovare la soluzione di cui avete bisogno","og_url":"https:\/\/www.babcock-wanson.com\/it\/prodotti\/soluzioni-chiavi-in-mano\/","og_site_name":"Babcock Wanson","article_modified_time":"2022-01-06T13:44:58+00:00","og_image":[{"url":"https:\/\/www.babcock-wanson.com\/wp-content\/uploads\/2019\/02\/LNTA-TA-4.jpg","type":"","width":"","height":""}],"twitter_card":"summary_large_image","twitter_misc":{"Est. reading time":"4 minuti"},"schema":{"@context":"https:\/\/schema.org","@graph":[{"@type":"WebPage","@id":"https:\/\/www.babcock-wanson.com\/it\/prodotti\/soluzioni-chiavi-in-mano\/","url":"https:\/\/www.babcock-wanson.com\/it\/prodotti\/soluzioni-chiavi-in-mano\/","name":"Soluzione chiavi in mano per caldaie industriale","isPartOf":{"@id":"https:\/\/www.babcock-wanson.com\/it\/#website"},"primaryImageOfPage":{"@id":"https:\/\/www.babcock-wanson.com\/it\/prodotti\/soluzioni-chiavi-in-mano\/#primaryimage"},"image":{"@id":"https:\/\/www.babcock-wanson.com\/it\/prodotti\/soluzioni-chiavi-in-mano\/#primaryimage"},"thumbnailUrl":"https:\/\/www.babcock-wanson.com\/wp-content\/uploads\/2019\/02\/LNTA-TA-4.jpg","datePublished":"2020-03-18T15:04:01+00:00","dateModified":"2022-01-06T13:44:58+00:00","description":"Se avete un progetto di riscaldamento di caldaia o di processo che richiede una soluzione industriale chiavi in mano, venite a trovarci per trovare la soluzione di cui avete bisogno","breadcrumb":{"@id":"https:\/\/www.babcock-wanson.com\/it\/prodotti\/soluzioni-chiavi-in-mano\/#breadcrumb"},"inLanguage":"it-IT","potentialAction":[{"@type":"ReadAction","target":["https:\/\/www.babcock-wanson.com\/it\/prodotti\/soluzioni-chiavi-in-mano\/"]}]},{"@type":"ImageObject","inLanguage":"it-IT","@id":"https:\/\/www.babcock-wanson.com\/it\/prodotti\/soluzioni-chiavi-in-mano\/#primaryimage","url":"https:\/\/www.babcock-wanson.com\/wp-content\/uploads\/2019\/02\/LNTA-TA-4.jpg","contentUrl":"https:\/\/www.babcock-wanson.com\/wp-content\/uploads\/2019\/02\/LNTA-TA-4.jpg"},{"@type":"BreadcrumbList","@id":"https:\/\/www.babcock-wanson.com\/it\/prodotti\/soluzioni-chiavi-in-mano\/#breadcrumb","itemListElement":[{"@type":"ListItem","position":1,"name":"Inicio","item":"https:\/\/www.babcock-wanson.com\/it\/"},{"@type":"ListItem","position":2,"name":"Prodotti","item":"https:\/\/www.babcock-wanson.com\/it\/prodotti\/"},{"@type":"ListItem","position":3,"name":"Soluzioni Chiavi In Mano"}]},{"@type":"WebSite","@id":"https:\/\/www.babcock-wanson.com\/it\/#website","url":"https:\/\/www.babcock-wanson.com\/it\/","name":"Babcock Wanson","description":"","publisher":{"@id":"https:\/\/www.babcock-wanson.com\/it\/#organization"},"potentialAction":[{"@type":"SearchAction","target":{"@type":"EntryPoint","urlTemplate":"https:\/\/www.babcock-wanson.com\/it\/?s={search_term_string}"},"query-input":{"@type":"PropertyValueSpecification","valueRequired":true,"valueName":"search_term_string"}}],"inLanguage":"it-IT"},{"@type":"Organization","@id":"https:\/\/www.babcock-wanson.com\/it\/#organization","name":"Babcock Wanson","url":"https:\/\/www.babcock-wanson.com\/it\/","logo":{"@type":"ImageObject","inLanguage":"it-IT","@id":"https:\/\/www.babcock-wanson.com\/it\/#\/schema\/logo\/image\/","url":"https:\/\/www.babcock-wanson.com\/wp-content\/uploads\/2024\/02\/Babcock-Wanson-1200x1200-1.png","contentUrl":"https:\/\/www.babcock-wanson.com\/wp-content\/uploads\/2024\/02\/Babcock-Wanson-1200x1200-1.png","width":1200,"height":1200,"caption":"Babcock Wanson"},"image":{"@id":"https:\/\/www.babcock-wanson.com\/it\/#\/schema\/logo\/image\/"},"sameAs":["https:\/\/www.linkedin.com\/company\/babcock-wanson\/","https:\/\/www.youtube.com\/channel\/UCtxl25VieBBsP2kYmtlyv7A"]}]}},"jetpack_sharing_enabled":true,"_links":{"self":[{"href":"https:\/\/www.babcock-wanson.com\/it\/wp-json\/wp\/v2\/pages\/25064","targetHints":{"allow":["GET"]}}],"collection":[{"href":"https:\/\/www.babcock-wanson.com\/it\/wp-json\/wp\/v2\/pages"}],"about":[{"href":"https:\/\/www.babcock-wanson.com\/it\/wp-json\/wp\/v2\/types\/page"}],"author":[{"embeddable":true,"href":"https:\/\/www.babcock-wanson.com\/it\/wp-json\/wp\/v2\/users\/1"}],"replies":[{"embeddable":true,"href":"https:\/\/www.babcock-wanson.com\/it\/wp-json\/wp\/v2\/comments?post=25064"}],"version-history":[{"count":2,"href":"https:\/\/www.babcock-wanson.com\/it\/wp-json\/wp\/v2\/pages\/25064\/revisions"}],"predecessor-version":[{"id":41492,"href":"https:\/\/www.babcock-wanson.com\/it\/wp-json\/wp\/v2\/pages\/25064\/revisions\/41492"}],"up":[{"embeddable":true,"href":"https:\/\/www.babcock-wanson.com\/it\/wp-json\/wp\/v2\/pages\/24923"}],"wp:attachment":[{"href":"https:\/\/www.babcock-wanson.com\/it\/wp-json\/wp\/v2\/media?parent=25064"}],"curies":[{"name":"wp","href":"https:\/\/api.w.org\/{rel}","templated":true}]}}