{"id":25555,"date":"2020-03-19T12:49:14","date_gmt":"2020-03-19T12:49:14","guid":{"rendered":"https:\/\/www.babcock-wanson.com\/settori\/alimentare\/"},"modified":"2021-12-12T22:24:43","modified_gmt":"2021-12-12T22:24:43","slug":"alimentare","status":"publish","type":"page","link":"https:\/\/www.babcock-wanson.com\/it\/settori\/alimentare\/","title":{"rendered":"Alimentare"},"content":{"rendered":"<div class=\"vgblk-rw-wrapper limit-wrapper\"><h2>\n\tCaldaie Per L&#8217;industria <b>Alimentare<\/b>\n\t<\/h2>\n\t<p>L\u2019industria alimentare \u00e8 un settore molto ampio, a prescindere dai criteri utilizzati per misurarlo. Le operazioni di trasformazione alimentare implicano la conversione di materie prime agricole come carne, cereali, frutta, legumi, verdure, erbe e spezie in:<\/p>\n<ul>\n<li>Prodotti e conserve inscatolati, inseriti in sacchetti trattati termicamente e confezionati sottovuoto<\/li>\n<li>Prodotti alimentari pronti surgelati, fritti o cotti al forno<\/li>\n<li>Alimenti disidratati anche con essiccazione a spruzzo e liofilizzazione, nonch\u00e9 cottura al forno<\/li>\n<li>Alimenti fermentati o distillati, compresi vini, birre e liquori<\/li>\n<li>Alimenti formulati e forme di cibo modificato in altro modo<\/li>\n<\/ul>\n<p>&nbsp;<\/p>\n<p>Le aziende all\u2019interno di questo settore possono essere suddivise in numerose aree di attivit\u00e0, che comprendono:<\/p>\n<ul>\n<li>Industria della carne<\/li>\n<li>Frutta e verdura<\/li>\n<li>Cereali<\/li>\n<li>Settore oleario<\/li>\n<li>Cibo inscatolato<\/li>\n<li>Prodotti surgelati<\/li>\n<li>Industria dello zucchero<\/li>\n<li>Cioccolato e dolciumi<\/li>\n<li>Caff\u00e8, t\u00e8 e altre bevande<\/li>\n<li>Erbe, spezie, condimenti<\/li>\n<li><\/li>\n<\/ul>\n<p>Nonostante esista una vasta gamma di prodotti molto diversi tra loro, l\u2019industria alimentare \u00e8 essenzialmente un settore molto specifico, che combina tutti gli aspetti della scienza alimentare, della nutrizione e delle aree collegate. Indipendentemente dal prodotto, la salute e i vincoli sanitari e l\u2019ambiente in cui opera l\u2019industria sono fattori fondamentali.<\/p>\n<p>Le aziende dell\u2019industria alimentare spesso lavorano senza sosta, 24 ore al giorno. Richiedono quindi apparecchiature ad elevate prestazioni con un\u2019altissima disponibilit\u00e0 operativa. \u00c8 molto importante ottimizzare l\u2019efficienza energetica e fornire un servizio che riesca ad evitare guasti per garantire una disponibilit\u00e0 operativa fino al 100%.<\/p>\n<h3>Prodotti Consigliati<\/h3>\n<p>L\u2019industria alimentare richiede spesso processi ad alta temperatura. Per soddisfare le esigenze di applicazioni a bassa pressione e ad alta temperatura, Babcock Wanson offre i <a href=\"https:\/\/www.babcock-wanson.com\/it\/categoria-prodotto\/fluido-termico\/\" rel=\"noopener\" target=\"_blank\">caldaie a fluido termico<\/a>. Questa tecnologia \u00e8 particolarmente adatta per i vari tipi di apparecchiature utilizzati nell\u2019industria alimentare. I riscaldatori a fluido termico e le apparecchiature ausiliarie garantiscono un\u2019unica fonte di calore per mantenere diversi processi, come friggitrici a ciclo continuo e a lotti, forni ad aria calda e a convezione e altri tipi di apparecchi di cottura a temperature alte e controllate singolarmente con precisione.<\/p>\n<p>Per altri tipi di trasformazione alimentare che richiedono vapore, Babcock Wanson offre <a href=\"https:\/\/www.babcock-wanson.com\/it\/categoria-prodotto\/caldaie-a-serpentina\/\" rel=\"noopener\" target=\"_blank\">generatori di vapore a serpentina<\/a> e <a href=\"https:\/\/www.babcock-wanson.com\/it\/categoria-prodotto\/caldaie-a-vapore-a-tubi-di-fumo\/\" rel=\"noopener\" target=\"_blank\">caldaie a tubi di fumo<\/a> che permettono di selezionare l&#8217;apparecchiatura pi\u00f9 appropriata per ogni applicazione. Babcock Wanson ha anche sviluppato delle tecnologie e modalit\u00e0 operative chiave che permettono il controllo automatizzato di qualit\u00e0 e sicurezza. Tutte le apparecchiature Babcock Wanson sono sviluppate per contribuire alla creazione di un\u2019industria alimentare sostenibile.<\/p>\n<p>Babcock Wanson s&#8217;impegna costantemente a favore di innovazione e sviluppo offrendo una gamma di sistemi di ottimizzazione energetica che comprendono <a href=\"https:\/\/www.babcock-wanson.com\/it\/prodotti\/sistemi-di-recupero-del-calore\/economizzatore\/\" rel=\"noopener\" target=\"_blank\">economizzatori<\/a> di fumi e preriscaldamento acqua e il sistema R-ECO. Tutte le caldaie Babcock Wanson, sia le caldaie a vapore che i riscaldatori a fluido termico, sono compatibili con <a href=\"https:\/\/www.babcock-wanson.com\/it\/categoria-prodotto\/sistemi-di-recupero-del-calore\/\" rel=\"noopener\" target=\"_blank\">sistemi di recupero del calore<\/a> (scambiatori, economizzatori, preriscaldatori).<\/p>\n<p>L\u2019industria alimentare richiede anche un\u2019ampia quantit\u00e0 di acqua di trattamento per vari processi. L&#8217;acqua \u00e8 usata per il condizionamento di materie prime, l\u2019energia e il riscaldamento di processo, l\u2019acqua di alimentazione di caldaie, il raffreddamento, l\u2019igienizzazione, il recupero di condensa, ecc. Babcock Wanson fornisce tutte le apparecchiature per il \u00a0<a href=\"https:\/\/www.babcock-wanson.com\/it\/categoria-prodotto\/trattamento-acqua-industriale\/\" rel=\"noopener\" target=\"_blank\">trattamento del&#8217;acqua<\/a> necessarie all\u2019industria alimentare.<\/p>\n<h3>Servizi Disponibili<\/h3>\n<p>Per garantire un\u2019elevata disponibilit\u00e0 operativa delle apparecchiature, Babcock Wanson si impegna a offrire <a href=\"https:\/\/www.babcock-wanson.com\/it\/servizi\/\">assistenza e supporto tecnico <\/a> che possono essere personalizzati secondo le esigenze del cliente.<\/p>\n<ul>\n<li>Assistenza telefonica e rapidit\u00e0 di risposta: l&#8217;adozione di un rigoroso piano programmato di assistenza e manutenzione vi garantir\u00e0 una maggiore affidabilit\u00e0 ed efficienza dell\u2019apparecchiatura.<\/li>\n<li>Impegno di disponibilit\u00e0: i tecnici di assistenza dell\u2019ampia rete di Babcock Wanson sono altamente qualificati e formati per rispondere a qualsiasi esigenza di assistenza per caldaie o generatori d\u2019aria calda.<\/li>\n<\/ul>\n<h3>\n\t\tClienti Di Caldaie Per L\u2019Industria Alimentare\n\t<\/h3>\n\t\t\t\t\t\t\t<img loading=\"lazy\" decoding=\"async\" src=\"https:\/\/www.babcock-wanson.com\/wp-content\/uploads\/2019\/02\/Andros-logo.png\" data-srcset=\"https:\/\/www.babcock-wanson.com\/wp-content\/uploads\/2019\/02\/Andros-logo.png\" alt=\"Andros-logo\" height=\"50\" width=\"96\" title=\"Andros-logo\" \/>\t\t\t\t\t\t\t\n\t\t\t\t\t\t\t<img loading=\"lazy\" decoding=\"async\" src=\"https:\/\/www.babcock-wanson.com\/wp-content\/uploads\/2019\/02\/Nestle-logo.png\" data-srcset=\"https:\/\/www.babcock-wanson.com\/wp-content\/uploads\/2019\/02\/Nestle-logo.png\" alt=\"Nestle-logo\" height=\"50\" width=\"174\" title=\"Nestle-logo\" \/>\t\t\t\t\t\t\t\n\t\t\t\t\t\t\t<img loading=\"lazy\" decoding=\"async\" src=\"https:\/\/www.babcock-wanson.com\/wp-content\/uploads\/2019\/02\/cargill-logo.png\" data-srcset=\"https:\/\/www.babcock-wanson.com\/wp-content\/uploads\/2019\/02\/cargill-logo.png\" alt=\"cargill-logo\" height=\"50\" width=\"112\" title=\"cargill-logo\" \/>\t\t\t\t\t\t\t\n\t\t\t\t\t\t\t<img loading=\"lazy\" decoding=\"async\" src=\"https:\/\/www.babcock-wanson.com\/wp-content\/uploads\/2019\/02\/lindt-sprungli-logo.png\" data-srcset=\"https:\/\/www.babcock-wanson.com\/wp-content\/uploads\/2019\/02\/lindt-sprungli-logo.png\" alt=\"lindt-sprungli-logo\" height=\"50\" width=\"169\" title=\"lindt-sprungli-logo\" \/>\t\t\t\t\t\t\t\n\t\t\t\t\t\t\t<img loading=\"lazy\" decoding=\"async\" src=\"https:\/\/www.babcock-wanson.com\/wp-content\/uploads\/2019\/02\/Mondelez-logo.png\" data-srcset=\"https:\/\/www.babcock-wanson.com\/wp-content\/uploads\/2019\/02\/Mondelez-logo.png\" alt=\"Mondelez-logo\" height=\"50\" width=\"203\" title=\"Mondelez-logo\" \/>\t\t\t\t\t\t\t\n\t\t\t\t\t\t\t<img loading=\"lazy\" decoding=\"async\" src=\"https:\/\/www.babcock-wanson.com\/wp-content\/uploads\/2019\/02\/roquette.png\" data-srcset=\"https:\/\/www.babcock-wanson.com\/wp-content\/uploads\/2019\/02\/roquette.png\" alt=\"roquette logo\" height=\"50\" width=\"92\" title=\"roquette logo\" \/>\t\t\t\t\t\t\t\n<h2>\n\tProdotti <b>Correlati<\/b>\n\t<\/h2>\n\t\t\t\t\t\t<a href=\"https:\/\/www.babcock-wanson.com\/it\/prodotti\/fluido-termico\/serie-tpc-b\/\"><img loading=\"lazy\" decoding=\"async\" width=\"315\" height=\"211\" src=\"https:\/\/www.babcock-wanson.com\/wp-content\/uploads\/2018\/08\/TC-B-Series-side-by-side-315x211.jpg\" alt=\"\" data-attachment-id=\"25338\" data-permalink=\"https:\/\/www.babcock-wanson.com\/it\/?attachment_id=25338\" data-orig-file=\"https:\/\/www.babcock-wanson.com\/wp-content\/uploads\/2018\/08\/TC-B-Series-side-by-side.jpg\" data-orig-size=\"600,401\" data-comments-opened=\"0\" data-image-meta=\"{&quot;aperture&quot;:&quot;0&quot;,&quot;credit&quot;:&quot;&quot;,&quot;camera&quot;:&quot;&quot;,&quot;caption&quot;:&quot;&quot;,&quot;created_timestamp&quot;:&quot;0&quot;,&quot;copyright&quot;:&quot;&quot;,&quot;focal_length&quot;:&quot;0&quot;,&quot;iso&quot;:&quot;0&quot;,&quot;shutter_speed&quot;:&quot;0&quot;,&quot;title&quot;:&quot;&quot;,&quot;orientation&quot;:&quot;1&quot;}\" data-image-title=\"TPC-B Serie\" data-image-description=\"\" data-medium-file=\"https:\/\/www.babcock-wanson.com\/wp-content\/uploads\/2018\/08\/TC-B-Series-side-by-side-300x201.jpg\" data-large-file=\"https:\/\/www.babcock-wanson.com\/wp-content\/uploads\/2018\/08\/TC-B-Series-side-by-side.jpg\" \/><\/a><a href=\"https:\/\/www.babcock-wanson.com\/it\/prodotti\/fluido-termico\/serie-tpc-b\/\" data-quantity=\"1\" data-product_id=\"26109\" data-product_sku=\"TPC-B Series\" aria-label=\"Leggi di pi\u00f9 su &quot;Serie TPC-B&quot;\" rel=\"nofollow\">Leggi di pi\u00f9<\/a><a href=\"https:\/\/www.babcock-wanson.com\/it\/prodotti\/fluido-termico\/serie-tpc-b\/\"><h3>Serie TPC-B<\/h3>\n\t\t<\/a>\n\t\t\t\t\t\t<a href=\"https:\/\/www.babcock-wanson.com\/it\/prodotti\/ossidatori-termici\/ossidatori-rigenerativi\/\"><img loading=\"lazy\" decoding=\"async\" width=\"315\" height=\"210\" src=\"https:\/\/www.babcock-wanson.com\/wp-content\/uploads\/2018\/09\/Regenerative-Oxidisers-12-315x210.jpg\" alt=\"Regenerative Oxidisers\" data-attachment-id=\"25368\" data-permalink=\"https:\/\/www.babcock-wanson.com\/it\/?attachment_id=25368\" data-orig-file=\"https:\/\/www.babcock-wanson.com\/wp-content\/uploads\/2018\/09\/Regenerative-Oxidisers-12.jpg\" data-orig-size=\"600,400\" data-comments-opened=\"0\" data-image-meta=\"{&quot;aperture&quot;:&quot;0&quot;,&quot;credit&quot;:&quot;&quot;,&quot;camera&quot;:&quot;&quot;,&quot;caption&quot;:&quot;&quot;,&quot;created_timestamp&quot;:&quot;0&quot;,&quot;copyright&quot;:&quot;&quot;,&quot;focal_length&quot;:&quot;0&quot;,&quot;iso&quot;:&quot;0&quot;,&quot;shutter_speed&quot;:&quot;0&quot;,&quot;title&quot;:&quot;&quot;,&quot;orientation&quot;:&quot;0&quot;}\" data-image-title=\"Regenerative Oxidisers (12)\" data-image-description=\"\" data-medium-file=\"https:\/\/www.babcock-wanson.com\/wp-content\/uploads\/2018\/09\/Regenerative-Oxidisers-12-300x200.jpg\" data-large-file=\"https:\/\/www.babcock-wanson.com\/wp-content\/uploads\/2018\/09\/Regenerative-Oxidisers-12.jpg\" \/><\/a><a href=\"https:\/\/www.babcock-wanson.com\/it\/prodotti\/ossidatori-termici\/ossidatori-rigenerativi\/\" data-quantity=\"1\" data-product_id=\"26221\" data-product_sku=\"\" aria-label=\"Leggi di pi\u00f9 su &quot;Ossidatori Rigenerativi&quot;\" rel=\"nofollow\">Leggi di pi\u00f9<\/a><a href=\"https:\/\/www.babcock-wanson.com\/it\/prodotti\/ossidatori-termici\/ossidatori-rigenerativi\/\"><h3>Ossidatori Rigenerativi<\/h3>\n\t\t<\/a>\n\t\t\t\t\t\t<a href=\"https:\/\/www.babcock-wanson.com\/it\/prodotti\/caldaie-a-vapore-a-tubi-di-fumo\/serie-nbwb\/\"><img loading=\"lazy\" decoding=\"async\" width=\"315\" height=\"210\" src=\"https:\/\/www.babcock-wanson.com\/wp-content\/uploads\/2018\/08\/NBWB-Fire-Tube-Boiler-3-315x210.png\" alt=\"NBWB-Tubi-Di-Fumo\" data-attachment-id=\"25341\" data-permalink=\"https:\/\/www.babcock-wanson.com\/it\/?attachment_id=25341\" data-orig-file=\"https:\/\/www.babcock-wanson.com\/wp-content\/uploads\/2018\/08\/NBWB-Fire-Tube-Boiler-3.png\" data-orig-size=\"600,400\" data-comments-opened=\"0\" data-image-meta=\"{&quot;aperture&quot;:&quot;0&quot;,&quot;credit&quot;:&quot;&quot;,&quot;camera&quot;:&quot;&quot;,&quot;caption&quot;:&quot;&quot;,&quot;created_timestamp&quot;:&quot;0&quot;,&quot;copyright&quot;:&quot;&quot;,&quot;focal_length&quot;:&quot;0&quot;,&quot;iso&quot;:&quot;0&quot;,&quot;shutter_speed&quot;:&quot;0&quot;,&quot;title&quot;:&quot;&quot;,&quot;orientation&quot;:&quot;0&quot;}\" data-image-title=\"NBWB-Tubi-Di-Fumo-3\" data-image-description=\"\" data-medium-file=\"https:\/\/www.babcock-wanson.com\/wp-content\/uploads\/2018\/08\/NBWB-Fire-Tube-Boiler-3-300x200.png\" data-large-file=\"https:\/\/www.babcock-wanson.com\/wp-content\/uploads\/2018\/08\/NBWB-Fire-Tube-Boiler-3.png\" \/><\/a><a href=\"https:\/\/www.babcock-wanson.com\/it\/prodotti\/caldaie-a-vapore-a-tubi-di-fumo\/serie-nbwb\/\" data-quantity=\"1\" data-product_id=\"26023\" data-product_sku=\"\" aria-label=\"Leggi di pi\u00f9 su &quot;Serie NBWB&quot;\" rel=\"nofollow\">Leggi di pi\u00f9<\/a><a href=\"https:\/\/www.babcock-wanson.com\/it\/prodotti\/caldaie-a-vapore-a-tubi-di-fumo\/serie-nbwb\/\"><h3>Serie NBWB<\/h3>\n\t\t<\/a>\n\t\t\t\t\t\t<a href=\"https:\/\/www.babcock-wanson.com\/it\/prodotti\/ossidatori-termici\/ossidatori-recuperativi\/\"><img loading=\"lazy\" decoding=\"async\" width=\"315\" height=\"210\" src=\"https:\/\/www.babcock-wanson.com\/wp-content\/uploads\/2018\/09\/Recuperative-Oxidisers-2-315x210.jpg\" alt=\"Ossidatori recuperativi\" data-attachment-id=\"25371\" data-permalink=\"https:\/\/www.babcock-wanson.com\/it\/?attachment_id=25371\" data-orig-file=\"https:\/\/www.babcock-wanson.com\/wp-content\/uploads\/2018\/09\/Recuperative-Oxidisers-2.jpg\" data-orig-size=\"600,400\" data-comments-opened=\"0\" data-image-meta=\"{&quot;aperture&quot;:&quot;0&quot;,&quot;credit&quot;:&quot;&quot;,&quot;camera&quot;:&quot;&quot;,&quot;caption&quot;:&quot;&quot;,&quot;created_timestamp&quot;:&quot;0&quot;,&quot;copyright&quot;:&quot;&quot;,&quot;focal_length&quot;:&quot;0&quot;,&quot;iso&quot;:&quot;0&quot;,&quot;shutter_speed&quot;:&quot;0&quot;,&quot;title&quot;:&quot;&quot;,&quot;orientation&quot;:&quot;0&quot;}\" data-image-title=\"Ossidatori recuperativi (2)\" data-image-description=\"\" data-medium-file=\"https:\/\/www.babcock-wanson.com\/wp-content\/uploads\/2018\/09\/Recuperative-Oxidisers-2-300x200.jpg\" data-large-file=\"https:\/\/www.babcock-wanson.com\/wp-content\/uploads\/2018\/09\/Recuperative-Oxidisers-2.jpg\" \/><\/a><a href=\"https:\/\/www.babcock-wanson.com\/it\/prodotti\/ossidatori-termici\/ossidatori-recuperativi\/\" data-quantity=\"1\" data-product_id=\"26218\" data-product_sku=\"\" aria-label=\"Leggi di pi\u00f9 su &quot;Ossidatori Recuperativi&quot;\" rel=\"nofollow\">Leggi di pi\u00f9<\/a><a href=\"https:\/\/www.babcock-wanson.com\/it\/prodotti\/ossidatori-termici\/ossidatori-recuperativi\/\"><h3>Ossidatori Recuperativi<\/h3>\n\t\t<\/a>\n<\/div><!-- .vgblk-rw-wrapper -->","protected":false},"excerpt":{"rendered":"<p>Caldaie Per L&#8217;industria Alimentare L\u2019industria alimentare \u00e8 un settore molto ampio, a prescindere dai criteri utilizzati per misurarlo. Le operazioni di trasformazione alimentare implicano la conversione di materie prime agricole come carne, cereali, frutta, legumi, verdure, erbe e spezie in: Prodotti e conserve inscatolati, inseriti in sacchetti trattati termicamente e confezionati sottovuoto Prodotti alimentari pronti&#8230;<\/p>\n","protected":false},"author":1,"featured_media":0,"parent":24848,"menu_order":0,"comment_status":"closed","ping_status":"closed","template":"","meta":{"_acf_changed":false,"_relevanssi_hide_post":"","_relevanssi_hide_content":"","_relevanssi_pin_for_all":"","_relevanssi_pin_keywords":"","_relevanssi_unpin_keywords":"","_relevanssi_related_keywords":"","_relevanssi_related_include_ids":"","_relevanssi_related_exclude_ids":"","_relevanssi_related_no_append":"","_relevanssi_related_not_related":"","_relevanssi_related_posts":"","_relevanssi_noindex_reason":"","footnotes":""},"class_list":["post-25555","page","type-page","status-publish","hentry"],"acf":[],"yoast_head":"<!-- This site is optimized with the Yoast SEO Premium plugin v27.4 (Yoast SEO v27.4) - https:\/\/yoast.com\/product\/yoast-seo-premium-wordpress\/ -->\n<title>Alimentare - Babcock Wanson<\/title>\n<meta name=\"description\" content=\"L&#039;industria alimentare \u00e8 un settore molto vasto e le nostre caldaie per l&#039;industria alimentare sono progettate per aggiungere valore in tutte le aree del settore. Venite a trovarci per saperne di pi\u00f9\" \/>\n<meta name=\"robots\" content=\"index, follow, max-snippet:-1, max-image-preview:large, max-video-preview:-1\" \/>\n<link rel=\"canonical\" href=\"https:\/\/www.babcock-wanson.com\/it\/settori\/alimentare\/\" \/>\n<meta property=\"og:locale\" content=\"it_IT\" \/>\n<meta property=\"og:type\" content=\"article\" \/>\n<meta property=\"og:title\" content=\"Alimentare\" \/>\n<meta property=\"og:description\" content=\"L&#039;industria alimentare \u00e8 un settore molto vasto e le nostre caldaie per l&#039;industria alimentare sono progettate per aggiungere valore in tutte le aree del settore. Venite a trovarci per saperne di pi\u00f9\" \/>\n<meta property=\"og:url\" content=\"https:\/\/www.babcock-wanson.com\/it\/settori\/alimentare\/\" \/>\n<meta property=\"og:site_name\" content=\"Babcock Wanson\" \/>\n<meta property=\"article:modified_time\" content=\"2021-12-12T22:24:43+00:00\" \/>\n<meta property=\"og:image\" content=\"https:\/\/www.babcock-wanson.com\/wp-content\/uploads\/2019\/02\/Andros-logo.png\" \/>\n<meta name=\"twitter:card\" content=\"summary_large_image\" \/>\n<meta name=\"twitter:label1\" content=\"Est. reading time\" \/>\n\t<meta name=\"twitter:data1\" content=\"3 minuti\" \/>\n<script type=\"application\/ld+json\" class=\"yoast-schema-graph\">{\"@context\":\"https:\\\/\\\/schema.org\",\"@graph\":[{\"@type\":\"WebPage\",\"@id\":\"https:\\\/\\\/www.babcock-wanson.com\\\/it\\\/settori\\\/alimentare\\\/\",\"url\":\"https:\\\/\\\/www.babcock-wanson.com\\\/it\\\/settori\\\/alimentare\\\/\",\"name\":\"Alimentare - Babcock Wanson\",\"isPartOf\":{\"@id\":\"https:\\\/\\\/www.babcock-wanson.com\\\/it\\\/#website\"},\"primaryImageOfPage\":{\"@id\":\"https:\\\/\\\/www.babcock-wanson.com\\\/it\\\/settori\\\/alimentare\\\/#primaryimage\"},\"image\":{\"@id\":\"https:\\\/\\\/www.babcock-wanson.com\\\/it\\\/settori\\\/alimentare\\\/#primaryimage\"},\"thumbnailUrl\":\"https:\\\/\\\/www.babcock-wanson.com\\\/wp-content\\\/uploads\\\/2019\\\/02\\\/Andros-logo.png\",\"datePublished\":\"2020-03-19T12:49:14+00:00\",\"dateModified\":\"2021-12-12T22:24:43+00:00\",\"description\":\"L'industria alimentare \u00e8 un settore molto vasto e le nostre caldaie per l'industria alimentare sono progettate per aggiungere valore in tutte le aree del settore. Venite a trovarci per saperne di pi\u00f9\",\"breadcrumb\":{\"@id\":\"https:\\\/\\\/www.babcock-wanson.com\\\/it\\\/settori\\\/alimentare\\\/#breadcrumb\"},\"inLanguage\":\"it-IT\",\"potentialAction\":[{\"@type\":\"ReadAction\",\"target\":[\"https:\\\/\\\/www.babcock-wanson.com\\\/it\\\/settori\\\/alimentare\\\/\"]}]},{\"@type\":\"ImageObject\",\"inLanguage\":\"it-IT\",\"@id\":\"https:\\\/\\\/www.babcock-wanson.com\\\/it\\\/settori\\\/alimentare\\\/#primaryimage\",\"url\":\"https:\\\/\\\/www.babcock-wanson.com\\\/wp-content\\\/uploads\\\/2019\\\/02\\\/Andros-logo.png\",\"contentUrl\":\"https:\\\/\\\/www.babcock-wanson.com\\\/wp-content\\\/uploads\\\/2019\\\/02\\\/Andros-logo.png\"},{\"@type\":\"BreadcrumbList\",\"@id\":\"https:\\\/\\\/www.babcock-wanson.com\\\/it\\\/settori\\\/alimentare\\\/#breadcrumb\",\"itemListElement\":[{\"@type\":\"ListItem\",\"position\":1,\"name\":\"Inicio\",\"item\":\"https:\\\/\\\/www.babcock-wanson.com\\\/it\\\/\"},{\"@type\":\"ListItem\",\"position\":2,\"name\":\"Settori\",\"item\":\"https:\\\/\\\/www.babcock-wanson.com\\\/it\\\/settori\\\/\"},{\"@type\":\"ListItem\",\"position\":3,\"name\":\"Alimentare\"}]},{\"@type\":\"WebSite\",\"@id\":\"https:\\\/\\\/www.babcock-wanson.com\\\/it\\\/#website\",\"url\":\"https:\\\/\\\/www.babcock-wanson.com\\\/it\\\/\",\"name\":\"Babcock Wanson\",\"description\":\"\",\"publisher\":{\"@id\":\"https:\\\/\\\/www.babcock-wanson.com\\\/it\\\/#organization\"},\"potentialAction\":[{\"@type\":\"SearchAction\",\"target\":{\"@type\":\"EntryPoint\",\"urlTemplate\":\"https:\\\/\\\/www.babcock-wanson.com\\\/it\\\/?s={search_term_string}\"},\"query-input\":{\"@type\":\"PropertyValueSpecification\",\"valueRequired\":true,\"valueName\":\"search_term_string\"}}],\"inLanguage\":\"it-IT\"},{\"@type\":\"Organization\",\"@id\":\"https:\\\/\\\/www.babcock-wanson.com\\\/it\\\/#organization\",\"name\":\"Babcock Wanson\",\"url\":\"https:\\\/\\\/www.babcock-wanson.com\\\/it\\\/\",\"logo\":{\"@type\":\"ImageObject\",\"inLanguage\":\"it-IT\",\"@id\":\"https:\\\/\\\/www.babcock-wanson.com\\\/it\\\/#\\\/schema\\\/logo\\\/image\\\/\",\"url\":\"https:\\\/\\\/www.babcock-wanson.com\\\/wp-content\\\/uploads\\\/2024\\\/02\\\/Babcock-Wanson-1200x1200-1.png\",\"contentUrl\":\"https:\\\/\\\/www.babcock-wanson.com\\\/wp-content\\\/uploads\\\/2024\\\/02\\\/Babcock-Wanson-1200x1200-1.png\",\"width\":1200,\"height\":1200,\"caption\":\"Babcock Wanson\"},\"image\":{\"@id\":\"https:\\\/\\\/www.babcock-wanson.com\\\/it\\\/#\\\/schema\\\/logo\\\/image\\\/\"},\"sameAs\":[\"https:\\\/\\\/www.linkedin.com\\\/company\\\/babcock-wanson\\\/\",\"https:\\\/\\\/www.youtube.com\\\/channel\\\/UCtxl25VieBBsP2kYmtlyv7A\"]}]}<\/script>\n<!-- \/ Yoast SEO Premium plugin. -->","yoast_head_json":{"title":"Alimentare - Babcock Wanson","description":"L'industria alimentare \u00e8 un settore molto vasto e le nostre caldaie per l'industria alimentare sono progettate per aggiungere valore in tutte le aree del settore. Venite a trovarci per saperne di pi\u00f9","robots":{"index":"index","follow":"follow","max-snippet":"max-snippet:-1","max-image-preview":"max-image-preview:large","max-video-preview":"max-video-preview:-1"},"canonical":"https:\/\/www.babcock-wanson.com\/it\/settori\/alimentare\/","og_locale":"it_IT","og_type":"article","og_title":"Alimentare","og_description":"L'industria alimentare \u00e8 un settore molto vasto e le nostre caldaie per l'industria alimentare sono progettate per aggiungere valore in tutte le aree del settore. Venite a trovarci per saperne di pi\u00f9","og_url":"https:\/\/www.babcock-wanson.com\/it\/settori\/alimentare\/","og_site_name":"Babcock Wanson","article_modified_time":"2021-12-12T22:24:43+00:00","og_image":[{"url":"https:\/\/www.babcock-wanson.com\/wp-content\/uploads\/2019\/02\/Andros-logo.png","type":"","width":"","height":""}],"twitter_card":"summary_large_image","twitter_misc":{"Est. reading time":"3 minuti"},"schema":{"@context":"https:\/\/schema.org","@graph":[{"@type":"WebPage","@id":"https:\/\/www.babcock-wanson.com\/it\/settori\/alimentare\/","url":"https:\/\/www.babcock-wanson.com\/it\/settori\/alimentare\/","name":"Alimentare - Babcock Wanson","isPartOf":{"@id":"https:\/\/www.babcock-wanson.com\/it\/#website"},"primaryImageOfPage":{"@id":"https:\/\/www.babcock-wanson.com\/it\/settori\/alimentare\/#primaryimage"},"image":{"@id":"https:\/\/www.babcock-wanson.com\/it\/settori\/alimentare\/#primaryimage"},"thumbnailUrl":"https:\/\/www.babcock-wanson.com\/wp-content\/uploads\/2019\/02\/Andros-logo.png","datePublished":"2020-03-19T12:49:14+00:00","dateModified":"2021-12-12T22:24:43+00:00","description":"L'industria alimentare \u00e8 un settore molto vasto e le nostre caldaie per l'industria alimentare sono progettate per aggiungere valore in tutte le aree del settore. Venite a trovarci per saperne di pi\u00f9","breadcrumb":{"@id":"https:\/\/www.babcock-wanson.com\/it\/settori\/alimentare\/#breadcrumb"},"inLanguage":"it-IT","potentialAction":[{"@type":"ReadAction","target":["https:\/\/www.babcock-wanson.com\/it\/settori\/alimentare\/"]}]},{"@type":"ImageObject","inLanguage":"it-IT","@id":"https:\/\/www.babcock-wanson.com\/it\/settori\/alimentare\/#primaryimage","url":"https:\/\/www.babcock-wanson.com\/wp-content\/uploads\/2019\/02\/Andros-logo.png","contentUrl":"https:\/\/www.babcock-wanson.com\/wp-content\/uploads\/2019\/02\/Andros-logo.png"},{"@type":"BreadcrumbList","@id":"https:\/\/www.babcock-wanson.com\/it\/settori\/alimentare\/#breadcrumb","itemListElement":[{"@type":"ListItem","position":1,"name":"Inicio","item":"https:\/\/www.babcock-wanson.com\/it\/"},{"@type":"ListItem","position":2,"name":"Settori","item":"https:\/\/www.babcock-wanson.com\/it\/settori\/"},{"@type":"ListItem","position":3,"name":"Alimentare"}]},{"@type":"WebSite","@id":"https:\/\/www.babcock-wanson.com\/it\/#website","url":"https:\/\/www.babcock-wanson.com\/it\/","name":"Babcock Wanson","description":"","publisher":{"@id":"https:\/\/www.babcock-wanson.com\/it\/#organization"},"potentialAction":[{"@type":"SearchAction","target":{"@type":"EntryPoint","urlTemplate":"https:\/\/www.babcock-wanson.com\/it\/?s={search_term_string}"},"query-input":{"@type":"PropertyValueSpecification","valueRequired":true,"valueName":"search_term_string"}}],"inLanguage":"it-IT"},{"@type":"Organization","@id":"https:\/\/www.babcock-wanson.com\/it\/#organization","name":"Babcock Wanson","url":"https:\/\/www.babcock-wanson.com\/it\/","logo":{"@type":"ImageObject","inLanguage":"it-IT","@id":"https:\/\/www.babcock-wanson.com\/it\/#\/schema\/logo\/image\/","url":"https:\/\/www.babcock-wanson.com\/wp-content\/uploads\/2024\/02\/Babcock-Wanson-1200x1200-1.png","contentUrl":"https:\/\/www.babcock-wanson.com\/wp-content\/uploads\/2024\/02\/Babcock-Wanson-1200x1200-1.png","width":1200,"height":1200,"caption":"Babcock Wanson"},"image":{"@id":"https:\/\/www.babcock-wanson.com\/it\/#\/schema\/logo\/image\/"},"sameAs":["https:\/\/www.linkedin.com\/company\/babcock-wanson\/","https:\/\/www.youtube.com\/channel\/UCtxl25VieBBsP2kYmtlyv7A"]}]}},"jetpack_sharing_enabled":true,"_links":{"self":[{"href":"https:\/\/www.babcock-wanson.com\/it\/wp-json\/wp\/v2\/pages\/25555","targetHints":{"allow":["GET"]}}],"collection":[{"href":"https:\/\/www.babcock-wanson.com\/it\/wp-json\/wp\/v2\/pages"}],"about":[{"href":"https:\/\/www.babcock-wanson.com\/it\/wp-json\/wp\/v2\/types\/page"}],"author":[{"embeddable":true,"href":"https:\/\/www.babcock-wanson.com\/it\/wp-json\/wp\/v2\/users\/1"}],"replies":[{"embeddable":true,"href":"https:\/\/www.babcock-wanson.com\/it\/wp-json\/wp\/v2\/comments?post=25555"}],"version-history":[{"count":1,"href":"https:\/\/www.babcock-wanson.com\/it\/wp-json\/wp\/v2\/pages\/25555\/revisions"}],"predecessor-version":[{"id":41291,"href":"https:\/\/www.babcock-wanson.com\/it\/wp-json\/wp\/v2\/pages\/25555\/revisions\/41291"}],"up":[{"embeddable":true,"href":"https:\/\/www.babcock-wanson.com\/it\/wp-json\/wp\/v2\/pages\/24848"}],"wp:attachment":[{"href":"https:\/\/www.babcock-wanson.com\/it\/wp-json\/wp\/v2\/media?parent=25555"}],"curies":[{"name":"wp","href":"https:\/\/api.w.org\/{rel}","templated":true}]}}