{"id":25926,"date":"2020-03-19T17:07:17","date_gmt":"2020-03-19T17:07:17","guid":{"rendered":"https:\/\/www.babcock-wanson.com\/lavora-con-noi\/"},"modified":"2023-07-07T13:34:13","modified_gmt":"2023-07-07T12:34:13","slug":"lavora-con-noi","status":"publish","type":"page","link":"https:\/\/www.babcock-wanson.com\/it\/lavora-con-noi\/","title":{"rendered":"Lavora Con Noi"},"content":{"rendered":"<div class=\"vgblk-rw-wrapper limit-wrapper\">\n\t<h3>Al tempo stesso produttore e fornitore di servizi, Babcock Wanson commercializza i propri prodotti ed \u00e8 attualmente riconosciuto come uno dei principali operatori del settore delle sale caldaie industriali.<\/h3>\n<h4>La nostra posizione esclusiva nel settore ci permette di offrire un\u2019amplissima variet\u00e0 di impieghi.<\/h4>\n\t<p>Babcock Wanson fornisce tutte le soluzioni di caldaie, bruciatori, trattamento acqua, sistemi di controllo e regolazione, assistenza operativa, verifica normativa, gestione energetica, manutenzione, audit, formazione e noleggio, secondo un approccio globale di efficienza energetic<\/p>\n<h4>Qualunque sia il vostro profilo, tecnico, commerciale o di assistenza, Babcock Wanson ha l&#8217;impiego giusto per voi.<\/h4>\n<h4>Scoprite le nostre professioni!<\/h4>\n\t\t\t\t\t\t\t<img decoding=\"async\" src=\"https:\/\/www.babcock-wanson.com\/wp-content\/uploads\/2023\/07\/0.jpg\" alt=\"\" \/>\n\t<blockquote>\n<h5><em>Entrate nella nostra squadra fatta di uomini e donne che migliorano quotidianamente in un\u2019atmosfera positiva !<\/em><\/h5>\n<\/blockquote>\n<p><strong>Astrid Manquin, <\/strong>Direttore Risorse Umane<\/p>\n<h2>\n\t<b>Posizioni in<\/b> Babcock Wanson\n\t<\/h2>\n\t\t\t\t<a href=\"https:\/\/www.babcock-wanson.com\/it\/lavora-con-noi\/progetti-prodotti\/\" target=\"_self\" title=\"Bella ragazza in fabbrica in gilet e casco sorridente che va a farsi una stretta di mano\" rel=\"noopener\">\n\t\t\t\t\t\t\t<img loading=\"lazy\" decoding=\"async\" src=\"https:\/\/www.babcock-wanson.com\/wp-content\/uploads\/2019\/04\/iStock-682443590-1.jpg\" alt=\"Bella ragazza in fabbrica in gilet e casco sorridente che va a farsi una stretta di mano\" height=\"304\" width=\"271\" data-link-type=\"url\" title=\"Bella ragazza in fabbrica in gilet e casco sorridente che va a farsi una stretta di mano\" data-srcset=\"https:\/\/www.babcock-wanson.com\/wp-content\/uploads\/2019\/04\/iStock-682443590-1.jpg 271w, https:\/\/www.babcock-wanson.com\/wp-content\/uploads\/2019\/04\/iStock-682443590-1-267x300.jpg 267w\" \/>\t\t\t\t\t\t<\/a>\n<h5>\n\t\t\t<a href=\"https:\/\/www.babcock-wanson.com\/it\/lavora-con-noi\/progetti-prodotti\/\" title=\"Project &amp; Product\" target=\"_self\" rel=\"noopener\">\n\tProject &amp; Product\n\t\t\t<\/a>\n\t<\/h5>\n\t\t\t\t<a href=\"https:\/\/www.babcock-wanson.com\/it\/lavora-con-noi\/vendite\/\" target=\"_self\" title=\"Businessman holding documents and talking on the phone\" rel=\"noopener\">\n\t\t\t\t\t\t\t<img loading=\"lazy\" decoding=\"async\" src=\"https:\/\/www.babcock-wanson.com\/wp-content\/uploads\/2019\/04\/iStock-672506870-1.jpg\" alt=\"Businessman holding documents and talking on the phone\" height=\"304\" width=\"271\" data-link-type=\"url\" title=\"Close-up of a smiling businessman with smart phone\" data-srcset=\"https:\/\/www.babcock-wanson.com\/wp-content\/uploads\/2019\/04\/iStock-672506870-1.jpg 271w, https:\/\/www.babcock-wanson.com\/wp-content\/uploads\/2019\/04\/iStock-672506870-1-267x300.jpg 267w\" \/>\t\t\t\t\t\t<\/a>\n<h5>\n\t\t\t<a href=\"https:\/\/www.babcock-wanson.com\/it\/lavora-con-noi\/vendite\/\" title=\"Sales\" target=\"_self\" rel=\"noopener\">\n\tSales\n\t\t\t<\/a>\n\t<\/h5>\n\t\t\t\t<a href=\"https:\/\/www.babcock-wanson.com\/it\/lavora-con-noi\/servizi\/\" target=\"_self\" title=\"OLYMPUS DIGITAL CAMERA\" rel=\"noopener\">\n\t\t\t\t\t\t\t<img loading=\"lazy\" decoding=\"async\" src=\"https:\/\/www.babcock-wanson.com\/wp-content\/uploads\/2019\/04\/iStock-531159761-1.jpg\" alt=\"OLYMPUS DIGITAL CAMERA\" height=\"304\" width=\"271\" data-link-type=\"url\" title=\"asian engineer working in factory\" data-srcset=\"https:\/\/www.babcock-wanson.com\/wp-content\/uploads\/2019\/04\/iStock-531159761-1.jpg 271w, https:\/\/www.babcock-wanson.com\/wp-content\/uploads\/2019\/04\/iStock-531159761-1-267x300.jpg 267w\" \/>\t\t\t\t\t\t<\/a>\n<h5>\n\t\t\t<a href=\"https:\/\/www.babcock-wanson.com\/it\/lavora-con-noi\/servizi\/\" title=\"Services\" target=\"_self\" rel=\"noopener\">\n\tServices\n\t\t\t<\/a>\n\t<\/h5>\n\t\t\t\t<a href=\"https:\/\/www.babcock-wanson.com\/it\/lavora-con-noi\/fabbricazione\/\" target=\"_self\" title=\"Male worker writing on clipboard in factory\" rel=\"noopener\">\n\t\t\t\t\t\t\t<img loading=\"lazy\" decoding=\"async\" src=\"https:\/\/www.babcock-wanson.com\/wp-content\/uploads\/2019\/04\/iStock-896264102-1.jpg\" alt=\"Male worker writing on clipboard in factory\" height=\"304\" width=\"271\" data-link-type=\"url\" title=\"Steel factory supervisor with clipboard\" data-srcset=\"https:\/\/www.babcock-wanson.com\/wp-content\/uploads\/2019\/04\/iStock-896264102-1.jpg 271w, https:\/\/www.babcock-wanson.com\/wp-content\/uploads\/2019\/04\/iStock-896264102-1-267x300.jpg 267w\" \/>\t\t\t\t\t\t<\/a>\n<h5>\n\t\t\t<a href=\"https:\/\/www.babcock-wanson.com\/it\/lavora-con-noi\/fabbricazione\/\" title=\"Manufacturing\" target=\"_self\" rel=\"noopener\">\n\tManufacturing\n\t\t\t<\/a>\n\t<\/h5>\n\t\t\t\t<a href=\"https:\/\/www.babcock-wanson.com\/it\/lavora-con-noi\/suadra-assistenza\/\" target=\"_self\" title=\"Shot of call centre agents working in an office\" rel=\"noopener\">\n\t\t\t\t\t\t\t<img loading=\"lazy\" decoding=\"async\" src=\"https:\/\/www.babcock-wanson.com\/wp-content\/uploads\/2019\/04\/iStock-912491876-1.jpg\" alt=\"Shot of call centre agents working in an office\" height=\"304\" width=\"271\" data-link-type=\"url\" title=\"Taking calls and inquiries\" data-srcset=\"https:\/\/www.babcock-wanson.com\/wp-content\/uploads\/2019\/04\/iStock-912491876-1.jpg 271w, https:\/\/www.babcock-wanson.com\/wp-content\/uploads\/2019\/04\/iStock-912491876-1-267x300.jpg 267w\" \/>\t\t\t\t\t\t<\/a>\n<h5>\n\t\t\t<a href=\"https:\/\/www.babcock-wanson.com\/it\/lavora-con-noi\/suadra-assistenza\/\" title=\"Support\" target=\"_self\" rel=\"noopener\">\n\tSupport\n\t\t\t<\/a>\n\t<\/h5>\n\t\n\t\n\t\n<h2>\n\t<strong>Attuali Offerte Di Lavoro<\/strong>\n\t<\/h2>\n<h2>\n\t5 buone ragioni per <strong>lavorare con noi<\/strong>\n\t<\/h2>\n<h3>\n\t1. Un\u2019<strong>azienda<\/strong> in rapida crescita\n\t<\/h3>\n\t<p>Babcock Wanson cresce costantemente da molti anni<\/p>\n<ul>\n<li>Espansione internazionale e crescita esterna<\/li>\n<li>56 nuovi dipendenti sono entrati in azienda nel 2020<\/li>\n<li>Innovazioni, digitalizzazione e progetti innovativi<\/li>\n<\/ul>\n\t<h5>Una crescita annuale superiore al 5% e un fatturato di oltre 105 milioni di euro<\/h5>\n<h3>\n\t2. Un ambiente lavorativo stimolante\n\t<\/h3>\n\t<p>La nostra posizione esclusiva sul mercato vi offre professioni di grande valore e vi permette di partecipare a progetti molto vari in termini di specificit\u00e0 tecnica, dimensioni e posizione geografica.<\/p>\n<ul>\n<li>Un\u2019ampia variet\u00e0 di professioni: R&amp;S, ufficio progettazione, progetti, vendite, servizio assistenza&#8230;<\/li>\n<li>Interventi in tutta la catena di vita del prodotto<\/li>\n<li>Autonomia e responsabilit\u00e0 nelle missioni, con l\u2019assistenza esperta dei colleghi<\/li>\n<\/ul>\n\t<h5>Grande variet\u00e0 di clienti: da aziende molto piccole alle pi\u00f9 grandi societ\u00e0 quotate in borsa<\/h5>\n<h3>\n\t3. Un&#8217;<strong>avventura umana<\/strong> stimolante e unica\n\t<\/h3>\n\t<p>In Babcock Wanson si respira una forte cultura aziendale, un vero spirito di famiglia e un forte senso di appartenenza.<\/p>\n<ul>\n<li>Squadre appassionate<\/li>\n<li>Gestione comunitaria<\/li>\n<li>Un&#8217;atmosfera conviviale (festa di sant\u2019Eligio, patrono del settore, seminari, &#8230;)<\/li>\n<\/ul>\n\t<h5>Dipendenti fidelizzati\u00a0 con un basso tasso di turnover: 5%<\/h5>\n<h3>\n\t4. Una politica <strong>retributiva<\/strong> dinamica\n\t<\/h3>\n\t<p>Una politica salariale e dei benefit interessante e apprezzata (pu\u00f2 variare secondo l\u2019agenzia).<\/p>\n<ul>\n<li>Una politica salariale e dei benefit interessante e apprezzata<\/li>\n<li>Un comitato aziendale attivo<\/li>\n<li>Gestione comunitaria<\/li>\n<li>Un&#8217;atmosfera conviviale<\/li>\n<li>Revisione annuale degli stipendi, tredicesima e quattordicesima, premio di risultato<\/li>\n<\/ul>\n\t<h5>Revisione annuale degli stipendi, tredicesima, accordo di partecipazione agli utili e di incentivazione<\/h5>\n<h3>\n\t5. Una <strong>carriera<\/strong> fiorente\n\t<\/h3>\n\t<p>Sviluppate le vostre capacit\u00e0 e date slancio alla vostra carriera.<\/p>\n<ul>\n<li>Ogni anno, pi\u00f9 del 4% dell\u2019ammontare delle retribuzioni \u00e8 destinato alla formazione e due terzi dei nostri dipendenti usufruisce di formazione<\/li>\n<li>Babcock Wanson \u00e8 un rinomato organismo di formazione per i nostri clienti. Offriamo anche corsi dedicati per i nostri dipendenti.<\/li>\n<\/ul>\n\t<h5>Un&#8217;attiva politica di mobilit\u00e0 interna &gt;&gt;<\/h5>\n<h3>\n\t<strong>Testimonianze<\/strong> dei dipendenti\n\t<\/h3>\n\t\t\tFabrice\n\t\t<strong><i><img loading=\"lazy\" decoding=\"async\" src=\"https:\/\/www.babcock-wanson.com\/wp-content\/uploads\/2019\/11\/Fabrice.jpg\" alt=\"\" width=\"150\" height=\"185\" \/>Francia<\/i><\/strong>\n<strong><i>Tecnico di manutenzione <\/i> <i>\u2192<\/i><i> Responsabile d\u2019area <\/i><i>\u2192<\/i><i> Responsabile regionale &#8211; Francia occidentale <\/i><\/strong>\nViene favorito molto il cambio di posizione all\u2019interno dell\u2019azienda, e molti dei nostri dipendenti hanno un ricco percorso evolutivo.\nSono entrato in Babcock Wanson a giugno 1996 nella Regione Francia occidentale come tecnico di assistenza ai clienti.\nA gennaio 2001, durante il processo di riorganizzazione delle regioni &#8220;vendita 2000&#8221;, ho proposto la mia candidatura per la posizione, quindi nel processo di creazione, di responsabile del settore della Bretagna.\nQuesto approccio \u00e8 motivato dal desiderio di dare un orientamento commerciale alla mia carriera.\nDopo dieci anni di attivit\u00e0 nel settore, mi sono interessato all&#8217;attivit\u00e0 di gestione e mi sono formato.\nQuindi, quando si \u00e8 aperta la posizione di Responsabile regionale Francia occidentale, ho fatto domanda e da agosto 2015 svolgo questo ruolo.\nIl percorso, composto da tre professioni all\u2019interno di BW, mi ha permesso di soddisfare le mie aspirazioni di cambiamento ed evoluzione.\nPer questo motivo posso affermare di aver usufruito di un processo di assunzione che presta particolare attenzione alle candidature interne.\n\t\t\tRaoul\n\t\t<i><img loading=\"lazy\" decoding=\"async\" src=\"https:\/\/www.babcock-wanson.com\/wp-content\/uploads\/2019\/11\/Raoul.jpg\" alt=\"\" width=\"150\" height=\"182\" \/><strong>Francia<\/strong><\/i>\n<strong><i>Tecnico di manutenzione<\/i> <i>\u2192<\/i><i> Responsabile vendite <\/i><i>\u2192<\/i><\/strong><i><strong> Responsabile d\u2019area<\/strong>\n<\/i>\nSono entrato in Babcock Wanson a giugno 2007 come Tecnico assistenza clienti nella regione Centro Parigi Nord. All\u2019epoca non potevo certamente prevedere il seguito&#8230;\nDopo molti anni in questo ruolo, ho espresso il mio desiderio di mobilit\u00e0 e nel 2015, in occasione di un pensionamento, ho avuto l\u2019opportunit\u00e0 di accedere alla posizione di responsabile vendite.\nCi\u00f2 mi ha permesso di scoprire una nuova professione e soprattutto di avere una visione pi\u00f9 ampia su tutte le attivit\u00e0 all\u2019interno del Gruppo. Ho imparato molto e mi sono evoluto in questo ruolo e, 4 anni dopo, il mio Responsabile regionale mi ha offerto la posizione che occupo oggi, Responsabile di settore. \u00c8 una nuova sfida per me, che mi fa uscire dalla mia comfort zone, e mi piace un sacco!\n\t\t\tBarbara\n\t\t<i><img loading=\"lazy\" decoding=\"async\" src=\"https:\/\/www.babcock-wanson.com\/wp-content\/uploads\/2019\/11\/Barbara.jpg\" alt=\"\" width=\"150\" height=\"197\" \/><strong>Italia<\/strong><\/i>\n<strong><i>Ufficio controllo di gestione <\/i><i>\u2192<\/i><i> Responsabile di manutenzione\u00a0<\/i>\u2192<\/strong><i><strong> Responsabile di produzione<\/strong>\n<\/i>\nHo iniziato la mia avventura in Babcock nel 2006, appena laureata, nell\u2019ufficio controllo di gestione, che all\u2019epoca faceva parte dell\u2019area industriale.\nDa l\u00ec ho iniziato la mia variegata esperienza, essendo responsabile della manutenzione dell\u2019impianto e dei macchinari e del servizio prevenzione e protezione finch\u00e9 non ne sono diventata responsabile.\nNegli anni i vari compiti mi hanno permesso di restare in continuo contatto con il cuore pulsante dell\u2019azienda: l\u2019officina, dove ogni giorno i nostri lavoratori trasformano le materie prime in prodotti finiti con passione e impegno. Infine nel 2015, a seguito di una riorganizzazione interna, ho iniziato a essere parte integrante di essa occupandomi della pianificazione della produzione, finch\u00e9 non ho raggiunto nel 2018 la posizione di responsabile di produzione.\nFlessibilit\u00e0 e dinamismo sono all\u2019ordine del giorno, ma questo \u00e8 il bello!\n<h2>\n\t<br><b>chi Siamo<b><\/b>\n\t<\/h2>\n\t\t\t600+\n\tdipendenti in tutta Europa<br \/>\ne il resto del mondo\n\t\t\t100+\n\tpaesi serviti dal nostro<br \/>\nteam\n<\/div><!-- .vgblk-rw-wrapper -->","protected":false},"excerpt":{"rendered":"<p>Al tempo stesso produttore e fornitore di servizi, Babcock Wanson commercializza i propri prodotti ed \u00e8 attualmente riconosciuto come uno dei principali operatori del settore delle sale caldaie industriali. La nostra posizione esclusiva nel settore ci permette di offrire un\u2019amplissima variet\u00e0 di impieghi. Babcock Wanson fornisce tutte le soluzioni di caldaie, bruciatori, trattamento acqua, sistemi&#8230;<\/p>\n","protected":false},"author":1,"featured_media":0,"parent":0,"menu_order":0,"comment_status":"closed","ping_status":"closed","template":"","meta":{"_acf_changed":false,"_relevanssi_hide_post":"","_relevanssi_hide_content":"","_relevanssi_pin_for_all":"","_relevanssi_pin_keywords":"","_relevanssi_unpin_keywords":"","_relevanssi_related_keywords":"","_relevanssi_related_include_ids":"","_relevanssi_related_exclude_ids":"","_relevanssi_related_no_append":"","_relevanssi_related_not_related":"","_relevanssi_related_posts":"","_relevanssi_noindex_reason":"","footnotes":""},"class_list":["post-25926","page","type-page","status-publish","hentry"],"acf":[],"yoast_head":"<!-- This site is optimized with the Yoast SEO Premium plugin v27.4 (Yoast SEO v27.4) - https:\/\/yoast.com\/product\/yoast-seo-premium-wordpress\/ -->\n<title>Lavora Con Noi - Babcock Wanson<\/title>\n<meta name=\"description\" content=\"Lavora con Babcock Wanson. Entrate nella nostra squadra fatta di uomini e donne che migliorano quotidianamente in un\u2019atmosfera positiva !\" \/>\n<meta name=\"robots\" content=\"index, follow, max-snippet:-1, max-image-preview:large, max-video-preview:-1\" \/>\n<link rel=\"canonical\" href=\"https:\/\/www.babcock-wanson.com\/it\/lavora-con-noi\/\" \/>\n<meta property=\"og:locale\" content=\"it_IT\" \/>\n<meta property=\"og:type\" content=\"article\" \/>\n<meta property=\"og:title\" content=\"Lavora Con Noi\" \/>\n<meta property=\"og:description\" content=\"Lavora con Babcock Wanson. Entrate nella nostra squadra fatta di uomini e donne che migliorano quotidianamente in un\u2019atmosfera positiva !\" \/>\n<meta property=\"og:url\" content=\"https:\/\/www.babcock-wanson.com\/it\/lavora-con-noi\/\" \/>\n<meta property=\"og:site_name\" content=\"Babcock Wanson\" \/>\n<meta property=\"article:modified_time\" content=\"2023-07-07T12:34:13+00:00\" \/>\n<meta property=\"og:image\" content=\"https:\/\/www.babcock-wanson.com\/wp-content\/uploads\/2023\/07\/0.jpg\" \/>\n<meta name=\"twitter:card\" content=\"summary_large_image\" \/>\n<meta name=\"twitter:label1\" content=\"Est. reading time\" \/>\n\t<meta name=\"twitter:data1\" content=\"5 minuti\" \/>\n<script type=\"application\/ld+json\" class=\"yoast-schema-graph\">{\"@context\":\"https:\\\/\\\/schema.org\",\"@graph\":[{\"@type\":\"WebPage\",\"@id\":\"https:\\\/\\\/www.babcock-wanson.com\\\/it\\\/lavora-con-noi\\\/\",\"url\":\"https:\\\/\\\/www.babcock-wanson.com\\\/it\\\/lavora-con-noi\\\/\",\"name\":\"Lavora Con Noi - Babcock Wanson\",\"isPartOf\":{\"@id\":\"https:\\\/\\\/www.babcock-wanson.com\\\/it\\\/#website\"},\"primaryImageOfPage\":{\"@id\":\"https:\\\/\\\/www.babcock-wanson.com\\\/it\\\/lavora-con-noi\\\/#primaryimage\"},\"image\":{\"@id\":\"https:\\\/\\\/www.babcock-wanson.com\\\/it\\\/lavora-con-noi\\\/#primaryimage\"},\"thumbnailUrl\":\"https:\\\/\\\/www.babcock-wanson.com\\\/wp-content\\\/uploads\\\/2023\\\/07\\\/0.jpg\",\"datePublished\":\"2020-03-19T17:07:17+00:00\",\"dateModified\":\"2023-07-07T12:34:13+00:00\",\"description\":\"Lavora con Babcock Wanson. Entrate nella nostra squadra fatta di uomini e donne che migliorano quotidianamente in un\u2019atmosfera positiva !\",\"breadcrumb\":{\"@id\":\"https:\\\/\\\/www.babcock-wanson.com\\\/it\\\/lavora-con-noi\\\/#breadcrumb\"},\"inLanguage\":\"it-IT\",\"potentialAction\":[{\"@type\":\"ReadAction\",\"target\":[\"https:\\\/\\\/www.babcock-wanson.com\\\/it\\\/lavora-con-noi\\\/\"]}]},{\"@type\":\"ImageObject\",\"inLanguage\":\"it-IT\",\"@id\":\"https:\\\/\\\/www.babcock-wanson.com\\\/it\\\/lavora-con-noi\\\/#primaryimage\",\"url\":\"https:\\\/\\\/www.babcock-wanson.com\\\/wp-content\\\/uploads\\\/2023\\\/07\\\/0.jpg\",\"contentUrl\":\"https:\\\/\\\/www.babcock-wanson.com\\\/wp-content\\\/uploads\\\/2023\\\/07\\\/0.jpg\"},{\"@type\":\"BreadcrumbList\",\"@id\":\"https:\\\/\\\/www.babcock-wanson.com\\\/it\\\/lavora-con-noi\\\/#breadcrumb\",\"itemListElement\":[{\"@type\":\"ListItem\",\"position\":1,\"name\":\"Inicio\",\"item\":\"https:\\\/\\\/www.babcock-wanson.com\\\/it\\\/\"},{\"@type\":\"ListItem\",\"position\":2,\"name\":\"Lavora Con Noi\"}]},{\"@type\":\"WebSite\",\"@id\":\"https:\\\/\\\/www.babcock-wanson.com\\\/it\\\/#website\",\"url\":\"https:\\\/\\\/www.babcock-wanson.com\\\/it\\\/\",\"name\":\"Babcock Wanson\",\"description\":\"\",\"publisher\":{\"@id\":\"https:\\\/\\\/www.babcock-wanson.com\\\/it\\\/#organization\"},\"potentialAction\":[{\"@type\":\"SearchAction\",\"target\":{\"@type\":\"EntryPoint\",\"urlTemplate\":\"https:\\\/\\\/www.babcock-wanson.com\\\/it\\\/?s={search_term_string}\"},\"query-input\":{\"@type\":\"PropertyValueSpecification\",\"valueRequired\":true,\"valueName\":\"search_term_string\"}}],\"inLanguage\":\"it-IT\"},{\"@type\":\"Organization\",\"@id\":\"https:\\\/\\\/www.babcock-wanson.com\\\/it\\\/#organization\",\"name\":\"Babcock Wanson\",\"url\":\"https:\\\/\\\/www.babcock-wanson.com\\\/it\\\/\",\"logo\":{\"@type\":\"ImageObject\",\"inLanguage\":\"it-IT\",\"@id\":\"https:\\\/\\\/www.babcock-wanson.com\\\/it\\\/#\\\/schema\\\/logo\\\/image\\\/\",\"url\":\"https:\\\/\\\/www.babcock-wanson.com\\\/wp-content\\\/uploads\\\/2024\\\/02\\\/Babcock-Wanson-1200x1200-1.png\",\"contentUrl\":\"https:\\\/\\\/www.babcock-wanson.com\\\/wp-content\\\/uploads\\\/2024\\\/02\\\/Babcock-Wanson-1200x1200-1.png\",\"width\":1200,\"height\":1200,\"caption\":\"Babcock Wanson\"},\"image\":{\"@id\":\"https:\\\/\\\/www.babcock-wanson.com\\\/it\\\/#\\\/schema\\\/logo\\\/image\\\/\"},\"sameAs\":[\"https:\\\/\\\/www.linkedin.com\\\/company\\\/babcock-wanson\\\/\",\"https:\\\/\\\/www.youtube.com\\\/channel\\\/UCtxl25VieBBsP2kYmtlyv7A\"]}]}<\/script>\n<!-- \/ Yoast SEO Premium plugin. -->","yoast_head_json":{"title":"Lavora Con Noi - Babcock Wanson","description":"Lavora con Babcock Wanson. Entrate nella nostra squadra fatta di uomini e donne che migliorano quotidianamente in un\u2019atmosfera positiva !","robots":{"index":"index","follow":"follow","max-snippet":"max-snippet:-1","max-image-preview":"max-image-preview:large","max-video-preview":"max-video-preview:-1"},"canonical":"https:\/\/www.babcock-wanson.com\/it\/lavora-con-noi\/","og_locale":"it_IT","og_type":"article","og_title":"Lavora Con Noi","og_description":"Lavora con Babcock Wanson. Entrate nella nostra squadra fatta di uomini e donne che migliorano quotidianamente in un\u2019atmosfera positiva !","og_url":"https:\/\/www.babcock-wanson.com\/it\/lavora-con-noi\/","og_site_name":"Babcock Wanson","article_modified_time":"2023-07-07T12:34:13+00:00","og_image":[{"url":"https:\/\/www.babcock-wanson.com\/wp-content\/uploads\/2023\/07\/0.jpg","type":"","width":"","height":""}],"twitter_card":"summary_large_image","twitter_misc":{"Est. reading time":"5 minuti"},"schema":{"@context":"https:\/\/schema.org","@graph":[{"@type":"WebPage","@id":"https:\/\/www.babcock-wanson.com\/it\/lavora-con-noi\/","url":"https:\/\/www.babcock-wanson.com\/it\/lavora-con-noi\/","name":"Lavora Con Noi - Babcock Wanson","isPartOf":{"@id":"https:\/\/www.babcock-wanson.com\/it\/#website"},"primaryImageOfPage":{"@id":"https:\/\/www.babcock-wanson.com\/it\/lavora-con-noi\/#primaryimage"},"image":{"@id":"https:\/\/www.babcock-wanson.com\/it\/lavora-con-noi\/#primaryimage"},"thumbnailUrl":"https:\/\/www.babcock-wanson.com\/wp-content\/uploads\/2023\/07\/0.jpg","datePublished":"2020-03-19T17:07:17+00:00","dateModified":"2023-07-07T12:34:13+00:00","description":"Lavora con Babcock Wanson. Entrate nella nostra squadra fatta di uomini e donne che migliorano quotidianamente in un\u2019atmosfera positiva !","breadcrumb":{"@id":"https:\/\/www.babcock-wanson.com\/it\/lavora-con-noi\/#breadcrumb"},"inLanguage":"it-IT","potentialAction":[{"@type":"ReadAction","target":["https:\/\/www.babcock-wanson.com\/it\/lavora-con-noi\/"]}]},{"@type":"ImageObject","inLanguage":"it-IT","@id":"https:\/\/www.babcock-wanson.com\/it\/lavora-con-noi\/#primaryimage","url":"https:\/\/www.babcock-wanson.com\/wp-content\/uploads\/2023\/07\/0.jpg","contentUrl":"https:\/\/www.babcock-wanson.com\/wp-content\/uploads\/2023\/07\/0.jpg"},{"@type":"BreadcrumbList","@id":"https:\/\/www.babcock-wanson.com\/it\/lavora-con-noi\/#breadcrumb","itemListElement":[{"@type":"ListItem","position":1,"name":"Inicio","item":"https:\/\/www.babcock-wanson.com\/it\/"},{"@type":"ListItem","position":2,"name":"Lavora Con Noi"}]},{"@type":"WebSite","@id":"https:\/\/www.babcock-wanson.com\/it\/#website","url":"https:\/\/www.babcock-wanson.com\/it\/","name":"Babcock Wanson","description":"","publisher":{"@id":"https:\/\/www.babcock-wanson.com\/it\/#organization"},"potentialAction":[{"@type":"SearchAction","target":{"@type":"EntryPoint","urlTemplate":"https:\/\/www.babcock-wanson.com\/it\/?s={search_term_string}"},"query-input":{"@type":"PropertyValueSpecification","valueRequired":true,"valueName":"search_term_string"}}],"inLanguage":"it-IT"},{"@type":"Organization","@id":"https:\/\/www.babcock-wanson.com\/it\/#organization","name":"Babcock Wanson","url":"https:\/\/www.babcock-wanson.com\/it\/","logo":{"@type":"ImageObject","inLanguage":"it-IT","@id":"https:\/\/www.babcock-wanson.com\/it\/#\/schema\/logo\/image\/","url":"https:\/\/www.babcock-wanson.com\/wp-content\/uploads\/2024\/02\/Babcock-Wanson-1200x1200-1.png","contentUrl":"https:\/\/www.babcock-wanson.com\/wp-content\/uploads\/2024\/02\/Babcock-Wanson-1200x1200-1.png","width":1200,"height":1200,"caption":"Babcock Wanson"},"image":{"@id":"https:\/\/www.babcock-wanson.com\/it\/#\/schema\/logo\/image\/"},"sameAs":["https:\/\/www.linkedin.com\/company\/babcock-wanson\/","https:\/\/www.youtube.com\/channel\/UCtxl25VieBBsP2kYmtlyv7A"]}]}},"jetpack_sharing_enabled":true,"_links":{"self":[{"href":"https:\/\/www.babcock-wanson.com\/it\/wp-json\/wp\/v2\/pages\/25926","targetHints":{"allow":["GET"]}}],"collection":[{"href":"https:\/\/www.babcock-wanson.com\/it\/wp-json\/wp\/v2\/pages"}],"about":[{"href":"https:\/\/www.babcock-wanson.com\/it\/wp-json\/wp\/v2\/types\/page"}],"author":[{"embeddable":true,"href":"https:\/\/www.babcock-wanson.com\/it\/wp-json\/wp\/v2\/users\/1"}],"replies":[{"embeddable":true,"href":"https:\/\/www.babcock-wanson.com\/it\/wp-json\/wp\/v2\/comments?post=25926"}],"version-history":[{"count":7,"href":"https:\/\/www.babcock-wanson.com\/it\/wp-json\/wp\/v2\/pages\/25926\/revisions"}],"predecessor-version":[{"id":45837,"href":"https:\/\/www.babcock-wanson.com\/it\/wp-json\/wp\/v2\/pages\/25926\/revisions\/45837"}],"wp:attachment":[{"href":"https:\/\/www.babcock-wanson.com\/it\/wp-json\/wp\/v2\/media?parent=25926"}],"curies":[{"name":"wp","href":"https:\/\/api.w.org\/{rel}","templated":true}]}}