{"id":26097,"date":"2018-11-27T16:17:22","date_gmt":"2018-11-27T16:17:22","guid":{"rendered":"https:\/\/www.babcock-wanson.com\/products\/senza%20categoria\/vap-el\/"},"modified":"2023-05-22T16:33:19","modified_gmt":"2023-05-22T15:33:19","slug":"vap-el","status":"publish","type":"product","link":"https:\/\/www.babcock-wanson.com\/it\/prodotti\/caldaie-elettriche-industriali\/vap-el\/","title":{"rendered":"VAP-EL"},"content":{"rendered":"<div class=\"vgblk-rw-wrapper limit-wrapper\">\r\n<h3>Installazione Semplice<\/h3>\r\n<ul>\r\n<li>La caldaia elettrica \u00e8 semplice da installare e non richiede spazio per lo stoccaggio del combustibile n\u00e9 complicate tubazioni del gas<\/li>\r\n<li>La struttura \u00e8 robusta e assicura un funzionamento sicuro e una lunga durata<\/li>\r\n<li>Un sistema completamente integrato e testato in fabbrica assicura un funzionamento semplice e affidabile<\/li>\r\n<li>Completamente certificata da Babcock Wanson in conformit\u00e0 con la Direttiva attrezzature a pressione per il funzionamento in tutta Europa<\/li>\r\n<\/ul>\r\n<h3>Alta Efficienza<\/h3>\r\n<ul>\r\n<li>La caldaia si avvia rapidamente su richiesta e reagisce bene a variazioni di carico. Il vapore pu\u00f2 essere prodotto nel giro di pochi minuti a seconda della capacit\u00e0 della caldaia<\/li>\r\n<li>Nessuno spreco di energia. La perdita di calore sul processo di riscaldamento \u00e8 minima<\/li>\r\n<li>L\u2019efficienza si avvicina al 100% con minime perdite di carico<\/li>\r\n<\/ul>\r\n<h3>Ecosostenibile<\/h3>\r\n<ul>\r\n<li>La caldaia elettrica non produce gas di combustione residui e fornisce concreti vantaggi ambientali e bassissime emissioni complessive<\/li>\r\n<li>La caldaia elettrica ha un funzionamento silenzioso<\/li>\r\n<li>Preciso controllo della pressione del vapore con ingresso di potenza multistadio e completamente modulante<\/li>\r\n<\/ul>\r\n<h3>Gamma Completa di Apparecchiature Ausiliarie<\/h3>\r\n<ul>\r\n<li><a href=\"https:\/\/www.babcock-wanson.com\/it\/categoria-prodotto\/trattamento-acqua-industriale\/\" target=\"_blank\" rel=\"noopener\">Apparecchiatura di trattamento dell\u2019acqua<\/a> e assistenza<\/li>\r\n<li>Serbatoi di acqua di alimentazione &amp; <a href=\"https:\/\/www.babcock-wanson.com\/it\/prodotti\/trattamento-acqua-industriale\/deareazione-termica\/\" target=\"_blank\" rel=\"noopener\">deareatori termici<\/a> pressurizzati e atmosferici Babcock Wanson<\/li>\r\n<li>Stazioni di riduzione della pressione &amp; valvole di controllo del vapore<\/li>\r\n<li>Progetto completamente chiavi in mano e servizio di installazione<\/li>\r\n<li>Messa in funzione e completo <a href=\"https:\/\/www.babcock-wanson.com\/it\/servizi\/servizio-post-vendita\/\" target=\"_blank\" rel=\"noopener\">servizio post-vendita<\/a><\/li>\r\n<\/ul>\r\n<h2>Caldaie elettriche VAP-EL<\/h2>\r\n<table>\r\n<tbody>\r\n<tr>\r\n<th>Modello<br \/>VAP-EL<\/th>\r\n<th>Vapore (kg\/h) acqua a 70\u00b0C<\/th>\r\n<th>Pressione del vapore (bar)<\/th>\r\n<th>Potenza (kW)<\/th>\r\n<th>Capacit\u00e0 (l)<\/th>\r\n<th>Peso (kg)<\/th>\r\n<th>Larghezza (mm)<\/th>\r\n<th>Altezza (mm)<\/th>\r\n<th>Lunghezza (mm)<\/th>\r\n<\/tr>\r\n<tr>\r\n<th>16<\/th>\r\n<td>20<\/td>\r\n<td>4.5<\/td>\r\n<td>15<\/td>\r\n<td>16<\/td>\r\n<td>72<\/td>\r\n<td>445<\/td>\r\n<td>983<\/td>\r\n<td>615<\/td>\r\n<\/tr>\r\n<tr>\r\n<th>24<\/th>\r\n<td>32<\/td>\r\n<td>4.5 or 7<\/td>\r\n<td>24<\/td>\r\n<td>24<\/td>\r\n<td>85<\/td>\r\n<td>586<\/td>\r\n<td>776<\/td>\r\n<td>752<\/td>\r\n<\/tr>\r\n<tr>\r\n<th>60<\/th>\r\n<td>80<\/td>\r\n<td>4.5, 7 or 8.5<\/td>\r\n<td>60<\/td>\r\n<td>55<\/td>\r\n<td>114<\/td>\r\n<td>835<\/td>\r\n<td>629<\/td>\r\n<td>844<\/td>\r\n<\/tr>\r\n<tr>\r\n<th>120<\/th>\r\n<td>160<\/td>\r\n<td>4.5, 7 or 8.5<\/td>\r\n<td>120<\/td>\r\n<td>2 x 55<\/td>\r\n<td>237<\/td>\r\n<td>1155<\/td>\r\n<td>1158<\/td>\r\n<td>948<\/td>\r\n<\/tr>\r\n<tr>\r\n<th>180<\/th>\r\n<td>240<\/td>\r\n<td>4.5, 7 or 8.5<\/td>\r\n<td>180<\/td>\r\n<td>3 x 55<\/td>\r\n<td>325<\/td>\r\n<td>1155<\/td>\r\n<td>1718<\/td>\r\n<td>948<\/td>\r\n<\/tr>\r\n<tr>\r\n<th>240<\/th>\r\n<td>320<\/td>\r\n<td>4.5, 7 or 8.5<\/td>\r\n<td>240<\/td>\r\n<td>4 x 55<\/td>\r\n<td>237 x 2<\/td>\r\n<td>1155 x 2<\/td>\r\n<td>1158 x 2<\/td>\r\n<td>948 x 2<\/td>\r\n<\/tr>\r\n<tr>\r\n<th>360<\/th>\r\n<td>480<\/td>\r\n<td>4.5, 7 or 8.5<\/td>\r\n<td>360<\/td>\r\n<td>6 x 55<\/td>\r\n<td>325 x 2<\/td>\r\n<td>1155 x 2<\/td>\r\n<td>1718 x 2<\/td>\r\n<td>948 x 2<\/td>\r\n<\/tr>\r\n<\/tbody>\r\n<\/table>\r\n<\/div><!-- .vgblk-rw-wrapper -->","protected":false},"excerpt":{"rendered":"<p><strong>Da 16 a 360 kW \u2013 400 V trifase \u2013 50 Hz<\/strong> <br \/>La caldaia a vapore elettrica modello VAP EL usa l\u2019energia elettrica per scaldare l\u2019acqua e produrre vapore per il riscaldamento di processo. La configurazione di una caldaia elettrica assicura un\u2019efficienza elevata e un processo di riscaldamento accessibile. Questo tipo di caldaia a vapore pu\u00f2 essere un\u2019ottima soluzione per soddisfare i requisiti di riscaldamento di processo, soprattutto nei casi in cui l\u2019elettricit\u00e0 rappresenta una risorsa facilmente disponibile e a basso costo. \u00c8 pratica anche perch\u00e9 le sue dimensioni complessive non richiedono molto spazio per l\u2019installazione.<\/p>\n<p>Babcock Wanson offre una vasta gamma di soluzioni di caldaie elettriche adattabili alle esigenze dei nostri clienti. La caldaia elettrica \u00e8 stata progettata per funzionare in diverse industrie di processo, come la trasformazione alimentare, l\u2019asciugatura, l\u2019industria chimica, cosmetica, farmaceutica e alimentare; in realt\u00e0, \u00e8 adatta a qualsiasi industria che necessita di vapore e ha una fonte economica di energia elettrica, o che non pu\u00f2 installare una caldaia a combustibile fossile tradizionale.<\/p>\n<p>Pressione di esercizio massima standard di 4,5, 7 o 8,5 barg con pressioni superiori disponibili su richiesta.<\/p>\n","protected":false},"featured_media":41378,"comment_status":"closed","ping_status":"closed","template":"","meta":{"_acf_changed":false,"_relevanssi_hide_post":"","_relevanssi_hide_content":"","_relevanssi_pin_for_all":"","_relevanssi_pin_keywords":"","_relevanssi_unpin_keywords":"","_relevanssi_related_keywords":"","_relevanssi_related_include_ids":"","_relevanssi_related_exclude_ids":"","_relevanssi_related_no_append":"","_relevanssi_related_not_related":"","_relevanssi_related_posts":"","_relevanssi_noindex_reason":""},"product_brand":[],"product_cat":[3595,3588],"product_tag":[],"class_list":{"0":"post-26097","1":"product","2":"type-product","3":"status-publish","4":"has-post-thumbnail","6":"product_cat-caldaie-a-vapore","7":"product_cat-caldaie-elettriche-industriali","9":"first","10":"instock","11":"shipping-taxable","12":"product-type-simple"},"acf":[],"yoast_head":"<!-- This site is optimized with the Yoast SEO Premium plugin v27.4 (Yoast SEO v27.4) - https:\/\/yoast.com\/product\/yoast-seo-premium-wordpress\/ -->\n<title>VAP-EL - Babcock Wanson<\/title>\n<meta name=\"description\" content=\"Babcock Wanson provides a wide selection of VAP EL electric boiler solutions that can be adapted to our customers\u2019 needs. Click here to find out more\" \/>\n<meta name=\"robots\" content=\"index, follow, max-snippet:-1, max-image-preview:large, max-video-preview:-1\" \/>\n<link rel=\"canonical\" href=\"https:\/\/www.babcock-wanson.com\/it\/prodotti\/caldaie-elettriche-industriali\/vap-el\/\" \/>\n<meta property=\"og:locale\" content=\"it_IT\" \/>\n<meta property=\"og:type\" content=\"article\" \/>\n<meta property=\"og:title\" content=\"VAP-EL\" \/>\n<meta property=\"og:description\" content=\"Babcock Wanson provides a wide selection of VAP EL electric boiler solutions that can be adapted to our customers\u2019 needs. Click here to find out more\" \/>\n<meta property=\"og:url\" content=\"https:\/\/www.babcock-wanson.com\/it\/prodotti\/caldaie-elettriche-industriali\/vap-el\/\" \/>\n<meta property=\"og:site_name\" content=\"Babcock Wanson\" \/>\n<meta property=\"article:modified_time\" content=\"2023-05-22T15:33:19+00:00\" \/>\n<meta property=\"og:image\" content=\"https:\/\/www.babcock-wanson.com\/wp-content\/uploads\/2021\/12\/VAP-El-Category_image_2021.jpg\" \/>\n\t<meta property=\"og:image:width\" content=\"600\" \/>\n\t<meta property=\"og:image:height\" content=\"400\" \/>\n\t<meta property=\"og:image:type\" content=\"image\/jpeg\" \/>\n<meta name=\"twitter:card\" content=\"summary_large_image\" \/>\n<meta name=\"twitter:label1\" content=\"Est. reading time\" \/>\n\t<meta name=\"twitter:data1\" content=\"2 minuti\" \/>\n<script type=\"application\/ld+json\" class=\"yoast-schema-graph\">{\"@context\":\"https:\\\/\\\/schema.org\",\"@graph\":[{\"@type\":\"WebPage\",\"@id\":\"https:\\\/\\\/www.babcock-wanson.com\\\/it\\\/prodotti\\\/caldaie-elettriche-industriali\\\/vap-el\\\/\",\"url\":\"https:\\\/\\\/www.babcock-wanson.com\\\/it\\\/prodotti\\\/caldaie-elettriche-industriali\\\/vap-el\\\/\",\"name\":\"VAP-EL - Babcock Wanson\",\"isPartOf\":{\"@id\":\"https:\\\/\\\/www.babcock-wanson.com\\\/it\\\/#website\"},\"primaryImageOfPage\":{\"@id\":\"https:\\\/\\\/www.babcock-wanson.com\\\/it\\\/prodotti\\\/caldaie-elettriche-industriali\\\/vap-el\\\/#primaryimage\"},\"image\":{\"@id\":\"https:\\\/\\\/www.babcock-wanson.com\\\/it\\\/prodotti\\\/caldaie-elettriche-industriali\\\/vap-el\\\/#primaryimage\"},\"thumbnailUrl\":\"https:\\\/\\\/www.babcock-wanson.com\\\/wp-content\\\/uploads\\\/2021\\\/12\\\/VAP-El-Category_image_2021.jpg\",\"datePublished\":\"2018-11-27T16:17:22+00:00\",\"dateModified\":\"2023-05-22T15:33:19+00:00\",\"description\":\"Babcock Wanson provides a wide selection of VAP EL electric boiler solutions that can be adapted to our customers\u2019 needs. Click here to find out more\",\"breadcrumb\":{\"@id\":\"https:\\\/\\\/www.babcock-wanson.com\\\/it\\\/prodotti\\\/caldaie-elettriche-industriali\\\/vap-el\\\/#breadcrumb\"},\"inLanguage\":\"it-IT\",\"potentialAction\":[{\"@type\":\"ReadAction\",\"target\":[\"https:\\\/\\\/www.babcock-wanson.com\\\/it\\\/prodotti\\\/caldaie-elettriche-industriali\\\/vap-el\\\/\"]}]},{\"@type\":\"ImageObject\",\"inLanguage\":\"it-IT\",\"@id\":\"https:\\\/\\\/www.babcock-wanson.com\\\/it\\\/prodotti\\\/caldaie-elettriche-industriali\\\/vap-el\\\/#primaryimage\",\"url\":\"https:\\\/\\\/www.babcock-wanson.com\\\/wp-content\\\/uploads\\\/2021\\\/12\\\/VAP-El-Category_image_2021.jpg\",\"contentUrl\":\"https:\\\/\\\/www.babcock-wanson.com\\\/wp-content\\\/uploads\\\/2021\\\/12\\\/VAP-El-Category_image_2021.jpg\",\"width\":600,\"height\":400,\"caption\":\"VAP El Category_image_2021\"},{\"@type\":\"BreadcrumbList\",\"@id\":\"https:\\\/\\\/www.babcock-wanson.com\\\/it\\\/prodotti\\\/caldaie-elettriche-industriali\\\/vap-el\\\/#breadcrumb\",\"itemListElement\":[{\"@type\":\"ListItem\",\"position\":1,\"name\":\"Inicio\",\"item\":\"https:\\\/\\\/www.babcock-wanson.com\\\/it\\\/\"},{\"@type\":\"ListItem\",\"position\":2,\"name\":\"Prodotti\",\"item\":\"https:\\\/\\\/www.babcock-wanson.com\\\/it\\\/shop\\\/\"},{\"@type\":\"ListItem\",\"position\":3,\"name\":\"Caldaie elettriche industriali\",\"item\":\"https:\\\/\\\/www.babcock-wanson.com\\\/it\\\/categoria-prodotto\\\/caldaie-elettriche-industriali\\\/\"},{\"@type\":\"ListItem\",\"position\":4,\"name\":\"VAP-EL\"}]},{\"@type\":\"WebSite\",\"@id\":\"https:\\\/\\\/www.babcock-wanson.com\\\/it\\\/#website\",\"url\":\"https:\\\/\\\/www.babcock-wanson.com\\\/it\\\/\",\"name\":\"Babcock Wanson\",\"description\":\"\",\"publisher\":{\"@id\":\"https:\\\/\\\/www.babcock-wanson.com\\\/it\\\/#organization\"},\"potentialAction\":[{\"@type\":\"SearchAction\",\"target\":{\"@type\":\"EntryPoint\",\"urlTemplate\":\"https:\\\/\\\/www.babcock-wanson.com\\\/it\\\/?s={search_term_string}\"},\"query-input\":{\"@type\":\"PropertyValueSpecification\",\"valueRequired\":true,\"valueName\":\"search_term_string\"}}],\"inLanguage\":\"it-IT\"},{\"@type\":\"Organization\",\"@id\":\"https:\\\/\\\/www.babcock-wanson.com\\\/it\\\/#organization\",\"name\":\"Babcock Wanson\",\"url\":\"https:\\\/\\\/www.babcock-wanson.com\\\/it\\\/\",\"logo\":{\"@type\":\"ImageObject\",\"inLanguage\":\"it-IT\",\"@id\":\"https:\\\/\\\/www.babcock-wanson.com\\\/it\\\/#\\\/schema\\\/logo\\\/image\\\/\",\"url\":\"https:\\\/\\\/www.babcock-wanson.com\\\/wp-content\\\/uploads\\\/2024\\\/02\\\/Babcock-Wanson-1200x1200-1.png\",\"contentUrl\":\"https:\\\/\\\/www.babcock-wanson.com\\\/wp-content\\\/uploads\\\/2024\\\/02\\\/Babcock-Wanson-1200x1200-1.png\",\"width\":1200,\"height\":1200,\"caption\":\"Babcock Wanson\"},\"image\":{\"@id\":\"https:\\\/\\\/www.babcock-wanson.com\\\/it\\\/#\\\/schema\\\/logo\\\/image\\\/\"},\"sameAs\":[\"https:\\\/\\\/www.linkedin.com\\\/company\\\/babcock-wanson\\\/\",\"https:\\\/\\\/www.youtube.com\\\/channel\\\/UCtxl25VieBBsP2kYmtlyv7A\"]}]}<\/script>\n<!-- \/ Yoast SEO Premium plugin. -->","yoast_head_json":{"title":"VAP-EL - Babcock Wanson","description":"Babcock Wanson provides a wide selection of VAP EL electric boiler solutions that can be adapted to our customers\u2019 needs. Click here to find out more","robots":{"index":"index","follow":"follow","max-snippet":"max-snippet:-1","max-image-preview":"max-image-preview:large","max-video-preview":"max-video-preview:-1"},"canonical":"https:\/\/www.babcock-wanson.com\/it\/prodotti\/caldaie-elettriche-industriali\/vap-el\/","og_locale":"it_IT","og_type":"article","og_title":"VAP-EL","og_description":"Babcock Wanson provides a wide selection of VAP EL electric boiler solutions that can be adapted to our customers\u2019 needs. Click here to find out more","og_url":"https:\/\/www.babcock-wanson.com\/it\/prodotti\/caldaie-elettriche-industriali\/vap-el\/","og_site_name":"Babcock Wanson","article_modified_time":"2023-05-22T15:33:19+00:00","og_image":[{"width":600,"height":400,"url":"https:\/\/www.babcock-wanson.com\/wp-content\/uploads\/2021\/12\/VAP-El-Category_image_2021.jpg","type":"image\/jpeg"}],"twitter_card":"summary_large_image","twitter_misc":{"Est. reading time":"2 minuti"},"schema":{"@context":"https:\/\/schema.org","@graph":[{"@type":"WebPage","@id":"https:\/\/www.babcock-wanson.com\/it\/prodotti\/caldaie-elettriche-industriali\/vap-el\/","url":"https:\/\/www.babcock-wanson.com\/it\/prodotti\/caldaie-elettriche-industriali\/vap-el\/","name":"VAP-EL - Babcock Wanson","isPartOf":{"@id":"https:\/\/www.babcock-wanson.com\/it\/#website"},"primaryImageOfPage":{"@id":"https:\/\/www.babcock-wanson.com\/it\/prodotti\/caldaie-elettriche-industriali\/vap-el\/#primaryimage"},"image":{"@id":"https:\/\/www.babcock-wanson.com\/it\/prodotti\/caldaie-elettriche-industriali\/vap-el\/#primaryimage"},"thumbnailUrl":"https:\/\/www.babcock-wanson.com\/wp-content\/uploads\/2021\/12\/VAP-El-Category_image_2021.jpg","datePublished":"2018-11-27T16:17:22+00:00","dateModified":"2023-05-22T15:33:19+00:00","description":"Babcock Wanson provides a wide selection of VAP EL electric boiler solutions that can be adapted to our customers\u2019 needs. Click here to find out more","breadcrumb":{"@id":"https:\/\/www.babcock-wanson.com\/it\/prodotti\/caldaie-elettriche-industriali\/vap-el\/#breadcrumb"},"inLanguage":"it-IT","potentialAction":[{"@type":"ReadAction","target":["https:\/\/www.babcock-wanson.com\/it\/prodotti\/caldaie-elettriche-industriali\/vap-el\/"]}]},{"@type":"ImageObject","inLanguage":"it-IT","@id":"https:\/\/www.babcock-wanson.com\/it\/prodotti\/caldaie-elettriche-industriali\/vap-el\/#primaryimage","url":"https:\/\/www.babcock-wanson.com\/wp-content\/uploads\/2021\/12\/VAP-El-Category_image_2021.jpg","contentUrl":"https:\/\/www.babcock-wanson.com\/wp-content\/uploads\/2021\/12\/VAP-El-Category_image_2021.jpg","width":600,"height":400,"caption":"VAP El Category_image_2021"},{"@type":"BreadcrumbList","@id":"https:\/\/www.babcock-wanson.com\/it\/prodotti\/caldaie-elettriche-industriali\/vap-el\/#breadcrumb","itemListElement":[{"@type":"ListItem","position":1,"name":"Inicio","item":"https:\/\/www.babcock-wanson.com\/it\/"},{"@type":"ListItem","position":2,"name":"Prodotti","item":"https:\/\/www.babcock-wanson.com\/it\/shop\/"},{"@type":"ListItem","position":3,"name":"Caldaie elettriche industriali","item":"https:\/\/www.babcock-wanson.com\/it\/categoria-prodotto\/caldaie-elettriche-industriali\/"},{"@type":"ListItem","position":4,"name":"VAP-EL"}]},{"@type":"WebSite","@id":"https:\/\/www.babcock-wanson.com\/it\/#website","url":"https:\/\/www.babcock-wanson.com\/it\/","name":"Babcock Wanson","description":"","publisher":{"@id":"https:\/\/www.babcock-wanson.com\/it\/#organization"},"potentialAction":[{"@type":"SearchAction","target":{"@type":"EntryPoint","urlTemplate":"https:\/\/www.babcock-wanson.com\/it\/?s={search_term_string}"},"query-input":{"@type":"PropertyValueSpecification","valueRequired":true,"valueName":"search_term_string"}}],"inLanguage":"it-IT"},{"@type":"Organization","@id":"https:\/\/www.babcock-wanson.com\/it\/#organization","name":"Babcock Wanson","url":"https:\/\/www.babcock-wanson.com\/it\/","logo":{"@type":"ImageObject","inLanguage":"it-IT","@id":"https:\/\/www.babcock-wanson.com\/it\/#\/schema\/logo\/image\/","url":"https:\/\/www.babcock-wanson.com\/wp-content\/uploads\/2024\/02\/Babcock-Wanson-1200x1200-1.png","contentUrl":"https:\/\/www.babcock-wanson.com\/wp-content\/uploads\/2024\/02\/Babcock-Wanson-1200x1200-1.png","width":1200,"height":1200,"caption":"Babcock Wanson"},"image":{"@id":"https:\/\/www.babcock-wanson.com\/it\/#\/schema\/logo\/image\/"},"sameAs":["https:\/\/www.linkedin.com\/company\/babcock-wanson\/","https:\/\/www.youtube.com\/channel\/UCtxl25VieBBsP2kYmtlyv7A"]}]}},"jetpack_sharing_enabled":true,"_links":{"self":[{"href":"https:\/\/www.babcock-wanson.com\/it\/wp-json\/wp\/v2\/product\/26097","targetHints":{"allow":["GET"]}}],"collection":[{"href":"https:\/\/www.babcock-wanson.com\/it\/wp-json\/wp\/v2\/product"}],"about":[{"href":"https:\/\/www.babcock-wanson.com\/it\/wp-json\/wp\/v2\/types\/product"}],"replies":[{"embeddable":true,"href":"https:\/\/www.babcock-wanson.com\/it\/wp-json\/wp\/v2\/comments?post=26097"}],"wp:featuredmedia":[{"embeddable":true,"href":"https:\/\/www.babcock-wanson.com\/it\/wp-json\/wp\/v2\/media\/41378"}],"wp:attachment":[{"href":"https:\/\/www.babcock-wanson.com\/it\/wp-json\/wp\/v2\/media?parent=26097"}],"wp:term":[{"taxonomy":"product_brand","embeddable":true,"href":"https:\/\/www.babcock-wanson.com\/it\/wp-json\/wp\/v2\/product_brand?post=26097"},{"taxonomy":"product_cat","embeddable":true,"href":"https:\/\/www.babcock-wanson.com\/it\/wp-json\/wp\/v2\/product_cat?post=26097"},{"taxonomy":"product_tag","embeddable":true,"href":"https:\/\/www.babcock-wanson.com\/it\/wp-json\/wp\/v2\/product_tag?post=26097"}],"curies":[{"name":"wp","href":"https:\/\/api.w.org\/{rel}","templated":true}]}}