{"id":26113,"date":"2018-08-15T11:32:15","date_gmt":"2018-08-15T10:32:15","guid":{"rendered":"https:\/\/www.babcock-wanson.com\/products\/senza%20categoria\/tpc-ln-series\/"},"modified":"2020-04-29T08:45:27","modified_gmt":"2020-04-29T07:45:27","slug":"serie-tpc-ln","status":"publish","type":"product","link":"https:\/\/www.babcock-wanson.com\/it\/prodotti\/fluido-termico\/serie-tpc-ln\/","title":{"rendered":"Serie TPC-LN"},"content":{"rendered":"<div class=\"vgblk-rw-wrapper limit-wrapper\">\r\n<h3>Funzionamento Semplice e Affidabile<\/h3>\r\n<ul>\r\n<li>La camera di combustione del TPC-LN \u00e8 composta da serpentine concentriche ad avvolgimento elicoidale che formano i passaggi del gas. Questa disposizione sicura e semplice offre una camera di combustione in grado di generare un basso carico termico e basse emissioni, oltre a una maggiore durata operativa.<\/li>\r\n<li>Il TPC-LN \u00e8 consegnato pronto per essere collegato al circuito del fluido termico, all\u2019alimentazione di combustibile, di energia elettrica e ai sistemi di scarico, in modo da permettere un\u2019installazione semplice e veloce.<\/li>\r\n<li>\u00c8 disponibile un\u2019opzione per unit\u00e0 di maggiori dimensioni che integra un gas di scarico al preriscaldatore dell&#8217;aria di combustione, per migliorare ulteriormente l\u2019efficienza operativa senza influire sulle emissioni.<\/li>\r\n<li>Semplice da utilizzare e di facile manutenzione, il TPC-LN \u00e8 la scelta ideale per progetti a bassissime emissioni.<\/li>\r\n<\/ul>\r\n<h3>Ecosostenibile<\/h3>\r\n<ul>\r\n<li>I sistemi a fluido termico ad alta efficienza forniscono concreti vantaggi ambientali e basse emissioni complessive.<\/li>\r\n<li>Una minima refrattariet\u00e0 interna significa un semplice funzionamento e una manutenzione su un periodo maggiore.<\/li>\r\n<li>Costruito secondo le norme europee.<\/li>\r\n<\/ul>\r\n<h3>Gamma Completa di Apparecchiature Ausiliarie<\/h3>\r\n<ul>\r\n<li>Pompe per fluido termovettore<\/li>\r\n<li>Deareatore e serbatoio di espansione combinati Babcock Wanson<\/li>\r\n<li>Valvole e controlli del sistema<\/li>\r\n<li>Componenti ausiliari e scambiatori di calore pi\u00f9 progetti chiavi in mano su richiesta<\/li>\r\n<\/ul>\r\n<h2>Riscaldatori a Fluido Termico TPC-LN<\/h2>\r\n<table>\r\n<tbody>\r\n<tr>\r\n<th>TPC-LN<\/th>\r\n<th>Modello<\/th>\r\n<th>250<\/th>\r\n<th>450<\/th>\r\n<th>650<\/th>\r\n<th>850<\/th>\r\n<th>1250<\/th>\r\n<th>1650<\/th>\r\n<th>2050<\/th>\r\n<\/tr>\r\n<tr>\r\n<th>Potenza<\/th>\r\n<td>kW<\/td>\r\n<td>291<\/td>\r\n<td>523<\/td>\r\n<td>756<\/td>\r\n<td>988<\/td>\r\n<td>1,453<\/td>\r\n<td>1,919<\/td>\r\n<td>2,383<\/td>\r\n<\/tr>\r\n<tr>\r\n<th>Diametro<\/th>\r\n<td>mm<\/td>\r\n<td>1,102<\/td>\r\n<td>1,298<\/td>\r\n<td>1,426<\/td>\r\n<td>1,413<\/td>\r\n<td>1,743<\/td>\r\n<td>2,285<\/td>\r\n<td>2,545<\/td>\r\n<\/tr>\r\n<tr>\r\n<th>Lunghezza (bruciatore incluso)<\/th>\r\n<td>mm<\/td>\r\n<td>2,755<\/td>\r\n<td>3,070<\/td>\r\n<td>3,390<\/td>\r\n<td>3,885<\/td>\r\n<td>4,105<\/td>\r\n<td>4,560<\/td>\r\n<td>4,650<\/td>\r\n<\/tr>\r\n<\/tbody>\r\n<\/table>\r\n<p>* dimensioni aggiuntive fino a 5,8 MW disponibili su richiesta<\/p>\r\n<\/div><!-- .vgblk-rw-wrapper -->","protected":false},"excerpt":{"rendered":"<p><strong>Riscaldatori a fluido termico da 250.000 a 2.050.000 kCal\/h (da 291 a 2.383 kW)<\/strong><br \/>Il riscaldatore a fluido termico TPC-LN \u00e8 un riscaldatore multi-passo a combustione progettato per il funzionamento con gas naturale, GPL, olio combustibile domestico e una variet\u00e0 di biocombustibili speciali. Il modello del TPC-LN usa diversi tipi di bruciatori monoblocco per adattarsi all\u2019applicazione ed \u00e8 fornito completo con tutti gli interblocchi di sicurezza e i controlli completi per un funzionamento efficiente.<\/p>\n<p>Questo tipo di riscaldatore di Babcock Wanson \u00e8 disponibile in orientamento orizzontale o verticale, in modo da adattarsi a quasi ogni tipo di collocazione. \u00c8 progettato anche per soddisfare le norme pi\u00f9 rigorose in materia di emissioni di NOx e CO.<\/p>\n","protected":false},"featured_media":26118,"comment_status":"closed","ping_status":"closed","template":"","meta":{"_acf_changed":false,"_relevanssi_hide_post":"","_relevanssi_hide_content":"","_relevanssi_pin_for_all":"","_relevanssi_pin_keywords":"","_relevanssi_unpin_keywords":"","_relevanssi_related_keywords":"","_relevanssi_related_include_ids":"","_relevanssi_related_exclude_ids":"","_relevanssi_related_no_append":"","_relevanssi_related_not_related":"","_relevanssi_related_posts":"","_relevanssi_noindex_reason":""},"product_brand":[],"product_cat":[3596],"product_tag":[],"class_list":{"0":"post-26113","1":"product","2":"type-product","3":"status-publish","4":"has-post-thumbnail","6":"product_cat-fluido-termico","8":"first","9":"instock","10":"shipping-taxable","11":"product-type-simple"},"acf":[],"yoast_head":"<!-- This site is optimized with the Yoast SEO Premium plugin v27.4 (Yoast SEO v27.4) - https:\/\/yoast.com\/product\/yoast-seo-premium-wordpress\/ -->\n<title>TPC-LN Series Thermal Fluid Heaters - Babcock Wanson<\/title>\n<meta name=\"description\" content=\"TPC-LN Thermal Fluid Heater is a multi-pass fired heater designed for operation with Natural Gas, LPG, Light Fuel Oil and a variety of specialist Bio-fuels.\" \/>\n<meta name=\"robots\" content=\"index, follow, max-snippet:-1, max-image-preview:large, max-video-preview:-1\" \/>\n<link rel=\"canonical\" href=\"https:\/\/www.babcock-wanson.com\/it\/prodotti\/fluido-termico\/serie-tpc-ln\/\" \/>\n<meta property=\"og:locale\" content=\"it_IT\" \/>\n<meta property=\"og:type\" content=\"article\" \/>\n<meta property=\"og:title\" content=\"Serie TPC-LN\" \/>\n<meta property=\"og:description\" content=\"TPC-LN Thermal Fluid Heater is a multi-pass fired heater designed for operation with Natural Gas, LPG, Light Fuel Oil and a variety of specialist Bio-fuels.\" \/>\n<meta property=\"og:url\" content=\"https:\/\/www.babcock-wanson.com\/it\/prodotti\/fluido-termico\/serie-tpc-ln\/\" \/>\n<meta property=\"og:site_name\" content=\"Babcock Wanson\" \/>\n<meta property=\"article:modified_time\" content=\"2020-04-29T07:45:27+00:00\" \/>\n<meta property=\"og:image\" content=\"https:\/\/www.babcock-wanson.com\/wp-content\/uploads\/2018\/08\/tpc-ln-5.jpg\" \/>\n\t<meta property=\"og:image:width\" content=\"600\" \/>\n\t<meta property=\"og:image:height\" content=\"400\" \/>\n\t<meta property=\"og:image:type\" content=\"image\/jpeg\" \/>\n<meta name=\"twitter:card\" content=\"summary_large_image\" \/>\n<meta name=\"twitter:label1\" content=\"Est. reading time\" \/>\n\t<meta name=\"twitter:data1\" content=\"1 minuto\" \/>\n<script type=\"application\/ld+json\" class=\"yoast-schema-graph\">{\"@context\":\"https:\\\/\\\/schema.org\",\"@graph\":[{\"@type\":\"WebPage\",\"@id\":\"https:\\\/\\\/www.babcock-wanson.com\\\/it\\\/prodotti\\\/fluido-termico\\\/serie-tpc-ln\\\/\",\"url\":\"https:\\\/\\\/www.babcock-wanson.com\\\/it\\\/prodotti\\\/fluido-termico\\\/serie-tpc-ln\\\/\",\"name\":\"TPC-LN Series Thermal Fluid Heaters - Babcock Wanson\",\"isPartOf\":{\"@id\":\"https:\\\/\\\/www.babcock-wanson.com\\\/it\\\/#website\"},\"primaryImageOfPage\":{\"@id\":\"https:\\\/\\\/www.babcock-wanson.com\\\/it\\\/prodotti\\\/fluido-termico\\\/serie-tpc-ln\\\/#primaryimage\"},\"image\":{\"@id\":\"https:\\\/\\\/www.babcock-wanson.com\\\/it\\\/prodotti\\\/fluido-termico\\\/serie-tpc-ln\\\/#primaryimage\"},\"thumbnailUrl\":\"https:\\\/\\\/www.babcock-wanson.com\\\/wp-content\\\/uploads\\\/2018\\\/08\\\/tpc-ln-5.jpg\",\"datePublished\":\"2018-08-15T10:32:15+00:00\",\"dateModified\":\"2020-04-29T07:45:27+00:00\",\"description\":\"TPC-LN Thermal Fluid Heater is a multi-pass fired heater designed for operation with Natural Gas, LPG, Light Fuel Oil and a variety of specialist Bio-fuels.\",\"breadcrumb\":{\"@id\":\"https:\\\/\\\/www.babcock-wanson.com\\\/it\\\/prodotti\\\/fluido-termico\\\/serie-tpc-ln\\\/#breadcrumb\"},\"inLanguage\":\"it-IT\",\"potentialAction\":[{\"@type\":\"ReadAction\",\"target\":[\"https:\\\/\\\/www.babcock-wanson.com\\\/it\\\/prodotti\\\/fluido-termico\\\/serie-tpc-ln\\\/\"]}]},{\"@type\":\"ImageObject\",\"inLanguage\":\"it-IT\",\"@id\":\"https:\\\/\\\/www.babcock-wanson.com\\\/it\\\/prodotti\\\/fluido-termico\\\/serie-tpc-ln\\\/#primaryimage\",\"url\":\"https:\\\/\\\/www.babcock-wanson.com\\\/wp-content\\\/uploads\\\/2018\\\/08\\\/tpc-ln-5.jpg\",\"contentUrl\":\"https:\\\/\\\/www.babcock-wanson.com\\\/wp-content\\\/uploads\\\/2018\\\/08\\\/tpc-ln-5.jpg\",\"width\":600,\"height\":400},{\"@type\":\"BreadcrumbList\",\"@id\":\"https:\\\/\\\/www.babcock-wanson.com\\\/it\\\/prodotti\\\/fluido-termico\\\/serie-tpc-ln\\\/#breadcrumb\",\"itemListElement\":[{\"@type\":\"ListItem\",\"position\":1,\"name\":\"Inicio\",\"item\":\"https:\\\/\\\/www.babcock-wanson.com\\\/it\\\/\"},{\"@type\":\"ListItem\",\"position\":2,\"name\":\"Prodotti\",\"item\":\"https:\\\/\\\/www.babcock-wanson.com\\\/it\\\/shop\\\/\"},{\"@type\":\"ListItem\",\"position\":3,\"name\":\"Fluido termico\",\"item\":\"https:\\\/\\\/www.babcock-wanson.com\\\/it\\\/categoria-prodotto\\\/fluido-termico\\\/\"},{\"@type\":\"ListItem\",\"position\":4,\"name\":\"Serie TPC-LN\"}]},{\"@type\":\"WebSite\",\"@id\":\"https:\\\/\\\/www.babcock-wanson.com\\\/it\\\/#website\",\"url\":\"https:\\\/\\\/www.babcock-wanson.com\\\/it\\\/\",\"name\":\"Babcock Wanson\",\"description\":\"\",\"publisher\":{\"@id\":\"https:\\\/\\\/www.babcock-wanson.com\\\/it\\\/#organization\"},\"potentialAction\":[{\"@type\":\"SearchAction\",\"target\":{\"@type\":\"EntryPoint\",\"urlTemplate\":\"https:\\\/\\\/www.babcock-wanson.com\\\/it\\\/?s={search_term_string}\"},\"query-input\":{\"@type\":\"PropertyValueSpecification\",\"valueRequired\":true,\"valueName\":\"search_term_string\"}}],\"inLanguage\":\"it-IT\"},{\"@type\":\"Organization\",\"@id\":\"https:\\\/\\\/www.babcock-wanson.com\\\/it\\\/#organization\",\"name\":\"Babcock Wanson\",\"url\":\"https:\\\/\\\/www.babcock-wanson.com\\\/it\\\/\",\"logo\":{\"@type\":\"ImageObject\",\"inLanguage\":\"it-IT\",\"@id\":\"https:\\\/\\\/www.babcock-wanson.com\\\/it\\\/#\\\/schema\\\/logo\\\/image\\\/\",\"url\":\"https:\\\/\\\/www.babcock-wanson.com\\\/wp-content\\\/uploads\\\/2024\\\/02\\\/Babcock-Wanson-1200x1200-1.png\",\"contentUrl\":\"https:\\\/\\\/www.babcock-wanson.com\\\/wp-content\\\/uploads\\\/2024\\\/02\\\/Babcock-Wanson-1200x1200-1.png\",\"width\":1200,\"height\":1200,\"caption\":\"Babcock Wanson\"},\"image\":{\"@id\":\"https:\\\/\\\/www.babcock-wanson.com\\\/it\\\/#\\\/schema\\\/logo\\\/image\\\/\"},\"sameAs\":[\"https:\\\/\\\/www.linkedin.com\\\/company\\\/babcock-wanson\\\/\",\"https:\\\/\\\/www.youtube.com\\\/channel\\\/UCtxl25VieBBsP2kYmtlyv7A\"]}]}<\/script>\n<!-- \/ Yoast SEO Premium plugin. -->","yoast_head_json":{"title":"TPC-LN Series Thermal Fluid Heaters - Babcock Wanson","description":"TPC-LN Thermal Fluid Heater is a multi-pass fired heater designed for operation with Natural Gas, LPG, Light Fuel Oil and a variety of specialist Bio-fuels.","robots":{"index":"index","follow":"follow","max-snippet":"max-snippet:-1","max-image-preview":"max-image-preview:large","max-video-preview":"max-video-preview:-1"},"canonical":"https:\/\/www.babcock-wanson.com\/it\/prodotti\/fluido-termico\/serie-tpc-ln\/","og_locale":"it_IT","og_type":"article","og_title":"Serie TPC-LN","og_description":"TPC-LN Thermal Fluid Heater is a multi-pass fired heater designed for operation with Natural Gas, LPG, Light Fuel Oil and a variety of specialist Bio-fuels.","og_url":"https:\/\/www.babcock-wanson.com\/it\/prodotti\/fluido-termico\/serie-tpc-ln\/","og_site_name":"Babcock Wanson","article_modified_time":"2020-04-29T07:45:27+00:00","og_image":[{"width":600,"height":400,"url":"https:\/\/www.babcock-wanson.com\/wp-content\/uploads\/2018\/08\/tpc-ln-5.jpg","type":"image\/jpeg"}],"twitter_card":"summary_large_image","twitter_misc":{"Est. reading time":"1 minuto"},"schema":{"@context":"https:\/\/schema.org","@graph":[{"@type":"WebPage","@id":"https:\/\/www.babcock-wanson.com\/it\/prodotti\/fluido-termico\/serie-tpc-ln\/","url":"https:\/\/www.babcock-wanson.com\/it\/prodotti\/fluido-termico\/serie-tpc-ln\/","name":"TPC-LN Series Thermal Fluid Heaters - Babcock Wanson","isPartOf":{"@id":"https:\/\/www.babcock-wanson.com\/it\/#website"},"primaryImageOfPage":{"@id":"https:\/\/www.babcock-wanson.com\/it\/prodotti\/fluido-termico\/serie-tpc-ln\/#primaryimage"},"image":{"@id":"https:\/\/www.babcock-wanson.com\/it\/prodotti\/fluido-termico\/serie-tpc-ln\/#primaryimage"},"thumbnailUrl":"https:\/\/www.babcock-wanson.com\/wp-content\/uploads\/2018\/08\/tpc-ln-5.jpg","datePublished":"2018-08-15T10:32:15+00:00","dateModified":"2020-04-29T07:45:27+00:00","description":"TPC-LN Thermal Fluid Heater is a multi-pass fired heater designed for operation with Natural Gas, LPG, Light Fuel Oil and a variety of specialist Bio-fuels.","breadcrumb":{"@id":"https:\/\/www.babcock-wanson.com\/it\/prodotti\/fluido-termico\/serie-tpc-ln\/#breadcrumb"},"inLanguage":"it-IT","potentialAction":[{"@type":"ReadAction","target":["https:\/\/www.babcock-wanson.com\/it\/prodotti\/fluido-termico\/serie-tpc-ln\/"]}]},{"@type":"ImageObject","inLanguage":"it-IT","@id":"https:\/\/www.babcock-wanson.com\/it\/prodotti\/fluido-termico\/serie-tpc-ln\/#primaryimage","url":"https:\/\/www.babcock-wanson.com\/wp-content\/uploads\/2018\/08\/tpc-ln-5.jpg","contentUrl":"https:\/\/www.babcock-wanson.com\/wp-content\/uploads\/2018\/08\/tpc-ln-5.jpg","width":600,"height":400},{"@type":"BreadcrumbList","@id":"https:\/\/www.babcock-wanson.com\/it\/prodotti\/fluido-termico\/serie-tpc-ln\/#breadcrumb","itemListElement":[{"@type":"ListItem","position":1,"name":"Inicio","item":"https:\/\/www.babcock-wanson.com\/it\/"},{"@type":"ListItem","position":2,"name":"Prodotti","item":"https:\/\/www.babcock-wanson.com\/it\/shop\/"},{"@type":"ListItem","position":3,"name":"Fluido termico","item":"https:\/\/www.babcock-wanson.com\/it\/categoria-prodotto\/fluido-termico\/"},{"@type":"ListItem","position":4,"name":"Serie TPC-LN"}]},{"@type":"WebSite","@id":"https:\/\/www.babcock-wanson.com\/it\/#website","url":"https:\/\/www.babcock-wanson.com\/it\/","name":"Babcock Wanson","description":"","publisher":{"@id":"https:\/\/www.babcock-wanson.com\/it\/#organization"},"potentialAction":[{"@type":"SearchAction","target":{"@type":"EntryPoint","urlTemplate":"https:\/\/www.babcock-wanson.com\/it\/?s={search_term_string}"},"query-input":{"@type":"PropertyValueSpecification","valueRequired":true,"valueName":"search_term_string"}}],"inLanguage":"it-IT"},{"@type":"Organization","@id":"https:\/\/www.babcock-wanson.com\/it\/#organization","name":"Babcock Wanson","url":"https:\/\/www.babcock-wanson.com\/it\/","logo":{"@type":"ImageObject","inLanguage":"it-IT","@id":"https:\/\/www.babcock-wanson.com\/it\/#\/schema\/logo\/image\/","url":"https:\/\/www.babcock-wanson.com\/wp-content\/uploads\/2024\/02\/Babcock-Wanson-1200x1200-1.png","contentUrl":"https:\/\/www.babcock-wanson.com\/wp-content\/uploads\/2024\/02\/Babcock-Wanson-1200x1200-1.png","width":1200,"height":1200,"caption":"Babcock Wanson"},"image":{"@id":"https:\/\/www.babcock-wanson.com\/it\/#\/schema\/logo\/image\/"},"sameAs":["https:\/\/www.linkedin.com\/company\/babcock-wanson\/","https:\/\/www.youtube.com\/channel\/UCtxl25VieBBsP2kYmtlyv7A"]}]}},"jetpack_sharing_enabled":true,"_links":{"self":[{"href":"https:\/\/www.babcock-wanson.com\/it\/wp-json\/wp\/v2\/product\/26113","targetHints":{"allow":["GET"]}}],"collection":[{"href":"https:\/\/www.babcock-wanson.com\/it\/wp-json\/wp\/v2\/product"}],"about":[{"href":"https:\/\/www.babcock-wanson.com\/it\/wp-json\/wp\/v2\/types\/product"}],"replies":[{"embeddable":true,"href":"https:\/\/www.babcock-wanson.com\/it\/wp-json\/wp\/v2\/comments?post=26113"}],"wp:featuredmedia":[{"embeddable":true,"href":"https:\/\/www.babcock-wanson.com\/it\/wp-json\/wp\/v2\/media\/26118"}],"wp:attachment":[{"href":"https:\/\/www.babcock-wanson.com\/it\/wp-json\/wp\/v2\/media?parent=26113"}],"wp:term":[{"taxonomy":"product_brand","embeddable":true,"href":"https:\/\/www.babcock-wanson.com\/it\/wp-json\/wp\/v2\/product_brand?post=26113"},{"taxonomy":"product_cat","embeddable":true,"href":"https:\/\/www.babcock-wanson.com\/it\/wp-json\/wp\/v2\/product_cat?post=26113"},{"taxonomy":"product_tag","embeddable":true,"href":"https:\/\/www.babcock-wanson.com\/it\/wp-json\/wp\/v2\/product_tag?post=26113"}],"curies":[{"name":"wp","href":"https:\/\/api.w.org\/{rel}","templated":true}]}}