{"id":26124,"date":"2018-08-15T11:32:09","date_gmt":"2018-08-15T10:32:09","guid":{"rendered":"https:\/\/www.babcock-wanson.com\/products\/senza%20categoria\/epc-h-series\/"},"modified":"2020-04-29T08:45:20","modified_gmt":"2020-04-29T07:45:20","slug":"serie-epc-h","status":"publish","type":"product","link":"https:\/\/www.babcock-wanson.com\/it\/prodotti\/fluido-termico\/serie-epc-h\/","title":{"rendered":"Serie EPC-H"},"content":{"rendered":"<div class=\"vgblk-rw-wrapper limit-wrapper\">\r\n<h3>Efficienza Elevata<\/h3>\r\n<p>La camera di combustione \u00e8 progettata per un basso carico termico ed \u00e8 dotata di una grande superficie di scambio di calore che genera un\u2019efficienza termica elevata fino al 92%. Il modello di scambio di calore produce anche un calo di pressione ottimale lato fluido, riducendo cos\u00ec la richiesta di energia della pompa di circolazione (da ottimizzare per sistemi ad alti flussi).<\/p>\r\n<h3>Funzionamento Semplice e Affidabile<\/h3>\r\n<ul>\r\n<li>L\u2019EPC-H \u00e8 consegnato pronto per essere collegato al circuito del fluido termico, dell\u2019alimentazione di combustibile, dell\u2019energia elettrica e dei sistemi di scarico permettendo un\u2019installazione rapida e semplice.<\/li>\r\n<li>Il bruciatore Babcock Wanson, robusto e collaudato, \u00e8 stato progettato parallelamente al design della camera di combustione e dei passaggi dei gas di scarico. Grazie all\u2019elevata efficienza di funzionamento, questo design ottimale \u00e8 in grado di garantire una vita utile maggiore dell\u2019apparecchio.<\/li>\r\n<li>Nonostante il funzionamento ad alta potenza, l\u2019EPC-H \u00e8 in grado di soddisfare le richieste ambientali pi\u00f9 rigorose in materia di emissioni di gas di scarico.<\/li>\r\n<li>I sistemi di monitoraggio del flusso incorporati nel design del riscaldatore assicurano l\u2019assenza di problemi e un&#8217;affidabile durata del fluido.<\/li>\r\n<li>Essendo semplice da utilizzare e di facile manutenzione, l\u2019EPC-H \u00e8 la scelta ideale per progetti con richieste di energia pi\u00f9 elevate a bassissime emissioni.<\/li>\r\n<\/ul>\r\n<h3>Ecosostenibile<\/h3>\r\n<ul>\r\n<li>Costruito seguendo progetti collaudati per assicurare un ridotto consumo di combustibile e grande facilit\u00e0 di funzionamento.<\/li>\r\n<li>Una minima refrattariet\u00e0 interna significa un semplice funzionamento e una manutenzione su un periodo maggiore.<\/li>\r\n<li>I sistemi a fluido termico ad alta efficienza con ridotto flusso dei gas di scarico forniscono concreti vantaggi ambientali.<\/li>\r\n<\/ul>\r\n<h3>Gamma completa di Apparecchiature Ausiliarie<\/h3>\r\n<ul>\r\n<li>Costruzioni premontate &#8211; in combinazione con un generatore di vapore SOV<\/li>\r\n<li>Pompe per fluido termovettore<\/li>\r\n<li>Valvole e controlli del sistema<\/li>\r\n<li>Componenti ausiliari e scambiatori di calore pi\u00f9 progetti chiavi in mano su richiesta<\/li>\r\n<\/ul>\r\n<h2>Riscaldatori a Fluido Termico EPC-H Series<\/h2>\r\n<table>\r\n<tbody>\r\n<tr>\r\n<th>EPC-H<\/th>\r\n<th>Modello<\/th>\r\n<th>2000<\/th>\r\n<th>3000<\/th>\r\n<th>4000<\/th>\r\n<th>5000<\/th>\r\n<th>6000<\/th>\r\n<th>7000<\/th>\r\n<th>8000<\/th>\r\n<th>10000<\/th>\r\n<th>12000<\/th>\r\n<\/tr>\r\n<tr>\r\n<th>Potenza<\/th>\r\n<th>kCal\/hx1000<\/th>\r\n<td>2000<\/td>\r\n<td>3000<\/td>\r\n<td>4000<\/td>\r\n<td>5000<\/td>\r\n<td>6000<\/td>\r\n<td>7000<\/td>\r\n<td>8000<\/td>\r\n<td>10000<\/td>\r\n<td>12000<\/td>\r\n<\/tr>\r\n<tr>\r\n<th>\u00a0<\/th>\r\n<th>Kw<\/th>\r\n<td>2326<\/td>\r\n<td>3488<\/td>\r\n<td>4651<\/td>\r\n<td>5814<\/td>\r\n<td>6977<\/td>\r\n<td>8140<\/td>\r\n<td>9302<\/td>\r\n<td>11628<\/td>\r\n<td>13953<\/td>\r\n<\/tr>\r\n<tr>\r\n<th>Larghezza<\/th>\r\n<th>mm<\/th>\r\n<td>2368<\/td>\r\n<td>2472<\/td>\r\n<td>2668<\/td>\r\n<td>2768<\/td>\r\n<td>3096<\/td>\r\n<td>3268<\/td>\r\n<td>3268<\/td>\r\n<td>3668<\/td>\r\n<td>3668<\/td>\r\n<\/tr>\r\n<tr>\r\n<th>Lunghezza<\/th>\r\n<th>mm<\/th>\r\n<td>5744<\/td>\r\n<td>6557<\/td>\r\n<td>6921<\/td>\r\n<td>7191<\/td>\r\n<td>7391<\/td>\r\n<td>8450<\/td>\r\n<td>9058<\/td>\r\n<td>9595<\/td>\r\n<td>9595<\/td>\r\n<\/tr>\r\n<tr>\r\n<th>Altezza<\/th>\r\n<th>mm<\/th>\r\n<td>2413<\/td>\r\n<td>2543<\/td>\r\n<td>2795<\/td>\r\n<td>2901<\/td>\r\n<td>3216<\/td>\r\n<td>3462<\/td>\r\n<td>3512<\/td>\r\n<td>3797<\/td>\r\n<td>4091<\/td>\r\n<\/tr>\r\n<\/tbody>\r\n<\/table>\r\n<\/div><!-- .vgblk-rw-wrapper -->","protected":false},"excerpt":{"rendered":"<p><strong>Potenze da 2.000.000 a 12.000.000 kCal\/h (da 2.326 a 13.953 kW)<\/strong> <br \/>Il riscaldatore EPC-H di Babcock Wanson \u00e8 costituito da una struttura orizzontale, tubolare, multi-passo, alimentata a fluido termico, progettata per un funzionamento ad alta efficienza utilizzando gas naturale, GPL, olio combustibile domestico e una variet\u00e0 di biocombustibili speciali. Il riscaldatore EPC-H \u00e8 stato progettato per adattarsi a una vasta serie di industrie di processo e per garantire efficienza, semplicit\u00e0, sicurezza e affidabilit\u00e0 di funzionamento.<\/p>\n","protected":false},"featured_media":25646,"comment_status":"closed","ping_status":"closed","template":"","meta":{"_acf_changed":false,"_relevanssi_hide_post":"","_relevanssi_hide_content":"","_relevanssi_pin_for_all":"","_relevanssi_pin_keywords":"","_relevanssi_unpin_keywords":"","_relevanssi_related_keywords":"","_relevanssi_related_include_ids":"","_relevanssi_related_exclude_ids":"","_relevanssi_related_no_append":"","_relevanssi_related_not_related":"","_relevanssi_related_posts":"","_relevanssi_noindex_reason":""},"product_brand":[],"product_cat":[3596],"product_tag":[],"class_list":{"0":"post-26124","1":"product","2":"type-product","3":"status-publish","4":"has-post-thumbnail","6":"product_cat-fluido-termico","8":"first","9":"instock","10":"shipping-taxable","11":"product-type-simple"},"acf":[],"yoast_head":"<!-- This site is optimized with the Yoast SEO Premium plugin v27.4 (Yoast SEO v27.4) - https:\/\/yoast.com\/product\/yoast-seo-premium-wordpress\/ -->\n<title>EPC-H Series Thermal Fluid Heaters - Babcock Wanson<\/title>\n<meta name=\"description\" content=\"The EPC-H Heater has been designed to be suitable for a wide range of process industries and to be efficient, simple, safe and reliable in operation. Click here to learn more\" \/>\n<meta name=\"robots\" content=\"index, follow, max-snippet:-1, max-image-preview:large, max-video-preview:-1\" \/>\n<link rel=\"canonical\" href=\"https:\/\/www.babcock-wanson.com\/it\/prodotti\/fluido-termico\/serie-epc-h\/\" \/>\n<meta property=\"og:locale\" content=\"it_IT\" \/>\n<meta property=\"og:type\" content=\"article\" \/>\n<meta property=\"og:title\" content=\"Serie EPC-H\" \/>\n<meta property=\"og:description\" content=\"The EPC-H Heater has been designed to be suitable for a wide range of process industries and to be efficient, simple, safe and reliable in operation. Click here to learn more\" \/>\n<meta property=\"og:url\" content=\"https:\/\/www.babcock-wanson.com\/it\/prodotti\/fluido-termico\/serie-epc-h\/\" \/>\n<meta property=\"og:site_name\" content=\"Babcock Wanson\" \/>\n<meta property=\"article:modified_time\" content=\"2020-04-29T07:45:20+00:00\" \/>\n<meta property=\"og:image\" content=\"https:\/\/www.babcock-wanson.com\/wp-content\/uploads\/2018\/08\/EPC-H-Thermal-Fluid-Heater-3.jpg\" \/>\n\t<meta property=\"og:image:width\" content=\"600\" \/>\n\t<meta property=\"og:image:height\" content=\"400\" \/>\n\t<meta property=\"og:image:type\" content=\"image\/jpeg\" \/>\n<meta name=\"twitter:card\" content=\"summary_large_image\" \/>\n<meta name=\"twitter:label1\" content=\"Est. reading time\" \/>\n\t<meta name=\"twitter:data1\" content=\"2 minuti\" \/>\n<script type=\"application\/ld+json\" class=\"yoast-schema-graph\">{\"@context\":\"https:\\\/\\\/schema.org\",\"@graph\":[{\"@type\":\"WebPage\",\"@id\":\"https:\\\/\\\/www.babcock-wanson.com\\\/it\\\/prodotti\\\/fluido-termico\\\/serie-epc-h\\\/\",\"url\":\"https:\\\/\\\/www.babcock-wanson.com\\\/it\\\/prodotti\\\/fluido-termico\\\/serie-epc-h\\\/\",\"name\":\"EPC-H Series Thermal Fluid Heaters - Babcock Wanson\",\"isPartOf\":{\"@id\":\"https:\\\/\\\/www.babcock-wanson.com\\\/it\\\/#website\"},\"primaryImageOfPage\":{\"@id\":\"https:\\\/\\\/www.babcock-wanson.com\\\/it\\\/prodotti\\\/fluido-termico\\\/serie-epc-h\\\/#primaryimage\"},\"image\":{\"@id\":\"https:\\\/\\\/www.babcock-wanson.com\\\/it\\\/prodotti\\\/fluido-termico\\\/serie-epc-h\\\/#primaryimage\"},\"thumbnailUrl\":\"https:\\\/\\\/www.babcock-wanson.com\\\/wp-content\\\/uploads\\\/2018\\\/08\\\/EPC-H-Thermal-Fluid-Heater-3.jpg\",\"datePublished\":\"2018-08-15T10:32:09+00:00\",\"dateModified\":\"2020-04-29T07:45:20+00:00\",\"description\":\"The EPC-H Heater has been designed to be suitable for a wide range of process industries and to be efficient, simple, safe and reliable in operation. Click here to learn more\",\"breadcrumb\":{\"@id\":\"https:\\\/\\\/www.babcock-wanson.com\\\/it\\\/prodotti\\\/fluido-termico\\\/serie-epc-h\\\/#breadcrumb\"},\"inLanguage\":\"it-IT\",\"potentialAction\":[{\"@type\":\"ReadAction\",\"target\":[\"https:\\\/\\\/www.babcock-wanson.com\\\/it\\\/prodotti\\\/fluido-termico\\\/serie-epc-h\\\/\"]}]},{\"@type\":\"ImageObject\",\"inLanguage\":\"it-IT\",\"@id\":\"https:\\\/\\\/www.babcock-wanson.com\\\/it\\\/prodotti\\\/fluido-termico\\\/serie-epc-h\\\/#primaryimage\",\"url\":\"https:\\\/\\\/www.babcock-wanson.com\\\/wp-content\\\/uploads\\\/2018\\\/08\\\/EPC-H-Thermal-Fluid-Heater-3.jpg\",\"contentUrl\":\"https:\\\/\\\/www.babcock-wanson.com\\\/wp-content\\\/uploads\\\/2018\\\/08\\\/EPC-H-Thermal-Fluid-Heater-3.jpg\",\"width\":600,\"height\":400,\"caption\":\"EPC-H-Riscaldatori-a-fluido-termico\"},{\"@type\":\"BreadcrumbList\",\"@id\":\"https:\\\/\\\/www.babcock-wanson.com\\\/it\\\/prodotti\\\/fluido-termico\\\/serie-epc-h\\\/#breadcrumb\",\"itemListElement\":[{\"@type\":\"ListItem\",\"position\":1,\"name\":\"Inicio\",\"item\":\"https:\\\/\\\/www.babcock-wanson.com\\\/it\\\/\"},{\"@type\":\"ListItem\",\"position\":2,\"name\":\"Prodotti\",\"item\":\"https:\\\/\\\/www.babcock-wanson.com\\\/it\\\/shop\\\/\"},{\"@type\":\"ListItem\",\"position\":3,\"name\":\"Fluido termico\",\"item\":\"https:\\\/\\\/www.babcock-wanson.com\\\/it\\\/categoria-prodotto\\\/fluido-termico\\\/\"},{\"@type\":\"ListItem\",\"position\":4,\"name\":\"Serie EPC-H\"}]},{\"@type\":\"WebSite\",\"@id\":\"https:\\\/\\\/www.babcock-wanson.com\\\/it\\\/#website\",\"url\":\"https:\\\/\\\/www.babcock-wanson.com\\\/it\\\/\",\"name\":\"Babcock Wanson\",\"description\":\"\",\"publisher\":{\"@id\":\"https:\\\/\\\/www.babcock-wanson.com\\\/it\\\/#organization\"},\"potentialAction\":[{\"@type\":\"SearchAction\",\"target\":{\"@type\":\"EntryPoint\",\"urlTemplate\":\"https:\\\/\\\/www.babcock-wanson.com\\\/it\\\/?s={search_term_string}\"},\"query-input\":{\"@type\":\"PropertyValueSpecification\",\"valueRequired\":true,\"valueName\":\"search_term_string\"}}],\"inLanguage\":\"it-IT\"},{\"@type\":\"Organization\",\"@id\":\"https:\\\/\\\/www.babcock-wanson.com\\\/it\\\/#organization\",\"name\":\"Babcock Wanson\",\"url\":\"https:\\\/\\\/www.babcock-wanson.com\\\/it\\\/\",\"logo\":{\"@type\":\"ImageObject\",\"inLanguage\":\"it-IT\",\"@id\":\"https:\\\/\\\/www.babcock-wanson.com\\\/it\\\/#\\\/schema\\\/logo\\\/image\\\/\",\"url\":\"https:\\\/\\\/www.babcock-wanson.com\\\/wp-content\\\/uploads\\\/2024\\\/02\\\/Babcock-Wanson-1200x1200-1.png\",\"contentUrl\":\"https:\\\/\\\/www.babcock-wanson.com\\\/wp-content\\\/uploads\\\/2024\\\/02\\\/Babcock-Wanson-1200x1200-1.png\",\"width\":1200,\"height\":1200,\"caption\":\"Babcock Wanson\"},\"image\":{\"@id\":\"https:\\\/\\\/www.babcock-wanson.com\\\/it\\\/#\\\/schema\\\/logo\\\/image\\\/\"},\"sameAs\":[\"https:\\\/\\\/www.linkedin.com\\\/company\\\/babcock-wanson\\\/\",\"https:\\\/\\\/www.youtube.com\\\/channel\\\/UCtxl25VieBBsP2kYmtlyv7A\"]}]}<\/script>\n<!-- \/ Yoast SEO Premium plugin. -->","yoast_head_json":{"title":"EPC-H Series Thermal Fluid Heaters - Babcock Wanson","description":"The EPC-H Heater has been designed to be suitable for a wide range of process industries and to be efficient, simple, safe and reliable in operation. Click here to learn more","robots":{"index":"index","follow":"follow","max-snippet":"max-snippet:-1","max-image-preview":"max-image-preview:large","max-video-preview":"max-video-preview:-1"},"canonical":"https:\/\/www.babcock-wanson.com\/it\/prodotti\/fluido-termico\/serie-epc-h\/","og_locale":"it_IT","og_type":"article","og_title":"Serie EPC-H","og_description":"The EPC-H Heater has been designed to be suitable for a wide range of process industries and to be efficient, simple, safe and reliable in operation. Click here to learn more","og_url":"https:\/\/www.babcock-wanson.com\/it\/prodotti\/fluido-termico\/serie-epc-h\/","og_site_name":"Babcock Wanson","article_modified_time":"2020-04-29T07:45:20+00:00","og_image":[{"width":600,"height":400,"url":"https:\/\/www.babcock-wanson.com\/wp-content\/uploads\/2018\/08\/EPC-H-Thermal-Fluid-Heater-3.jpg","type":"image\/jpeg"}],"twitter_card":"summary_large_image","twitter_misc":{"Est. reading time":"2 minuti"},"schema":{"@context":"https:\/\/schema.org","@graph":[{"@type":"WebPage","@id":"https:\/\/www.babcock-wanson.com\/it\/prodotti\/fluido-termico\/serie-epc-h\/","url":"https:\/\/www.babcock-wanson.com\/it\/prodotti\/fluido-termico\/serie-epc-h\/","name":"EPC-H Series Thermal Fluid Heaters - Babcock Wanson","isPartOf":{"@id":"https:\/\/www.babcock-wanson.com\/it\/#website"},"primaryImageOfPage":{"@id":"https:\/\/www.babcock-wanson.com\/it\/prodotti\/fluido-termico\/serie-epc-h\/#primaryimage"},"image":{"@id":"https:\/\/www.babcock-wanson.com\/it\/prodotti\/fluido-termico\/serie-epc-h\/#primaryimage"},"thumbnailUrl":"https:\/\/www.babcock-wanson.com\/wp-content\/uploads\/2018\/08\/EPC-H-Thermal-Fluid-Heater-3.jpg","datePublished":"2018-08-15T10:32:09+00:00","dateModified":"2020-04-29T07:45:20+00:00","description":"The EPC-H Heater has been designed to be suitable for a wide range of process industries and to be efficient, simple, safe and reliable in operation. Click here to learn more","breadcrumb":{"@id":"https:\/\/www.babcock-wanson.com\/it\/prodotti\/fluido-termico\/serie-epc-h\/#breadcrumb"},"inLanguage":"it-IT","potentialAction":[{"@type":"ReadAction","target":["https:\/\/www.babcock-wanson.com\/it\/prodotti\/fluido-termico\/serie-epc-h\/"]}]},{"@type":"ImageObject","inLanguage":"it-IT","@id":"https:\/\/www.babcock-wanson.com\/it\/prodotti\/fluido-termico\/serie-epc-h\/#primaryimage","url":"https:\/\/www.babcock-wanson.com\/wp-content\/uploads\/2018\/08\/EPC-H-Thermal-Fluid-Heater-3.jpg","contentUrl":"https:\/\/www.babcock-wanson.com\/wp-content\/uploads\/2018\/08\/EPC-H-Thermal-Fluid-Heater-3.jpg","width":600,"height":400,"caption":"EPC-H-Riscaldatori-a-fluido-termico"},{"@type":"BreadcrumbList","@id":"https:\/\/www.babcock-wanson.com\/it\/prodotti\/fluido-termico\/serie-epc-h\/#breadcrumb","itemListElement":[{"@type":"ListItem","position":1,"name":"Inicio","item":"https:\/\/www.babcock-wanson.com\/it\/"},{"@type":"ListItem","position":2,"name":"Prodotti","item":"https:\/\/www.babcock-wanson.com\/it\/shop\/"},{"@type":"ListItem","position":3,"name":"Fluido termico","item":"https:\/\/www.babcock-wanson.com\/it\/categoria-prodotto\/fluido-termico\/"},{"@type":"ListItem","position":4,"name":"Serie EPC-H"}]},{"@type":"WebSite","@id":"https:\/\/www.babcock-wanson.com\/it\/#website","url":"https:\/\/www.babcock-wanson.com\/it\/","name":"Babcock Wanson","description":"","publisher":{"@id":"https:\/\/www.babcock-wanson.com\/it\/#organization"},"potentialAction":[{"@type":"SearchAction","target":{"@type":"EntryPoint","urlTemplate":"https:\/\/www.babcock-wanson.com\/it\/?s={search_term_string}"},"query-input":{"@type":"PropertyValueSpecification","valueRequired":true,"valueName":"search_term_string"}}],"inLanguage":"it-IT"},{"@type":"Organization","@id":"https:\/\/www.babcock-wanson.com\/it\/#organization","name":"Babcock Wanson","url":"https:\/\/www.babcock-wanson.com\/it\/","logo":{"@type":"ImageObject","inLanguage":"it-IT","@id":"https:\/\/www.babcock-wanson.com\/it\/#\/schema\/logo\/image\/","url":"https:\/\/www.babcock-wanson.com\/wp-content\/uploads\/2024\/02\/Babcock-Wanson-1200x1200-1.png","contentUrl":"https:\/\/www.babcock-wanson.com\/wp-content\/uploads\/2024\/02\/Babcock-Wanson-1200x1200-1.png","width":1200,"height":1200,"caption":"Babcock Wanson"},"image":{"@id":"https:\/\/www.babcock-wanson.com\/it\/#\/schema\/logo\/image\/"},"sameAs":["https:\/\/www.linkedin.com\/company\/babcock-wanson\/","https:\/\/www.youtube.com\/channel\/UCtxl25VieBBsP2kYmtlyv7A"]}]}},"jetpack_sharing_enabled":true,"_links":{"self":[{"href":"https:\/\/www.babcock-wanson.com\/it\/wp-json\/wp\/v2\/product\/26124","targetHints":{"allow":["GET"]}}],"collection":[{"href":"https:\/\/www.babcock-wanson.com\/it\/wp-json\/wp\/v2\/product"}],"about":[{"href":"https:\/\/www.babcock-wanson.com\/it\/wp-json\/wp\/v2\/types\/product"}],"replies":[{"embeddable":true,"href":"https:\/\/www.babcock-wanson.com\/it\/wp-json\/wp\/v2\/comments?post=26124"}],"wp:featuredmedia":[{"embeddable":true,"href":"https:\/\/www.babcock-wanson.com\/it\/wp-json\/wp\/v2\/media\/25646"}],"wp:attachment":[{"href":"https:\/\/www.babcock-wanson.com\/it\/wp-json\/wp\/v2\/media?parent=26124"}],"wp:term":[{"taxonomy":"product_brand","embeddable":true,"href":"https:\/\/www.babcock-wanson.com\/it\/wp-json\/wp\/v2\/product_brand?post=26124"},{"taxonomy":"product_cat","embeddable":true,"href":"https:\/\/www.babcock-wanson.com\/it\/wp-json\/wp\/v2\/product_cat?post=26124"},{"taxonomy":"product_tag","embeddable":true,"href":"https:\/\/www.babcock-wanson.com\/it\/wp-json\/wp\/v2\/product_tag?post=26124"}],"curies":[{"name":"wp","href":"https:\/\/api.w.org\/{rel}","templated":true}]}}