{"id":26185,"date":"2019-02-11T15:04:13","date_gmt":"2019-02-11T15:04:13","guid":{"rendered":"https:\/\/www.babcock-wanson.com\/products\/senza%20categoria\/sov-soas-saoc-series-thermal-fluid-heat-exchangers\/"},"modified":"2021-11-08T16:24:41","modified_gmt":"2021-11-08T16:24:41","slug":"sov-soas-saoc-series-thermal-fluid-heat-exchangers","status":"publish","type":"product","link":"https:\/\/www.babcock-wanson.com\/it\/prodotti\/sistemi-di-recupero-del-calore\/sov-soas-saoc-series-thermal-fluid-heat-exchangers\/","title":{"rendered":"Serie SOV-SOAS-SAOC"},"content":{"rendered":"","protected":false},"excerpt":{"rendered":"<p>Oltre a utilizzare fluido termico riscaldato in un\u2019unit\u00e0 di <a href=\"https:\/\/www.babcock-wanson.com\/it\/categoria-prodotto\/sistemi-di-recupero-del-calore\/\" target=\"_blank\" rel=\"noopener\">recupero del calore<\/a> EXT, i processi riscaldati usando un fluido termico possono anche necessitare di vapore, acqua calda o acqua surriscaldata. Babcock Wanson offre scambiatori di calore specifici per le esigenze dei processi industriali progettati per funzionare con fluidi diversi. Questi apparecchi dispongono di comandi completamente modulanti incorporati o di comandi on\/off pi\u00f9 semplici per le unit\u00e0 pi\u00f9 piccole.<\/p>\n<ul>\n<li>La serie SOV \u00e8 progettata per produrre vapore fino a 65 barg<\/li>\n<li>La serie SOAS produce acqua surriscaldata<\/li>\n<li>La serie SOAC produce acqua calda<\/li>\n<\/ul>\n<p>Babcock Wanson \u00e8 in grado di implementare le soluzioni termiche richieste per le diverse esigenze dei processi industriali.<\/p>\n","protected":false},"featured_media":25599,"comment_status":"closed","ping_status":"closed","template":"","meta":{"_acf_changed":false,"_relevanssi_hide_post":"","_relevanssi_hide_content":"","_relevanssi_pin_for_all":"","_relevanssi_pin_keywords":"","_relevanssi_unpin_keywords":"","_relevanssi_related_keywords":"","_relevanssi_related_include_ids":"","_relevanssi_related_exclude_ids":"","_relevanssi_related_no_append":"","_relevanssi_related_not_related":"","_relevanssi_related_posts":"","_relevanssi_noindex_reason":""},"product_brand":[],"product_cat":[3590],"product_tag":[],"class_list":{"0":"post-26185","1":"product","2":"type-product","3":"status-publish","4":"has-post-thumbnail","6":"product_cat-sistemi-di-recupero-del-calore","8":"first","9":"instock","10":"shipping-taxable","11":"product-type-simple"},"acf":[],"yoast_head":"<!-- This site is optimized with the Yoast SEO Premium plugin v27.1 (Yoast SEO v27.1.1) - https:\/\/yoast.com\/product\/yoast-seo-premium-wordpress\/ -->\n<title>Serie SOV-SOAS-SAOC - Babcock Wanson<\/title>\n<meta name=\"description\" content=\"As well as utilising Thermal Fluid heated in an EXT heat recovery unit, processes heated using Thermal Fluid can also have a demand for steam, hot water or superheated water.\" \/>\n<meta name=\"robots\" content=\"index, follow, max-snippet:-1, max-image-preview:large, max-video-preview:-1\" \/>\n<link rel=\"canonical\" href=\"https:\/\/www.babcock-wanson.com\/it\/prodotti\/sistemi-di-recupero-del-calore\/sov-soas-saoc-series-thermal-fluid-heat-exchangers\/\" \/>\n<meta property=\"og:locale\" content=\"it_IT\" \/>\n<meta property=\"og:type\" content=\"article\" \/>\n<meta property=\"og:title\" content=\"Serie SOV-SOAS-SAOC\" \/>\n<meta property=\"og:description\" content=\"As well as utilising Thermal Fluid heated in an EXT heat recovery unit, processes heated using Thermal Fluid can also have a demand for steam, hot water or superheated water.\" \/>\n<meta property=\"og:url\" content=\"https:\/\/www.babcock-wanson.com\/it\/prodotti\/sistemi-di-recupero-del-calore\/sov-soas-saoc-series-thermal-fluid-heat-exchangers\/\" \/>\n<meta property=\"og:site_name\" content=\"Babcock Wanson\" \/>\n<meta property=\"article:modified_time\" content=\"2021-11-08T16:24:41+00:00\" \/>\n<meta property=\"og:image\" content=\"https:\/\/www.babcock-wanson.com\/wp-content\/uploads\/2019\/02\/SOV-SOAS-SAOC-Series-Thermal-Fluid-Heat-Exchanger-1.jgp_.jpg\" \/>\n\t<meta property=\"og:image:width\" content=\"600\" \/>\n\t<meta property=\"og:image:height\" content=\"400\" \/>\n\t<meta property=\"og:image:type\" content=\"image\/jpeg\" \/>\n<meta name=\"twitter:card\" content=\"summary_large_image\" \/>\n<script type=\"application\/ld+json\" class=\"yoast-schema-graph\">{\"@context\":\"https:\/\/schema.org\",\"@graph\":[{\"@type\":\"WebPage\",\"@id\":\"https:\/\/www.babcock-wanson.com\/it\/prodotti\/sistemi-di-recupero-del-calore\/sov-soas-saoc-series-thermal-fluid-heat-exchangers\/\",\"url\":\"https:\/\/www.babcock-wanson.com\/it\/prodotti\/sistemi-di-recupero-del-calore\/sov-soas-saoc-series-thermal-fluid-heat-exchangers\/\",\"name\":\"Serie SOV-SOAS-SAOC - Babcock Wanson\",\"isPartOf\":{\"@id\":\"https:\/\/www.babcock-wanson.com\/it\/#website\"},\"primaryImageOfPage\":{\"@id\":\"https:\/\/www.babcock-wanson.com\/it\/prodotti\/sistemi-di-recupero-del-calore\/sov-soas-saoc-series-thermal-fluid-heat-exchangers\/#primaryimage\"},\"image\":{\"@id\":\"https:\/\/www.babcock-wanson.com\/it\/prodotti\/sistemi-di-recupero-del-calore\/sov-soas-saoc-series-thermal-fluid-heat-exchangers\/#primaryimage\"},\"thumbnailUrl\":\"https:\/\/www.babcock-wanson.com\/wp-content\/uploads\/2019\/02\/SOV-SOAS-SAOC-Series-Thermal-Fluid-Heat-Exchanger-1.jgp_.jpg\",\"datePublished\":\"2019-02-11T15:04:13+00:00\",\"dateModified\":\"2021-11-08T16:24:41+00:00\",\"description\":\"As well as utilising Thermal Fluid heated in an EXT heat recovery unit, processes heated using Thermal Fluid can also have a demand for steam, hot water or superheated water.\",\"breadcrumb\":{\"@id\":\"https:\/\/www.babcock-wanson.com\/it\/prodotti\/sistemi-di-recupero-del-calore\/sov-soas-saoc-series-thermal-fluid-heat-exchangers\/#breadcrumb\"},\"inLanguage\":\"it-IT\",\"potentialAction\":[{\"@type\":\"ReadAction\",\"target\":[\"https:\/\/www.babcock-wanson.com\/it\/prodotti\/sistemi-di-recupero-del-calore\/sov-soas-saoc-series-thermal-fluid-heat-exchangers\/\"]}]},{\"@type\":\"ImageObject\",\"inLanguage\":\"it-IT\",\"@id\":\"https:\/\/www.babcock-wanson.com\/it\/prodotti\/sistemi-di-recupero-del-calore\/sov-soas-saoc-series-thermal-fluid-heat-exchangers\/#primaryimage\",\"url\":\"https:\/\/www.babcock-wanson.com\/wp-content\/uploads\/2019\/02\/SOV-SOAS-SAOC-Series-Thermal-Fluid-Heat-Exchanger-1.jgp_.jpg\",\"contentUrl\":\"https:\/\/www.babcock-wanson.com\/wp-content\/uploads\/2019\/02\/SOV-SOAS-SAOC-Series-Thermal-Fluid-Heat-Exchanger-1.jgp_.jpg\",\"width\":600,\"height\":400,\"caption\":\"SOV-SOAS-SAOC-Serie-Scambiatore-termico-fluido-calore\"},{\"@type\":\"BreadcrumbList\",\"@id\":\"https:\/\/www.babcock-wanson.com\/it\/prodotti\/sistemi-di-recupero-del-calore\/sov-soas-saoc-series-thermal-fluid-heat-exchangers\/#breadcrumb\",\"itemListElement\":[{\"@type\":\"ListItem\",\"position\":1,\"name\":\"Inicio\",\"item\":\"https:\/\/www.babcock-wanson.com\/it\/\"},{\"@type\":\"ListItem\",\"position\":2,\"name\":\"Prodotti\",\"item\":\"https:\/\/www.babcock-wanson.com\/it\/shop\/\"},{\"@type\":\"ListItem\",\"position\":3,\"name\":\"Sistemi di recupero del calore\",\"item\":\"https:\/\/www.babcock-wanson.com\/it\/categoria-prodotto\/sistemi-di-recupero-del-calore\/\"},{\"@type\":\"ListItem\",\"position\":4,\"name\":\"Serie SOV-SOAS-SAOC\"}]},{\"@type\":\"WebSite\",\"@id\":\"https:\/\/www.babcock-wanson.com\/it\/#website\",\"url\":\"https:\/\/www.babcock-wanson.com\/it\/\",\"name\":\"Babcock Wanson\",\"description\":\"\",\"publisher\":{\"@id\":\"https:\/\/www.babcock-wanson.com\/it\/#organization\"},\"potentialAction\":[{\"@type\":\"SearchAction\",\"target\":{\"@type\":\"EntryPoint\",\"urlTemplate\":\"https:\/\/www.babcock-wanson.com\/it\/?s={search_term_string}\"},\"query-input\":{\"@type\":\"PropertyValueSpecification\",\"valueRequired\":true,\"valueName\":\"search_term_string\"}}],\"inLanguage\":\"it-IT\"},{\"@type\":\"Organization\",\"@id\":\"https:\/\/www.babcock-wanson.com\/it\/#organization\",\"name\":\"Babcock Wanson\",\"url\":\"https:\/\/www.babcock-wanson.com\/it\/\",\"logo\":{\"@type\":\"ImageObject\",\"inLanguage\":\"it-IT\",\"@id\":\"https:\/\/www.babcock-wanson.com\/it\/#\/schema\/logo\/image\/\",\"url\":\"https:\/\/www.babcock-wanson.com\/wp-content\/uploads\/2024\/02\/Babcock-Wanson-1200x1200-1.png\",\"contentUrl\":\"https:\/\/www.babcock-wanson.com\/wp-content\/uploads\/2024\/02\/Babcock-Wanson-1200x1200-1.png\",\"width\":1200,\"height\":1200,\"caption\":\"Babcock Wanson\"},\"image\":{\"@id\":\"https:\/\/www.babcock-wanson.com\/it\/#\/schema\/logo\/image\/\"},\"sameAs\":[\"https:\/\/www.linkedin.com\/company\/babcock-wanson\/\",\"https:\/\/www.youtube.com\/channel\/UCtxl25VieBBsP2kYmtlyv7A\"]}]}<\/script>\n<!-- \/ Yoast SEO Premium plugin. -->","yoast_head_json":{"title":"Serie SOV-SOAS-SAOC - Babcock Wanson","description":"As well as utilising Thermal Fluid heated in an EXT heat recovery unit, processes heated using Thermal Fluid can also have a demand for steam, hot water or superheated water.","robots":{"index":"index","follow":"follow","max-snippet":"max-snippet:-1","max-image-preview":"max-image-preview:large","max-video-preview":"max-video-preview:-1"},"canonical":"https:\/\/www.babcock-wanson.com\/it\/prodotti\/sistemi-di-recupero-del-calore\/sov-soas-saoc-series-thermal-fluid-heat-exchangers\/","og_locale":"it_IT","og_type":"article","og_title":"Serie SOV-SOAS-SAOC","og_description":"As well as utilising Thermal Fluid heated in an EXT heat recovery unit, processes heated using Thermal Fluid can also have a demand for steam, hot water or superheated water.","og_url":"https:\/\/www.babcock-wanson.com\/it\/prodotti\/sistemi-di-recupero-del-calore\/sov-soas-saoc-series-thermal-fluid-heat-exchangers\/","og_site_name":"Babcock Wanson","article_modified_time":"2021-11-08T16:24:41+00:00","og_image":[{"width":600,"height":400,"url":"https:\/\/www.babcock-wanson.com\/wp-content\/uploads\/2019\/02\/SOV-SOAS-SAOC-Series-Thermal-Fluid-Heat-Exchanger-1.jgp_.jpg","type":"image\/jpeg"}],"twitter_card":"summary_large_image","schema":{"@context":"https:\/\/schema.org","@graph":[{"@type":"WebPage","@id":"https:\/\/www.babcock-wanson.com\/it\/prodotti\/sistemi-di-recupero-del-calore\/sov-soas-saoc-series-thermal-fluid-heat-exchangers\/","url":"https:\/\/www.babcock-wanson.com\/it\/prodotti\/sistemi-di-recupero-del-calore\/sov-soas-saoc-series-thermal-fluid-heat-exchangers\/","name":"Serie SOV-SOAS-SAOC - Babcock Wanson","isPartOf":{"@id":"https:\/\/www.babcock-wanson.com\/it\/#website"},"primaryImageOfPage":{"@id":"https:\/\/www.babcock-wanson.com\/it\/prodotti\/sistemi-di-recupero-del-calore\/sov-soas-saoc-series-thermal-fluid-heat-exchangers\/#primaryimage"},"image":{"@id":"https:\/\/www.babcock-wanson.com\/it\/prodotti\/sistemi-di-recupero-del-calore\/sov-soas-saoc-series-thermal-fluid-heat-exchangers\/#primaryimage"},"thumbnailUrl":"https:\/\/www.babcock-wanson.com\/wp-content\/uploads\/2019\/02\/SOV-SOAS-SAOC-Series-Thermal-Fluid-Heat-Exchanger-1.jgp_.jpg","datePublished":"2019-02-11T15:04:13+00:00","dateModified":"2021-11-08T16:24:41+00:00","description":"As well as utilising Thermal Fluid heated in an EXT heat recovery unit, processes heated using Thermal Fluid can also have a demand for steam, hot water or superheated water.","breadcrumb":{"@id":"https:\/\/www.babcock-wanson.com\/it\/prodotti\/sistemi-di-recupero-del-calore\/sov-soas-saoc-series-thermal-fluid-heat-exchangers\/#breadcrumb"},"inLanguage":"it-IT","potentialAction":[{"@type":"ReadAction","target":["https:\/\/www.babcock-wanson.com\/it\/prodotti\/sistemi-di-recupero-del-calore\/sov-soas-saoc-series-thermal-fluid-heat-exchangers\/"]}]},{"@type":"ImageObject","inLanguage":"it-IT","@id":"https:\/\/www.babcock-wanson.com\/it\/prodotti\/sistemi-di-recupero-del-calore\/sov-soas-saoc-series-thermal-fluid-heat-exchangers\/#primaryimage","url":"https:\/\/www.babcock-wanson.com\/wp-content\/uploads\/2019\/02\/SOV-SOAS-SAOC-Series-Thermal-Fluid-Heat-Exchanger-1.jgp_.jpg","contentUrl":"https:\/\/www.babcock-wanson.com\/wp-content\/uploads\/2019\/02\/SOV-SOAS-SAOC-Series-Thermal-Fluid-Heat-Exchanger-1.jgp_.jpg","width":600,"height":400,"caption":"SOV-SOAS-SAOC-Serie-Scambiatore-termico-fluido-calore"},{"@type":"BreadcrumbList","@id":"https:\/\/www.babcock-wanson.com\/it\/prodotti\/sistemi-di-recupero-del-calore\/sov-soas-saoc-series-thermal-fluid-heat-exchangers\/#breadcrumb","itemListElement":[{"@type":"ListItem","position":1,"name":"Inicio","item":"https:\/\/www.babcock-wanson.com\/it\/"},{"@type":"ListItem","position":2,"name":"Prodotti","item":"https:\/\/www.babcock-wanson.com\/it\/shop\/"},{"@type":"ListItem","position":3,"name":"Sistemi di recupero del calore","item":"https:\/\/www.babcock-wanson.com\/it\/categoria-prodotto\/sistemi-di-recupero-del-calore\/"},{"@type":"ListItem","position":4,"name":"Serie SOV-SOAS-SAOC"}]},{"@type":"WebSite","@id":"https:\/\/www.babcock-wanson.com\/it\/#website","url":"https:\/\/www.babcock-wanson.com\/it\/","name":"Babcock Wanson","description":"","publisher":{"@id":"https:\/\/www.babcock-wanson.com\/it\/#organization"},"potentialAction":[{"@type":"SearchAction","target":{"@type":"EntryPoint","urlTemplate":"https:\/\/www.babcock-wanson.com\/it\/?s={search_term_string}"},"query-input":{"@type":"PropertyValueSpecification","valueRequired":true,"valueName":"search_term_string"}}],"inLanguage":"it-IT"},{"@type":"Organization","@id":"https:\/\/www.babcock-wanson.com\/it\/#organization","name":"Babcock Wanson","url":"https:\/\/www.babcock-wanson.com\/it\/","logo":{"@type":"ImageObject","inLanguage":"it-IT","@id":"https:\/\/www.babcock-wanson.com\/it\/#\/schema\/logo\/image\/","url":"https:\/\/www.babcock-wanson.com\/wp-content\/uploads\/2024\/02\/Babcock-Wanson-1200x1200-1.png","contentUrl":"https:\/\/www.babcock-wanson.com\/wp-content\/uploads\/2024\/02\/Babcock-Wanson-1200x1200-1.png","width":1200,"height":1200,"caption":"Babcock Wanson"},"image":{"@id":"https:\/\/www.babcock-wanson.com\/it\/#\/schema\/logo\/image\/"},"sameAs":["https:\/\/www.linkedin.com\/company\/babcock-wanson\/","https:\/\/www.youtube.com\/channel\/UCtxl25VieBBsP2kYmtlyv7A"]}]}},"jetpack_sharing_enabled":true,"_links":{"self":[{"href":"https:\/\/www.babcock-wanson.com\/it\/wp-json\/wp\/v2\/product\/26185","targetHints":{"allow":["GET"]}}],"collection":[{"href":"https:\/\/www.babcock-wanson.com\/it\/wp-json\/wp\/v2\/product"}],"about":[{"href":"https:\/\/www.babcock-wanson.com\/it\/wp-json\/wp\/v2\/types\/product"}],"replies":[{"embeddable":true,"href":"https:\/\/www.babcock-wanson.com\/it\/wp-json\/wp\/v2\/comments?post=26185"}],"wp:featuredmedia":[{"embeddable":true,"href":"https:\/\/www.babcock-wanson.com\/it\/wp-json\/wp\/v2\/media\/25599"}],"wp:attachment":[{"href":"https:\/\/www.babcock-wanson.com\/it\/wp-json\/wp\/v2\/media?parent=26185"}],"wp:term":[{"taxonomy":"product_brand","embeddable":true,"href":"https:\/\/www.babcock-wanson.com\/it\/wp-json\/wp\/v2\/product_brand?post=26185"},{"taxonomy":"product_cat","embeddable":true,"href":"https:\/\/www.babcock-wanson.com\/it\/wp-json\/wp\/v2\/product_cat?post=26185"},{"taxonomy":"product_tag","embeddable":true,"href":"https:\/\/www.babcock-wanson.com\/it\/wp-json\/wp\/v2\/product_tag?post=26185"}],"curies":[{"name":"wp","href":"https:\/\/api.w.org\/{rel}","templated":true}]}}