{"id":26187,"date":"2018-09-19T14:07:31","date_gmt":"2018-09-19T13:07:31","guid":{"rendered":"https:\/\/www.babcock-wanson.com\/products\/senza%20categoria\/economiser\/"},"modified":"2021-12-13T10:33:12","modified_gmt":"2021-12-13T10:33:12","slug":"economizzatore","status":"publish","type":"product","link":"https:\/\/www.babcock-wanson.com\/it\/prodotti\/sistemi-di-recupero-del-calore\/economizzatore\/","title":{"rendered":"Economizzatore"},"content":{"rendered":"<div class=\"vgblk-rw-wrapper limit-wrapper\">\r\n<h3>Calcolo della plusvalenza<\/h3>\r\n<p>Gli economizzatori Babcock Wanson possono essere progettati per funzionare con alimentazioni a gas naturale sia fisse che a interruzione, eliminando cos\u00ec la necessit\u00e0 di sistemi di bypass dei gas di scarico, costosi e spesso complessi, per la maggior parte degli impianti.<\/p>\r\n<p>Struttura: interamente in acciaio al carbonio o acciaio inossidabile (a seconda del tipo di apparecchiatura)<\/p>\r\n<h3>Condizioni operative<\/h3>\r\n<ul>\r\n<li>Pressione massima di progetto della caldaia: solitamente 28 bar.<\/li>\r\n<li>Temperatura massima dei gas di scarico: 300 \u00b0C.<\/li>\r\n<li>Per le caldaie alimentate con gas naturale la temperatura dell&#8217;acqua che entra nell&#8217;economizzatore deve essere \u2265 60 \u00b0C. Questo fornisce, in genere, un incremento dell\u2019efficienza del 5-6%.<\/li>\r\n<li>Per le caldaie alimentate a gasolio, la temperatura dell&#8217;acqua che entra nell\u2019economizzatore deve essere \u2265 105 \u00b0C; l\u2019incremento dell\u2019efficienza \u00e8 solitamente del 5%. \u00c8 possibile un funzionamento continuo fino a 350 ore, dopo le quali \u00e8 necessario effettuare la pulizia delle superfici di scambio con aria o vapore.<\/li>\r\n<\/ul>\r\n<p>Babcock Wanson offre una garanzia di 5 anni per gli economizzatori, a condizione che la manutenzione del bruciatore e il <a href=\"https:\/\/www.babcock-wanson.com\/it\/categoria-prodotto\/trattamento-acqua-industriale\/\" target=\"_blank\" rel=\"noopener\">trattamento dell&#8217;acqua di alimentazione<\/a> della caldaia siano coperti da contratti di manutenzione e trattamento dell\u2019acqua di Babcock Wanson.<\/p>\r\n<h2>Economizzatore<\/h2>\r\n<table>\r\n<tbody>\r\n<tr>\r\n<th>Tipo di economizzatore<\/th>\r\n<th>Economizzatore per gas di scarico montato in un cassetto del vano posteriore della caldaia<\/th>\r\n<th>Economizzatore montato in involucro sull&#8217;uscita fumi<\/th>\r\n<th>Economizzatore per gas di scarico pi\u00f9 scambiatore di acqua di alimento<\/th>\r\n<th>Economizzatore per gas di scarico pi\u00f9 scambiatore fumi \/ acqua \/ aria di combustione<\/th>\r\n<\/tr>\r\n<tr>\r\n<th>Condizioni di applicazione<\/th>\r\n<td>Solo gas naturale<\/td>\r\n<td>Gas naturale \/ Gasolio, Per applicazioni miste<\/td>\r\n<td>Utilizzo in combinazione con un disaeratore termico e in presenza di una fonte fredda, ad esempio acqua trattata in entrata, e un tasso di ritorno della condensa &lt;50%<\/td>\r\n<td>Processo con ritorno della condensa compreso tra l&#8217;85 e il 90% e una produzione di vapore superiore a 15 t\/h<\/td>\r\n<\/tr>\r\n<tr>\r\n<th>Guadagno di rendimento<\/th>\r\n<td>Dal 4 al 5%<\/td>\r\n<td>Dal 5 al 6%<\/td>\r\n<td>Dal 5 al 6%<\/td>\r\n<td>\u00a0A seconda delle condizioni di esercizio<\/td>\r\n<\/tr>\r\n<tr>\r\n<th>Rendimento tipico dell&#8217;investimento *<\/th>\r\n<td>Meno di 1 anno<\/td>\r\n<td>Meno di 1 anno<\/td>\r\n<td>Meno di 3 anni<\/td>\r\n<td>Meno di 3 anni<\/td>\r\n<\/tr>\r\n<\/tbody>\r\n<\/table>\r\n<p>* Questi valori dipendono strettamente dalle condizioni di funzionamento della caldaia.<\/p>\r\n<\/div><!-- .vgblk-rw-wrapper -->","protected":false},"excerpt":{"rendered":"<p>Il risparmio energetico e l\u2019efficienza sono fattori chiave per l\u2019industria moderna.Una delle apparecchiature che consuma pi\u00f9 energia in un tipico impianto di produzione \u00e8 la caldaia a vapore, quindi l\u2019investimento in apparecchiature a elevato risparmio energetico dovrebbe sempre offrire un ritorno ottimale dell\u2019investimento.<\/p>\n<p>Avvalendosi della sua notevole competenza nel campo dell\u2019efficienza energetica e della progettazione e <a href=\"https:\/\/www.babcock-wanson.com\/it\/servizi\/rinnovamento-caldaie-e-aggiornamenti\/ottimizzazione-locale-caldaia\/\" target=\"_blank\" rel=\"noopener\">ottimizzazione di caldaie<\/a>, Babcock Wanson offre un\u2019ampia gamma di economizzatori di gas di scarico perfettamente adatti alla caldaia su cui devono essere installati. Questi economizzatori recuperano il calore dei gas di scarico indirizzandolo, solitamente, verso l&#8217;acqua di alimentazione della caldaia, ottimizzando cos\u00ec l\u2019efficienza complessiva dell\u2019impianto in modo da garantire il massimo della compattezza e della redditivit\u00e0.<\/p>\n<p>Questi economizzatori robusti e all&#8217;avanguardia spesso riescono a migliorare l\u2019efficienza delle caldaie in maniera tanto significativa che il ritorno dell\u2019investimento pu\u00f2 avvenire in un solo anno. Oltre 400 economizzatori Babcock Wanson sono stati installati su caldaie esistenti.<\/p>\n","protected":false},"featured_media":26188,"comment_status":"closed","ping_status":"closed","template":"","meta":{"_acf_changed":false,"_relevanssi_hide_post":"","_relevanssi_hide_content":"","_relevanssi_pin_for_all":"","_relevanssi_pin_keywords":"","_relevanssi_unpin_keywords":"","_relevanssi_related_keywords":"","_relevanssi_related_include_ids":"","_relevanssi_related_exclude_ids":"","_relevanssi_related_no_append":"","_relevanssi_related_not_related":"","_relevanssi_related_posts":"","_relevanssi_noindex_reason":""},"product_brand":[],"product_cat":[3590],"product_tag":[],"class_list":{"0":"post-26187","1":"product","2":"type-product","3":"status-publish","4":"has-post-thumbnail","6":"product_cat-sistemi-di-recupero-del-calore","8":"first","9":"instock","10":"shipping-taxable","11":"product-type-simple"},"acf":[],"yoast_head":"<!-- This site is optimized with the Yoast SEO Premium plugin v27.1 (Yoast SEO v27.1.1) - https:\/\/yoast.com\/product\/yoast-seo-premium-wordpress\/ -->\n<title>Economizzatore - Babcock Wanson<\/title>\n<meta name=\"description\" content=\"Babcock Wanson offre un\u2019ampia gamma di economizzatori di gas di scarico perfettamente adatti alla caldaia su cui devono essere installati.\" \/>\n<meta name=\"robots\" content=\"index, follow, max-snippet:-1, max-image-preview:large, max-video-preview:-1\" \/>\n<link rel=\"canonical\" href=\"https:\/\/www.babcock-wanson.com\/it\/prodotti\/sistemi-di-recupero-del-calore\/economizzatore\/\" \/>\n<meta property=\"og:locale\" content=\"it_IT\" \/>\n<meta property=\"og:type\" content=\"article\" \/>\n<meta property=\"og:title\" content=\"Economizzatore\" \/>\n<meta property=\"og:description\" content=\"Babcock Wanson offre un\u2019ampia gamma di economizzatori di gas di scarico perfettamente adatti alla caldaia su cui devono essere installati.\" \/>\n<meta property=\"og:url\" content=\"https:\/\/www.babcock-wanson.com\/it\/prodotti\/sistemi-di-recupero-del-calore\/economizzatore\/\" \/>\n<meta property=\"og:site_name\" content=\"Babcock Wanson\" \/>\n<meta property=\"article:modified_time\" content=\"2021-12-13T10:33:12+00:00\" \/>\n<meta property=\"og:image\" content=\"https:\/\/www.babcock-wanson.com\/wp-content\/uploads\/2018\/09\/Economiser-2.jpg\" \/>\n\t<meta property=\"og:image:width\" content=\"600\" \/>\n\t<meta property=\"og:image:height\" content=\"400\" \/>\n\t<meta property=\"og:image:type\" content=\"image\/jpeg\" \/>\n<meta name=\"twitter:card\" content=\"summary_large_image\" \/>\n<meta name=\"twitter:label1\" content=\"Est. reading time\" \/>\n\t<meta name=\"twitter:data1\" content=\"2 minuti\" \/>\n<script type=\"application\/ld+json\" class=\"yoast-schema-graph\">{\"@context\":\"https:\/\/schema.org\",\"@graph\":[{\"@type\":\"WebPage\",\"@id\":\"https:\/\/www.babcock-wanson.com\/it\/prodotti\/sistemi-di-recupero-del-calore\/economizzatore\/\",\"url\":\"https:\/\/www.babcock-wanson.com\/it\/prodotti\/sistemi-di-recupero-del-calore\/economizzatore\/\",\"name\":\"Economizzatore - Babcock Wanson\",\"isPartOf\":{\"@id\":\"https:\/\/www.babcock-wanson.com\/it\/#website\"},\"primaryImageOfPage\":{\"@id\":\"https:\/\/www.babcock-wanson.com\/it\/prodotti\/sistemi-di-recupero-del-calore\/economizzatore\/#primaryimage\"},\"image\":{\"@id\":\"https:\/\/www.babcock-wanson.com\/it\/prodotti\/sistemi-di-recupero-del-calore\/economizzatore\/#primaryimage\"},\"thumbnailUrl\":\"https:\/\/www.babcock-wanson.com\/wp-content\/uploads\/2018\/09\/Economiser-2.jpg\",\"datePublished\":\"2018-09-19T13:07:31+00:00\",\"dateModified\":\"2021-12-13T10:33:12+00:00\",\"description\":\"Babcock Wanson offre un\u2019ampia gamma di economizzatori di gas di scarico perfettamente adatti alla caldaia su cui devono essere installati.\",\"breadcrumb\":{\"@id\":\"https:\/\/www.babcock-wanson.com\/it\/prodotti\/sistemi-di-recupero-del-calore\/economizzatore\/#breadcrumb\"},\"inLanguage\":\"it-IT\",\"potentialAction\":[{\"@type\":\"ReadAction\",\"target\":[\"https:\/\/www.babcock-wanson.com\/it\/prodotti\/sistemi-di-recupero-del-calore\/economizzatore\/\"]}]},{\"@type\":\"ImageObject\",\"inLanguage\":\"it-IT\",\"@id\":\"https:\/\/www.babcock-wanson.com\/it\/prodotti\/sistemi-di-recupero-del-calore\/economizzatore\/#primaryimage\",\"url\":\"https:\/\/www.babcock-wanson.com\/wp-content\/uploads\/2018\/09\/Economiser-2.jpg\",\"contentUrl\":\"https:\/\/www.babcock-wanson.com\/wp-content\/uploads\/2018\/09\/Economiser-2.jpg\",\"width\":600,\"height\":400},{\"@type\":\"BreadcrumbList\",\"@id\":\"https:\/\/www.babcock-wanson.com\/it\/prodotti\/sistemi-di-recupero-del-calore\/economizzatore\/#breadcrumb\",\"itemListElement\":[{\"@type\":\"ListItem\",\"position\":1,\"name\":\"Inicio\",\"item\":\"https:\/\/www.babcock-wanson.com\/it\/\"},{\"@type\":\"ListItem\",\"position\":2,\"name\":\"Prodotti\",\"item\":\"https:\/\/www.babcock-wanson.com\/it\/shop\/\"},{\"@type\":\"ListItem\",\"position\":3,\"name\":\"Sistemi di recupero del calore\",\"item\":\"https:\/\/www.babcock-wanson.com\/it\/categoria-prodotto\/sistemi-di-recupero-del-calore\/\"},{\"@type\":\"ListItem\",\"position\":4,\"name\":\"Economizzatore\"}]},{\"@type\":\"WebSite\",\"@id\":\"https:\/\/www.babcock-wanson.com\/it\/#website\",\"url\":\"https:\/\/www.babcock-wanson.com\/it\/\",\"name\":\"Babcock Wanson\",\"description\":\"\",\"publisher\":{\"@id\":\"https:\/\/www.babcock-wanson.com\/it\/#organization\"},\"potentialAction\":[{\"@type\":\"SearchAction\",\"target\":{\"@type\":\"EntryPoint\",\"urlTemplate\":\"https:\/\/www.babcock-wanson.com\/it\/?s={search_term_string}\"},\"query-input\":{\"@type\":\"PropertyValueSpecification\",\"valueRequired\":true,\"valueName\":\"search_term_string\"}}],\"inLanguage\":\"it-IT\"},{\"@type\":\"Organization\",\"@id\":\"https:\/\/www.babcock-wanson.com\/it\/#organization\",\"name\":\"Babcock Wanson\",\"url\":\"https:\/\/www.babcock-wanson.com\/it\/\",\"logo\":{\"@type\":\"ImageObject\",\"inLanguage\":\"it-IT\",\"@id\":\"https:\/\/www.babcock-wanson.com\/it\/#\/schema\/logo\/image\/\",\"url\":\"https:\/\/www.babcock-wanson.com\/wp-content\/uploads\/2024\/02\/Babcock-Wanson-1200x1200-1.png\",\"contentUrl\":\"https:\/\/www.babcock-wanson.com\/wp-content\/uploads\/2024\/02\/Babcock-Wanson-1200x1200-1.png\",\"width\":1200,\"height\":1200,\"caption\":\"Babcock Wanson\"},\"image\":{\"@id\":\"https:\/\/www.babcock-wanson.com\/it\/#\/schema\/logo\/image\/\"},\"sameAs\":[\"https:\/\/www.linkedin.com\/company\/babcock-wanson\/\",\"https:\/\/www.youtube.com\/channel\/UCtxl25VieBBsP2kYmtlyv7A\"]}]}<\/script>\n<!-- \/ Yoast SEO Premium plugin. -->","yoast_head_json":{"title":"Economizzatore - Babcock Wanson","description":"Babcock Wanson offre un\u2019ampia gamma di economizzatori di gas di scarico perfettamente adatti alla caldaia su cui devono essere installati.","robots":{"index":"index","follow":"follow","max-snippet":"max-snippet:-1","max-image-preview":"max-image-preview:large","max-video-preview":"max-video-preview:-1"},"canonical":"https:\/\/www.babcock-wanson.com\/it\/prodotti\/sistemi-di-recupero-del-calore\/economizzatore\/","og_locale":"it_IT","og_type":"article","og_title":"Economizzatore","og_description":"Babcock Wanson offre un\u2019ampia gamma di economizzatori di gas di scarico perfettamente adatti alla caldaia su cui devono essere installati.","og_url":"https:\/\/www.babcock-wanson.com\/it\/prodotti\/sistemi-di-recupero-del-calore\/economizzatore\/","og_site_name":"Babcock Wanson","article_modified_time":"2021-12-13T10:33:12+00:00","og_image":[{"width":600,"height":400,"url":"https:\/\/www.babcock-wanson.com\/wp-content\/uploads\/2018\/09\/Economiser-2.jpg","type":"image\/jpeg"}],"twitter_card":"summary_large_image","twitter_misc":{"Est. reading time":"2 minuti"},"schema":{"@context":"https:\/\/schema.org","@graph":[{"@type":"WebPage","@id":"https:\/\/www.babcock-wanson.com\/it\/prodotti\/sistemi-di-recupero-del-calore\/economizzatore\/","url":"https:\/\/www.babcock-wanson.com\/it\/prodotti\/sistemi-di-recupero-del-calore\/economizzatore\/","name":"Economizzatore - Babcock Wanson","isPartOf":{"@id":"https:\/\/www.babcock-wanson.com\/it\/#website"},"primaryImageOfPage":{"@id":"https:\/\/www.babcock-wanson.com\/it\/prodotti\/sistemi-di-recupero-del-calore\/economizzatore\/#primaryimage"},"image":{"@id":"https:\/\/www.babcock-wanson.com\/it\/prodotti\/sistemi-di-recupero-del-calore\/economizzatore\/#primaryimage"},"thumbnailUrl":"https:\/\/www.babcock-wanson.com\/wp-content\/uploads\/2018\/09\/Economiser-2.jpg","datePublished":"2018-09-19T13:07:31+00:00","dateModified":"2021-12-13T10:33:12+00:00","description":"Babcock Wanson offre un\u2019ampia gamma di economizzatori di gas di scarico perfettamente adatti alla caldaia su cui devono essere installati.","breadcrumb":{"@id":"https:\/\/www.babcock-wanson.com\/it\/prodotti\/sistemi-di-recupero-del-calore\/economizzatore\/#breadcrumb"},"inLanguage":"it-IT","potentialAction":[{"@type":"ReadAction","target":["https:\/\/www.babcock-wanson.com\/it\/prodotti\/sistemi-di-recupero-del-calore\/economizzatore\/"]}]},{"@type":"ImageObject","inLanguage":"it-IT","@id":"https:\/\/www.babcock-wanson.com\/it\/prodotti\/sistemi-di-recupero-del-calore\/economizzatore\/#primaryimage","url":"https:\/\/www.babcock-wanson.com\/wp-content\/uploads\/2018\/09\/Economiser-2.jpg","contentUrl":"https:\/\/www.babcock-wanson.com\/wp-content\/uploads\/2018\/09\/Economiser-2.jpg","width":600,"height":400},{"@type":"BreadcrumbList","@id":"https:\/\/www.babcock-wanson.com\/it\/prodotti\/sistemi-di-recupero-del-calore\/economizzatore\/#breadcrumb","itemListElement":[{"@type":"ListItem","position":1,"name":"Inicio","item":"https:\/\/www.babcock-wanson.com\/it\/"},{"@type":"ListItem","position":2,"name":"Prodotti","item":"https:\/\/www.babcock-wanson.com\/it\/shop\/"},{"@type":"ListItem","position":3,"name":"Sistemi di recupero del calore","item":"https:\/\/www.babcock-wanson.com\/it\/categoria-prodotto\/sistemi-di-recupero-del-calore\/"},{"@type":"ListItem","position":4,"name":"Economizzatore"}]},{"@type":"WebSite","@id":"https:\/\/www.babcock-wanson.com\/it\/#website","url":"https:\/\/www.babcock-wanson.com\/it\/","name":"Babcock Wanson","description":"","publisher":{"@id":"https:\/\/www.babcock-wanson.com\/it\/#organization"},"potentialAction":[{"@type":"SearchAction","target":{"@type":"EntryPoint","urlTemplate":"https:\/\/www.babcock-wanson.com\/it\/?s={search_term_string}"},"query-input":{"@type":"PropertyValueSpecification","valueRequired":true,"valueName":"search_term_string"}}],"inLanguage":"it-IT"},{"@type":"Organization","@id":"https:\/\/www.babcock-wanson.com\/it\/#organization","name":"Babcock Wanson","url":"https:\/\/www.babcock-wanson.com\/it\/","logo":{"@type":"ImageObject","inLanguage":"it-IT","@id":"https:\/\/www.babcock-wanson.com\/it\/#\/schema\/logo\/image\/","url":"https:\/\/www.babcock-wanson.com\/wp-content\/uploads\/2024\/02\/Babcock-Wanson-1200x1200-1.png","contentUrl":"https:\/\/www.babcock-wanson.com\/wp-content\/uploads\/2024\/02\/Babcock-Wanson-1200x1200-1.png","width":1200,"height":1200,"caption":"Babcock Wanson"},"image":{"@id":"https:\/\/www.babcock-wanson.com\/it\/#\/schema\/logo\/image\/"},"sameAs":["https:\/\/www.linkedin.com\/company\/babcock-wanson\/","https:\/\/www.youtube.com\/channel\/UCtxl25VieBBsP2kYmtlyv7A"]}]}},"jetpack_sharing_enabled":true,"_links":{"self":[{"href":"https:\/\/www.babcock-wanson.com\/it\/wp-json\/wp\/v2\/product\/26187","targetHints":{"allow":["GET"]}}],"collection":[{"href":"https:\/\/www.babcock-wanson.com\/it\/wp-json\/wp\/v2\/product"}],"about":[{"href":"https:\/\/www.babcock-wanson.com\/it\/wp-json\/wp\/v2\/types\/product"}],"replies":[{"embeddable":true,"href":"https:\/\/www.babcock-wanson.com\/it\/wp-json\/wp\/v2\/comments?post=26187"}],"wp:featuredmedia":[{"embeddable":true,"href":"https:\/\/www.babcock-wanson.com\/it\/wp-json\/wp\/v2\/media\/26188"}],"wp:attachment":[{"href":"https:\/\/www.babcock-wanson.com\/it\/wp-json\/wp\/v2\/media?parent=26187"}],"wp:term":[{"taxonomy":"product_brand","embeddable":true,"href":"https:\/\/www.babcock-wanson.com\/it\/wp-json\/wp\/v2\/product_brand?post=26187"},{"taxonomy":"product_cat","embeddable":true,"href":"https:\/\/www.babcock-wanson.com\/it\/wp-json\/wp\/v2\/product_cat?post=26187"},{"taxonomy":"product_tag","embeddable":true,"href":"https:\/\/www.babcock-wanson.com\/it\/wp-json\/wp\/v2\/product_tag?post=26187"}],"curies":[{"name":"wp","href":"https:\/\/api.w.org\/{rel}","templated":true}]}}