{"id":26194,"date":"2018-09-19T14:07:29","date_gmt":"2018-09-19T13:07:29","guid":{"rendered":"https:\/\/www.babcock-wanson.com\/products\/senza%20categoria\/air-preheating-r-eco\/"},"modified":"2020-04-29T08:33:10","modified_gmt":"2020-04-29T07:33:10","slug":"preriscaldamento-dellaria-r-eco","status":"publish","type":"product","link":"https:\/\/www.babcock-wanson.com\/it\/prodotti\/sistemi-di-recupero-del-calore\/preriscaldamento-dellaria-r-eco\/","title":{"rendered":"Preriscaldamento dell\u2019aria R-Eco"},"content":{"rendered":"<div class=\"vgblk-rw-wrapper limit-wrapper\">\r\n<h3>Principio di funzionamento: economizzatore di preriscaldamento dell\u2019aria di combustione dei gas di scarico<\/h3>\r\n<p>I benefici dell\u2019impianto &#8220;R-ECO&#8221; sono pi\u00f9 evidenti dove c\u2019\u00e8 un ritorno della condensa superiore al 90%. Poich\u00e9 la condensa di ritorno \u00e8 gi\u00e0 ad alta temperatura, questo la rende inadatta all\u2019uso con gli economizzatori di acqua di alimentazione tradizionali. Altre condizioni operative necessarie per un funzionamento ottimale dell\u2019R-ECO sono una temperatura di ingresso dei gas di combustione superiore a 130 \u00b0C, una temperatura di uscita dei gas di combustione \u2248 100 \u00b0C e un combustibile a gas naturale.<\/p>\r\n<ul>\r\n<li>Struttura: piastra dello scambiatore in alluminio<\/li>\r\n<li>Carcassa: acciaio zincato<\/li>\r\n<\/ul>\r\n<h3>Condizioni Operative<\/h3>\r\n<ul>\r\n<li style=\"list-style-type: none\">\r\n<ul>\r\n<li>Nessun\u2019altra fonte di recupero di calore diversa dall&#8217;aria di combustione (es. in caso di ritorno della condensa \u2265 90%)<\/li>\r\n<li>Temperatura di ingresso dei gas di combustione \u2265 130 \u00b0C<\/li>\r\n<\/ul>\r\n<\/li>\r\n<\/ul>\r\n<ul>\r\n<li>Temperatura di uscita dei gas di combustione \u2248 70 \u00b0C<\/li>\r\n<li>Combustibile &#8211; Gas naturale<\/li>\r\n<\/ul>\r\n<ol>\r\n<li>Per una temperatura dell&#8217;acqua di alimentazione della caldaia \u2265 110 \u00b0C, un guadagno di efficienza pari a circa il 2,5%*<\/li>\r\n<li>Per una temperatura dell&#8217;acqua di alimentazione della caldaia \u2265 105 \u00b0C, un guadagno di efficienza pari a circa il 3%*<\/li>\r\n<\/ol>\r\n<p>* Questo valore dipende strettamente dalle condizioni operative<\/p>\r\n<\/div><!-- .vgblk-rw-wrapper -->","protected":false},"excerpt":{"rendered":"<p>Il risparmio energetico e l\u2019efficienza sono fattori chiave per l\u2019industria moderna. Sapendo che una delle apparecchiature che consuma pi\u00f9 energia in un tipico impianto di produzione \u00e8 la caldaia, Babcock Wanson offre la soluzione R-ECO, che garantisce un incremento nell\u2019efficienza della caldaia fino al 98%*.<\/p>\n<ol>\n<li>Preriscaldamento dell\u2019aria di combustione: questa tecnologia da sola migliora l\u2019efficienza complessiva della caldaia, ma pu\u00f2 anche aumentare le emissioni di NOx.<\/li>\n<li>Ricircolo dei gas di combustione: questa tecnica aiuta a ridurre la formazione di emissioni di Nox nei gas di combustione per assicurare la conformit\u00e0 con i regolamenti ambientali.<\/li>\n<\/ol>\n","protected":false},"featured_media":26195,"comment_status":"closed","ping_status":"closed","template":"","meta":{"_acf_changed":false,"_relevanssi_hide_post":"","_relevanssi_hide_content":"","_relevanssi_pin_for_all":"","_relevanssi_pin_keywords":"","_relevanssi_unpin_keywords":"","_relevanssi_related_keywords":"","_relevanssi_related_include_ids":"","_relevanssi_related_exclude_ids":"","_relevanssi_related_no_append":"","_relevanssi_related_not_related":"","_relevanssi_related_posts":"","_relevanssi_noindex_reason":""},"product_brand":[],"product_cat":[3590],"product_tag":[],"class_list":{"0":"post-26194","1":"product","2":"type-product","3":"status-publish","4":"has-post-thumbnail","6":"product_cat-sistemi-di-recupero-del-calore","8":"first","9":"instock","10":"shipping-taxable","11":"product-type-simple"},"acf":[],"yoast_head":"<!-- This site is optimized with the Yoast SEO Premium plugin v27.1 (Yoast SEO v27.1.1) - https:\/\/yoast.com\/product\/yoast-seo-premium-wordpress\/ -->\n<title>Preriscaldamento dell\u2019aria R-Eco - Babcock Wanson<\/title>\n<meta name=\"description\" content=\"One of the largest energy users in a production facility is the boiler but the Air Preheating R-Eco provides improvements in efficiency of up to 98%\" \/>\n<meta name=\"robots\" content=\"index, follow, max-snippet:-1, max-image-preview:large, max-video-preview:-1\" \/>\n<link rel=\"canonical\" href=\"https:\/\/www.babcock-wanson.com\/it\/prodotti\/sistemi-di-recupero-del-calore\/preriscaldamento-dellaria-r-eco\/\" \/>\n<meta property=\"og:locale\" content=\"it_IT\" \/>\n<meta property=\"og:type\" content=\"article\" \/>\n<meta property=\"og:title\" content=\"Preriscaldamento dell\u2019aria R-Eco\" \/>\n<meta property=\"og:description\" content=\"One of the largest energy users in a production facility is the boiler but the Air Preheating R-Eco provides improvements in efficiency of up to 98%\" \/>\n<meta property=\"og:url\" content=\"https:\/\/www.babcock-wanson.com\/it\/prodotti\/sistemi-di-recupero-del-calore\/preriscaldamento-dellaria-r-eco\/\" \/>\n<meta property=\"og:site_name\" content=\"Babcock Wanson\" \/>\n<meta property=\"article:modified_time\" content=\"2020-04-29T07:33:10+00:00\" \/>\n<meta property=\"og:image\" content=\"https:\/\/www.babcock-wanson.com\/wp-content\/uploads\/2018\/09\/Air-Heating-R-Eco.png\" \/>\n\t<meta property=\"og:image:width\" content=\"600\" \/>\n\t<meta property=\"og:image:height\" content=\"400\" \/>\n\t<meta property=\"og:image:type\" content=\"image\/png\" \/>\n<meta name=\"twitter:card\" content=\"summary_large_image\" \/>\n<meta name=\"twitter:label1\" content=\"Est. reading time\" \/>\n\t<meta name=\"twitter:data1\" content=\"1 minuto\" \/>\n<script type=\"application\/ld+json\" class=\"yoast-schema-graph\">{\"@context\":\"https:\/\/schema.org\",\"@graph\":[{\"@type\":\"WebPage\",\"@id\":\"https:\/\/www.babcock-wanson.com\/it\/prodotti\/sistemi-di-recupero-del-calore\/preriscaldamento-dellaria-r-eco\/\",\"url\":\"https:\/\/www.babcock-wanson.com\/it\/prodotti\/sistemi-di-recupero-del-calore\/preriscaldamento-dellaria-r-eco\/\",\"name\":\"Preriscaldamento dell\u2019aria R-Eco - Babcock Wanson\",\"isPartOf\":{\"@id\":\"https:\/\/www.babcock-wanson.com\/it\/#website\"},\"primaryImageOfPage\":{\"@id\":\"https:\/\/www.babcock-wanson.com\/it\/prodotti\/sistemi-di-recupero-del-calore\/preriscaldamento-dellaria-r-eco\/#primaryimage\"},\"image\":{\"@id\":\"https:\/\/www.babcock-wanson.com\/it\/prodotti\/sistemi-di-recupero-del-calore\/preriscaldamento-dellaria-r-eco\/#primaryimage\"},\"thumbnailUrl\":\"https:\/\/www.babcock-wanson.com\/wp-content\/uploads\/2018\/09\/Air-Heating-R-Eco.png\",\"datePublished\":\"2018-09-19T13:07:29+00:00\",\"dateModified\":\"2020-04-29T07:33:10+00:00\",\"description\":\"One of the largest energy users in a production facility is the boiler but the Air Preheating R-Eco provides improvements in efficiency of up to 98%\",\"breadcrumb\":{\"@id\":\"https:\/\/www.babcock-wanson.com\/it\/prodotti\/sistemi-di-recupero-del-calore\/preriscaldamento-dellaria-r-eco\/#breadcrumb\"},\"inLanguage\":\"it-IT\",\"potentialAction\":[{\"@type\":\"ReadAction\",\"target\":[\"https:\/\/www.babcock-wanson.com\/it\/prodotti\/sistemi-di-recupero-del-calore\/preriscaldamento-dellaria-r-eco\/\"]}]},{\"@type\":\"ImageObject\",\"inLanguage\":\"it-IT\",\"@id\":\"https:\/\/www.babcock-wanson.com\/it\/prodotti\/sistemi-di-recupero-del-calore\/preriscaldamento-dellaria-r-eco\/#primaryimage\",\"url\":\"https:\/\/www.babcock-wanson.com\/wp-content\/uploads\/2018\/09\/Air-Heating-R-Eco.png\",\"contentUrl\":\"https:\/\/www.babcock-wanson.com\/wp-content\/uploads\/2018\/09\/Air-Heating-R-Eco.png\",\"width\":600,\"height\":400,\"caption\":\"Pr\u00e9chauffage de l'air R-Eco\"},{\"@type\":\"BreadcrumbList\",\"@id\":\"https:\/\/www.babcock-wanson.com\/it\/prodotti\/sistemi-di-recupero-del-calore\/preriscaldamento-dellaria-r-eco\/#breadcrumb\",\"itemListElement\":[{\"@type\":\"ListItem\",\"position\":1,\"name\":\"Inicio\",\"item\":\"https:\/\/www.babcock-wanson.com\/it\/\"},{\"@type\":\"ListItem\",\"position\":2,\"name\":\"Prodotti\",\"item\":\"https:\/\/www.babcock-wanson.com\/it\/shop\/\"},{\"@type\":\"ListItem\",\"position\":3,\"name\":\"Sistemi di recupero del calore\",\"item\":\"https:\/\/www.babcock-wanson.com\/it\/categoria-prodotto\/sistemi-di-recupero-del-calore\/\"},{\"@type\":\"ListItem\",\"position\":4,\"name\":\"Preriscaldamento dell\u2019aria R-Eco\"}]},{\"@type\":\"WebSite\",\"@id\":\"https:\/\/www.babcock-wanson.com\/it\/#website\",\"url\":\"https:\/\/www.babcock-wanson.com\/it\/\",\"name\":\"Babcock Wanson\",\"description\":\"\",\"publisher\":{\"@id\":\"https:\/\/www.babcock-wanson.com\/it\/#organization\"},\"potentialAction\":[{\"@type\":\"SearchAction\",\"target\":{\"@type\":\"EntryPoint\",\"urlTemplate\":\"https:\/\/www.babcock-wanson.com\/it\/?s={search_term_string}\"},\"query-input\":{\"@type\":\"PropertyValueSpecification\",\"valueRequired\":true,\"valueName\":\"search_term_string\"}}],\"inLanguage\":\"it-IT\"},{\"@type\":\"Organization\",\"@id\":\"https:\/\/www.babcock-wanson.com\/it\/#organization\",\"name\":\"Babcock Wanson\",\"url\":\"https:\/\/www.babcock-wanson.com\/it\/\",\"logo\":{\"@type\":\"ImageObject\",\"inLanguage\":\"it-IT\",\"@id\":\"https:\/\/www.babcock-wanson.com\/it\/#\/schema\/logo\/image\/\",\"url\":\"https:\/\/www.babcock-wanson.com\/wp-content\/uploads\/2024\/02\/Babcock-Wanson-1200x1200-1.png\",\"contentUrl\":\"https:\/\/www.babcock-wanson.com\/wp-content\/uploads\/2024\/02\/Babcock-Wanson-1200x1200-1.png\",\"width\":1200,\"height\":1200,\"caption\":\"Babcock Wanson\"},\"image\":{\"@id\":\"https:\/\/www.babcock-wanson.com\/it\/#\/schema\/logo\/image\/\"},\"sameAs\":[\"https:\/\/www.linkedin.com\/company\/babcock-wanson\/\",\"https:\/\/www.youtube.com\/channel\/UCtxl25VieBBsP2kYmtlyv7A\"]}]}<\/script>\n<!-- \/ Yoast SEO Premium plugin. -->","yoast_head_json":{"title":"Preriscaldamento dell\u2019aria R-Eco - Babcock Wanson","description":"One of the largest energy users in a production facility is the boiler but the Air Preheating R-Eco provides improvements in efficiency of up to 98%","robots":{"index":"index","follow":"follow","max-snippet":"max-snippet:-1","max-image-preview":"max-image-preview:large","max-video-preview":"max-video-preview:-1"},"canonical":"https:\/\/www.babcock-wanson.com\/it\/prodotti\/sistemi-di-recupero-del-calore\/preriscaldamento-dellaria-r-eco\/","og_locale":"it_IT","og_type":"article","og_title":"Preriscaldamento dell\u2019aria R-Eco","og_description":"One of the largest energy users in a production facility is the boiler but the Air Preheating R-Eco provides improvements in efficiency of up to 98%","og_url":"https:\/\/www.babcock-wanson.com\/it\/prodotti\/sistemi-di-recupero-del-calore\/preriscaldamento-dellaria-r-eco\/","og_site_name":"Babcock Wanson","article_modified_time":"2020-04-29T07:33:10+00:00","og_image":[{"width":600,"height":400,"url":"https:\/\/www.babcock-wanson.com\/wp-content\/uploads\/2018\/09\/Air-Heating-R-Eco.png","type":"image\/png"}],"twitter_card":"summary_large_image","twitter_misc":{"Est. reading time":"1 minuto"},"schema":{"@context":"https:\/\/schema.org","@graph":[{"@type":"WebPage","@id":"https:\/\/www.babcock-wanson.com\/it\/prodotti\/sistemi-di-recupero-del-calore\/preriscaldamento-dellaria-r-eco\/","url":"https:\/\/www.babcock-wanson.com\/it\/prodotti\/sistemi-di-recupero-del-calore\/preriscaldamento-dellaria-r-eco\/","name":"Preriscaldamento dell\u2019aria R-Eco - Babcock Wanson","isPartOf":{"@id":"https:\/\/www.babcock-wanson.com\/it\/#website"},"primaryImageOfPage":{"@id":"https:\/\/www.babcock-wanson.com\/it\/prodotti\/sistemi-di-recupero-del-calore\/preriscaldamento-dellaria-r-eco\/#primaryimage"},"image":{"@id":"https:\/\/www.babcock-wanson.com\/it\/prodotti\/sistemi-di-recupero-del-calore\/preriscaldamento-dellaria-r-eco\/#primaryimage"},"thumbnailUrl":"https:\/\/www.babcock-wanson.com\/wp-content\/uploads\/2018\/09\/Air-Heating-R-Eco.png","datePublished":"2018-09-19T13:07:29+00:00","dateModified":"2020-04-29T07:33:10+00:00","description":"One of the largest energy users in a production facility is the boiler but the Air Preheating R-Eco provides improvements in efficiency of up to 98%","breadcrumb":{"@id":"https:\/\/www.babcock-wanson.com\/it\/prodotti\/sistemi-di-recupero-del-calore\/preriscaldamento-dellaria-r-eco\/#breadcrumb"},"inLanguage":"it-IT","potentialAction":[{"@type":"ReadAction","target":["https:\/\/www.babcock-wanson.com\/it\/prodotti\/sistemi-di-recupero-del-calore\/preriscaldamento-dellaria-r-eco\/"]}]},{"@type":"ImageObject","inLanguage":"it-IT","@id":"https:\/\/www.babcock-wanson.com\/it\/prodotti\/sistemi-di-recupero-del-calore\/preriscaldamento-dellaria-r-eco\/#primaryimage","url":"https:\/\/www.babcock-wanson.com\/wp-content\/uploads\/2018\/09\/Air-Heating-R-Eco.png","contentUrl":"https:\/\/www.babcock-wanson.com\/wp-content\/uploads\/2018\/09\/Air-Heating-R-Eco.png","width":600,"height":400,"caption":"Pr\u00e9chauffage de l'air R-Eco"},{"@type":"BreadcrumbList","@id":"https:\/\/www.babcock-wanson.com\/it\/prodotti\/sistemi-di-recupero-del-calore\/preriscaldamento-dellaria-r-eco\/#breadcrumb","itemListElement":[{"@type":"ListItem","position":1,"name":"Inicio","item":"https:\/\/www.babcock-wanson.com\/it\/"},{"@type":"ListItem","position":2,"name":"Prodotti","item":"https:\/\/www.babcock-wanson.com\/it\/shop\/"},{"@type":"ListItem","position":3,"name":"Sistemi di recupero del calore","item":"https:\/\/www.babcock-wanson.com\/it\/categoria-prodotto\/sistemi-di-recupero-del-calore\/"},{"@type":"ListItem","position":4,"name":"Preriscaldamento dell\u2019aria R-Eco"}]},{"@type":"WebSite","@id":"https:\/\/www.babcock-wanson.com\/it\/#website","url":"https:\/\/www.babcock-wanson.com\/it\/","name":"Babcock Wanson","description":"","publisher":{"@id":"https:\/\/www.babcock-wanson.com\/it\/#organization"},"potentialAction":[{"@type":"SearchAction","target":{"@type":"EntryPoint","urlTemplate":"https:\/\/www.babcock-wanson.com\/it\/?s={search_term_string}"},"query-input":{"@type":"PropertyValueSpecification","valueRequired":true,"valueName":"search_term_string"}}],"inLanguage":"it-IT"},{"@type":"Organization","@id":"https:\/\/www.babcock-wanson.com\/it\/#organization","name":"Babcock Wanson","url":"https:\/\/www.babcock-wanson.com\/it\/","logo":{"@type":"ImageObject","inLanguage":"it-IT","@id":"https:\/\/www.babcock-wanson.com\/it\/#\/schema\/logo\/image\/","url":"https:\/\/www.babcock-wanson.com\/wp-content\/uploads\/2024\/02\/Babcock-Wanson-1200x1200-1.png","contentUrl":"https:\/\/www.babcock-wanson.com\/wp-content\/uploads\/2024\/02\/Babcock-Wanson-1200x1200-1.png","width":1200,"height":1200,"caption":"Babcock Wanson"},"image":{"@id":"https:\/\/www.babcock-wanson.com\/it\/#\/schema\/logo\/image\/"},"sameAs":["https:\/\/www.linkedin.com\/company\/babcock-wanson\/","https:\/\/www.youtube.com\/channel\/UCtxl25VieBBsP2kYmtlyv7A"]}]}},"jetpack_sharing_enabled":true,"_links":{"self":[{"href":"https:\/\/www.babcock-wanson.com\/it\/wp-json\/wp\/v2\/product\/26194","targetHints":{"allow":["GET"]}}],"collection":[{"href":"https:\/\/www.babcock-wanson.com\/it\/wp-json\/wp\/v2\/product"}],"about":[{"href":"https:\/\/www.babcock-wanson.com\/it\/wp-json\/wp\/v2\/types\/product"}],"replies":[{"embeddable":true,"href":"https:\/\/www.babcock-wanson.com\/it\/wp-json\/wp\/v2\/comments?post=26194"}],"wp:featuredmedia":[{"embeddable":true,"href":"https:\/\/www.babcock-wanson.com\/it\/wp-json\/wp\/v2\/media\/26195"}],"wp:attachment":[{"href":"https:\/\/www.babcock-wanson.com\/it\/wp-json\/wp\/v2\/media?parent=26194"}],"wp:term":[{"taxonomy":"product_brand","embeddable":true,"href":"https:\/\/www.babcock-wanson.com\/it\/wp-json\/wp\/v2\/product_brand?post=26194"},{"taxonomy":"product_cat","embeddable":true,"href":"https:\/\/www.babcock-wanson.com\/it\/wp-json\/wp\/v2\/product_cat?post=26194"},{"taxonomy":"product_tag","embeddable":true,"href":"https:\/\/www.babcock-wanson.com\/it\/wp-json\/wp\/v2\/product_tag?post=26194"}],"curies":[{"name":"wp","href":"https:\/\/api.w.org\/{rel}","templated":true}]}}