{"id":26241,"date":"2018-09-19T12:36:05","date_gmt":"2018-09-19T11:36:05","guid":{"rendered":"https:\/\/www.babcock-wanson.com\/products\/senza%20categoria\/roto-concentrator\/"},"modified":"2020-05-20T15:14:25","modified_gmt":"2020-05-20T14:14:25","slug":"rotoconcentratore","status":"publish","type":"product","link":"https:\/\/www.babcock-wanson.com\/it\/prodotti\/ossidatori-termici\/rotoconcentratore\/","title":{"rendered":"Rotoconcentratore + Ossidatore"},"content":{"rendered":"<div class=\"vgblk-rw-wrapper limit-wrapper\">\r\n<h3>Principio di funzionamento<\/h3>\r\n<p>Il rotoconcentratore ha una struttura a nido d\u2019ape che viene caricata con miscele di zeoliti appositamente studiate per questo tipo di applicazione. Le zeoliti sono materiali alluminosilicati che offrono superficie specifica microporosa molto elevata per garantire l\u2019adsorbimento efficiente di differenti famiglie di COV. Il rotoconcentratore ruota sul proprio asse ad una velocit\u00e0 molto ridotta, solitamente tra 1 a 3 giri\/ora, a seconda delle condizioni di processo.<\/p>\r\n<p>Una frazione del flusso di processo che va dal 90 fino al 97%, passando attraverso il rotoconcentratore, rilascia i COV contenuti, che vengono temporaneamente adsorbiti sulla matrice alveolare delle zeoliti e pu\u00f2 essere direttamente convogliato a camino gi\u00e0 depurato.<\/p>\r\n<p>La restante frazione tra il 3 ed il 10% del flusso viene opportunamente riscaldata e fatta passare in controcorrente attraverso una sezione della ruota, dove il calore consente il desorbimento dei COV dalla matrice delle zeoliti riportandoli nel ciclo di trattamento. Questo flusso di portata ridotta e con alte concentrazioni di COV viene inviato ad un ossidatore (solitamente un ossidatore rigenerativo) che si trova a valle del rotoconcentratore. Questo tipo di applicazione riduce sensibilmente i costi di gestione specie per quanto riguarda il consumo di combustibile di supporto rispetto a quanto sarebbe richiesto per trattare lo stesso flusso con le tecnologie tradizionali<\/p>\r\n<h3>Vantaggi<\/h3>\r\n<ul>\r\n<li>Possibilit\u00e0 di gestire grandi volumi di processo e bassissime concentrazioni di COV con costi d\u2019esercizio assolutamente contenuti<\/li>\r\n<li>Efficienza di abbattimento globale del sistema rotoconcentratore + ossidatore &gt; 98%<\/li>\r\n<li>Basso consumo energetico<\/li>\r\n<li>Sensibile riduzione della taglia dell\u2019ossidatore per trattare il flusso di processo concentrato<\/li>\r\n<li>Lunga durata d\u2019esercizio del rotoconcentratore (macchina oligociclica con minima usura d\u2019esercizio e ridotta manutenzione periodica)<\/li>\r\n<li>Sistema operativo di facile impiego \u201cfriendly user\u201d<\/li>\r\n<li>Ridotto ingombro a terra paragonato alle tecnologie tradizionali a parit\u00e0 di volume di processo da trattare<\/li>\r\n<\/ul>\r\n<\/div><!-- .vgblk-rw-wrapper -->","protected":false},"excerpt":{"rendered":"<p>Questa tecnologia \u00e8 comunemente utilizzata per trattare i flussi di processo compresi tra 25.000 e 300.000 Nm3\/h contenenti basse o bassissime concentrazioni di COV. Un rotoconcentratore \u00e8 una macchina che adsorbe temporaneamente i COV nella matrice alveolare delle zeoliti, rimuovendoli dal flusso inquinato, per poi rilasciarli in un flusso opportunamente riscaldato che normalmente corrisponde ad 1\/10 fino ad 1\/30 della portata iniziale. Il risultato finale \u00e8 quello di avere un flusso inquinato molto pi\u00f9 ricco di COV che viene poi trattato con tecniche di ossidazione tradizionali prima di essere rilasciato in atmosfera. \u00c8 un sistema molto efficace nella riduzione delle emissioni di COV, sicuro ed economicamente conveniente rispetto ad altre tecnologie, ma soprattutto di facile impiego e gestione per i clienti<\/p>\n","protected":false},"featured_media":26246,"comment_status":"closed","ping_status":"closed","template":"","meta":{"_acf_changed":false,"_relevanssi_hide_post":"","_relevanssi_hide_content":"","_relevanssi_pin_for_all":"","_relevanssi_pin_keywords":"","_relevanssi_unpin_keywords":"","_relevanssi_related_keywords":"","_relevanssi_related_include_ids":"","_relevanssi_related_exclude_ids":"","_relevanssi_related_no_append":"","_relevanssi_related_not_related":"","_relevanssi_related_posts":"","_relevanssi_noindex_reason":""},"product_brand":[],"product_cat":[3597],"product_tag":[],"class_list":{"0":"post-26241","1":"product","2":"type-product","3":"status-publish","4":"has-post-thumbnail","6":"product_cat-ossidatori-termici","8":"first","9":"instock","10":"shipping-taxable","11":"product-type-simple"},"acf":[],"yoast_head":"<!-- This site is optimized with the Yoast SEO Premium plugin v27.4 (Yoast SEO v27.4) - https:\/\/yoast.com\/product\/yoast-seo-premium-wordpress\/ -->\n<title>Rotoconcentratore + Ossidatore - Babcock Wanson<\/title>\n<meta name=\"description\" content=\"A roto-concentrator is easy to use, very effective in reducing VOC emissions, safe and highly cost-effective compared with other technologies.\" \/>\n<meta name=\"robots\" content=\"index, follow, max-snippet:-1, max-image-preview:large, max-video-preview:-1\" \/>\n<link rel=\"canonical\" href=\"https:\/\/www.babcock-wanson.com\/it\/prodotti\/ossidatori-termici\/rotoconcentratore\/\" \/>\n<meta property=\"og:locale\" content=\"it_IT\" \/>\n<meta property=\"og:type\" content=\"article\" \/>\n<meta property=\"og:title\" content=\"Rotoconcentratore + Ossidatore\" \/>\n<meta property=\"og:description\" content=\"A roto-concentrator is easy to use, very effective in reducing VOC emissions, safe and highly cost-effective compared with other technologies.\" \/>\n<meta property=\"og:url\" content=\"https:\/\/www.babcock-wanson.com\/it\/prodotti\/ossidatori-termici\/rotoconcentratore\/\" \/>\n<meta property=\"og:site_name\" content=\"Babcock Wanson\" \/>\n<meta property=\"article:modified_time\" content=\"2020-05-20T14:14:25+00:00\" \/>\n<meta property=\"og:image\" content=\"https:\/\/www.babcock-wanson.com\/wp-content\/uploads\/2018\/09\/roto-concentrator-2.png\" \/>\n\t<meta property=\"og:image:width\" content=\"600\" \/>\n\t<meta property=\"og:image:height\" content=\"400\" \/>\n\t<meta property=\"og:image:type\" content=\"image\/png\" \/>\n<meta name=\"twitter:card\" content=\"summary_large_image\" \/>\n<meta name=\"twitter:label1\" content=\"Est. reading time\" \/>\n\t<meta name=\"twitter:data1\" content=\"1 minuto\" \/>\n<script type=\"application\/ld+json\" class=\"yoast-schema-graph\">{\"@context\":\"https:\\\/\\\/schema.org\",\"@graph\":[{\"@type\":\"WebPage\",\"@id\":\"https:\\\/\\\/www.babcock-wanson.com\\\/it\\\/prodotti\\\/ossidatori-termici\\\/rotoconcentratore\\\/\",\"url\":\"https:\\\/\\\/www.babcock-wanson.com\\\/it\\\/prodotti\\\/ossidatori-termici\\\/rotoconcentratore\\\/\",\"name\":\"Rotoconcentratore + Ossidatore - Babcock Wanson\",\"isPartOf\":{\"@id\":\"https:\\\/\\\/www.babcock-wanson.com\\\/it\\\/#website\"},\"primaryImageOfPage\":{\"@id\":\"https:\\\/\\\/www.babcock-wanson.com\\\/it\\\/prodotti\\\/ossidatori-termici\\\/rotoconcentratore\\\/#primaryimage\"},\"image\":{\"@id\":\"https:\\\/\\\/www.babcock-wanson.com\\\/it\\\/prodotti\\\/ossidatori-termici\\\/rotoconcentratore\\\/#primaryimage\"},\"thumbnailUrl\":\"https:\\\/\\\/www.babcock-wanson.com\\\/wp-content\\\/uploads\\\/2018\\\/09\\\/roto-concentrator-2.png\",\"datePublished\":\"2018-09-19T11:36:05+00:00\",\"dateModified\":\"2020-05-20T14:14:25+00:00\",\"description\":\"A roto-concentrator is easy to use, very effective in reducing VOC emissions, safe and highly cost-effective compared with other technologies.\",\"breadcrumb\":{\"@id\":\"https:\\\/\\\/www.babcock-wanson.com\\\/it\\\/prodotti\\\/ossidatori-termici\\\/rotoconcentratore\\\/#breadcrumb\"},\"inLanguage\":\"it-IT\",\"potentialAction\":[{\"@type\":\"ReadAction\",\"target\":[\"https:\\\/\\\/www.babcock-wanson.com\\\/it\\\/prodotti\\\/ossidatori-termici\\\/rotoconcentratore\\\/\"]}]},{\"@type\":\"ImageObject\",\"inLanguage\":\"it-IT\",\"@id\":\"https:\\\/\\\/www.babcock-wanson.com\\\/it\\\/prodotti\\\/ossidatori-termici\\\/rotoconcentratore\\\/#primaryimage\",\"url\":\"https:\\\/\\\/www.babcock-wanson.com\\\/wp-content\\\/uploads\\\/2018\\\/09\\\/roto-concentrator-2.png\",\"contentUrl\":\"https:\\\/\\\/www.babcock-wanson.com\\\/wp-content\\\/uploads\\\/2018\\\/09\\\/roto-concentrator-2.png\",\"width\":600,\"height\":400},{\"@type\":\"BreadcrumbList\",\"@id\":\"https:\\\/\\\/www.babcock-wanson.com\\\/it\\\/prodotti\\\/ossidatori-termici\\\/rotoconcentratore\\\/#breadcrumb\",\"itemListElement\":[{\"@type\":\"ListItem\",\"position\":1,\"name\":\"Inicio\",\"item\":\"https:\\\/\\\/www.babcock-wanson.com\\\/it\\\/\"},{\"@type\":\"ListItem\",\"position\":2,\"name\":\"Prodotti\",\"item\":\"https:\\\/\\\/www.babcock-wanson.com\\\/it\\\/shop\\\/\"},{\"@type\":\"ListItem\",\"position\":3,\"name\":\"Ossidatori termici\",\"item\":\"https:\\\/\\\/www.babcock-wanson.com\\\/it\\\/categoria-prodotto\\\/ossidatori-termici\\\/\"},{\"@type\":\"ListItem\",\"position\":4,\"name\":\"Rotoconcentratore + Ossidatore\"}]},{\"@type\":\"WebSite\",\"@id\":\"https:\\\/\\\/www.babcock-wanson.com\\\/it\\\/#website\",\"url\":\"https:\\\/\\\/www.babcock-wanson.com\\\/it\\\/\",\"name\":\"Babcock Wanson\",\"description\":\"\",\"publisher\":{\"@id\":\"https:\\\/\\\/www.babcock-wanson.com\\\/it\\\/#organization\"},\"potentialAction\":[{\"@type\":\"SearchAction\",\"target\":{\"@type\":\"EntryPoint\",\"urlTemplate\":\"https:\\\/\\\/www.babcock-wanson.com\\\/it\\\/?s={search_term_string}\"},\"query-input\":{\"@type\":\"PropertyValueSpecification\",\"valueRequired\":true,\"valueName\":\"search_term_string\"}}],\"inLanguage\":\"it-IT\"},{\"@type\":\"Organization\",\"@id\":\"https:\\\/\\\/www.babcock-wanson.com\\\/it\\\/#organization\",\"name\":\"Babcock Wanson\",\"url\":\"https:\\\/\\\/www.babcock-wanson.com\\\/it\\\/\",\"logo\":{\"@type\":\"ImageObject\",\"inLanguage\":\"it-IT\",\"@id\":\"https:\\\/\\\/www.babcock-wanson.com\\\/it\\\/#\\\/schema\\\/logo\\\/image\\\/\",\"url\":\"https:\\\/\\\/www.babcock-wanson.com\\\/wp-content\\\/uploads\\\/2024\\\/02\\\/Babcock-Wanson-1200x1200-1.png\",\"contentUrl\":\"https:\\\/\\\/www.babcock-wanson.com\\\/wp-content\\\/uploads\\\/2024\\\/02\\\/Babcock-Wanson-1200x1200-1.png\",\"width\":1200,\"height\":1200,\"caption\":\"Babcock Wanson\"},\"image\":{\"@id\":\"https:\\\/\\\/www.babcock-wanson.com\\\/it\\\/#\\\/schema\\\/logo\\\/image\\\/\"},\"sameAs\":[\"https:\\\/\\\/www.linkedin.com\\\/company\\\/babcock-wanson\\\/\",\"https:\\\/\\\/www.youtube.com\\\/channel\\\/UCtxl25VieBBsP2kYmtlyv7A\"]}]}<\/script>\n<!-- \/ Yoast SEO Premium plugin. -->","yoast_head_json":{"title":"Rotoconcentratore + Ossidatore - Babcock Wanson","description":"A roto-concentrator is easy to use, very effective in reducing VOC emissions, safe and highly cost-effective compared with other technologies.","robots":{"index":"index","follow":"follow","max-snippet":"max-snippet:-1","max-image-preview":"max-image-preview:large","max-video-preview":"max-video-preview:-1"},"canonical":"https:\/\/www.babcock-wanson.com\/it\/prodotti\/ossidatori-termici\/rotoconcentratore\/","og_locale":"it_IT","og_type":"article","og_title":"Rotoconcentratore + Ossidatore","og_description":"A roto-concentrator is easy to use, very effective in reducing VOC emissions, safe and highly cost-effective compared with other technologies.","og_url":"https:\/\/www.babcock-wanson.com\/it\/prodotti\/ossidatori-termici\/rotoconcentratore\/","og_site_name":"Babcock Wanson","article_modified_time":"2020-05-20T14:14:25+00:00","og_image":[{"width":600,"height":400,"url":"https:\/\/www.babcock-wanson.com\/wp-content\/uploads\/2018\/09\/roto-concentrator-2.png","type":"image\/png"}],"twitter_card":"summary_large_image","twitter_misc":{"Est. reading time":"1 minuto"},"schema":{"@context":"https:\/\/schema.org","@graph":[{"@type":"WebPage","@id":"https:\/\/www.babcock-wanson.com\/it\/prodotti\/ossidatori-termici\/rotoconcentratore\/","url":"https:\/\/www.babcock-wanson.com\/it\/prodotti\/ossidatori-termici\/rotoconcentratore\/","name":"Rotoconcentratore + Ossidatore - Babcock Wanson","isPartOf":{"@id":"https:\/\/www.babcock-wanson.com\/it\/#website"},"primaryImageOfPage":{"@id":"https:\/\/www.babcock-wanson.com\/it\/prodotti\/ossidatori-termici\/rotoconcentratore\/#primaryimage"},"image":{"@id":"https:\/\/www.babcock-wanson.com\/it\/prodotti\/ossidatori-termici\/rotoconcentratore\/#primaryimage"},"thumbnailUrl":"https:\/\/www.babcock-wanson.com\/wp-content\/uploads\/2018\/09\/roto-concentrator-2.png","datePublished":"2018-09-19T11:36:05+00:00","dateModified":"2020-05-20T14:14:25+00:00","description":"A roto-concentrator is easy to use, very effective in reducing VOC emissions, safe and highly cost-effective compared with other technologies.","breadcrumb":{"@id":"https:\/\/www.babcock-wanson.com\/it\/prodotti\/ossidatori-termici\/rotoconcentratore\/#breadcrumb"},"inLanguage":"it-IT","potentialAction":[{"@type":"ReadAction","target":["https:\/\/www.babcock-wanson.com\/it\/prodotti\/ossidatori-termici\/rotoconcentratore\/"]}]},{"@type":"ImageObject","inLanguage":"it-IT","@id":"https:\/\/www.babcock-wanson.com\/it\/prodotti\/ossidatori-termici\/rotoconcentratore\/#primaryimage","url":"https:\/\/www.babcock-wanson.com\/wp-content\/uploads\/2018\/09\/roto-concentrator-2.png","contentUrl":"https:\/\/www.babcock-wanson.com\/wp-content\/uploads\/2018\/09\/roto-concentrator-2.png","width":600,"height":400},{"@type":"BreadcrumbList","@id":"https:\/\/www.babcock-wanson.com\/it\/prodotti\/ossidatori-termici\/rotoconcentratore\/#breadcrumb","itemListElement":[{"@type":"ListItem","position":1,"name":"Inicio","item":"https:\/\/www.babcock-wanson.com\/it\/"},{"@type":"ListItem","position":2,"name":"Prodotti","item":"https:\/\/www.babcock-wanson.com\/it\/shop\/"},{"@type":"ListItem","position":3,"name":"Ossidatori termici","item":"https:\/\/www.babcock-wanson.com\/it\/categoria-prodotto\/ossidatori-termici\/"},{"@type":"ListItem","position":4,"name":"Rotoconcentratore + Ossidatore"}]},{"@type":"WebSite","@id":"https:\/\/www.babcock-wanson.com\/it\/#website","url":"https:\/\/www.babcock-wanson.com\/it\/","name":"Babcock Wanson","description":"","publisher":{"@id":"https:\/\/www.babcock-wanson.com\/it\/#organization"},"potentialAction":[{"@type":"SearchAction","target":{"@type":"EntryPoint","urlTemplate":"https:\/\/www.babcock-wanson.com\/it\/?s={search_term_string}"},"query-input":{"@type":"PropertyValueSpecification","valueRequired":true,"valueName":"search_term_string"}}],"inLanguage":"it-IT"},{"@type":"Organization","@id":"https:\/\/www.babcock-wanson.com\/it\/#organization","name":"Babcock Wanson","url":"https:\/\/www.babcock-wanson.com\/it\/","logo":{"@type":"ImageObject","inLanguage":"it-IT","@id":"https:\/\/www.babcock-wanson.com\/it\/#\/schema\/logo\/image\/","url":"https:\/\/www.babcock-wanson.com\/wp-content\/uploads\/2024\/02\/Babcock-Wanson-1200x1200-1.png","contentUrl":"https:\/\/www.babcock-wanson.com\/wp-content\/uploads\/2024\/02\/Babcock-Wanson-1200x1200-1.png","width":1200,"height":1200,"caption":"Babcock Wanson"},"image":{"@id":"https:\/\/www.babcock-wanson.com\/it\/#\/schema\/logo\/image\/"},"sameAs":["https:\/\/www.linkedin.com\/company\/babcock-wanson\/","https:\/\/www.youtube.com\/channel\/UCtxl25VieBBsP2kYmtlyv7A"]}]}},"jetpack_sharing_enabled":true,"_links":{"self":[{"href":"https:\/\/www.babcock-wanson.com\/it\/wp-json\/wp\/v2\/product\/26241","targetHints":{"allow":["GET"]}}],"collection":[{"href":"https:\/\/www.babcock-wanson.com\/it\/wp-json\/wp\/v2\/product"}],"about":[{"href":"https:\/\/www.babcock-wanson.com\/it\/wp-json\/wp\/v2\/types\/product"}],"replies":[{"embeddable":true,"href":"https:\/\/www.babcock-wanson.com\/it\/wp-json\/wp\/v2\/comments?post=26241"}],"wp:featuredmedia":[{"embeddable":true,"href":"https:\/\/www.babcock-wanson.com\/it\/wp-json\/wp\/v2\/media\/26246"}],"wp:attachment":[{"href":"https:\/\/www.babcock-wanson.com\/it\/wp-json\/wp\/v2\/media?parent=26241"}],"wp:term":[{"taxonomy":"product_brand","embeddable":true,"href":"https:\/\/www.babcock-wanson.com\/it\/wp-json\/wp\/v2\/product_brand?post=26241"},{"taxonomy":"product_cat","embeddable":true,"href":"https:\/\/www.babcock-wanson.com\/it\/wp-json\/wp\/v2\/product_cat?post=26241"},{"taxonomy":"product_tag","embeddable":true,"href":"https:\/\/www.babcock-wanson.com\/it\/wp-json\/wp\/v2\/product_tag?post=26241"}],"curies":[{"name":"wp","href":"https:\/\/api.w.org\/{rel}","templated":true}]}}