{"id":26264,"date":"2018-09-19T13:42:04","date_gmt":"2018-09-19T12:42:04","guid":{"rendered":"https:\/\/www.babcock-wanson.com\/products\/senza%20categoria\/thermal-deaeration\/"},"modified":"2022-01-05T15:08:36","modified_gmt":"2022-01-05T15:08:36","slug":"deareazione-termica","status":"publish","type":"product","link":"https:\/\/www.babcock-wanson.com\/it\/prodotti\/trattamento-acqua-industriale\/deareazione-termica\/","title":{"rendered":"Deareazione Termica"},"content":{"rendered":"<div class=\"vgblk-rw-wrapper limit-wrapper\">\r\n<div class=\"grid-1-2\">\r\n<h3>Deareatore termico pressurizzato<\/h3>\r\n<p>Un deareatore termico pressurizzato, che funziona a circa 0,3 barg, permette di aumentare la temperatura dell&#8217;acqua a circa 105 \u00b0C e ottenere un&#8217;acqua di eccellente qualit\u00e0 con un bassissimo contenuto di ossigeno (inferiore a 0,01 mg\/l), usata per impianti che funzionano a portata e pressione elevate.<\/p>\r\n<p>La progettazione di Babcock Wanson ottimizza la rimozione dei gas disciolti. Una colonna di deareazione \u00e8 montata sopra il recipiente di stoccaggio. Il vapore viene iniettato nel recipiente di stoccaggio, mantenendo la pressione e la temperatura dell&#8217;acqua, e sale attraverso la colonna di deareazione, dove l\u2019ampia area di superficie permette il contatto necessario tra l\u2019acqua in ingresso e il vapore per eliminare i gas disciolti dall&#8217;acqua. I gas risultanti, insieme a una piccola quantit\u00e0 di vapore di trasporto, vengono espulsi dalla parte superiore della colonna. L\u2019acqua di alimentazione ottenuta \u00e8 di altissima qualit\u00e0 e adatta alla maggior parte delle applicazioni.<\/p>\r\n<p>Questo \u00e8 un prodotto costruito secondo i requisiti del processo dei clienti. Contattateci per ulteriori dettagli.<\/p>\r\n<h3>Deareatore atmosferico<\/h3>\r\n<p>TQuesto design alternativo, che garantisce prestazioni simili a quelle del deareatore termico (0,1 mg\/l) ma senza i requisiti tecnici di un recipiente pressurizzato, \u00e8 ideale per caldaie di potenza e pressione medie e costituisce un\u2019alternativa molto economica rispetto al semplice uso del trattamento chimico per lo scavenging dell\u2019ossigeno.<\/p>\r\n<p>Le condizioni operative sono simili a quelle del deareatore termico, ma la colonna di deareazione e i suoi raccordi sono sostituiti da una calotta pi\u00f9 semplice installata sulla parte superiore del serbatoio dell\u2019acqua di alimentazione con un tubo di immersione appositamente inserito all\u2019interno del serbatoio.<\/p>\r\n<\/div>\r\n<div class=\"grid-1-2 last\">\r\n<h3>Applicazione della deareazione termica nell\u2019industria<\/h3>\r\n<p>La qualit\u00e0 dell&#8217;acqua \u00e8 un fattore importante per assicurare la durabilit\u00e0 dell\u2019apparecchiatura di processo, soprattutto per le caldaie a vapore. Se non trattata, l&#8217;acqua conterr\u00e0 ossigeno e diossido di carbonio disciolti, che sono agenti corrosivi attivi che possono danneggiare l\u2019acciaio al carbonio. \u00c8 quindi essenziale limitare la quantit\u00e0 di questi costituenti per evitare la degradazione.<\/p>\r\n<p>L\u2019apparecchiatura di degasaggio termico di Babcock Wanson rimuove dall&#8217;acqua ossigeno e altri gas disciolti contribuendo cos\u00ec a eliminare il rischio di corrosione. Babcock Wanson offre grande competenza nel trattamento dell&#8217;acqua per caldaie e mette a disposizione le sue conoscenze per un calcolo accurato del ROI (Ritorno sull\u2019investimento).<\/p>\r\n<h3>Installazione semplice<\/h3>\r\n<p>Il degasaggio termico pu\u00f2 essere installato sul posto o fornito come una configurazione integrata montata su skid che permette un\u2019installazione semplice e veloce.<\/p>\r\n<h3>Ecosostenibile<\/h3>\r\n<p>Il degasaggio termico \u00e8 un\u2019alternativa fisica a un semplice trattamento chimico per rimuovere i gas disciolti. Pu\u00f2 ridurre drasticamente la richiesta chimica del processo e aiuta a ridurre i requisiti di manipolazione di prodotti chimici sul posto e le esigenze di smaltimento rifiuti.<\/p>\r\n<h3>Affidabilit\u00e0 e sicurezza<\/h3>\r\n<ul>\r\n<li>Il degasaggio termico aiuta a ridurre i costi operativi complessivi e qualsiasi impatto ambientale derivante dal trattamento chimico dell\u2019acqua di alimentazione.<\/li>\r\n<li>Bassissimo contenuto di ossigeno, inferiore a 0,05 mg\/l o 0,01 mg\/l a seconda della tecnologia impiegata.<\/li>\r\n<li>La deareazione termica riduce il rischio di corrosione dell\u2019ossigeno e al tempo stesso minimizza il costo operativo.<\/li>\r\n<li>Mantenendo la fornitura di acqua di alimentazione alla pi\u00f9 alta temperatura possibile, incrementa le prestazioni dell\u2019impianto della caldaia riducendo il fabbisogno di energia della caldaia.<\/li>\r\n<\/ul>\r\n<\/div>\r\n<\/div><!-- .vgblk-rw-wrapper -->","protected":false},"excerpt":{"rendered":"<p><strong>Standard: flusso dell&#8217;acqua trattata da 2 a 30 m3\/h <\/strong><br \/><strong>Specifico: su misura per la vostra richiesta<\/strong><\/p>\n<p>La deareazione termica \u00e8 una tecnologia di <a href=\"https:\/\/www.babcock-wanson.com\/it\/categoria-prodotto\/trattamento-acqua-industriale\/\" target=\"_blank\" rel=\"noopener\">trattamento dell&#8217;acqua<\/a> basata sulla legge di Henry. La legge di Henry stabilisce che la quantit\u00e0 di gas disciolti all\u2019interno di un liquido \u00e8 proporzionale alla pressione parziale del gas nella fase gassosa. L\u2019ossigeno e gli altri gas disciolti possono essere rimossi dall&#8217;acqua aumentando la temperatura dell\u2019acqua e la pressione; questo risultato nel nostro deareatore termico \u00e8 ottenuto con l\u2019iniezione di vapore.<\/p>\n<p>Babcock Wanson progetta e produce apparecchiature di deareazione termica su misura a perfetto corredo di qualsiasi impianto. Il degasaggio termico, rimuovendo dall\u2019acqua tutti i tipi di gas disciolti, riduce la necessit\u00e0 di un trattamento chimico e quindi assicura la longevit\u00e0 dell\u2019apparecchiatura, mantiene la qualit\u00e0 del vapore e riduce i costi operativi.<\/p>\n","protected":false},"featured_media":26265,"comment_status":"closed","ping_status":"closed","template":"","meta":{"_acf_changed":false,"_relevanssi_hide_post":"","_relevanssi_hide_content":"","_relevanssi_pin_for_all":"","_relevanssi_pin_keywords":"","_relevanssi_unpin_keywords":"","_relevanssi_related_keywords":"","_relevanssi_related_include_ids":"","_relevanssi_related_exclude_ids":"","_relevanssi_related_no_append":"","_relevanssi_related_not_related":"","_relevanssi_related_posts":"","_relevanssi_noindex_reason":""},"product_brand":[],"product_cat":[3594],"product_tag":[],"class_list":{"0":"post-26264","1":"product","2":"type-product","3":"status-publish","4":"has-post-thumbnail","6":"product_cat-trattamento-acqua-industriale","8":"first","9":"instock","10":"shipping-taxable","11":"product-type-simple"},"acf":[],"yoast_head":"<!-- This site is optimized with the Yoast SEO Premium plugin v27.4 (Yoast SEO v27.4) - https:\/\/yoast.com\/product\/yoast-seo-premium-wordpress\/ -->\n<title>Deareazione Termica - Babcock Wanson<\/title>\n<meta name=\"description\" content=\"La deareazione termica \u00e8 una tecnologia di trattamento dell&#039;acqua basata sulla legge di Henry\" \/>\n<meta name=\"robots\" content=\"index, follow, max-snippet:-1, max-image-preview:large, max-video-preview:-1\" \/>\n<link rel=\"canonical\" href=\"https:\/\/www.babcock-wanson.com\/it\/prodotti\/trattamento-acqua-industriale\/deareazione-termica\/\" \/>\n<meta property=\"og:locale\" content=\"it_IT\" \/>\n<meta property=\"og:type\" content=\"article\" \/>\n<meta property=\"og:title\" content=\"Deareazione Termica\" \/>\n<meta property=\"og:description\" content=\"La deareazione termica \u00e8 una tecnologia di trattamento dell&#039;acqua basata sulla legge di Henry\" \/>\n<meta property=\"og:url\" content=\"https:\/\/www.babcock-wanson.com\/it\/prodotti\/trattamento-acqua-industriale\/deareazione-termica\/\" \/>\n<meta property=\"og:site_name\" content=\"Babcock Wanson\" \/>\n<meta property=\"article:modified_time\" content=\"2022-01-05T15:08:36+00:00\" \/>\n<meta property=\"og:image\" content=\"https:\/\/www.babcock-wanson.com\/wp-content\/uploads\/2018\/09\/Thermal-Deaeration-3.jpg\" \/>\n\t<meta property=\"og:image:width\" content=\"600\" \/>\n\t<meta property=\"og:image:height\" content=\"400\" \/>\n\t<meta property=\"og:image:type\" content=\"image\/jpeg\" \/>\n<meta name=\"twitter:card\" content=\"summary_large_image\" \/>\n<meta name=\"twitter:label1\" content=\"Est. reading time\" \/>\n\t<meta name=\"twitter:data1\" content=\"3 minuti\" \/>\n<script type=\"application\/ld+json\" class=\"yoast-schema-graph\">{\"@context\":\"https:\\\/\\\/schema.org\",\"@graph\":[{\"@type\":\"WebPage\",\"@id\":\"https:\\\/\\\/www.babcock-wanson.com\\\/it\\\/prodotti\\\/trattamento-acqua-industriale\\\/deareazione-termica\\\/\",\"url\":\"https:\\\/\\\/www.babcock-wanson.com\\\/it\\\/prodotti\\\/trattamento-acqua-industriale\\\/deareazione-termica\\\/\",\"name\":\"Deareazione Termica - Babcock Wanson\",\"isPartOf\":{\"@id\":\"https:\\\/\\\/www.babcock-wanson.com\\\/it\\\/#website\"},\"primaryImageOfPage\":{\"@id\":\"https:\\\/\\\/www.babcock-wanson.com\\\/it\\\/prodotti\\\/trattamento-acqua-industriale\\\/deareazione-termica\\\/#primaryimage\"},\"image\":{\"@id\":\"https:\\\/\\\/www.babcock-wanson.com\\\/it\\\/prodotti\\\/trattamento-acqua-industriale\\\/deareazione-termica\\\/#primaryimage\"},\"thumbnailUrl\":\"https:\\\/\\\/www.babcock-wanson.com\\\/wp-content\\\/uploads\\\/2018\\\/09\\\/Thermal-Deaeration-3.jpg\",\"datePublished\":\"2018-09-19T12:42:04+00:00\",\"dateModified\":\"2022-01-05T15:08:36+00:00\",\"description\":\"La deareazione termica \u00e8 una tecnologia di trattamento dell'acqua basata sulla legge di Henry\",\"breadcrumb\":{\"@id\":\"https:\\\/\\\/www.babcock-wanson.com\\\/it\\\/prodotti\\\/trattamento-acqua-industriale\\\/deareazione-termica\\\/#breadcrumb\"},\"inLanguage\":\"it-IT\",\"potentialAction\":[{\"@type\":\"ReadAction\",\"target\":[\"https:\\\/\\\/www.babcock-wanson.com\\\/it\\\/prodotti\\\/trattamento-acqua-industriale\\\/deareazione-termica\\\/\"]}]},{\"@type\":\"ImageObject\",\"inLanguage\":\"it-IT\",\"@id\":\"https:\\\/\\\/www.babcock-wanson.com\\\/it\\\/prodotti\\\/trattamento-acqua-industriale\\\/deareazione-termica\\\/#primaryimage\",\"url\":\"https:\\\/\\\/www.babcock-wanson.com\\\/wp-content\\\/uploads\\\/2018\\\/09\\\/Thermal-Deaeration-3.jpg\",\"contentUrl\":\"https:\\\/\\\/www.babcock-wanson.com\\\/wp-content\\\/uploads\\\/2018\\\/09\\\/Thermal-Deaeration-3.jpg\",\"width\":600,\"height\":400},{\"@type\":\"BreadcrumbList\",\"@id\":\"https:\\\/\\\/www.babcock-wanson.com\\\/it\\\/prodotti\\\/trattamento-acqua-industriale\\\/deareazione-termica\\\/#breadcrumb\",\"itemListElement\":[{\"@type\":\"ListItem\",\"position\":1,\"name\":\"Inicio\",\"item\":\"https:\\\/\\\/www.babcock-wanson.com\\\/it\\\/\"},{\"@type\":\"ListItem\",\"position\":2,\"name\":\"Prodotti\",\"item\":\"https:\\\/\\\/www.babcock-wanson.com\\\/it\\\/shop\\\/\"},{\"@type\":\"ListItem\",\"position\":3,\"name\":\"Trattamento acqua industriale\",\"item\":\"https:\\\/\\\/www.babcock-wanson.com\\\/it\\\/categoria-prodotto\\\/trattamento-acqua-industriale\\\/\"},{\"@type\":\"ListItem\",\"position\":4,\"name\":\"Deareazione Termica\"}]},{\"@type\":\"WebSite\",\"@id\":\"https:\\\/\\\/www.babcock-wanson.com\\\/it\\\/#website\",\"url\":\"https:\\\/\\\/www.babcock-wanson.com\\\/it\\\/\",\"name\":\"Babcock Wanson\",\"description\":\"\",\"publisher\":{\"@id\":\"https:\\\/\\\/www.babcock-wanson.com\\\/it\\\/#organization\"},\"potentialAction\":[{\"@type\":\"SearchAction\",\"target\":{\"@type\":\"EntryPoint\",\"urlTemplate\":\"https:\\\/\\\/www.babcock-wanson.com\\\/it\\\/?s={search_term_string}\"},\"query-input\":{\"@type\":\"PropertyValueSpecification\",\"valueRequired\":true,\"valueName\":\"search_term_string\"}}],\"inLanguage\":\"it-IT\"},{\"@type\":\"Organization\",\"@id\":\"https:\\\/\\\/www.babcock-wanson.com\\\/it\\\/#organization\",\"name\":\"Babcock Wanson\",\"url\":\"https:\\\/\\\/www.babcock-wanson.com\\\/it\\\/\",\"logo\":{\"@type\":\"ImageObject\",\"inLanguage\":\"it-IT\",\"@id\":\"https:\\\/\\\/www.babcock-wanson.com\\\/it\\\/#\\\/schema\\\/logo\\\/image\\\/\",\"url\":\"https:\\\/\\\/www.babcock-wanson.com\\\/wp-content\\\/uploads\\\/2024\\\/02\\\/Babcock-Wanson-1200x1200-1.png\",\"contentUrl\":\"https:\\\/\\\/www.babcock-wanson.com\\\/wp-content\\\/uploads\\\/2024\\\/02\\\/Babcock-Wanson-1200x1200-1.png\",\"width\":1200,\"height\":1200,\"caption\":\"Babcock Wanson\"},\"image\":{\"@id\":\"https:\\\/\\\/www.babcock-wanson.com\\\/it\\\/#\\\/schema\\\/logo\\\/image\\\/\"},\"sameAs\":[\"https:\\\/\\\/www.linkedin.com\\\/company\\\/babcock-wanson\\\/\",\"https:\\\/\\\/www.youtube.com\\\/channel\\\/UCtxl25VieBBsP2kYmtlyv7A\"]}]}<\/script>\n<!-- \/ Yoast SEO Premium plugin. -->","yoast_head_json":{"title":"Deareazione Termica - Babcock Wanson","description":"La deareazione termica \u00e8 una tecnologia di trattamento dell'acqua basata sulla legge di Henry","robots":{"index":"index","follow":"follow","max-snippet":"max-snippet:-1","max-image-preview":"max-image-preview:large","max-video-preview":"max-video-preview:-1"},"canonical":"https:\/\/www.babcock-wanson.com\/it\/prodotti\/trattamento-acqua-industriale\/deareazione-termica\/","og_locale":"it_IT","og_type":"article","og_title":"Deareazione Termica","og_description":"La deareazione termica \u00e8 una tecnologia di trattamento dell'acqua basata sulla legge di Henry","og_url":"https:\/\/www.babcock-wanson.com\/it\/prodotti\/trattamento-acqua-industriale\/deareazione-termica\/","og_site_name":"Babcock Wanson","article_modified_time":"2022-01-05T15:08:36+00:00","og_image":[{"width":600,"height":400,"url":"https:\/\/www.babcock-wanson.com\/wp-content\/uploads\/2018\/09\/Thermal-Deaeration-3.jpg","type":"image\/jpeg"}],"twitter_card":"summary_large_image","twitter_misc":{"Est. reading time":"3 minuti"},"schema":{"@context":"https:\/\/schema.org","@graph":[{"@type":"WebPage","@id":"https:\/\/www.babcock-wanson.com\/it\/prodotti\/trattamento-acqua-industriale\/deareazione-termica\/","url":"https:\/\/www.babcock-wanson.com\/it\/prodotti\/trattamento-acqua-industriale\/deareazione-termica\/","name":"Deareazione Termica - Babcock Wanson","isPartOf":{"@id":"https:\/\/www.babcock-wanson.com\/it\/#website"},"primaryImageOfPage":{"@id":"https:\/\/www.babcock-wanson.com\/it\/prodotti\/trattamento-acqua-industriale\/deareazione-termica\/#primaryimage"},"image":{"@id":"https:\/\/www.babcock-wanson.com\/it\/prodotti\/trattamento-acqua-industriale\/deareazione-termica\/#primaryimage"},"thumbnailUrl":"https:\/\/www.babcock-wanson.com\/wp-content\/uploads\/2018\/09\/Thermal-Deaeration-3.jpg","datePublished":"2018-09-19T12:42:04+00:00","dateModified":"2022-01-05T15:08:36+00:00","description":"La deareazione termica \u00e8 una tecnologia di trattamento dell'acqua basata sulla legge di Henry","breadcrumb":{"@id":"https:\/\/www.babcock-wanson.com\/it\/prodotti\/trattamento-acqua-industriale\/deareazione-termica\/#breadcrumb"},"inLanguage":"it-IT","potentialAction":[{"@type":"ReadAction","target":["https:\/\/www.babcock-wanson.com\/it\/prodotti\/trattamento-acqua-industriale\/deareazione-termica\/"]}]},{"@type":"ImageObject","inLanguage":"it-IT","@id":"https:\/\/www.babcock-wanson.com\/it\/prodotti\/trattamento-acqua-industriale\/deareazione-termica\/#primaryimage","url":"https:\/\/www.babcock-wanson.com\/wp-content\/uploads\/2018\/09\/Thermal-Deaeration-3.jpg","contentUrl":"https:\/\/www.babcock-wanson.com\/wp-content\/uploads\/2018\/09\/Thermal-Deaeration-3.jpg","width":600,"height":400},{"@type":"BreadcrumbList","@id":"https:\/\/www.babcock-wanson.com\/it\/prodotti\/trattamento-acqua-industriale\/deareazione-termica\/#breadcrumb","itemListElement":[{"@type":"ListItem","position":1,"name":"Inicio","item":"https:\/\/www.babcock-wanson.com\/it\/"},{"@type":"ListItem","position":2,"name":"Prodotti","item":"https:\/\/www.babcock-wanson.com\/it\/shop\/"},{"@type":"ListItem","position":3,"name":"Trattamento acqua industriale","item":"https:\/\/www.babcock-wanson.com\/it\/categoria-prodotto\/trattamento-acqua-industriale\/"},{"@type":"ListItem","position":4,"name":"Deareazione Termica"}]},{"@type":"WebSite","@id":"https:\/\/www.babcock-wanson.com\/it\/#website","url":"https:\/\/www.babcock-wanson.com\/it\/","name":"Babcock Wanson","description":"","publisher":{"@id":"https:\/\/www.babcock-wanson.com\/it\/#organization"},"potentialAction":[{"@type":"SearchAction","target":{"@type":"EntryPoint","urlTemplate":"https:\/\/www.babcock-wanson.com\/it\/?s={search_term_string}"},"query-input":{"@type":"PropertyValueSpecification","valueRequired":true,"valueName":"search_term_string"}}],"inLanguage":"it-IT"},{"@type":"Organization","@id":"https:\/\/www.babcock-wanson.com\/it\/#organization","name":"Babcock Wanson","url":"https:\/\/www.babcock-wanson.com\/it\/","logo":{"@type":"ImageObject","inLanguage":"it-IT","@id":"https:\/\/www.babcock-wanson.com\/it\/#\/schema\/logo\/image\/","url":"https:\/\/www.babcock-wanson.com\/wp-content\/uploads\/2024\/02\/Babcock-Wanson-1200x1200-1.png","contentUrl":"https:\/\/www.babcock-wanson.com\/wp-content\/uploads\/2024\/02\/Babcock-Wanson-1200x1200-1.png","width":1200,"height":1200,"caption":"Babcock Wanson"},"image":{"@id":"https:\/\/www.babcock-wanson.com\/it\/#\/schema\/logo\/image\/"},"sameAs":["https:\/\/www.linkedin.com\/company\/babcock-wanson\/","https:\/\/www.youtube.com\/channel\/UCtxl25VieBBsP2kYmtlyv7A"]}]}},"jetpack_sharing_enabled":true,"_links":{"self":[{"href":"https:\/\/www.babcock-wanson.com\/it\/wp-json\/wp\/v2\/product\/26264","targetHints":{"allow":["GET"]}}],"collection":[{"href":"https:\/\/www.babcock-wanson.com\/it\/wp-json\/wp\/v2\/product"}],"about":[{"href":"https:\/\/www.babcock-wanson.com\/it\/wp-json\/wp\/v2\/types\/product"}],"replies":[{"embeddable":true,"href":"https:\/\/www.babcock-wanson.com\/it\/wp-json\/wp\/v2\/comments?post=26264"}],"wp:featuredmedia":[{"embeddable":true,"href":"https:\/\/www.babcock-wanson.com\/it\/wp-json\/wp\/v2\/media\/26265"}],"wp:attachment":[{"href":"https:\/\/www.babcock-wanson.com\/it\/wp-json\/wp\/v2\/media?parent=26264"}],"wp:term":[{"taxonomy":"product_brand","embeddable":true,"href":"https:\/\/www.babcock-wanson.com\/it\/wp-json\/wp\/v2\/product_brand?post=26264"},{"taxonomy":"product_cat","embeddable":true,"href":"https:\/\/www.babcock-wanson.com\/it\/wp-json\/wp\/v2\/product_cat?post=26264"},{"taxonomy":"product_tag","embeddable":true,"href":"https:\/\/www.babcock-wanson.com\/it\/wp-json\/wp\/v2\/product_tag?post=26264"}],"curies":[{"name":"wp","href":"https:\/\/api.w.org\/{rel}","templated":true}]}}