{"id":41050,"date":"2021-11-18T16:02:43","date_gmt":"2021-11-18T16:02:43","guid":{"rendered":"https:\/\/www.babcock-wanson.com\/products\/senza%20categoria\/e-pack\/"},"modified":"2024-04-16T14:21:29","modified_gmt":"2024-04-16T13:21:29","slug":"e-pack","status":"publish","type":"product","link":"https:\/\/www.babcock-wanson.com\/it\/prodotti\/caldaie-elettriche-industriali\/e-pack\/","title":{"rendered":"e-Pack"},"content":{"rendered":"<div class=\"vgblk-rw-wrapper limit-wrapper\">\n<h2>Rispetto per l&#8217;ambiente<\/h2>\n<p><strong>La caldaia e-Pack offre molti vantaggi ambientali e operativi:<\/strong><br \/>\nNon consuma combustibili fossili e quindi non rilascia effluenti gassosi nell&#8217;atmosfera. Da questo punto di vista l&#8217;installazione \u00e8 molto semplice: non sono richiesti camini, reti di alimentazione del combustibile o serbatoi di accumulo. Inoltre, non \u00e8 richiesto alcun monitoraggio periodico delle emissioni in atmosfera.<\/p>\n<p>Si possono ottenere rendimenti vicini al 100% in quanto tutta l&#8217;energia elettrica in ingresso viene trasformata in energia termica (si devono sottrarre solo piccole perdite di calore attraverso le superfici).<\/p>\n<p>Il controllo preciso della pressione con pi\u00f9 stadi di potenza consente alla caldaia di reagire rapidamente alle variazioni di carico. \u00c8 cos\u00ec possibile effettuare avviamenti rapidi per assorbire la potenza di rete disponibile quando necessario.<\/p>\n<h2>Robustezza e longevit\u00e0<\/h2>\n<p>Le caldaie e-Pack sono costituite da corpi in acciaio con resitenze ad immersione in acciaio inox, che offrono numerosi vantaggi sia in termini di prestazione e realizzazione, che per le operazioni di manutenzione periodica. Sono progettate per consentire un rapido avviamento e una rapida produzione di vapore, proteggendo le resistenze da improvvise sollecitazioni.<\/p>\n<h2>Valorizzazione economica<\/h2>\n<p>La regolazione e la strumentazione permettono <a href=\"https:\/\/www.babcock-wanson.com\/it\/risorse\/regolamenti\/modalita-operativa\/\" target=\"_blank\" rel=\"noopener\">modalit\u00e0 operative esclusive Babcock Wanson<\/a> che si adattano ai vincoli di tutti i processi industriali. La caldaia viene consegnata con il sistema operativo <a href=\"https:\/\/www.babcock-wanson.com\/2023\/02\/09\/navinergy-the-connected-boiler-room\/\" target=\"_blank\" rel=\"noopener\">Navinergy<\/a> che consente il monitoraggio dei parametri di funzionamento in loco e da remoto.<\/p>\n<h2>Facilit\u00e0 di installazione e messa in servizio<\/h2>\n<p>La caldaia viene consegnata pronta per il funzionamento. \u00c8 sufficiente effettuare i collegamenti alla rete elettrica, all&#8217;acqua di alimentazione e alla rete del vapore. La messa in servizio \u00e8 controllata e ripetibile, eludendo le difficolt\u00e0 che si potrebbero incorrere durante l&#8217;avvimento di una caldaia con un bruciatore da un sito all&#8217;altro.<\/p>\n<h3>Perch\u00e9 scegliere la gamma e-Pack Babcock Wanson?<\/h3>\n<ul>\n<li>Zero emissioni al sito (CO2 &#8211; NOx\u2013 SOx)<\/li>\n<li>Efficienza vicina al 100%<\/li>\n<li>Alta modulazione<\/li>\n<li>Manutenzione semplice e facile<\/li>\n<li>Robustezza e longevit\u00e0<\/li>\n<li>Connettivit\u00e0 con il nostro sistema Navinergy<\/li>\n<li>Semplice modalit\u00e0 operativa<\/li>\n<li>Alta disponibilit\u00e0<\/li>\n<li>Facilit\u00e0 di installazione<\/li>\n<li>Costi operativi ridotti<\/li>\n<li>Funzionamento in esonero da conduttore patentato<\/li>\n<\/ul>\n<p>&nbsp;<\/p>\n<h2>Caldaie elettriche industriali e-Pack<\/h2>\n<table style=\"height: 340px;\" width=\"1139\">\n<tbody>\n<tr>\n<th class=\"bg-primary text-white\">e-Pack<\/th>\n<th class=\"bg-primary text-white\" style=\"text-align: center;\">modello<\/th>\n<th class=\"bg-primary text-white\" style=\"text-align: center;\">300<\/th>\n<th class=\"bg-primary text-white\" style=\"text-align: center;\">600<\/th>\n<th class=\"bg-primary text-white\" style=\"text-align: center;\">900<\/th>\n<th class=\"bg-primary text-white\" style=\"text-align: center;\">1200<\/th>\n<th class=\"bg-primary text-white\" style=\"text-align: center;\">1500<\/th>\n<th class=\"bg-primary text-white\" style=\"text-align: center;\">1800<\/th>\n<th class=\"bg-primary text-white\" style=\"text-align: center;\">2250<\/th>\n<th class=\"bg-primary text-white\" style=\"text-align: center;\">3000<\/th>\n<th class=\"bg-primary text-white\" style=\"text-align: center;\">3600<\/th>\n<th class=\"bg-primary text-white\" style=\"text-align: center;\">4200<\/th>\n<\/tr>\n<tr>\n<th>Produzione di vapore (1)<\/th>\n<th style=\"text-align: center;\">kg\/h<\/th>\n<td style=\"text-align: center;\">300<\/td>\n<td style=\"text-align: center;\">600<\/td>\n<td style=\"text-align: center;\">900<\/td>\n<td style=\"text-align: center;\">1200<\/td>\n<td style=\"text-align: center;\">1500<\/td>\n<td style=\"text-align: center;\">1800<\/td>\n<td style=\"text-align: center;\">2250<\/td>\n<td style=\"text-align: center;\">3000<\/td>\n<td style=\"text-align: center;\">3600<\/td>\n<td style=\"text-align: center;\">4200<\/td>\n<\/tr>\n<tr>\n<th>Potenza in uscita (1)<\/th>\n<th style=\"text-align: center;\">kW<\/th>\n<td style=\"text-align: center;\">167<\/td>\n<td style=\"text-align: center;\">400<\/td>\n<td style=\"text-align: center;\">600<\/td>\n<td style=\"text-align: center;\">800<\/td>\n<td style=\"text-align: center;\">1000<\/td>\n<td style=\"text-align: center;\">1200<\/td>\n<td style=\"text-align: center;\">1500<\/td>\n<td style=\"text-align: center;\">2000<\/td>\n<td style=\"text-align: center;\">2400<\/td>\n<td style=\"text-align: center;\">2800<\/td>\n<\/tr>\n<tr class=\"table-secondary\">\n<th class=\"bg-secondary text-white\">Larghezza A (2)<\/th>\n<th class=\"bg-secondary text-white\" style=\"text-align: center;\">mm<\/th>\n<td style=\"text-align: center;\">1400<\/td>\n<td style=\"text-align: center;\">1700<\/td>\n<td style=\"text-align: center;\">1700<\/td>\n<td style=\"text-align: center;\">1700<\/td>\n<td style=\"text-align: center;\">2000<\/td>\n<td style=\"text-align: center;\">2000<\/td>\n<td style=\"text-align: center;\">2000<\/td>\n<td style=\"text-align: center;\">2400<\/td>\n<td style=\"text-align: center;\">2700<\/td>\n<td style=\"text-align: center;\">2700<\/td>\n<\/tr>\n<tr class=\"table-dark\">\n<th class=\"bg-dark text-white\">Lunghezza B (2)<\/th>\n<th class=\"bg-dark text-white\" style=\"text-align: center;\">mm<\/th>\n<td style=\"text-align: center;\">3700<\/td>\n<td style=\"text-align: center;\">4400<\/td>\n<td style=\"text-align: center;\">4400<\/td>\n<td style=\"text-align: center;\">4400<\/td>\n<td style=\"text-align: center;\">4500<\/td>\n<td style=\"text-align: center;\">4500<\/td>\n<td style=\"text-align: center;\">4500<\/td>\n<td style=\"text-align: center;\">5100<\/td>\n<td style=\"text-align: center;\">5100<\/td>\n<td style=\"text-align: center;\">4900<\/td>\n<\/tr>\n<tr class=\"table-primary\">\n<th class=\"bg-primary text-white\">Altezza C (2)<\/th>\n<th class=\"bg-primary text-white\" style=\"text-align: center;\">mm<\/th>\n<td style=\"text-align: center;\">1800<\/td>\n<td style=\"text-align: center;\">2000<\/td>\n<td style=\"text-align: center;\">2000<\/td>\n<td style=\"text-align: center;\">2000<\/td>\n<td style=\"text-align: center;\">2300<\/td>\n<td style=\"text-align: center;\">2300<\/td>\n<td style=\"text-align: center;\">2300<\/td>\n<td style=\"text-align: center;\">2700<\/td>\n<td style=\"text-align: center;\">2700<\/td>\n<td style=\"text-align: center;\">3000<\/td>\n<\/tr>\n<tr>\n<th>Peso a pieno carico<\/th>\n<th style=\"text-align: center;\">kg<\/th>\n<td style=\"text-align: center;\">2300<\/td>\n<td style=\"text-align: center;\">3800<\/td>\n<td style=\"text-align: center;\">3900<\/td>\n<td style=\"text-align: center;\">3900<\/td>\n<td style=\"text-align: center;\">5700<\/td>\n<td style=\"text-align: center;\">5700<\/td>\n<td style=\"text-align: center;\">5800<\/td>\n<td style=\"text-align: center;\">10000<\/td>\n<td style=\"text-align: center;\">10100<\/td>\n<td style=\"text-align: center;\">13500<\/td>\n<\/tr>\n<\/tbody>\n<\/table>\n<p>(1) Potenza utile di 8 bar con acqua d\u2019alimento a 90\u00b0C<\/p>\n<p>(2) Le dimensioni di ingombro includono i riscaldatori ad immersione e gli accessori montati<\/p>\n<p>Quadro elettrico non compreso nelle dimensioni<\/p>\n<table style=\"height: 340px;\" width=\"1139\">\n<tbody>\n<tr>\n<th class=\"bg-primary text-white\">e-Pack<\/th>\n<th class=\"bg-primary text-white\" style=\"text-align: center;\">modello<\/th>\n<th class=\"bg-primary text-white\" style=\"text-align: center;\">4800<\/th>\n<th class=\"bg-primary text-white\" style=\"text-align: center;\">5400<\/th>\n<th class=\"bg-primary text-white\" style=\"text-align: center;\">6000<\/th>\n<th class=\"bg-primary text-white\" style=\"text-align: center;\">6600<\/th>\n<th class=\"bg-primary text-white\" style=\"text-align: center;\">7200<\/th>\n<th class=\"bg-primary text-white\" style=\"text-align: center;\">7800<\/th>\n<th class=\"bg-primary text-white\" style=\"text-align: center;\">8400<\/th>\n<th class=\"bg-primary text-white\" style=\"text-align: center;\">9600<\/th>\n<th class=\"bg-primary text-white\" style=\"text-align: center;\">10800<\/th>\n<th class=\"bg-primary text-white\" style=\"text-align: center;\">12000<\/th>\n<\/tr>\n<tr>\n<th>Produzione di vapore (1)<\/th>\n<th style=\"text-align: center;\">kg\/h<\/th>\n<td style=\"text-align: center;\">4800<\/td>\n<td style=\"text-align: center;\">5400<\/td>\n<td style=\"text-align: center;\">6000<\/td>\n<td style=\"text-align: center;\">6600<\/td>\n<td style=\"text-align: center;\">7200<\/td>\n<td style=\"text-align: center;\">7800<\/td>\n<td style=\"text-align: center;\">8400<\/td>\n<td style=\"text-align: center;\">9600<\/td>\n<td style=\"text-align: center;\">10800<\/td>\n<td style=\"text-align: center;\">12000<\/td>\n<\/tr>\n<tr>\n<th>Potenza in uscita (1)<\/th>\n<th style=\"text-align: center;\">kW<\/th>\n<td style=\"text-align: center;\">3200<\/td>\n<td style=\"text-align: center;\">3600<\/td>\n<td style=\"text-align: center;\">4000<\/td>\n<td style=\"text-align: center;\">4400<\/td>\n<td style=\"text-align: center;\">4800<\/td>\n<td style=\"text-align: center;\">5200<\/td>\n<td style=\"text-align: center;\">5600<\/td>\n<td style=\"text-align: center;\">6400<\/td>\n<td style=\"text-align: center;\">7200<\/td>\n<td style=\"text-align: center;\">8000<\/td>\n<\/tr>\n<tr class=\"table-secondary\">\n<th class=\"bg-secondary text-white\">Larghezza A (2)<\/th>\n<th class=\"bg-secondary text-white\" style=\"text-align: center;\">mm<\/th>\n<td style=\"text-align: center;\">2700<\/td>\n<td style=\"text-align: center;\">2900<\/td>\n<td style=\"text-align: center;\">2900<\/td>\n<td style=\"text-align: center;\">2400<\/td>\n<td style=\"text-align: center;\">2400<\/td>\n<td style=\"text-align: center;\">2700<\/td>\n<td style=\"text-align: center;\">2700<\/td>\n<td style=\"text-align: center;\">2700<\/td>\n<td style=\"text-align: center;\">2900<\/td>\n<td style=\"text-align: center;\">2900<\/td>\n<\/tr>\n<tr class=\"table-dark\">\n<th class=\"bg-dark text-white\">Lunghezza B (2)<\/th>\n<th class=\"bg-dark text-white\" style=\"text-align: center;\">mm<\/th>\n<td style=\"text-align: center;\">4900<\/td>\n<td style=\"text-align: center;\">5000<\/td>\n<td style=\"text-align: center;\">5000<\/td>\n<td style=\"text-align: center;\">7200<\/td>\n<td style=\"text-align: center;\">7200<\/td>\n<td style=\"text-align: center;\">7400<\/td>\n<td style=\"text-align: center;\">7400<\/td>\n<td style=\"text-align: center;\">7400<\/td>\n<td style=\"text-align: center;\">7500<\/td>\n<td style=\"text-align: center;\">7500<\/td>\n<\/tr>\n<tr class=\"table-primary\">\n<th class=\"bg-primary text-white\">Altezza C (2)<\/th>\n<th class=\"bg-primary text-white\" style=\"text-align: center;\">mm<\/th>\n<td style=\"text-align: center;\">3000<\/td>\n<td style=\"text-align: center;\">3200<\/td>\n<td style=\"text-align: center;\">3200<\/td>\n<td style=\"text-align: center;\">2700<\/td>\n<td style=\"text-align: center;\">2700<\/td>\n<td style=\"text-align: center;\">3000<\/td>\n<td style=\"text-align: center;\">3000<\/td>\n<td style=\"text-align: center;\">3000<\/td>\n<td style=\"text-align: center;\">3200<\/td>\n<td style=\"text-align: center;\">3200<\/td>\n<\/tr>\n<tr>\n<th>Peso a pieno carico<\/th>\n<th style=\"text-align: center;\">kg<\/th>\n<td style=\"text-align: center;\">13600<\/td>\n<td style=\"text-align: center;\">16000<\/td>\n<td style=\"text-align: center;\">16100<\/td>\n<td style=\"text-align: center;\">15600<\/td>\n<td style=\"text-align: center;\">15600<\/td>\n<td style=\"text-align: center;\">21500<\/td>\n<td style=\"text-align: center;\">21600<\/td>\n<td style=\"text-align: center;\">21700<\/td>\n<td style=\"text-align: center;\">25600<\/td>\n<td style=\"text-align: center;\">25800<\/td>\n<\/tr>\n<\/tbody>\n<\/table>\n<p>(1) Potenza utile di 8 bar con acqua d\u2019alimento a 90\u00b0C<\/p>\n<p>(2) Le dimensioni di ingombro includono i riscaldatori ad immersione e gli accessori montati<\/p>\n<p>Quadro elettrico non compreso nelle dimensioni<\/p><\/div>\n<p><!-- .vgblk-rw-wrapper --><\/p>\n","protected":false},"excerpt":{"rendered":"<p><strong>Produzione di vapore da 500 kg\/h a 17000 kg\/h<\/strong><br \/>\nPer pi\u00f9 di 50 anni, Babcock Wanson ha avuto una solida esperienza nella progettazione e produzione di <a href=\"https:\/\/www.babcock-wanson.com\/it\/categoria-prodotto\/caldaie-elettriche-industriali\/\" target=\"_blank\" rel=\"noopener\">caldaie elettriche<\/a>. Queste caldaie sono state progettate per rispondere alle attuali sfide di ottimizzazione energetica e decarbonizzazione dei nostri clienti industriali. In particolare, la Commissione Europea, ha fissato un obiettivo di riduzione dei gas serra del 55% entro il 2030.<\/p>\n<p>La caldaia e-Pack \u00e8 stata sviluppata combinando le migliori tecnologie disponibili, per ottenere il massimo livello di efficienza, affidabilit\u00e0 e flessibilit\u00e0 con zero emissioni al sito di produzione.<\/p>\n","protected":false},"featured_media":26108,"comment_status":"closed","ping_status":"closed","template":"","meta":{"_acf_changed":false,"_relevanssi_hide_post":"","_relevanssi_hide_content":"","_relevanssi_pin_for_all":"","_relevanssi_pin_keywords":"","_relevanssi_unpin_keywords":"","_relevanssi_related_keywords":"","_relevanssi_related_include_ids":"","_relevanssi_related_exclude_ids":"","_relevanssi_related_no_append":"","_relevanssi_related_not_related":"","_relevanssi_related_posts":"","_relevanssi_noindex_reason":""},"product_brand":[],"product_cat":[3588],"product_tag":[],"class_list":{"0":"post-41050","1":"product","2":"type-product","3":"status-publish","4":"has-post-thumbnail","6":"product_cat-caldaie-elettriche-industriali","8":"first","9":"instock","10":"shipping-taxable","11":"product-type-simple"},"acf":[],"yoast_head":"<!-- This site is optimized with the Yoast SEO Premium plugin v27.4 (Yoast SEO v27.4) - https:\/\/yoast.com\/product\/yoast-seo-premium-wordpress\/ -->\n<title>e-Pack - Babcock Wanson<\/title>\n<meta name=\"description\" content=\"Le caldaie elettriche industriali e-Pack sono state sviluppate per ottenere il massimo livello di efficienza, affidabilit\u00e0 e flessibilit\u00e0 con zero emissioni al sito di produzione.\" \/>\n<meta name=\"robots\" content=\"index, follow, max-snippet:-1, max-image-preview:large, max-video-preview:-1\" \/>\n<link rel=\"canonical\" href=\"https:\/\/www.babcock-wanson.com\/it\/prodotti\/caldaie-elettriche-industriali\/e-pack\/\" \/>\n<meta property=\"og:locale\" content=\"it_IT\" \/>\n<meta property=\"og:type\" content=\"article\" \/>\n<meta property=\"og:title\" content=\"e-Pack\" \/>\n<meta property=\"og:description\" content=\"Le caldaie elettriche industriali e-Pack sono state sviluppate per ottenere il massimo livello di efficienza, affidabilit\u00e0 e flessibilit\u00e0 con zero emissioni al sito di produzione.\" \/>\n<meta property=\"og:url\" content=\"https:\/\/www.babcock-wanson.com\/it\/prodotti\/caldaie-elettriche-industriali\/e-pack\/\" \/>\n<meta property=\"og:site_name\" content=\"Babcock Wanson\" \/>\n<meta property=\"article:modified_time\" content=\"2024-04-16T13:21:29+00:00\" \/>\n<meta property=\"og:image\" content=\"https:\/\/www.babcock-wanson.com\/wp-content\/uploads\/2018\/11\/VAP-EL-Electric-Boiler-3.jpg\" \/>\n\t<meta property=\"og:image:width\" content=\"600\" \/>\n\t<meta property=\"og:image:height\" content=\"400\" \/>\n\t<meta property=\"og:image:type\" content=\"image\/jpeg\" \/>\n<meta name=\"twitter:card\" content=\"summary_large_image\" \/>\n<meta name=\"twitter:label1\" content=\"Est. reading time\" \/>\n\t<meta name=\"twitter:data1\" content=\"4 minuti\" \/>\n<script type=\"application\/ld+json\" class=\"yoast-schema-graph\">{\"@context\":\"https:\\\/\\\/schema.org\",\"@graph\":[{\"@type\":\"WebPage\",\"@id\":\"https:\\\/\\\/www.babcock-wanson.com\\\/it\\\/prodotti\\\/caldaie-elettriche-industriali\\\/e-pack\\\/\",\"url\":\"https:\\\/\\\/www.babcock-wanson.com\\\/it\\\/prodotti\\\/caldaie-elettriche-industriali\\\/e-pack\\\/\",\"name\":\"e-Pack - Babcock Wanson\",\"isPartOf\":{\"@id\":\"https:\\\/\\\/www.babcock-wanson.com\\\/it\\\/#website\"},\"primaryImageOfPage\":{\"@id\":\"https:\\\/\\\/www.babcock-wanson.com\\\/it\\\/prodotti\\\/caldaie-elettriche-industriali\\\/e-pack\\\/#primaryimage\"},\"image\":{\"@id\":\"https:\\\/\\\/www.babcock-wanson.com\\\/it\\\/prodotti\\\/caldaie-elettriche-industriali\\\/e-pack\\\/#primaryimage\"},\"thumbnailUrl\":\"https:\\\/\\\/www.babcock-wanson.com\\\/wp-content\\\/uploads\\\/2018\\\/11\\\/VAP-EL-Electric-Boiler-3.jpg\",\"datePublished\":\"2021-11-18T16:02:43+00:00\",\"dateModified\":\"2024-04-16T13:21:29+00:00\",\"description\":\"Le caldaie elettriche industriali e-Pack sono state sviluppate per ottenere il massimo livello di efficienza, affidabilit\u00e0 e flessibilit\u00e0 con zero emissioni al sito di produzione.\",\"breadcrumb\":{\"@id\":\"https:\\\/\\\/www.babcock-wanson.com\\\/it\\\/prodotti\\\/caldaie-elettriche-industriali\\\/e-pack\\\/#breadcrumb\"},\"inLanguage\":\"it-IT\",\"potentialAction\":[{\"@type\":\"ReadAction\",\"target\":[\"https:\\\/\\\/www.babcock-wanson.com\\\/it\\\/prodotti\\\/caldaie-elettriche-industriali\\\/e-pack\\\/\"]}]},{\"@type\":\"ImageObject\",\"inLanguage\":\"it-IT\",\"@id\":\"https:\\\/\\\/www.babcock-wanson.com\\\/it\\\/prodotti\\\/caldaie-elettriche-industriali\\\/e-pack\\\/#primaryimage\",\"url\":\"https:\\\/\\\/www.babcock-wanson.com\\\/wp-content\\\/uploads\\\/2018\\\/11\\\/VAP-EL-Electric-Boiler-3.jpg\",\"contentUrl\":\"https:\\\/\\\/www.babcock-wanson.com\\\/wp-content\\\/uploads\\\/2018\\\/11\\\/VAP-EL-Electric-Boiler-3.jpg\",\"width\":600,\"height\":400},{\"@type\":\"BreadcrumbList\",\"@id\":\"https:\\\/\\\/www.babcock-wanson.com\\\/it\\\/prodotti\\\/caldaie-elettriche-industriali\\\/e-pack\\\/#breadcrumb\",\"itemListElement\":[{\"@type\":\"ListItem\",\"position\":1,\"name\":\"Inicio\",\"item\":\"https:\\\/\\\/www.babcock-wanson.com\\\/it\\\/\"},{\"@type\":\"ListItem\",\"position\":2,\"name\":\"Prodotti\",\"item\":\"https:\\\/\\\/www.babcock-wanson.com\\\/it\\\/shop\\\/\"},{\"@type\":\"ListItem\",\"position\":3,\"name\":\"Caldaie elettriche industriali\",\"item\":\"https:\\\/\\\/www.babcock-wanson.com\\\/it\\\/categoria-prodotto\\\/caldaie-elettriche-industriali\\\/\"},{\"@type\":\"ListItem\",\"position\":4,\"name\":\"e-Pack\"}]},{\"@type\":\"WebSite\",\"@id\":\"https:\\\/\\\/www.babcock-wanson.com\\\/it\\\/#website\",\"url\":\"https:\\\/\\\/www.babcock-wanson.com\\\/it\\\/\",\"name\":\"Babcock Wanson\",\"description\":\"\",\"publisher\":{\"@id\":\"https:\\\/\\\/www.babcock-wanson.com\\\/it\\\/#organization\"},\"potentialAction\":[{\"@type\":\"SearchAction\",\"target\":{\"@type\":\"EntryPoint\",\"urlTemplate\":\"https:\\\/\\\/www.babcock-wanson.com\\\/it\\\/?s={search_term_string}\"},\"query-input\":{\"@type\":\"PropertyValueSpecification\",\"valueRequired\":true,\"valueName\":\"search_term_string\"}}],\"inLanguage\":\"it-IT\"},{\"@type\":\"Organization\",\"@id\":\"https:\\\/\\\/www.babcock-wanson.com\\\/it\\\/#organization\",\"name\":\"Babcock Wanson\",\"url\":\"https:\\\/\\\/www.babcock-wanson.com\\\/it\\\/\",\"logo\":{\"@type\":\"ImageObject\",\"inLanguage\":\"it-IT\",\"@id\":\"https:\\\/\\\/www.babcock-wanson.com\\\/it\\\/#\\\/schema\\\/logo\\\/image\\\/\",\"url\":\"https:\\\/\\\/www.babcock-wanson.com\\\/wp-content\\\/uploads\\\/2024\\\/02\\\/Babcock-Wanson-1200x1200-1.png\",\"contentUrl\":\"https:\\\/\\\/www.babcock-wanson.com\\\/wp-content\\\/uploads\\\/2024\\\/02\\\/Babcock-Wanson-1200x1200-1.png\",\"width\":1200,\"height\":1200,\"caption\":\"Babcock Wanson\"},\"image\":{\"@id\":\"https:\\\/\\\/www.babcock-wanson.com\\\/it\\\/#\\\/schema\\\/logo\\\/image\\\/\"},\"sameAs\":[\"https:\\\/\\\/www.linkedin.com\\\/company\\\/babcock-wanson\\\/\",\"https:\\\/\\\/www.youtube.com\\\/channel\\\/UCtxl25VieBBsP2kYmtlyv7A\"]}]}<\/script>\n<!-- \/ Yoast SEO Premium plugin. -->","yoast_head_json":{"title":"e-Pack - Babcock Wanson","description":"Le caldaie elettriche industriali e-Pack sono state sviluppate per ottenere il massimo livello di efficienza, affidabilit\u00e0 e flessibilit\u00e0 con zero emissioni al sito di produzione.","robots":{"index":"index","follow":"follow","max-snippet":"max-snippet:-1","max-image-preview":"max-image-preview:large","max-video-preview":"max-video-preview:-1"},"canonical":"https:\/\/www.babcock-wanson.com\/it\/prodotti\/caldaie-elettriche-industriali\/e-pack\/","og_locale":"it_IT","og_type":"article","og_title":"e-Pack","og_description":"Le caldaie elettriche industriali e-Pack sono state sviluppate per ottenere il massimo livello di efficienza, affidabilit\u00e0 e flessibilit\u00e0 con zero emissioni al sito di produzione.","og_url":"https:\/\/www.babcock-wanson.com\/it\/prodotti\/caldaie-elettriche-industriali\/e-pack\/","og_site_name":"Babcock Wanson","article_modified_time":"2024-04-16T13:21:29+00:00","og_image":[{"width":600,"height":400,"url":"https:\/\/www.babcock-wanson.com\/wp-content\/uploads\/2018\/11\/VAP-EL-Electric-Boiler-3.jpg","type":"image\/jpeg"}],"twitter_card":"summary_large_image","twitter_misc":{"Est. reading time":"4 minuti"},"schema":{"@context":"https:\/\/schema.org","@graph":[{"@type":"WebPage","@id":"https:\/\/www.babcock-wanson.com\/it\/prodotti\/caldaie-elettriche-industriali\/e-pack\/","url":"https:\/\/www.babcock-wanson.com\/it\/prodotti\/caldaie-elettriche-industriali\/e-pack\/","name":"e-Pack - Babcock Wanson","isPartOf":{"@id":"https:\/\/www.babcock-wanson.com\/it\/#website"},"primaryImageOfPage":{"@id":"https:\/\/www.babcock-wanson.com\/it\/prodotti\/caldaie-elettriche-industriali\/e-pack\/#primaryimage"},"image":{"@id":"https:\/\/www.babcock-wanson.com\/it\/prodotti\/caldaie-elettriche-industriali\/e-pack\/#primaryimage"},"thumbnailUrl":"https:\/\/www.babcock-wanson.com\/wp-content\/uploads\/2018\/11\/VAP-EL-Electric-Boiler-3.jpg","datePublished":"2021-11-18T16:02:43+00:00","dateModified":"2024-04-16T13:21:29+00:00","description":"Le caldaie elettriche industriali e-Pack sono state sviluppate per ottenere il massimo livello di efficienza, affidabilit\u00e0 e flessibilit\u00e0 con zero emissioni al sito di produzione.","breadcrumb":{"@id":"https:\/\/www.babcock-wanson.com\/it\/prodotti\/caldaie-elettriche-industriali\/e-pack\/#breadcrumb"},"inLanguage":"it-IT","potentialAction":[{"@type":"ReadAction","target":["https:\/\/www.babcock-wanson.com\/it\/prodotti\/caldaie-elettriche-industriali\/e-pack\/"]}]},{"@type":"ImageObject","inLanguage":"it-IT","@id":"https:\/\/www.babcock-wanson.com\/it\/prodotti\/caldaie-elettriche-industriali\/e-pack\/#primaryimage","url":"https:\/\/www.babcock-wanson.com\/wp-content\/uploads\/2018\/11\/VAP-EL-Electric-Boiler-3.jpg","contentUrl":"https:\/\/www.babcock-wanson.com\/wp-content\/uploads\/2018\/11\/VAP-EL-Electric-Boiler-3.jpg","width":600,"height":400},{"@type":"BreadcrumbList","@id":"https:\/\/www.babcock-wanson.com\/it\/prodotti\/caldaie-elettriche-industriali\/e-pack\/#breadcrumb","itemListElement":[{"@type":"ListItem","position":1,"name":"Inicio","item":"https:\/\/www.babcock-wanson.com\/it\/"},{"@type":"ListItem","position":2,"name":"Prodotti","item":"https:\/\/www.babcock-wanson.com\/it\/shop\/"},{"@type":"ListItem","position":3,"name":"Caldaie elettriche industriali","item":"https:\/\/www.babcock-wanson.com\/it\/categoria-prodotto\/caldaie-elettriche-industriali\/"},{"@type":"ListItem","position":4,"name":"e-Pack"}]},{"@type":"WebSite","@id":"https:\/\/www.babcock-wanson.com\/it\/#website","url":"https:\/\/www.babcock-wanson.com\/it\/","name":"Babcock Wanson","description":"","publisher":{"@id":"https:\/\/www.babcock-wanson.com\/it\/#organization"},"potentialAction":[{"@type":"SearchAction","target":{"@type":"EntryPoint","urlTemplate":"https:\/\/www.babcock-wanson.com\/it\/?s={search_term_string}"},"query-input":{"@type":"PropertyValueSpecification","valueRequired":true,"valueName":"search_term_string"}}],"inLanguage":"it-IT"},{"@type":"Organization","@id":"https:\/\/www.babcock-wanson.com\/it\/#organization","name":"Babcock Wanson","url":"https:\/\/www.babcock-wanson.com\/it\/","logo":{"@type":"ImageObject","inLanguage":"it-IT","@id":"https:\/\/www.babcock-wanson.com\/it\/#\/schema\/logo\/image\/","url":"https:\/\/www.babcock-wanson.com\/wp-content\/uploads\/2024\/02\/Babcock-Wanson-1200x1200-1.png","contentUrl":"https:\/\/www.babcock-wanson.com\/wp-content\/uploads\/2024\/02\/Babcock-Wanson-1200x1200-1.png","width":1200,"height":1200,"caption":"Babcock Wanson"},"image":{"@id":"https:\/\/www.babcock-wanson.com\/it\/#\/schema\/logo\/image\/"},"sameAs":["https:\/\/www.linkedin.com\/company\/babcock-wanson\/","https:\/\/www.youtube.com\/channel\/UCtxl25VieBBsP2kYmtlyv7A"]}]}},"jetpack_sharing_enabled":true,"_links":{"self":[{"href":"https:\/\/www.babcock-wanson.com\/it\/wp-json\/wp\/v2\/product\/41050","targetHints":{"allow":["GET"]}}],"collection":[{"href":"https:\/\/www.babcock-wanson.com\/it\/wp-json\/wp\/v2\/product"}],"about":[{"href":"https:\/\/www.babcock-wanson.com\/it\/wp-json\/wp\/v2\/types\/product"}],"replies":[{"embeddable":true,"href":"https:\/\/www.babcock-wanson.com\/it\/wp-json\/wp\/v2\/comments?post=41050"}],"wp:featuredmedia":[{"embeddable":true,"href":"https:\/\/www.babcock-wanson.com\/it\/wp-json\/wp\/v2\/media\/26108"}],"wp:attachment":[{"href":"https:\/\/www.babcock-wanson.com\/it\/wp-json\/wp\/v2\/media?parent=41050"}],"wp:term":[{"taxonomy":"product_brand","embeddable":true,"href":"https:\/\/www.babcock-wanson.com\/it\/wp-json\/wp\/v2\/product_brand?post=41050"},{"taxonomy":"product_cat","embeddable":true,"href":"https:\/\/www.babcock-wanson.com\/it\/wp-json\/wp\/v2\/product_cat?post=41050"},{"taxonomy":"product_tag","embeddable":true,"href":"https:\/\/www.babcock-wanson.com\/it\/wp-json\/wp\/v2\/product_tag?post=41050"}],"curies":[{"name":"wp","href":"https:\/\/api.w.org\/{rel}","templated":true}]}}