{"id":27049,"date":"2020-06-18T14:33:47","date_gmt":"2020-06-18T13:33:47","guid":{"rendered":"https:\/\/www.babcock-wanson.com\/bedrijfsprofiel\/duurzaamheid\/"},"modified":"2023-11-28T15:18:20","modified_gmt":"2023-11-28T15:18:20","slug":"duurzaamheid","status":"publish","type":"page","link":"https:\/\/www.babcock-wanson.com\/nl\/bedrijfsprofiel\/duurzaamheid\/","title":{"rendered":"Duurzaamheid"},"content":{"rendered":"<div class=\"vgblk-rw-wrapper limit-wrapper\">\n<h2>\n\tBabcock Wanson stelt alles in het werk om duurzaamheid in onze algemene bedrijfsstrategie op te nemen. Het doel is om onze klanten te helpen hun milieudoelstellingen te realiseren.\n\t<\/h2>\n<h3>\n\tImpact op het milieu\n\t<\/h3>\n\t<p>Onze milieuvriendelijke eigenschappen zijn essentieel om onze klanten te helpen hun impact op het milieu te verkleinen.<\/p>\n<h3>\n\tEnergierendement\n\t<\/h3>\n\t<p>We bieden veel optimalisatiemogelijkheden en zullen samenwerken met onze industri\u00eble klanten om de potenti\u00eble besparingen te tonen.<\/p>\n<h3>\n\tNaleving van de regelgeving\n\t<\/h3>\n\t<p>Ketels van Babcock Wanson voldoen aan en overtreffen vaak de actuele regelgeving op het gebied van rendement.<\/p>\n<h3>\n\tCirculaire economie\n\t<\/h3>\n\t<p>We streven ernaar om waar mogelijk samen te werken met lokale leveranciers van goederen en diensten, om de transportafstand van alle materialen te verkleinen.<\/p>\n<h2>\n\tEnergierendement\n\t<\/h2>\n\t<p>Een van de belangrijkste factoren om een heel hoog energierendement van systemen te bereiken, is het vermogen van Babcock Wanson-producten om op hoge temperatuur te werken in een eenvoudig, gesloten energiecircuit dat zo compleet mogelijk is. Deze aanpak maakt het mogelijk de energieoverdracht te optimaliseren, om een rendement tot 97% te bereiken (afhankelijk van het product en de bedrijfsvoorwaarden) over het werkingsgebied van de ketel.<\/p>\n<p>Babcock Wanson biedt vele mogelijkheden voor optimalisatie en zal samenwerken met onze industri\u00eble klanten, om de potenti\u00eble besparingen te tonen en de beste oplossingen voor hun toepassingen te benadrukken.<\/p>\n\t\t\t\t\t\t\t99%\t\t\t\t\n\t\t\t<style>\n\t\t\t\t.fl-node- .fl-number-bars-container {\n\t\t\t\t\tbackground-color: var( --vamtam-accent-color-7 );\n\t\t\t\t}\n\t\t\t\t.fl-node- .fl-number-bar {\n\t\t\t\t\tbackground-color: var( --vamtam-accent-color-1 );\n\t\t\t\t}\n\t\t\t<\/style>\n\t<p>Typisch rendement van nieuwe elektrische boilers<\/p>\n\t\t\t\t\t\t\t95%\t\t\t\t\n\t\t\t<style>\n\t\t\t\t.fl-node- .fl-number-bars-container {\n\t\t\t\t\tbackground-color: var( --vamtam-accent-color-7 );\n\t\t\t\t}\n\t\t\t\t.fl-node- .fl-number-bar {\n\t\t\t\t\tbackground-color: var( --vamtam-accent-color-1 );\n\t\t\t\t}\n\t\t\t<\/style>\n\t<p>Typisch rendement van nieuwe gasgestookte ketels<\/p>\n\t\t\t\t\t\t\t75%\t\t\t\t\n\t\t\t<style>\n\t\t\t\t.fl-node- .fl-number-bars-container {\n\t\t\t\t\tbackground-color: var( --vamtam-accent-color-7 );\n\t\t\t\t}\n\t\t\t\t.fl-node- .fl-number-bar {\n\t\t\t\t\tbackground-color: var( --vamtam-accent-color-1 );\n\t\t\t\t}\n\t\t\t<\/style>\n\t<p>Typische toename in afblaassnelheid met omgekeerde osmose<\/p>\n\t\t\t\t\t\t\t<img loading=\"lazy\" decoding=\"async\" src=\"https:\/\/www.babcock-wanson.com\/wp-content\/uploads\/2019\/02\/boiler-management-training-1.jpg\" alt=\"ketelbeheer-opleiding\" itemprop=\"image\" height=\"400\" width=\"600\" title=\"ketelbeheer-opleiding-1\" onerror=\"this.style.display='none'\"  sizes=\"auto, (max-width: 768px) 100vw, 100vw\" srcset=\"https:\/\/www.babcock-wanson.com\/wp-content\/uploads\/2019\/02\/boiler-management-training-1.jpg 600w, https:\/\/www.babcock-wanson.com\/wp-content\/uploads\/2019\/02\/boiler-management-training-1-300x200.jpg 300w, https:\/\/www.babcock-wanson.com\/wp-content\/uploads\/2019\/02\/boiler-management-training-1-420x280.jpg 420w, https:\/\/www.babcock-wanson.com\/wp-content\/uploads\/2019\/02\/boiler-management-training-1-315x210.jpg 315w\" \/>\t\t\t\t\t\t\t\n<h2>\n\t\tNaleving en regelgeving\n\t<\/h2>\n\t<p>Ketels van Babcock Wanson voldoen aan en overtreffen vaak de actuele regelgeving op het gebied van rendement.<\/p>\n<p>Babcock Wanson werkt ook samen met de Carbon Trust om het energieverbruik te optimaliseren met systemen voor thermische vloeistofverhitting van hoge kwaliteit.\u00a0 De Carbon Trust is een internationale onafhankelijke deskundige partner van toonaangevende organisaties, die hen helpt bij te dragen aan en te profiteren van een duurzamere toekomst door middel van verlaging van de koolstofemissies, strategie\u00ebn voor een effici\u00ebnt gebruik van hulpbronnen en commercialisering van koolstofarme technologie\u00ebn.<\/p>\n<p>DEMOXYA is een project van Babcock Wanson dat financiering ontving van ADEME, het Franse agentschap voor milieu- en energiebeheer, als onderdeel van een oproep voor projecten ter ondersteuning van programma&#8217;s voor onderzoek en ontwikkeling die gericht zijn op het verbeteren van de luchtkwaliteit binnen en buiten. De naam van het project staat voor &#8220;D\u00e9veloppement et d\u00e9monstration de br\u00fbleurs \u00e0 tr\u00e8s faibles \u00e9missions d&#8217;oxydes d&#8217;azote&#8221; (ontwikkeling en demonstratie van branders met zeer lage stikstofoxide-emissies).<\/p>\n<h2>\n\t\tKosten- en tijdsbesparing\n\t<\/h2>\n\t<p>Om kostenbesparingen en mogelijke verbeteringen met betrekking tot de werking van een ketelhuis te helpen identificeren, heeft Babcock Wanson een tool voor ketelhuisanalyse ontwikkeld die mogelijke brandstofbesparingen v\u00f3\u00f3r eventuele investeringen kan kwantificeren. Deze tool houdt rekening met alle bedrijfsparameters van het ketelhuis, van <a href=\"https:\/\/www.babcock-wanson.com\/nl\/producten-categorie\u00ebn\/industriele-waterbehandeling\/\" rel=\"noopener\" target=\"_blank\">waterbehandeling<\/a> tot brandstoftoevoer en uitlaatgasemissies.<\/p>\n<p>Alle producten van Babcock Wanson zijn ontworpen met het oog op een eenvoudige werking en onze klanten profiteren van de daarmee verband houdende kostenbeheersing.<\/p>\n\t\t\t\t\t\t\t<img loading=\"lazy\" decoding=\"async\" src=\"https:\/\/www.babcock-wanson.com\/wp-content\/uploads\/2019\/02\/industrial-boiler-after-sales-service-2.jpg\" alt=\"industri\u00eble ketel-na-verkoop-service\" itemprop=\"image\" height=\"400\" width=\"600\" title=\"industri\u00eble ketel-na-verkoop-service-2\" onerror=\"this.style.display='none'\"  sizes=\"auto, (max-width: 768px) 100vw, 100vw\" srcset=\"https:\/\/www.babcock-wanson.com\/wp-content\/uploads\/2019\/02\/industrial-boiler-after-sales-service-2.jpg 600w, https:\/\/www.babcock-wanson.com\/wp-content\/uploads\/2019\/02\/industrial-boiler-after-sales-service-2-300x200.jpg 300w, https:\/\/www.babcock-wanson.com\/wp-content\/uploads\/2019\/02\/industrial-boiler-after-sales-service-2-420x280.jpg 420w, https:\/\/www.babcock-wanson.com\/wp-content\/uploads\/2019\/02\/industrial-boiler-after-sales-service-2-315x210.jpg 315w\" \/>\t\t\t\t\t\t\t\n\t\t\t\t\t\t\t<img loading=\"lazy\" decoding=\"async\" src=\"https:\/\/www.babcock-wanson.com\/wp-content\/uploads\/2018\/09\/Regenerative-Oxidisers-4.jpg\" alt=\"Regeneratieve oxidatiemiddelen\" itemprop=\"image\" height=\"400\" width=\"600\" title=\"Regeneratieve oxidatiemiddelen (4)\" onerror=\"this.style.display='none'\"  sizes=\"auto, (max-width: 768px) 100vw, 100vw\" srcset=\"https:\/\/www.babcock-wanson.com\/wp-content\/uploads\/2018\/09\/Regenerative-Oxidisers-4.jpg 600w, https:\/\/www.babcock-wanson.com\/wp-content\/uploads\/2018\/09\/Regenerative-Oxidisers-4-300x200.jpg 300w, https:\/\/www.babcock-wanson.com\/wp-content\/uploads\/2018\/09\/Regenerative-Oxidisers-4-420x280.jpg 420w, https:\/\/www.babcock-wanson.com\/wp-content\/uploads\/2018\/09\/Regenerative-Oxidisers-4-315x210.jpg 315w\" \/>\t\t\t\t\t\t\t\n<h2>\n\t\tMinder NOx en emissies\n\t<\/h2>\n\t<p>Het energierendement is niet het enige voordeel van Babcock Wanson-producten; milieuvriendelijke eigenschappen zijn ook van cruciaal belang om hen te helpen hun impact op het milieu te verkleinen.<\/p>\n<p>Stikstofoxiden, afgekort tot NOx, hebben aanzienlijke gevolgen voor de gezondheid en het milieu. In stookinstallaties geproduceerde NOx-emissies dragen bij aan de verzuring van natuurlijke omgevingen, aan fotochemische vervuiling (smog) en aan eutrofi\u00ebring (aantasting van aquatische omgevingen door overmatige plantengroei).<\/p>\n<p>Het team verbrandingsingenieurs van Babcock Wanson heeft als doel het door verbranding gegenereerde NOx te verminderen en het energierendement te verbeteren, door het modulatiebereik van onze branders te vergroten. Hoe beter het uitgangsvermogen van de brander afgestemd is op de procesbehoefte, des te minder verliezen zijn er en des te effici\u00ebnter is het totale proces.<\/p>\n<p>Door oplossingen met een hoog rendement aan te bieden, worden de CO2-emissies bijgevolg ook verlaagd.<\/p>\n<h2>\n\t\tCirculaire economie\n\t<\/h2>\n\t<p>Babcock Wanson streeft ernaar om waar mogelijk samen te werken met lokale leveranciers van goederen en diensten.<\/p>\n<p>We streven er ook naar om de transportafstand te verkleinen van alle materialen die op onze productielocaties worden bezorgd.<\/p>\n<p>Babcock Wanson volgt deze doelstellingen en op die manier leveren we grote inspanningen om het milieu te respecteren.\u00a0 Ons doel bestaat erin een circulaire economie te bevorderen die de impact op het milieu in verband met de levenscyclus en de productie van al onze producten verkleint.<\/p>\n\t\t\t\t\t\t\t<img loading=\"lazy\" decoding=\"async\" src=\"https:\/\/www.babcock-wanson.com\/wp-content\/uploads\/2018\/08\/HTV-Indirect-Process-Air-Heaters-4.jpg\" alt=\"Indirecte HTV-N-procesluchtverwarmer\" itemprop=\"image\" height=\"400\" width=\"600\" title=\"Indirecte HTV-N-procesluchtverwarmer (4)\" onerror=\"this.style.display='none'\"  sizes=\"auto, (max-width: 768px) 100vw, 100vw\" srcset=\"https:\/\/www.babcock-wanson.com\/wp-content\/uploads\/2018\/08\/HTV-Indirect-Process-Air-Heaters-4.jpg 600w, https:\/\/www.babcock-wanson.com\/wp-content\/uploads\/2018\/08\/HTV-Indirect-Process-Air-Heaters-4-300x200.jpg 300w, https:\/\/www.babcock-wanson.com\/wp-content\/uploads\/2018\/08\/HTV-Indirect-Process-Air-Heaters-4-420x280.jpg 420w, https:\/\/www.babcock-wanson.com\/wp-content\/uploads\/2018\/08\/HTV-Indirect-Process-Air-Heaters-4-315x210.jpg 315w\" \/>\t\t\t\t\t\t\t\n<h3>\n\tSchoner en groener worden\n\t<\/h3>\n\t<p>Door de technologie beter te begrijpen en te verbeteren, krijgen we de gelegenheid om onze manier van werken te verbeteren en onze impact op het milieu op een slimmere en meer berekende manier tot een minimum te beperken.<\/p>\n\t<a href=\"https:\/\/www.babcock-wanson.com\/nl\/contact-us\/\" target=\"_self\" role=\"button\" rel=\"noopener\">\n\t\t\t\t\tMeer informatie\n\t<\/a>\n<h3>\n\tSmarter Green-initiatieven\n\t<\/h3>\n\t<p>Ons Smarter Green-programma. Smarter Green speelt in op de belangrijkste gevolgen van onze activiteiten voor het milieu, waaronder de impact van de klimaatverandering op ons bedrijf en energieverbruik.<\/p>\n\t<a href=\"https:\/\/www.babcock-wanson.com\/nl\/contact-us\/\" target=\"_self\" role=\"button\" rel=\"noopener\">\n\t\t\t\t\tMeer informatie\n\t<\/a>\n\n<\/div><!-- .vgblk-rw-wrapper -->","protected":false},"excerpt":{"rendered":"<p>Babcock Wanson stelt alles in het werk om duurzaamheid in onze algemene bedrijfsstrategie op te nemen. Het doel is om onze klanten te helpen hun milieudoelstellingen te realiseren. Impact op het milieu Onze milieuvriendelijke eigenschappen zijn essentieel om onze klanten te helpen hun impact op het milieu te verkleinen. Energierendement We bieden veel optimalisatiemogelijkheden en&#8230;<\/p>\n","protected":false},"author":1,"featured_media":0,"parent":26959,"menu_order":0,"comment_status":"closed","ping_status":"closed","template":"","meta":{"_acf_changed":false,"_relevanssi_hide_post":"","_relevanssi_hide_content":"","_relevanssi_pin_for_all":"","_relevanssi_pin_keywords":"","_relevanssi_unpin_keywords":"","_relevanssi_related_keywords":"","_relevanssi_related_include_ids":"","_relevanssi_related_exclude_ids":"","_relevanssi_related_no_append":"","_relevanssi_related_not_related":"","_relevanssi_related_posts":"","_relevanssi_noindex_reason":"","footnotes":""},"class_list":["post-27049","page","type-page","status-publish","hentry"],"acf":[],"yoast_head":"<!-- This site is optimized with the Yoast SEO Premium plugin v27.4 (Yoast SEO v27.4) - https:\/\/yoast.com\/product\/yoast-seo-premium-wordpress\/ -->\n<title>Duurzaamheid - Babcock Wanson<\/title>\n<meta name=\"description\" content=\"Babcock Wanson stelt alles in het werk om duurzaamheid in onze algemene bedrijfsstrategie op te nemen. Klik hier om meer te weten te komen over hoe\" \/>\n<meta name=\"robots\" content=\"index, follow, max-snippet:-1, max-image-preview:large, max-video-preview:-1\" \/>\n<link rel=\"canonical\" href=\"https:\/\/www.babcock-wanson.com\/nl\/bedrijfsprofiel\/duurzaamheid\/\" \/>\n<meta property=\"og:locale\" content=\"nl_NL\" \/>\n<meta property=\"og:type\" content=\"article\" \/>\n<meta property=\"og:title\" content=\"Duurzaamheid\" \/>\n<meta property=\"og:description\" content=\"Babcock Wanson stelt alles in het werk om duurzaamheid in onze algemene bedrijfsstrategie op te nemen. Klik hier om meer te weten te komen over hoe\" \/>\n<meta property=\"og:url\" content=\"https:\/\/www.babcock-wanson.com\/nl\/bedrijfsprofiel\/duurzaamheid\/\" \/>\n<meta property=\"og:site_name\" content=\"Babcock Wanson\" \/>\n<meta property=\"article:modified_time\" content=\"2023-11-28T15:18:20+00:00\" \/>\n<meta property=\"og:image\" content=\"https:\/\/www.babcock-wanson.com\/wp-content\/uploads\/2019\/02\/boiler-management-training-1.jpg\" \/>\n<meta name=\"twitter:card\" content=\"summary_large_image\" \/>\n<meta name=\"twitter:label1\" content=\"Est. reading time\" \/>\n\t<meta name=\"twitter:data1\" content=\"4 minuten\" \/>\n<script type=\"application\/ld+json\" class=\"yoast-schema-graph\">{\"@context\":\"https:\\\/\\\/schema.org\",\"@graph\":[{\"@type\":\"WebPage\",\"@id\":\"https:\\\/\\\/www.babcock-wanson.com\\\/nl\\\/bedrijfsprofiel\\\/duurzaamheid\\\/\",\"url\":\"https:\\\/\\\/www.babcock-wanson.com\\\/nl\\\/bedrijfsprofiel\\\/duurzaamheid\\\/\",\"name\":\"Duurzaamheid - Babcock Wanson\",\"isPartOf\":{\"@id\":\"https:\\\/\\\/www.babcock-wanson.com\\\/nl\\\/#website\"},\"primaryImageOfPage\":{\"@id\":\"https:\\\/\\\/www.babcock-wanson.com\\\/nl\\\/bedrijfsprofiel\\\/duurzaamheid\\\/#primaryimage\"},\"image\":{\"@id\":\"https:\\\/\\\/www.babcock-wanson.com\\\/nl\\\/bedrijfsprofiel\\\/duurzaamheid\\\/#primaryimage\"},\"thumbnailUrl\":\"https:\\\/\\\/www.babcock-wanson.com\\\/wp-content\\\/uploads\\\/2019\\\/02\\\/boiler-management-training-1.jpg\",\"datePublished\":\"2020-06-18T13:33:47+00:00\",\"dateModified\":\"2023-11-28T15:18:20+00:00\",\"description\":\"Babcock Wanson stelt alles in het werk om duurzaamheid in onze algemene bedrijfsstrategie op te nemen. Klik hier om meer te weten te komen over hoe\",\"breadcrumb\":{\"@id\":\"https:\\\/\\\/www.babcock-wanson.com\\\/nl\\\/bedrijfsprofiel\\\/duurzaamheid\\\/#breadcrumb\"},\"inLanguage\":\"nl-NL\",\"potentialAction\":[{\"@type\":\"ReadAction\",\"target\":[\"https:\\\/\\\/www.babcock-wanson.com\\\/nl\\\/bedrijfsprofiel\\\/duurzaamheid\\\/\"]}]},{\"@type\":\"ImageObject\",\"inLanguage\":\"nl-NL\",\"@id\":\"https:\\\/\\\/www.babcock-wanson.com\\\/nl\\\/bedrijfsprofiel\\\/duurzaamheid\\\/#primaryimage\",\"url\":\"https:\\\/\\\/www.babcock-wanson.com\\\/wp-content\\\/uploads\\\/2019\\\/02\\\/boiler-management-training-1.jpg\",\"contentUrl\":\"https:\\\/\\\/www.babcock-wanson.com\\\/wp-content\\\/uploads\\\/2019\\\/02\\\/boiler-management-training-1.jpg\"},{\"@type\":\"BreadcrumbList\",\"@id\":\"https:\\\/\\\/www.babcock-wanson.com\\\/nl\\\/bedrijfsprofiel\\\/duurzaamheid\\\/#breadcrumb\",\"itemListElement\":[{\"@type\":\"ListItem\",\"position\":1,\"name\":\"Inicio\",\"item\":\"https:\\\/\\\/www.babcock-wanson.com\\\/nl\\\/\"},{\"@type\":\"ListItem\",\"position\":2,\"name\":\"Bedrijfsprofiel\",\"item\":\"https:\\\/\\\/www.babcock-wanson.com\\\/nl\\\/bedrijfsprofiel\\\/\"},{\"@type\":\"ListItem\",\"position\":3,\"name\":\"Duurzaamheid\"}]},{\"@type\":\"WebSite\",\"@id\":\"https:\\\/\\\/www.babcock-wanson.com\\\/nl\\\/#website\",\"url\":\"https:\\\/\\\/www.babcock-wanson.com\\\/nl\\\/\",\"name\":\"Babcock Wanson\",\"description\":\"\",\"publisher\":{\"@id\":\"https:\\\/\\\/www.babcock-wanson.com\\\/nl\\\/#organization\"},\"potentialAction\":[{\"@type\":\"SearchAction\",\"target\":{\"@type\":\"EntryPoint\",\"urlTemplate\":\"https:\\\/\\\/www.babcock-wanson.com\\\/nl\\\/?s={search_term_string}\"},\"query-input\":{\"@type\":\"PropertyValueSpecification\",\"valueRequired\":true,\"valueName\":\"search_term_string\"}}],\"inLanguage\":\"nl-NL\"},{\"@type\":\"Organization\",\"@id\":\"https:\\\/\\\/www.babcock-wanson.com\\\/nl\\\/#organization\",\"name\":\"Babcock Wanson\",\"url\":\"https:\\\/\\\/www.babcock-wanson.com\\\/nl\\\/\",\"logo\":{\"@type\":\"ImageObject\",\"inLanguage\":\"nl-NL\",\"@id\":\"https:\\\/\\\/www.babcock-wanson.com\\\/nl\\\/#\\\/schema\\\/logo\\\/image\\\/\",\"url\":\"https:\\\/\\\/www.babcock-wanson.com\\\/wp-content\\\/uploads\\\/2024\\\/02\\\/Babcock-Wanson-1200x1200-1.png\",\"contentUrl\":\"https:\\\/\\\/www.babcock-wanson.com\\\/wp-content\\\/uploads\\\/2024\\\/02\\\/Babcock-Wanson-1200x1200-1.png\",\"width\":1200,\"height\":1200,\"caption\":\"Babcock Wanson\"},\"image\":{\"@id\":\"https:\\\/\\\/www.babcock-wanson.com\\\/nl\\\/#\\\/schema\\\/logo\\\/image\\\/\"},\"sameAs\":[\"https:\\\/\\\/www.linkedin.com\\\/company\\\/babcock-wanson\\\/\",\"https:\\\/\\\/www.youtube.com\\\/channel\\\/UCtxl25VieBBsP2kYmtlyv7A\"]}]}<\/script>\n<!-- \/ Yoast SEO Premium plugin. -->","yoast_head_json":{"title":"Duurzaamheid - Babcock Wanson","description":"Babcock Wanson stelt alles in het werk om duurzaamheid in onze algemene bedrijfsstrategie op te nemen. Klik hier om meer te weten te komen over hoe","robots":{"index":"index","follow":"follow","max-snippet":"max-snippet:-1","max-image-preview":"max-image-preview:large","max-video-preview":"max-video-preview:-1"},"canonical":"https:\/\/www.babcock-wanson.com\/nl\/bedrijfsprofiel\/duurzaamheid\/","og_locale":"nl_NL","og_type":"article","og_title":"Duurzaamheid","og_description":"Babcock Wanson stelt alles in het werk om duurzaamheid in onze algemene bedrijfsstrategie op te nemen. Klik hier om meer te weten te komen over hoe","og_url":"https:\/\/www.babcock-wanson.com\/nl\/bedrijfsprofiel\/duurzaamheid\/","og_site_name":"Babcock Wanson","article_modified_time":"2023-11-28T15:18:20+00:00","og_image":[{"url":"https:\/\/www.babcock-wanson.com\/wp-content\/uploads\/2019\/02\/boiler-management-training-1.jpg","type":"","width":"","height":""}],"twitter_card":"summary_large_image","twitter_misc":{"Est. reading time":"4 minuten"},"schema":{"@context":"https:\/\/schema.org","@graph":[{"@type":"WebPage","@id":"https:\/\/www.babcock-wanson.com\/nl\/bedrijfsprofiel\/duurzaamheid\/","url":"https:\/\/www.babcock-wanson.com\/nl\/bedrijfsprofiel\/duurzaamheid\/","name":"Duurzaamheid - Babcock Wanson","isPartOf":{"@id":"https:\/\/www.babcock-wanson.com\/nl\/#website"},"primaryImageOfPage":{"@id":"https:\/\/www.babcock-wanson.com\/nl\/bedrijfsprofiel\/duurzaamheid\/#primaryimage"},"image":{"@id":"https:\/\/www.babcock-wanson.com\/nl\/bedrijfsprofiel\/duurzaamheid\/#primaryimage"},"thumbnailUrl":"https:\/\/www.babcock-wanson.com\/wp-content\/uploads\/2019\/02\/boiler-management-training-1.jpg","datePublished":"2020-06-18T13:33:47+00:00","dateModified":"2023-11-28T15:18:20+00:00","description":"Babcock Wanson stelt alles in het werk om duurzaamheid in onze algemene bedrijfsstrategie op te nemen. Klik hier om meer te weten te komen over hoe","breadcrumb":{"@id":"https:\/\/www.babcock-wanson.com\/nl\/bedrijfsprofiel\/duurzaamheid\/#breadcrumb"},"inLanguage":"nl-NL","potentialAction":[{"@type":"ReadAction","target":["https:\/\/www.babcock-wanson.com\/nl\/bedrijfsprofiel\/duurzaamheid\/"]}]},{"@type":"ImageObject","inLanguage":"nl-NL","@id":"https:\/\/www.babcock-wanson.com\/nl\/bedrijfsprofiel\/duurzaamheid\/#primaryimage","url":"https:\/\/www.babcock-wanson.com\/wp-content\/uploads\/2019\/02\/boiler-management-training-1.jpg","contentUrl":"https:\/\/www.babcock-wanson.com\/wp-content\/uploads\/2019\/02\/boiler-management-training-1.jpg"},{"@type":"BreadcrumbList","@id":"https:\/\/www.babcock-wanson.com\/nl\/bedrijfsprofiel\/duurzaamheid\/#breadcrumb","itemListElement":[{"@type":"ListItem","position":1,"name":"Inicio","item":"https:\/\/www.babcock-wanson.com\/nl\/"},{"@type":"ListItem","position":2,"name":"Bedrijfsprofiel","item":"https:\/\/www.babcock-wanson.com\/nl\/bedrijfsprofiel\/"},{"@type":"ListItem","position":3,"name":"Duurzaamheid"}]},{"@type":"WebSite","@id":"https:\/\/www.babcock-wanson.com\/nl\/#website","url":"https:\/\/www.babcock-wanson.com\/nl\/","name":"Babcock Wanson","description":"","publisher":{"@id":"https:\/\/www.babcock-wanson.com\/nl\/#organization"},"potentialAction":[{"@type":"SearchAction","target":{"@type":"EntryPoint","urlTemplate":"https:\/\/www.babcock-wanson.com\/nl\/?s={search_term_string}"},"query-input":{"@type":"PropertyValueSpecification","valueRequired":true,"valueName":"search_term_string"}}],"inLanguage":"nl-NL"},{"@type":"Organization","@id":"https:\/\/www.babcock-wanson.com\/nl\/#organization","name":"Babcock Wanson","url":"https:\/\/www.babcock-wanson.com\/nl\/","logo":{"@type":"ImageObject","inLanguage":"nl-NL","@id":"https:\/\/www.babcock-wanson.com\/nl\/#\/schema\/logo\/image\/","url":"https:\/\/www.babcock-wanson.com\/wp-content\/uploads\/2024\/02\/Babcock-Wanson-1200x1200-1.png","contentUrl":"https:\/\/www.babcock-wanson.com\/wp-content\/uploads\/2024\/02\/Babcock-Wanson-1200x1200-1.png","width":1200,"height":1200,"caption":"Babcock Wanson"},"image":{"@id":"https:\/\/www.babcock-wanson.com\/nl\/#\/schema\/logo\/image\/"},"sameAs":["https:\/\/www.linkedin.com\/company\/babcock-wanson\/","https:\/\/www.youtube.com\/channel\/UCtxl25VieBBsP2kYmtlyv7A"]}]}},"jetpack_sharing_enabled":true,"_links":{"self":[{"href":"https:\/\/www.babcock-wanson.com\/nl\/wp-json\/wp\/v2\/pages\/27049","targetHints":{"allow":["GET"]}}],"collection":[{"href":"https:\/\/www.babcock-wanson.com\/nl\/wp-json\/wp\/v2\/pages"}],"about":[{"href":"https:\/\/www.babcock-wanson.com\/nl\/wp-json\/wp\/v2\/types\/page"}],"author":[{"embeddable":true,"href":"https:\/\/www.babcock-wanson.com\/nl\/wp-json\/wp\/v2\/users\/1"}],"replies":[{"embeddable":true,"href":"https:\/\/www.babcock-wanson.com\/nl\/wp-json\/wp\/v2\/comments?post=27049"}],"version-history":[{"count":3,"href":"https:\/\/www.babcock-wanson.com\/nl\/wp-json\/wp\/v2\/pages\/27049\/revisions"}],"predecessor-version":[{"id":46727,"href":"https:\/\/www.babcock-wanson.com\/nl\/wp-json\/wp\/v2\/pages\/27049\/revisions\/46727"}],"up":[{"embeddable":true,"href":"https:\/\/www.babcock-wanson.com\/nl\/wp-json\/wp\/v2\/pages\/26959"}],"wp:attachment":[{"href":"https:\/\/www.babcock-wanson.com\/nl\/wp-json\/wp\/v2\/media?parent=27049"}],"curies":[{"name":"wp","href":"https:\/\/api.w.org\/{rel}","templated":true}]}}