{"id":27346,"date":"2020-06-19T10:34:38","date_gmt":"2020-06-19T09:34:38","guid":{"rendered":"https:\/\/www.babcock-wanson.com\/loopbanen\/verkoop\/"},"modified":"2021-12-12T23:19:06","modified_gmt":"2021-12-12T23:19:06","slug":"verkoop","status":"publish","type":"page","link":"https:\/\/www.babcock-wanson.com\/nl\/loopbanen\/verkoop\/","title":{"rendered":"Verkoop"},"content":{"rendered":"<div class=\"vgblk-rw-wrapper limit-wrapper\">\n\t<h3>Waarde cre\u00ebren en klantenloyaliteit opbouwen<\/h3>\n<h4>Ons lokale verkoopteam co\u00f6rdineert alle knowhow van Babcock Wanson om onze klanten dagelijks consistente technische oplossingen aan te bieden.<\/h4>\n<p>Verkoop van apparatuur, vernieuwing, verhuur, <a href=\"https:\/\/www.babcock-wanson.com\/nl\/diensten\/reserveonderdelen\/\" rel=\"noopener\" target=\"_blank\">reserveonderdelen<\/a> &#8230; Het brede scala aan producten en diensten die Babcock Wanson aanbiedt, dwingt onze verkopers om echte technische deskundigen te zijn, en in staat te zijn de oplossing voor te stellen die het best afgestemd is op de behoeften van de klanten.<\/p>\n<p>Deze mannen en vrouwen in het veld, de uitvoerders van onze commerci\u00eble strategie, benadrukken ons vermogen om te innoveren en om u altijd een scala aan producten en diensten met een hoge toegevoegde waarde aan te bieden.<\/p>\n<h2>\n\t<b>Onze belangrijkste functies<\/b>\n\t<\/h2>\n\t\t\tArea Manager (m\/v)\n\t\t<h4>Belangrijkste opdrachten<\/h4>\n<i>U staat in voor de uitvoering in het veld van de commerci\u00eble strategie van het bedrijf met betrekking tot de bevordering en de ontwikkeling van de verkoop van apparatuur en de bijbehorende service in uw regio.\n<\/i>\n<ul>\n \t<li>De loyaliteit van bestaande klanten opbouwen en nieuwe projecten detecteren om nieuwe klanten en prospects binnen te halen<\/li>\n \t<li>Standaardapparatuuraanbiedingen ontwikkelen en de klanttevredenheid in het oog houden<\/li>\n \t<li>Regelmatig verantwoording afleggen tegenover de Regional Manager<\/li>\n \t<li>Samenwerken met de Commercial Projects Manager aan specifieke en belangrijke projecten die samen met klanten werden ge\u00efdentificeerd<\/li>\n \t<li>Een dienstenpakket ontwikkelen, zoals: onderhoudscontracten, waterbehandelingsproducten, reparatie- of nalevingswerkzaamheden, branders, energiediagnose en reserveonderdelen met behulp van het regionale team (servicemonteurs in het veld, Project Manager) en productlijnen<\/li>\n<\/ul>\n<h4>Vereist profiel<\/h4>\n<ul>\n \t<li>\n<ul>\n \t<li>Technisch masterdiploma (elektrotechniek, automatisering, thermische sector)<\/li>\n<\/ul>\n<\/li>\n<\/ul>\n&nbsp;\n<h3><\/h3>\n<h3>Fr\u00e9d\u00e9ric<\/h3>\n<img loading=\"lazy\" decoding=\"async\" src=\"https:\/\/www.babcock-wanson.com\/wp-content\/uploads\/2019\/12\/Frederic.jpg\" alt=\"Fr\u00e9d\u00e9ric\" width=\"150\" height=\"192\" \/>\n<h4>Area Manager &#8211; Frankrijk<\/h4>\n<em>&#8220;Als Sector Manager bij Babcock-Wanson help ik al 2 jaar klanten en prospects bij hun project.\nIk kom op voor alle producten uit het assortiment, voor de organisatie van onze diensten en voor de reputatie en het beleid van Babcock-Wanson, zelfs in conflictsituaties. <\/em>\nHet is essentieel en boeiend om in het veld te zijn, om de verwachtingen van de klant te begrijpen en betrokken te raken bij het proces.\nMet de juiste analyse en overdracht van informatie kunnen onze teams nauwkeurige en geschikte aanbiedingen doen.\nLuisteren, kunnen communiceren en zich kunnen aanpassen, gedrevenheid, strijdvaardigheid en enige nederigheid zijn onder andere de eigenschappen die de Area Managers van BW kenmerken.\u201d\n\t\t\tWater Treatment Technical Sales Engineer &#8211; Frankrijk\n\t\t<h3>S\u00e9verine<\/h3>\n<h4>Water Treatment Technical Sales Engineer &#8211; Frankrijk<\/h4>\n<em><img loading=\"lazy\" decoding=\"async\" src=\"https:\/\/www.babcock-wanson.com\/wp-content\/uploads\/2019\/12\/Severine.jpg\" alt=\"S\u00e9verine\" width=\"150\" height=\"200\" \/>\u201cIk heb 16 jaar ervaring op het gebied van waterbehandeling en ben al 3 en een half jaar bij BW aan de slag als technisch-commercieel medewerkster Water Treatment Agency East! <\/em>\n<em>Deze baan is gevarieerd en vereist gedrevenheid en aanpassingsvermogen. In \u00e9\u00e9n dag moeten we zowel technologische als commerci\u00eble aspecten behandelen, zowel administratieve taken uitvoeren als instructies geven aan technici; we brengen bezoeken aan dhr. Durand, de kleinschalige kaasmaker uit de Jura, en dhr. Dupont, de onderhoudsmanager van het petrochemische platform.<\/em>\n<em>Er is geen tijd om je te vervelen! Ik hou vooral van de teamgeest bij het bureau en van ons gezamenlijk streven naar succes.\u201d<\/em>\n\t\t\tTechnical Sales Engineer (m\/v)\n\t\tOnder de hoede van de Regional Manager moet u de commerci\u00eble monitoring van apparatuur in uw geografische gebied ondersteunen.\n<h4>Belangrijkste opdrachten<\/h4>\n<i>Technische en economische studies uitvoeren die voldoen aan de specifieke kenmerken van de klant\n<\/i>\n<ul>\n \t<li>Technische en economische studies uitvoeren die voldoen aan de specifieke kenmerken van de klant<\/li>\n \t<li>De technisch-commerci\u00eble aanbiedingen opstellen met de steun van het Product Line Department<\/li>\n \t<li>Meewerken aan de ontwikkeling van een commercieel actieplan en het uitvoeren<\/li>\n \t<li>Telefonisch en in het veld klanten werven<\/li>\n<\/ul>\n<h4>Vereist profiel<\/h4>\n<ul>\n \t<li>Technisch masterdiploma (elektrotechniek, automatisering, thermische sector of chemische sector naargelang van de productlijn)<\/li>\n \t<li>Vaardigheden op het gebied van elektrotechniek\/automatisering<\/li>\n \t<li>Een zeer goede relatie met de klanten, commerci\u00eble vaardigheden, beschikbaarheid en een goede kennis van de industri\u00eble structuur van het toevertrouwde geografische gebied<\/li>\n<\/ul>\n\t\t\tSpecial Projects Division Sales Manager &#8211; Itali\u00eb\n\t\t<h3>Emmanuele<\/h3>\n<h4>Special Projects Division Sales Manager &#8211; Itali\u00eb<\/h4>\n<em><img loading=\"lazy\" decoding=\"async\" src=\"https:\/\/www.babcock-wanson.com\/wp-content\/uploads\/2019\/12\/Emmanuele.jpg\" alt=\"Emmanuele\" width=\"150\" height=\"199\" \/>\u201cIk trad in 2015 in dienst van het bedrijf na een eerdere ervaring als Sales Engineer in dezelfde bedrijfssector. Het bedrijf stond voor een belangrijke periode van verandering en het voorstel was boeiend: op zoek gaan naar nieuwe zakelijke opportuniteiten. Ik ben momenteel verantwoordelijk voor de divisie die instaat voor projecten die worden gekenmerkt door een relevante mate van maatwerk, en waarbij doorgaans klanten of EPC-aannemers betrokken zijn met toepassingen in de elektriciteitsproductie- en olie- en gassector.<\/em>\n<em>De mogelijkheid om nieuwe uitdagingen aan te gaan en daarbij nog altijd zelfstandig beslissingen te kunnen nemen, en de samenwerking met mensen uit verschillende landen en culturen zorgen ervoor dat ik er trots op ben deel uit te maken van dit bedrijf.\u201d<\/em>\n<h2>\n\t<br><b>Babcock Wanson<b><\/b>\n\t<\/h2>\n\t\t\t100+\n\t<h4>M\u20ac Omzet<\/h4>\n\t\t\t100,000+\n\t<h4>Verwarmingsapparaten<\/h4>\n<h2>\n\tBabcock Wanson-<b>beroepen<\/b>\n\t<\/h2>\n\t\t\t\t<a href=\"https:\/\/www.babcock-wanson.com\/nl\/loopbanen\/project-en-productmanagement\/\" target=\"_self\" title=\"Beautiful girl at factory in a vest and helmet smiling going for a handshake. Shallow DOF. Developed from RAW; retouched with special care and attention; Small amount of grain added for best final impression. 16 bit Adobe RGB color profile.\" rel=\"noopener\">\n\t\t\t\t\t\t\t<img loading=\"lazy\" decoding=\"async\" src=\"https:\/\/www.babcock-wanson.com\/wp-content\/uploads\/2019\/04\/iStock-682443590-1.jpg\" alt=\"Beautiful girl at factory in a vest and helmet smiling going for a handshake. Shallow DOF. Developed from RAW; retouched with special care and attention; Small amount of grain added for best final impression. 16 bit Adobe RGB color profile.\" height=\"304\" width=\"271\" data-link-type=\"url\" title=\"Beautiful girl at factory in a vest and helmet smiling going for a handshake\" data-srcset=\"https:\/\/www.babcock-wanson.com\/wp-content\/uploads\/2019\/04\/iStock-682443590-1.jpg 271w, https:\/\/www.babcock-wanson.com\/wp-content\/uploads\/2019\/04\/iStock-682443590-1-267x300.jpg 267w\" \/>\t\t\t\t\t\t<\/a>\n<h5>\n\t\t\t<a href=\"https:\/\/www.babcock-wanson.com\/nl\/loopbanen\/project-en-productmanagement\/\" title=\"Products &amp; Projects\" target=\"_self\" rel=\"noopener\">\n\tProducts &amp; Projects\n\t\t\t<\/a>\n\t<\/h5>\n\t\t\t\t<a href=\"https:\/\/www.babcock-wanson.com\/nl\/loopbanen\/verkoop\/\" target=\"_self\" title=\"Businessman holding documents and talking on the phone\" rel=\"noopener\">\n\t\t\t\t\t\t\t<img loading=\"lazy\" decoding=\"async\" src=\"https:\/\/www.babcock-wanson.com\/wp-content\/uploads\/2019\/04\/iStock-672506870-1.jpg\" alt=\"Businessman holding documents and talking on the phone\" height=\"304\" width=\"271\" data-link-type=\"url\" title=\"Close-up of a smiling businessman with smart phone\" data-srcset=\"https:\/\/www.babcock-wanson.com\/wp-content\/uploads\/2019\/04\/iStock-672506870-1.jpg 271w, https:\/\/www.babcock-wanson.com\/wp-content\/uploads\/2019\/04\/iStock-672506870-1-267x300.jpg 267w\" \/>\t\t\t\t\t\t<\/a>\n<h5>\n\t\t\t<a href=\"https:\/\/www.babcock-wanson.com\/nl\/loopbanen\/verkoop\/\" title=\"Sales\" target=\"_self\" rel=\"noopener\">\n\tSales\n\t\t\t<\/a>\n\t<\/h5>\n\t\t\t\t<a href=\"https:\/\/www.babcock-wanson.com\/nl\/loopbanen\/diensten\/\" target=\"_self\" title=\"OLYMPUS DIGITAL CAMERA\" rel=\"noopener\">\n\t\t\t\t\t\t\t<img loading=\"lazy\" decoding=\"async\" src=\"https:\/\/www.babcock-wanson.com\/wp-content\/uploads\/2019\/04\/iStock-531159761-1.jpg\" alt=\"OLYMPUS DIGITAL CAMERA\" height=\"304\" width=\"271\" data-link-type=\"url\" title=\"asian engineer working in factory\" data-srcset=\"https:\/\/www.babcock-wanson.com\/wp-content\/uploads\/2019\/04\/iStock-531159761-1.jpg 271w, https:\/\/www.babcock-wanson.com\/wp-content\/uploads\/2019\/04\/iStock-531159761-1-267x300.jpg 267w\" \/>\t\t\t\t\t\t<\/a>\n<h5>\n\t\t\t<a href=\"https:\/\/www.babcock-wanson.com\/nl\/loopbanen\/diensten\/\" title=\"Services\" target=\"_self\" rel=\"noopener\">\n\tServices\n\t\t\t<\/a>\n\t<\/h5>\n\t\t\t\t<a href=\"https:\/\/www.babcock-wanson.com\/nl\/loopbanen\/production\/\" target=\"_self\" title=\"Male worker writing on clipboard in factory\" rel=\"noopener\">\n\t\t\t\t\t\t\t<img loading=\"lazy\" decoding=\"async\" src=\"https:\/\/www.babcock-wanson.com\/wp-content\/uploads\/2019\/04\/iStock-896264102-1.jpg\" alt=\"Male worker writing on clipboard in factory\" height=\"304\" width=\"271\" data-link-type=\"url\" title=\"Steel factory supervisor with clipboard\" data-srcset=\"https:\/\/www.babcock-wanson.com\/wp-content\/uploads\/2019\/04\/iStock-896264102-1.jpg 271w, https:\/\/www.babcock-wanson.com\/wp-content\/uploads\/2019\/04\/iStock-896264102-1-267x300.jpg 267w\" \/>\t\t\t\t\t\t<\/a>\n<h5>\n\t\t\t<a href=\"https:\/\/www.babcock-wanson.com\/nl\/loopbanen\/production\/\" title=\"Manufacturing\" target=\"_self\" rel=\"noopener\">\n\tManufacturing\n\t\t\t<\/a>\n\t<\/h5>\n\t\t\t\t<a href=\"https:\/\/www.babcock-wanson.com\/nl\/loopbanen\/ondersteuningsteam\/\" target=\"_self\" title=\"Shot of call centre agents working in an office\" rel=\"noopener\">\n\t\t\t\t\t\t\t<img loading=\"lazy\" decoding=\"async\" src=\"https:\/\/www.babcock-wanson.com\/wp-content\/uploads\/2019\/04\/iStock-912491876-1.jpg\" alt=\"Shot of call centre agents working in an office\" height=\"304\" width=\"271\" data-link-type=\"url\" title=\"Taking calls and inquiries\" data-srcset=\"https:\/\/www.babcock-wanson.com\/wp-content\/uploads\/2019\/04\/iStock-912491876-1.jpg 271w, https:\/\/www.babcock-wanson.com\/wp-content\/uploads\/2019\/04\/iStock-912491876-1-267x300.jpg 267w\" \/>\t\t\t\t\t\t<\/a>\n<h5>\n\t\t\t<a href=\"https:\/\/www.babcock-wanson.com\/nl\/loopbanen\/ondersteuningsteam\/\" title=\"Support\" target=\"_self\" rel=\"noopener\">\n\tSupport\n\t\t\t<\/a>\n\t<\/h5>\n<\/div><!-- .vgblk-rw-wrapper -->","protected":false},"excerpt":{"rendered":"<p>Waarde cre\u00ebren en klantenloyaliteit opbouwen Ons lokale verkoopteam co\u00f6rdineert alle knowhow van Babcock Wanson om onze klanten dagelijks consistente technische oplossingen aan te bieden. Verkoop van apparatuur, vernieuwing, verhuur, reserveonderdelen &#8230; Het brede scala aan producten en diensten die Babcock Wanson aanbiedt, dwingt onze verkopers om echte technische deskundigen te zijn, en in staat te&#8230;<\/p>\n","protected":false},"author":1,"featured_media":0,"parent":27310,"menu_order":0,"comment_status":"closed","ping_status":"closed","template":"","meta":{"_acf_changed":false,"_relevanssi_hide_post":"","_relevanssi_hide_content":"","_relevanssi_pin_for_all":"","_relevanssi_pin_keywords":"","_relevanssi_unpin_keywords":"","_relevanssi_related_keywords":"","_relevanssi_related_include_ids":"","_relevanssi_related_exclude_ids":"","_relevanssi_related_no_append":"","_relevanssi_related_not_related":"","_relevanssi_related_posts":"","_relevanssi_noindex_reason":"","footnotes":""},"class_list":["post-27346","page","type-page","status-publish","hentry"],"acf":[],"yoast_head":"<!-- This site is optimized with the Yoast SEO Premium plugin v27.4 (Yoast SEO v27.4) - https:\/\/yoast.com\/product\/yoast-seo-premium-wordpress\/ -->\n<title>Verkoop - Babcock Wanson<\/title>\n<meta name=\"robots\" content=\"index, follow, max-snippet:-1, max-image-preview:large, max-video-preview:-1\" \/>\n<link rel=\"canonical\" href=\"https:\/\/www.babcock-wanson.com\/nl\/loopbanen\/verkoop\/\" \/>\n<meta property=\"og:locale\" content=\"nl_NL\" \/>\n<meta property=\"og:type\" content=\"article\" \/>\n<meta property=\"og:title\" content=\"Verkoop\" \/>\n<meta property=\"og:description\" content=\"Waarde cre\u00ebren en klantenloyaliteit opbouwen Ons lokale verkoopteam co\u00f6rdineert alle knowhow van Babcock Wanson om onze klanten dagelijks consistente technische oplossingen aan te bieden. Verkoop van apparatuur, vernieuwing, verhuur, reserveonderdelen &#8230; Het brede scala aan producten en diensten die Babcock Wanson aanbiedt, dwingt onze verkopers om echte technische deskundigen te zijn, en in staat te...\" \/>\n<meta property=\"og:url\" content=\"https:\/\/www.babcock-wanson.com\/nl\/loopbanen\/verkoop\/\" \/>\n<meta property=\"og:site_name\" content=\"Babcock Wanson\" \/>\n<meta property=\"article:modified_time\" content=\"2021-12-12T23:19:06+00:00\" \/>\n<meta property=\"og:image\" content=\"https:\/\/www.babcock-wanson.com\/wp-content\/uploads\/2019\/12\/Frederic.jpg\" \/>\n<meta name=\"twitter:card\" content=\"summary_large_image\" \/>\n<meta name=\"twitter:label1\" content=\"Est. reading time\" \/>\n\t<meta name=\"twitter:data1\" content=\"4 minuten\" \/>\n<script type=\"application\/ld+json\" class=\"yoast-schema-graph\">{\"@context\":\"https:\\\/\\\/schema.org\",\"@graph\":[{\"@type\":\"WebPage\",\"@id\":\"https:\\\/\\\/www.babcock-wanson.com\\\/nl\\\/loopbanen\\\/verkoop\\\/\",\"url\":\"https:\\\/\\\/www.babcock-wanson.com\\\/nl\\\/loopbanen\\\/verkoop\\\/\",\"name\":\"Verkoop - Babcock Wanson\",\"isPartOf\":{\"@id\":\"https:\\\/\\\/www.babcock-wanson.com\\\/nl\\\/#website\"},\"primaryImageOfPage\":{\"@id\":\"https:\\\/\\\/www.babcock-wanson.com\\\/nl\\\/loopbanen\\\/verkoop\\\/#primaryimage\"},\"image\":{\"@id\":\"https:\\\/\\\/www.babcock-wanson.com\\\/nl\\\/loopbanen\\\/verkoop\\\/#primaryimage\"},\"thumbnailUrl\":\"https:\\\/\\\/www.babcock-wanson.com\\\/wp-content\\\/uploads\\\/2019\\\/12\\\/Frederic.jpg\",\"datePublished\":\"2020-06-19T09:34:38+00:00\",\"dateModified\":\"2021-12-12T23:19:06+00:00\",\"breadcrumb\":{\"@id\":\"https:\\\/\\\/www.babcock-wanson.com\\\/nl\\\/loopbanen\\\/verkoop\\\/#breadcrumb\"},\"inLanguage\":\"nl-NL\",\"potentialAction\":[{\"@type\":\"ReadAction\",\"target\":[\"https:\\\/\\\/www.babcock-wanson.com\\\/nl\\\/loopbanen\\\/verkoop\\\/\"]}]},{\"@type\":\"ImageObject\",\"inLanguage\":\"nl-NL\",\"@id\":\"https:\\\/\\\/www.babcock-wanson.com\\\/nl\\\/loopbanen\\\/verkoop\\\/#primaryimage\",\"url\":\"https:\\\/\\\/www.babcock-wanson.com\\\/wp-content\\\/uploads\\\/2019\\\/12\\\/Frederic.jpg\",\"contentUrl\":\"https:\\\/\\\/www.babcock-wanson.com\\\/wp-content\\\/uploads\\\/2019\\\/12\\\/Frederic.jpg\"},{\"@type\":\"BreadcrumbList\",\"@id\":\"https:\\\/\\\/www.babcock-wanson.com\\\/nl\\\/loopbanen\\\/verkoop\\\/#breadcrumb\",\"itemListElement\":[{\"@type\":\"ListItem\",\"position\":1,\"name\":\"Inicio\",\"item\":\"https:\\\/\\\/www.babcock-wanson.com\\\/nl\\\/\"},{\"@type\":\"ListItem\",\"position\":2,\"name\":\"Loopbanen\",\"item\":\"https:\\\/\\\/www.babcock-wanson.com\\\/nl\\\/loopbanen\\\/\"},{\"@type\":\"ListItem\",\"position\":3,\"name\":\"Verkoop\"}]},{\"@type\":\"WebSite\",\"@id\":\"https:\\\/\\\/www.babcock-wanson.com\\\/nl\\\/#website\",\"url\":\"https:\\\/\\\/www.babcock-wanson.com\\\/nl\\\/\",\"name\":\"Babcock Wanson\",\"description\":\"\",\"publisher\":{\"@id\":\"https:\\\/\\\/www.babcock-wanson.com\\\/nl\\\/#organization\"},\"potentialAction\":[{\"@type\":\"SearchAction\",\"target\":{\"@type\":\"EntryPoint\",\"urlTemplate\":\"https:\\\/\\\/www.babcock-wanson.com\\\/nl\\\/?s={search_term_string}\"},\"query-input\":{\"@type\":\"PropertyValueSpecification\",\"valueRequired\":true,\"valueName\":\"search_term_string\"}}],\"inLanguage\":\"nl-NL\"},{\"@type\":\"Organization\",\"@id\":\"https:\\\/\\\/www.babcock-wanson.com\\\/nl\\\/#organization\",\"name\":\"Babcock Wanson\",\"url\":\"https:\\\/\\\/www.babcock-wanson.com\\\/nl\\\/\",\"logo\":{\"@type\":\"ImageObject\",\"inLanguage\":\"nl-NL\",\"@id\":\"https:\\\/\\\/www.babcock-wanson.com\\\/nl\\\/#\\\/schema\\\/logo\\\/image\\\/\",\"url\":\"https:\\\/\\\/www.babcock-wanson.com\\\/wp-content\\\/uploads\\\/2024\\\/02\\\/Babcock-Wanson-1200x1200-1.png\",\"contentUrl\":\"https:\\\/\\\/www.babcock-wanson.com\\\/wp-content\\\/uploads\\\/2024\\\/02\\\/Babcock-Wanson-1200x1200-1.png\",\"width\":1200,\"height\":1200,\"caption\":\"Babcock Wanson\"},\"image\":{\"@id\":\"https:\\\/\\\/www.babcock-wanson.com\\\/nl\\\/#\\\/schema\\\/logo\\\/image\\\/\"},\"sameAs\":[\"https:\\\/\\\/www.linkedin.com\\\/company\\\/babcock-wanson\\\/\",\"https:\\\/\\\/www.youtube.com\\\/channel\\\/UCtxl25VieBBsP2kYmtlyv7A\"]}]}<\/script>\n<!-- \/ Yoast SEO Premium plugin. -->","yoast_head_json":{"title":"Verkoop - Babcock Wanson","robots":{"index":"index","follow":"follow","max-snippet":"max-snippet:-1","max-image-preview":"max-image-preview:large","max-video-preview":"max-video-preview:-1"},"canonical":"https:\/\/www.babcock-wanson.com\/nl\/loopbanen\/verkoop\/","og_locale":"nl_NL","og_type":"article","og_title":"Verkoop","og_description":"Waarde cre\u00ebren en klantenloyaliteit opbouwen Ons lokale verkoopteam co\u00f6rdineert alle knowhow van Babcock Wanson om onze klanten dagelijks consistente technische oplossingen aan te bieden. Verkoop van apparatuur, vernieuwing, verhuur, reserveonderdelen &#8230; Het brede scala aan producten en diensten die Babcock Wanson aanbiedt, dwingt onze verkopers om echte technische deskundigen te zijn, en in staat te...","og_url":"https:\/\/www.babcock-wanson.com\/nl\/loopbanen\/verkoop\/","og_site_name":"Babcock Wanson","article_modified_time":"2021-12-12T23:19:06+00:00","og_image":[{"url":"https:\/\/www.babcock-wanson.com\/wp-content\/uploads\/2019\/12\/Frederic.jpg","type":"","width":"","height":""}],"twitter_card":"summary_large_image","twitter_misc":{"Est. reading time":"4 minuten"},"schema":{"@context":"https:\/\/schema.org","@graph":[{"@type":"WebPage","@id":"https:\/\/www.babcock-wanson.com\/nl\/loopbanen\/verkoop\/","url":"https:\/\/www.babcock-wanson.com\/nl\/loopbanen\/verkoop\/","name":"Verkoop - Babcock Wanson","isPartOf":{"@id":"https:\/\/www.babcock-wanson.com\/nl\/#website"},"primaryImageOfPage":{"@id":"https:\/\/www.babcock-wanson.com\/nl\/loopbanen\/verkoop\/#primaryimage"},"image":{"@id":"https:\/\/www.babcock-wanson.com\/nl\/loopbanen\/verkoop\/#primaryimage"},"thumbnailUrl":"https:\/\/www.babcock-wanson.com\/wp-content\/uploads\/2019\/12\/Frederic.jpg","datePublished":"2020-06-19T09:34:38+00:00","dateModified":"2021-12-12T23:19:06+00:00","breadcrumb":{"@id":"https:\/\/www.babcock-wanson.com\/nl\/loopbanen\/verkoop\/#breadcrumb"},"inLanguage":"nl-NL","potentialAction":[{"@type":"ReadAction","target":["https:\/\/www.babcock-wanson.com\/nl\/loopbanen\/verkoop\/"]}]},{"@type":"ImageObject","inLanguage":"nl-NL","@id":"https:\/\/www.babcock-wanson.com\/nl\/loopbanen\/verkoop\/#primaryimage","url":"https:\/\/www.babcock-wanson.com\/wp-content\/uploads\/2019\/12\/Frederic.jpg","contentUrl":"https:\/\/www.babcock-wanson.com\/wp-content\/uploads\/2019\/12\/Frederic.jpg"},{"@type":"BreadcrumbList","@id":"https:\/\/www.babcock-wanson.com\/nl\/loopbanen\/verkoop\/#breadcrumb","itemListElement":[{"@type":"ListItem","position":1,"name":"Inicio","item":"https:\/\/www.babcock-wanson.com\/nl\/"},{"@type":"ListItem","position":2,"name":"Loopbanen","item":"https:\/\/www.babcock-wanson.com\/nl\/loopbanen\/"},{"@type":"ListItem","position":3,"name":"Verkoop"}]},{"@type":"WebSite","@id":"https:\/\/www.babcock-wanson.com\/nl\/#website","url":"https:\/\/www.babcock-wanson.com\/nl\/","name":"Babcock Wanson","description":"","publisher":{"@id":"https:\/\/www.babcock-wanson.com\/nl\/#organization"},"potentialAction":[{"@type":"SearchAction","target":{"@type":"EntryPoint","urlTemplate":"https:\/\/www.babcock-wanson.com\/nl\/?s={search_term_string}"},"query-input":{"@type":"PropertyValueSpecification","valueRequired":true,"valueName":"search_term_string"}}],"inLanguage":"nl-NL"},{"@type":"Organization","@id":"https:\/\/www.babcock-wanson.com\/nl\/#organization","name":"Babcock Wanson","url":"https:\/\/www.babcock-wanson.com\/nl\/","logo":{"@type":"ImageObject","inLanguage":"nl-NL","@id":"https:\/\/www.babcock-wanson.com\/nl\/#\/schema\/logo\/image\/","url":"https:\/\/www.babcock-wanson.com\/wp-content\/uploads\/2024\/02\/Babcock-Wanson-1200x1200-1.png","contentUrl":"https:\/\/www.babcock-wanson.com\/wp-content\/uploads\/2024\/02\/Babcock-Wanson-1200x1200-1.png","width":1200,"height":1200,"caption":"Babcock Wanson"},"image":{"@id":"https:\/\/www.babcock-wanson.com\/nl\/#\/schema\/logo\/image\/"},"sameAs":["https:\/\/www.linkedin.com\/company\/babcock-wanson\/","https:\/\/www.youtube.com\/channel\/UCtxl25VieBBsP2kYmtlyv7A"]}]}},"jetpack_sharing_enabled":true,"_links":{"self":[{"href":"https:\/\/www.babcock-wanson.com\/nl\/wp-json\/wp\/v2\/pages\/27346","targetHints":{"allow":["GET"]}}],"collection":[{"href":"https:\/\/www.babcock-wanson.com\/nl\/wp-json\/wp\/v2\/pages"}],"about":[{"href":"https:\/\/www.babcock-wanson.com\/nl\/wp-json\/wp\/v2\/types\/page"}],"author":[{"embeddable":true,"href":"https:\/\/www.babcock-wanson.com\/nl\/wp-json\/wp\/v2\/users\/1"}],"replies":[{"embeddable":true,"href":"https:\/\/www.babcock-wanson.com\/nl\/wp-json\/wp\/v2\/comments?post=27346"}],"version-history":[{"count":2,"href":"https:\/\/www.babcock-wanson.com\/nl\/wp-json\/wp\/v2\/pages\/27346\/revisions"}],"predecessor-version":[{"id":41308,"href":"https:\/\/www.babcock-wanson.com\/nl\/wp-json\/wp\/v2\/pages\/27346\/revisions\/41308"}],"up":[{"embeddable":true,"href":"https:\/\/www.babcock-wanson.com\/nl\/wp-json\/wp\/v2\/pages\/27310"}],"wp:attachment":[{"href":"https:\/\/www.babcock-wanson.com\/nl\/wp-json\/wp\/v2\/media?parent=27346"}],"curies":[{"name":"wp","href":"https:\/\/api.w.org\/{rel}","templated":true}]}}