{"id":48147,"date":"2023-10-06T16:39:37","date_gmt":"2024-04-28T21:54:01","guid":{"rendered":"https:\/\/www.babcock-wanson.com\/?post_type=product&#038;p=48147"},"modified":"2024-05-24T14:25:35","modified_gmt":"2024-05-24T13:25:35","slug":"powerpack","status":"publish","type":"product","link":"https:\/\/www.babcock-wanson.com\/nl\/producten\/vlampijpstoomketels\/powerpack\/","title":{"rendered":"PowerPack"},"content":{"rendered":"<div class=\"vgblk-rw-wrapper limit-wrapper\">\n<h2>Milieuvriendelijk<\/h2>\n<p>De PowerPack ketel van Babcock Wanson combineert de best beschikbare technologie in keteldesign met een zeer hoog rendement, wat resulteert in lage bedrijfskosten en verminderde emissies. De ketel is ontworpen om te voldoen aan de nieuwste Europese mileuwetgeving op het gebied van uitstoot van schadelijke stoffen en kan zelfs de wettelijke vereisten overtreffen wanneer deze is uitgerust met Babcock Wanson verbrandingsapparatuur.<\/p>\n<h2>Laag Verbruik<\/h2>\n<p><strong>Optimale effici\u00ebntie<\/strong><br \/>\nDe perfecte combinatie tussen ketellichaam en brander zorgt voor een betrouwbare en effici\u00ebnte werking. In combinatie met een <a href=\"https:\/\/www.babcock-wanson.com\/nl\/producten-categorie\u00ebn\/warmteterugwinningssysteem\/\" target=\"_blank\" rel=\"noopener\">rookgaswarmte terugwinningssysteem<\/a> aangepast aan het proces (bezuinigen, verbrandingslucht <a href=\"https:\/\/www.babcock-wanson.com\/nl\/producten\/warmteterugwinningssysteem\/voorverwarmer\/\" target=\"_blank\" rel=\"noopener\">voorverwarmer<\/a>\u2026.) bereiken PowerPack ketels een optimale proceseffici\u00ebntie over het hele stookbereik.<br \/>\n<strong>Hoge prestaties over het hele vermogensbereik<\/strong><br \/>\nStabiele prestaties zijn een belangrijk kenmerk van Babcok Wanson-apparatuur. Het speciale ontwerp van de verbrandingskop van de brander gekoppeld aan zeer hoge modulatie ratio&#8217;s zorgen voor een nauwkeurige regeling van overtollige lucht en minimale start \/ stop-cycli. Dit zorgt voor de best mogelijke prestaties over een breed procesbereik.<br \/>\n<strong>Laag stroomverbruik<\/strong><br \/>\nDe zeer lage drukval aan de rookgaszijde vermindert het elektriciteitsverbruik van ventilatoren aanzienlijk. Bovendien verminderen de beschikbare opties voor aandrijvingen voor verbrandingslucht en voedingswater met frequentie regelaars de vraag naar elektriciteit op de locatie verder en verbeteren ze de algehele effici\u00ebntie.<\/p>\n<h2>Robuuste constructie voor een lange levensduur<\/h2>\n<p>Voortbouwend op het BWR-ketelassortiment dat bekend staat om zijn robuuste constructie voor een lange levensduur, hebben PowerPack ketels een drietreks en een rookgas keerkamer met waterpijp. Deze beproefde eigenschap, gelast buiten het lichaam van het drukdeel, vereist geen oventrekstangen of versterking van de omkeerkamer en geeft een uitzonderlijke flexibiliteit aan de schaal en ovenuitbreiding waardoor grote veranderingen in stoombelasting met minimale operationele belasting mogelijk zijn. Dit geeft de ketel een verhoogde weerstand tegen koude starts en een grote structurele sterkte voor een zeer lange levensduur. Omdat de rookgasomkeerkamer continu wordt gekoeld door watercirculatie, zijn er geen vuurvaste materialen nodig.<\/p>\n<h2>Eenvoudige Betrouwbare Bediening<\/h2>\n<p><strong>Makkelijke toegang<\/strong><br \/>\nHet PowerPack-ontwerp biedt volledige toegang tot rook- en ketelbuizen aan de voorkant via grote, gemakkelijk te gebruiken deuren. De toegang tot de achterste buisplaat en ketelbuis is eenvoudig en compleet dankzij de unieke omkeerkamer van de waterbuis die ook de vuurvaste vereisten minimaliseert en complexe trekstangen elimineert.<br \/>\nDe PowerPack-standaardconstructie omvat een ge\u00efntegreerd hoog niveau toegangsplatform voor eenvoudige, veilige toegang en gemakkelijk onderhoud en bediening.<br \/>\n<strong>Lagere bedrijfskosten<\/strong><br \/>\nPowerPack-ketels zijn uitgerust met uitgebreide instrumenten en bedieningselementen, waaronder de exclusieve onbewaakte bedieningsmodi van Babcock Wanson.<br \/>\n<strong>Op afstand monitoren<\/strong><br \/>\nPowerPack is compatibel met het Babcock Wanson Navinergy systeem dat verbeterde monitoring op afstand en onderhoudsplanning mogelijk maakt<\/p>\n<h3>Waarom kiezen voor de PowerPack-vlampijpstoomketel?<\/h3>\n<ul>\n<li>Hoge effici\u00ebntie<\/li>\n<li>Lage NOx-branders<\/li>\n<li>Hoge uitschakelratio&#8217;s van de brander<\/li>\n<li>Standaard elektronische modulatieregeling<\/li>\n<li>Eenvoudige toegang voor eenvoudig onderhoud<\/li>\n<li>Robuust ontwerp voor een zeer lange levensduur<\/li>\n<li>Rookgaswarmteterugwinning<\/li>\n<li>Condensatie economiser optie<\/li>\n<li>Connectiviteit met ons Navinergy-systeem<\/li>\n<li>Opties voor voorverwarmer van verbrandingslucht<\/li>\n<li>Stookopties met dubbele en gemengde brandstof<\/li>\n<li>O2- en CO-trimopties<\/li>\n<li>Eenvoudige 3 en 7 dagen onbemande werking<\/li>\n<li>Complete stoomsysteemoplossingen<\/li>\n<\/ul>\n<p>&nbsp;<\/p>\n<h2>PowerPack Serie \u2013 Vlampijpstoomketels<\/h2>\n<div class=\"table-responsive\">\n<table style=\"height: 372px;\" width=\"975\">\n<tbody>\n<tr>\n<th class=\"bg-primary text-white\">PowerPack<\/th>\n<th class=\"bg-primary text-white\">Model<\/th>\n<th>10.0<\/th>\n<th>12.0<\/th>\n<th>15.0<\/th>\n<th>17.0<\/th>\n<th>21.0<\/th>\n<th>25.0<\/th>\n<th>27.0<\/th>\n<th>30.0<\/th>\n<th>34.0<\/th>\n<\/tr>\n<tr>\n<th>Stoom capaciteit (1)<\/th>\n<th>Kg\/h<\/th>\n<td>10000<\/td>\n<td>12000<\/td>\n<td>15000<\/td>\n<td>17000<\/td>\n<td>21000<\/td>\n<td>25000<\/td>\n<td>27000<\/td>\n<td>30000<\/td>\n<td>34000<\/td>\n<\/tr>\n<tr>\n<th>Vermogen (1)<\/th>\n<th>kW<\/th>\n<td>7340<\/td>\n<td>8875<\/td>\n<td>11122<\/td>\n<td>12465<\/td>\n<td>15365<\/td>\n<td>18282<\/td>\n<td>19702<\/td>\n<td>22117<\/td>\n<td>24905<\/td>\n<\/tr>\n<tr class=\"table-secondary\">\n<th class=\"bg-secondary text-white\">Breedte A (2)<\/th>\n<th class=\"bg-secondary text-white\">mm<\/th>\n<td>3410<\/td>\n<td>3485<\/td>\n<td>3605<\/td>\n<td>3865<\/td>\n<td>3940<\/td>\n<td>4030<\/td>\n<td>4290<\/td>\n<td>4480<\/td>\n<td>4795<\/td>\n<\/tr>\n<tr class=\"table-dark\">\n<th class=\"bg-dark text-white\">Lengte B (2)<\/th>\n<th class=\"bg-dark text-white\">mm<\/th>\n<td>8770<\/td>\n<td>10460<\/td>\n<td>10600<\/td>\n<td>11300<\/td>\n<td>12430<\/td>\n<td>13880<\/td>\n<td>14130<\/td>\n<td>14000<\/td>\n<td>16100<\/td>\n<\/tr>\n<tr class=\"table-primary\">\n<th class=\"bg-primary text-white\">Hoogte C (\u00e9conomiser inbegrepen) (2)<\/th>\n<th class=\"bg-primary text-white\">mm<\/th>\n<td>3940<\/td>\n<td>4050<\/td>\n<td>4250<\/td>\n<td>4330<\/td>\n<td>4530<\/td>\n<td>4900<\/td>\n<td>5100<\/td>\n<td>5560<\/td>\n<td>6060<\/td>\n<\/tr>\n<tr>\n<th>Gewicht- volledig<br \/>\ngevuld bedrijfsgewicht<\/th>\n<th>Kg<\/th>\n<td>42000<\/td>\n<td>41500<\/td>\n<td>46500<\/td>\n<td>51500<\/td>\n<td>75000<\/td>\n<td>80500<\/td>\n<td>91200<\/td>\n<td>100800<\/td>\n<td>108200<\/td>\n<\/tr>\n<\/tbody>\n<\/table>\n<\/div>\n<p>(1) Bij 15 Baro en met voedingswaters van 105\u00b0C.<\/p>\n<p>(2) De totale afmetingen omvatten maten met gemonteerde brander en ketel appendages.<\/p>\n<p>&nbsp;<\/p><\/div>\n<p><!-- .vgblk-rw-wrapper --><\/p>\n","protected":false},"excerpt":{"rendered":"<p><strong>Stoomproductie van 10 000 kg\/h tot 34 000 kg\/h\/h<\/strong><br \/>\nPowerPack ketels hebben een drietreks ontwerp en bevatten een rookgas keerkamer met waterpijp. Deze unieke Babcock Wanson technologie biedt operationele flexibiliteit en daarmee onge\u00ebvenaarde effici\u00ebntie en betrouwbaarheid op lange termijn.<\/p>\n","protected":false},"featured_media":46303,"comment_status":"closed","ping_status":"closed","template":"","meta":{"_acf_changed":false,"_relevanssi_hide_post":"","_relevanssi_hide_content":"","_relevanssi_pin_for_all":"","_relevanssi_pin_keywords":"","_relevanssi_unpin_keywords":"","_relevanssi_related_keywords":"","_relevanssi_related_include_ids":"","_relevanssi_related_exclude_ids":"","_relevanssi_related_no_append":"","_relevanssi_related_not_related":"","_relevanssi_related_posts":"","_relevanssi_noindex_reason":""},"product_brand":[],"product_cat":[4672,4666],"product_tag":[],"class_list":{"0":"post-48147","1":"product","2":"type-product","3":"status-publish","4":"has-post-thumbnail","6":"product_cat-stoomketels","7":"product_cat-vlampijpstoomketels","9":"first","10":"instock","11":"shipping-taxable","12":"product-type-simple"},"acf":[],"yoast_head":"<!-- This site is optimized with the Yoast SEO Premium plugin v27.4 (Yoast SEO v27.4) - https:\/\/yoast.com\/product\/yoast-seo-premium-wordpress\/ -->\n<title>PowerPack - Babcock Wanson<\/title>\n<meta name=\"description\" content=\"PowerPack ketels hebben een drietreks ontwerp en bevatten een rookgas keerkamer met waterpijp.\" \/>\n<meta name=\"robots\" content=\"index, follow, max-snippet:-1, max-image-preview:large, max-video-preview:-1\" \/>\n<link rel=\"canonical\" href=\"https:\/\/www.babcock-wanson.com\/nl\/producten\/vlampijpstoomketels\/powerpack\/\" \/>\n<meta property=\"og:locale\" content=\"nl_NL\" \/>\n<meta property=\"og:type\" content=\"article\" \/>\n<meta property=\"og:title\" content=\"PowerPack\" \/>\n<meta property=\"og:description\" content=\"PowerPack ketels hebben een drietreks ontwerp en bevatten een rookgas keerkamer met waterpijp.\" \/>\n<meta property=\"og:url\" content=\"https:\/\/www.babcock-wanson.com\/nl\/producten\/vlampijpstoomketels\/powerpack\/\" \/>\n<meta property=\"og:site_name\" content=\"Babcock Wanson\" \/>\n<meta property=\"article:modified_time\" content=\"2024-05-24T13:25:35+00:00\" \/>\n<meta property=\"og:image\" content=\"https:\/\/www.babcock-wanson.com\/wp-content\/uploads\/2023\/10\/POWERPACK-1.jpg\" \/>\n\t<meta property=\"og:image:width\" content=\"800\" \/>\n\t<meta property=\"og:image:height\" content=\"600\" \/>\n\t<meta property=\"og:image:type\" content=\"image\/jpeg\" \/>\n<meta name=\"twitter:card\" content=\"summary_large_image\" \/>\n<meta name=\"twitter:label1\" content=\"Est. reading time\" \/>\n\t<meta name=\"twitter:data1\" content=\"4 minuten\" \/>\n<script type=\"application\/ld+json\" class=\"yoast-schema-graph\">{\"@context\":\"https:\\\/\\\/schema.org\",\"@graph\":[{\"@type\":\"WebPage\",\"@id\":\"https:\\\/\\\/www.babcock-wanson.com\\\/nl\\\/producten\\\/vlampijpstoomketels\\\/powerpack\\\/\",\"url\":\"https:\\\/\\\/www.babcock-wanson.com\\\/nl\\\/producten\\\/vlampijpstoomketels\\\/powerpack\\\/\",\"name\":\"PowerPack - Babcock Wanson\",\"isPartOf\":{\"@id\":\"https:\\\/\\\/www.babcock-wanson.com\\\/nl\\\/#website\"},\"primaryImageOfPage\":{\"@id\":\"https:\\\/\\\/www.babcock-wanson.com\\\/nl\\\/producten\\\/vlampijpstoomketels\\\/powerpack\\\/#primaryimage\"},\"image\":{\"@id\":\"https:\\\/\\\/www.babcock-wanson.com\\\/nl\\\/producten\\\/vlampijpstoomketels\\\/powerpack\\\/#primaryimage\"},\"thumbnailUrl\":\"https:\\\/\\\/www.babcock-wanson.com\\\/wp-content\\\/uploads\\\/2023\\\/10\\\/POWERPACK-1.jpg\",\"datePublished\":\"2024-04-28T21:54:01+00:00\",\"dateModified\":\"2024-05-24T13:25:35+00:00\",\"description\":\"PowerPack ketels hebben een drietreks ontwerp en bevatten een rookgas keerkamer met waterpijp.\",\"breadcrumb\":{\"@id\":\"https:\\\/\\\/www.babcock-wanson.com\\\/nl\\\/producten\\\/vlampijpstoomketels\\\/powerpack\\\/#breadcrumb\"},\"inLanguage\":\"nl-NL\",\"potentialAction\":[{\"@type\":\"ReadAction\",\"target\":[\"https:\\\/\\\/www.babcock-wanson.com\\\/nl\\\/producten\\\/vlampijpstoomketels\\\/powerpack\\\/\"]}]},{\"@type\":\"ImageObject\",\"inLanguage\":\"nl-NL\",\"@id\":\"https:\\\/\\\/www.babcock-wanson.com\\\/nl\\\/producten\\\/vlampijpstoomketels\\\/powerpack\\\/#primaryimage\",\"url\":\"https:\\\/\\\/www.babcock-wanson.com\\\/wp-content\\\/uploads\\\/2023\\\/10\\\/POWERPACK-1.jpg\",\"contentUrl\":\"https:\\\/\\\/www.babcock-wanson.com\\\/wp-content\\\/uploads\\\/2023\\\/10\\\/POWERPACK-1.jpg\",\"width\":800,\"height\":600,\"caption\":\"Chaudi\u00e8res \u00e0 tubes de fum\u00e9es\"},{\"@type\":\"BreadcrumbList\",\"@id\":\"https:\\\/\\\/www.babcock-wanson.com\\\/nl\\\/producten\\\/vlampijpstoomketels\\\/powerpack\\\/#breadcrumb\",\"itemListElement\":[{\"@type\":\"ListItem\",\"position\":1,\"name\":\"Inicio\",\"item\":\"https:\\\/\\\/www.babcock-wanson.com\\\/nl\\\/\"},{\"@type\":\"ListItem\",\"position\":2,\"name\":\"Producten\",\"item\":\"https:\\\/\\\/www.babcock-wanson.com\\\/nl\\\/shop\\\/\"},{\"@type\":\"ListItem\",\"position\":3,\"name\":\"Vlampijpstoomketels\",\"item\":\"https:\\\/\\\/www.babcock-wanson.com\\\/nl\\\/producten-categorie\u00ebn\\\/vlampijpstoomketels\\\/\"},{\"@type\":\"ListItem\",\"position\":4,\"name\":\"PowerPack\"}]},{\"@type\":\"WebSite\",\"@id\":\"https:\\\/\\\/www.babcock-wanson.com\\\/nl\\\/#website\",\"url\":\"https:\\\/\\\/www.babcock-wanson.com\\\/nl\\\/\",\"name\":\"Babcock Wanson\",\"description\":\"\",\"publisher\":{\"@id\":\"https:\\\/\\\/www.babcock-wanson.com\\\/nl\\\/#organization\"},\"potentialAction\":[{\"@type\":\"SearchAction\",\"target\":{\"@type\":\"EntryPoint\",\"urlTemplate\":\"https:\\\/\\\/www.babcock-wanson.com\\\/nl\\\/?s={search_term_string}\"},\"query-input\":{\"@type\":\"PropertyValueSpecification\",\"valueRequired\":true,\"valueName\":\"search_term_string\"}}],\"inLanguage\":\"nl-NL\"},{\"@type\":\"Organization\",\"@id\":\"https:\\\/\\\/www.babcock-wanson.com\\\/nl\\\/#organization\",\"name\":\"Babcock Wanson\",\"url\":\"https:\\\/\\\/www.babcock-wanson.com\\\/nl\\\/\",\"logo\":{\"@type\":\"ImageObject\",\"inLanguage\":\"nl-NL\",\"@id\":\"https:\\\/\\\/www.babcock-wanson.com\\\/nl\\\/#\\\/schema\\\/logo\\\/image\\\/\",\"url\":\"https:\\\/\\\/www.babcock-wanson.com\\\/wp-content\\\/uploads\\\/2024\\\/02\\\/Babcock-Wanson-1200x1200-1.png\",\"contentUrl\":\"https:\\\/\\\/www.babcock-wanson.com\\\/wp-content\\\/uploads\\\/2024\\\/02\\\/Babcock-Wanson-1200x1200-1.png\",\"width\":1200,\"height\":1200,\"caption\":\"Babcock Wanson\"},\"image\":{\"@id\":\"https:\\\/\\\/www.babcock-wanson.com\\\/nl\\\/#\\\/schema\\\/logo\\\/image\\\/\"},\"sameAs\":[\"https:\\\/\\\/www.linkedin.com\\\/company\\\/babcock-wanson\\\/\",\"https:\\\/\\\/www.youtube.com\\\/channel\\\/UCtxl25VieBBsP2kYmtlyv7A\"]}]}<\/script>\n<!-- \/ Yoast SEO Premium plugin. -->","yoast_head_json":{"title":"PowerPack - Babcock Wanson","description":"PowerPack ketels hebben een drietreks ontwerp en bevatten een rookgas keerkamer met waterpijp.","robots":{"index":"index","follow":"follow","max-snippet":"max-snippet:-1","max-image-preview":"max-image-preview:large","max-video-preview":"max-video-preview:-1"},"canonical":"https:\/\/www.babcock-wanson.com\/nl\/producten\/vlampijpstoomketels\/powerpack\/","og_locale":"nl_NL","og_type":"article","og_title":"PowerPack","og_description":"PowerPack ketels hebben een drietreks ontwerp en bevatten een rookgas keerkamer met waterpijp.","og_url":"https:\/\/www.babcock-wanson.com\/nl\/producten\/vlampijpstoomketels\/powerpack\/","og_site_name":"Babcock Wanson","article_modified_time":"2024-05-24T13:25:35+00:00","og_image":[{"width":800,"height":600,"url":"https:\/\/www.babcock-wanson.com\/wp-content\/uploads\/2023\/10\/POWERPACK-1.jpg","type":"image\/jpeg"}],"twitter_card":"summary_large_image","twitter_misc":{"Est. reading time":"4 minuten"},"schema":{"@context":"https:\/\/schema.org","@graph":[{"@type":"WebPage","@id":"https:\/\/www.babcock-wanson.com\/nl\/producten\/vlampijpstoomketels\/powerpack\/","url":"https:\/\/www.babcock-wanson.com\/nl\/producten\/vlampijpstoomketels\/powerpack\/","name":"PowerPack - Babcock Wanson","isPartOf":{"@id":"https:\/\/www.babcock-wanson.com\/nl\/#website"},"primaryImageOfPage":{"@id":"https:\/\/www.babcock-wanson.com\/nl\/producten\/vlampijpstoomketels\/powerpack\/#primaryimage"},"image":{"@id":"https:\/\/www.babcock-wanson.com\/nl\/producten\/vlampijpstoomketels\/powerpack\/#primaryimage"},"thumbnailUrl":"https:\/\/www.babcock-wanson.com\/wp-content\/uploads\/2023\/10\/POWERPACK-1.jpg","datePublished":"2024-04-28T21:54:01+00:00","dateModified":"2024-05-24T13:25:35+00:00","description":"PowerPack ketels hebben een drietreks ontwerp en bevatten een rookgas keerkamer met waterpijp.","breadcrumb":{"@id":"https:\/\/www.babcock-wanson.com\/nl\/producten\/vlampijpstoomketels\/powerpack\/#breadcrumb"},"inLanguage":"nl-NL","potentialAction":[{"@type":"ReadAction","target":["https:\/\/www.babcock-wanson.com\/nl\/producten\/vlampijpstoomketels\/powerpack\/"]}]},{"@type":"ImageObject","inLanguage":"nl-NL","@id":"https:\/\/www.babcock-wanson.com\/nl\/producten\/vlampijpstoomketels\/powerpack\/#primaryimage","url":"https:\/\/www.babcock-wanson.com\/wp-content\/uploads\/2023\/10\/POWERPACK-1.jpg","contentUrl":"https:\/\/www.babcock-wanson.com\/wp-content\/uploads\/2023\/10\/POWERPACK-1.jpg","width":800,"height":600,"caption":"Chaudi\u00e8res \u00e0 tubes de fum\u00e9es"},{"@type":"BreadcrumbList","@id":"https:\/\/www.babcock-wanson.com\/nl\/producten\/vlampijpstoomketels\/powerpack\/#breadcrumb","itemListElement":[{"@type":"ListItem","position":1,"name":"Inicio","item":"https:\/\/www.babcock-wanson.com\/nl\/"},{"@type":"ListItem","position":2,"name":"Producten","item":"https:\/\/www.babcock-wanson.com\/nl\/shop\/"},{"@type":"ListItem","position":3,"name":"Vlampijpstoomketels","item":"https:\/\/www.babcock-wanson.com\/nl\/producten-categorie\u00ebn\/vlampijpstoomketels\/"},{"@type":"ListItem","position":4,"name":"PowerPack"}]},{"@type":"WebSite","@id":"https:\/\/www.babcock-wanson.com\/nl\/#website","url":"https:\/\/www.babcock-wanson.com\/nl\/","name":"Babcock Wanson","description":"","publisher":{"@id":"https:\/\/www.babcock-wanson.com\/nl\/#organization"},"potentialAction":[{"@type":"SearchAction","target":{"@type":"EntryPoint","urlTemplate":"https:\/\/www.babcock-wanson.com\/nl\/?s={search_term_string}"},"query-input":{"@type":"PropertyValueSpecification","valueRequired":true,"valueName":"search_term_string"}}],"inLanguage":"nl-NL"},{"@type":"Organization","@id":"https:\/\/www.babcock-wanson.com\/nl\/#organization","name":"Babcock Wanson","url":"https:\/\/www.babcock-wanson.com\/nl\/","logo":{"@type":"ImageObject","inLanguage":"nl-NL","@id":"https:\/\/www.babcock-wanson.com\/nl\/#\/schema\/logo\/image\/","url":"https:\/\/www.babcock-wanson.com\/wp-content\/uploads\/2024\/02\/Babcock-Wanson-1200x1200-1.png","contentUrl":"https:\/\/www.babcock-wanson.com\/wp-content\/uploads\/2024\/02\/Babcock-Wanson-1200x1200-1.png","width":1200,"height":1200,"caption":"Babcock Wanson"},"image":{"@id":"https:\/\/www.babcock-wanson.com\/nl\/#\/schema\/logo\/image\/"},"sameAs":["https:\/\/www.linkedin.com\/company\/babcock-wanson\/","https:\/\/www.youtube.com\/channel\/UCtxl25VieBBsP2kYmtlyv7A"]}]}},"jetpack_sharing_enabled":true,"_links":{"self":[{"href":"https:\/\/www.babcock-wanson.com\/nl\/wp-json\/wp\/v2\/product\/48147","targetHints":{"allow":["GET"]}}],"collection":[{"href":"https:\/\/www.babcock-wanson.com\/nl\/wp-json\/wp\/v2\/product"}],"about":[{"href":"https:\/\/www.babcock-wanson.com\/nl\/wp-json\/wp\/v2\/types\/product"}],"replies":[{"embeddable":true,"href":"https:\/\/www.babcock-wanson.com\/nl\/wp-json\/wp\/v2\/comments?post=48147"}],"wp:featuredmedia":[{"embeddable":true,"href":"https:\/\/www.babcock-wanson.com\/nl\/wp-json\/wp\/v2\/media\/46303"}],"wp:attachment":[{"href":"https:\/\/www.babcock-wanson.com\/nl\/wp-json\/wp\/v2\/media?parent=48147"}],"wp:term":[{"taxonomy":"product_brand","embeddable":true,"href":"https:\/\/www.babcock-wanson.com\/nl\/wp-json\/wp\/v2\/product_brand?post=48147"},{"taxonomy":"product_cat","embeddable":true,"href":"https:\/\/www.babcock-wanson.com\/nl\/wp-json\/wp\/v2\/product_cat?post=48147"},{"taxonomy":"product_tag","embeddable":true,"href":"https:\/\/www.babcock-wanson.com\/nl\/wp-json\/wp\/v2\/product_tag?post=48147"}],"curies":[{"name":"wp","href":"https:\/\/api.w.org\/{rel}","templated":true}]}}