{"id":34785,"date":"2020-10-22T16:13:53","date_gmt":"2020-10-22T15:13:53","guid":{"rendered":"https:\/\/www.babcock-wanson.com\/profil-firmy\/zrownowazony-rozwoj\/"},"modified":"2023-11-28T15:21:23","modified_gmt":"2023-11-28T15:21:23","slug":"zrownowazony-rozwoj","status":"publish","type":"page","link":"https:\/\/www.babcock-wanson.com\/pl\/profil-firmy\/zrownowazony-rozwoj\/","title":{"rendered":"Zr\u00f3wnowa\u017cony Rozw\u00f3j"},"content":{"rendered":"<div class=\"vgblk-rw-wrapper limit-wrapper\">\n<h2>\n\tFirma Babcock Wanson w pe\u0142ni anga\u017cuje si\u0119 we w\u0142\u0105czenie koncepcji zr\u00f3wnowa\u017conego rozwoju do swojej og\u00f3lnej strategii biznesowej. Naszym celem jest pomaganie klientom w osi\u0105gni\u0119ciu za\u0142o\u017conych cel\u00f3w \u015brodowiskowych.\n\t<\/h2>\n<h3>\n\tWp\u0142yw na \u015brodowisko\n\t<\/h3>\n\t<p>Nasze przyjazne \u015brodowisku produkty istotnie pomagaj\u0105 naszym klientom w\u00a0ograniczeniu ich wp\u0142ywu na \u015brodowisko naturalne.<\/p>\n<h3>\n\tEfektywno\u015b\u0107 energetyczna\n\t<\/h3>\n\t<p>Oferujemy wiele mo\u017cliwo\u015bci optymalizacji i\u00a0zamierzamy wsp\u00f3\u0142pracowa\u0107 z\u00a0naszymi klientami przemys\u0142owymi, aby wykaza\u0107 potencjalne oszcz\u0119dno\u015bci.<\/p>\n<h3>\n\tZgodno\u015b\u0107 z przepisami\n\t<\/h3>\n\t<p>Kot\u0142y firmy Babcock Wanson s\u0105 zgodne z\u00a0obowi\u0105zuj\u0105cymi przepisami dotycz\u0105cymi wydajno\u015bci, a\u00a0cz\u0119sto nawet je przewy\u017cszaj\u0105.<\/p>\n<h3>\n\tGospodarka obiegowa\n\t<\/h3>\n\t<p>Naszym celem jest wsp\u00f3\u0142praca z\u00a0lokalnymi dostawcami towar\u00f3w i\u00a0us\u0142ug &#8211; wsz\u0119dzie tam, gdzie to mo\u017cliwe &#8211; ukierunkowana na zmniejszenie odleg\u0142o\u015bci transportu materia\u0142\u00f3w.<\/p>\n<h2>\n\tEfektywno\u015b\u0107 energetyczna\n\t<\/h2>\n\t<p>Jednym z\u00a0kluczowych czynnik\u00f3w pozwalaj\u0105cych osi\u0105gn\u0105\u0107 bardzo wysoki poziom efektywno\u015bci energetycznej systemu jest zdolno\u015b\u0107 produkt\u00f3w Babcock Wanson do pracy w\u00a0wysokiej temperaturze w\u00a0prostej, mo\u017cliwie najbardziej pe\u0142nej, zamkni\u0119tej p\u0119tli energetycznej. Takie podej\u015bcie pozwala optymalizowa\u0107 transfer energii i\u00a0osi\u0105gn\u0105\u0107 sprawno\u015b\u0107 do 97% (w\u00a0zale\u017cno\u015bci od produktu i\u00a0warunk\u00f3w roboczych) w\u00a0ca\u0142ym zakresie pracy kot\u0142a.<\/p>\n<p>Firma Babcock Wanson oferuje wiele opcji optymalizacji i\u00a0zamierza wsp\u00f3\u0142pracowa\u0107 z\u00a0klientami przemys\u0142owymi, aby dostarczy\u0107 potencjalne oszcz\u0119dno\u015bci i\u00a0wskaza\u0107 rozwi\u0105zania najlepiej pasuj\u0105ce do konkretnych zastosowa\u0144.<\/p>\n\t\t\t\t\t\t\t99%\t\t\t\t\n\t\t\t<style>\n\t\t\t\t.fl-node- .fl-number-bars-container {\n\t\t\t\t\tbackground-color: var( --vamtam-accent-color-7 );\n\t\t\t\t}\n\t\t\t\t.fl-node- .fl-number-bar {\n\t\t\t\t\tbackground-color: var( --vamtam-accent-color-1 );\n\t\t\t\t}\n\t\t\t<\/style>\n\t<p>Typowa wydajno\u015b\u0107 nowych kot\u0142\u00f3w elektrycznych<\/p>\n\t\t\t\t\t\t\t95%\t\t\t\t\n\t\t\t<style>\n\t\t\t\t.fl-node- .fl-number-bars-container {\n\t\t\t\t\tbackground-color: var( --vamtam-accent-color-7 );\n\t\t\t\t}\n\t\t\t\t.fl-node- .fl-number-bar {\n\t\t\t\t\tbackground-color: var( --vamtam-accent-color-1 );\n\t\t\t\t}\n\t\t\t<\/style>\n\t<p>Typowa wydajno\u015b\u0107 nowych kot\u0142\u00f3w gazowych<\/p>\n\t\t\t\t\t\t\t75%\t\t\t\t\n\t\t\t<style>\n\t\t\t\t.fl-node- .fl-number-bars-container {\n\t\t\t\t\tbackground-color: var( --vamtam-accent-color-7 );\n\t\t\t\t}\n\t\t\t\t.fl-node- .fl-number-bar {\n\t\t\t\t\tbackground-color: var( --vamtam-accent-color-1 );\n\t\t\t\t}\n\t\t\t<\/style>\n\t<p>Typowy wzrost szybko\u015bci odsalania przy odwr\u00f3conej osmozie<\/p>\n\t\t\t\t\t\t\t<img loading=\"lazy\" decoding=\"async\" src=\"https:\/\/www.babcock-wanson.com\/wp-content\/uploads\/2019\/02\/boiler-management-training-1.jpg\" alt=\"szkolenie w zakresie zarz\u0105dzania kot\u0142ami\" itemprop=\"image\" height=\"400\" width=\"600\" title=\"szkolenie w zakresie zarz\u0105dzania kot\u0142ami-1\" onerror=\"this.style.display='none'\"  sizes=\"auto, (max-width: 768px) 100vw, 100vw\" srcset=\"https:\/\/www.babcock-wanson.com\/wp-content\/uploads\/2019\/02\/boiler-management-training-1.jpg 600w, https:\/\/www.babcock-wanson.com\/wp-content\/uploads\/2019\/02\/boiler-management-training-1-300x200.jpg 300w, https:\/\/www.babcock-wanson.com\/wp-content\/uploads\/2019\/02\/boiler-management-training-1-420x280.jpg 420w, https:\/\/www.babcock-wanson.com\/wp-content\/uploads\/2019\/02\/boiler-management-training-1-315x210.jpg 315w\" \/>\t\t\t\t\t\t\t\n<h2>\n\t\tZgodno\u015b\u0107 i przepisy\n\t<\/h2>\n\t<p>Kot\u0142y firmy Babcock Wanson s\u0105 zgodne z\u00a0obowi\u0105zuj\u0105cymi przepisami dotycz\u0105cymi wydajno\u015bci, a\u00a0cz\u0119sto nawet je przewy\u017cszaj\u0105.<\/p>\n<p>Firma Babcock Wanson wsp\u00f3\u0142pracuje r\u00f3wnie\u017c z\u00a0organizacj\u0105 Carbon Trust w\u00a0celu optymalizacji zu\u017cycia energii za pomoc\u0105 wysokiej jako\u015bci system\u00f3w grzewczych na olej termiczny.\u00a0 Carbon Trust to mi\u0119dzynarodowy, niezale\u017cny partner ekspercki czo\u0142owych organizacji, kt\u00f3ry pomaga im budowa\u0107 bardziej zr\u00f3wnowa\u017con\u0105 przysz\u0142o\u015b\u0107 poprzez redukcj\u0119 emisji dwutlenku w\u0119gla, strategie efektywnego gospodarowania zasobami i\u00a0komercjalizacj\u0119 technologii niskoemisyjnych.<\/p>\n<p>DEMOXYA to projekt firmy Babcock Wanson, kt\u00f3ry otrzyma\u0142 dofinansowanie od ADEME, francuskiej Agencji Zarz\u0105dzania \u015arodowiskiem i\u00a0Energi\u0105, w\u00a0ramach zaproszenia do sk\u0142adania projekt\u00f3w wspieraj\u0105cych programy badawczo-rozwojowe ukierunkowane na popraw\u0119 jako\u015bci powietrza &#8211; zar\u00f3wno w\u00a0pomieszczeniach, jak i\u00a0na zewn\u0105trz. Nazwa projektu to akronim od \u201eD\u00e9veloppement et d\u00e9monstration de br\u00fbleurs a\u00a0tr\u00e8s faibles \u00e9missions d&#8217;oxydes d&#8217;azote&#8221; (Opracowanie i\u00a0wdro\u017cenie palnik\u00f3w o\u00a0bardzo niskiej emisji tlenk\u00f3w azotu).<\/p>\n<h2>\n\t\tEfektywno\u015b\u0107 kosztowa i czasowa\n\t<\/h2>\n\t<p>Aby pom\u00f3c w\u00a0okre\u015bleniu redukcji koszt\u00f3w i\u00a0potencjalnych usprawnie\u0144 w\u00a0dzia\u0142aniu kot\u0142owni, firma Babcock Wanson opracowa\u0142a narz\u0119dzie do analizy kot\u0142owni, kt\u00f3re mo\u017ce ilo\u015bciowo zidentyfikowa\u0107 potencjalne oszcz\u0119dno\u015bci paliwa przed rozpocz\u0119ciem inwestycji. Narz\u0119dzie to uwzgl\u0119dnia wszystkie parametry pracy kot\u0142owni &#8211; od uzdatniania wody po doprowadzenie paliwa i\u00a0emisj\u0119 spalin.<\/p>\n<p>Wszystkie produkty firmy Babcock Wanson zaprojektowano z\u00a0my\u015bl\u0105 o\u00a0\u0142atwej obs\u0142udze, a\u00a0nasi klienci korzystaj\u0105 ze zwi\u0105zanej z\u00a0tym mo\u017cliwo\u015bci kontroli koszt\u00f3w.<\/p>\n\t\t\t\t\t\t\t<img loading=\"lazy\" decoding=\"async\" src=\"https:\/\/www.babcock-wanson.com\/wp-content\/uploads\/2019\/02\/industrial-boiler-after-sales-service-2.jpg\" alt=\"szkolenie w zakresie zarz\u0105dzania kot\u0142ami\" itemprop=\"image\" height=\"400\" width=\"600\" title=\"szkolenie w zakresie zarz\u0105dzania kot\u0142ami-2\" onerror=\"this.style.display='none'\"  sizes=\"auto, (max-width: 768px) 100vw, 100vw\" srcset=\"https:\/\/www.babcock-wanson.com\/wp-content\/uploads\/2019\/02\/industrial-boiler-after-sales-service-2.jpg 600w, https:\/\/www.babcock-wanson.com\/wp-content\/uploads\/2019\/02\/industrial-boiler-after-sales-service-2-300x200.jpg 300w, https:\/\/www.babcock-wanson.com\/wp-content\/uploads\/2019\/02\/industrial-boiler-after-sales-service-2-420x280.jpg 420w, https:\/\/www.babcock-wanson.com\/wp-content\/uploads\/2019\/02\/industrial-boiler-after-sales-service-2-315x210.jpg 315w\" \/>\t\t\t\t\t\t\t\n\t\t\t\t\t\t\t<img loading=\"lazy\" decoding=\"async\" src=\"https:\/\/www.babcock-wanson.com\/wp-content\/uploads\/2018\/09\/Regenerative-Oxidisers-4.jpg\" alt=\"Dopalacze regeneracyjne\" itemprop=\"image\" height=\"400\" width=\"600\" title=\"Dopalacze regeneracyjne (4)\" onerror=\"this.style.display='none'\"  sizes=\"auto, (max-width: 768px) 100vw, 100vw\" srcset=\"https:\/\/www.babcock-wanson.com\/wp-content\/uploads\/2018\/09\/Regenerative-Oxidisers-4.jpg 600w, https:\/\/www.babcock-wanson.com\/wp-content\/uploads\/2018\/09\/Regenerative-Oxidisers-4-300x200.jpg 300w, https:\/\/www.babcock-wanson.com\/wp-content\/uploads\/2018\/09\/Regenerative-Oxidisers-4-420x280.jpg 420w, https:\/\/www.babcock-wanson.com\/wp-content\/uploads\/2018\/09\/Regenerative-Oxidisers-4-315x210.jpg 315w\" \/>\t\t\t\t\t\t\t\n<h2>\n\t\tRedukcja NOx i emisji\n\t<\/h2>\n\t<p>Efektywno\u015b\u0107 energetyczna nie jest jedyn\u0105 korzy\u015bci\u0105 oferowan\u0105 przez produkty Babcock Wanson. Nasze przyjazne \u015brodowisku produkty istotnie pomagaj\u0105 klientom w\u00a0ograniczeniu niekorzystnego wp\u0142ywu na \u015brodowisko naturalne.<\/p>\n<p>Istotny wp\u0142yw na zdrowie i\u00a0\u015brodowisko maj\u0105 tlenki azotu, w\u00a0skr\u00f3cie NOx. Generowane w\u00a0obiektach spalania energetycznego emisje NOx przyczyniaj\u0105 si\u0119 do zakwaszenia \u015brodowiska naturalnego, zanieczyszczenia fotochemicznego (smog) oraz do eutrofizacji (degradacja \u015brodowiska wodnego wskutek nadmiernego wzrostu ro\u015blin).<\/p>\n<p>Zesp\u00f3\u0142 in\u017cynier\u00f3w ds. spalania z\u00a0firmy Babcock Wanson redukuje emisj\u0119 NOx wynikaj\u0105c\u0105 ze spalania oraz poprawia efektywno\u015b\u0107 energetyczn\u0105 poprzez zwi\u0119kszenie zakresu modulacji naszych palnik\u00f3w. Im bardziej moc palnika odpowiada zapotrzebowaniu procesu, tym mniejsze straty i\u00a0tym wi\u0119ksza sprawno\u015b\u0107 procesu.<\/p>\n<p>Konsekwencj\u0105 dostarczania rozwi\u0105za\u0144 o\u00a0wysokiej sprawno\u015bci jest tak\u017ce redukcja emisji CO2.<\/p>\n<h2>\n\t\tGospodarka obiegowa\n\t<\/h2>\n\t<p>Celem firmy Babcock Wanson jest wsp\u00f3\u0142praca z\u00a0lokalnymi dostawcami towar\u00f3w i\u00a0us\u0142ug &#8211; wsz\u0119dzie tam, gdzie to mo\u017cliwe.<\/p>\n<p>Naszym celem jest r\u00f3wnie\u017c zmniejszenie odleg\u0142o\u015bci transportu wszystkich materia\u0142\u00f3w dostarczanych do naszych zak\u0142ad\u00f3w produkcyjnych.<\/p>\n<p>Realizuj\u0105c te cele, firma Babcock Wanson intensywnie troszczy si\u0119 o\u00a0\u015brodowisko naturalne.\u00a0 Naszym celem jest promowanie gospodarki obiegowej, kt\u00f3ra zmniejsza wp\u0142yw na \u015brodowisko zwi\u0105zany z\u00a0cyklem \u017cycia i\u00a0wytwarzaniem wszystkich naszych produkt\u00f3w.<\/p>\n\t\t\t\t\t\t\t<img loading=\"lazy\" decoding=\"async\" src=\"https:\/\/www.babcock-wanson.com\/wp-content\/uploads\/2018\/08\/HTV-Indirect-Process-Air-Heaters-4.jpg\" alt=\"Po\u015brednia nagrzewnica powietrza procesowego HTV-N\" itemprop=\"image\" height=\"400\" width=\"600\" title=\"Po\u015brednia nagrzewnica powietrza procesowego HTV-N (4)\" onerror=\"this.style.display='none'\"  sizes=\"auto, (max-width: 768px) 100vw, 100vw\" srcset=\"https:\/\/www.babcock-wanson.com\/wp-content\/uploads\/2018\/08\/HTV-Indirect-Process-Air-Heaters-4.jpg 600w, https:\/\/www.babcock-wanson.com\/wp-content\/uploads\/2018\/08\/HTV-Indirect-Process-Air-Heaters-4-300x200.jpg 300w, https:\/\/www.babcock-wanson.com\/wp-content\/uploads\/2018\/08\/HTV-Indirect-Process-Air-Heaters-4-420x280.jpg 420w, https:\/\/www.babcock-wanson.com\/wp-content\/uploads\/2018\/08\/HTV-Indirect-Process-Air-Heaters-4-315x210.jpg 315w\" \/>\t\t\t\t\t\t\t\n<h3>\n\tWi\u0119ksza czysto\u015b\u0107 i ekologiczno\u015b\u0107\n\t<\/h3>\n\t<p>Dzi\u0119ki lepszej \u015bwiadomo\u015bci problemu i\u00a0udoskonaleniom technologicznym poprawiamy spos\u00f3b dzia\u0142ania i\u00a0minimalizujemy wp\u0142yw na \u015brodowisko w\u00a0spos\u00f3b bardziej inteligentny i\u00a0wymierny.<\/p>\n\t<a href=\"https:\/\/www.babcock-wanson.com\/pl\/kontakt\/\" target=\"_self\" role=\"button\" rel=\"noopener\">\n\t\t\t\t\tZapytaj o\u00a0wi\u0119cej\n\t<\/a>\n<h3>\n\tBardziej inteligentne inicjatywy ekologiczne\n\t<\/h3>\n\t<p>Program Smarter Green to odpowied\u017a na kluczowy wp\u0142yw naszej dzia\u0142alno\u015bci na \u015brodowisko, obejmuj\u0105cy tak\u017ce oddzia\u0142ywanie zmian klimatycznych na nasz\u0105 dzia\u0142alno\u015b\u0107 i\u00a0poziom zu\u017cycia energii.<\/p>\n\t<a href=\"https:\/\/www.babcock-wanson.com\/pl\/kontakt\/\" target=\"_self\" role=\"button\" rel=\"noopener\">\n\t\t\t\t\tZapytaj o\u00a0wi\u0119cej\n\t<\/a>\n\n<\/div><!-- .vgblk-rw-wrapper -->","protected":false},"excerpt":{"rendered":"<p>Firma Babcock Wanson w pe\u0142ni anga\u017cuje si\u0119 we w\u0142\u0105czenie koncepcji zr\u00f3wnowa\u017conego rozwoju do swojej og\u00f3lnej strategii biznesowej. Naszym celem jest pomaganie klientom w osi\u0105gni\u0119ciu za\u0142o\u017conych cel\u00f3w \u015brodowiskowych. Wp\u0142yw na \u015brodowisko Nasze przyjazne \u015brodowisku produkty istotnie pomagaj\u0105 naszym klientom w\u00a0ograniczeniu ich wp\u0142ywu na \u015brodowisko naturalne. Efektywno\u015b\u0107 energetyczna Oferujemy wiele mo\u017cliwo\u015bci optymalizacji i\u00a0zamierzamy wsp\u00f3\u0142pracowa\u0107 z\u00a0naszymi klientami przemys\u0142owymi,&#8230;<\/p>\n","protected":false},"author":1,"featured_media":0,"parent":34760,"menu_order":0,"comment_status":"closed","ping_status":"closed","template":"","meta":{"_acf_changed":false,"_relevanssi_hide_post":"","_relevanssi_hide_content":"","_relevanssi_pin_for_all":"","_relevanssi_pin_keywords":"","_relevanssi_unpin_keywords":"","_relevanssi_related_keywords":"","_relevanssi_related_include_ids":"","_relevanssi_related_exclude_ids":"","_relevanssi_related_no_append":"","_relevanssi_related_not_related":"","_relevanssi_related_posts":"","_relevanssi_noindex_reason":"","footnotes":""},"class_list":["post-34785","page","type-page","status-publish","hentry"],"acf":[],"yoast_head":"<!-- This site is optimized with the Yoast SEO Premium plugin v27.4 (Yoast SEO v27.4) - https:\/\/yoast.com\/product\/yoast-seo-premium-wordpress\/ -->\n<title>Zr\u00f3wnowa\u017cony Rozw\u00f3j - Babcock Wanson<\/title>\n<meta name=\"description\" content=\"Babcock Wanson jest w pe\u0142ni zaanga\u017cowany we w\u0142\u0105czenie zr\u00f3wnowa\u017conego rozwoju do naszej og\u00f3lnej strategii biznesowej. Kliknij tutaj, aby dowiedzie\u0107 si\u0119 wi\u0119cej o tym, jak\" \/>\n<meta name=\"robots\" content=\"index, follow, max-snippet:-1, max-image-preview:large, max-video-preview:-1\" \/>\n<link rel=\"canonical\" href=\"https:\/\/www.babcock-wanson.com\/pl\/profil-firmy\/zrownowazony-rozwoj\/\" \/>\n<meta property=\"og:locale\" content=\"pl_PL\" \/>\n<meta property=\"og:type\" content=\"article\" \/>\n<meta property=\"og:title\" content=\"Zr\u00f3wnowa\u017cony Rozw\u00f3j\" \/>\n<meta property=\"og:description\" content=\"Babcock Wanson jest w pe\u0142ni zaanga\u017cowany we w\u0142\u0105czenie zr\u00f3wnowa\u017conego rozwoju do naszej og\u00f3lnej strategii biznesowej. Kliknij tutaj, aby dowiedzie\u0107 si\u0119 wi\u0119cej o tym, jak\" \/>\n<meta property=\"og:url\" content=\"https:\/\/www.babcock-wanson.com\/pl\/profil-firmy\/zrownowazony-rozwoj\/\" \/>\n<meta property=\"og:site_name\" content=\"Babcock Wanson\" \/>\n<meta property=\"article:modified_time\" content=\"2023-11-28T15:21:23+00:00\" \/>\n<meta property=\"og:image\" content=\"https:\/\/www.babcock-wanson.com\/wp-content\/uploads\/2019\/02\/boiler-management-training-1.jpg\" \/>\n<meta name=\"twitter:card\" content=\"summary_large_image\" \/>\n<meta name=\"twitter:label1\" content=\"Est. reading time\" \/>\n\t<meta name=\"twitter:data1\" content=\"4 minuty\" \/>\n<script type=\"application\/ld+json\" class=\"yoast-schema-graph\">{\"@context\":\"https:\\\/\\\/schema.org\",\"@graph\":[{\"@type\":\"WebPage\",\"@id\":\"https:\\\/\\\/www.babcock-wanson.com\\\/pl\\\/profil-firmy\\\/zrownowazony-rozwoj\\\/\",\"url\":\"https:\\\/\\\/www.babcock-wanson.com\\\/pl\\\/profil-firmy\\\/zrownowazony-rozwoj\\\/\",\"name\":\"Zr\u00f3wnowa\u017cony Rozw\u00f3j - Babcock Wanson\",\"isPartOf\":{\"@id\":\"https:\\\/\\\/www.babcock-wanson.com\\\/pl\\\/#website\"},\"primaryImageOfPage\":{\"@id\":\"https:\\\/\\\/www.babcock-wanson.com\\\/pl\\\/profil-firmy\\\/zrownowazony-rozwoj\\\/#primaryimage\"},\"image\":{\"@id\":\"https:\\\/\\\/www.babcock-wanson.com\\\/pl\\\/profil-firmy\\\/zrownowazony-rozwoj\\\/#primaryimage\"},\"thumbnailUrl\":\"https:\\\/\\\/www.babcock-wanson.com\\\/wp-content\\\/uploads\\\/2019\\\/02\\\/boiler-management-training-1.jpg\",\"datePublished\":\"2020-10-22T15:13:53+00:00\",\"dateModified\":\"2023-11-28T15:21:23+00:00\",\"description\":\"Babcock Wanson jest w pe\u0142ni zaanga\u017cowany we w\u0142\u0105czenie zr\u00f3wnowa\u017conego rozwoju do naszej og\u00f3lnej strategii biznesowej. Kliknij tutaj, aby dowiedzie\u0107 si\u0119 wi\u0119cej o tym, jak\",\"breadcrumb\":{\"@id\":\"https:\\\/\\\/www.babcock-wanson.com\\\/pl\\\/profil-firmy\\\/zrownowazony-rozwoj\\\/#breadcrumb\"},\"inLanguage\":\"pl-PL\",\"potentialAction\":[{\"@type\":\"ReadAction\",\"target\":[\"https:\\\/\\\/www.babcock-wanson.com\\\/pl\\\/profil-firmy\\\/zrownowazony-rozwoj\\\/\"]}]},{\"@type\":\"ImageObject\",\"inLanguage\":\"pl-PL\",\"@id\":\"https:\\\/\\\/www.babcock-wanson.com\\\/pl\\\/profil-firmy\\\/zrownowazony-rozwoj\\\/#primaryimage\",\"url\":\"https:\\\/\\\/www.babcock-wanson.com\\\/wp-content\\\/uploads\\\/2019\\\/02\\\/boiler-management-training-1.jpg\",\"contentUrl\":\"https:\\\/\\\/www.babcock-wanson.com\\\/wp-content\\\/uploads\\\/2019\\\/02\\\/boiler-management-training-1.jpg\"},{\"@type\":\"BreadcrumbList\",\"@id\":\"https:\\\/\\\/www.babcock-wanson.com\\\/pl\\\/profil-firmy\\\/zrownowazony-rozwoj\\\/#breadcrumb\",\"itemListElement\":[{\"@type\":\"ListItem\",\"position\":1,\"name\":\"Strona g\u0142\u00f3wna\",\"item\":\"https:\\\/\\\/www.babcock-wanson.com\\\/pl\\\/\"},{\"@type\":\"ListItem\",\"position\":2,\"name\":\"Profil Firmy\",\"item\":\"https:\\\/\\\/www.babcock-wanson.com\\\/pl\\\/profil-firmy\\\/\"},{\"@type\":\"ListItem\",\"position\":3,\"name\":\"Zr\u00f3wnowa\u017cony Rozw\u00f3j\"}]},{\"@type\":\"WebSite\",\"@id\":\"https:\\\/\\\/www.babcock-wanson.com\\\/pl\\\/#website\",\"url\":\"https:\\\/\\\/www.babcock-wanson.com\\\/pl\\\/\",\"name\":\"Babcock Wanson\",\"description\":\"\",\"publisher\":{\"@id\":\"https:\\\/\\\/www.babcock-wanson.com\\\/pl\\\/#organization\"},\"potentialAction\":[{\"@type\":\"SearchAction\",\"target\":{\"@type\":\"EntryPoint\",\"urlTemplate\":\"https:\\\/\\\/www.babcock-wanson.com\\\/pl\\\/?s={search_term_string}\"},\"query-input\":{\"@type\":\"PropertyValueSpecification\",\"valueRequired\":true,\"valueName\":\"search_term_string\"}}],\"inLanguage\":\"pl-PL\"},{\"@type\":\"Organization\",\"@id\":\"https:\\\/\\\/www.babcock-wanson.com\\\/pl\\\/#organization\",\"name\":\"Babcock Wanson\",\"url\":\"https:\\\/\\\/www.babcock-wanson.com\\\/pl\\\/\",\"logo\":{\"@type\":\"ImageObject\",\"inLanguage\":\"pl-PL\",\"@id\":\"https:\\\/\\\/www.babcock-wanson.com\\\/pl\\\/#\\\/schema\\\/logo\\\/image\\\/\",\"url\":\"https:\\\/\\\/www.babcock-wanson.com\\\/wp-content\\\/uploads\\\/2024\\\/02\\\/Babcock-Wanson-1200x1200-1.png\",\"contentUrl\":\"https:\\\/\\\/www.babcock-wanson.com\\\/wp-content\\\/uploads\\\/2024\\\/02\\\/Babcock-Wanson-1200x1200-1.png\",\"width\":1200,\"height\":1200,\"caption\":\"Babcock Wanson\"},\"image\":{\"@id\":\"https:\\\/\\\/www.babcock-wanson.com\\\/pl\\\/#\\\/schema\\\/logo\\\/image\\\/\"},\"sameAs\":[\"https:\\\/\\\/www.linkedin.com\\\/company\\\/babcock-wanson\\\/\",\"https:\\\/\\\/www.youtube.com\\\/channel\\\/UCtxl25VieBBsP2kYmtlyv7A\"]}]}<\/script>\n<!-- \/ Yoast SEO Premium plugin. -->","yoast_head_json":{"title":"Zr\u00f3wnowa\u017cony Rozw\u00f3j - Babcock Wanson","description":"Babcock Wanson jest w pe\u0142ni zaanga\u017cowany we w\u0142\u0105czenie zr\u00f3wnowa\u017conego rozwoju do naszej og\u00f3lnej strategii biznesowej. Kliknij tutaj, aby dowiedzie\u0107 si\u0119 wi\u0119cej o tym, jak","robots":{"index":"index","follow":"follow","max-snippet":"max-snippet:-1","max-image-preview":"max-image-preview:large","max-video-preview":"max-video-preview:-1"},"canonical":"https:\/\/www.babcock-wanson.com\/pl\/profil-firmy\/zrownowazony-rozwoj\/","og_locale":"pl_PL","og_type":"article","og_title":"Zr\u00f3wnowa\u017cony Rozw\u00f3j","og_description":"Babcock Wanson jest w pe\u0142ni zaanga\u017cowany we w\u0142\u0105czenie zr\u00f3wnowa\u017conego rozwoju do naszej og\u00f3lnej strategii biznesowej. Kliknij tutaj, aby dowiedzie\u0107 si\u0119 wi\u0119cej o tym, jak","og_url":"https:\/\/www.babcock-wanson.com\/pl\/profil-firmy\/zrownowazony-rozwoj\/","og_site_name":"Babcock Wanson","article_modified_time":"2023-11-28T15:21:23+00:00","og_image":[{"url":"https:\/\/www.babcock-wanson.com\/wp-content\/uploads\/2019\/02\/boiler-management-training-1.jpg","type":"","width":"","height":""}],"twitter_card":"summary_large_image","twitter_misc":{"Est. reading time":"4 minuty"},"schema":{"@context":"https:\/\/schema.org","@graph":[{"@type":"WebPage","@id":"https:\/\/www.babcock-wanson.com\/pl\/profil-firmy\/zrownowazony-rozwoj\/","url":"https:\/\/www.babcock-wanson.com\/pl\/profil-firmy\/zrownowazony-rozwoj\/","name":"Zr\u00f3wnowa\u017cony Rozw\u00f3j - Babcock Wanson","isPartOf":{"@id":"https:\/\/www.babcock-wanson.com\/pl\/#website"},"primaryImageOfPage":{"@id":"https:\/\/www.babcock-wanson.com\/pl\/profil-firmy\/zrownowazony-rozwoj\/#primaryimage"},"image":{"@id":"https:\/\/www.babcock-wanson.com\/pl\/profil-firmy\/zrownowazony-rozwoj\/#primaryimage"},"thumbnailUrl":"https:\/\/www.babcock-wanson.com\/wp-content\/uploads\/2019\/02\/boiler-management-training-1.jpg","datePublished":"2020-10-22T15:13:53+00:00","dateModified":"2023-11-28T15:21:23+00:00","description":"Babcock Wanson jest w pe\u0142ni zaanga\u017cowany we w\u0142\u0105czenie zr\u00f3wnowa\u017conego rozwoju do naszej og\u00f3lnej strategii biznesowej. Kliknij tutaj, aby dowiedzie\u0107 si\u0119 wi\u0119cej o tym, jak","breadcrumb":{"@id":"https:\/\/www.babcock-wanson.com\/pl\/profil-firmy\/zrownowazony-rozwoj\/#breadcrumb"},"inLanguage":"pl-PL","potentialAction":[{"@type":"ReadAction","target":["https:\/\/www.babcock-wanson.com\/pl\/profil-firmy\/zrownowazony-rozwoj\/"]}]},{"@type":"ImageObject","inLanguage":"pl-PL","@id":"https:\/\/www.babcock-wanson.com\/pl\/profil-firmy\/zrownowazony-rozwoj\/#primaryimage","url":"https:\/\/www.babcock-wanson.com\/wp-content\/uploads\/2019\/02\/boiler-management-training-1.jpg","contentUrl":"https:\/\/www.babcock-wanson.com\/wp-content\/uploads\/2019\/02\/boiler-management-training-1.jpg"},{"@type":"BreadcrumbList","@id":"https:\/\/www.babcock-wanson.com\/pl\/profil-firmy\/zrownowazony-rozwoj\/#breadcrumb","itemListElement":[{"@type":"ListItem","position":1,"name":"Strona g\u0142\u00f3wna","item":"https:\/\/www.babcock-wanson.com\/pl\/"},{"@type":"ListItem","position":2,"name":"Profil Firmy","item":"https:\/\/www.babcock-wanson.com\/pl\/profil-firmy\/"},{"@type":"ListItem","position":3,"name":"Zr\u00f3wnowa\u017cony Rozw\u00f3j"}]},{"@type":"WebSite","@id":"https:\/\/www.babcock-wanson.com\/pl\/#website","url":"https:\/\/www.babcock-wanson.com\/pl\/","name":"Babcock Wanson","description":"","publisher":{"@id":"https:\/\/www.babcock-wanson.com\/pl\/#organization"},"potentialAction":[{"@type":"SearchAction","target":{"@type":"EntryPoint","urlTemplate":"https:\/\/www.babcock-wanson.com\/pl\/?s={search_term_string}"},"query-input":{"@type":"PropertyValueSpecification","valueRequired":true,"valueName":"search_term_string"}}],"inLanguage":"pl-PL"},{"@type":"Organization","@id":"https:\/\/www.babcock-wanson.com\/pl\/#organization","name":"Babcock Wanson","url":"https:\/\/www.babcock-wanson.com\/pl\/","logo":{"@type":"ImageObject","inLanguage":"pl-PL","@id":"https:\/\/www.babcock-wanson.com\/pl\/#\/schema\/logo\/image\/","url":"https:\/\/www.babcock-wanson.com\/wp-content\/uploads\/2024\/02\/Babcock-Wanson-1200x1200-1.png","contentUrl":"https:\/\/www.babcock-wanson.com\/wp-content\/uploads\/2024\/02\/Babcock-Wanson-1200x1200-1.png","width":1200,"height":1200,"caption":"Babcock Wanson"},"image":{"@id":"https:\/\/www.babcock-wanson.com\/pl\/#\/schema\/logo\/image\/"},"sameAs":["https:\/\/www.linkedin.com\/company\/babcock-wanson\/","https:\/\/www.youtube.com\/channel\/UCtxl25VieBBsP2kYmtlyv7A"]}]}},"jetpack_sharing_enabled":true,"_links":{"self":[{"href":"https:\/\/www.babcock-wanson.com\/pl\/wp-json\/wp\/v2\/pages\/34785","targetHints":{"allow":["GET"]}}],"collection":[{"href":"https:\/\/www.babcock-wanson.com\/pl\/wp-json\/wp\/v2\/pages"}],"about":[{"href":"https:\/\/www.babcock-wanson.com\/pl\/wp-json\/wp\/v2\/types\/page"}],"author":[{"embeddable":true,"href":"https:\/\/www.babcock-wanson.com\/pl\/wp-json\/wp\/v2\/users\/1"}],"replies":[{"embeddable":true,"href":"https:\/\/www.babcock-wanson.com\/pl\/wp-json\/wp\/v2\/comments?post=34785"}],"version-history":[{"count":3,"href":"https:\/\/www.babcock-wanson.com\/pl\/wp-json\/wp\/v2\/pages\/34785\/revisions"}],"predecessor-version":[{"id":46728,"href":"https:\/\/www.babcock-wanson.com\/pl\/wp-json\/wp\/v2\/pages\/34785\/revisions\/46728"}],"up":[{"embeddable":true,"href":"https:\/\/www.babcock-wanson.com\/pl\/wp-json\/wp\/v2\/pages\/34760"}],"wp:attachment":[{"href":"https:\/\/www.babcock-wanson.com\/pl\/wp-json\/wp\/v2\/media?parent=34785"}],"curies":[{"name":"wp","href":"https:\/\/api.w.org\/{rel}","templated":true}]}}