{"id":34818,"date":"2020-10-23T14:54:36","date_gmt":"2020-10-23T13:54:36","guid":{"rendered":"https:\/\/www.babcock-wanson.com\/profil-firmy\/historia\/"},"modified":"2026-01-26T16:10:23","modified_gmt":"2026-01-26T16:10:23","slug":"historia","status":"publish","type":"page","link":"https:\/\/www.babcock-wanson.com\/pl\/profil-firmy\/historia\/","title":{"rendered":"Historia"},"content":{"rendered":"<div class=\"vgblk-rw-wrapper limit-wrapper\">\n<h2>\n\tHistoria firmy <strong>Babcock Wanson<\/strong> In The Making\n\t<\/h2>\n\t<p>W ci\u0105gu wielu lat produkcji firma Babcock Wanson zdoby\u0142a szerokie do\u015bwiadczenie dzi\u0119ki integracji sprawdzonych marek, takich jak Parent, Babcock, Bloctherm, Duquenne, Fluidothermus, Seum, Lardet, Goemine, Cobra, Vapor i Safmat.<\/p>\n<h2>\n\tPocz\u0105tki\n\t<\/h2>\n\t<strong>1898<\/strong> Za\u0142o\u017cenie francuskiej firmy konstrukcyjnej Babcock &amp;\u00a0Wilcox, utworzonej z\u00a0ameryka\u0144skiej firmy energetycznej.<br \/>\n<strong>1929<\/strong> L\u00e9on Wanson tworzy firm\u0119 Wanson Company (pierwotnie nazywan\u0105 C.M.T (Thermal Equipment Construction)).\n<h2>\n\tBudowanie na fundamentach\n\t<\/h2>\n\t<strong>1931<\/strong> L\u00e9on Wanson i\u00a0jego bliski przyjaciel, Alfred Parent, wybieraj\u0105 \u017cubra jako znak firmowy odzwierciedlaj\u0105cy rang\u0119 i\u00a0energi\u0119 firmy.<br \/>\n<strong>1951<\/strong> Alfred Parent tworzy Parent Company z\u00a0siedzib\u0105 w\u00a0N\u00e9rac (Lot-et-Garonne, Francja).\n<h2>\n\tOtwarcie plac\u00f3wki w Wielkiej Brytanii\n\t<\/h2>\n\t<strong>1956<\/strong> Za\u0142o\u017cenie sp\u00f3\u0142ki Wanson Company w\u00a0Wielkiej Brytanii, przemianowanej p\u00f3\u017aniej na Babcock Wanson UK.<br \/>\n<strong>1987<\/strong> Parent Company wchodzi do grupy Wanson Group.<br \/>\n<strong>1988<\/strong> Utworzenie Babcock Entreprise poprzez po\u0142\u0105czenie dzia\u0142u kot\u0142\u00f3w Babcock &amp;\u00a0Wilcox oraz firmy Lardet Babcock Company.\n<h2>\n\tEra CNIM Group\n\t<\/h2>\n\t<strong>1989 <\/strong>Babcock Entreprise staje si\u0119 sp\u00f3\u0142k\u0105 zale\u017cn\u0105 nale\u017c\u0105c\u0105 w\u00a0100% do CNIM Group.<br \/>\n<strong>1990<\/strong> Przej\u0119cie Wanson przez CNIM i\u00a0utworzenie firmy Babcock Wanson poprzez po\u0142\u0105czenie z\u00a0Babcock.\n<h2>\n\tEkspansja w Europie\n\t<\/h2>\n\t<strong>1992<\/strong> Grupa CNIM przejmuje firm\u0119 Italwanson, kt\u00f3ra staje si\u0119 Babcock Wanson Italiana.<br \/>\n<strong>1998<\/strong> CNIM tworzy sp\u00f3\u0142k\u0119 zale\u017cn\u0105 w Europie \u015arodkowej: CNIM Babcock Central Europe, kt\u00f3ra p\u00f3\u017aniej zmienia si\u0119 w Babcock Wanson Polska.<br \/>\n<strong>2008<\/strong> CYP Babcock Wanson zmienia mark\u0119 na Babcock Wanson Espa\u00f1a.\n<h2>\n\tNiezale\u017cno\u015b\u0107 Babcock Wanson\n\t<\/h2>\n\t<strong>2016<\/strong> Babcock Wanson uniezale\u017cnia si\u0119 od CNIM dzi\u0119ki wsparciu FCDE (Fonds de Consolidation et de D\u00e9veloppement des Entreprises &#8211; Fundusz Konsolidacji i\u00a0Rozwoju Biznesu) oraz zmienia charakter na bardziej mi\u0119dzynarodowy.<br \/>\n<strong>2017<\/strong> Babcock Wanson przejmuje Reputabel Warmtetechniek w\u00a0Niderlandach.<br \/>\n<strong>2021<\/strong> Kartesia zostaje nowym wi\u0119kszo\u015bciowym udzia\u0142owcem Babcock Wanson zamiast  F.C.D.E.<br \/>\n<strong>2021<\/strong> Babcock Wanson rozwija swoj\u0105 polityk\u0119 ekspansji zewn\u0119trznej. Do grupy do\u0142\u0105czaj\u0105 3 nowe sp\u00f3\u0142ki: Thermigas (Francja), Steam Plant Engineering (Wielka Brytania) i Standard Fasel (Holandia).\n<h2>\n\tBabcock Wanson Group\n\t<\/h2>\n\t<strong>2022<\/strong> Polityka rozwoju i akwizycji firmy Babcock Wanson prowadzi do powstania <strong>Babcock Wanson Group<\/strong>, zorganizowanej wok\u00f3\u0142 5 dywizji: Boilers &amp; Burners, Air Treatment, Water Treatment, Environmental Solutions, Services<br \/>\n<strong>2022<\/strong> Donau Carbon Technologies do\u0142\u0105cza do Babcock Wanson Group, wzmacniaj\u0105c swoj\u0105 ofert\u0119 rozwi\u0105za\u0144 \u015brodowiskowych.<br \/>\n<strong>2022<\/strong> Parat, kluczowy gracz w dziedzinie kot\u0142\u00f3w elektrodowych, do\u0142\u0105cza do Babcock Wanson Group.<br \/>\n<strong>2023<\/strong> PBS Power Equipements, wiod\u0105cy czeski producent kot\u0142\u00f3w i palnik\u00f3w, do\u0142\u0105cza do Babcock Wanson Group.<br \/>\n<strong>2024<\/strong> Grupa Babcock Wanson wchodzi na rynek niemiecki, przejmuj\u0105c Grup\u0119 VKK, znan\u0105 z do\u015bwiadczenia w technologii kot\u0142\u00f3w przemys\u0142owych.\n<h3>\n\t\t\t<a href=\"https:\/\/www.babcock-wanson-group.com\/\" title=\"Babcock Wanson Group sk\u0142ada si\u0119 obecnie z nast\u0119puj\u0105cych jednostek biznesowych:\" target=\"_blank\" rel=\"noopener\">\n\tBabcock Wanson Group sk\u0142ada si\u0119 obecnie z nast\u0119puj\u0105cych jednostek biznesowych:\n\t\t\t<\/a>\n\t<\/h3>\n\t<ul>\n<li>\n<h5>Babcock Wanson (Francja)<\/h5>\n<\/li>\n<li>\n<h5>Thermigas (Francja)<\/h5>\n<\/li>\n<li>\n<h5>Babcock Wanson Italiana (W\u0142ochy)<\/h5>\n<\/li>\n<li>\n<h5>Donau Carbon Technologies SRL (W\u0142ochy)<\/h5>\n<\/li>\n<li>\n<h5>Reputabel Warmtetechniek (Niderlandy)<\/h5>\n<\/li>\n<li>\n<h5>Standard Fasel (Niderlandy)<\/h5>\n<\/li>\n<li>\n<h5>VKK Standard Kessel K\u00f6then Group (Niemcy)<\/h5>\n<\/li>\n<li>\n<h5>Parat Halvorsen AS (Norwegia)<\/h5>\n<\/li>\n<li>\n<h5>Maes BVBA (Belgia)<\/h5>\n<\/li>\n<li>\n<h5>PBS Power Equipements (Czechy)<\/h5>\n<\/li>\n<li>\n<h5>Babcock Wanson Polska (Polska)<\/h5>\n<\/li>\n<li>\n<h5>Babcock Wanson Caldeiras Lda (Portugalia)<\/h5>\n<\/li>\n<li>\n<h5>Babcock Wanson Espa\u00f1a (Hiszpania)<\/h5>\n<\/li>\n<li>\n<h5>Babcock Wanson Tunisie (Tunezja)<\/h5>\n<\/li>\n<li>\n<h5>Babcock Wanson UK (Wielka Brytania)<\/h5>\n<\/li>\n<li>\n<h5>Steam Plant Engineering Ltd (Wielka Brytania)<\/h5>\n<\/li>\n<li>\n<h5>Babcock Wanson USA LLC (Stany Zjednoczone)<\/h5>\n<\/li>\n<\/ul>\n<h5>Aby skontaktowa\u0107 si\u0119 z jedn\u0105 z naszych plac\u00f3wek, odwied\u017a <a href=\"https:\/\/www.babcock-wanson.com\/contact\/locations\/\">nasz\u0105 dedykowan\u0105 stron\u0119 z lokalizacjami<\/a>.<\/h5>\n\n<\/div><!-- .vgblk-rw-wrapper -->","protected":false},"excerpt":{"rendered":"<p>Historia firmy Babcock Wanson In The Making W ci\u0105gu wielu lat produkcji firma Babcock Wanson zdoby\u0142a szerokie do\u015bwiadczenie dzi\u0119ki integracji sprawdzonych marek, takich jak Parent, Babcock, Bloctherm, Duquenne, Fluidothermus, Seum, Lardet, Goemine, Cobra, Vapor i Safmat. Pocz\u0105tki 1898 Za\u0142o\u017cenie francuskiej firmy konstrukcyjnej Babcock &amp;\u00a0Wilcox, utworzonej z\u00a0ameryka\u0144skiej firmy energetycznej. 1929 L\u00e9on Wanson tworzy firm\u0119 Wanson Company&#8230;<\/p>\n","protected":false},"author":1,"featured_media":0,"parent":34760,"menu_order":13,"comment_status":"closed","ping_status":"closed","template":"","meta":{"_acf_changed":false,"_relevanssi_hide_post":"","_relevanssi_hide_content":"","_relevanssi_pin_for_all":"","_relevanssi_pin_keywords":"","_relevanssi_unpin_keywords":"","_relevanssi_related_keywords":"","_relevanssi_related_include_ids":"","_relevanssi_related_exclude_ids":"","_relevanssi_related_no_append":"","_relevanssi_related_not_related":"","_relevanssi_related_posts":"","_relevanssi_noindex_reason":"","footnotes":""},"class_list":["post-34818","page","type-page","status-publish","hentry"],"acf":[],"yoast_head":"<!-- This site is optimized with the Yoast SEO Premium plugin v27.4 (Yoast SEO v27.4) - https:\/\/yoast.com\/product\/yoast-seo-premium-wordpress\/ -->\n<title>Historia - Babcock Wanson<\/title>\n<meta name=\"description\" content=\"Babcock Wanson to jest wynikiem dw\u00f3ch wielkich przedsi\u0119wzi\u0119\u0107 przemys\u0142owych Odwied\u017a nas dzisiaj, aby przeczyta\u0107 o naszej historii, do\u015bwiadczeniu i tym, jak mo\u017cemy Ci pom\u00f3c.\" \/>\n<meta name=\"robots\" content=\"index, follow, max-snippet:-1, max-image-preview:large, max-video-preview:-1\" \/>\n<link rel=\"canonical\" href=\"https:\/\/www.babcock-wanson.com\/pl\/profil-firmy\/historia\/\" \/>\n<meta property=\"og:locale\" content=\"pl_PL\" \/>\n<meta property=\"og:type\" content=\"article\" \/>\n<meta property=\"og:title\" content=\"Historia\" \/>\n<meta property=\"og:description\" content=\"Babcock Wanson to jest wynikiem dw\u00f3ch wielkich przedsi\u0119wzi\u0119\u0107 przemys\u0142owych Odwied\u017a nas dzisiaj, aby przeczyta\u0107 o naszej historii, do\u015bwiadczeniu i tym, jak mo\u017cemy Ci pom\u00f3c.\" \/>\n<meta property=\"og:url\" content=\"https:\/\/www.babcock-wanson.com\/pl\/profil-firmy\/historia\/\" \/>\n<meta property=\"og:site_name\" content=\"Babcock Wanson\" \/>\n<meta property=\"article:modified_time\" content=\"2026-01-26T16:10:23+00:00\" \/>\n<meta property=\"og:image\" content=\"https:\/\/www.babcock-wanson.com\/wp-content\/uploads\/2024\/02\/Babcock-Wanson-1200x1200-1.png\" \/>\n\t<meta property=\"og:image:width\" content=\"1200\" \/>\n\t<meta property=\"og:image:height\" content=\"1200\" \/>\n\t<meta property=\"og:image:type\" content=\"image\/png\" \/>\n<meta name=\"twitter:card\" content=\"summary_large_image\" \/>\n<meta name=\"twitter:label1\" content=\"Est. reading time\" \/>\n\t<meta name=\"twitter:data1\" content=\"3 minuty\" \/>\n<script type=\"application\/ld+json\" class=\"yoast-schema-graph\">{\"@context\":\"https:\\\/\\\/schema.org\",\"@graph\":[{\"@type\":\"WebPage\",\"@id\":\"https:\\\/\\\/www.babcock-wanson.com\\\/pl\\\/profil-firmy\\\/historia\\\/\",\"url\":\"https:\\\/\\\/www.babcock-wanson.com\\\/pl\\\/profil-firmy\\\/historia\\\/\",\"name\":\"Historia - Babcock Wanson\",\"isPartOf\":{\"@id\":\"https:\\\/\\\/www.babcock-wanson.com\\\/pl\\\/#website\"},\"datePublished\":\"2020-10-23T13:54:36+00:00\",\"dateModified\":\"2026-01-26T16:10:23+00:00\",\"description\":\"Babcock Wanson to jest wynikiem dw\u00f3ch wielkich przedsi\u0119wzi\u0119\u0107 przemys\u0142owych Odwied\u017a nas dzisiaj, aby przeczyta\u0107 o naszej historii, do\u015bwiadczeniu i tym, jak mo\u017cemy Ci pom\u00f3c.\",\"breadcrumb\":{\"@id\":\"https:\\\/\\\/www.babcock-wanson.com\\\/pl\\\/profil-firmy\\\/historia\\\/#breadcrumb\"},\"inLanguage\":\"pl-PL\",\"potentialAction\":[{\"@type\":\"ReadAction\",\"target\":[\"https:\\\/\\\/www.babcock-wanson.com\\\/pl\\\/profil-firmy\\\/historia\\\/\"]}]},{\"@type\":\"BreadcrumbList\",\"@id\":\"https:\\\/\\\/www.babcock-wanson.com\\\/pl\\\/profil-firmy\\\/historia\\\/#breadcrumb\",\"itemListElement\":[{\"@type\":\"ListItem\",\"position\":1,\"name\":\"Strona g\u0142\u00f3wna\",\"item\":\"https:\\\/\\\/www.babcock-wanson.com\\\/pl\\\/\"},{\"@type\":\"ListItem\",\"position\":2,\"name\":\"Profil Firmy\",\"item\":\"https:\\\/\\\/www.babcock-wanson.com\\\/pl\\\/profil-firmy\\\/\"},{\"@type\":\"ListItem\",\"position\":3,\"name\":\"Historia\"}]},{\"@type\":\"WebSite\",\"@id\":\"https:\\\/\\\/www.babcock-wanson.com\\\/pl\\\/#website\",\"url\":\"https:\\\/\\\/www.babcock-wanson.com\\\/pl\\\/\",\"name\":\"Babcock Wanson\",\"description\":\"\",\"publisher\":{\"@id\":\"https:\\\/\\\/www.babcock-wanson.com\\\/pl\\\/#organization\"},\"potentialAction\":[{\"@type\":\"SearchAction\",\"target\":{\"@type\":\"EntryPoint\",\"urlTemplate\":\"https:\\\/\\\/www.babcock-wanson.com\\\/pl\\\/?s={search_term_string}\"},\"query-input\":{\"@type\":\"PropertyValueSpecification\",\"valueRequired\":true,\"valueName\":\"search_term_string\"}}],\"inLanguage\":\"pl-PL\"},{\"@type\":\"Organization\",\"@id\":\"https:\\\/\\\/www.babcock-wanson.com\\\/pl\\\/#organization\",\"name\":\"Babcock Wanson\",\"url\":\"https:\\\/\\\/www.babcock-wanson.com\\\/pl\\\/\",\"logo\":{\"@type\":\"ImageObject\",\"inLanguage\":\"pl-PL\",\"@id\":\"https:\\\/\\\/www.babcock-wanson.com\\\/pl\\\/#\\\/schema\\\/logo\\\/image\\\/\",\"url\":\"https:\\\/\\\/www.babcock-wanson.com\\\/wp-content\\\/uploads\\\/2024\\\/02\\\/Babcock-Wanson-1200x1200-1.png\",\"contentUrl\":\"https:\\\/\\\/www.babcock-wanson.com\\\/wp-content\\\/uploads\\\/2024\\\/02\\\/Babcock-Wanson-1200x1200-1.png\",\"width\":1200,\"height\":1200,\"caption\":\"Babcock Wanson\"},\"image\":{\"@id\":\"https:\\\/\\\/www.babcock-wanson.com\\\/pl\\\/#\\\/schema\\\/logo\\\/image\\\/\"},\"sameAs\":[\"https:\\\/\\\/www.linkedin.com\\\/company\\\/babcock-wanson\\\/\",\"https:\\\/\\\/www.youtube.com\\\/channel\\\/UCtxl25VieBBsP2kYmtlyv7A\"]}]}<\/script>\n<!-- \/ Yoast SEO Premium plugin. -->","yoast_head_json":{"title":"Historia - Babcock Wanson","description":"Babcock Wanson to jest wynikiem dw\u00f3ch wielkich przedsi\u0119wzi\u0119\u0107 przemys\u0142owych Odwied\u017a nas dzisiaj, aby przeczyta\u0107 o naszej historii, do\u015bwiadczeniu i tym, jak mo\u017cemy Ci pom\u00f3c.","robots":{"index":"index","follow":"follow","max-snippet":"max-snippet:-1","max-image-preview":"max-image-preview:large","max-video-preview":"max-video-preview:-1"},"canonical":"https:\/\/www.babcock-wanson.com\/pl\/profil-firmy\/historia\/","og_locale":"pl_PL","og_type":"article","og_title":"Historia","og_description":"Babcock Wanson to jest wynikiem dw\u00f3ch wielkich przedsi\u0119wzi\u0119\u0107 przemys\u0142owych Odwied\u017a nas dzisiaj, aby przeczyta\u0107 o naszej historii, do\u015bwiadczeniu i tym, jak mo\u017cemy Ci pom\u00f3c.","og_url":"https:\/\/www.babcock-wanson.com\/pl\/profil-firmy\/historia\/","og_site_name":"Babcock Wanson","article_modified_time":"2026-01-26T16:10:23+00:00","og_image":[{"width":1200,"height":1200,"url":"https:\/\/www.babcock-wanson.com\/wp-content\/uploads\/2024\/02\/Babcock-Wanson-1200x1200-1.png","type":"image\/png"}],"twitter_card":"summary_large_image","twitter_misc":{"Est. reading time":"3 minuty"},"schema":{"@context":"https:\/\/schema.org","@graph":[{"@type":"WebPage","@id":"https:\/\/www.babcock-wanson.com\/pl\/profil-firmy\/historia\/","url":"https:\/\/www.babcock-wanson.com\/pl\/profil-firmy\/historia\/","name":"Historia - Babcock Wanson","isPartOf":{"@id":"https:\/\/www.babcock-wanson.com\/pl\/#website"},"datePublished":"2020-10-23T13:54:36+00:00","dateModified":"2026-01-26T16:10:23+00:00","description":"Babcock Wanson to jest wynikiem dw\u00f3ch wielkich przedsi\u0119wzi\u0119\u0107 przemys\u0142owych Odwied\u017a nas dzisiaj, aby przeczyta\u0107 o naszej historii, do\u015bwiadczeniu i tym, jak mo\u017cemy Ci pom\u00f3c.","breadcrumb":{"@id":"https:\/\/www.babcock-wanson.com\/pl\/profil-firmy\/historia\/#breadcrumb"},"inLanguage":"pl-PL","potentialAction":[{"@type":"ReadAction","target":["https:\/\/www.babcock-wanson.com\/pl\/profil-firmy\/historia\/"]}]},{"@type":"BreadcrumbList","@id":"https:\/\/www.babcock-wanson.com\/pl\/profil-firmy\/historia\/#breadcrumb","itemListElement":[{"@type":"ListItem","position":1,"name":"Strona g\u0142\u00f3wna","item":"https:\/\/www.babcock-wanson.com\/pl\/"},{"@type":"ListItem","position":2,"name":"Profil Firmy","item":"https:\/\/www.babcock-wanson.com\/pl\/profil-firmy\/"},{"@type":"ListItem","position":3,"name":"Historia"}]},{"@type":"WebSite","@id":"https:\/\/www.babcock-wanson.com\/pl\/#website","url":"https:\/\/www.babcock-wanson.com\/pl\/","name":"Babcock Wanson","description":"","publisher":{"@id":"https:\/\/www.babcock-wanson.com\/pl\/#organization"},"potentialAction":[{"@type":"SearchAction","target":{"@type":"EntryPoint","urlTemplate":"https:\/\/www.babcock-wanson.com\/pl\/?s={search_term_string}"},"query-input":{"@type":"PropertyValueSpecification","valueRequired":true,"valueName":"search_term_string"}}],"inLanguage":"pl-PL"},{"@type":"Organization","@id":"https:\/\/www.babcock-wanson.com\/pl\/#organization","name":"Babcock Wanson","url":"https:\/\/www.babcock-wanson.com\/pl\/","logo":{"@type":"ImageObject","inLanguage":"pl-PL","@id":"https:\/\/www.babcock-wanson.com\/pl\/#\/schema\/logo\/image\/","url":"https:\/\/www.babcock-wanson.com\/wp-content\/uploads\/2024\/02\/Babcock-Wanson-1200x1200-1.png","contentUrl":"https:\/\/www.babcock-wanson.com\/wp-content\/uploads\/2024\/02\/Babcock-Wanson-1200x1200-1.png","width":1200,"height":1200,"caption":"Babcock Wanson"},"image":{"@id":"https:\/\/www.babcock-wanson.com\/pl\/#\/schema\/logo\/image\/"},"sameAs":["https:\/\/www.linkedin.com\/company\/babcock-wanson\/","https:\/\/www.youtube.com\/channel\/UCtxl25VieBBsP2kYmtlyv7A"]}]}},"jetpack_sharing_enabled":true,"_links":{"self":[{"href":"https:\/\/www.babcock-wanson.com\/pl\/wp-json\/wp\/v2\/pages\/34818","targetHints":{"allow":["GET"]}}],"collection":[{"href":"https:\/\/www.babcock-wanson.com\/pl\/wp-json\/wp\/v2\/pages"}],"about":[{"href":"https:\/\/www.babcock-wanson.com\/pl\/wp-json\/wp\/v2\/types\/page"}],"author":[{"embeddable":true,"href":"https:\/\/www.babcock-wanson.com\/pl\/wp-json\/wp\/v2\/users\/1"}],"replies":[{"embeddable":true,"href":"https:\/\/www.babcock-wanson.com\/pl\/wp-json\/wp\/v2\/comments?post=34818"}],"version-history":[{"count":5,"href":"https:\/\/www.babcock-wanson.com\/pl\/wp-json\/wp\/v2\/pages\/34818\/revisions"}],"predecessor-version":[{"id":47439,"href":"https:\/\/www.babcock-wanson.com\/pl\/wp-json\/wp\/v2\/pages\/34818\/revisions\/47439"}],"up":[{"embeddable":true,"href":"https:\/\/www.babcock-wanson.com\/pl\/wp-json\/wp\/v2\/pages\/34760"}],"wp:attachment":[{"href":"https:\/\/www.babcock-wanson.com\/pl\/wp-json\/wp\/v2\/media?parent=34818"}],"curies":[{"name":"wp","href":"https:\/\/api.w.org\/{rel}","templated":true}]}}