{"id":34997,"date":"2020-10-23T15:13:09","date_gmt":"2020-10-23T14:13:09","guid":{"rendered":"https:\/\/www.babcock-wanson.com\/kontakt\/zapytanie-ofertowe\/"},"modified":"2020-11-23T10:39:20","modified_gmt":"2020-11-23T10:39:20","slug":"zapytanie-ofertowe","status":"publish","type":"page","link":"https:\/\/www.babcock-wanson.com\/pl\/kontakt\/zapytanie-ofertowe\/","title":{"rendered":"Zapytanie Ofertowe"},"content":{"rendered":"","protected":false},"excerpt":{"rendered":"","protected":false},"author":1,"featured_media":0,"parent":34896,"menu_order":0,"comment_status":"closed","ping_status":"closed","template":"","meta":{"_acf_changed":false,"_relevanssi_hide_post":"","_relevanssi_hide_content":"","_relevanssi_pin_for_all":"","_relevanssi_pin_keywords":"","_relevanssi_unpin_keywords":"","_relevanssi_related_keywords":"","_relevanssi_related_include_ids":"","_relevanssi_related_exclude_ids":"","_relevanssi_related_no_append":"","_relevanssi_related_not_related":"","_relevanssi_related_posts":"","_relevanssi_noindex_reason":"","footnotes":""},"class_list":["post-34997","page","type-page","status-publish","hentry"],"acf":[],"yoast_head":"<!-- This site is optimized with the Yoast SEO Premium plugin v27.4 (Yoast SEO v27.4) - https:\/\/yoast.com\/product\/yoast-seo-premium-wordpress\/ -->\n<title>Zapytanie Ofertowe - Babcock Wanson<\/title>\n<meta name=\"description\" content=\"W Babcock Wanson chcemy mie\u0107 pewno\u015b\u0107, \u017ce jeste\u015bmy w stanie przedstawi\u0107 Pa\u0144stwu aktualne i dok\u0142adne wyceny dla Pa\u0144stwa potrzeb. Kliknij tutaj, aby poprosi\u0107 o wycen\u0119\" \/>\n<meta name=\"robots\" content=\"noindex, follow\" \/>\n<meta property=\"og:locale\" content=\"pl_PL\" \/>\n<meta property=\"og:type\" content=\"article\" \/>\n<meta property=\"og:title\" content=\"Zapytanie Ofertowe\" \/>\n<meta property=\"og:description\" content=\"W Babcock Wanson chcemy mie\u0107 pewno\u015b\u0107, \u017ce jeste\u015bmy w stanie przedstawi\u0107 Pa\u0144stwu aktualne i dok\u0142adne wyceny dla Pa\u0144stwa potrzeb. Kliknij tutaj, aby poprosi\u0107 o wycen\u0119\" \/>\n<meta property=\"og:url\" content=\"https:\/\/www.babcock-wanson.com\/pl\/kontakt\/zapytanie-ofertowe\/\" \/>\n<meta property=\"og:site_name\" content=\"Babcock Wanson\" \/>\n<meta property=\"article:modified_time\" content=\"2020-11-23T10:39:20+00:00\" \/>\n<meta property=\"og:image\" content=\"https:\/\/www.babcock-wanson.com\/wp-content\/uploads\/2024\/02\/Babcock-Wanson-1200x1200-1.png\" \/>\n\t<meta property=\"og:image:width\" content=\"1200\" \/>\n\t<meta property=\"og:image:height\" content=\"1200\" \/>\n\t<meta property=\"og:image:type\" content=\"image\/png\" \/>\n<meta name=\"twitter:card\" content=\"summary_large_image\" \/>\n<script type=\"application\/ld+json\" class=\"yoast-schema-graph\">{\"@context\":\"https:\\\/\\\/schema.org\",\"@graph\":[{\"@type\":\"WebPage\",\"@id\":\"https:\\\/\\\/www.babcock-wanson.com\\\/pl\\\/kontakt\\\/zapytanie-ofertowe\\\/\",\"url\":\"https:\\\/\\\/www.babcock-wanson.com\\\/pl\\\/kontakt\\\/zapytanie-ofertowe\\\/\",\"name\":\"Zapytanie Ofertowe - Babcock Wanson\",\"isPartOf\":{\"@id\":\"https:\\\/\\\/www.babcock-wanson.com\\\/pl\\\/#website\"},\"datePublished\":\"2020-10-23T14:13:09+00:00\",\"dateModified\":\"2020-11-23T10:39:20+00:00\",\"description\":\"W Babcock Wanson chcemy mie\u0107 pewno\u015b\u0107, \u017ce jeste\u015bmy w stanie przedstawi\u0107 Pa\u0144stwu aktualne i dok\u0142adne wyceny dla Pa\u0144stwa potrzeb. Kliknij tutaj, aby poprosi\u0107 o wycen\u0119\",\"breadcrumb\":{\"@id\":\"https:\\\/\\\/www.babcock-wanson.com\\\/pl\\\/kontakt\\\/zapytanie-ofertowe\\\/#breadcrumb\"},\"inLanguage\":\"pl-PL\",\"potentialAction\":[{\"@type\":\"ReadAction\",\"target\":[\"https:\\\/\\\/www.babcock-wanson.com\\\/pl\\\/kontakt\\\/zapytanie-ofertowe\\\/\"]}]},{\"@type\":\"BreadcrumbList\",\"@id\":\"https:\\\/\\\/www.babcock-wanson.com\\\/pl\\\/kontakt\\\/zapytanie-ofertowe\\\/#breadcrumb\",\"itemListElement\":[{\"@type\":\"ListItem\",\"position\":1,\"name\":\"Strona g\u0142\u00f3wna\",\"item\":\"https:\\\/\\\/www.babcock-wanson.com\\\/pl\\\/\"},{\"@type\":\"ListItem\",\"position\":2,\"name\":\"Kontakt\",\"item\":\"https:\\\/\\\/www.babcock-wanson.com\\\/pl\\\/contact\\\/\"},{\"@type\":\"ListItem\",\"position\":3,\"name\":\"Zapytanie Ofertowe\"}]},{\"@type\":\"WebSite\",\"@id\":\"https:\\\/\\\/www.babcock-wanson.com\\\/pl\\\/#website\",\"url\":\"https:\\\/\\\/www.babcock-wanson.com\\\/pl\\\/\",\"name\":\"Babcock Wanson\",\"description\":\"\",\"publisher\":{\"@id\":\"https:\\\/\\\/www.babcock-wanson.com\\\/pl\\\/#organization\"},\"potentialAction\":[{\"@type\":\"SearchAction\",\"target\":{\"@type\":\"EntryPoint\",\"urlTemplate\":\"https:\\\/\\\/www.babcock-wanson.com\\\/pl\\\/?s={search_term_string}\"},\"query-input\":{\"@type\":\"PropertyValueSpecification\",\"valueRequired\":true,\"valueName\":\"search_term_string\"}}],\"inLanguage\":\"pl-PL\"},{\"@type\":\"Organization\",\"@id\":\"https:\\\/\\\/www.babcock-wanson.com\\\/pl\\\/#organization\",\"name\":\"Babcock Wanson\",\"url\":\"https:\\\/\\\/www.babcock-wanson.com\\\/pl\\\/\",\"logo\":{\"@type\":\"ImageObject\",\"inLanguage\":\"pl-PL\",\"@id\":\"https:\\\/\\\/www.babcock-wanson.com\\\/pl\\\/#\\\/schema\\\/logo\\\/image\\\/\",\"url\":\"https:\\\/\\\/www.babcock-wanson.com\\\/wp-content\\\/uploads\\\/2024\\\/02\\\/Babcock-Wanson-1200x1200-1.png\",\"contentUrl\":\"https:\\\/\\\/www.babcock-wanson.com\\\/wp-content\\\/uploads\\\/2024\\\/02\\\/Babcock-Wanson-1200x1200-1.png\",\"width\":1200,\"height\":1200,\"caption\":\"Babcock Wanson\"},\"image\":{\"@id\":\"https:\\\/\\\/www.babcock-wanson.com\\\/pl\\\/#\\\/schema\\\/logo\\\/image\\\/\"},\"sameAs\":[\"https:\\\/\\\/www.linkedin.com\\\/company\\\/babcock-wanson\\\/\",\"https:\\\/\\\/www.youtube.com\\\/channel\\\/UCtxl25VieBBsP2kYmtlyv7A\"]}]}<\/script>\n<!-- \/ Yoast SEO Premium plugin. -->","yoast_head_json":{"title":"Zapytanie Ofertowe - Babcock Wanson","description":"W Babcock Wanson chcemy mie\u0107 pewno\u015b\u0107, \u017ce jeste\u015bmy w stanie przedstawi\u0107 Pa\u0144stwu aktualne i dok\u0142adne wyceny dla Pa\u0144stwa potrzeb. Kliknij tutaj, aby poprosi\u0107 o wycen\u0119","robots":{"index":"noindex","follow":"follow"},"og_locale":"pl_PL","og_type":"article","og_title":"Zapytanie Ofertowe","og_description":"W Babcock Wanson chcemy mie\u0107 pewno\u015b\u0107, \u017ce jeste\u015bmy w stanie przedstawi\u0107 Pa\u0144stwu aktualne i dok\u0142adne wyceny dla Pa\u0144stwa potrzeb. Kliknij tutaj, aby poprosi\u0107 o wycen\u0119","og_url":"https:\/\/www.babcock-wanson.com\/pl\/kontakt\/zapytanie-ofertowe\/","og_site_name":"Babcock Wanson","article_modified_time":"2020-11-23T10:39:20+00:00","og_image":[{"width":1200,"height":1200,"url":"https:\/\/www.babcock-wanson.com\/wp-content\/uploads\/2024\/02\/Babcock-Wanson-1200x1200-1.png","type":"image\/png"}],"twitter_card":"summary_large_image","schema":{"@context":"https:\/\/schema.org","@graph":[{"@type":"WebPage","@id":"https:\/\/www.babcock-wanson.com\/pl\/kontakt\/zapytanie-ofertowe\/","url":"https:\/\/www.babcock-wanson.com\/pl\/kontakt\/zapytanie-ofertowe\/","name":"Zapytanie Ofertowe - Babcock Wanson","isPartOf":{"@id":"https:\/\/www.babcock-wanson.com\/pl\/#website"},"datePublished":"2020-10-23T14:13:09+00:00","dateModified":"2020-11-23T10:39:20+00:00","description":"W Babcock Wanson chcemy mie\u0107 pewno\u015b\u0107, \u017ce jeste\u015bmy w stanie przedstawi\u0107 Pa\u0144stwu aktualne i dok\u0142adne wyceny dla Pa\u0144stwa potrzeb. Kliknij tutaj, aby poprosi\u0107 o wycen\u0119","breadcrumb":{"@id":"https:\/\/www.babcock-wanson.com\/pl\/kontakt\/zapytanie-ofertowe\/#breadcrumb"},"inLanguage":"pl-PL","potentialAction":[{"@type":"ReadAction","target":["https:\/\/www.babcock-wanson.com\/pl\/kontakt\/zapytanie-ofertowe\/"]}]},{"@type":"BreadcrumbList","@id":"https:\/\/www.babcock-wanson.com\/pl\/kontakt\/zapytanie-ofertowe\/#breadcrumb","itemListElement":[{"@type":"ListItem","position":1,"name":"Strona g\u0142\u00f3wna","item":"https:\/\/www.babcock-wanson.com\/pl\/"},{"@type":"ListItem","position":2,"name":"Kontakt","item":"https:\/\/www.babcock-wanson.com\/pl\/contact\/"},{"@type":"ListItem","position":3,"name":"Zapytanie Ofertowe"}]},{"@type":"WebSite","@id":"https:\/\/www.babcock-wanson.com\/pl\/#website","url":"https:\/\/www.babcock-wanson.com\/pl\/","name":"Babcock Wanson","description":"","publisher":{"@id":"https:\/\/www.babcock-wanson.com\/pl\/#organization"},"potentialAction":[{"@type":"SearchAction","target":{"@type":"EntryPoint","urlTemplate":"https:\/\/www.babcock-wanson.com\/pl\/?s={search_term_string}"},"query-input":{"@type":"PropertyValueSpecification","valueRequired":true,"valueName":"search_term_string"}}],"inLanguage":"pl-PL"},{"@type":"Organization","@id":"https:\/\/www.babcock-wanson.com\/pl\/#organization","name":"Babcock Wanson","url":"https:\/\/www.babcock-wanson.com\/pl\/","logo":{"@type":"ImageObject","inLanguage":"pl-PL","@id":"https:\/\/www.babcock-wanson.com\/pl\/#\/schema\/logo\/image\/","url":"https:\/\/www.babcock-wanson.com\/wp-content\/uploads\/2024\/02\/Babcock-Wanson-1200x1200-1.png","contentUrl":"https:\/\/www.babcock-wanson.com\/wp-content\/uploads\/2024\/02\/Babcock-Wanson-1200x1200-1.png","width":1200,"height":1200,"caption":"Babcock Wanson"},"image":{"@id":"https:\/\/www.babcock-wanson.com\/pl\/#\/schema\/logo\/image\/"},"sameAs":["https:\/\/www.linkedin.com\/company\/babcock-wanson\/","https:\/\/www.youtube.com\/channel\/UCtxl25VieBBsP2kYmtlyv7A"]}]}},"jetpack_sharing_enabled":true,"_links":{"self":[{"href":"https:\/\/www.babcock-wanson.com\/pl\/wp-json\/wp\/v2\/pages\/34997","targetHints":{"allow":["GET"]}}],"collection":[{"href":"https:\/\/www.babcock-wanson.com\/pl\/wp-json\/wp\/v2\/pages"}],"about":[{"href":"https:\/\/www.babcock-wanson.com\/pl\/wp-json\/wp\/v2\/types\/page"}],"author":[{"embeddable":true,"href":"https:\/\/www.babcock-wanson.com\/pl\/wp-json\/wp\/v2\/users\/1"}],"replies":[{"embeddable":true,"href":"https:\/\/www.babcock-wanson.com\/pl\/wp-json\/wp\/v2\/comments?post=34997"}],"version-history":[{"count":1,"href":"https:\/\/www.babcock-wanson.com\/pl\/wp-json\/wp\/v2\/pages\/34997\/revisions"}],"predecessor-version":[{"id":37344,"href":"https:\/\/www.babcock-wanson.com\/pl\/wp-json\/wp\/v2\/pages\/34997\/revisions\/37344"}],"up":[{"embeddable":true,"href":"https:\/\/www.babcock-wanson.com\/pl\/wp-json\/wp\/v2\/pages\/34896"}],"wp:attachment":[{"href":"https:\/\/www.babcock-wanson.com\/pl\/wp-json\/wp\/v2\/media?parent=34997"}],"curies":[{"name":"wp","href":"https:\/\/api.w.org\/{rel}","templated":true}]}}