{"id":35042,"date":"2020-10-27T14:34:01","date_gmt":"2020-10-27T14:34:01","guid":{"rendered":"https:\/\/www.babcock-wanson.com\/nasze-produkty\/"},"modified":"2022-07-05T11:26:09","modified_gmt":"2022-07-05T10:26:09","slug":"nasze-produkty","status":"publish","type":"page","link":"https:\/\/www.babcock-wanson.com\/pl\/nasze-produkty\/","title":{"rendered":"Nasze produkty"},"content":{"rendered":"<div class=\"vgblk-rw-wrapper limit-wrapper\">\n\t<h2>Kompletna gama produkt\u00f3w dla <strong>kot\u0142owni przemys\u0142owych<\/strong>.<\/h2>\n<h4>Nasz\u0105 ofert\u0119 <strong>produkt\u00f3w<\/strong> opracowano tak, aby zapewni\u0107 klientom najlepsze kot\u0142y spe\u0142niaj\u0105ce ich wymogi niezale\u017cnie od tego, czy potrzebuj\u0105 oni kot\u0142a parowego, nagrzewnicy na olej termiczny, palnik\u00f3w przemys\u0142owych, czy te\u017c pe\u0142nego rozwi\u0105zania i pakietu \u201epod klucz\u201d.<\/h4>\n\t<h4>Pragniemy, aby urz\u0105dzenia <strong>Babcock Wanson<\/strong> dzia\u0142a\u0142y jak najbardziej efektywnie przez jak najd\u0142u\u017cszy czas, przy minimalnym czasie przestoju.<\/h4>\n<h4>Ponadto oferujemy innowacyjn\u0105 us\u0142ug\u0119 wynajmu kot\u0142\u00f3w, dzi\u0119ki czemu klienci mog\u0105 zaspokoi\u0107 swoje potrzeby energetyczne niezale\u017cnie od sytuacji.<\/h4>\n<h4>Zapewniamy mo\u017cliwo\u015b\u0107 wyboru spo\u015br\u00f3d szerokiej gamy kot\u0142\u00f3w o mocy do 12 000 kW, mi\u0119dzy innymi system\u00f3w grzewczych na oleje termiczne.<\/h4>\n<h2>\n\tGama produkt\u00f3w <b>Babcock Wanson<\/b>\n\t<\/h2>\n<h2>\n\t\t\t<a href=\"https:\/\/www.babcock-wanson.com\/pl\/kategoria-produktu\/kotly-parowe\/\" title=\"Kot\u0142y Parowe\" target=\"_self\" rel=\"noopener\">\n\tKot\u0142y Parowe\n\t\t\t<\/a>\n\t<\/h2>\n\t<a href=\"https:\/\/www.babcock-wanson.com\/pl\/kategoria-produktu\/kotly-parowe\/\" target=\"_self\" role=\"button\" rel=\"noopener\">\n\t\t\t\t\tPrzeczytaj wi\u0119cej\n\t<\/a>\n<h2>\n\t\t\t<a href=\"https:\/\/www.babcock-wanson.com\/pl\/kategoria-produktu\/kotly-oleju-termalnego\/\" title=\"Kot\u0142y Oleju Termalnego\" target=\"_self\" rel=\"noopener\">\n\tKot\u0142y Oleju Termalnego\n\t\t\t<\/a>\n\t<\/h2>\n\t<a href=\"https:\/\/www.babcock-wanson.com\/pl\/kategoria-produktu\/kotly-oleju-termalnego\/\" target=\"_self\" role=\"button\" rel=\"noopener\">\n\t\t\t\t\tPrzeczytaj wi\u0119cej\n\t<\/a>\n<h2>\n\t\t\t<a href=\"https:\/\/www.babcock-wanson.com\/pl\/kategoria-produktu\/kotly-wodne\/\" title=\"Kot\u0142y Wodne\" target=\"_self\" rel=\"noopener\">\n\tKot\u0142y Wodne\n\t\t\t<\/a>\n\t<\/h2>\n\t<a href=\"https:\/\/www.babcock-wanson.com\/pl\/kategoria-produktu\/kotly-wodne\/\" target=\"_self\" role=\"button\" rel=\"noopener\">\n\t\t\t\t\tPrzeczytaj wi\u0119cej\n\t<\/a>\n<h2>\n\t\t\t<a href=\"https:\/\/www.babcock-wanson.com\/pl\/kategoria-produktu\/systemy-odzysku-ciepla\/\" title=\"Systemy Odzysku Ciep\u0142a\" target=\"_self\" rel=\"noopener\">\n\tSystemy Odzysku Ciep\u0142a\n\t\t\t<\/a>\n\t<\/h2>\n\t<a href=\"https:\/\/www.babcock-wanson.com\/pl\/kategoria-produktu\/systemy-odzysku-ciepla\/\" target=\"_self\" role=\"button\" rel=\"noopener\">\n\t\t\t\t\tPrzeczytaj wi\u0119cej\n\t<\/a>\n<h2>\n\t\t\t<a href=\"https:\/\/www.babcock-wanson.com\/pl\/kategoria-produktu\/nagrzewnice-powietrza\/\" title=\"Nagrzewnice Powietrza\" target=\"_self\" rel=\"noopener\">\n\tNagrzewnice Powietrza\n\t\t\t<\/a>\n\t<\/h2>\n\t<a href=\"https:\/\/www.babcock-wanson.com\/pl\/kategoria-produktu\/nagrzewnice-powietrza\/\" target=\"_self\" role=\"button\" rel=\"noopener\">\n\t\t\t\t\tPrzeczytaj wi\u0119cej\n\t<\/a>\n<h2>\n\t\t\t<a href=\"https:\/\/www.babcock-wanson.com\/pl\/kategoria-produktu\/palniki-przemyslowe\/\" title=\"Palniki Przemys\u0142owe\" target=\"_self\" rel=\"noopener\">\n\tPalniki Przemys\u0142owe\n\t\t\t<\/a>\n\t<\/h2>\n\t<a href=\"https:\/\/www.babcock-wanson.com\/pl\/kategoria-produktu\/palniki-przemyslowe\/\" target=\"_self\" role=\"button\" rel=\"noopener\">\n\t\t\t\t\tPrzeczytaj wi\u0119cej\n\t<\/a>\n<h2>\n\t\t\t<a href=\"https:\/\/www.babcock-wanson.com\/pl\/kategoria-produktu\/systemy-uzdatniania-wody\/\" title=\"Systemy Uzdatniania Wody\" target=\"_self\" rel=\"noopener\">\n\tSystemy Uzdatniania Wody\n\t\t\t<\/a>\n\t<\/h2>\n\t<a href=\"https:\/\/www.babcock-wanson.com\/pl\/kategoria-produktu\/systemy-uzdatniania-wody\/\" target=\"_self\" role=\"button\" rel=\"noopener\">\n\t\t\t\t\tPrzeczytaj wi\u0119cej\n\t<\/a>\n<h2>\n\t\t\t<a href=\"https:\/\/www.babcock-wanson.com\/pl\/kategoria-produktu\/dopalacze-termiczne\/\" title=\"Dopalacze Termiczne\" target=\"_self\" rel=\"noopener\">\n\tDopalacze Termiczne\n\t\t\t<\/a>\n\t<\/h2>\n\t<a href=\"https:\/\/www.babcock-wanson.com\/pl\/kategoria-produktu\/dopalacze-termiczne\/\" target=\"_self\" role=\"button\" rel=\"noopener\">\n\t\t\t\t\tPrzeczytaj wi\u0119cej\n\t<\/a>\n<h2>\n\t\t\t<a href=\"https:\/\/www.babcock-wanson.com\/products\/turnkey-solutions-and-packages\/\" title=\"Rozwi\u0105zania i\u00a0Pakiety pod Klucz\" target=\"_self\" rel=\"noopener\">\n\tRozwi\u0105zania i\u00a0Pakiety pod Klucz\n\t\t\t<\/a>\n\t<\/h2>\n\t<a href=\"https:\/\/www.babcock-wanson.com\/products\/turnkey-solutions-and-packages\/\" target=\"_self\" role=\"button\" rel=\"noopener\">\n\t\t\t\t\tPrzeczytaj wi\u0119cej\n\t<\/a>\n<h5>\n\tOFERUJEMY R\u00d3WNIE\u017b\n\t<\/h5>\n<h2>\n\t<strong>Us\u0142ugi<\/strong>  Dodatkowe\n\t<\/h2>\n<h4>\n\t\t\t<a href=\"https:\/\/www.babcock-wanson.com\/services\/boiler-rental\/\" title=\"Wynajem Kot\u0142\u00f3w\" target=\"_self\" rel=\"noopener\">\n\tWynajem Kot\u0142\u00f3w\n\t\t\t<\/a>\n\t<\/h4>\n\t<p><strong>Babcock Wanson<\/strong> oferuje szerok\u0105 gam\u0119 kot\u0142\u00f3w do wynaj\u0119cia, celem zaspokojenia potrzeb energetycznych \u2013 niezale\u017cnie od sytuacji.<\/p>\n\t<a href=\"https:\/\/www.babcock-wanson.com\/services\/boiler-rental\/\" target=\"_self\" role=\"button\" rel=\"noopener\">\n\t\t\t\t\tPrzeczytaj wi\u0119cej\n\t<\/a>\n<h4>\n\t\t\t<a href=\"https:\/\/www.babcock-wanson.com\/services\/industrial-boiler-management-training\/\" title=\"Szkolenia z Obs\u0142ugi Kot\u0142owni\" target=\"_self\" rel=\"noopener\">\n\tSzkolenia z Obs\u0142ugi Kot\u0142owni\n\t\t\t<\/a>\n\t<\/h4>\n\t<p>Aby pom\u00f3c w\u00a0jak najlepszym wykorzystaniu urz\u0105dze\u0144 firmy <strong>Babcock Wanson<\/strong>, oferujemy szereg elastycznych opcji szkolenia w\u00a0zakresie Urz\u0105dze\u0144  Przemys\u0142owych.<\/p>\n\t<a href=\"https:\/\/www.babcock-wanson.com\/services\/industrial-boiler-management-training\/\" target=\"_self\" role=\"button\" rel=\"noopener\">\n\t\t\t\t\tPrzeczytaj wi\u0119cej\n\t<\/a>\n<h4>\n\t\t\t<a href=\"https:\/\/www.babcock-wanson.com\/services\/industrial-boiler-refurbishment-upgrades\/boiler-room-optimisation\/\" title=\"Optymalizacja Kot\u0142owni\" target=\"_self\" rel=\"noopener\">\n\tOptymalizacja Kot\u0142owni\n\t\t\t<\/a>\n\t<\/h4>\n\t<p>In\u017cynierowie z\u00a0firmy <strong>Babcock Wanson<\/strong> opracuj\u0105 szczeg\u00f3\u0142owy raport dotycz\u0105cy optymalizacji kot\u0142owni pod k\u0105tem uzyskania maksymalnej Sprawno\u015bci   przy minimalnych kosztach eksploatacji.<\/p>\n\t<a href=\"https:\/\/www.babcock-wanson.com\/services\/industrial-boiler-refurbishment-upgrades\/boiler-room-optimisation\/\" target=\"_self\" role=\"button\" rel=\"noopener\">\n\t\t\t\t\tPrzeczytaj wi\u0119cej\n\t<\/a>\n<h4>\n\t\t\t<a href=\"https:\/\/www.babcock-wanson.com\/contact\/\" title=\"Potrzebujesz pomocy?\" target=\"_self\" rel=\"noopener\">\n\tPotrzebujesz pomocy?\n\t\t\t<\/a>\n\t<\/h4>\n\t<p>W\u00a0celu uzyskania pomocy przedsprzeda\u017cowej lub posprzeda\u017cowej nale\u017cy skontaktowa\u0107 si\u0119 z\u00a0najbli\u017cszym przedstawicielem regionalny (nie mamy w PL innego biura regionalnego) <\/p>\n\t<a href=\"https:\/\/www.babcock-wanson.com\/contact\/locations\/\" target=\"_self\" role=\"button\" rel=\"noopener\">\n\t\t\t\t\tPrzeczytaj wi\u0119cej\n\t<\/a>\n<h2>\n\tProsz\u0119 o <b>kontakt\u2026<\/b>\n\t<\/h2>\n<h4>\n\tWszystkie etapy  doboru  urz\u0105dze\u0144 i us\u0142ug s\u0105 \u015bci\u015ble zorientowane na potrzeby naszych klient\u00f3w.\n\t<\/h4>\n    Uwaga: ta zawarto\u015b\u0107 wymaga obs\u0142ugi j\u0119zyka JavaScript.\n        <!-- TODO: Move to Template File. -->\n        <h4>\n\t\tWprowadzanie Innowacji\n\t<\/h4>\n<h2>\n\t\tCele zr\u00f3wnowa\u017conego rozwoju\n\t<\/h2>\n\t<p><strong>Babcock Wanson<\/strong> koncentruje si\u0119 na budowaniu d\u0142ugoterminowej, zr\u00f3wnowa\u017conej dzia\u0142alno\u015bci biznesowej w\u00a0trosce o\u00a0przysz\u0142o\u015b\u0107 naszej planety.<\/p>\n\t\t\t<a href=\"https:\/\/www.babcock-wanson.com\/about\/sustainability\/\" target=\"_self\" role=\"button\" rel=\"noopener\">\n\t\t\t\t\t\t\tPrzeczytaj wi\u0119cej\n\t\t\t<\/a>\n<\/div><!-- .vgblk-rw-wrapper -->","protected":false},"excerpt":{"rendered":"<p>Kompletna gama produkt\u00f3w dla kot\u0142owni przemys\u0142owych. Nasz\u0105 ofert\u0119 produkt\u00f3w opracowano tak, aby zapewni\u0107 klientom najlepsze kot\u0142y spe\u0142niaj\u0105ce ich wymogi niezale\u017cnie od tego, czy potrzebuj\u0105 oni kot\u0142a parowego, nagrzewnicy na olej termiczny, palnik\u00f3w przemys\u0142owych, czy te\u017c pe\u0142nego rozwi\u0105zania i pakietu \u201epod klucz\u201d. Pragniemy, aby urz\u0105dzenia Babcock Wanson dzia\u0142a\u0142y jak najbardziej efektywnie przez jak najd\u0142u\u017cszy czas, przy&#8230;<\/p>\n","protected":false},"author":1,"featured_media":0,"parent":0,"menu_order":0,"comment_status":"closed","ping_status":"closed","template":"","meta":{"_acf_changed":false,"_relevanssi_hide_post":"","_relevanssi_hide_content":"","_relevanssi_pin_for_all":"","_relevanssi_pin_keywords":"","_relevanssi_unpin_keywords":"","_relevanssi_related_keywords":"","_relevanssi_related_include_ids":"","_relevanssi_related_exclude_ids":"","_relevanssi_related_no_append":"","_relevanssi_related_not_related":"","_relevanssi_related_posts":"","_relevanssi_noindex_reason":"","footnotes":""},"class_list":["post-35042","page","type-page","status-publish","hentry"],"acf":[],"yoast_head":"<!-- This site is optimized with the Yoast SEO Premium plugin v27.4 (Yoast SEO v27.4) - https:\/\/yoast.com\/product\/yoast-seo-premium-wordpress\/ -->\n<title>Nasze produkty - Babcock Wanson<\/title>\n<meta name=\"description\" content=\"Nasz\u0105 ofert\u0119 produkt\u00f3w opracowano tak, aby zapewni\u0107 klientom najlepsze kot\u0142y spe\u0142niaj\u0105ce ich wymogi.\" \/>\n<meta name=\"robots\" content=\"index, follow, max-snippet:-1, max-image-preview:large, max-video-preview:-1\" \/>\n<link rel=\"canonical\" href=\"https:\/\/www.babcock-wanson.com\/pl\/nasze-produkty\/\" \/>\n<meta property=\"og:locale\" content=\"pl_PL\" \/>\n<meta property=\"og:type\" content=\"article\" \/>\n<meta property=\"og:title\" content=\"Nasze produkty\" \/>\n<meta property=\"og:description\" content=\"Nasz\u0105 ofert\u0119 produkt\u00f3w opracowano tak, aby zapewni\u0107 klientom najlepsze kot\u0142y spe\u0142niaj\u0105ce ich wymogi.\" \/>\n<meta property=\"og:url\" content=\"https:\/\/www.babcock-wanson.com\/pl\/nasze-produkty\/\" \/>\n<meta property=\"og:site_name\" content=\"Babcock Wanson\" \/>\n<meta property=\"article:modified_time\" content=\"2022-07-05T10:26:09+00:00\" \/>\n<meta property=\"og:image\" content=\"https:\/\/www.babcock-wanson.com\/wp-content\/uploads\/2024\/02\/Babcock-Wanson-1200x1200-1.png\" \/>\n\t<meta property=\"og:image:width\" content=\"1200\" \/>\n\t<meta property=\"og:image:height\" content=\"1200\" \/>\n\t<meta property=\"og:image:type\" content=\"image\/png\" \/>\n<meta name=\"twitter:card\" content=\"summary_large_image\" \/>\n<meta name=\"twitter:label1\" content=\"Est. reading time\" \/>\n\t<meta name=\"twitter:data1\" content=\"2 minuty\" \/>\n<script type=\"application\/ld+json\" class=\"yoast-schema-graph\">{\"@context\":\"https:\\\/\\\/schema.org\",\"@graph\":[{\"@type\":\"WebPage\",\"@id\":\"https:\\\/\\\/www.babcock-wanson.com\\\/pl\\\/nasze-produkty\\\/\",\"url\":\"https:\\\/\\\/www.babcock-wanson.com\\\/pl\\\/nasze-produkty\\\/\",\"name\":\"Nasze produkty - Babcock Wanson\",\"isPartOf\":{\"@id\":\"https:\\\/\\\/www.babcock-wanson.com\\\/pl\\\/#website\"},\"datePublished\":\"2020-10-27T14:34:01+00:00\",\"dateModified\":\"2022-07-05T10:26:09+00:00\",\"description\":\"Nasz\u0105 ofert\u0119 produkt\u00f3w opracowano tak, aby zapewni\u0107 klientom najlepsze kot\u0142y spe\u0142niaj\u0105ce ich wymogi.\",\"breadcrumb\":{\"@id\":\"https:\\\/\\\/www.babcock-wanson.com\\\/pl\\\/nasze-produkty\\\/#breadcrumb\"},\"inLanguage\":\"pl-PL\",\"potentialAction\":[{\"@type\":\"ReadAction\",\"target\":[\"https:\\\/\\\/www.babcock-wanson.com\\\/pl\\\/nasze-produkty\\\/\"]}]},{\"@type\":\"BreadcrumbList\",\"@id\":\"https:\\\/\\\/www.babcock-wanson.com\\\/pl\\\/nasze-produkty\\\/#breadcrumb\",\"itemListElement\":[{\"@type\":\"ListItem\",\"position\":1,\"name\":\"Strona g\u0142\u00f3wna\",\"item\":\"https:\\\/\\\/www.babcock-wanson.com\\\/pl\\\/\"},{\"@type\":\"ListItem\",\"position\":2,\"name\":\"Nasze produkty\"}]},{\"@type\":\"WebSite\",\"@id\":\"https:\\\/\\\/www.babcock-wanson.com\\\/pl\\\/#website\",\"url\":\"https:\\\/\\\/www.babcock-wanson.com\\\/pl\\\/\",\"name\":\"Babcock Wanson\",\"description\":\"\",\"publisher\":{\"@id\":\"https:\\\/\\\/www.babcock-wanson.com\\\/pl\\\/#organization\"},\"potentialAction\":[{\"@type\":\"SearchAction\",\"target\":{\"@type\":\"EntryPoint\",\"urlTemplate\":\"https:\\\/\\\/www.babcock-wanson.com\\\/pl\\\/?s={search_term_string}\"},\"query-input\":{\"@type\":\"PropertyValueSpecification\",\"valueRequired\":true,\"valueName\":\"search_term_string\"}}],\"inLanguage\":\"pl-PL\"},{\"@type\":\"Organization\",\"@id\":\"https:\\\/\\\/www.babcock-wanson.com\\\/pl\\\/#organization\",\"name\":\"Babcock Wanson\",\"url\":\"https:\\\/\\\/www.babcock-wanson.com\\\/pl\\\/\",\"logo\":{\"@type\":\"ImageObject\",\"inLanguage\":\"pl-PL\",\"@id\":\"https:\\\/\\\/www.babcock-wanson.com\\\/pl\\\/#\\\/schema\\\/logo\\\/image\\\/\",\"url\":\"https:\\\/\\\/www.babcock-wanson.com\\\/wp-content\\\/uploads\\\/2024\\\/02\\\/Babcock-Wanson-1200x1200-1.png\",\"contentUrl\":\"https:\\\/\\\/www.babcock-wanson.com\\\/wp-content\\\/uploads\\\/2024\\\/02\\\/Babcock-Wanson-1200x1200-1.png\",\"width\":1200,\"height\":1200,\"caption\":\"Babcock Wanson\"},\"image\":{\"@id\":\"https:\\\/\\\/www.babcock-wanson.com\\\/pl\\\/#\\\/schema\\\/logo\\\/image\\\/\"},\"sameAs\":[\"https:\\\/\\\/www.linkedin.com\\\/company\\\/babcock-wanson\\\/\",\"https:\\\/\\\/www.youtube.com\\\/channel\\\/UCtxl25VieBBsP2kYmtlyv7A\"]}]}<\/script>\n<!-- \/ Yoast SEO Premium plugin. -->","yoast_head_json":{"title":"Nasze produkty - Babcock Wanson","description":"Nasz\u0105 ofert\u0119 produkt\u00f3w opracowano tak, aby zapewni\u0107 klientom najlepsze kot\u0142y spe\u0142niaj\u0105ce ich wymogi.","robots":{"index":"index","follow":"follow","max-snippet":"max-snippet:-1","max-image-preview":"max-image-preview:large","max-video-preview":"max-video-preview:-1"},"canonical":"https:\/\/www.babcock-wanson.com\/pl\/nasze-produkty\/","og_locale":"pl_PL","og_type":"article","og_title":"Nasze produkty","og_description":"Nasz\u0105 ofert\u0119 produkt\u00f3w opracowano tak, aby zapewni\u0107 klientom najlepsze kot\u0142y spe\u0142niaj\u0105ce ich wymogi.","og_url":"https:\/\/www.babcock-wanson.com\/pl\/nasze-produkty\/","og_site_name":"Babcock Wanson","article_modified_time":"2022-07-05T10:26:09+00:00","og_image":[{"width":1200,"height":1200,"url":"https:\/\/www.babcock-wanson.com\/wp-content\/uploads\/2024\/02\/Babcock-Wanson-1200x1200-1.png","type":"image\/png"}],"twitter_card":"summary_large_image","twitter_misc":{"Est. reading time":"2 minuty"},"schema":{"@context":"https:\/\/schema.org","@graph":[{"@type":"WebPage","@id":"https:\/\/www.babcock-wanson.com\/pl\/nasze-produkty\/","url":"https:\/\/www.babcock-wanson.com\/pl\/nasze-produkty\/","name":"Nasze produkty - Babcock Wanson","isPartOf":{"@id":"https:\/\/www.babcock-wanson.com\/pl\/#website"},"datePublished":"2020-10-27T14:34:01+00:00","dateModified":"2022-07-05T10:26:09+00:00","description":"Nasz\u0105 ofert\u0119 produkt\u00f3w opracowano tak, aby zapewni\u0107 klientom najlepsze kot\u0142y spe\u0142niaj\u0105ce ich wymogi.","breadcrumb":{"@id":"https:\/\/www.babcock-wanson.com\/pl\/nasze-produkty\/#breadcrumb"},"inLanguage":"pl-PL","potentialAction":[{"@type":"ReadAction","target":["https:\/\/www.babcock-wanson.com\/pl\/nasze-produkty\/"]}]},{"@type":"BreadcrumbList","@id":"https:\/\/www.babcock-wanson.com\/pl\/nasze-produkty\/#breadcrumb","itemListElement":[{"@type":"ListItem","position":1,"name":"Strona g\u0142\u00f3wna","item":"https:\/\/www.babcock-wanson.com\/pl\/"},{"@type":"ListItem","position":2,"name":"Nasze produkty"}]},{"@type":"WebSite","@id":"https:\/\/www.babcock-wanson.com\/pl\/#website","url":"https:\/\/www.babcock-wanson.com\/pl\/","name":"Babcock Wanson","description":"","publisher":{"@id":"https:\/\/www.babcock-wanson.com\/pl\/#organization"},"potentialAction":[{"@type":"SearchAction","target":{"@type":"EntryPoint","urlTemplate":"https:\/\/www.babcock-wanson.com\/pl\/?s={search_term_string}"},"query-input":{"@type":"PropertyValueSpecification","valueRequired":true,"valueName":"search_term_string"}}],"inLanguage":"pl-PL"},{"@type":"Organization","@id":"https:\/\/www.babcock-wanson.com\/pl\/#organization","name":"Babcock Wanson","url":"https:\/\/www.babcock-wanson.com\/pl\/","logo":{"@type":"ImageObject","inLanguage":"pl-PL","@id":"https:\/\/www.babcock-wanson.com\/pl\/#\/schema\/logo\/image\/","url":"https:\/\/www.babcock-wanson.com\/wp-content\/uploads\/2024\/02\/Babcock-Wanson-1200x1200-1.png","contentUrl":"https:\/\/www.babcock-wanson.com\/wp-content\/uploads\/2024\/02\/Babcock-Wanson-1200x1200-1.png","width":1200,"height":1200,"caption":"Babcock Wanson"},"image":{"@id":"https:\/\/www.babcock-wanson.com\/pl\/#\/schema\/logo\/image\/"},"sameAs":["https:\/\/www.linkedin.com\/company\/babcock-wanson\/","https:\/\/www.youtube.com\/channel\/UCtxl25VieBBsP2kYmtlyv7A"]}]}},"jetpack_sharing_enabled":true,"_links":{"self":[{"href":"https:\/\/www.babcock-wanson.com\/pl\/wp-json\/wp\/v2\/pages\/35042","targetHints":{"allow":["GET"]}}],"collection":[{"href":"https:\/\/www.babcock-wanson.com\/pl\/wp-json\/wp\/v2\/pages"}],"about":[{"href":"https:\/\/www.babcock-wanson.com\/pl\/wp-json\/wp\/v2\/types\/page"}],"author":[{"embeddable":true,"href":"https:\/\/www.babcock-wanson.com\/pl\/wp-json\/wp\/v2\/users\/1"}],"replies":[{"embeddable":true,"href":"https:\/\/www.babcock-wanson.com\/pl\/wp-json\/wp\/v2\/comments?post=35042"}],"version-history":[{"count":1,"href":"https:\/\/www.babcock-wanson.com\/pl\/wp-json\/wp\/v2\/pages\/35042\/revisions"}],"predecessor-version":[{"id":42929,"href":"https:\/\/www.babcock-wanson.com\/pl\/wp-json\/wp\/v2\/pages\/35042\/revisions\/42929"}],"wp:attachment":[{"href":"https:\/\/www.babcock-wanson.com\/pl\/wp-json\/wp\/v2\/media?parent=35042"}],"curies":[{"name":"wp","href":"https:\/\/api.w.org\/{rel}","templated":true}]}}