{"id":35304,"date":"2020-10-28T11:21:32","date_gmt":"2020-10-28T11:21:32","guid":{"rendered":"https:\/\/www.babcock-wanson.com\/uslugi\/wynajem-kotlow\/"},"modified":"2025-01-28T16:11:29","modified_gmt":"2025-01-28T16:11:29","slug":"wynajem-kotlow","status":"publish","type":"page","link":"https:\/\/www.babcock-wanson.com\/pl\/uslugi\/wynajem-kotlow\/","title":{"rendered":"Wynajem Kot\u0142\u00f3w"},"content":{"rendered":"<div class=\"vgblk-rw-wrapper limit-wrapper\">\n<h2>\n\tMamy <strong>kocio\u0142, kt\u00f3rego potrzebujesz<\/strong>\n\t<\/h2>\n\t<p>Oferowana przez Babcock Wanson us\u0142uga wynajmu obejmuje szerok\u0105 gam\u0119 kot\u0142\u00f3w umo\u017cliwiaj\u0105cych zaspokojenie potrzeb energetycznych &#8211; niezale\u017cnie od sytuacji.<\/p>\n<p>Typy kot\u0142\u00f3w &#8211; od 90\u00a0kW\u00a0do 12\u00a0000\u00a0kW:<\/p>\n<ul>\n<li>Kot\u0142y parowe<\/li>\n<li><a href=\"https:\/\/www.babcock-wanson.com\/pl\/kategoria-produktu\/wytwornice-pary\/\" rel=\"noopener\" target=\"_blank\">Szybkie wytwornice pary<\/a><\/li>\n<li><a href=\"https:\/\/www.babcock-wanson.com\/pl\/kategoria-produktu\/kotly-oleju-termalnego\/\" rel=\"noopener\" target=\"_blank\">Piece grzewcze na olej termiczny<\/a><\/li>\n<li>Kot\u0142y kontenerowe<\/li>\n<li>Kot\u0142y montowane na palecie<\/li>\n<\/ul>\n<p>Nasze kot\u0142y do wynaj\u0119cia to najnowsze, w\u00a0pe\u0142ni zautomatyzowane modele, cz\u0119sto zupe\u0142nie nowe. Wszystkie s\u0105 weryfikowane i\u00a0zatwierdzone przez odpowiednie organizacje. Mamy w\u00a0ofercie ponad 200\u00a0mobilnych kot\u0142\u00f3w i\u00a0kot\u0142owni do wynaj\u0119cia, w\u00a0tym kot\u0142y na paletach i\u00a0w\u00a0kontenerach, gotowe do natychmiastowego pod\u0142\u0105czenia.<\/p>\n<p>Umo\u017cliwiamy r\u00f3wnie\u017c wynajem innych urz\u0105dze\u0144, takich jak systemy paletowe do <a href=\"https:\/\/www.babcock-wanson.com\/pl\/kategoria-produktu\/systemy-uzdatniania-wody\/\" rel=\"noopener\" target=\"_blank\">uzdatniania wody<\/a>, <a href=\"https:\/\/www.babcock-wanson.com\/pl\/produkty\/systemy-uzdatniania-wody\/zmiekczanie-wody-przemyslowej\/\" rel=\"noopener\" target=\"_blank\">zmi\u0119kczacze<\/a>, zbiorniki na paliwo, agregaty pr\u0105dotw\u00f3rcze i\u00a0elastyczne urz\u0105dzenia przy\u0142\u0105czeniowe.<\/p>\n<h3>\n\tDlaczego <strong>warto wynaj\u0105\u0107 kocio\u0142<\/strong>?\n\t<\/h3>\n\t<p>Wynajem kot\u0142\u00f3w to wygodne, elastyczne, op\u0142acalne rozwi\u0105zanie kr\u00f3tko- i\u00a0\u015brednioterminowe w\u00a0zakresie wzrostu zapotrzebowania na ciep\u0142o, kt\u00f3re mo\u017ce dotyczy\u0107 sezonu grzewczego, pracy w\u00a0kot\u0142owni oraz wymaga\u0144 zwi\u0105zanych z\u00a0dodatkowym bezpiecze\u0144stwem, planowanym\/nieplanowanym przestojem lub innymi nieprzewidzianymi okoliczno\u015bciami.<\/p>\n<p>Mo\u017cemy dostarczy\u0107 kot\u0142y na paletach i\u00a0w\u00a0kontenerach do dowolnego miejsca w\u00a0Europie i\u00a0Afryce P\u00f3\u0142nocnej.\u00a0 W\u00a0celu zapewnienia maksymalnej wygody nasi serwisanci mog\u0105 zorganizowa\u0107 ewentualny monta\u017c kot\u0142a i\u00a0jego uruchomienie oraz zapewni\u0107 pomoc techniczn\u0105 i\u00a0<a href=\"https:\/\/www.babcock-wanson.com\/pl\/uslugi\/szkolenia-z-obslugi-kotlowni\/\" target=\"_blank\" rel=\"noopener\">szkolenie personelu<\/a>.<\/p>\n<p>Wynajem kot\u0142\u00f3w Babcock Wanson zapewnia nast\u0119puj\u0105ce korzy\u015bci:<\/p>\n<ul>\n<li>Brak ustalonych ogranicze\u0144 w\u00a0zakresie przepis\u00f3w budowlanych lub in\u017cynieryjnych<\/li>\n<li>\u0141atwy transport w\u00a0przypadku standardowych rozmiar\u00f3w (stosowane s\u0105 standardowe kontenery do normalnego transportu drogowego)<\/li>\n<li>Bardzo szybka instalacja, pod\u0142\u0105czenie i\u00a0uruchomienie<\/li>\n<li>Kontrola koszt\u00f3w z\u00a0mo\u017cliwo\u015bci\u0105 pe\u0142nego finansowania<\/li>\n<li>Prefabrykowana, wyposa\u017cona i\u00a0przetestowana kot\u0142ownia z\u00a0gwarancj\u0105 producenta<\/li>\n<\/ul>\n<p>&nbsp;<\/p>\n<h3>Odwied\u017a nasz\u0105 dedykowan\u0105 stron\u0119 internetow\u0105 dotycz\u0105c\u0105 wynajmu: <a href=\"https:\/\/www.babcock-wanson-rental.com\" target=\"_blank\" rel=\"noopener\">https:\/\/www.babcock-wanson-rental.com<\/a><\/h3>\n<h5>\n\tOFERUJEMY R\u00d3WNIE\u017b\n\t<\/h5>\n<h2>\n\t<strong>Us\u0142ugi<\/strong>  Dodatkowe\n\t<\/h2>\n<h4>\n\t\t\t<a href=\"https:\/\/www.babcock-wanson.com\/pl\/uslugi\/wynajem-kotlow\/\" title=\"Wynajem Kot\u0142\u00f3w\" target=\"_self\">\n\tWynajem Kot\u0142\u00f3w\n\t\t\t<\/a>\n\t<\/h4>\n\t<p><strong>Babcock Wanson<\/strong> oferuje szerok\u0105 gam\u0119 kot\u0142\u00f3w do wynaj\u0119cia, celem zaspokojenia potrzeb energetycznych &#8211; niezale\u017cnie od sytuacji.<\/p>\n<h4>\n\t\t\t<a href=\"https:\/\/www.babcock-wanson.com\/pl\/uslugi\/szkolenia-z-obslugi-kotlowni\/\" title=\"Szkolenia z Obs\u0142ugi Kot\u0142owni\" target=\"_self\">\n\tSzkolenia z Obs\u0142ugi Kot\u0142owni\n\t\t\t<\/a>\n\t<\/h4>\n\t<p>Aby pom\u00f3c w\u00a0jak najlepszym wykorzystaniu urz\u0105dze\u0144 firmy <strong>Babcock Wanson<\/strong>, oferujemy szereg elastycznych opcji szkolenia w\u00a0zakresie Urz\u0105dze\u0144  Przemys\u0142owych.<\/p>\n<h4>\n\t\t\t<a href=\"https:\/\/www.babcock-wanson.com\/pl\/uslugi\/modernizacje-i-remonty-kotlow-przemyslowych\/optymalizacja-kotlowni\/\" title=\"Optymalizacja Kot\u0142owni\" target=\"_self\">\n\tOptymalizacja Kot\u0142owni\n\t\t\t<\/a>\n\t<\/h4>\n\t<p>In\u017cynierowie z\u00a0firmy <strong>Babcock Wanson<\/strong> opracuj\u0105 szczeg\u00f3\u0142owy raport dotycz\u0105cy optymalizacji kot\u0142owni pod k\u0105tem uzyskania maksymalnej Sprawno\u015bci   przy minimalnych kosztach eksploatacji.<\/p>\n\n<\/div><!-- .vgblk-rw-wrapper -->","protected":false},"excerpt":{"rendered":"<p>Mamy kocio\u0142, kt\u00f3rego potrzebujesz Oferowana przez Babcock Wanson us\u0142uga wynajmu obejmuje szerok\u0105 gam\u0119 kot\u0142\u00f3w umo\u017cliwiaj\u0105cych zaspokojenie potrzeb energetycznych &#8211; niezale\u017cnie od sytuacji. Typy kot\u0142\u00f3w &#8211; od 90\u00a0kW\u00a0do 12\u00a0000\u00a0kW: Kot\u0142y parowe Szybkie wytwornice pary Piece grzewcze na olej termiczny Kot\u0142y kontenerowe Kot\u0142y montowane na palecie Nasze kot\u0142y do wynaj\u0119cia to najnowsze, w\u00a0pe\u0142ni zautomatyzowane modele, cz\u0119sto zupe\u0142nie&#8230;<\/p>\n","protected":false},"author":1,"featured_media":0,"parent":35115,"menu_order":0,"comment_status":"closed","ping_status":"closed","template":"","meta":{"_acf_changed":false,"_relevanssi_hide_post":"","_relevanssi_hide_content":"","_relevanssi_pin_for_all":"","_relevanssi_pin_keywords":"","_relevanssi_unpin_keywords":"","_relevanssi_related_keywords":"","_relevanssi_related_include_ids":"","_relevanssi_related_exclude_ids":"","_relevanssi_related_no_append":"","_relevanssi_related_not_related":"","_relevanssi_related_posts":"","_relevanssi_noindex_reason":"","footnotes":""},"class_list":["post-35304","page","type-page","status-publish","hentry"],"acf":[],"yoast_head":"<!-- This site is optimized with the Yoast SEO Premium plugin v27.4 (Yoast SEO v27.4) - https:\/\/yoast.com\/product\/yoast-seo-premium-wordpress\/ -->\n<title>Wynajem Kot\u0142\u00f3w - Babcock Wanson<\/title>\n<meta name=\"description\" content=\"Oferowana przez Babcock Wanson us\u0142uga wynajmu obejmuje szerok\u0105 gam\u0119 kot\u0142\u00f3w umo\u017cliwiaj\u0105cych zaspokojenie potrzeb energetycznych \u2013 niezale\u017cnie od sytuacji.\" \/>\n<meta name=\"robots\" content=\"index, follow, max-snippet:-1, max-image-preview:large, max-video-preview:-1\" \/>\n<link rel=\"canonical\" href=\"https:\/\/www.babcock-wanson.com\/pl\/uslugi\/wynajem-kotlow\/\" \/>\n<meta property=\"og:locale\" content=\"pl_PL\" \/>\n<meta property=\"og:type\" content=\"article\" \/>\n<meta property=\"og:title\" content=\"Wynajem Kot\u0142\u00f3w\" \/>\n<meta property=\"og:description\" content=\"Oferowana przez Babcock Wanson us\u0142uga wynajmu obejmuje szerok\u0105 gam\u0119 kot\u0142\u00f3w umo\u017cliwiaj\u0105cych zaspokojenie potrzeb energetycznych \u2013 niezale\u017cnie od sytuacji.\" \/>\n<meta property=\"og:url\" content=\"https:\/\/www.babcock-wanson.com\/pl\/uslugi\/wynajem-kotlow\/\" \/>\n<meta property=\"og:site_name\" content=\"Babcock Wanson\" \/>\n<meta property=\"article:modified_time\" content=\"2025-01-28T16:11:29+00:00\" \/>\n<meta property=\"og:image\" content=\"https:\/\/www.babcock-wanson.com\/wp-content\/uploads\/2024\/02\/Babcock-Wanson-1200x1200-1.png\" \/>\n\t<meta property=\"og:image:width\" content=\"1200\" \/>\n\t<meta property=\"og:image:height\" content=\"1200\" \/>\n\t<meta property=\"og:image:type\" content=\"image\/png\" \/>\n<meta name=\"twitter:card\" content=\"summary_large_image\" \/>\n<meta name=\"twitter:label1\" content=\"Est. reading time\" \/>\n\t<meta name=\"twitter:data1\" content=\"2 minuty\" \/>\n<script type=\"application\/ld+json\" class=\"yoast-schema-graph\">{\"@context\":\"https:\\\/\\\/schema.org\",\"@graph\":[{\"@type\":\"WebPage\",\"@id\":\"https:\\\/\\\/www.babcock-wanson.com\\\/pl\\\/uslugi\\\/wynajem-kotlow\\\/\",\"url\":\"https:\\\/\\\/www.babcock-wanson.com\\\/pl\\\/uslugi\\\/wynajem-kotlow\\\/\",\"name\":\"Wynajem Kot\u0142\u00f3w - Babcock Wanson\",\"isPartOf\":{\"@id\":\"https:\\\/\\\/www.babcock-wanson.com\\\/pl\\\/#website\"},\"datePublished\":\"2020-10-28T11:21:32+00:00\",\"dateModified\":\"2025-01-28T16:11:29+00:00\",\"description\":\"Oferowana przez Babcock Wanson us\u0142uga wynajmu obejmuje szerok\u0105 gam\u0119 kot\u0142\u00f3w umo\u017cliwiaj\u0105cych zaspokojenie potrzeb energetycznych \u2013 niezale\u017cnie od sytuacji.\",\"breadcrumb\":{\"@id\":\"https:\\\/\\\/www.babcock-wanson.com\\\/pl\\\/uslugi\\\/wynajem-kotlow\\\/#breadcrumb\"},\"inLanguage\":\"pl-PL\",\"potentialAction\":[{\"@type\":\"ReadAction\",\"target\":[\"https:\\\/\\\/www.babcock-wanson.com\\\/pl\\\/uslugi\\\/wynajem-kotlow\\\/\"]}]},{\"@type\":\"BreadcrumbList\",\"@id\":\"https:\\\/\\\/www.babcock-wanson.com\\\/pl\\\/uslugi\\\/wynajem-kotlow\\\/#breadcrumb\",\"itemListElement\":[{\"@type\":\"ListItem\",\"position\":1,\"name\":\"Strona g\u0142\u00f3wna\",\"item\":\"https:\\\/\\\/www.babcock-wanson.com\\\/pl\\\/\"},{\"@type\":\"ListItem\",\"position\":2,\"name\":\"Us\u0142ugi\",\"item\":\"https:\\\/\\\/www.babcock-wanson.com\\\/pl\\\/uslugi\\\/\"},{\"@type\":\"ListItem\",\"position\":3,\"name\":\"Wynajem Kot\u0142\u00f3w\"}]},{\"@type\":\"WebSite\",\"@id\":\"https:\\\/\\\/www.babcock-wanson.com\\\/pl\\\/#website\",\"url\":\"https:\\\/\\\/www.babcock-wanson.com\\\/pl\\\/\",\"name\":\"Babcock Wanson\",\"description\":\"\",\"publisher\":{\"@id\":\"https:\\\/\\\/www.babcock-wanson.com\\\/pl\\\/#organization\"},\"potentialAction\":[{\"@type\":\"SearchAction\",\"target\":{\"@type\":\"EntryPoint\",\"urlTemplate\":\"https:\\\/\\\/www.babcock-wanson.com\\\/pl\\\/?s={search_term_string}\"},\"query-input\":{\"@type\":\"PropertyValueSpecification\",\"valueRequired\":true,\"valueName\":\"search_term_string\"}}],\"inLanguage\":\"pl-PL\"},{\"@type\":\"Organization\",\"@id\":\"https:\\\/\\\/www.babcock-wanson.com\\\/pl\\\/#organization\",\"name\":\"Babcock Wanson\",\"url\":\"https:\\\/\\\/www.babcock-wanson.com\\\/pl\\\/\",\"logo\":{\"@type\":\"ImageObject\",\"inLanguage\":\"pl-PL\",\"@id\":\"https:\\\/\\\/www.babcock-wanson.com\\\/pl\\\/#\\\/schema\\\/logo\\\/image\\\/\",\"url\":\"https:\\\/\\\/www.babcock-wanson.com\\\/wp-content\\\/uploads\\\/2024\\\/02\\\/Babcock-Wanson-1200x1200-1.png\",\"contentUrl\":\"https:\\\/\\\/www.babcock-wanson.com\\\/wp-content\\\/uploads\\\/2024\\\/02\\\/Babcock-Wanson-1200x1200-1.png\",\"width\":1200,\"height\":1200,\"caption\":\"Babcock Wanson\"},\"image\":{\"@id\":\"https:\\\/\\\/www.babcock-wanson.com\\\/pl\\\/#\\\/schema\\\/logo\\\/image\\\/\"},\"sameAs\":[\"https:\\\/\\\/www.linkedin.com\\\/company\\\/babcock-wanson\\\/\",\"https:\\\/\\\/www.youtube.com\\\/channel\\\/UCtxl25VieBBsP2kYmtlyv7A\"]}]}<\/script>\n<!-- \/ Yoast SEO Premium plugin. -->","yoast_head_json":{"title":"Wynajem Kot\u0142\u00f3w - Babcock Wanson","description":"Oferowana przez Babcock Wanson us\u0142uga wynajmu obejmuje szerok\u0105 gam\u0119 kot\u0142\u00f3w umo\u017cliwiaj\u0105cych zaspokojenie potrzeb energetycznych \u2013 niezale\u017cnie od sytuacji.","robots":{"index":"index","follow":"follow","max-snippet":"max-snippet:-1","max-image-preview":"max-image-preview:large","max-video-preview":"max-video-preview:-1"},"canonical":"https:\/\/www.babcock-wanson.com\/pl\/uslugi\/wynajem-kotlow\/","og_locale":"pl_PL","og_type":"article","og_title":"Wynajem Kot\u0142\u00f3w","og_description":"Oferowana przez Babcock Wanson us\u0142uga wynajmu obejmuje szerok\u0105 gam\u0119 kot\u0142\u00f3w umo\u017cliwiaj\u0105cych zaspokojenie potrzeb energetycznych \u2013 niezale\u017cnie od sytuacji.","og_url":"https:\/\/www.babcock-wanson.com\/pl\/uslugi\/wynajem-kotlow\/","og_site_name":"Babcock Wanson","article_modified_time":"2025-01-28T16:11:29+00:00","og_image":[{"width":1200,"height":1200,"url":"https:\/\/www.babcock-wanson.com\/wp-content\/uploads\/2024\/02\/Babcock-Wanson-1200x1200-1.png","type":"image\/png"}],"twitter_card":"summary_large_image","twitter_misc":{"Est. reading time":"2 minuty"},"schema":{"@context":"https:\/\/schema.org","@graph":[{"@type":"WebPage","@id":"https:\/\/www.babcock-wanson.com\/pl\/uslugi\/wynajem-kotlow\/","url":"https:\/\/www.babcock-wanson.com\/pl\/uslugi\/wynajem-kotlow\/","name":"Wynajem Kot\u0142\u00f3w - Babcock Wanson","isPartOf":{"@id":"https:\/\/www.babcock-wanson.com\/pl\/#website"},"datePublished":"2020-10-28T11:21:32+00:00","dateModified":"2025-01-28T16:11:29+00:00","description":"Oferowana przez Babcock Wanson us\u0142uga wynajmu obejmuje szerok\u0105 gam\u0119 kot\u0142\u00f3w umo\u017cliwiaj\u0105cych zaspokojenie potrzeb energetycznych \u2013 niezale\u017cnie od sytuacji.","breadcrumb":{"@id":"https:\/\/www.babcock-wanson.com\/pl\/uslugi\/wynajem-kotlow\/#breadcrumb"},"inLanguage":"pl-PL","potentialAction":[{"@type":"ReadAction","target":["https:\/\/www.babcock-wanson.com\/pl\/uslugi\/wynajem-kotlow\/"]}]},{"@type":"BreadcrumbList","@id":"https:\/\/www.babcock-wanson.com\/pl\/uslugi\/wynajem-kotlow\/#breadcrumb","itemListElement":[{"@type":"ListItem","position":1,"name":"Strona g\u0142\u00f3wna","item":"https:\/\/www.babcock-wanson.com\/pl\/"},{"@type":"ListItem","position":2,"name":"Us\u0142ugi","item":"https:\/\/www.babcock-wanson.com\/pl\/uslugi\/"},{"@type":"ListItem","position":3,"name":"Wynajem Kot\u0142\u00f3w"}]},{"@type":"WebSite","@id":"https:\/\/www.babcock-wanson.com\/pl\/#website","url":"https:\/\/www.babcock-wanson.com\/pl\/","name":"Babcock Wanson","description":"","publisher":{"@id":"https:\/\/www.babcock-wanson.com\/pl\/#organization"},"potentialAction":[{"@type":"SearchAction","target":{"@type":"EntryPoint","urlTemplate":"https:\/\/www.babcock-wanson.com\/pl\/?s={search_term_string}"},"query-input":{"@type":"PropertyValueSpecification","valueRequired":true,"valueName":"search_term_string"}}],"inLanguage":"pl-PL"},{"@type":"Organization","@id":"https:\/\/www.babcock-wanson.com\/pl\/#organization","name":"Babcock Wanson","url":"https:\/\/www.babcock-wanson.com\/pl\/","logo":{"@type":"ImageObject","inLanguage":"pl-PL","@id":"https:\/\/www.babcock-wanson.com\/pl\/#\/schema\/logo\/image\/","url":"https:\/\/www.babcock-wanson.com\/wp-content\/uploads\/2024\/02\/Babcock-Wanson-1200x1200-1.png","contentUrl":"https:\/\/www.babcock-wanson.com\/wp-content\/uploads\/2024\/02\/Babcock-Wanson-1200x1200-1.png","width":1200,"height":1200,"caption":"Babcock Wanson"},"image":{"@id":"https:\/\/www.babcock-wanson.com\/pl\/#\/schema\/logo\/image\/"},"sameAs":["https:\/\/www.linkedin.com\/company\/babcock-wanson\/","https:\/\/www.youtube.com\/channel\/UCtxl25VieBBsP2kYmtlyv7A"]}]}},"jetpack_sharing_enabled":true,"_links":{"self":[{"href":"https:\/\/www.babcock-wanson.com\/pl\/wp-json\/wp\/v2\/pages\/35304","targetHints":{"allow":["GET"]}}],"collection":[{"href":"https:\/\/www.babcock-wanson.com\/pl\/wp-json\/wp\/v2\/pages"}],"about":[{"href":"https:\/\/www.babcock-wanson.com\/pl\/wp-json\/wp\/v2\/types\/page"}],"author":[{"embeddable":true,"href":"https:\/\/www.babcock-wanson.com\/pl\/wp-json\/wp\/v2\/users\/1"}],"replies":[{"embeddable":true,"href":"https:\/\/www.babcock-wanson.com\/pl\/wp-json\/wp\/v2\/comments?post=35304"}],"version-history":[{"count":2,"href":"https:\/\/www.babcock-wanson.com\/pl\/wp-json\/wp\/v2\/pages\/35304\/revisions"}],"predecessor-version":[{"id":50728,"href":"https:\/\/www.babcock-wanson.com\/pl\/wp-json\/wp\/v2\/pages\/35304\/revisions\/50728"}],"up":[{"embeddable":true,"href":"https:\/\/www.babcock-wanson.com\/pl\/wp-json\/wp\/v2\/pages\/35115"}],"wp:attachment":[{"href":"https:\/\/www.babcock-wanson.com\/pl\/wp-json\/wp\/v2\/media?parent=35304"}],"curies":[{"name":"wp","href":"https:\/\/api.w.org\/{rel}","templated":true}]}}