{"id":35347,"date":"2020-10-28T13:36:17","date_gmt":"2020-10-28T13:36:17","guid":{"rendered":"https:\/\/www.babcock-wanson.com\/uslugi\/umowy-serwisowe\/"},"modified":"2022-01-12T15:35:22","modified_gmt":"2022-01-12T15:35:22","slug":"umowy-serwisowe","status":"publish","type":"page","link":"https:\/\/www.babcock-wanson.com\/pl\/uslugi\/umowy-serwisowe\/","title":{"rendered":"Umowy Serwisowe"},"content":{"rendered":"<div class=\"vgblk-rw-wrapper limit-wrapper\"><h2>\n\tDlaczego <strong>Babcock Wanson<\/strong>?\n\t<\/h2>\n\t<p>Babcock Wanson oferuje pe\u0142ny zakres kontrakt\u00f3w na konserwacj\u0119 zapobiegawcz\u0105 i\u00a0naprawcz\u0105, dostosowanych do potrzeb naszych klient\u00f3w.<\/p>\n<p>Nasi wysoko wykwalifikowani, wyspecjalizowani in\u017cynierowie serwisowi znaj\u0105 sprz\u0119t firmy Babcock Wanson od podszewki. Na przestrzeni lat widzieli setki takich system\u00f3w ogrzewania procesowego i\u00a0byli \u015bwiadkami ka\u017cdego problemu, kt\u00f3ry potencjalnie mo\u017ce si\u0119 pojawi\u0107. Zdobyte w\u00a0ten spos\u00f3b do\u015bwiadczenie sprawia, \u017ce s\u0105 oni najlepiej przygotowani do szybkiego rozpoznawania wszelkich problem\u00f3w i\u00a0wiedz\u0105, jak je rozwi\u0105za\u0107. In\u017cynierowie firmy Babcock Wanson oferuj\u0105 odpowiednie do\u015bwiadczenie i\u00a0wydajno\u015b\u0107, co przek\u0142ada si\u0119 na minimalny czas przestoju.<\/p>\n<p>Korzy\u015bci oferowane przez kontrakty serwisowe Babcock Wanson na konserwacj\u0119 przemys\u0142ow\u0105:<\/p>\n<ul>\n<li>Ekonomiczna planowana konserwacja<\/li>\n<li>Poprawa bezpiecze\u0144stwa<\/li>\n<li>Wi\u0119ksza niezawodno\u015b\u0107 sprz\u0119tu<\/li>\n<li>D\u0142u\u017csza \u017cywotno\u015b\u0107<\/li>\n<li>Zredukowane koszty eksploatacji kot\u0142owni<\/li>\n<\/ul>\n<p>Ponad 4000\u00a0kontrakt\u00f3w serwisowych na ca\u0142ym \u015bwiecie<\/p>\n<h3>\n\tZgodno\u015b\u0107 z <strong>wymogami prawnymi<\/strong>\n\t<\/h3>\n\t<p>W\u00a0przypadku utrzymania kot\u0142owni lub instalacji z\u00a0dowolnym systemem ogrzewania procesowego istnieje obowi\u0105zek starannego zarz\u0105dzania ryzykiem zwi\u0105zanym ze specyfik\u0105 miejsca pracy oraz zapewnienia bezpiecze\u0144stwa znajduj\u0105cych si\u0119 w\u00a0nim urz\u0105dze\u0144.<\/p>\n<p>Istnieje wiele czynnik\u00f3w, kt\u00f3re przyczyniaj\u0105 si\u0119 do bezpiecznej pracy kot\u0142a:<\/p>\n<ul>\n<li>Specyfikacja i\u00a0stan kot\u0142a oraz powi\u0105zana instalacja<\/li>\n<li>Eksploatacja i\u00a0konserwacja kot\u0142a<\/li>\n<li>Bezpieczne procedury pracy, w\u00a0tym zarz\u0105dzanie i\u00a0nadz\u00f3r<\/li>\n<li>Kompetencje personelu i\u00a0<a href=\"https:\/\/www.babcock-wanson.com\/pl\/uslugi\/szkolenia-z-obslugi-kotlowni\/\" rel=\"noopener\" target=\"_blank\">szkolenia<\/a> uko\u0144czone przez personel<\/li>\n<li>Niezawodno\u015b\u0107 elektronicznego systemu sterowania<\/li>\n<li>Cz\u0119stotliwo\u015b\u0107 kontrolowania i\u00a0testowania kot\u0142a<\/li>\n<li>Kot\u0142ownia jako ca\u0142o\u015b\u0107<\/li>\n<\/ul>\n<p>Konserwacja instalacji jest niezb\u0119dna, aby zapewni\u0107 bezpieczn\u0105 eksploatacj\u0119 i\u00a0p\u0142ynn\u0105 prac\u0119. Kontrakt serwisowy Babcock Wanson jest dostosowany do lokalnych wymog\u00f3w prawnych. Zapewnia korzy\u015bci nie tylko z\u00a0operacyjnego punktu widzenia, gdy\u017c zapewnia regularne przegl\u0105dy, ale stanowi r\u00f3wnie\u017c potwierdzenie zaanga\u017cowania w\u00a0tworzenie bezpiecznego miejsca pracy i\u00a0zgodno\u015bci z\u00a0przepisami.<\/p>\n<h3>\n\tKontrakty serwisowe Babcock Wanson na <strong>konserwacj\u0119 przemys\u0142ow\u0105<\/strong>\n\t<\/h3>\n\t<p>Ka\u017cdy klient r\u00f3\u017cni si\u0119 konfiguracj\u0105 instalacji i\u00a0wymaganiami w\u00a0zakresie konserwacji, dlatego wszystkie kontrakty serwisowe Babcock Wanson na konserwacj\u0119 przemys\u0142ow\u0105 s\u0105 opracowywane na zam\u00f3wienie. W\u00a0zale\u017cno\u015bci od wymaga\u0144 mo\u017cemy zapewni\u0107:<\/p>\n<ul>\n<li>Okresowe wizyty konserwacyjne specjalistycznych in\u017cynier\u00f3w terenowych<\/li>\n<li><a href=\"https:\/\/www.babcock-wanson.com\/pl\/uslugi\/czesci-zamienne\/\" rel=\"noopener\" target=\"_blank\">Zamienne cz\u0119\u015bci<\/a> podlegaj\u0105ce zu\u017cyciu i\u00a0cz\u0119\u015bci eksploatacyjne<\/li>\n<li>Us\u0142ugi z\u00a0zakresu <a href=\"https:\/\/www.babcock-wanson.com\/pl\/kategoria-produktu\/systemy-uzdatniania-wody\/\" rel=\"noopener\" target=\"_blank\">uzdatniania wody<\/a>, w\u00a0tym zaopatrzenie w\u00a0substancje chemiczne i\u00a0monitorowanie jako\u015bci wody<\/li>\n<li>Us\u0142ugi na wezwanie<\/li>\n<li>Zdalne wsparcie cyfrowe, w\u00a0tym monitorowanie kot\u0142a (monitorowanie warto\u015bci progowych i\u00a0alarm\u00f3w), monitorowanie sprawno\u015bci energetycznej, analiza jako\u015bci wody poprzez dedykowan\u0105 aplikacj\u0119 (e-Water) oraz portal klienta zapewniaj\u0105cy natychmiastowy dost\u0119p do informacji<\/li>\n<li>Ponadto, w\u00a0razie potrzeby, szereg dodatkowych us\u0142ug, w\u00a0tym termografia i\u00a0analiza oleju termicznego<\/li>\n<\/ul>\n<h3>\n\t<strong>Przed\u0142u\u017cenie gwarancji<\/strong>\n\t<\/h3>\n\t<p>W\u00a0po\u0142\u0105czeniu z\u00a0kontraktem serwisowym firma Babcock Wanson mo\u017ce zaoferowa\u0107 rozszerzon\u0105 gwarancj\u0119:<\/p>\n<ul>\n<li>Palnik: palnik to po\u0142\u0105czenie uzupe\u0142niaj\u0105cych si\u0119 technologii, od kt\u00f3rych zale\u017cy wydajno\u015b\u0107 kot\u0142owni. Dzi\u0119ki kontraktowi serwisowemu mo\u017cemy zapewni\u0107 d\u0142ugotrwa\u0142e dzia\u0142anie palnika (do 10\u00a0lat przed\u0142u\u017conej gwarancji).<\/li>\n<li>Palnik + kocio\u0142: gdy klient korzysta z\u00a0naszej us\u0142ugi uzdatniania wody, mo\u017cemy zaoferowa\u0107 mu przed\u0142u\u017con\u0105 gwarancj\u0119 do 10\u00a0lat na kot\u0142y w\u0119\u017cownicowe lub <a href=\"https:\/\/www.babcock-wanson.com\/pl\/kategoria-produktu\/kotly-plomienicowo-plomieniowkowe\/\" rel=\"noopener\" target=\"_blank\">kot\u0142y p\u0142omieni\u00f3wkowe<\/a>.<\/li>\n<li>Piece grzewcze na <a href=\"https:\/\/www.babcock-wanson.com\/pl\/kategoria-produktu\/kotly-oleju-termalnego\/\" rel=\"noopener\" target=\"_blank\">olej termiczny<\/a> TPC: pi\u0119cioletnia, elastyczna gwarancja producenta obejmuj\u0105ca piec grzewczy i wybrane urz\u0105dzenia pomocnicze, w tym pomp\u0119 cyrkulacyjn\u0105 i pomocnicze modu\u0142y systemowe, oraz rutynow\u0105 analiz\u0119 oleju termicznego.<\/li>\n<\/ul>\n<h3>\n\t<strong>Wydajno\u015b\u0107 naszych klient\u00f3w to nasz priorytet<\/strong>\n\t<\/h3>\n\t<p>Wiemy, \u017ce awaria kot\u0142a cz\u0119sto oznacza przerw\u0119 w\u00a0produkcji, dlatego jeste\u015bmy przekonani, \u017ce nasze doskona\u0142e kontrakty serwisowe zapewni\u0105 minimalne przestoje.<\/p>\n<ul>\n<li>Konserwacja prewencyjna, dy\u017cury na \u017c\u0105danie i\u00a0zdalne monitorowanie zak\u0142adu pozwalaj\u0105 nam zapewni\u0107 wysoki poziom dost\u0119pno\u015bci i\u00a0minimalizacj\u0119 wszelkich problem\u00f3w zwi\u0105zanych z\u00a0kot\u0142owni\u0105.<\/li>\n<\/ul>\n<p>Zapewniamy r\u00f3wnie\u017c wysoki poziom sprawno\u015bci energetycznej i\u00a0minimalny wp\u0142yw na \u015brodowisko naturalne. W\u00a0d\u0142u\u017cszej perspektywie parametry robocze kot\u0142owni mog\u0105 odbiega\u0107 od pocz\u0105tkowych warto\u015bci, co mo\u017ce prowadzi\u0107 do wzrostu zu\u017cycia paliwa lub emisji zanieczyszcze\u0144. Dzi\u0119ki kontrolom i\u00a0regulacjom przeprowadzanym w\u00a0ramach naszego kontraktu serwisowego gwarantujemy stabiln\u0105 i\u00a0niezawodn\u0105 prac\u0119 kot\u0142owni.<\/p>\n<h5>\n\tOFERUJEMY R\u00d3WNIE\u017b\n\t<\/h5>\n<h2>\n\t<strong>Us\u0142ugi<\/strong>  Dodatkowe\n\t<\/h2>\n<h4>\n\t\t\t<a href=\"https:\/\/www.babcock-wanson.com\/services\/boiler-rental\/\" title=\"Wynajem Kot\u0142\u00f3w\" target=\"_self\" rel=\"noopener\">\n\tWynajem Kot\u0142\u00f3w\n\t\t\t<\/a>\n\t<\/h4>\n\t<p><strong>Babcock Wanson<\/strong> oferuje szerok\u0105 gam\u0119 kot\u0142\u00f3w do wynaj\u0119cia, celem zaspokojenia potrzeb energetycznych \u2013 niezale\u017cnie od sytuacji.<\/p>\n<h4>\n\t\t\t<a href=\"https:\/\/www.babcock-wanson.com\/services\/industrial-boiler-management-training\/\" title=\"Szkolenia z Obs\u0142ugi Kot\u0142owni\" target=\"_self\" rel=\"noopener\">\n\tSzkolenia z Obs\u0142ugi Kot\u0142owni\n\t\t\t<\/a>\n\t<\/h4>\n\t<p>Aby pom\u00f3c w\u00a0jak najlepszym wykorzystaniu urz\u0105dze\u0144 firmy <strong>Babcock Wanson<\/strong>, oferujemy szereg elastycznych opcji szkolenia w\u00a0zakresie Urz\u0105dze\u0144  Przemys\u0142owych.<\/p>\n<h4>\n\t\t\t<a href=\"https:\/\/www.babcock-wanson.com\/services\/industrial-boiler-refurbishment-upgrades\/boiler-room-optimisation\/\" title=\"Optymalizacja Kot\u0142owni\" target=\"_self\" rel=\"noopener\">\n\tOptymalizacja Kot\u0142owni\n\t\t\t<\/a>\n\t<\/h4>\n\t<p>In\u017cynierowie z\u00a0firmy <strong>Babcock Wanson<\/strong> opracuj\u0105 szczeg\u00f3\u0142owy raport dotycz\u0105cy optymalizacji kot\u0142owni pod k\u0105tem uzyskania maksymalnej Sprawno\u015bci   przy minimalnych kosztach eksploatacji.<\/p>\n<\/div><!-- .vgblk-rw-wrapper -->","protected":false},"excerpt":{"rendered":"<p>Dlaczego Babcock Wanson? Babcock Wanson oferuje pe\u0142ny zakres kontrakt\u00f3w na konserwacj\u0119 zapobiegawcz\u0105 i\u00a0naprawcz\u0105, dostosowanych do potrzeb naszych klient\u00f3w. Nasi wysoko wykwalifikowani, wyspecjalizowani in\u017cynierowie serwisowi znaj\u0105 sprz\u0119t firmy Babcock Wanson od podszewki. Na przestrzeni lat widzieli setki takich system\u00f3w ogrzewania procesowego i\u00a0byli \u015bwiadkami ka\u017cdego problemu, kt\u00f3ry potencjalnie mo\u017ce si\u0119 pojawi\u0107. Zdobyte w\u00a0ten spos\u00f3b do\u015bwiadczenie sprawia, \u017ce&#8230;<\/p>\n","protected":false},"author":1,"featured_media":0,"parent":35115,"menu_order":0,"comment_status":"closed","ping_status":"closed","template":"","meta":{"_acf_changed":false,"_relevanssi_hide_post":"","_relevanssi_hide_content":"","_relevanssi_pin_for_all":"","_relevanssi_pin_keywords":"","_relevanssi_unpin_keywords":"","_relevanssi_related_keywords":"","_relevanssi_related_include_ids":"","_relevanssi_related_exclude_ids":"","_relevanssi_related_no_append":"","_relevanssi_related_not_related":"","_relevanssi_related_posts":"","_relevanssi_noindex_reason":"","footnotes":""},"class_list":["post-35347","page","type-page","status-publish","hentry"],"acf":[],"yoast_head":"<!-- This site is optimized with the Yoast SEO Premium plugin v27.4 (Yoast SEO v27.4) - https:\/\/yoast.com\/product\/yoast-seo-premium-wordpress\/ -->\n<title>Umowy Serwisowe - Babcock Wanson<\/title>\n<meta name=\"description\" content=\"Babcock Wanson oferuje pe\u0142ny zakres kontrakt\u00f3w na konserwacj\u0119 zapobiegawcz\u0105 i naprawcz\u0105, dostosowanych do potrzeb naszych klient\u00f3w.\" \/>\n<meta name=\"robots\" content=\"index, follow, max-snippet:-1, max-image-preview:large, max-video-preview:-1\" \/>\n<link rel=\"canonical\" href=\"https:\/\/www.babcock-wanson.com\/pl\/uslugi\/umowy-serwisowe\/\" \/>\n<meta property=\"og:locale\" content=\"pl_PL\" \/>\n<meta property=\"og:type\" content=\"article\" \/>\n<meta property=\"og:title\" content=\"Umowy Serwisowe\" \/>\n<meta property=\"og:description\" content=\"Babcock Wanson oferuje pe\u0142ny zakres kontrakt\u00f3w na konserwacj\u0119 zapobiegawcz\u0105 i naprawcz\u0105, dostosowanych do potrzeb naszych klient\u00f3w.\" \/>\n<meta property=\"og:url\" content=\"https:\/\/www.babcock-wanson.com\/pl\/uslugi\/umowy-serwisowe\/\" \/>\n<meta property=\"og:site_name\" content=\"Babcock Wanson\" \/>\n<meta property=\"article:modified_time\" content=\"2022-01-12T15:35:22+00:00\" \/>\n<meta property=\"og:image\" content=\"https:\/\/www.babcock-wanson.com\/wp-content\/uploads\/2024\/02\/Babcock-Wanson-1200x1200-1.png\" \/>\n\t<meta property=\"og:image:width\" content=\"1200\" \/>\n\t<meta property=\"og:image:height\" content=\"1200\" \/>\n\t<meta property=\"og:image:type\" content=\"image\/png\" \/>\n<meta name=\"twitter:card\" content=\"summary_large_image\" \/>\n<meta name=\"twitter:label1\" content=\"Est. reading time\" \/>\n\t<meta name=\"twitter:data1\" content=\"4 minuty\" \/>\n<script type=\"application\/ld+json\" class=\"yoast-schema-graph\">{\"@context\":\"https:\\\/\\\/schema.org\",\"@graph\":[{\"@type\":\"WebPage\",\"@id\":\"https:\\\/\\\/www.babcock-wanson.com\\\/pl\\\/uslugi\\\/umowy-serwisowe\\\/\",\"url\":\"https:\\\/\\\/www.babcock-wanson.com\\\/pl\\\/uslugi\\\/umowy-serwisowe\\\/\",\"name\":\"Umowy Serwisowe - Babcock Wanson\",\"isPartOf\":{\"@id\":\"https:\\\/\\\/www.babcock-wanson.com\\\/pl\\\/#website\"},\"datePublished\":\"2020-10-28T13:36:17+00:00\",\"dateModified\":\"2022-01-12T15:35:22+00:00\",\"description\":\"Babcock Wanson oferuje pe\u0142ny zakres kontrakt\u00f3w na konserwacj\u0119 zapobiegawcz\u0105 i naprawcz\u0105, dostosowanych do potrzeb naszych klient\u00f3w.\",\"breadcrumb\":{\"@id\":\"https:\\\/\\\/www.babcock-wanson.com\\\/pl\\\/uslugi\\\/umowy-serwisowe\\\/#breadcrumb\"},\"inLanguage\":\"pl-PL\",\"potentialAction\":[{\"@type\":\"ReadAction\",\"target\":[\"https:\\\/\\\/www.babcock-wanson.com\\\/pl\\\/uslugi\\\/umowy-serwisowe\\\/\"]}]},{\"@type\":\"BreadcrumbList\",\"@id\":\"https:\\\/\\\/www.babcock-wanson.com\\\/pl\\\/uslugi\\\/umowy-serwisowe\\\/#breadcrumb\",\"itemListElement\":[{\"@type\":\"ListItem\",\"position\":1,\"name\":\"Strona g\u0142\u00f3wna\",\"item\":\"https:\\\/\\\/www.babcock-wanson.com\\\/pl\\\/\"},{\"@type\":\"ListItem\",\"position\":2,\"name\":\"Us\u0142ugi\",\"item\":\"https:\\\/\\\/www.babcock-wanson.com\\\/pl\\\/uslugi\\\/\"},{\"@type\":\"ListItem\",\"position\":3,\"name\":\"Umowy Serwisowe\"}]},{\"@type\":\"WebSite\",\"@id\":\"https:\\\/\\\/www.babcock-wanson.com\\\/pl\\\/#website\",\"url\":\"https:\\\/\\\/www.babcock-wanson.com\\\/pl\\\/\",\"name\":\"Babcock Wanson\",\"description\":\"\",\"publisher\":{\"@id\":\"https:\\\/\\\/www.babcock-wanson.com\\\/pl\\\/#organization\"},\"potentialAction\":[{\"@type\":\"SearchAction\",\"target\":{\"@type\":\"EntryPoint\",\"urlTemplate\":\"https:\\\/\\\/www.babcock-wanson.com\\\/pl\\\/?s={search_term_string}\"},\"query-input\":{\"@type\":\"PropertyValueSpecification\",\"valueRequired\":true,\"valueName\":\"search_term_string\"}}],\"inLanguage\":\"pl-PL\"},{\"@type\":\"Organization\",\"@id\":\"https:\\\/\\\/www.babcock-wanson.com\\\/pl\\\/#organization\",\"name\":\"Babcock Wanson\",\"url\":\"https:\\\/\\\/www.babcock-wanson.com\\\/pl\\\/\",\"logo\":{\"@type\":\"ImageObject\",\"inLanguage\":\"pl-PL\",\"@id\":\"https:\\\/\\\/www.babcock-wanson.com\\\/pl\\\/#\\\/schema\\\/logo\\\/image\\\/\",\"url\":\"https:\\\/\\\/www.babcock-wanson.com\\\/wp-content\\\/uploads\\\/2024\\\/02\\\/Babcock-Wanson-1200x1200-1.png\",\"contentUrl\":\"https:\\\/\\\/www.babcock-wanson.com\\\/wp-content\\\/uploads\\\/2024\\\/02\\\/Babcock-Wanson-1200x1200-1.png\",\"width\":1200,\"height\":1200,\"caption\":\"Babcock Wanson\"},\"image\":{\"@id\":\"https:\\\/\\\/www.babcock-wanson.com\\\/pl\\\/#\\\/schema\\\/logo\\\/image\\\/\"},\"sameAs\":[\"https:\\\/\\\/www.linkedin.com\\\/company\\\/babcock-wanson\\\/\",\"https:\\\/\\\/www.youtube.com\\\/channel\\\/UCtxl25VieBBsP2kYmtlyv7A\"]}]}<\/script>\n<!-- \/ Yoast SEO Premium plugin. -->","yoast_head_json":{"title":"Umowy Serwisowe - Babcock Wanson","description":"Babcock Wanson oferuje pe\u0142ny zakres kontrakt\u00f3w na konserwacj\u0119 zapobiegawcz\u0105 i naprawcz\u0105, dostosowanych do potrzeb naszych klient\u00f3w.","robots":{"index":"index","follow":"follow","max-snippet":"max-snippet:-1","max-image-preview":"max-image-preview:large","max-video-preview":"max-video-preview:-1"},"canonical":"https:\/\/www.babcock-wanson.com\/pl\/uslugi\/umowy-serwisowe\/","og_locale":"pl_PL","og_type":"article","og_title":"Umowy Serwisowe","og_description":"Babcock Wanson oferuje pe\u0142ny zakres kontrakt\u00f3w na konserwacj\u0119 zapobiegawcz\u0105 i naprawcz\u0105, dostosowanych do potrzeb naszych klient\u00f3w.","og_url":"https:\/\/www.babcock-wanson.com\/pl\/uslugi\/umowy-serwisowe\/","og_site_name":"Babcock Wanson","article_modified_time":"2022-01-12T15:35:22+00:00","og_image":[{"width":1200,"height":1200,"url":"https:\/\/www.babcock-wanson.com\/wp-content\/uploads\/2024\/02\/Babcock-Wanson-1200x1200-1.png","type":"image\/png"}],"twitter_card":"summary_large_image","twitter_misc":{"Est. reading time":"4 minuty"},"schema":{"@context":"https:\/\/schema.org","@graph":[{"@type":"WebPage","@id":"https:\/\/www.babcock-wanson.com\/pl\/uslugi\/umowy-serwisowe\/","url":"https:\/\/www.babcock-wanson.com\/pl\/uslugi\/umowy-serwisowe\/","name":"Umowy Serwisowe - Babcock Wanson","isPartOf":{"@id":"https:\/\/www.babcock-wanson.com\/pl\/#website"},"datePublished":"2020-10-28T13:36:17+00:00","dateModified":"2022-01-12T15:35:22+00:00","description":"Babcock Wanson oferuje pe\u0142ny zakres kontrakt\u00f3w na konserwacj\u0119 zapobiegawcz\u0105 i naprawcz\u0105, dostosowanych do potrzeb naszych klient\u00f3w.","breadcrumb":{"@id":"https:\/\/www.babcock-wanson.com\/pl\/uslugi\/umowy-serwisowe\/#breadcrumb"},"inLanguage":"pl-PL","potentialAction":[{"@type":"ReadAction","target":["https:\/\/www.babcock-wanson.com\/pl\/uslugi\/umowy-serwisowe\/"]}]},{"@type":"BreadcrumbList","@id":"https:\/\/www.babcock-wanson.com\/pl\/uslugi\/umowy-serwisowe\/#breadcrumb","itemListElement":[{"@type":"ListItem","position":1,"name":"Strona g\u0142\u00f3wna","item":"https:\/\/www.babcock-wanson.com\/pl\/"},{"@type":"ListItem","position":2,"name":"Us\u0142ugi","item":"https:\/\/www.babcock-wanson.com\/pl\/uslugi\/"},{"@type":"ListItem","position":3,"name":"Umowy Serwisowe"}]},{"@type":"WebSite","@id":"https:\/\/www.babcock-wanson.com\/pl\/#website","url":"https:\/\/www.babcock-wanson.com\/pl\/","name":"Babcock Wanson","description":"","publisher":{"@id":"https:\/\/www.babcock-wanson.com\/pl\/#organization"},"potentialAction":[{"@type":"SearchAction","target":{"@type":"EntryPoint","urlTemplate":"https:\/\/www.babcock-wanson.com\/pl\/?s={search_term_string}"},"query-input":{"@type":"PropertyValueSpecification","valueRequired":true,"valueName":"search_term_string"}}],"inLanguage":"pl-PL"},{"@type":"Organization","@id":"https:\/\/www.babcock-wanson.com\/pl\/#organization","name":"Babcock Wanson","url":"https:\/\/www.babcock-wanson.com\/pl\/","logo":{"@type":"ImageObject","inLanguage":"pl-PL","@id":"https:\/\/www.babcock-wanson.com\/pl\/#\/schema\/logo\/image\/","url":"https:\/\/www.babcock-wanson.com\/wp-content\/uploads\/2024\/02\/Babcock-Wanson-1200x1200-1.png","contentUrl":"https:\/\/www.babcock-wanson.com\/wp-content\/uploads\/2024\/02\/Babcock-Wanson-1200x1200-1.png","width":1200,"height":1200,"caption":"Babcock Wanson"},"image":{"@id":"https:\/\/www.babcock-wanson.com\/pl\/#\/schema\/logo\/image\/"},"sameAs":["https:\/\/www.linkedin.com\/company\/babcock-wanson\/","https:\/\/www.youtube.com\/channel\/UCtxl25VieBBsP2kYmtlyv7A"]}]}},"jetpack_sharing_enabled":true,"_links":{"self":[{"href":"https:\/\/www.babcock-wanson.com\/pl\/wp-json\/wp\/v2\/pages\/35347","targetHints":{"allow":["GET"]}}],"collection":[{"href":"https:\/\/www.babcock-wanson.com\/pl\/wp-json\/wp\/v2\/pages"}],"about":[{"href":"https:\/\/www.babcock-wanson.com\/pl\/wp-json\/wp\/v2\/types\/page"}],"author":[{"embeddable":true,"href":"https:\/\/www.babcock-wanson.com\/pl\/wp-json\/wp\/v2\/users\/1"}],"replies":[{"embeddable":true,"href":"https:\/\/www.babcock-wanson.com\/pl\/wp-json\/wp\/v2\/comments?post=35347"}],"version-history":[{"count":2,"href":"https:\/\/www.babcock-wanson.com\/pl\/wp-json\/wp\/v2\/pages\/35347\/revisions"}],"predecessor-version":[{"id":41540,"href":"https:\/\/www.babcock-wanson.com\/pl\/wp-json\/wp\/v2\/pages\/35347\/revisions\/41540"}],"up":[{"embeddable":true,"href":"https:\/\/www.babcock-wanson.com\/pl\/wp-json\/wp\/v2\/pages\/35115"}],"wp:attachment":[{"href":"https:\/\/www.babcock-wanson.com\/pl\/wp-json\/wp\/v2\/media?parent=35347"}],"curies":[{"name":"wp","href":"https:\/\/api.w.org\/{rel}","templated":true}]}}