{"id":35441,"date":"2020-10-28T15:02:19","date_gmt":"2020-10-28T15:02:19","guid":{"rendered":"https:\/\/www.babcock-wanson.com\/materialy\/broszury\/"},"modified":"2025-07-11T17:00:47","modified_gmt":"2025-07-11T16:00:47","slug":"broszury","status":"publish","type":"page","link":"https:\/\/www.babcock-wanson.com\/pl\/materialy\/broszury\/","title":{"rendered":"Broszury"},"content":{"rendered":"<div class=\"vgblk-rw-wrapper limit-wrapper\">\n\n\t<h2>Zaanga\u017cowanie firmy <strong>Babcock Wanson<\/strong> w jako\u015b\u0107 wykracza daleko poza produkt.<\/h2>\n<h4>Nasz zakres us\u0142ug zosta\u0142 zaprojektowany tak, aby zapewni\u0107 Pa\u0144stwu najlepsze mo\u017cliwe wsparcie posprzeda\u017cowe, niezale\u017cnie od tego, czy potrzebuj\u0105 Pa\u0144stwo po prostu cz\u0119\u015bci zamiennej, poprzez umow\u0119 serwisow\u0105 lub szkolenie, a\u017c po kompletn\u0105 renowacj\u0119 kot\u0142owni.<\/h4>\n\t<h4>Nasza oferta us\u0142ug zosta\u0142a opracowana tak, aby zapewni\u0107 jak najlepsze wsparcie posprzeda\u017cne oraz jak najd\u0142u\u017cszy czas pracy urz\u0105dze\u0144 <strong>Babcock Wanson<\/strong> przy minimalnych przestojach.<\/h4>\n<h4>Oferujemy do pobrania r\u00f3\u017cnorodne broszury. Wystarczy klikn\u0105\u0107 poni\u017csze \u0142\u0105cze i pobra\u0107 plik PDF.<\/h4>\n<h3>\n\tBroszury\n\t<\/h3>\n\t<h4>Broszura informacyjna<\/h4>\n<ul>\n<li><a href=\"https:\/\/www.babcock-wanson.com\/wp-content\/uploads\/2022\/06\/Broszura-Rozwiazania-dla-zaklado-wykorzystujacych-pare-wodna-czerwiec-2022.pdf\" target=\"_blank\" rel=\"noopener\">Rozwi\u0105zania dla zak\u0142ad\u00f3 wykorzystuj\u0105cych par\u0119 wodn\u0105 (PDF)<\/a><\/li>\n\t<h4>Systemy Uzdatniania Wody<\/h4>\n<\/ul><ul>\n<li><a href=\"https:\/\/www.babcock-wanson.com\/wp-content\/uploads\/2023\/03\/Rozwiazania-uzdatnianie-wody-March-2023-issue-1.pdf\" target=\"_blank\" rel=\"noopener\">Rozwi\u0105zania uzdatnianie wody (PDF)<\/a><\/li>\n\t<h4>Nagrzewnice Powietrza<\/h4>\n<\/ul><ul>\n<li><a href=\"https:\/\/www.babcock-wanson.com\/wp-content\/uploads\/2020\/12\/Broszura-Nagrzewnice-Powietrza.pdf\" target=\"_blank\" rel=\"noopener\">Nagrzewnice Powietrza (PDF)<\/a><\/li>\n<\/ul>\n\t<h4>Kot\u0142y Oleju Termalnego<\/h4>\n<ul>\n<li><a href=\"https:\/\/www.babcock-wanson.com\/wp-content\/uploads\/2020\/12\/Broszura-Kotly-Oleju-Termalnego-TPC-B.pdf\" target=\"_blank\" rel=\"noopener\">Kot\u0142y Oleju Termalnego TPC-B (PDF)<\/a><\/li>\n<li><a href=\"https:\/\/www.babcock-wanson.com\/wp-content\/uploads\/2020\/12\/Broszura-Kotly-Oleju-Termalnego-EPC-ES_i_HRV.pdf\" target=\"_blank\" rel=\"noopener\">Kot\u0142y Oleju Termalnego EPC-ES\u00a0(PDF)<\/a><\/li>\n<\/ul>\n\t<h4>Wytwornice Pary<\/h4>\n<ul>\n<li><a href=\"https:\/\/www.babcock-wanson.com\/wp-content\/uploads\/2020\/12\/Broszura-Wytwornice-Pary-VAP-Premium.pdf\" target=\"_blank\" rel=\"noopener\">Wytwornice Pary VAP Premium (PDF)<\/a><\/li>\n<li><a href=\"https:\/\/www.babcock-wanson.com\/wp-content\/uploads\/2020\/12\/Broszura-Wytwornice-Pary-VAP-RR.pdf\" target=\"_blank\" rel=\"noopener\">Wytwornice Pary VAP RR (PDF)<\/a><\/li>\n<li><a href=\"https:\/\/www.babcock-wanson.com\/wp-content\/uploads\/2023\/01\/Wytwornice-Pary-E-VAP-March-2023-issue-1.pdf\" target=\"_blank\" rel=\"noopener\">Wytwornice Pary E-VAP (PDF)<\/a><\/li>\n<\/ul>\n\t<h4>Palniki Przemys\u0142owe<\/h4>\n<ul>\n<li><a href=\"https:\/\/www.babcock-wanson.com\/wp-content\/uploads\/2022\/06\/Spalania-przemyslowego-Czerwiec-2022-issue-1.pdf\" target=\"_blank\" rel=\"noopener\">Rozwi\u0105zania dla spalania przemys\u0142owego (PDF)<\/a><\/li>\n\t<h4>Kot\u0142y P\u0142omienicowo-P\u0142omieni\u00f3wkowe<\/h4>\n<\/ul><ul>\n<li><a href=\"https:\/\/www.babcock-wanson.com\/wp-content\/uploads\/2020\/12\/Broszura-Kociol-Plomienicowo-Plomieniowkowy-NBWB-Aug-2021-issue-2.pdf\" target=\"_blank\" rel=\"noopener\">Kot\u0142y P\u0142omienicowo-P\u0142omieni\u00f3wkowe NBWB (PDF)<\/a><\/li>\n<li><a href=\"https:\/\/www.babcock-wanson.com\/wp-content\/uploads\/2020\/12\/Broszura-Kociol-Plomienicowo-Plomieniowkowy-BWR.pdf\" target=\"_blank\" rel=\"noopener\">Kot\u0142y P\u0142omienicowo-P\u0142omieni\u00f3wkowe BWR (PDF)<\/a><\/li>\n<li><a href=\"https:\/\/www.babcock-wanson.com\/wp-content\/uploads\/2020\/12\/BWD-Kociol-Plomienicowo-Plomieniowkow-PL-Aug-2021-issue-2-no-cropmarks.pdf\" target=\"_blank\" rel=\"noopener\">Kot\u0142y P\u0142omienicowo-P\u0142omieni\u00f3wkowe BWD (PDF)<\/a><\/li>\n<li><a href=\"https:\/\/www.babcock-wanson.com\/wp-content\/uploads\/2020\/12\/kociol-plomienicow_STEAMPACK-REV2.pdf\" target=\"_blank\" rel=\"noopener\">Kot\u0142y P\u0142omienicowo-P\u0142omieni\u00f3wkowe SteamPack (PDF)<\/a><\/li>\n<li><a href=\"https:\/\/www.babcock-wanson.com\/wp-content\/uploads\/2023\/10\/Kociol-Plomienicowo-Plomieniowkowy-Powerpack-Maj-2024-issue-1.pdf\" target=\"_blank\" rel=\"noopener\">Kot\u0142y P\u0142omienicowo-P\u0142omieni\u00f3wkowe PowerPack (PDF)<\/a><\/li>\n<li><a href=\"https:\/\/www.babcock-wanson.com\/wp-content\/uploads\/2021\/09\/Broszura-Kociol-Plomienicowo-Plomieniowkowy-TwinPack-issue-2.pdf\" target=\"_blank\" rel=\"noopener\">Kot\u0142y P\u0142omienicowo-P\u0142omieni\u00f3wkowe TwinPack (PDF)<\/a><\/li>\n<li><a href=\"https:\/\/www.babcock-wanson.com\/wp-content\/uploads\/2022\/06\/Broszura-VAP-BP-czerwiec-2022.pdf\" target=\"_blank\" rel=\"noopener\">Kot\u0142y P\u0142omienicowo-P\u0142omieni\u00f3wkowe VAP BP (PDF)<\/a><\/li>\n<\/ul>\n\t<h4>Elektryczne kot\u0142y przemys\u0142owe<\/h4>\n<ul>\n<li><a href=\"https:\/\/www.babcock-wanson.com\/wp-content\/uploads\/2022\/06\/Broszura-VAP_EL-czerwiec-2022.pdf\" target=\"_blank\" rel=\"noopener\">Elektryczne kot\u0142y przemys\u0142owe VAP-EL (PDF)<\/a><\/li>\n<li><a href=\"https:\/\/www.babcock-wanson.com\/wp-content\/uploads\/2022\/06\/Broszura-E-Pack-czerwiec-2022.pdf\" target=\"_blank\" rel=\"noopener\">Elektryczne kot\u0142y przemys\u0142owe e-Pack (PDF)<\/a><\/li>\n<li><a href=\"https:\/\/www.babcock-wanson.com\/wp-content\/uploads\/2024\/03\/Broszura-Kotly-elektryczne-LV-PACK-Lipiec-2024-Issue-1.pdf\" target=\"_blank\" rel=\"noopener\">Elektryczne kot\u0142y przemys\u0142owe LV-Pack (PDF)<\/a><\/li>\n<\/ul>\n<h5>\n\tOFERUJEMY R\u00d3WNIE\u017b\n\t<\/h5>\n<h2>\n\t<strong>Us\u0142ugi<\/strong>  Dodatkowe\n\t<\/h2>\n<h4>\n\t\t\t<a href=\"https:\/\/www.babcock-wanson.com\/pl\/uslugi\/wynajem-kotlow\/\" title=\"Wynajem Kot\u0142\u00f3w\" target=\"_self\" rel=\"noopener\">\n\tWynajem Kot\u0142\u00f3w\n\t\t\t<\/a>\n\t<\/h4>\n\t<p><strong>Babcock Wanson<\/strong> oferuje szerok\u0105 gam\u0119 kot\u0142\u00f3w do wynaj\u0119cia, celem zaspokojenia potrzeb energetycznych &#8211; niezale\u017cnie od sytuacji.<\/p>\n\t<a href=\"https:\/\/www.babcock-wanson.com\/pl\/uslugi\/wynajem-kotlow\/\" target=\"_self\" role=\"button\" rel=\"noopener\">\n\t\t\t\t\tPrzeczytaj wi\u0119cej\n\t<\/a>\n<h4>\n\t\t\t<a href=\"https:\/\/www.babcock-wanson.com\/pl\/uslugi\/szkolenia-z-obslugi-kotlowni\/\" title=\"Szkolenia z Obs\u0142ugi Kot\u0142owni\" target=\"_self\" rel=\"noopener\">\n\tSzkolenia z Obs\u0142ugi Kot\u0142owni\n\t\t\t<\/a>\n\t<\/h4>\n\t<p>Aby pom\u00f3c w\u00a0jak najlepszym wykorzystaniu urz\u0105dze\u0144 firmy <strong>Babcock Wanson<\/strong>, oferujemy szereg elastycznych opcji szkolenia w\u00a0zakresie Urz\u0105dze\u0144  Przemys\u0142owych.<\/p>\n\t<a href=\"https:\/\/www.babcock-wanson.com\/pl\/uslugi\/szkolenia-z-obslugi-kotlowni\/\" target=\"_self\" role=\"button\" rel=\"noopener\">\n\t\t\t\t\tPrzeczytaj wi\u0119cej\n\t<\/a>\n<h4>\n\t\t\t<a href=\"https:\/\/www.babcock-wanson.com\/pl\/uslugi\/modernizacje-i-remonty-kotlow-przemyslowych\/optymalizacja-kotlowni\/\" title=\"Optymalizacja Kot\u0142owni\" target=\"_self\" rel=\"noopener\">\n\tOptymalizacja Kot\u0142owni\n\t\t\t<\/a>\n\t<\/h4>\n\t<p>In\u017cynierowie z\u00a0firmy <strong>Babcock Wanson<\/strong> opracuj\u0105 szczeg\u00f3\u0142owy raport dotycz\u0105cy optymalizacji kot\u0142owni pod k\u0105tem uzyskania maksymalnej Sprawno\u015bci   przy minimalnych kosztach eksploatacji.<\/p>\n\t<a href=\"https:\/\/www.babcock-wanson.com\/pl\/uslugi\/modernizacje-i-remonty-kotlow-przemyslowych\/optymalizacja-kotlowni\/\" target=\"_self\" role=\"button\" rel=\"noopener\">\n\t\t\t\t\tPrzeczytaj wi\u0119cej\n\t<\/a>\n<h4>\n\t\t\t<a href=\"https:\/\/www.babcock-wanson.com\/pl\/kontakt\/\" title=\"Potrzebujesz pomocy?\" target=\"_self\" rel=\"noopener\">\n\tPotrzebujesz pomocy?\n\t\t\t<\/a>\n\t<\/h4>\n\t<p>W\u00a0celu uzyskania pomocy przedsprzeda\u017cowej lub posprzeda\u017cowej nale\u017cy skontaktowa\u0107 si\u0119 z\u00a0najbli\u017cszym przedstawicielem regionalny (nie mamy w PL innego biura regionalnego) <\/p>\n\t<a href=\"https:\/\/www.babcock-wanson.com\/pl\/kontakt\/lokalizacje\/\" target=\"_self\" role=\"button\" rel=\"noopener\">\n\t\t\t\t\tPrzeczytaj wi\u0119cej\n\t<\/a>\n<h2>\n\tProsz\u0119 o <b>kontakt&#8230;<\/b>\n\t<\/h2>\n<h4>\n\tWszystkie etapy  doboru  urz\u0105dze\u0144 i us\u0142ug s\u0105 \u015bci\u015ble zorientowane na potrzeby naszych klient\u00f3w.\n\t<\/h4>\n\tUwaga: ta zawarto\u015b\u0107 wymaga obs\u0142ugi j\u0119zyka JavaScript.\n        <!-- That data is being printed as a workaround to page builders reordering the order of the scripts loaded-->\n        \n<\/div><!-- .vgblk-rw-wrapper -->","protected":false},"excerpt":{"rendered":"<p>Zaanga\u017cowanie firmy Babcock Wanson w jako\u015b\u0107 wykracza daleko poza produkt. Nasz zakres us\u0142ug zosta\u0142 zaprojektowany tak, aby zapewni\u0107 Pa\u0144stwu najlepsze mo\u017cliwe wsparcie posprzeda\u017cowe, niezale\u017cnie od tego, czy potrzebuj\u0105 Pa\u0144stwo po prostu cz\u0119\u015bci zamiennej, poprzez umow\u0119 serwisow\u0105 lub szkolenie, a\u017c po kompletn\u0105 renowacj\u0119 kot\u0142owni. Nasza oferta us\u0142ug zosta\u0142a opracowana tak, aby zapewni\u0107 jak najlepsze wsparcie posprzeda\u017cne&#8230;<\/p>\n","protected":false},"author":1,"featured_media":0,"parent":35412,"menu_order":0,"comment_status":"closed","ping_status":"closed","template":"","meta":{"_acf_changed":false,"_relevanssi_hide_post":"","_relevanssi_hide_content":"","_relevanssi_pin_for_all":"","_relevanssi_pin_keywords":"","_relevanssi_unpin_keywords":"","_relevanssi_related_keywords":"","_relevanssi_related_include_ids":"","_relevanssi_related_exclude_ids":"","_relevanssi_related_no_append":"","_relevanssi_related_not_related":"","_relevanssi_related_posts":"","_relevanssi_noindex_reason":"","footnotes":""},"class_list":["post-35441","page","type-page","status-publish","hentry"],"acf":[],"yoast_head":"<!-- This site is optimized with the Yoast SEO Premium plugin v27.4 (Yoast SEO v27.4) - https:\/\/yoast.com\/product\/yoast-seo-premium-wordpress\/ -->\n<title>Broszury - Babcock Wanson<\/title>\n<meta name=\"description\" content=\"Dysponujemy szeregiem broszur dotycz\u0105cych kot\u0142\u00f3w przemys\u0142owych, kt\u00f3re mo\u017cna pobra\u0107.\" \/>\n<meta name=\"robots\" content=\"index, follow, max-snippet:-1, max-image-preview:large, max-video-preview:-1\" \/>\n<link rel=\"canonical\" href=\"https:\/\/www.babcock-wanson.com\/pl\/materialy\/broszury\/\" \/>\n<meta property=\"og:locale\" content=\"pl_PL\" \/>\n<meta property=\"og:type\" content=\"article\" \/>\n<meta property=\"og:title\" content=\"Broszury\" \/>\n<meta property=\"og:description\" content=\"Dysponujemy szeregiem broszur dotycz\u0105cych kot\u0142\u00f3w przemys\u0142owych, kt\u00f3re mo\u017cna pobra\u0107.\" \/>\n<meta property=\"og:url\" content=\"https:\/\/www.babcock-wanson.com\/pl\/materialy\/broszury\/\" \/>\n<meta property=\"og:site_name\" content=\"Babcock Wanson\" \/>\n<meta property=\"article:modified_time\" content=\"2025-07-11T16:00:47+00:00\" \/>\n<meta property=\"og:image\" content=\"https:\/\/www.babcock-wanson.com\/wp-content\/uploads\/2024\/02\/Babcock-Wanson-1200x1200-1.png\" \/>\n\t<meta property=\"og:image:width\" content=\"1200\" \/>\n\t<meta property=\"og:image:height\" content=\"1200\" \/>\n\t<meta property=\"og:image:type\" content=\"image\/png\" \/>\n<meta name=\"twitter:card\" content=\"summary_large_image\" \/>\n<meta name=\"twitter:label1\" content=\"Est. reading time\" \/>\n\t<meta name=\"twitter:data1\" content=\"2 minuty\" \/>\n<script type=\"application\/ld+json\" class=\"yoast-schema-graph\">{\"@context\":\"https:\\\/\\\/schema.org\",\"@graph\":[{\"@type\":\"WebPage\",\"@id\":\"https:\\\/\\\/www.babcock-wanson.com\\\/pl\\\/materialy\\\/broszury\\\/\",\"url\":\"https:\\\/\\\/www.babcock-wanson.com\\\/pl\\\/materialy\\\/broszury\\\/\",\"name\":\"Broszury - Babcock Wanson\",\"isPartOf\":{\"@id\":\"https:\\\/\\\/www.babcock-wanson.com\\\/pl\\\/#website\"},\"datePublished\":\"2020-10-28T15:02:19+00:00\",\"dateModified\":\"2025-07-11T16:00:47+00:00\",\"description\":\"Dysponujemy szeregiem broszur dotycz\u0105cych kot\u0142\u00f3w przemys\u0142owych, kt\u00f3re mo\u017cna pobra\u0107.\",\"breadcrumb\":{\"@id\":\"https:\\\/\\\/www.babcock-wanson.com\\\/pl\\\/materialy\\\/broszury\\\/#breadcrumb\"},\"inLanguage\":\"pl-PL\",\"potentialAction\":[{\"@type\":\"ReadAction\",\"target\":[\"https:\\\/\\\/www.babcock-wanson.com\\\/pl\\\/materialy\\\/broszury\\\/\"]}]},{\"@type\":\"BreadcrumbList\",\"@id\":\"https:\\\/\\\/www.babcock-wanson.com\\\/pl\\\/materialy\\\/broszury\\\/#breadcrumb\",\"itemListElement\":[{\"@type\":\"ListItem\",\"position\":1,\"name\":\"Strona g\u0142\u00f3wna\",\"item\":\"https:\\\/\\\/www.babcock-wanson.com\\\/pl\\\/\"},{\"@type\":\"ListItem\",\"position\":2,\"name\":\"Materia\u0142y\",\"item\":\"https:\\\/\\\/www.babcock-wanson.com\\\/pl\\\/materialy\\\/\"},{\"@type\":\"ListItem\",\"position\":3,\"name\":\"Broszury\"}]},{\"@type\":\"WebSite\",\"@id\":\"https:\\\/\\\/www.babcock-wanson.com\\\/pl\\\/#website\",\"url\":\"https:\\\/\\\/www.babcock-wanson.com\\\/pl\\\/\",\"name\":\"Babcock Wanson\",\"description\":\"\",\"publisher\":{\"@id\":\"https:\\\/\\\/www.babcock-wanson.com\\\/pl\\\/#organization\"},\"potentialAction\":[{\"@type\":\"SearchAction\",\"target\":{\"@type\":\"EntryPoint\",\"urlTemplate\":\"https:\\\/\\\/www.babcock-wanson.com\\\/pl\\\/?s={search_term_string}\"},\"query-input\":{\"@type\":\"PropertyValueSpecification\",\"valueRequired\":true,\"valueName\":\"search_term_string\"}}],\"inLanguage\":\"pl-PL\"},{\"@type\":\"Organization\",\"@id\":\"https:\\\/\\\/www.babcock-wanson.com\\\/pl\\\/#organization\",\"name\":\"Babcock Wanson\",\"url\":\"https:\\\/\\\/www.babcock-wanson.com\\\/pl\\\/\",\"logo\":{\"@type\":\"ImageObject\",\"inLanguage\":\"pl-PL\",\"@id\":\"https:\\\/\\\/www.babcock-wanson.com\\\/pl\\\/#\\\/schema\\\/logo\\\/image\\\/\",\"url\":\"https:\\\/\\\/www.babcock-wanson.com\\\/wp-content\\\/uploads\\\/2024\\\/02\\\/Babcock-Wanson-1200x1200-1.png\",\"contentUrl\":\"https:\\\/\\\/www.babcock-wanson.com\\\/wp-content\\\/uploads\\\/2024\\\/02\\\/Babcock-Wanson-1200x1200-1.png\",\"width\":1200,\"height\":1200,\"caption\":\"Babcock Wanson\"},\"image\":{\"@id\":\"https:\\\/\\\/www.babcock-wanson.com\\\/pl\\\/#\\\/schema\\\/logo\\\/image\\\/\"},\"sameAs\":[\"https:\\\/\\\/www.linkedin.com\\\/company\\\/babcock-wanson\\\/\",\"https:\\\/\\\/www.youtube.com\\\/channel\\\/UCtxl25VieBBsP2kYmtlyv7A\"]}]}<\/script>\n<!-- \/ Yoast SEO Premium plugin. -->","yoast_head_json":{"title":"Broszury - Babcock Wanson","description":"Dysponujemy szeregiem broszur dotycz\u0105cych kot\u0142\u00f3w przemys\u0142owych, kt\u00f3re mo\u017cna pobra\u0107.","robots":{"index":"index","follow":"follow","max-snippet":"max-snippet:-1","max-image-preview":"max-image-preview:large","max-video-preview":"max-video-preview:-1"},"canonical":"https:\/\/www.babcock-wanson.com\/pl\/materialy\/broszury\/","og_locale":"pl_PL","og_type":"article","og_title":"Broszury","og_description":"Dysponujemy szeregiem broszur dotycz\u0105cych kot\u0142\u00f3w przemys\u0142owych, kt\u00f3re mo\u017cna pobra\u0107.","og_url":"https:\/\/www.babcock-wanson.com\/pl\/materialy\/broszury\/","og_site_name":"Babcock Wanson","article_modified_time":"2025-07-11T16:00:47+00:00","og_image":[{"width":1200,"height":1200,"url":"https:\/\/www.babcock-wanson.com\/wp-content\/uploads\/2024\/02\/Babcock-Wanson-1200x1200-1.png","type":"image\/png"}],"twitter_card":"summary_large_image","twitter_misc":{"Est. reading time":"2 minuty"},"schema":{"@context":"https:\/\/schema.org","@graph":[{"@type":"WebPage","@id":"https:\/\/www.babcock-wanson.com\/pl\/materialy\/broszury\/","url":"https:\/\/www.babcock-wanson.com\/pl\/materialy\/broszury\/","name":"Broszury - Babcock Wanson","isPartOf":{"@id":"https:\/\/www.babcock-wanson.com\/pl\/#website"},"datePublished":"2020-10-28T15:02:19+00:00","dateModified":"2025-07-11T16:00:47+00:00","description":"Dysponujemy szeregiem broszur dotycz\u0105cych kot\u0142\u00f3w przemys\u0142owych, kt\u00f3re mo\u017cna pobra\u0107.","breadcrumb":{"@id":"https:\/\/www.babcock-wanson.com\/pl\/materialy\/broszury\/#breadcrumb"},"inLanguage":"pl-PL","potentialAction":[{"@type":"ReadAction","target":["https:\/\/www.babcock-wanson.com\/pl\/materialy\/broszury\/"]}]},{"@type":"BreadcrumbList","@id":"https:\/\/www.babcock-wanson.com\/pl\/materialy\/broszury\/#breadcrumb","itemListElement":[{"@type":"ListItem","position":1,"name":"Strona g\u0142\u00f3wna","item":"https:\/\/www.babcock-wanson.com\/pl\/"},{"@type":"ListItem","position":2,"name":"Materia\u0142y","item":"https:\/\/www.babcock-wanson.com\/pl\/materialy\/"},{"@type":"ListItem","position":3,"name":"Broszury"}]},{"@type":"WebSite","@id":"https:\/\/www.babcock-wanson.com\/pl\/#website","url":"https:\/\/www.babcock-wanson.com\/pl\/","name":"Babcock Wanson","description":"","publisher":{"@id":"https:\/\/www.babcock-wanson.com\/pl\/#organization"},"potentialAction":[{"@type":"SearchAction","target":{"@type":"EntryPoint","urlTemplate":"https:\/\/www.babcock-wanson.com\/pl\/?s={search_term_string}"},"query-input":{"@type":"PropertyValueSpecification","valueRequired":true,"valueName":"search_term_string"}}],"inLanguage":"pl-PL"},{"@type":"Organization","@id":"https:\/\/www.babcock-wanson.com\/pl\/#organization","name":"Babcock Wanson","url":"https:\/\/www.babcock-wanson.com\/pl\/","logo":{"@type":"ImageObject","inLanguage":"pl-PL","@id":"https:\/\/www.babcock-wanson.com\/pl\/#\/schema\/logo\/image\/","url":"https:\/\/www.babcock-wanson.com\/wp-content\/uploads\/2024\/02\/Babcock-Wanson-1200x1200-1.png","contentUrl":"https:\/\/www.babcock-wanson.com\/wp-content\/uploads\/2024\/02\/Babcock-Wanson-1200x1200-1.png","width":1200,"height":1200,"caption":"Babcock Wanson"},"image":{"@id":"https:\/\/www.babcock-wanson.com\/pl\/#\/schema\/logo\/image\/"},"sameAs":["https:\/\/www.linkedin.com\/company\/babcock-wanson\/","https:\/\/www.youtube.com\/channel\/UCtxl25VieBBsP2kYmtlyv7A"]}]}},"jetpack_sharing_enabled":true,"_links":{"self":[{"href":"https:\/\/www.babcock-wanson.com\/pl\/wp-json\/wp\/v2\/pages\/35441","targetHints":{"allow":["GET"]}}],"collection":[{"href":"https:\/\/www.babcock-wanson.com\/pl\/wp-json\/wp\/v2\/pages"}],"about":[{"href":"https:\/\/www.babcock-wanson.com\/pl\/wp-json\/wp\/v2\/types\/page"}],"author":[{"embeddable":true,"href":"https:\/\/www.babcock-wanson.com\/pl\/wp-json\/wp\/v2\/users\/1"}],"replies":[{"embeddable":true,"href":"https:\/\/www.babcock-wanson.com\/pl\/wp-json\/wp\/v2\/comments?post=35441"}],"version-history":[{"count":16,"href":"https:\/\/www.babcock-wanson.com\/pl\/wp-json\/wp\/v2\/pages\/35441\/revisions"}],"predecessor-version":[{"id":52435,"href":"https:\/\/www.babcock-wanson.com\/pl\/wp-json\/wp\/v2\/pages\/35441\/revisions\/52435"}],"up":[{"embeddable":true,"href":"https:\/\/www.babcock-wanson.com\/pl\/wp-json\/wp\/v2\/pages\/35412"}],"wp:attachment":[{"href":"https:\/\/www.babcock-wanson.com\/pl\/wp-json\/wp\/v2\/media?parent=35441"}],"curies":[{"name":"wp","href":"https:\/\/api.w.org\/{rel}","templated":true}]}}