{"id":35489,"date":"2020-10-30T08:09:36","date_gmt":"2020-10-30T08:09:36","guid":{"rendered":"https:\/\/www.babcock-wanson.com\/kariera\/"},"modified":"2024-03-20T09:03:08","modified_gmt":"2024-03-20T09:03:08","slug":"kariera","status":"publish","type":"page","link":"https:\/\/www.babcock-wanson.com\/pl\/kariera\/","title":{"rendered":"Kariera"},"content":{"rendered":"<div class=\"vgblk-rw-wrapper limit-wrapper\">\r\n<h3>Pe\u0142ni\u0105c jednocze\u015bnie rol\u0119 dostawcy us\u0142ug i\u00a0producenta urz\u0105dze\u0144, firma Babcock Wanson sprzedaje w\u0142asne produkty i\u00a0jest obecnie uznawana za wa\u017cnego mi\u0119dzynarodowego gracza w\u00a0dziedzinie kot\u0142owni przemys\u0142owych.<\/h3>\r\n<h4>Nasza wyj\u0105tkowa pozycja bran\u017cowa sprawia, \u017ce szukamy os\u00f3b na bardzo r\u00f3\u017cne stanowiska.<\/h4>\r\n<h4>Babcock Wanson oferuje wszystkie rozwi\u0105zania w\u00a0zakresie kot\u0142\u00f3w, palnik\u00f3w, uzdatniania wody, system\u00f3w sterowania i\u00a0regulacji, pomocy operacyjnej, nadzoru regulacyjnego, zarz\u0105dzania energi\u0105, konserwacji, audytu, szkole\u0144 i\u00a0wynajmu. Wszystko to w\u00a0ramach globalnego podej\u015bcia do efektywno\u015bci energetycznej.<\/h4>\r\n<h4>Od technicznych i\u00a0handlowych po serwisowe \u2013 niezale\u017cnie od Twojego profilu zawodowego z\u00a0pewno\u015bci\u0105 znajdziesz w\u00a0Babcock Wanson swoje miejsce.<\/h4>\r\n<h4>Poznaj nasze stanowiska!<\/h4>\r\n<p><img decoding=\"async\" src=\"https:\/\/www.babcock-wanson.com\/wp-content\/uploads\/2023\/07\/0.jpg\" alt=\"\" \/><\/p>\r\n<blockquote>\r\n<h5><em>\u201eDo\u0142\u0105cz do naszego zespo\u0142u zaanga\u017cowanych kobiet i m\u0119\u017cczyzn, kt\u00f3rzy stale si\u0119 rozwijaj\u0105 i rozkwitaj\u0105 w mi\u0142ej atmosferze!<\/em><\/h5>\r\n<\/blockquote>\r\n<p><strong>Astrid Manquin, <\/strong>Kierownik ds. zasob\u00f3w ludzkich<\/p>\r\n<h2><b>Stanowiska<\/b> w Babcock Wanson<\/h2>\r\n<p><a title=\"Beautiful girl at factory in a vest and helmet smiling going for a handshake. Shallow DOF. Developed from RAW; retouched with special care and attention; Small amount of grain added for best final impression. 16 bit Adobe RGB color profile.\" href=\"https:\/\/www.babcock-wanson.com\/pl\/kariera\/zarzadzanie-projektami-i-produktami\/\" target=\"_self\" rel=\"noopener\"> <img loading=\"lazy\" decoding=\"async\" title=\"Beautiful girl at factory in a vest and helmet smiling going for a handshake\" src=\"https:\/\/www.babcock-wanson.com\/wp-content\/uploads\/2019\/04\/iStock-682443590-1.jpg\" alt=\"Beautiful girl at factory in a vest and helmet smiling going for a handshake. Shallow DOF. Developed from RAW; retouched with special care and attention; Small amount of grain added for best final impression. 16 bit Adobe RGB color profile.\" width=\"271\" height=\"304\" data-link-type=\"url\" data-srcset=\"https:\/\/www.babcock-wanson.com\/wp-content\/uploads\/2019\/04\/iStock-682443590-1.jpg 271w, https:\/\/www.babcock-wanson.com\/wp-content\/uploads\/2019\/04\/iStock-682443590-1-267x300.jpg 267w\" \/> <\/a><\/p>\r\n<h5><a title=\"Projektami i Produktami\" href=\"https:\/\/www.babcock-wanson.com\/pl\/kariera\/zarzadzanie-projektami-i-produktami\/\" target=\"_self\" rel=\"noopener\"> Projektami i Produktami <\/a><\/h5>\r\n<p><a title=\"Businessman holding documents and talking on the phone\" href=\"https:\/\/www.babcock-wanson.com\/pl\/kariera\/sprzedaz\/\" target=\"_self\" rel=\"noopener\"> <img loading=\"lazy\" decoding=\"async\" title=\"Close-up of a smiling businessman with smart phone\" src=\"https:\/\/www.babcock-wanson.com\/wp-content\/uploads\/2019\/04\/iStock-672506870-1.jpg\" alt=\"Businessman holding documents and talking on the phone\" width=\"271\" height=\"304\" data-link-type=\"url\" data-srcset=\"https:\/\/www.babcock-wanson.com\/wp-content\/uploads\/2019\/04\/iStock-672506870-1.jpg 271w, https:\/\/www.babcock-wanson.com\/wp-content\/uploads\/2019\/04\/iStock-672506870-1-267x300.jpg 267w\" \/> <\/a><\/p>\r\n<h5><a title=\"Sprzeda\u017c\" href=\"https:\/\/www.babcock-wanson.com\/pl\/kariera\/sprzedaz\/\" target=\"_self\" rel=\"noopener\"> Sprzeda\u017c <\/a><\/h5>\r\n<p><a title=\"OLYMPUS DIGITAL CAMERA\" href=\"https:\/\/www.babcock-wanson.com\/pl\/kariera\/serwis\/\" target=\"_self\" rel=\"noopener\"> <img loading=\"lazy\" decoding=\"async\" title=\"asian engineer working in factory\" src=\"https:\/\/www.babcock-wanson.com\/wp-content\/uploads\/2019\/04\/iStock-531159761-1.jpg\" alt=\"OLYMPUS DIGITAL CAMERA\" width=\"271\" height=\"304\" data-link-type=\"url\" data-srcset=\"https:\/\/www.babcock-wanson.com\/wp-content\/uploads\/2019\/04\/iStock-531159761-1.jpg 271w, https:\/\/www.babcock-wanson.com\/wp-content\/uploads\/2019\/04\/iStock-531159761-1-267x300.jpg 267w\" \/> <\/a><\/p>\r\n<h5><a title=\"Serwis\" href=\"https:\/\/www.babcock-wanson.com\/pl\/kariera\/serwis\/\" target=\"_self\" rel=\"noopener\"> Serwis <\/a><\/h5>\r\n<p><a title=\"Male worker writing on clipboard in factory\" href=\"https:\/\/www.babcock-wanson.com\/pl\/kariera\/produkcja\/\" target=\"_self\" rel=\"noopener\"> <img loading=\"lazy\" decoding=\"async\" title=\"Steel factory supervisor with clipboard\" src=\"https:\/\/www.babcock-wanson.com\/wp-content\/uploads\/2019\/04\/iStock-896264102-1.jpg\" alt=\"Male worker writing on clipboard in factory\" width=\"271\" height=\"304\" data-link-type=\"url\" data-srcset=\"https:\/\/www.babcock-wanson.com\/wp-content\/uploads\/2019\/04\/iStock-896264102-1.jpg 271w, https:\/\/www.babcock-wanson.com\/wp-content\/uploads\/2019\/04\/iStock-896264102-1-267x300.jpg 267w\" \/> <\/a><\/p>\r\n<h5><a title=\"Produkcja\" href=\"https:\/\/www.babcock-wanson.com\/pl\/kariera\/produkcja\/\" target=\"_self\" rel=\"noopener\"> Produkcja <\/a><\/h5>\r\n<p><a title=\"Shot of call centre agents working in an office\" href=\"https:\/\/www.babcock-wanson.com\/pl\/kariera\/zespol-wsparcia\/\" target=\"_self\" rel=\"noopener\"> <img loading=\"lazy\" decoding=\"async\" title=\"Taking calls and inquiries\" src=\"https:\/\/www.babcock-wanson.com\/wp-content\/uploads\/2019\/04\/iStock-912491876-1.jpg\" alt=\"Shot of call centre agents working in an office\" width=\"271\" height=\"304\" data-link-type=\"url\" data-srcset=\"https:\/\/www.babcock-wanson.com\/wp-content\/uploads\/2019\/04\/iStock-912491876-1.jpg 271w, https:\/\/www.babcock-wanson.com\/wp-content\/uploads\/2019\/04\/iStock-912491876-1-267x300.jpg 267w\" \/> <\/a><\/p>\r\n<h5><a title=\"Zesp\u00f3\u0142 Wsparcia\" href=\"https:\/\/www.babcock-wanson.com\/pl\/kariera\/zespol-wsparcia\/\" target=\"_self\" rel=\"noopener\"> Zesp\u00f3\u0142 Wsparcia <\/a><\/h5>\r\n<h2>Aktualnie wolne <strong>vmiejsca pracy<\/strong><\/h2>\r\n<h2>5 dobrych powod\u00f3w, <strong>aby do nas do\u0142\u0105czy\u0107<\/strong><\/h2>\r\n<h3>1. Szybko rozwijaj\u0105ca si\u0119 <strong>firma<\/strong><\/h3>\r\n<p>Babcock Wanson rozwija si\u0119 od wielu lat.<\/p>\r\n<ul>\r\n<li>Ekspansja mi\u0119dzynarodowa i wzrost zewn\u0119trzny<\/li>\r\n<li>W 2020 roku do\u0142\u0105czy\u0142o do nas 56 nowych pracownik\u00f3w<\/li>\r\n<li>Innowacje, digitalizacja i pionierskie projekty<\/li>\r\n<\/ul>\r\n<h5>Roczny wzrost powy\u017cej 5% i sprzeda\u017c na poziomie ponad 105 milion\u00f3w euro<\/h5>\r\n<h3>2. Stymuluj\u0105ce \u015brodowisko pracy<\/h3>\r\n<p>Nasza wyj\u0105tkowa pozycja rynkowa sprawia, \u017ce szukamy os\u00f3b na r\u00f3\u017cnorodne stanowiska, oraz pozwala uczestniczy\u0107 w projektach, kt\u00f3re s\u0105 zr\u00f3\u017cnicowane pod wzgl\u0119dem technicznym, wielko\u015bci i lokalizacji.<\/p>\r\n<ul>\r\n<li>Szeroki zakres stanowisk: Badania i rozw\u00f3j, biura projektowe, projekty, sprzeda\u017c&#8230;<\/li>\r\n<li>Interwencja w ca\u0142ym \u0142a\u0144cuchu \u017cycia produktu<\/li>\r\n<li>Autonomia i odpowiedzialno\u015b\u0107 w swoich dzia\u0142aniach, przy wsparciu eksperckim ze strony wsp\u00f3\u0142pracownik\u00f3w<\/li>\r\n<\/ul>\r\n<h5>Du\u017ca r\u00f3\u017cnorodno\u015b\u0107 klient\u00f3w: od bardzo ma\u0142ych przedsi\u0119biorstw po firmy notowane na gie\u0142dzie CAC 40<\/h5>\r\n<h3>3. Wzbogacaj\u0105ca i <strong>wyj\u0105tkowa przygoda<\/strong><\/h3>\r\n<p>W Babcock Wanson istnieje silna kultura korporacyjna, prawdziwa rodzinna atmosfera i silne poczucie przynale\u017cno\u015bci.<\/p>\r\n<ul>\r\n<li>Zespo\u0142y pasjonat\u00f3w<\/li>\r\n<li>Zarz\u0105dzanie na poziomie wsp\u00f3lnoty<\/li>\r\n<li>Przyjazna atmosfera (Saint Eloi, seminaria&#8230;)<\/li>\r\n<\/ul>\r\n<h5>Lojalni pracownicy o niskim wska\u017aniku rotacji: 5%<\/h5>\r\n<h3>4. Dynamiczna <strong>polityka wynagrodze\u0144<\/strong><\/h3>\r\n<p>Atrakcyjna i bazuj\u0105ca na wynikach polityka wynagrodze\u0144 oraz \u015bwiadcze\u0144 (mo\u017ce si\u0119 r\u00f3\u017cni\u0107 w zale\u017cno\u015bci od przedstawicielstwa).<\/p>\r\n<ul>\r\n<li>Odbi\u00f3r godzin nadliczbowych, ubezpieczenie wzajemne i emerytalne wysokiej jako\u015bci, bony do restauracji, pakiety posi\u0142k\u00f3w, premie na transport publiczny<\/li>\r\n<li>Aktywna rada zak\u0142adowa<\/li>\r\n<li>Zarz\u0105dzanie na poziomie wsp\u00f3lnoty<\/li>\r\n<li>Przyjazna atmosfera (Saint Eloi, seminaria&#8230;)<\/li>\r\n<\/ul>\r\n<h5>Roczny przegl\u0105d wynagrodze\u0144, 13. wyp\u0142ata, umowa o udziale w zyskach i umowa motywacyjna<\/h5>\r\n<h3>5. <strong>Kariera<\/strong> z potencja\u0142em<\/h3>\r\n<p>Rozwi\u0144 swoje umiej\u0119tno\u015bci i zr\u00f3b karier\u0119.<\/p>\r\n<ul>\r\n<li>Ka\u017cdego roku ponad 4% \u015brodk\u00f3w z listy p\u0142ac przeznaczamy na szkolenia, a dwie trzecie naszych pracownik\u00f3w jest wysy\u0142anych na kursy szkoleniowe (we Francji).<\/li>\r\n<li>Babcock Wanson organizuje szkolenia sprawdzone i docenione przez naszych klient\u00f3w. Oferujemy r\u00f3wnie\u017c kursy dedykowane naszym pracownikom.<\/li>\r\n<\/ul>\r\n<h5>Aktywna polityka zmiany stanowisk wewn\u0105trz firmy &gt;&gt;<\/h5>\r\n<h3><strong>Zeznania<\/strong> pracownik\u00f3w<\/h3>\r\n<p>Fabrice <strong><i><img loading=\"lazy\" decoding=\"async\" src=\"https:\/\/www.babcock-wanson.com\/wp-content\/uploads\/2019\/11\/Fabrice.jpg\" alt=\"\" width=\"150\" height=\"185\" \/>Francja<\/i><\/strong> <strong><i>In\u017cynier ds. konserwacji<\/i> <i>\u2192<\/i><i> Kierownik obszaru <\/i><i>\u2192<\/i><i> Kierownik regionalny (Zach\u00f3d) <\/i><\/strong> \u201eZmiana stanowiska wewn\u0105trz firmy jest bardzo mile widziana. Wielu naszych pracownik\u00f3w ma do dyspozycji znakomit\u0105 \u015bcie\u017ck\u0119 rozwoju kariery. Do\u0142\u0105czy\u0142em do Babcock Wanson w czerwcu 1996 roku w regionie zachodnim jako technik obs\u0142ugi klienta. W styczniu 2001 roku, podczas procesu reorganizacji region\u00f3w \u201esprzeda\u017c 2000\u201d, zaproponowa\u0142em swoj\u0105 kandydatur\u0119 na tworzone wtedy stanowisko Kierownika sektora Bretanii. Moja decyzja by\u0142o umotywowana ch\u0119ci\u0105 skierowania mojej kariery na \u015bcie\u017ck\u0119 handlow\u0105. Po dziesi\u0119ciu latach dzia\u0142alno\u015bci w sektorze zainteresowa\u0142o mnie zarz\u0105dzanie. Poza tym odbywa\u0142em liczne szkolenia. Gdy otwarto stanowisko Kierownika regionu zachodniego, zg\u0142osi\u0142em swoj\u0105 kandydatur\u0119. Pe\u0142ni\u0119 t\u0119 funkcj\u0119 od sierpnia 2015 r. Ta \u015bcie\u017cka, obejmuj\u0105ca trzy stanowiska w BW, pozwoli\u0142a mi zaspokoi\u0107 moje aspiracje zmian i rozwoju. W tym celu skorzysta\u0142em z procesu rekrutacji, w kt\u00f3rym zwraca si\u0119 szczeg\u00f3ln\u0105 uwag\u0119 na kandydatury wewn\u0119trzne.\u201d Raoul <i><img loading=\"lazy\" decoding=\"async\" src=\"https:\/\/www.babcock-wanson.com\/wp-content\/uploads\/2019\/11\/Raoul.jpg\" alt=\"\" width=\"150\" height=\"182\" \/><strong>Francja<\/strong><\/i> <strong><i>In\u017cynier ds. konserwacji <\/i> <i>\u2192<\/i><i> Kierownik sprzeda\u017cy <\/i><i>\u2192<\/i><\/strong><i><strong>Kierownik obszaru <\/strong> <\/i> \u201eDo\u0142\u0105czy\u0142em do Babcock Wanson w czerwcu 2007 roku jako technik obs\u0142ugi klienta w regionie Centre Paris Nord. W tamtym czasie w og\u00f3le nie my\u015bla\u0142em o dalszej karierze&#8230;. Po kilku latach na tym stanowisku zg\u0142osi\u0142em ch\u0119\u0107 zmiany. W\u0142a\u015bnie w 2015 r., przy okazji rezygnacji z pracy, otrzyma\u0142em propozycj\u0119 obj\u0119cia stanowiska kierownika ds. sprzeda\u017cy. Pozwoli\u0142o mi to odkry\u0107 now\u0105 funkcj\u0119, a w szczeg\u00f3lno\u015bci spojrze\u0107 w szerszy spos\u00f3b na wszystkie dzia\u0142ania realizowane przez Grup\u0119. Szkoli\u0142em si\u0119 i rozwija\u0142em. Cztery lata p\u00f3\u017aniej m\u00f3j Kierownik regionalny zaproponowa\u0142 mi przej\u015bcie na stanowisko Kierownika sektora, kt\u00f3re zajmuj\u0119 do dzisiaj. To dla mnie nowe wyzwanie, pozwalaj\u0105ce wyj\u015b\u0107 z osobistej strefy komfortu, dlatego tak bardzo mi si\u0119 podoba!\u201d Barbara <i><img loading=\"lazy\" decoding=\"async\" src=\"https:\/\/www.babcock-wanson.com\/wp-content\/uploads\/2019\/11\/Barbara.jpg\" alt=\"\" width=\"150\" height=\"197\" \/><strong>W\u0142ochy<\/strong><\/i> <strong><i>Dzia\u0142 ds. kontroli zarz\u0105dzania\u00a0 <\/i><i>\u2192<\/i><i> Kierownik ds. konserwacji\u00a0<\/i>\u2192<\/strong><i><strong> Kierownik produkcji<\/strong> <\/i> \u201eSwoj\u0105 przygod\u0119 z Babcock rozpocz\u0119\u0142am w 2006 roku, tu\u017c po uko\u0144czeniu studi\u00f3w, w dziale kontroli zarz\u0105dzania, kt\u00f3ry by\u0142 wtedy cz\u0119\u015bci\u0105 obszaru przemys\u0142owego. Zacz\u0119\u0142am zdobywa\u0107 r\u00f3\u017cnorodne do\u015bwiadczenie, odpowiadaj\u0105c za konserwacj\u0119 urz\u0105dze\u0144 i maszyn oraz serwis prewencyjny i ochronny, a\u017c do momentu, gdy zosta\u0142am za niego ca\u0142kowicie odpowiedzialna. Na przestrzeni lat r\u00f3\u017cne zadania pozwoli\u0142y mi utrzyma\u0107 sta\u0142y kontakt z bij\u0105cym sercem firmy: warsztatem, w kt\u00f3rym ka\u017cdego dnia nasi pracownicy z pasj\u0105 i zaanga\u017cowaniem zamieniaj\u0105 surowce w gotowe produkty. Wreszcie w 2015 roku, po wewn\u0119trznej reorganizacji, zosta\u0142am jego integraln\u0105 cz\u0119\u015bci\u0105, przejmuj\u0105c odpowiedzialno\u015b\u0107 za planowanie produkcji a\u017c do 2018 roku, gdy zosta\u0142am kierownikiem produkcji. Elastyczno\u015b\u0107 i dynamika to konieczno\u015b\u0107, ale w\u0142a\u015bnie w tym tkwi pi\u0119kno!\u201d<\/p>\r\n<h2><b>Babcock Wanson<\/b> <br \/>w liczbach<\/h2>\r\n<p>600+ pracownik\u00f3w w Europie<br \/>i na ca\u0142ym \u015bwiecie 100+ kraj\u00f3w obs\u0142ugiwanych<br \/>przez nasz zesp\u00f3\u0142 na ca\u0142ym \u015bwiecie<\/p>\r\n<\/div><!-- .vgblk-rw-wrapper -->","protected":false},"excerpt":{"rendered":"<p>Pe\u0142ni\u0105c jednocze\u015bnie rol\u0119 dostawcy us\u0142ug i\u00a0producenta urz\u0105dze\u0144, firma Babcock Wanson sprzedaje w\u0142asne produkty i\u00a0jest obecnie uznawana za wa\u017cnego mi\u0119dzynarodowego gracza w\u00a0dziedzinie kot\u0142owni przemys\u0142owych. Nasza wyj\u0105tkowa pozycja bran\u017cowa sprawia, \u017ce szukamy os\u00f3b na bardzo r\u00f3\u017cne stanowiska. Babcock Wanson oferuje wszystkie rozwi\u0105zania w\u00a0zakresie kot\u0142\u00f3w, palnik\u00f3w, uzdatniania wody, system\u00f3w sterowania i\u00a0regulacji, pomocy operacyjnej, nadzoru regulacyjnego, zarz\u0105dzania energi\u0105, konserwacji,&#8230;<\/p>\n","protected":false},"author":1,"featured_media":0,"parent":0,"menu_order":0,"comment_status":"closed","ping_status":"closed","template":"","meta":{"_acf_changed":false,"_relevanssi_hide_post":"","_relevanssi_hide_content":"","_relevanssi_pin_for_all":"","_relevanssi_pin_keywords":"","_relevanssi_unpin_keywords":"","_relevanssi_related_keywords":"","_relevanssi_related_include_ids":"","_relevanssi_related_exclude_ids":"","_relevanssi_related_no_append":"","_relevanssi_related_not_related":"","_relevanssi_related_posts":"","_relevanssi_noindex_reason":"","footnotes":""},"class_list":["post-35489","page","type-page","status-publish","hentry"],"acf":[],"yoast_head":"<!-- This site is optimized with the Yoast SEO Premium plugin v27.4 (Yoast SEO v27.4) - https:\/\/yoast.com\/product\/yoast-seo-premium-wordpress\/ -->\n<title>Kariera - Babcock Wanson<\/title>\n<meta name=\"description\" content=\"Kariera w Babcock Wanson. Do\u0142\u0105cz do naszego zespo\u0142u zaanga\u017cowanych kobiet i m\u0119\u017cczyzn, kt\u00f3rzy stale si\u0119 rozwijaj\u0105 i rozkwitaj\u0105 w mi\u0142ej atmosferze!\" \/>\n<meta name=\"robots\" content=\"index, follow, max-snippet:-1, max-image-preview:large, max-video-preview:-1\" \/>\n<link rel=\"canonical\" href=\"https:\/\/www.babcock-wanson.com\/pl\/kariera\/\" \/>\n<meta property=\"og:locale\" content=\"pl_PL\" \/>\n<meta property=\"og:type\" content=\"article\" \/>\n<meta property=\"og:title\" content=\"Kariera\" \/>\n<meta property=\"og:description\" content=\"Kariera w Babcock Wanson. Do\u0142\u0105cz do naszego zespo\u0142u zaanga\u017cowanych kobiet i m\u0119\u017cczyzn, kt\u00f3rzy stale si\u0119 rozwijaj\u0105 i rozkwitaj\u0105 w mi\u0142ej atmosferze!\" \/>\n<meta property=\"og:url\" content=\"https:\/\/www.babcock-wanson.com\/pl\/kariera\/\" \/>\n<meta property=\"og:site_name\" content=\"Babcock Wanson\" \/>\n<meta property=\"article:modified_time\" content=\"2024-03-20T09:03:08+00:00\" \/>\n<meta property=\"og:image\" content=\"https:\/\/www.babcock-wanson.com\/wp-content\/uploads\/2023\/07\/0.jpg\" \/>\n<meta name=\"twitter:card\" content=\"summary_large_image\" \/>\n<meta name=\"twitter:label1\" content=\"Est. reading time\" \/>\n\t<meta name=\"twitter:data1\" content=\"6 minut\" \/>\n<script type=\"application\/ld+json\" class=\"yoast-schema-graph\">{\"@context\":\"https:\\\/\\\/schema.org\",\"@graph\":[{\"@type\":\"WebPage\",\"@id\":\"https:\\\/\\\/www.babcock-wanson.com\\\/pl\\\/kariera\\\/\",\"url\":\"https:\\\/\\\/www.babcock-wanson.com\\\/pl\\\/kariera\\\/\",\"name\":\"Kariera - Babcock Wanson\",\"isPartOf\":{\"@id\":\"https:\\\/\\\/www.babcock-wanson.com\\\/pl\\\/#website\"},\"primaryImageOfPage\":{\"@id\":\"https:\\\/\\\/www.babcock-wanson.com\\\/pl\\\/kariera\\\/#primaryimage\"},\"image\":{\"@id\":\"https:\\\/\\\/www.babcock-wanson.com\\\/pl\\\/kariera\\\/#primaryimage\"},\"thumbnailUrl\":\"https:\\\/\\\/www.babcock-wanson.com\\\/wp-content\\\/uploads\\\/2023\\\/07\\\/0.jpg\",\"datePublished\":\"2020-10-30T08:09:36+00:00\",\"dateModified\":\"2024-03-20T09:03:08+00:00\",\"description\":\"Kariera w Babcock Wanson. Do\u0142\u0105cz do naszego zespo\u0142u zaanga\u017cowanych kobiet i m\u0119\u017cczyzn, kt\u00f3rzy stale si\u0119 rozwijaj\u0105 i rozkwitaj\u0105 w mi\u0142ej atmosferze!\",\"breadcrumb\":{\"@id\":\"https:\\\/\\\/www.babcock-wanson.com\\\/pl\\\/kariera\\\/#breadcrumb\"},\"inLanguage\":\"pl-PL\",\"potentialAction\":[{\"@type\":\"ReadAction\",\"target\":[\"https:\\\/\\\/www.babcock-wanson.com\\\/pl\\\/kariera\\\/\"]}]},{\"@type\":\"ImageObject\",\"inLanguage\":\"pl-PL\",\"@id\":\"https:\\\/\\\/www.babcock-wanson.com\\\/pl\\\/kariera\\\/#primaryimage\",\"url\":\"https:\\\/\\\/www.babcock-wanson.com\\\/wp-content\\\/uploads\\\/2023\\\/07\\\/0.jpg\",\"contentUrl\":\"https:\\\/\\\/www.babcock-wanson.com\\\/wp-content\\\/uploads\\\/2023\\\/07\\\/0.jpg\"},{\"@type\":\"BreadcrumbList\",\"@id\":\"https:\\\/\\\/www.babcock-wanson.com\\\/pl\\\/kariera\\\/#breadcrumb\",\"itemListElement\":[{\"@type\":\"ListItem\",\"position\":1,\"name\":\"Strona g\u0142\u00f3wna\",\"item\":\"https:\\\/\\\/www.babcock-wanson.com\\\/pl\\\/\"},{\"@type\":\"ListItem\",\"position\":2,\"name\":\"Kariera\"}]},{\"@type\":\"WebSite\",\"@id\":\"https:\\\/\\\/www.babcock-wanson.com\\\/pl\\\/#website\",\"url\":\"https:\\\/\\\/www.babcock-wanson.com\\\/pl\\\/\",\"name\":\"Babcock Wanson\",\"description\":\"\",\"publisher\":{\"@id\":\"https:\\\/\\\/www.babcock-wanson.com\\\/pl\\\/#organization\"},\"potentialAction\":[{\"@type\":\"SearchAction\",\"target\":{\"@type\":\"EntryPoint\",\"urlTemplate\":\"https:\\\/\\\/www.babcock-wanson.com\\\/pl\\\/?s={search_term_string}\"},\"query-input\":{\"@type\":\"PropertyValueSpecification\",\"valueRequired\":true,\"valueName\":\"search_term_string\"}}],\"inLanguage\":\"pl-PL\"},{\"@type\":\"Organization\",\"@id\":\"https:\\\/\\\/www.babcock-wanson.com\\\/pl\\\/#organization\",\"name\":\"Babcock Wanson\",\"url\":\"https:\\\/\\\/www.babcock-wanson.com\\\/pl\\\/\",\"logo\":{\"@type\":\"ImageObject\",\"inLanguage\":\"pl-PL\",\"@id\":\"https:\\\/\\\/www.babcock-wanson.com\\\/pl\\\/#\\\/schema\\\/logo\\\/image\\\/\",\"url\":\"https:\\\/\\\/www.babcock-wanson.com\\\/wp-content\\\/uploads\\\/2024\\\/02\\\/Babcock-Wanson-1200x1200-1.png\",\"contentUrl\":\"https:\\\/\\\/www.babcock-wanson.com\\\/wp-content\\\/uploads\\\/2024\\\/02\\\/Babcock-Wanson-1200x1200-1.png\",\"width\":1200,\"height\":1200,\"caption\":\"Babcock Wanson\"},\"image\":{\"@id\":\"https:\\\/\\\/www.babcock-wanson.com\\\/pl\\\/#\\\/schema\\\/logo\\\/image\\\/\"},\"sameAs\":[\"https:\\\/\\\/www.linkedin.com\\\/company\\\/babcock-wanson\\\/\",\"https:\\\/\\\/www.youtube.com\\\/channel\\\/UCtxl25VieBBsP2kYmtlyv7A\"]}]}<\/script>\n<!-- \/ Yoast SEO Premium plugin. -->","yoast_head_json":{"title":"Kariera - Babcock Wanson","description":"Kariera w Babcock Wanson. Do\u0142\u0105cz do naszego zespo\u0142u zaanga\u017cowanych kobiet i m\u0119\u017cczyzn, kt\u00f3rzy stale si\u0119 rozwijaj\u0105 i rozkwitaj\u0105 w mi\u0142ej atmosferze!","robots":{"index":"index","follow":"follow","max-snippet":"max-snippet:-1","max-image-preview":"max-image-preview:large","max-video-preview":"max-video-preview:-1"},"canonical":"https:\/\/www.babcock-wanson.com\/pl\/kariera\/","og_locale":"pl_PL","og_type":"article","og_title":"Kariera","og_description":"Kariera w Babcock Wanson. Do\u0142\u0105cz do naszego zespo\u0142u zaanga\u017cowanych kobiet i m\u0119\u017cczyzn, kt\u00f3rzy stale si\u0119 rozwijaj\u0105 i rozkwitaj\u0105 w mi\u0142ej atmosferze!","og_url":"https:\/\/www.babcock-wanson.com\/pl\/kariera\/","og_site_name":"Babcock Wanson","article_modified_time":"2024-03-20T09:03:08+00:00","og_image":[{"url":"https:\/\/www.babcock-wanson.com\/wp-content\/uploads\/2023\/07\/0.jpg","type":"","width":"","height":""}],"twitter_card":"summary_large_image","twitter_misc":{"Est. reading time":"6 minut"},"schema":{"@context":"https:\/\/schema.org","@graph":[{"@type":"WebPage","@id":"https:\/\/www.babcock-wanson.com\/pl\/kariera\/","url":"https:\/\/www.babcock-wanson.com\/pl\/kariera\/","name":"Kariera - Babcock Wanson","isPartOf":{"@id":"https:\/\/www.babcock-wanson.com\/pl\/#website"},"primaryImageOfPage":{"@id":"https:\/\/www.babcock-wanson.com\/pl\/kariera\/#primaryimage"},"image":{"@id":"https:\/\/www.babcock-wanson.com\/pl\/kariera\/#primaryimage"},"thumbnailUrl":"https:\/\/www.babcock-wanson.com\/wp-content\/uploads\/2023\/07\/0.jpg","datePublished":"2020-10-30T08:09:36+00:00","dateModified":"2024-03-20T09:03:08+00:00","description":"Kariera w Babcock Wanson. Do\u0142\u0105cz do naszego zespo\u0142u zaanga\u017cowanych kobiet i m\u0119\u017cczyzn, kt\u00f3rzy stale si\u0119 rozwijaj\u0105 i rozkwitaj\u0105 w mi\u0142ej atmosferze!","breadcrumb":{"@id":"https:\/\/www.babcock-wanson.com\/pl\/kariera\/#breadcrumb"},"inLanguage":"pl-PL","potentialAction":[{"@type":"ReadAction","target":["https:\/\/www.babcock-wanson.com\/pl\/kariera\/"]}]},{"@type":"ImageObject","inLanguage":"pl-PL","@id":"https:\/\/www.babcock-wanson.com\/pl\/kariera\/#primaryimage","url":"https:\/\/www.babcock-wanson.com\/wp-content\/uploads\/2023\/07\/0.jpg","contentUrl":"https:\/\/www.babcock-wanson.com\/wp-content\/uploads\/2023\/07\/0.jpg"},{"@type":"BreadcrumbList","@id":"https:\/\/www.babcock-wanson.com\/pl\/kariera\/#breadcrumb","itemListElement":[{"@type":"ListItem","position":1,"name":"Strona g\u0142\u00f3wna","item":"https:\/\/www.babcock-wanson.com\/pl\/"},{"@type":"ListItem","position":2,"name":"Kariera"}]},{"@type":"WebSite","@id":"https:\/\/www.babcock-wanson.com\/pl\/#website","url":"https:\/\/www.babcock-wanson.com\/pl\/","name":"Babcock Wanson","description":"","publisher":{"@id":"https:\/\/www.babcock-wanson.com\/pl\/#organization"},"potentialAction":[{"@type":"SearchAction","target":{"@type":"EntryPoint","urlTemplate":"https:\/\/www.babcock-wanson.com\/pl\/?s={search_term_string}"},"query-input":{"@type":"PropertyValueSpecification","valueRequired":true,"valueName":"search_term_string"}}],"inLanguage":"pl-PL"},{"@type":"Organization","@id":"https:\/\/www.babcock-wanson.com\/pl\/#organization","name":"Babcock Wanson","url":"https:\/\/www.babcock-wanson.com\/pl\/","logo":{"@type":"ImageObject","inLanguage":"pl-PL","@id":"https:\/\/www.babcock-wanson.com\/pl\/#\/schema\/logo\/image\/","url":"https:\/\/www.babcock-wanson.com\/wp-content\/uploads\/2024\/02\/Babcock-Wanson-1200x1200-1.png","contentUrl":"https:\/\/www.babcock-wanson.com\/wp-content\/uploads\/2024\/02\/Babcock-Wanson-1200x1200-1.png","width":1200,"height":1200,"caption":"Babcock Wanson"},"image":{"@id":"https:\/\/www.babcock-wanson.com\/pl\/#\/schema\/logo\/image\/"},"sameAs":["https:\/\/www.linkedin.com\/company\/babcock-wanson\/","https:\/\/www.youtube.com\/channel\/UCtxl25VieBBsP2kYmtlyv7A"]}]}},"jetpack_sharing_enabled":true,"_links":{"self":[{"href":"https:\/\/www.babcock-wanson.com\/pl\/wp-json\/wp\/v2\/pages\/35489","targetHints":{"allow":["GET"]}}],"collection":[{"href":"https:\/\/www.babcock-wanson.com\/pl\/wp-json\/wp\/v2\/pages"}],"about":[{"href":"https:\/\/www.babcock-wanson.com\/pl\/wp-json\/wp\/v2\/types\/page"}],"author":[{"embeddable":true,"href":"https:\/\/www.babcock-wanson.com\/pl\/wp-json\/wp\/v2\/users\/1"}],"replies":[{"embeddable":true,"href":"https:\/\/www.babcock-wanson.com\/pl\/wp-json\/wp\/v2\/comments?post=35489"}],"version-history":[{"count":9,"href":"https:\/\/www.babcock-wanson.com\/pl\/wp-json\/wp\/v2\/pages\/35489\/revisions"}],"predecessor-version":[{"id":47673,"href":"https:\/\/www.babcock-wanson.com\/pl\/wp-json\/wp\/v2\/pages\/35489\/revisions\/47673"}],"wp:attachment":[{"href":"https:\/\/www.babcock-wanson.com\/pl\/wp-json\/wp\/v2\/media?parent=35489"}],"curies":[{"name":"wp","href":"https:\/\/api.w.org\/{rel}","templated":true}]}}