{"id":35576,"date":"2020-10-30T12:51:39","date_gmt":"2020-10-30T12:51:39","guid":{"rendered":"https:\/\/www.babcock-wanson.com\/branze\/napoje-i-browary\/"},"modified":"2021-12-12T23:15:38","modified_gmt":"2021-12-12T23:15:38","slug":"napoje-i-browary","status":"publish","type":"page","link":"https:\/\/www.babcock-wanson.com\/pl\/branze\/napoje-i-browary\/","title":{"rendered":"Napoje i Browary"},"content":{"rendered":"<div class=\"vgblk-rw-wrapper limit-wrapper\"><h2>\n\t\tKot\u0142y dla <strong>przemys\u0142u napoj\u00f3w<\/strong>\n\t<\/h2>\n\t<p>Przemys\u0142 napoj\u00f3w obejmuje dwie kategorie:<\/p>\n<ul>\n<li>Kategorie bezalkoholowe: butelkowanie i puszkowanie napoj\u00f3w bezalkoholowych i wody; butelkowanie, puszkowanie i pakowanie w kartony sok\u00f3w owocowych; przemys\u0142 kawowy i herbaciarski.<\/li>\n<li>Kategorie napoj\u00f3w alkoholowych: alkohole destylowane, wino i piwo.<\/li>\n<\/ul>\n<p>Sektor ten wymaga precyzyjnej kontroli i szeroko poj\u0119tych zmiennych obci\u0105\u017ce\u0144 cieplnych. Zaopatrzenie w ciep\u0142o musi by\u0107 regulowane, aby reagowa\u0107 na nag\u0142e zmiany obci\u0105\u017cenia procesowego.<\/p>\n<p>Innym wa\u017cnym aspektem procesu produkcji napoj\u00f3w jest zapobieganie zanieczyszczeniom w procesie i w produktach. Dlatego w celu zapewnienia jako\u015bci produktu wymagane jest dok\u0142adne monitorowanie i kontrola bezpiecze\u0144stwa.<\/p>\n<h3>Zalecenia dotycz\u0105ce produkt\u00f3w<\/h3>\n<p>Firma Babcock Wanson zapewnia sprz\u0119t, technologie i wiedz\u0119 specjalistyczn\u0105, aby proces produkcji napoj\u00f3w by\u0142 bezpieczniejszy i bardziej wydajny.<\/p>\n<p>Dzi\u0119ki wiedzy i do\u015bwiadczeniu w produkcji kot\u0142\u00f3w oraz palnik\u00f3w firma Babcock Wanson dostarcza niezawodne i wytrzyma\u0142e urz\u0105dzenia dla ca\u0142ej bran\u017cy. Do produkcji napoj\u00f3w doskonale nadaj\u0105 si\u0119 zar\u00f3wno <a href=\"https:\/\/www.babcock-wanson.com\/pl\/kategoria-produktu\/wytwornice-pary\/\" rel=\"noopener\" target=\"_blank\">wytwornice pary<\/a>, jak i<a href=\"https:\/\/www.babcock-wanson.com\/pl\/kategoria-produktu\/kotly-plomienicowo-plomieniowkowe\/\" rel=\"noopener\" target=\"_blank\"> kot\u0142y p\u0142omieni\u00f3wkowe<\/a>.<\/p>\n<p>W sektorze browarniczym tradycyjnie stosowan\u0105 metod\u0105 ogrzewania jest para wodna. Para jest r\u00f3wnie\u017c u\u017cywana do mycia butelek i czyszczenia urz\u0105dze\u0144. Zastosowania te wymagaj\u0105 du\u017cej ilo\u015bci pary, a tym samym wysokiej jako\u015bci wody. Mog\u0105 to zapewni\u0107 opracowane przez firm\u0119 Babcock Wanson rozwi\u0105zania w zakresie uzdatniania wody. Babcock Wanson oferuje szerok\u0105 gam\u0119 kompletnych urz\u0105dze\u0144 do <a href=\"https:\/\/www.babcock-wanson.com\/pl\/kategoria-produktu\/systemy-uzdatniania-wody\/\" rel=\"noopener\" target=\"_blank\">uzdatniania wody<\/a>, kt\u00f3re oczyszczaj\u0105, filtruj\u0105, sterylizuj\u0105 i odchlorowuj\u0105 wod\u0119 oraz zapewniaj\u0105 wysokiej jako\u015bci wod\u0119 zasilaj\u0105c\u0105 kocio\u0142.<\/p>\n<p>Wiedza specjalistyczna Babcock Wanson zapewnia minimalne koszty utrzymania, umo\u017cliwiaj\u0105c jednocze\u015bnie kontrolowanie korozji i osad\u00f3w chemicznych w kotle oraz systemie.<\/p>\n<p>Alternatyw\u0105 dla klasycznych system\u00f3w parowych jest ogrzewanie olejem termicznym. Systemy na olej termiczny pracuj\u0105 w wysokich temperaturach (do 350\u00b0C w standardowej wersji) w prostej zamkni\u0119tej p\u0119tli. S\u0105 skutecznie i bardzo ekonomicznie wykorzystywane w takich procesach, jak warzenie brzeczki, zamiast bardziej tradycyjnych urz\u0105dze\u0144 ogrzewanych par\u0105.<\/p>\n<h3>Dost\u0119pne us\u0142ugi<\/h3>\n<p>Firma Babcock Wanson mo\u017ce zapewni\u0107 us\u0142ugi i pomoc techniczn\u0105 dostosowane do indywidualnych potrzeb klienta oraz konkretnego zastosowania.<\/p>\n<ul>\n<li>Serwis telefoniczny i czasy reakcji: Wdro\u017cenie rygorystycznego planu regularnego serwisu i konserwacji zapewnia klientom wi\u0119ksz\u0105 niezawodno\u015b\u0107 i wydajno\u015b\u0107 sprz\u0119tu.<\/li>\n<\/ul>\n<p>Zobowi\u0105zanie dost\u0119pno\u015bci: Rozleg\u0142a sie\u0107 in\u017cynier\u00f3w serwisowych Babcock Wanson jest w pe\u0142ni wykwalifikowana i przeszkolona, aby reagowa\u0107 na wszelkie potrzeby serwisowe zwi\u0105zane z kot\u0142ami.<\/p>\n<h3>\n\t\tPrzemys\u0142 napoj\u00f3w \u2013 Kot\u0142y przemys\u0142owe \u2013 <strong>Klienci<\/strong>\n\t<\/h3>\n\t\t\t\t\t\t\t<img loading=\"lazy\" decoding=\"async\" src=\"https:\/\/www.babcock-wanson.com\/wp-content\/uploads\/2019\/02\/Remy_Cointreau_logo.png\" data-srcset=\"https:\/\/www.babcock-wanson.com\/wp-content\/uploads\/2019\/02\/Remy_Cointreau_logo.png\" alt=\"Remy_Cointreau_logo\" height=\"50\" width=\"126\" title=\"Remy_Cointreau_logo\" \/>\t\t\t\t\t\t\t\n\t\t\t\t\t\t\t<img loading=\"lazy\" decoding=\"async\" src=\"https:\/\/www.babcock-wanson.com\/wp-content\/uploads\/2019\/02\/roxane-water-logo.png\" data-srcset=\"https:\/\/www.babcock-wanson.com\/wp-content\/uploads\/2019\/02\/roxane-water-logo.png\" alt=\"roxane-water-logo\" height=\"50\" width=\"64\" title=\"roxane-water-logo\" \/>\t\t\t\t\t\t\t\n\t\t\t\t\t\t\t<img loading=\"lazy\" decoding=\"async\" src=\"https:\/\/www.babcock-wanson.com\/wp-content\/uploads\/2019\/02\/bacardi-martini-logo.png\" alt=\"bacardi-martini-logo\" height=\"50\" width=\"154\" title=\"bacardi-martini-logo\" data-srcset=\"https:\/\/www.babcock-wanson.com\/wp-content\/uploads\/2019\/02\/bacardi-martini-logo.png 154w, https:\/\/www.babcock-wanson.com\/wp-content\/uploads\/2019\/02\/bacardi-martini-logo-150x50.png 150w\" \/>\t\t\t\t\t\t\t\n\t\t\t\t\t\t\t<img loading=\"lazy\" decoding=\"async\" src=\"https:\/\/www.babcock-wanson.com\/wp-content\/uploads\/2019\/02\/Coca-Cola_logo.png\" alt=\"Coca-Cola_logo\" height=\"50\" width=\"151\" title=\"Coca-Cola_logo\" data-srcset=\"https:\/\/www.babcock-wanson.com\/wp-content\/uploads\/2019\/02\/Coca-Cola_logo.png 151w, https:\/\/www.babcock-wanson.com\/wp-content\/uploads\/2019\/02\/Coca-Cola_logo-150x50.png 150w\" \/>\t\t\t\t\t\t\t\n\t\t\t\t\t\t\t<img loading=\"lazy\" decoding=\"async\" src=\"https:\/\/www.babcock-wanson.com\/wp-content\/uploads\/2019\/02\/Heineken-Logo.png\" data-srcset=\"https:\/\/www.babcock-wanson.com\/wp-content\/uploads\/2019\/02\/Heineken-Logo.png\" alt=\"Heineken-Logo\" height=\"50\" width=\"88\" title=\"Heineken-Logo\" \/>\t\t\t\t\t\t\t\n\t\t\t\t\t\t\t<img loading=\"lazy\" decoding=\"async\" src=\"https:\/\/www.babcock-wanson.com\/wp-content\/uploads\/2019\/02\/nestle-waters-logo.png\" data-srcset=\"https:\/\/www.babcock-wanson.com\/wp-content\/uploads\/2019\/02\/nestle-waters-logo.png\" alt=\"nestle-waters-logo\" height=\"50\" width=\"78\" title=\"nestle-waters-logo\" \/>\t\t\t\t\t\t\t\n<h2>\n\tGama <b>Urz\u0105dze\u0144<\/b> \n\t<\/h2>\n\t\t\t\t\t\t<a href=\"https:\/\/www.babcock-wanson.com\/pl\/produkty\/kotly-plomienicowo-plomieniowkowe\/nbwb\/\"><img loading=\"lazy\" decoding=\"async\" width=\"315\" height=\"210\" src=\"https:\/\/www.babcock-wanson.com\/wp-content\/uploads\/2018\/08\/NBWB-Fire-Tube-Boiler-3-315x210.png\" alt=\"NBWB Kot\u0142y P\u0142omienicowo-P\u0142omieni\u00f3wkowe\" data-attachment-id=\"35598\" data-permalink=\"https:\/\/www.babcock-wanson.com\/pl\/?attachment_id=35598\" data-orig-file=\"https:\/\/www.babcock-wanson.com\/wp-content\/uploads\/2018\/08\/NBWB-Fire-Tube-Boiler-3.png\" data-orig-size=\"600,400\" data-comments-opened=\"0\" data-image-meta=\"{&quot;aperture&quot;:&quot;0&quot;,&quot;credit&quot;:&quot;&quot;,&quot;camera&quot;:&quot;&quot;,&quot;caption&quot;:&quot;&quot;,&quot;created_timestamp&quot;:&quot;0&quot;,&quot;copyright&quot;:&quot;&quot;,&quot;focal_length&quot;:&quot;0&quot;,&quot;iso&quot;:&quot;0&quot;,&quot;shutter_speed&quot;:&quot;0&quot;,&quot;title&quot;:&quot;&quot;,&quot;orientation&quot;:&quot;0&quot;}\" data-image-title=\"NBWB-Kot\u0142y-P\u0142omienicowo-P\u0142omieni\u00f3wkowe-3\" data-image-description=\"\" data-medium-file=\"https:\/\/www.babcock-wanson.com\/wp-content\/uploads\/2018\/08\/NBWB-Fire-Tube-Boiler-3-300x200.png\" data-large-file=\"https:\/\/www.babcock-wanson.com\/wp-content\/uploads\/2018\/08\/NBWB-Fire-Tube-Boiler-3.png\" \/><\/a><a href=\"https:\/\/www.babcock-wanson.com\/pl\/produkty\/kotly-plomienicowo-plomieniowkowe\/nbwb\/\" data-quantity=\"1\" data-product_id=\"36434\" data-product_sku=\"\" aria-label=\"Przeczytaj wi\u0119cej o &ldquo;NBWB&rdquo;\" rel=\"nofollow\">Przeczytaj wi\u0119cej<\/a><a href=\"https:\/\/www.babcock-wanson.com\/pl\/produkty\/kotly-plomienicowo-plomieniowkowe\/nbwb\/\"><h3>NBWB<\/h3>\n\t\t<\/a>\n\t\t\t\t\t\t<a href=\"https:\/\/www.babcock-wanson.com\/pl\/produkty\/kotly-oleju-termalnego\/tpc-b\/\"><img loading=\"lazy\" decoding=\"async\" width=\"315\" height=\"211\" src=\"https:\/\/www.babcock-wanson.com\/wp-content\/uploads\/2018\/08\/TC-B-Series-side-by-side-315x211.jpg\" alt=\"\" data-attachment-id=\"35591\" data-permalink=\"https:\/\/www.babcock-wanson.com\/pl\/?attachment_id=35591\" data-orig-file=\"https:\/\/www.babcock-wanson.com\/wp-content\/uploads\/2018\/08\/TC-B-Series-side-by-side.jpg\" data-orig-size=\"600,401\" data-comments-opened=\"0\" data-image-meta=\"{&quot;aperture&quot;:&quot;0&quot;,&quot;credit&quot;:&quot;&quot;,&quot;camera&quot;:&quot;&quot;,&quot;caption&quot;:&quot;&quot;,&quot;created_timestamp&quot;:&quot;0&quot;,&quot;copyright&quot;:&quot;&quot;,&quot;focal_length&quot;:&quot;0&quot;,&quot;iso&quot;:&quot;0&quot;,&quot;shutter_speed&quot;:&quot;0&quot;,&quot;title&quot;:&quot;&quot;,&quot;orientation&quot;:&quot;1&quot;}\" data-image-title=\"TPC-B Series side by side\" data-image-description=\"\" data-medium-file=\"https:\/\/www.babcock-wanson.com\/wp-content\/uploads\/2018\/08\/TC-B-Series-side-by-side-300x201.jpg\" data-large-file=\"https:\/\/www.babcock-wanson.com\/wp-content\/uploads\/2018\/08\/TC-B-Series-side-by-side.jpg\" \/><\/a><a href=\"https:\/\/www.babcock-wanson.com\/pl\/produkty\/kotly-oleju-termalnego\/tpc-b\/\" data-quantity=\"1\" data-product_id=\"36733\" data-product_sku=\"TPC-B Series\" aria-label=\"Przeczytaj wi\u0119cej o &ldquo;TPC-B&rdquo;\" rel=\"nofollow\">Przeczytaj wi\u0119cej<\/a><a href=\"https:\/\/www.babcock-wanson.com\/pl\/produkty\/kotly-oleju-termalnego\/tpc-b\/\"><h3>TPC-B<\/h3>\n\t\t<\/a>\n\t\t\t\t\t\t<a href=\"https:\/\/www.babcock-wanson.com\/pl\/produkty\/systemy-uzdatniania-wody\/demineralizacja-przez-odwrocona-osmoze\/\"><img loading=\"lazy\" decoding=\"async\" width=\"315\" height=\"210\" src=\"https:\/\/www.babcock-wanson.com\/wp-content\/uploads\/2018\/09\/demineralisation-by-reverse-osmosis-2-315x210.jpg\" alt=\"Demineralizacja przez odwr\u00f3con\u0105 osmoz\u0119\" data-attachment-id=\"35605\" data-permalink=\"https:\/\/www.babcock-wanson.com\/pl\/?attachment_id=35605\" data-orig-file=\"https:\/\/www.babcock-wanson.com\/wp-content\/uploads\/2018\/09\/demineralisation-by-reverse-osmosis-2.jpg\" data-orig-size=\"600,400\" data-comments-opened=\"0\" data-image-meta=\"{&quot;aperture&quot;:&quot;0&quot;,&quot;credit&quot;:&quot;&quot;,&quot;camera&quot;:&quot;&quot;,&quot;caption&quot;:&quot;&quot;,&quot;created_timestamp&quot;:&quot;0&quot;,&quot;copyright&quot;:&quot;&quot;,&quot;focal_length&quot;:&quot;0&quot;,&quot;iso&quot;:&quot;0&quot;,&quot;shutter_speed&quot;:&quot;0&quot;,&quot;title&quot;:&quot;&quot;,&quot;orientation&quot;:&quot;0&quot;}\" data-image-title=\"demineralizacja-przez-odwr\u00f3con\u0105-osmoz\u0119-2\" data-image-description=\"\" data-medium-file=\"https:\/\/www.babcock-wanson.com\/wp-content\/uploads\/2018\/09\/demineralisation-by-reverse-osmosis-2-300x200.jpg\" data-large-file=\"https:\/\/www.babcock-wanson.com\/wp-content\/uploads\/2018\/09\/demineralisation-by-reverse-osmosis-2.jpg\" \/><\/a><a href=\"https:\/\/www.babcock-wanson.com\/pl\/produkty\/systemy-uzdatniania-wody\/demineralizacja-przez-odwrocona-osmoze\/\" data-quantity=\"1\" data-product_id=\"36922\" data-product_sku=\"\" aria-label=\"Przeczytaj wi\u0119cej o &ldquo;Demineralizacja przez odwr\u00f3con\u0105 osmoz\u0119&rdquo;\" rel=\"nofollow\">Przeczytaj wi\u0119cej<\/a><a href=\"https:\/\/www.babcock-wanson.com\/pl\/produkty\/systemy-uzdatniania-wody\/demineralizacja-przez-odwrocona-osmoze\/\"><h3>Demineralizacja przez odwr\u00f3con\u0105 osmoz\u0119<\/h3>\n\t\t<\/a>\n\t\t\t\t\t\t<a href=\"https:\/\/www.babcock-wanson.com\/pl\/produkty\/kotly-plomienicowo-plomieniowkowe\/bwd\/\"><img loading=\"lazy\" decoding=\"async\" width=\"315\" height=\"210\" src=\"https:\/\/www.babcock-wanson.com\/wp-content\/uploads\/2018\/08\/BWD-Fire-Tube-Boilers-4-315x210.png\" alt=\"BWD Kot\u0142y P\u0142omienicowo-P\u0142omieni\u00f3wkowe\" data-attachment-id=\"35672\" data-permalink=\"https:\/\/www.babcock-wanson.com\/pl\/?attachment_id=35672\" data-orig-file=\"https:\/\/www.babcock-wanson.com\/wp-content\/uploads\/2018\/08\/BWD-Fire-Tube-Boilers-4.png\" data-orig-size=\"600,400\" data-comments-opened=\"0\" data-image-meta=\"{&quot;aperture&quot;:&quot;0&quot;,&quot;credit&quot;:&quot;&quot;,&quot;camera&quot;:&quot;&quot;,&quot;caption&quot;:&quot;&quot;,&quot;created_timestamp&quot;:&quot;0&quot;,&quot;copyright&quot;:&quot;&quot;,&quot;focal_length&quot;:&quot;0&quot;,&quot;iso&quot;:&quot;0&quot;,&quot;shutter_speed&quot;:&quot;0&quot;,&quot;title&quot;:&quot;&quot;,&quot;orientation&quot;:&quot;0&quot;}\" data-image-title=\"BWD-Kot\u0142y-P\u0142omienicowo-P\u0142omieni\u00f3wkowe-4\" data-image-description=\"\" data-medium-file=\"https:\/\/www.babcock-wanson.com\/wp-content\/uploads\/2018\/08\/BWD-Fire-Tube-Boilers-4-300x200.png\" data-large-file=\"https:\/\/www.babcock-wanson.com\/wp-content\/uploads\/2018\/08\/BWD-Fire-Tube-Boilers-4.png\" \/><\/a><a href=\"https:\/\/www.babcock-wanson.com\/pl\/produkty\/kotly-plomienicowo-plomieniowkowe\/bwd\/\" data-quantity=\"1\" data-product_id=\"36430\" data-product_sku=\"\" aria-label=\"Przeczytaj wi\u0119cej o &ldquo;BWD&rdquo;\" rel=\"nofollow\">Przeczytaj wi\u0119cej<\/a><a href=\"https:\/\/www.babcock-wanson.com\/pl\/produkty\/kotly-plomienicowo-plomieniowkowe\/bwd\/\"><h3>BWD<\/h3>\n\t\t<\/a>\n<\/div><!-- .vgblk-rw-wrapper -->","protected":false},"excerpt":{"rendered":"<p>Kot\u0142y dla przemys\u0142u napoj\u00f3w Przemys\u0142 napoj\u00f3w obejmuje dwie kategorie: Kategorie bezalkoholowe: butelkowanie i puszkowanie napoj\u00f3w bezalkoholowych i wody; butelkowanie, puszkowanie i pakowanie w kartony sok\u00f3w owocowych; przemys\u0142 kawowy i herbaciarski. Kategorie napoj\u00f3w alkoholowych: alkohole destylowane, wino i piwo. Sektor ten wymaga precyzyjnej kontroli i szeroko poj\u0119tych zmiennych obci\u0105\u017ce\u0144 cieplnych. Zaopatrzenie w ciep\u0142o musi by\u0107 regulowane,&#8230;<\/p>\n","protected":false},"author":1,"featured_media":0,"parent":35460,"menu_order":0,"comment_status":"closed","ping_status":"closed","template":"","meta":{"_acf_changed":false,"_relevanssi_hide_post":"","_relevanssi_hide_content":"","_relevanssi_pin_for_all":"","_relevanssi_pin_keywords":"","_relevanssi_unpin_keywords":"","_relevanssi_related_keywords":"","_relevanssi_related_include_ids":"","_relevanssi_related_exclude_ids":"","_relevanssi_related_no_append":"","_relevanssi_related_not_related":"","_relevanssi_related_posts":"","_relevanssi_noindex_reason":"","footnotes":""},"class_list":["post-35576","page","type-page","status-publish","hentry"],"acf":[],"yoast_head":"<!-- This site is optimized with the Yoast SEO Premium plugin v27.4 (Yoast SEO v27.4) - https:\/\/yoast.com\/product\/yoast-seo-premium-wordpress\/ -->\n<title>Napoje i Browary - Babcock Wanson<\/title>\n<meta name=\"description\" content=\"Przemys\u0142 napoj\u00f3w sektor ten wymaga precyzyjnej kontroli i szeroko poj\u0119tych zmiennych obci\u0105\u017ce\u0144 cieplnych. Zaopatrzenie w ciep\u0142o musi by\u0107 regulowane, aby reagowa\u0107 na nag\u0142e zmiany obci\u0105\u017cenia procesowego.\" \/>\n<meta name=\"robots\" content=\"index, follow, max-snippet:-1, max-image-preview:large, max-video-preview:-1\" \/>\n<link rel=\"canonical\" href=\"https:\/\/www.babcock-wanson.com\/pl\/branze\/napoje-i-browary\/\" \/>\n<meta property=\"og:locale\" content=\"pl_PL\" \/>\n<meta property=\"og:type\" content=\"article\" \/>\n<meta property=\"og:title\" content=\"Napoje i Browary\" \/>\n<meta property=\"og:description\" content=\"Przemys\u0142 napoj\u00f3w sektor ten wymaga precyzyjnej kontroli i szeroko poj\u0119tych zmiennych obci\u0105\u017ce\u0144 cieplnych. Zaopatrzenie w ciep\u0142o musi by\u0107 regulowane, aby reagowa\u0107 na nag\u0142e zmiany obci\u0105\u017cenia procesowego.\" \/>\n<meta property=\"og:url\" content=\"https:\/\/www.babcock-wanson.com\/pl\/branze\/napoje-i-browary\/\" \/>\n<meta property=\"og:site_name\" content=\"Babcock Wanson\" \/>\n<meta property=\"article:modified_time\" content=\"2021-12-12T23:15:38+00:00\" \/>\n<meta property=\"og:image\" content=\"https:\/\/www.babcock-wanson.com\/wp-content\/uploads\/2019\/02\/Remy_Cointreau_logo.png\" \/>\n<meta name=\"twitter:card\" content=\"summary_large_image\" \/>\n<meta name=\"twitter:label1\" content=\"Est. reading time\" \/>\n\t<meta name=\"twitter:data1\" content=\"2 minuty\" \/>\n<script type=\"application\/ld+json\" class=\"yoast-schema-graph\">{\"@context\":\"https:\\\/\\\/schema.org\",\"@graph\":[{\"@type\":\"WebPage\",\"@id\":\"https:\\\/\\\/www.babcock-wanson.com\\\/pl\\\/branze\\\/napoje-i-browary\\\/\",\"url\":\"https:\\\/\\\/www.babcock-wanson.com\\\/pl\\\/branze\\\/napoje-i-browary\\\/\",\"name\":\"Napoje i Browary - Babcock Wanson\",\"isPartOf\":{\"@id\":\"https:\\\/\\\/www.babcock-wanson.com\\\/pl\\\/#website\"},\"primaryImageOfPage\":{\"@id\":\"https:\\\/\\\/www.babcock-wanson.com\\\/pl\\\/branze\\\/napoje-i-browary\\\/#primaryimage\"},\"image\":{\"@id\":\"https:\\\/\\\/www.babcock-wanson.com\\\/pl\\\/branze\\\/napoje-i-browary\\\/#primaryimage\"},\"thumbnailUrl\":\"https:\\\/\\\/www.babcock-wanson.com\\\/wp-content\\\/uploads\\\/2019\\\/02\\\/Remy_Cointreau_logo.png\",\"datePublished\":\"2020-10-30T12:51:39+00:00\",\"dateModified\":\"2021-12-12T23:15:38+00:00\",\"description\":\"Przemys\u0142 napoj\u00f3w sektor ten wymaga precyzyjnej kontroli i szeroko poj\u0119tych zmiennych obci\u0105\u017ce\u0144 cieplnych. Zaopatrzenie w ciep\u0142o musi by\u0107 regulowane, aby reagowa\u0107 na nag\u0142e zmiany obci\u0105\u017cenia procesowego.\",\"breadcrumb\":{\"@id\":\"https:\\\/\\\/www.babcock-wanson.com\\\/pl\\\/branze\\\/napoje-i-browary\\\/#breadcrumb\"},\"inLanguage\":\"pl-PL\",\"potentialAction\":[{\"@type\":\"ReadAction\",\"target\":[\"https:\\\/\\\/www.babcock-wanson.com\\\/pl\\\/branze\\\/napoje-i-browary\\\/\"]}]},{\"@type\":\"ImageObject\",\"inLanguage\":\"pl-PL\",\"@id\":\"https:\\\/\\\/www.babcock-wanson.com\\\/pl\\\/branze\\\/napoje-i-browary\\\/#primaryimage\",\"url\":\"https:\\\/\\\/www.babcock-wanson.com\\\/wp-content\\\/uploads\\\/2019\\\/02\\\/Remy_Cointreau_logo.png\",\"contentUrl\":\"https:\\\/\\\/www.babcock-wanson.com\\\/wp-content\\\/uploads\\\/2019\\\/02\\\/Remy_Cointreau_logo.png\"},{\"@type\":\"BreadcrumbList\",\"@id\":\"https:\\\/\\\/www.babcock-wanson.com\\\/pl\\\/branze\\\/napoje-i-browary\\\/#breadcrumb\",\"itemListElement\":[{\"@type\":\"ListItem\",\"position\":1,\"name\":\"Strona g\u0142\u00f3wna\",\"item\":\"https:\\\/\\\/www.babcock-wanson.com\\\/pl\\\/\"},{\"@type\":\"ListItem\",\"position\":2,\"name\":\"Bran\u017ce\",\"item\":\"https:\\\/\\\/www.babcock-wanson.com\\\/pl\\\/branze\\\/\"},{\"@type\":\"ListItem\",\"position\":3,\"name\":\"Napoje i Browary\"}]},{\"@type\":\"WebSite\",\"@id\":\"https:\\\/\\\/www.babcock-wanson.com\\\/pl\\\/#website\",\"url\":\"https:\\\/\\\/www.babcock-wanson.com\\\/pl\\\/\",\"name\":\"Babcock Wanson\",\"description\":\"\",\"publisher\":{\"@id\":\"https:\\\/\\\/www.babcock-wanson.com\\\/pl\\\/#organization\"},\"potentialAction\":[{\"@type\":\"SearchAction\",\"target\":{\"@type\":\"EntryPoint\",\"urlTemplate\":\"https:\\\/\\\/www.babcock-wanson.com\\\/pl\\\/?s={search_term_string}\"},\"query-input\":{\"@type\":\"PropertyValueSpecification\",\"valueRequired\":true,\"valueName\":\"search_term_string\"}}],\"inLanguage\":\"pl-PL\"},{\"@type\":\"Organization\",\"@id\":\"https:\\\/\\\/www.babcock-wanson.com\\\/pl\\\/#organization\",\"name\":\"Babcock Wanson\",\"url\":\"https:\\\/\\\/www.babcock-wanson.com\\\/pl\\\/\",\"logo\":{\"@type\":\"ImageObject\",\"inLanguage\":\"pl-PL\",\"@id\":\"https:\\\/\\\/www.babcock-wanson.com\\\/pl\\\/#\\\/schema\\\/logo\\\/image\\\/\",\"url\":\"https:\\\/\\\/www.babcock-wanson.com\\\/wp-content\\\/uploads\\\/2024\\\/02\\\/Babcock-Wanson-1200x1200-1.png\",\"contentUrl\":\"https:\\\/\\\/www.babcock-wanson.com\\\/wp-content\\\/uploads\\\/2024\\\/02\\\/Babcock-Wanson-1200x1200-1.png\",\"width\":1200,\"height\":1200,\"caption\":\"Babcock Wanson\"},\"image\":{\"@id\":\"https:\\\/\\\/www.babcock-wanson.com\\\/pl\\\/#\\\/schema\\\/logo\\\/image\\\/\"},\"sameAs\":[\"https:\\\/\\\/www.linkedin.com\\\/company\\\/babcock-wanson\\\/\",\"https:\\\/\\\/www.youtube.com\\\/channel\\\/UCtxl25VieBBsP2kYmtlyv7A\"]}]}<\/script>\n<!-- \/ Yoast SEO Premium plugin. -->","yoast_head_json":{"title":"Napoje i Browary - Babcock Wanson","description":"Przemys\u0142 napoj\u00f3w sektor ten wymaga precyzyjnej kontroli i szeroko poj\u0119tych zmiennych obci\u0105\u017ce\u0144 cieplnych. Zaopatrzenie w ciep\u0142o musi by\u0107 regulowane, aby reagowa\u0107 na nag\u0142e zmiany obci\u0105\u017cenia procesowego.","robots":{"index":"index","follow":"follow","max-snippet":"max-snippet:-1","max-image-preview":"max-image-preview:large","max-video-preview":"max-video-preview:-1"},"canonical":"https:\/\/www.babcock-wanson.com\/pl\/branze\/napoje-i-browary\/","og_locale":"pl_PL","og_type":"article","og_title":"Napoje i Browary","og_description":"Przemys\u0142 napoj\u00f3w sektor ten wymaga precyzyjnej kontroli i szeroko poj\u0119tych zmiennych obci\u0105\u017ce\u0144 cieplnych. Zaopatrzenie w ciep\u0142o musi by\u0107 regulowane, aby reagowa\u0107 na nag\u0142e zmiany obci\u0105\u017cenia procesowego.","og_url":"https:\/\/www.babcock-wanson.com\/pl\/branze\/napoje-i-browary\/","og_site_name":"Babcock Wanson","article_modified_time":"2021-12-12T23:15:38+00:00","og_image":[{"url":"https:\/\/www.babcock-wanson.com\/wp-content\/uploads\/2019\/02\/Remy_Cointreau_logo.png","type":"","width":"","height":""}],"twitter_card":"summary_large_image","twitter_misc":{"Est. reading time":"2 minuty"},"schema":{"@context":"https:\/\/schema.org","@graph":[{"@type":"WebPage","@id":"https:\/\/www.babcock-wanson.com\/pl\/branze\/napoje-i-browary\/","url":"https:\/\/www.babcock-wanson.com\/pl\/branze\/napoje-i-browary\/","name":"Napoje i Browary - Babcock Wanson","isPartOf":{"@id":"https:\/\/www.babcock-wanson.com\/pl\/#website"},"primaryImageOfPage":{"@id":"https:\/\/www.babcock-wanson.com\/pl\/branze\/napoje-i-browary\/#primaryimage"},"image":{"@id":"https:\/\/www.babcock-wanson.com\/pl\/branze\/napoje-i-browary\/#primaryimage"},"thumbnailUrl":"https:\/\/www.babcock-wanson.com\/wp-content\/uploads\/2019\/02\/Remy_Cointreau_logo.png","datePublished":"2020-10-30T12:51:39+00:00","dateModified":"2021-12-12T23:15:38+00:00","description":"Przemys\u0142 napoj\u00f3w sektor ten wymaga precyzyjnej kontroli i szeroko poj\u0119tych zmiennych obci\u0105\u017ce\u0144 cieplnych. Zaopatrzenie w ciep\u0142o musi by\u0107 regulowane, aby reagowa\u0107 na nag\u0142e zmiany obci\u0105\u017cenia procesowego.","breadcrumb":{"@id":"https:\/\/www.babcock-wanson.com\/pl\/branze\/napoje-i-browary\/#breadcrumb"},"inLanguage":"pl-PL","potentialAction":[{"@type":"ReadAction","target":["https:\/\/www.babcock-wanson.com\/pl\/branze\/napoje-i-browary\/"]}]},{"@type":"ImageObject","inLanguage":"pl-PL","@id":"https:\/\/www.babcock-wanson.com\/pl\/branze\/napoje-i-browary\/#primaryimage","url":"https:\/\/www.babcock-wanson.com\/wp-content\/uploads\/2019\/02\/Remy_Cointreau_logo.png","contentUrl":"https:\/\/www.babcock-wanson.com\/wp-content\/uploads\/2019\/02\/Remy_Cointreau_logo.png"},{"@type":"BreadcrumbList","@id":"https:\/\/www.babcock-wanson.com\/pl\/branze\/napoje-i-browary\/#breadcrumb","itemListElement":[{"@type":"ListItem","position":1,"name":"Strona g\u0142\u00f3wna","item":"https:\/\/www.babcock-wanson.com\/pl\/"},{"@type":"ListItem","position":2,"name":"Bran\u017ce","item":"https:\/\/www.babcock-wanson.com\/pl\/branze\/"},{"@type":"ListItem","position":3,"name":"Napoje i Browary"}]},{"@type":"WebSite","@id":"https:\/\/www.babcock-wanson.com\/pl\/#website","url":"https:\/\/www.babcock-wanson.com\/pl\/","name":"Babcock Wanson","description":"","publisher":{"@id":"https:\/\/www.babcock-wanson.com\/pl\/#organization"},"potentialAction":[{"@type":"SearchAction","target":{"@type":"EntryPoint","urlTemplate":"https:\/\/www.babcock-wanson.com\/pl\/?s={search_term_string}"},"query-input":{"@type":"PropertyValueSpecification","valueRequired":true,"valueName":"search_term_string"}}],"inLanguage":"pl-PL"},{"@type":"Organization","@id":"https:\/\/www.babcock-wanson.com\/pl\/#organization","name":"Babcock Wanson","url":"https:\/\/www.babcock-wanson.com\/pl\/","logo":{"@type":"ImageObject","inLanguage":"pl-PL","@id":"https:\/\/www.babcock-wanson.com\/pl\/#\/schema\/logo\/image\/","url":"https:\/\/www.babcock-wanson.com\/wp-content\/uploads\/2024\/02\/Babcock-Wanson-1200x1200-1.png","contentUrl":"https:\/\/www.babcock-wanson.com\/wp-content\/uploads\/2024\/02\/Babcock-Wanson-1200x1200-1.png","width":1200,"height":1200,"caption":"Babcock Wanson"},"image":{"@id":"https:\/\/www.babcock-wanson.com\/pl\/#\/schema\/logo\/image\/"},"sameAs":["https:\/\/www.linkedin.com\/company\/babcock-wanson\/","https:\/\/www.youtube.com\/channel\/UCtxl25VieBBsP2kYmtlyv7A"]}]}},"jetpack_sharing_enabled":true,"_links":{"self":[{"href":"https:\/\/www.babcock-wanson.com\/pl\/wp-json\/wp\/v2\/pages\/35576","targetHints":{"allow":["GET"]}}],"collection":[{"href":"https:\/\/www.babcock-wanson.com\/pl\/wp-json\/wp\/v2\/pages"}],"about":[{"href":"https:\/\/www.babcock-wanson.com\/pl\/wp-json\/wp\/v2\/types\/page"}],"author":[{"embeddable":true,"href":"https:\/\/www.babcock-wanson.com\/pl\/wp-json\/wp\/v2\/users\/1"}],"replies":[{"embeddable":true,"href":"https:\/\/www.babcock-wanson.com\/pl\/wp-json\/wp\/v2\/comments?post=35576"}],"version-history":[{"count":2,"href":"https:\/\/www.babcock-wanson.com\/pl\/wp-json\/wp\/v2\/pages\/35576\/revisions"}],"predecessor-version":[{"id":41304,"href":"https:\/\/www.babcock-wanson.com\/pl\/wp-json\/wp\/v2\/pages\/35576\/revisions\/41304"}],"up":[{"embeddable":true,"href":"https:\/\/www.babcock-wanson.com\/pl\/wp-json\/wp\/v2\/pages\/35460"}],"wp:attachment":[{"href":"https:\/\/www.babcock-wanson.com\/pl\/wp-json\/wp\/v2\/media?parent=35576"}],"curies":[{"name":"wp","href":"https:\/\/api.w.org\/{rel}","templated":true}]}}