{"id":35999,"date":"2020-10-30T14:09:12","date_gmt":"2020-10-30T14:09:12","guid":{"rendered":"https:\/\/www.babcock-wanson.com\/branze\/petrochemia-i-energetyka\/"},"modified":"2025-12-11T14:37:18","modified_gmt":"2025-12-11T14:37:18","slug":"petrochemia-i-energetyka","status":"publish","type":"page","link":"https:\/\/www.babcock-wanson.com\/pl\/branze\/petrochemia-i-energetyka\/","title":{"rendered":"Petrochemia i Energetyka"},"content":{"rendered":"<div class=\"vgblk-rw-wrapper limit-wrapper\">\n<h2>\n\t\tKot\u0142y dla <strong>petrochemia i energetyka<\/strong>\n\t<\/h2>\n\t<p>Przemys\u0142 petrochemiczny wykorzystuje w\u0119glowodory pochodz\u0105ce z zasob\u00f3w paliw kopalnych i biomasy. Procesy zachodz\u0105ce w tej bran\u017cy pozwalaj\u0105 uzyska\u0107 materia\u0142y po\u015brednie, kt\u00f3re s\u0142u\u017c\u0105 do produkcji wielu przedmiot\u00f3w codziennego u\u017cytku. Przechowywane \u017ar\u00f3d\u0142a energii obejmuj\u0105 rop\u0119 naftow\u0105, gaz ziemny, w\u0119giel, energi\u0119 j\u0105drow\u0105 i paliwa odnawialne, energi\u0119 kinetyczn\u0105 z turbin wiatrowych i energi\u0119 wodn\u0105, a tak\u017ce inne \u017ar\u00f3d\u0142a energii, pochodz\u0105ce na przyk\u0142ad z technologii fotowoltaicznych &#8211; wszystkie one s\u0105 wykorzystywane do wytwarzania energii elektrycznej w elektrowniach<\/p>\n<h3>Zalecenia dotycz\u0105ce produkt\u00f3w<\/h3>\n<p>Firma Babcock Wanson oferuje produkty dostosowane do przemys\u0142u petrochemicznego i energetycznego, takie jak kot\u0142y wodnorurkowe, kot\u0142y p\u0142omieni\u00f3wkowe, przegrzewacze pary oraz palniki przemys\u0142owe.<\/p>\n<p>Firma Babcock Wanson dysponuje technologi\u0105 umo\u017cliwiaj\u0105c\u0105 projektowanie oraz produkcj\u0119 wysokowydajnych i wysokoci\u015bnieniowych przemys\u0142owych instalacji parowych dla nowych budynk\u00f3w i modernizowanych instalacji wymagaj\u0105cych kot\u0142\u00f3w p\u0142omieni\u00f3wkowych o du\u017cej wydajno\u015bci.<\/p>\n<h3>Dost\u0119pne us\u0142ugi<\/h3>\n<ul>\n<li>Remonty i modernizacje kot\u0142\u00f3w i palnik\u00f3w: dysponujemy wiedz\u0105 i do\u015bwiadczeniem, kt\u00f3re pozwalaj\u0105 nam przeprowadza\u0107 przegl\u0105dy urz\u0105dze\u0144 i proces\u00f3w kot\u0142owni oraz dostarcza\u0107 klientom najlepiej dopasowane i nowoczesne rozwi\u0105zania technologiczne w ramach modernizacji urz\u0105dze\u0144.<\/li>\n<li>Firma Babcock Wanson ma do\u015bwiadczenie w naprawach kot\u0142\u00f3w i optymalizacji kot\u0142\u00f3w du\u017cej mocy. Mo\u017cemy wykona\u0107 audyty energetyczne stanowi\u0105ce pierwszy krok ku optymalizacji i konserwacji instalacji, a nast\u0119pnie przeprowadzi\u0107 prace modernizacyjne lub konserwacyjne w najbardziej wymagaj\u0105cych warunkach.<\/li>\n<li>Wynajem kot\u0142\u00f3w: Babcock Wanson oferuje flot\u0119 kot\u0142\u00f3w parowych do wynaj\u0119cia, aby zaspokoi\u0107 specyficzne potrzeby zwi\u0105zane z zaopatrzeniem w par\u0119 na czas konserwacji lub przestoju zak\u0142adu. Bez wzgl\u0119du na wymagania &#8211; od podstawowej produkcji pary po par\u0119 przegrzan\u0105 &#8211; firma Babcock Wanson mo\u017ce zapewni\u0107 odpowiednie rozwi\u0105zanie tymczasowe.<\/li>\n<\/ul>\n<h3>\n\t\tPrzemys\u0142 petrochemiczny i energetyczny &#8211; Kot\u0142y przemys\u0142owe &#8211; <strong>Klienci<\/strong>\n\t<\/h3>\n\t\t\t\t\t\t\t<img loading=\"lazy\" decoding=\"async\" src=\"https:\/\/www.babcock-wanson.com\/wp-content\/uploads\/2019\/02\/schneider-logo.png\" alt=\"schneider-logo\" itemprop=\"image\" height=\"50\" width=\"125\" title=\"schneider-logo\" onerror=\"this.style.display='none'\"  sizes=\"auto, (max-width: 768px) 100vw, 100vw\"\/>\t\t\t\t\t\t\t\n\t\t\t\t\t\t\t<img loading=\"lazy\" decoding=\"async\" src=\"https:\/\/www.babcock-wanson.com\/wp-content\/uploads\/2019\/02\/shell-logo1.png\" alt=\"shell-logo\" itemprop=\"image\" height=\"50\" width=\"169\" title=\"shell-logo1\" onerror=\"this.style.display='none'\"  sizes=\"auto, (max-width: 768px) 100vw, 100vw\"\/>\t\t\t\t\t\t\t\n\t\t\t\t\t\t\t<img loading=\"lazy\" decoding=\"async\" src=\"https:\/\/www.babcock-wanson.com\/wp-content\/uploads\/2019\/02\/veolia-logo.png\" alt=\"veolia-logo\" itemprop=\"image\" height=\"50\" width=\"178\" title=\"veolia-logo\" onerror=\"this.style.display='none'\"  sizes=\"auto, (max-width: 768px) 100vw, 100vw\"\/>\t\t\t\t\t\t\t\n\t\t\t\t\t\t\t<img loading=\"lazy\" decoding=\"async\" src=\"https:\/\/www.babcock-wanson.com\/wp-content\/uploads\/2019\/02\/engie-cofely-logo.png\" alt=\"engie-cofely-logo\" itemprop=\"image\" height=\"50\" width=\"106\" title=\"engie-cofely-logo\" onerror=\"this.style.display='none'\"  sizes=\"auto, (max-width: 768px) 100vw, 100vw\"\/>\t\t\t\t\t\t\t\n\t\t\t\t\t\t\t<img loading=\"lazy\" decoding=\"async\" src=\"https:\/\/www.babcock-wanson.com\/wp-content\/uploads\/2019\/02\/sara-logo.png\" alt=\"sara-logo\" itemprop=\"image\" height=\"50\" width=\"74\" title=\"sara-logo\" onerror=\"this.style.display='none'\" \/>\t\t\t\t\t\t\t\n<h2>\n\tGama <b>Urz\u0105dze\u0144<\/b> \n\t<\/h2>\n\t\t\t\t\t\t<a href=\"https:\/\/www.babcock-wanson.com\/pl\/produkty\/kotly-plomienicowo-plomieniowkowe\/bwd\/\"><img width=\"420\" height=\"280\" src=\"https:\/\/www.babcock-wanson.com\/wp-content\/uploads\/2018\/08\/BWD-Fire-Tube-Boilers-4-420x280.png\" alt=\"BWD Kot\u0142y P\u0142omienicowo-P\u0142omieni\u00f3wkowe\" decoding=\"async\" loading=\"lazy\" srcset=\"https:\/\/www.babcock-wanson.com\/wp-content\/uploads\/2018\/08\/BWD-Fire-Tube-Boilers-4-420x280.png 420w, https:\/\/www.babcock-wanson.com\/wp-content\/uploads\/2018\/08\/BWD-Fire-Tube-Boilers-4-300x200.png 300w, https:\/\/www.babcock-wanson.com\/wp-content\/uploads\/2018\/08\/BWD-Fire-Tube-Boilers-4-315x210.png 315w, https:\/\/www.babcock-wanson.com\/wp-content\/uploads\/2018\/08\/BWD-Fire-Tube-Boilers-4-350x233.png 350w, https:\/\/www.babcock-wanson.com\/wp-content\/uploads\/2018\/08\/BWD-Fire-Tube-Boilers-4.png 600w\" sizes=\"auto, (min-width: 900px) 50vw, 100vw\" data-attachment-id=\"35672\" data-permalink=\"https:\/\/www.babcock-wanson.com\/pl\/?attachment_id=35672\" data-orig-file=\"https:\/\/www.babcock-wanson.com\/wp-content\/uploads\/2018\/08\/BWD-Fire-Tube-Boilers-4.png\" data-orig-size=\"600,400\" data-comments-opened=\"0\" data-image-meta=\"{&quot;aperture&quot;:&quot;0&quot;,&quot;credit&quot;:&quot;&quot;,&quot;camera&quot;:&quot;&quot;,&quot;caption&quot;:&quot;&quot;,&quot;created_timestamp&quot;:&quot;0&quot;,&quot;copyright&quot;:&quot;&quot;,&quot;focal_length&quot;:&quot;0&quot;,&quot;iso&quot;:&quot;0&quot;,&quot;shutter_speed&quot;:&quot;0&quot;,&quot;title&quot;:&quot;&quot;,&quot;orientation&quot;:&quot;0&quot;}\" data-image-title=\"BWD-Kot\u0142y-P\u0142omienicowo-P\u0142omieni\u00f3wkowe-4\" data-image-description=\"\" data-image-caption=\"\" data-medium-file=\"https:\/\/www.babcock-wanson.com\/wp-content\/uploads\/2018\/08\/BWD-Fire-Tube-Boilers-4-300x200.png\" data-large-file=\"https:\/\/www.babcock-wanson.com\/wp-content\/uploads\/2018\/08\/BWD-Fire-Tube-Boilers-4.png\" tabindex=\"0\" role=\"button\" \/><\/a><a href=\"https:\/\/www.babcock-wanson.com\/pl\/produkty\/kotly-plomienicowo-plomieniowkowe\/bwd\/\" data-quantity=\"1\" data-product_id=\"36430\" data-product_sku=\"\" aria-label=\"Przeczytaj wi\u0119cej o &bdquo;BWD&rdquo;\" rel=\"nofollow\" data-success_message=\"\">Przeczytaj wi\u0119cej<\/a><a href=\"https:\/\/www.babcock-wanson.com\/pl\/produkty\/kotly-plomienicowo-plomieniowkowe\/bwd\/\"><h3>BWD<\/h3>\n\t\t<\/a>\n\t\t\t\t\t\t<a href=\"https:\/\/www.babcock-wanson.com\/pl\/produkty\/kotly-oleju-termalnego\/epc-es\/\"><img width=\"420\" height=\"280\" src=\"https:\/\/www.babcock-wanson.com\/wp-content\/uploads\/2018\/08\/EPC-ES-Thermal-Fluid-Heater-2-420x280.png\" alt=\"EPC-ES Kot\u0142y Oleju Termalnego\" decoding=\"async\" loading=\"lazy\" srcset=\"https:\/\/www.babcock-wanson.com\/wp-content\/uploads\/2018\/08\/EPC-ES-Thermal-Fluid-Heater-2-420x280.png 420w, https:\/\/www.babcock-wanson.com\/wp-content\/uploads\/2018\/08\/EPC-ES-Thermal-Fluid-Heater-2-300x200.png 300w, https:\/\/www.babcock-wanson.com\/wp-content\/uploads\/2018\/08\/EPC-ES-Thermal-Fluid-Heater-2-315x210.png 315w, https:\/\/www.babcock-wanson.com\/wp-content\/uploads\/2018\/08\/EPC-ES-Thermal-Fluid-Heater-2.png 600w\" sizes=\"auto, (min-width: 900px) 50vw, 100vw\" data-attachment-id=\"35016\" data-permalink=\"https:\/\/www.babcock-wanson.com\/pl\/?attachment_id=35016\" data-orig-file=\"https:\/\/www.babcock-wanson.com\/wp-content\/uploads\/2018\/08\/EPC-ES-Thermal-Fluid-Heater-2.png\" data-orig-size=\"600,400\" data-comments-opened=\"0\" data-image-meta=\"{&quot;aperture&quot;:&quot;0&quot;,&quot;credit&quot;:&quot;&quot;,&quot;camera&quot;:&quot;&quot;,&quot;caption&quot;:&quot;&quot;,&quot;created_timestamp&quot;:&quot;0&quot;,&quot;copyright&quot;:&quot;&quot;,&quot;focal_length&quot;:&quot;0&quot;,&quot;iso&quot;:&quot;0&quot;,&quot;shutter_speed&quot;:&quot;0&quot;,&quot;title&quot;:&quot;&quot;,&quot;orientation&quot;:&quot;0&quot;}\" data-image-title=\"EPC-ES-Kot\u0142y Oleju Termalnego-2\" data-image-description=\"\" data-image-caption=\"\" data-medium-file=\"https:\/\/www.babcock-wanson.com\/wp-content\/uploads\/2018\/08\/EPC-ES-Thermal-Fluid-Heater-2-300x200.png\" data-large-file=\"https:\/\/www.babcock-wanson.com\/wp-content\/uploads\/2018\/08\/EPC-ES-Thermal-Fluid-Heater-2.png\" tabindex=\"0\" role=\"button\" \/><\/a><a href=\"https:\/\/www.babcock-wanson.com\/pl\/produkty\/kotly-oleju-termalnego\/epc-es\/\" data-quantity=\"1\" data-product_id=\"36743\" data-product_sku=\"\" aria-label=\"Przeczytaj wi\u0119cej o &bdquo;EPC-ES&rdquo;\" rel=\"nofollow\" data-success_message=\"\">Przeczytaj wi\u0119cej<\/a><a href=\"https:\/\/www.babcock-wanson.com\/pl\/produkty\/kotly-oleju-termalnego\/epc-es\/\"><h3>EPC-ES<\/h3>\n\t\t<\/a>\n\t\t\t\t\t\t<a href=\"https:\/\/www.babcock-wanson.com\/pl\/produkty\/kotly-plomienicowo-plomieniowkowe\/bwr\/\"><img width=\"420\" height=\"280\" src=\"https:\/\/www.babcock-wanson.com\/wp-content\/uploads\/2018\/08\/BWR-Fire-Tube-Boilers-2-420x280.png\" alt=\"BWR\" decoding=\"async\" loading=\"lazy\" srcset=\"https:\/\/www.babcock-wanson.com\/wp-content\/uploads\/2018\/08\/BWR-Fire-Tube-Boilers-2-420x280.png 420w, https:\/\/www.babcock-wanson.com\/wp-content\/uploads\/2018\/08\/BWR-Fire-Tube-Boilers-2-300x200.png 300w, https:\/\/www.babcock-wanson.com\/wp-content\/uploads\/2018\/08\/BWR-Fire-Tube-Boilers-2-315x210.png 315w, https:\/\/www.babcock-wanson.com\/wp-content\/uploads\/2018\/08\/BWR-Fire-Tube-Boilers-2.png 600w\" sizes=\"auto, (min-width: 900px) 50vw, 100vw\" data-attachment-id=\"36429\" data-permalink=\"https:\/\/www.babcock-wanson.com\/pl\/?attachment_id=36429\" data-orig-file=\"https:\/\/www.babcock-wanson.com\/wp-content\/uploads\/2018\/08\/BWR-Fire-Tube-Boilers-2.png\" data-orig-size=\"600,400\" data-comments-opened=\"0\" data-image-meta=\"{&quot;aperture&quot;:&quot;0&quot;,&quot;credit&quot;:&quot;&quot;,&quot;camera&quot;:&quot;&quot;,&quot;caption&quot;:&quot;&quot;,&quot;created_timestamp&quot;:&quot;0&quot;,&quot;copyright&quot;:&quot;&quot;,&quot;focal_length&quot;:&quot;0&quot;,&quot;iso&quot;:&quot;0&quot;,&quot;shutter_speed&quot;:&quot;0&quot;,&quot;title&quot;:&quot;&quot;,&quot;orientation&quot;:&quot;0&quot;}\" data-image-title=\"BWR-Fire-Tube-Boilers-2\" data-image-description=\"\" data-image-caption=\"\" data-medium-file=\"https:\/\/www.babcock-wanson.com\/wp-content\/uploads\/2018\/08\/BWR-Fire-Tube-Boilers-2-300x200.png\" data-large-file=\"https:\/\/www.babcock-wanson.com\/wp-content\/uploads\/2018\/08\/BWR-Fire-Tube-Boilers-2.png\" tabindex=\"0\" role=\"button\" \/><\/a><a href=\"https:\/\/www.babcock-wanson.com\/pl\/produkty\/kotly-plomienicowo-plomieniowkowe\/bwr\/\" data-quantity=\"1\" data-product_id=\"36425\" data-product_sku=\"\" aria-label=\"Przeczytaj wi\u0119cej o &bdquo;BWR&rdquo;\" rel=\"nofollow\" data-success_message=\"\">Przeczytaj wi\u0119cej<\/a><a href=\"https:\/\/www.babcock-wanson.com\/pl\/produkty\/kotly-plomienicowo-plomieniowkowe\/bwr\/\"><h3>BWR<\/h3>\n\t\t<\/a>\n\t\t\t\t\t\t<a href=\"https:\/\/www.babcock-wanson.com\/pl\/produkty\/kotly-oleju-termalnego\/epc-h\/\"><img width=\"420\" height=\"280\" src=\"https:\/\/www.babcock-wanson.com\/wp-content\/uploads\/2018\/08\/EPC-H-Thermal-Fluid-Heater-3-420x280.jpg\" alt=\"EPC-H-Kot\u0142y-Oleju-Termalnego\" decoding=\"async\" loading=\"lazy\" srcset=\"https:\/\/www.babcock-wanson.com\/wp-content\/uploads\/2018\/08\/EPC-H-Thermal-Fluid-Heater-3-420x280.jpg 420w, https:\/\/www.babcock-wanson.com\/wp-content\/uploads\/2018\/08\/EPC-H-Thermal-Fluid-Heater-3-300x200.jpg 300w, https:\/\/www.babcock-wanson.com\/wp-content\/uploads\/2018\/08\/EPC-H-Thermal-Fluid-Heater-3-315x210.jpg 315w, https:\/\/www.babcock-wanson.com\/wp-content\/uploads\/2018\/08\/EPC-H-Thermal-Fluid-Heater-3.jpg 600w\" sizes=\"auto, (min-width: 900px) 50vw, 100vw\" data-attachment-id=\"36042\" data-permalink=\"https:\/\/www.babcock-wanson.com\/pl\/?attachment_id=36042\" data-orig-file=\"https:\/\/www.babcock-wanson.com\/wp-content\/uploads\/2018\/08\/EPC-H-Thermal-Fluid-Heater-3.jpg\" data-orig-size=\"600,400\" data-comments-opened=\"0\" data-image-meta=\"{&quot;aperture&quot;:&quot;0&quot;,&quot;credit&quot;:&quot;&quot;,&quot;camera&quot;:&quot;&quot;,&quot;caption&quot;:&quot;&quot;,&quot;created_timestamp&quot;:&quot;0&quot;,&quot;copyright&quot;:&quot;&quot;,&quot;focal_length&quot;:&quot;0&quot;,&quot;iso&quot;:&quot;0&quot;,&quot;shutter_speed&quot;:&quot;0&quot;,&quot;title&quot;:&quot;&quot;,&quot;orientation&quot;:&quot;0&quot;}\" data-image-title=\"EPC-H-Kot\u0142y-Oleju-Termalnego-3\" data-image-description=\"\" data-image-caption=\"\" data-medium-file=\"https:\/\/www.babcock-wanson.com\/wp-content\/uploads\/2018\/08\/EPC-H-Thermal-Fluid-Heater-3-300x200.jpg\" data-large-file=\"https:\/\/www.babcock-wanson.com\/wp-content\/uploads\/2018\/08\/EPC-H-Thermal-Fluid-Heater-3.jpg\" tabindex=\"0\" role=\"button\" \/><\/a><a href=\"https:\/\/www.babcock-wanson.com\/pl\/produkty\/kotly-oleju-termalnego\/epc-h\/\" data-quantity=\"1\" data-product_id=\"36748\" data-product_sku=\"\" aria-label=\"Przeczytaj wi\u0119cej o &bdquo;EPC-H&rdquo;\" rel=\"nofollow\" data-success_message=\"\">Przeczytaj wi\u0119cej<\/a><a href=\"https:\/\/www.babcock-wanson.com\/pl\/produkty\/kotly-oleju-termalnego\/epc-h\/\"><h3>EPC-H<\/h3>\n\t\t<\/a>\n\n<\/div><!-- .vgblk-rw-wrapper -->","protected":false},"excerpt":{"rendered":"<p>Kot\u0142y dla petrochemia i energetyka Przemys\u0142 petrochemiczny wykorzystuje w\u0119glowodory pochodz\u0105ce z zasob\u00f3w paliw kopalnych i biomasy. Procesy zachodz\u0105ce w tej bran\u017cy pozwalaj\u0105 uzyska\u0107 materia\u0142y po\u015brednie, kt\u00f3re s\u0142u\u017c\u0105 do produkcji wielu przedmiot\u00f3w codziennego u\u017cytku. Przechowywane \u017ar\u00f3d\u0142a energii obejmuj\u0105 rop\u0119 naftow\u0105, gaz ziemny, w\u0119giel, energi\u0119 j\u0105drow\u0105 i paliwa odnawialne, energi\u0119 kinetyczn\u0105 z turbin wiatrowych i energi\u0119 wodn\u0105,&#8230;<\/p>\n","protected":false},"author":1,"featured_media":0,"parent":35460,"menu_order":0,"comment_status":"closed","ping_status":"closed","template":"","meta":{"_acf_changed":false,"_relevanssi_hide_post":"","_relevanssi_hide_content":"","_relevanssi_pin_for_all":"","_relevanssi_pin_keywords":"","_relevanssi_unpin_keywords":"","_relevanssi_related_keywords":"","_relevanssi_related_include_ids":"","_relevanssi_related_exclude_ids":"","_relevanssi_related_no_append":"","_relevanssi_related_not_related":"","_relevanssi_related_posts":"","_relevanssi_noindex_reason":"","footnotes":""},"class_list":["post-35999","page","type-page","status-publish","hentry"],"acf":[],"yoast_head":"<!-- This site is optimized with the Yoast SEO Premium plugin v27.4 (Yoast SEO v27.4) - https:\/\/yoast.com\/product\/yoast-seo-premium-wordpress\/ -->\n<title>Petrochemia i Energetyka - Babcock Wanson<\/title>\n<meta name=\"description\" content=\"Firma Babcock Wanson oferuje produkty dostosowane do przemys\u0142u petrochemicznego i energetycznego, takie jak kot\u0142y wodnorurkowe, kot\u0142y p\u0142omieni\u00f3wkowe, przegrzewacze pary oraz palniki przemys\u0142owe.\" \/>\n<meta name=\"robots\" content=\"index, follow, max-snippet:-1, max-image-preview:large, max-video-preview:-1\" \/>\n<link rel=\"canonical\" href=\"https:\/\/www.babcock-wanson.com\/pl\/branze\/petrochemia-i-energetyka\/\" \/>\n<meta property=\"og:locale\" content=\"pl_PL\" \/>\n<meta property=\"og:type\" content=\"article\" \/>\n<meta property=\"og:title\" content=\"Petrochemia i Energetyka\" \/>\n<meta property=\"og:description\" content=\"Firma Babcock Wanson oferuje produkty dostosowane do przemys\u0142u petrochemicznego i energetycznego, takie jak kot\u0142y wodnorurkowe, kot\u0142y p\u0142omieni\u00f3wkowe, przegrzewacze pary oraz palniki przemys\u0142owe.\" \/>\n<meta property=\"og:url\" content=\"https:\/\/www.babcock-wanson.com\/pl\/branze\/petrochemia-i-energetyka\/\" \/>\n<meta property=\"og:site_name\" content=\"Babcock Wanson\" \/>\n<meta property=\"article:modified_time\" content=\"2025-12-11T14:37:18+00:00\" \/>\n<meta property=\"og:image\" content=\"https:\/\/www.babcock-wanson.com\/wp-content\/uploads\/2019\/02\/schneider-logo.png\" \/>\n<meta name=\"twitter:card\" content=\"summary_large_image\" \/>\n<meta name=\"twitter:label1\" content=\"Est. reading time\" \/>\n\t<meta name=\"twitter:data1\" content=\"2 minuty\" \/>\n<script type=\"application\/ld+json\" class=\"yoast-schema-graph\">{\"@context\":\"https:\\\/\\\/schema.org\",\"@graph\":[{\"@type\":\"WebPage\",\"@id\":\"https:\\\/\\\/www.babcock-wanson.com\\\/pl\\\/branze\\\/petrochemia-i-energetyka\\\/\",\"url\":\"https:\\\/\\\/www.babcock-wanson.com\\\/pl\\\/branze\\\/petrochemia-i-energetyka\\\/\",\"name\":\"Petrochemia i Energetyka - Babcock Wanson\",\"isPartOf\":{\"@id\":\"https:\\\/\\\/www.babcock-wanson.com\\\/pl\\\/#website\"},\"primaryImageOfPage\":{\"@id\":\"https:\\\/\\\/www.babcock-wanson.com\\\/pl\\\/branze\\\/petrochemia-i-energetyka\\\/#primaryimage\"},\"image\":{\"@id\":\"https:\\\/\\\/www.babcock-wanson.com\\\/pl\\\/branze\\\/petrochemia-i-energetyka\\\/#primaryimage\"},\"thumbnailUrl\":\"https:\\\/\\\/www.babcock-wanson.com\\\/wp-content\\\/uploads\\\/2019\\\/02\\\/schneider-logo.png\",\"datePublished\":\"2020-10-30T14:09:12+00:00\",\"dateModified\":\"2025-12-11T14:37:18+00:00\",\"description\":\"Firma Babcock Wanson oferuje produkty dostosowane do przemys\u0142u petrochemicznego i energetycznego, takie jak kot\u0142y wodnorurkowe, kot\u0142y p\u0142omieni\u00f3wkowe, przegrzewacze pary oraz palniki przemys\u0142owe.\",\"breadcrumb\":{\"@id\":\"https:\\\/\\\/www.babcock-wanson.com\\\/pl\\\/branze\\\/petrochemia-i-energetyka\\\/#breadcrumb\"},\"inLanguage\":\"pl-PL\",\"potentialAction\":[{\"@type\":\"ReadAction\",\"target\":[\"https:\\\/\\\/www.babcock-wanson.com\\\/pl\\\/branze\\\/petrochemia-i-energetyka\\\/\"]}]},{\"@type\":\"ImageObject\",\"inLanguage\":\"pl-PL\",\"@id\":\"https:\\\/\\\/www.babcock-wanson.com\\\/pl\\\/branze\\\/petrochemia-i-energetyka\\\/#primaryimage\",\"url\":\"https:\\\/\\\/www.babcock-wanson.com\\\/wp-content\\\/uploads\\\/2019\\\/02\\\/schneider-logo.png\",\"contentUrl\":\"https:\\\/\\\/www.babcock-wanson.com\\\/wp-content\\\/uploads\\\/2019\\\/02\\\/schneider-logo.png\"},{\"@type\":\"BreadcrumbList\",\"@id\":\"https:\\\/\\\/www.babcock-wanson.com\\\/pl\\\/branze\\\/petrochemia-i-energetyka\\\/#breadcrumb\",\"itemListElement\":[{\"@type\":\"ListItem\",\"position\":1,\"name\":\"Strona g\u0142\u00f3wna\",\"item\":\"https:\\\/\\\/www.babcock-wanson.com\\\/pl\\\/\"},{\"@type\":\"ListItem\",\"position\":2,\"name\":\"Bran\u017ce\",\"item\":\"https:\\\/\\\/www.babcock-wanson.com\\\/pl\\\/branze\\\/\"},{\"@type\":\"ListItem\",\"position\":3,\"name\":\"Petrochemia i Energetyka\"}]},{\"@type\":\"WebSite\",\"@id\":\"https:\\\/\\\/www.babcock-wanson.com\\\/pl\\\/#website\",\"url\":\"https:\\\/\\\/www.babcock-wanson.com\\\/pl\\\/\",\"name\":\"Babcock Wanson\",\"description\":\"\",\"publisher\":{\"@id\":\"https:\\\/\\\/www.babcock-wanson.com\\\/pl\\\/#organization\"},\"potentialAction\":[{\"@type\":\"SearchAction\",\"target\":{\"@type\":\"EntryPoint\",\"urlTemplate\":\"https:\\\/\\\/www.babcock-wanson.com\\\/pl\\\/?s={search_term_string}\"},\"query-input\":{\"@type\":\"PropertyValueSpecification\",\"valueRequired\":true,\"valueName\":\"search_term_string\"}}],\"inLanguage\":\"pl-PL\"},{\"@type\":\"Organization\",\"@id\":\"https:\\\/\\\/www.babcock-wanson.com\\\/pl\\\/#organization\",\"name\":\"Babcock Wanson\",\"url\":\"https:\\\/\\\/www.babcock-wanson.com\\\/pl\\\/\",\"logo\":{\"@type\":\"ImageObject\",\"inLanguage\":\"pl-PL\",\"@id\":\"https:\\\/\\\/www.babcock-wanson.com\\\/pl\\\/#\\\/schema\\\/logo\\\/image\\\/\",\"url\":\"https:\\\/\\\/www.babcock-wanson.com\\\/wp-content\\\/uploads\\\/2024\\\/02\\\/Babcock-Wanson-1200x1200-1.png\",\"contentUrl\":\"https:\\\/\\\/www.babcock-wanson.com\\\/wp-content\\\/uploads\\\/2024\\\/02\\\/Babcock-Wanson-1200x1200-1.png\",\"width\":1200,\"height\":1200,\"caption\":\"Babcock Wanson\"},\"image\":{\"@id\":\"https:\\\/\\\/www.babcock-wanson.com\\\/pl\\\/#\\\/schema\\\/logo\\\/image\\\/\"},\"sameAs\":[\"https:\\\/\\\/www.linkedin.com\\\/company\\\/babcock-wanson\\\/\",\"https:\\\/\\\/www.youtube.com\\\/channel\\\/UCtxl25VieBBsP2kYmtlyv7A\"]}]}<\/script>\n<!-- \/ Yoast SEO Premium plugin. -->","yoast_head_json":{"title":"Petrochemia i Energetyka - Babcock Wanson","description":"Firma Babcock Wanson oferuje produkty dostosowane do przemys\u0142u petrochemicznego i energetycznego, takie jak kot\u0142y wodnorurkowe, kot\u0142y p\u0142omieni\u00f3wkowe, przegrzewacze pary oraz palniki przemys\u0142owe.","robots":{"index":"index","follow":"follow","max-snippet":"max-snippet:-1","max-image-preview":"max-image-preview:large","max-video-preview":"max-video-preview:-1"},"canonical":"https:\/\/www.babcock-wanson.com\/pl\/branze\/petrochemia-i-energetyka\/","og_locale":"pl_PL","og_type":"article","og_title":"Petrochemia i Energetyka","og_description":"Firma Babcock Wanson oferuje produkty dostosowane do przemys\u0142u petrochemicznego i energetycznego, takie jak kot\u0142y wodnorurkowe, kot\u0142y p\u0142omieni\u00f3wkowe, przegrzewacze pary oraz palniki przemys\u0142owe.","og_url":"https:\/\/www.babcock-wanson.com\/pl\/branze\/petrochemia-i-energetyka\/","og_site_name":"Babcock Wanson","article_modified_time":"2025-12-11T14:37:18+00:00","og_image":[{"url":"https:\/\/www.babcock-wanson.com\/wp-content\/uploads\/2019\/02\/schneider-logo.png","type":"","width":"","height":""}],"twitter_card":"summary_large_image","twitter_misc":{"Est. reading time":"2 minuty"},"schema":{"@context":"https:\/\/schema.org","@graph":[{"@type":"WebPage","@id":"https:\/\/www.babcock-wanson.com\/pl\/branze\/petrochemia-i-energetyka\/","url":"https:\/\/www.babcock-wanson.com\/pl\/branze\/petrochemia-i-energetyka\/","name":"Petrochemia i Energetyka - Babcock Wanson","isPartOf":{"@id":"https:\/\/www.babcock-wanson.com\/pl\/#website"},"primaryImageOfPage":{"@id":"https:\/\/www.babcock-wanson.com\/pl\/branze\/petrochemia-i-energetyka\/#primaryimage"},"image":{"@id":"https:\/\/www.babcock-wanson.com\/pl\/branze\/petrochemia-i-energetyka\/#primaryimage"},"thumbnailUrl":"https:\/\/www.babcock-wanson.com\/wp-content\/uploads\/2019\/02\/schneider-logo.png","datePublished":"2020-10-30T14:09:12+00:00","dateModified":"2025-12-11T14:37:18+00:00","description":"Firma Babcock Wanson oferuje produkty dostosowane do przemys\u0142u petrochemicznego i energetycznego, takie jak kot\u0142y wodnorurkowe, kot\u0142y p\u0142omieni\u00f3wkowe, przegrzewacze pary oraz palniki przemys\u0142owe.","breadcrumb":{"@id":"https:\/\/www.babcock-wanson.com\/pl\/branze\/petrochemia-i-energetyka\/#breadcrumb"},"inLanguage":"pl-PL","potentialAction":[{"@type":"ReadAction","target":["https:\/\/www.babcock-wanson.com\/pl\/branze\/petrochemia-i-energetyka\/"]}]},{"@type":"ImageObject","inLanguage":"pl-PL","@id":"https:\/\/www.babcock-wanson.com\/pl\/branze\/petrochemia-i-energetyka\/#primaryimage","url":"https:\/\/www.babcock-wanson.com\/wp-content\/uploads\/2019\/02\/schneider-logo.png","contentUrl":"https:\/\/www.babcock-wanson.com\/wp-content\/uploads\/2019\/02\/schneider-logo.png"},{"@type":"BreadcrumbList","@id":"https:\/\/www.babcock-wanson.com\/pl\/branze\/petrochemia-i-energetyka\/#breadcrumb","itemListElement":[{"@type":"ListItem","position":1,"name":"Strona g\u0142\u00f3wna","item":"https:\/\/www.babcock-wanson.com\/pl\/"},{"@type":"ListItem","position":2,"name":"Bran\u017ce","item":"https:\/\/www.babcock-wanson.com\/pl\/branze\/"},{"@type":"ListItem","position":3,"name":"Petrochemia i Energetyka"}]},{"@type":"WebSite","@id":"https:\/\/www.babcock-wanson.com\/pl\/#website","url":"https:\/\/www.babcock-wanson.com\/pl\/","name":"Babcock Wanson","description":"","publisher":{"@id":"https:\/\/www.babcock-wanson.com\/pl\/#organization"},"potentialAction":[{"@type":"SearchAction","target":{"@type":"EntryPoint","urlTemplate":"https:\/\/www.babcock-wanson.com\/pl\/?s={search_term_string}"},"query-input":{"@type":"PropertyValueSpecification","valueRequired":true,"valueName":"search_term_string"}}],"inLanguage":"pl-PL"},{"@type":"Organization","@id":"https:\/\/www.babcock-wanson.com\/pl\/#organization","name":"Babcock Wanson","url":"https:\/\/www.babcock-wanson.com\/pl\/","logo":{"@type":"ImageObject","inLanguage":"pl-PL","@id":"https:\/\/www.babcock-wanson.com\/pl\/#\/schema\/logo\/image\/","url":"https:\/\/www.babcock-wanson.com\/wp-content\/uploads\/2024\/02\/Babcock-Wanson-1200x1200-1.png","contentUrl":"https:\/\/www.babcock-wanson.com\/wp-content\/uploads\/2024\/02\/Babcock-Wanson-1200x1200-1.png","width":1200,"height":1200,"caption":"Babcock Wanson"},"image":{"@id":"https:\/\/www.babcock-wanson.com\/pl\/#\/schema\/logo\/image\/"},"sameAs":["https:\/\/www.linkedin.com\/company\/babcock-wanson\/","https:\/\/www.youtube.com\/channel\/UCtxl25VieBBsP2kYmtlyv7A"]}]}},"jetpack_sharing_enabled":true,"_links":{"self":[{"href":"https:\/\/www.babcock-wanson.com\/pl\/wp-json\/wp\/v2\/pages\/35999","targetHints":{"allow":["GET"]}}],"collection":[{"href":"https:\/\/www.babcock-wanson.com\/pl\/wp-json\/wp\/v2\/pages"}],"about":[{"href":"https:\/\/www.babcock-wanson.com\/pl\/wp-json\/wp\/v2\/types\/page"}],"author":[{"embeddable":true,"href":"https:\/\/www.babcock-wanson.com\/pl\/wp-json\/wp\/v2\/users\/1"}],"replies":[{"embeddable":true,"href":"https:\/\/www.babcock-wanson.com\/pl\/wp-json\/wp\/v2\/comments?post=35999"}],"version-history":[{"count":1,"href":"https:\/\/www.babcock-wanson.com\/pl\/wp-json\/wp\/v2\/pages\/35999\/revisions"}],"predecessor-version":[{"id":53196,"href":"https:\/\/www.babcock-wanson.com\/pl\/wp-json\/wp\/v2\/pages\/35999\/revisions\/53196"}],"up":[{"embeddable":true,"href":"https:\/\/www.babcock-wanson.com\/pl\/wp-json\/wp\/v2\/pages\/35460"}],"wp:attachment":[{"href":"https:\/\/www.babcock-wanson.com\/pl\/wp-json\/wp\/v2\/media?parent=35999"}],"curies":[{"name":"wp","href":"https:\/\/api.w.org\/{rel}","templated":true}]}}