{"id":36170,"date":"2020-10-30T14:47:06","date_gmt":"2020-10-30T14:47:06","guid":{"rendered":"https:\/\/www.babcock-wanson.com\/branze\/opakowania-sztywne-tasmy-folie\/"},"modified":"2021-12-12T22:43:31","modified_gmt":"2021-12-12T22:43:31","slug":"opakowania-sztywne-tasmy-folie","status":"publish","type":"page","link":"https:\/\/www.babcock-wanson.com\/pl\/branze\/opakowania-sztywne-tasmy-folie\/","title":{"rendered":"Opakowania Sztywne \/ Ta\u015bmy \/ Folie"},"content":{"rendered":"<div class=\"vgblk-rw-wrapper limit-wrapper\"><h2>\n\t\tKot\u0142y dla <strong>przemys\u0142u tworzyw sztucznych<\/strong>\n\t<\/h2>\n\t<p>Produkcja sztywnych opakowa\u0144 i folii z tworzyw sztucznych cz\u0119sto wymaga zmiennych temperatur w ca\u0142ym procesie, co sprawia, \u017ce konieczne jest stosowanie urz\u0105dze\u0144 zapewniaj\u0105cych elastyczne i wydajne \u017ar\u00f3d\u0142o ciep\u0142a. Proces ten obejmuje:<\/p>\n<ul>\n<li>Butelki szklane i plastikowe<\/li>\n<li>Tacki, garnki i kuwety na \u017cywno\u015b\u0107 i farmaceutyki<\/li>\n<li>Kubki kartonowe i plastikowe<\/li>\n<li>Puszki<\/li>\n<li>Zamkni\u0119cia, \u015bruby, nak\u0142adki koronowe i pokrywki<\/li>\n<li>Papier, tektura falista lub papierowa, pude\u0142ka, tace i skrzynie<\/li>\n<\/ul>\n<h3>Zalecenia dotycz\u0105ce produkt\u00f3w<\/h3>\n<p>Produkcja opakowa\u0144 sztywnych cz\u0119sto wi\u0105\u017ce si\u0119 z du\u017cymi wahaniami zapotrzebowania na ciep\u0142o. Gdy preferowan\u0105 metod\u0105 ogrzewania jest metoda parowa, firma Babcock Wanson oferuje dobrze sprawdzaj\u0105ce si\u0119 w tej sytuacji <a href=\"https:\/\/www.babcock-wanson.com\/pl\/kategoria-produktu\/kotly-plomienicowo-plomieniowkowe\/\" rel=\"noopener\" target=\"_blank\">kot\u0142y p\u0142omieni\u00f3wkowe<\/a>. W przypadku bardziej ekstremalnych zmian obci\u0105\u017cenia mo\u017cemy zaoferowa\u0107 us\u0142ugi projektowania i monta\u017cu akumulator\u00f3w parowych dostosowanych do indywidualnych potrzeb.<\/p>\n<p>Ten rodzaj procesu produkcyjnego mo\u017ce poch\u0142ania\u0107 du\u017ce ilo\u015bci czynnej pary wodnej, co oczywi\u015bcie skutkuje wysokim zu\u017cyciem wody. To z kolei mo\u017ce prowadzi\u0107 do cykl\u00f3w wysokiego st\u0119\u017cenia w kotle i szybkiego wzrostu ca\u0142kowitej ilo\u015bci rozpuszczonych cia\u0142 sta\u0142ych oraz przek\u0142ada\u0107 si\u0119 na wysoki poziom przedmuch\u00f3w kot\u0142a. Jako\u015b\u0107 wody ma bardzo du\u017cy wp\u0142yw na bilans cieplny kot\u0142owni. Firma Babcock Wanson mo\u017ce zaoferowa\u0107 <a href=\"https:\/\/www.babcock-wanson.com\/pl\/kategoria-produktu\/systemy-uzdatniania-wody\/\" rel=\"noopener\" target=\"_blank\">system uzdatniania wody<\/a> dostosowany specjalnie do tego zastosowania.<\/p>\n<p>W przemy\u015ble produkcji folii z tworzyw sztucznych piece grzewcze na olej termiczny \u015bwietnie radz\u0105 sobie z wysokimi temperaturami oraz gdy specyfika procesu wymaga zmienno\u015bci temperatury.<\/p>\n<p>Zwi\u0105zki lotne powstaj\u0105ce podczas powlekania klej\u00f3w do folii lub jako gazy wylotowe z proces\u00f3w produkcyjnych mog\u0105 by\u0107 poddawane procesowi dopalania termicznego. Jest to atrakcyjne rozwi\u0105zanie, gdy sprz\u0119t ten jest sprz\u0119\u017cony z kot\u0142em z odzyskiem ciep\u0142a odpadowego, <a href=\"https:\/\/www.babcock-wanson.com\/pl\/kategoria-produktu\/systemy-odzysku-ciepla\/\" rel=\"noopener\" target=\"_blank\">systemem odzysku ciep\u0142a<\/a> do oleju termicznego oraz gdy stosowane s\u0105 regeneracyjne dopalacze termiczne.<\/p>\n<h3>Dost\u0119pne us\u0142ugi<\/h3>\n<p>Aby zapewni\u0107 wysok\u0105 dost\u0119pno\u015b\u0107 operacyjn\u0105 sprz\u0119tu, firma Babcock Wanson oferuje us\u0142ugi serwisu i pomocy technicznej, kt\u00f3re mog\u0105 by\u0107 dostosowane do potrzeb klienta.<\/p>\n<ul>\n<li>Serwis telefoniczny i kr\u00f3tkie czasy reakcji: Wdro\u017cenie rygorystycznego planu regularnego serwisu i konserwacji zapewnia klientom wi\u0119ksz\u0105 niezawodno\u015b\u0107 i wydajno\u015b\u0107 sprz\u0119tu.<\/li>\n<li>Zobowi\u0105zanie dost\u0119pno\u015bci: Rozleg\u0142a sie\u0107 in\u017cynier\u00f3w serwisowych Babcock Wanson jest w pe\u0142ni wykwalifikowana i przeszkolona, aby reagowa\u0107 na wszelkie potrzeby serwisowe zwi\u0105zane z grzejnikami i kot\u0142ami.<\/li>\n<\/ul>\n<h3>\n\t\tSztywne opakowania i folie z tworzyw sztucznych \u2013 Kot\u0142y przemys\u0142owe \u2013 Klienci\n\t<\/h3>\n\t\t\t\t\t\t\t<img loading=\"lazy\" decoding=\"async\" src=\"https:\/\/www.babcock-wanson.com\/wp-content\/uploads\/2019\/02\/storopack-logo.png\" data-srcset=\"https:\/\/www.babcock-wanson.com\/wp-content\/uploads\/2019\/02\/storopack-logo.png\" alt=\"storopack-logo\" height=\"50\" width=\"130\" title=\"storopack-logo\" \/>\t\t\t\t\t\t\t\n\t\t\t\t\t\t\t<img loading=\"lazy\" decoding=\"async\" src=\"https:\/\/www.babcock-wanson.com\/wp-content\/uploads\/2019\/02\/UNIPAK-S-logo.png\" data-srcset=\"https:\/\/www.babcock-wanson.com\/wp-content\/uploads\/2019\/02\/UNIPAK-S-logo.png\" alt=\"UNIPAK-S-logo\" height=\"50\" width=\"219\" title=\"UNIPAK-S-logo\" \/>\t\t\t\t\t\t\t\n\t\t\t\t\t\t\t<img loading=\"lazy\" decoding=\"async\" src=\"https:\/\/www.babcock-wanson.com\/wp-content\/uploads\/2019\/02\/GE-Plastics-logo.png\" data-srcset=\"https:\/\/www.babcock-wanson.com\/wp-content\/uploads\/2019\/02\/GE-Plastics-logo.png\" alt=\"GE-Plastics-logo\" height=\"50\" width=\"94\" title=\"GE-Plastics-logo\" \/>\t\t\t\t\t\t\t\n\t\t\t\t\t\t\t<img loading=\"lazy\" decoding=\"async\" src=\"https:\/\/www.babcock-wanson.com\/wp-content\/uploads\/2019\/02\/kodak-polychrome-graphics-logo1.png\" alt=\"kodak-polychrome-graphics-logo\" height=\"50\" width=\"303\" title=\"kodak-polychrome-graphics-logo1\" data-srcset=\"https:\/\/www.babcock-wanson.com\/wp-content\/uploads\/2019\/02\/kodak-polychrome-graphics-logo1.png 303w, https:\/\/www.babcock-wanson.com\/wp-content\/uploads\/2019\/02\/kodak-polychrome-graphics-logo1-300x50.png 300w\" \/>\t\t\t\t\t\t\t\n\t\t\t\t\t\t\t<img loading=\"lazy\" decoding=\"async\" src=\"https:\/\/www.babcock-wanson.com\/wp-content\/uploads\/2019\/02\/Mondi_Group-logo.png\" data-srcset=\"https:\/\/www.babcock-wanson.com\/wp-content\/uploads\/2019\/02\/Mondi_Group-logo.png\" alt=\"Mondi_Group-logo\" height=\"50\" width=\"123\" title=\"Mondi_Group-logo\" \/>\t\t\t\t\t\t\t\n\t\t\t\t\t\t\t<img loading=\"lazy\" decoding=\"async\" src=\"https:\/\/www.babcock-wanson.com\/wp-content\/uploads\/2019\/02\/SCA-logo.png\" data-srcset=\"https:\/\/www.babcock-wanson.com\/wp-content\/uploads\/2019\/02\/SCA-logo.png\" alt=\"SCA-logo\" height=\"50\" width=\"42\" title=\"SCA-logo\" \/>\t\t\t\t\t\t\t\n<h2>\n\tGama <b>Urz\u0105dze\u0144<\/b> \n\t<\/h2>\n\t\t\t\t\t\t<a href=\"https:\/\/www.babcock-wanson.com\/pl\/produkty\/kotly-oleju-termalnego\/tpc-b\/\"><img loading=\"lazy\" decoding=\"async\" width=\"315\" height=\"211\" src=\"https:\/\/www.babcock-wanson.com\/wp-content\/uploads\/2018\/08\/TC-B-Series-side-by-side-315x211.jpg\" alt=\"\" data-attachment-id=\"35591\" data-permalink=\"https:\/\/www.babcock-wanson.com\/pl\/?attachment_id=35591\" data-orig-file=\"https:\/\/www.babcock-wanson.com\/wp-content\/uploads\/2018\/08\/TC-B-Series-side-by-side.jpg\" data-orig-size=\"600,401\" data-comments-opened=\"0\" data-image-meta=\"{&quot;aperture&quot;:&quot;0&quot;,&quot;credit&quot;:&quot;&quot;,&quot;camera&quot;:&quot;&quot;,&quot;caption&quot;:&quot;&quot;,&quot;created_timestamp&quot;:&quot;0&quot;,&quot;copyright&quot;:&quot;&quot;,&quot;focal_length&quot;:&quot;0&quot;,&quot;iso&quot;:&quot;0&quot;,&quot;shutter_speed&quot;:&quot;0&quot;,&quot;title&quot;:&quot;&quot;,&quot;orientation&quot;:&quot;1&quot;}\" data-image-title=\"TPC-B Series side by side\" data-image-description=\"\" data-medium-file=\"https:\/\/www.babcock-wanson.com\/wp-content\/uploads\/2018\/08\/TC-B-Series-side-by-side-300x201.jpg\" data-large-file=\"https:\/\/www.babcock-wanson.com\/wp-content\/uploads\/2018\/08\/TC-B-Series-side-by-side.jpg\" \/><\/a><a href=\"https:\/\/www.babcock-wanson.com\/pl\/produkty\/kotly-oleju-termalnego\/tpc-b\/\" data-quantity=\"1\" data-product_id=\"36733\" data-product_sku=\"TPC-B Series\" aria-label=\"Przeczytaj wi\u0119cej o &ldquo;TPC-B&rdquo;\" rel=\"nofollow\">Przeczytaj wi\u0119cej<\/a><a href=\"https:\/\/www.babcock-wanson.com\/pl\/produkty\/kotly-oleju-termalnego\/tpc-b\/\"><h3>TPC-B<\/h3>\n\t\t<\/a>\n\t\t\t\t\t\t<a href=\"https:\/\/www.babcock-wanson.com\/pl\/produkty\/dopalacze-termiczne\/dopalacze-regeneracyjne\/\"><img loading=\"lazy\" decoding=\"async\" width=\"315\" height=\"210\" src=\"https:\/\/www.babcock-wanson.com\/wp-content\/uploads\/2018\/09\/Regenerative-Oxidisers-12-315x210.jpg\" alt=\"Dopalacze regeneracyjne\" data-attachment-id=\"35658\" data-permalink=\"https:\/\/www.babcock-wanson.com\/pl\/?attachment_id=35658\" data-orig-file=\"https:\/\/www.babcock-wanson.com\/wp-content\/uploads\/2018\/09\/Regenerative-Oxidisers-12.jpg\" data-orig-size=\"600,400\" data-comments-opened=\"0\" data-image-meta=\"{&quot;aperture&quot;:&quot;0&quot;,&quot;credit&quot;:&quot;&quot;,&quot;camera&quot;:&quot;&quot;,&quot;caption&quot;:&quot;&quot;,&quot;created_timestamp&quot;:&quot;0&quot;,&quot;copyright&quot;:&quot;&quot;,&quot;focal_length&quot;:&quot;0&quot;,&quot;iso&quot;:&quot;0&quot;,&quot;shutter_speed&quot;:&quot;0&quot;,&quot;title&quot;:&quot;&quot;,&quot;orientation&quot;:&quot;0&quot;}\" data-image-title=\"Dopalacze regeneracyjne (12)\" data-image-description=\"\" data-medium-file=\"https:\/\/www.babcock-wanson.com\/wp-content\/uploads\/2018\/09\/Regenerative-Oxidisers-12-300x200.jpg\" data-large-file=\"https:\/\/www.babcock-wanson.com\/wp-content\/uploads\/2018\/09\/Regenerative-Oxidisers-12.jpg\" \/><\/a><a href=\"https:\/\/www.babcock-wanson.com\/pl\/produkty\/dopalacze-termiczne\/dopalacze-regeneracyjne\/\" data-quantity=\"1\" data-product_id=\"36885\" data-product_sku=\"\" aria-label=\"Przeczytaj wi\u0119cej o &ldquo;Dopalacze regeneracyjne&rdquo;\" rel=\"nofollow\">Przeczytaj wi\u0119cej<\/a><a href=\"https:\/\/www.babcock-wanson.com\/pl\/produkty\/dopalacze-termiczne\/dopalacze-regeneracyjne\/\"><h3>Dopalacze regeneracyjne<\/h3>\n\t\t<\/a>\n\t\t\t\t\t\t<a href=\"https:\/\/www.babcock-wanson.com\/pl\/produkty\/kotly-plomienicowo-plomieniowkowe\/bwd\/\"><img loading=\"lazy\" decoding=\"async\" width=\"315\" height=\"210\" src=\"https:\/\/www.babcock-wanson.com\/wp-content\/uploads\/2018\/08\/BWD-Fire-Tube-Boilers-4-315x210.png\" alt=\"BWD Kot\u0142y P\u0142omienicowo-P\u0142omieni\u00f3wkowe\" data-attachment-id=\"35672\" data-permalink=\"https:\/\/www.babcock-wanson.com\/pl\/?attachment_id=35672\" data-orig-file=\"https:\/\/www.babcock-wanson.com\/wp-content\/uploads\/2018\/08\/BWD-Fire-Tube-Boilers-4.png\" data-orig-size=\"600,400\" data-comments-opened=\"0\" data-image-meta=\"{&quot;aperture&quot;:&quot;0&quot;,&quot;credit&quot;:&quot;&quot;,&quot;camera&quot;:&quot;&quot;,&quot;caption&quot;:&quot;&quot;,&quot;created_timestamp&quot;:&quot;0&quot;,&quot;copyright&quot;:&quot;&quot;,&quot;focal_length&quot;:&quot;0&quot;,&quot;iso&quot;:&quot;0&quot;,&quot;shutter_speed&quot;:&quot;0&quot;,&quot;title&quot;:&quot;&quot;,&quot;orientation&quot;:&quot;0&quot;}\" data-image-title=\"BWD-Kot\u0142y-P\u0142omienicowo-P\u0142omieni\u00f3wkowe-4\" data-image-description=\"\" data-medium-file=\"https:\/\/www.babcock-wanson.com\/wp-content\/uploads\/2018\/08\/BWD-Fire-Tube-Boilers-4-300x200.png\" data-large-file=\"https:\/\/www.babcock-wanson.com\/wp-content\/uploads\/2018\/08\/BWD-Fire-Tube-Boilers-4.png\" \/><\/a><a href=\"https:\/\/www.babcock-wanson.com\/pl\/produkty\/kotly-plomienicowo-plomieniowkowe\/bwd\/\" data-quantity=\"1\" data-product_id=\"36430\" data-product_sku=\"\" aria-label=\"Przeczytaj wi\u0119cej o &ldquo;BWD&rdquo;\" rel=\"nofollow\">Przeczytaj wi\u0119cej<\/a><a href=\"https:\/\/www.babcock-wanson.com\/pl\/produkty\/kotly-plomienicowo-plomieniowkowe\/bwd\/\"><h3>BWD<\/h3>\n\t\t<\/a>\n\t\t\t\t\t\t<a href=\"https:\/\/www.babcock-wanson.com\/pl\/produkty\/kotly-oleju-termalnego\/epc-es\/\"><img loading=\"lazy\" decoding=\"async\" width=\"315\" height=\"210\" src=\"https:\/\/www.babcock-wanson.com\/wp-content\/uploads\/2018\/08\/EPC-ES-Thermal-Fluid-Heater-2-315x210.png\" alt=\"EPC-ES Kot\u0142y Oleju Termalnego\" data-attachment-id=\"35016\" data-permalink=\"https:\/\/www.babcock-wanson.com\/pl\/?attachment_id=35016\" data-orig-file=\"https:\/\/www.babcock-wanson.com\/wp-content\/uploads\/2018\/08\/EPC-ES-Thermal-Fluid-Heater-2.png\" data-orig-size=\"600,400\" data-comments-opened=\"0\" data-image-meta=\"{&quot;aperture&quot;:&quot;0&quot;,&quot;credit&quot;:&quot;&quot;,&quot;camera&quot;:&quot;&quot;,&quot;caption&quot;:&quot;&quot;,&quot;created_timestamp&quot;:&quot;0&quot;,&quot;copyright&quot;:&quot;&quot;,&quot;focal_length&quot;:&quot;0&quot;,&quot;iso&quot;:&quot;0&quot;,&quot;shutter_speed&quot;:&quot;0&quot;,&quot;title&quot;:&quot;&quot;,&quot;orientation&quot;:&quot;0&quot;}\" data-image-title=\"EPC-ES-Kot\u0142y Oleju Termalnego-2\" data-image-description=\"\" data-medium-file=\"https:\/\/www.babcock-wanson.com\/wp-content\/uploads\/2018\/08\/EPC-ES-Thermal-Fluid-Heater-2-300x200.png\" data-large-file=\"https:\/\/www.babcock-wanson.com\/wp-content\/uploads\/2018\/08\/EPC-ES-Thermal-Fluid-Heater-2.png\" \/><\/a><a href=\"https:\/\/www.babcock-wanson.com\/pl\/produkty\/kotly-oleju-termalnego\/epc-es\/\" data-quantity=\"1\" data-product_id=\"36743\" data-product_sku=\"\" aria-label=\"Przeczytaj wi\u0119cej o &ldquo;EPC-ES&rdquo;\" rel=\"nofollow\">Przeczytaj wi\u0119cej<\/a><a href=\"https:\/\/www.babcock-wanson.com\/pl\/produkty\/kotly-oleju-termalnego\/epc-es\/\"><h3>EPC-ES<\/h3>\n\t\t<\/a>\n<\/div><!-- .vgblk-rw-wrapper -->","protected":false},"excerpt":{"rendered":"<p>Kot\u0142y dla przemys\u0142u tworzyw sztucznych Produkcja sztywnych opakowa\u0144 i folii z tworzyw sztucznych cz\u0119sto wymaga zmiennych temperatur w ca\u0142ym procesie, co sprawia, \u017ce konieczne jest stosowanie urz\u0105dze\u0144 zapewniaj\u0105cych elastyczne i wydajne \u017ar\u00f3d\u0142o ciep\u0142a. Proces ten obejmuje: Butelki szklane i plastikowe Tacki, garnki i kuwety na \u017cywno\u015b\u0107 i farmaceutyki Kubki kartonowe i plastikowe Puszki Zamkni\u0119cia, \u015bruby,&#8230;<\/p>\n","protected":false},"author":1,"featured_media":0,"parent":35460,"menu_order":0,"comment_status":"closed","ping_status":"closed","template":"","meta":{"_acf_changed":false,"_relevanssi_hide_post":"","_relevanssi_hide_content":"","_relevanssi_pin_for_all":"","_relevanssi_pin_keywords":"","_relevanssi_unpin_keywords":"","_relevanssi_related_keywords":"","_relevanssi_related_include_ids":"","_relevanssi_related_exclude_ids":"","_relevanssi_related_no_append":"","_relevanssi_related_not_related":"","_relevanssi_related_posts":"","_relevanssi_noindex_reason":"","footnotes":""},"class_list":["post-36170","page","type-page","status-publish","hentry"],"acf":[],"yoast_head":"<!-- This site is optimized with the Yoast SEO Premium plugin v27.1 (Yoast SEO v27.1.1) - https:\/\/yoast.com\/product\/yoast-seo-premium-wordpress\/ -->\n<title>Opakowania Sztywne \/ Ta\u015bmy \/ Folie - Babcock Wanson<\/title>\n<meta name=\"description\" content=\"Kot\u0142y do produkcji opakowa\u0144 sztywnych dla przemys\u0142u tworzyw sztucznych stanowi\u0105 elastyczne i wydajne \u017ar\u00f3d\u0142o ciep\u0142a, cz\u0119sto wymagane w tej bran\u017cy.\" \/>\n<meta name=\"robots\" content=\"index, follow, max-snippet:-1, max-image-preview:large, max-video-preview:-1\" \/>\n<link rel=\"canonical\" href=\"https:\/\/www.babcock-wanson.com\/pl\/branze\/opakowania-sztywne-tasmy-folie\/\" \/>\n<meta property=\"og:locale\" content=\"pl_PL\" \/>\n<meta property=\"og:type\" content=\"article\" \/>\n<meta property=\"og:title\" content=\"Opakowania Sztywne \/ Ta\u015bmy \/ Folie\" \/>\n<meta property=\"og:description\" content=\"Kot\u0142y do produkcji opakowa\u0144 sztywnych dla przemys\u0142u tworzyw sztucznych stanowi\u0105 elastyczne i wydajne \u017ar\u00f3d\u0142o ciep\u0142a, cz\u0119sto wymagane w tej bran\u017cy.\" \/>\n<meta property=\"og:url\" content=\"https:\/\/www.babcock-wanson.com\/pl\/branze\/opakowania-sztywne-tasmy-folie\/\" \/>\n<meta property=\"og:site_name\" content=\"Babcock Wanson\" \/>\n<meta property=\"article:modified_time\" content=\"2021-12-12T22:43:31+00:00\" \/>\n<meta property=\"og:image\" content=\"https:\/\/www.babcock-wanson.com\/wp-content\/uploads\/2019\/02\/storopack-logo.png\" \/>\n<meta name=\"twitter:card\" content=\"summary_large_image\" \/>\n<meta name=\"twitter:label1\" content=\"Est. reading time\" \/>\n\t<meta name=\"twitter:data1\" content=\"2 minuty\" \/>\n<script type=\"application\/ld+json\" class=\"yoast-schema-graph\">{\"@context\":\"https:\/\/schema.org\",\"@graph\":[{\"@type\":\"WebPage\",\"@id\":\"https:\/\/www.babcock-wanson.com\/pl\/branze\/opakowania-sztywne-tasmy-folie\/\",\"url\":\"https:\/\/www.babcock-wanson.com\/pl\/branze\/opakowania-sztywne-tasmy-folie\/\",\"name\":\"Opakowania Sztywne \/ Ta\u015bmy \/ Folie - Babcock Wanson\",\"isPartOf\":{\"@id\":\"https:\/\/www.babcock-wanson.com\/pl\/#website\"},\"primaryImageOfPage\":{\"@id\":\"https:\/\/www.babcock-wanson.com\/pl\/branze\/opakowania-sztywne-tasmy-folie\/#primaryimage\"},\"image\":{\"@id\":\"https:\/\/www.babcock-wanson.com\/pl\/branze\/opakowania-sztywne-tasmy-folie\/#primaryimage\"},\"thumbnailUrl\":\"https:\/\/www.babcock-wanson.com\/wp-content\/uploads\/2019\/02\/storopack-logo.png\",\"datePublished\":\"2020-10-30T14:47:06+00:00\",\"dateModified\":\"2021-12-12T22:43:31+00:00\",\"description\":\"Kot\u0142y do produkcji opakowa\u0144 sztywnych dla przemys\u0142u tworzyw sztucznych stanowi\u0105 elastyczne i wydajne \u017ar\u00f3d\u0142o ciep\u0142a, cz\u0119sto wymagane w tej bran\u017cy.\",\"breadcrumb\":{\"@id\":\"https:\/\/www.babcock-wanson.com\/pl\/branze\/opakowania-sztywne-tasmy-folie\/#breadcrumb\"},\"inLanguage\":\"pl-PL\",\"potentialAction\":[{\"@type\":\"ReadAction\",\"target\":[\"https:\/\/www.babcock-wanson.com\/pl\/branze\/opakowania-sztywne-tasmy-folie\/\"]}]},{\"@type\":\"ImageObject\",\"inLanguage\":\"pl-PL\",\"@id\":\"https:\/\/www.babcock-wanson.com\/pl\/branze\/opakowania-sztywne-tasmy-folie\/#primaryimage\",\"url\":\"https:\/\/www.babcock-wanson.com\/wp-content\/uploads\/2019\/02\/storopack-logo.png\",\"contentUrl\":\"https:\/\/www.babcock-wanson.com\/wp-content\/uploads\/2019\/02\/storopack-logo.png\"},{\"@type\":\"BreadcrumbList\",\"@id\":\"https:\/\/www.babcock-wanson.com\/pl\/branze\/opakowania-sztywne-tasmy-folie\/#breadcrumb\",\"itemListElement\":[{\"@type\":\"ListItem\",\"position\":1,\"name\":\"Strona g\u0142\u00f3wna\",\"item\":\"https:\/\/www.babcock-wanson.com\/pl\/\"},{\"@type\":\"ListItem\",\"position\":2,\"name\":\"Bran\u017ce\",\"item\":\"https:\/\/www.babcock-wanson.com\/pl\/branze\/\"},{\"@type\":\"ListItem\",\"position\":3,\"name\":\"Opakowania Sztywne \/ Ta\u015bmy \/ Folie\"}]},{\"@type\":\"WebSite\",\"@id\":\"https:\/\/www.babcock-wanson.com\/pl\/#website\",\"url\":\"https:\/\/www.babcock-wanson.com\/pl\/\",\"name\":\"Babcock Wanson\",\"description\":\"\",\"publisher\":{\"@id\":\"https:\/\/www.babcock-wanson.com\/pl\/#organization\"},\"potentialAction\":[{\"@type\":\"SearchAction\",\"target\":{\"@type\":\"EntryPoint\",\"urlTemplate\":\"https:\/\/www.babcock-wanson.com\/pl\/?s={search_term_string}\"},\"query-input\":{\"@type\":\"PropertyValueSpecification\",\"valueRequired\":true,\"valueName\":\"search_term_string\"}}],\"inLanguage\":\"pl-PL\"},{\"@type\":\"Organization\",\"@id\":\"https:\/\/www.babcock-wanson.com\/pl\/#organization\",\"name\":\"Babcock Wanson\",\"url\":\"https:\/\/www.babcock-wanson.com\/pl\/\",\"logo\":{\"@type\":\"ImageObject\",\"inLanguage\":\"pl-PL\",\"@id\":\"https:\/\/www.babcock-wanson.com\/pl\/#\/schema\/logo\/image\/\",\"url\":\"https:\/\/www.babcock-wanson.com\/wp-content\/uploads\/2024\/02\/Babcock-Wanson-1200x1200-1.png\",\"contentUrl\":\"https:\/\/www.babcock-wanson.com\/wp-content\/uploads\/2024\/02\/Babcock-Wanson-1200x1200-1.png\",\"width\":1200,\"height\":1200,\"caption\":\"Babcock Wanson\"},\"image\":{\"@id\":\"https:\/\/www.babcock-wanson.com\/pl\/#\/schema\/logo\/image\/\"},\"sameAs\":[\"https:\/\/www.linkedin.com\/company\/babcock-wanson\/\",\"https:\/\/www.youtube.com\/channel\/UCtxl25VieBBsP2kYmtlyv7A\"]}]}<\/script>\n<!-- \/ Yoast SEO Premium plugin. -->","yoast_head_json":{"title":"Opakowania Sztywne \/ Ta\u015bmy \/ Folie - Babcock Wanson","description":"Kot\u0142y do produkcji opakowa\u0144 sztywnych dla przemys\u0142u tworzyw sztucznych stanowi\u0105 elastyczne i wydajne \u017ar\u00f3d\u0142o ciep\u0142a, cz\u0119sto wymagane w tej bran\u017cy.","robots":{"index":"index","follow":"follow","max-snippet":"max-snippet:-1","max-image-preview":"max-image-preview:large","max-video-preview":"max-video-preview:-1"},"canonical":"https:\/\/www.babcock-wanson.com\/pl\/branze\/opakowania-sztywne-tasmy-folie\/","og_locale":"pl_PL","og_type":"article","og_title":"Opakowania Sztywne \/ Ta\u015bmy \/ Folie","og_description":"Kot\u0142y do produkcji opakowa\u0144 sztywnych dla przemys\u0142u tworzyw sztucznych stanowi\u0105 elastyczne i wydajne \u017ar\u00f3d\u0142o ciep\u0142a, cz\u0119sto wymagane w tej bran\u017cy.","og_url":"https:\/\/www.babcock-wanson.com\/pl\/branze\/opakowania-sztywne-tasmy-folie\/","og_site_name":"Babcock Wanson","article_modified_time":"2021-12-12T22:43:31+00:00","og_image":[{"url":"https:\/\/www.babcock-wanson.com\/wp-content\/uploads\/2019\/02\/storopack-logo.png","type":"","width":"","height":""}],"twitter_card":"summary_large_image","twitter_misc":{"Est. reading time":"2 minuty"},"schema":{"@context":"https:\/\/schema.org","@graph":[{"@type":"WebPage","@id":"https:\/\/www.babcock-wanson.com\/pl\/branze\/opakowania-sztywne-tasmy-folie\/","url":"https:\/\/www.babcock-wanson.com\/pl\/branze\/opakowania-sztywne-tasmy-folie\/","name":"Opakowania Sztywne \/ Ta\u015bmy \/ Folie - Babcock Wanson","isPartOf":{"@id":"https:\/\/www.babcock-wanson.com\/pl\/#website"},"primaryImageOfPage":{"@id":"https:\/\/www.babcock-wanson.com\/pl\/branze\/opakowania-sztywne-tasmy-folie\/#primaryimage"},"image":{"@id":"https:\/\/www.babcock-wanson.com\/pl\/branze\/opakowania-sztywne-tasmy-folie\/#primaryimage"},"thumbnailUrl":"https:\/\/www.babcock-wanson.com\/wp-content\/uploads\/2019\/02\/storopack-logo.png","datePublished":"2020-10-30T14:47:06+00:00","dateModified":"2021-12-12T22:43:31+00:00","description":"Kot\u0142y do produkcji opakowa\u0144 sztywnych dla przemys\u0142u tworzyw sztucznych stanowi\u0105 elastyczne i wydajne \u017ar\u00f3d\u0142o ciep\u0142a, cz\u0119sto wymagane w tej bran\u017cy.","breadcrumb":{"@id":"https:\/\/www.babcock-wanson.com\/pl\/branze\/opakowania-sztywne-tasmy-folie\/#breadcrumb"},"inLanguage":"pl-PL","potentialAction":[{"@type":"ReadAction","target":["https:\/\/www.babcock-wanson.com\/pl\/branze\/opakowania-sztywne-tasmy-folie\/"]}]},{"@type":"ImageObject","inLanguage":"pl-PL","@id":"https:\/\/www.babcock-wanson.com\/pl\/branze\/opakowania-sztywne-tasmy-folie\/#primaryimage","url":"https:\/\/www.babcock-wanson.com\/wp-content\/uploads\/2019\/02\/storopack-logo.png","contentUrl":"https:\/\/www.babcock-wanson.com\/wp-content\/uploads\/2019\/02\/storopack-logo.png"},{"@type":"BreadcrumbList","@id":"https:\/\/www.babcock-wanson.com\/pl\/branze\/opakowania-sztywne-tasmy-folie\/#breadcrumb","itemListElement":[{"@type":"ListItem","position":1,"name":"Strona g\u0142\u00f3wna","item":"https:\/\/www.babcock-wanson.com\/pl\/"},{"@type":"ListItem","position":2,"name":"Bran\u017ce","item":"https:\/\/www.babcock-wanson.com\/pl\/branze\/"},{"@type":"ListItem","position":3,"name":"Opakowania Sztywne \/ Ta\u015bmy \/ Folie"}]},{"@type":"WebSite","@id":"https:\/\/www.babcock-wanson.com\/pl\/#website","url":"https:\/\/www.babcock-wanson.com\/pl\/","name":"Babcock Wanson","description":"","publisher":{"@id":"https:\/\/www.babcock-wanson.com\/pl\/#organization"},"potentialAction":[{"@type":"SearchAction","target":{"@type":"EntryPoint","urlTemplate":"https:\/\/www.babcock-wanson.com\/pl\/?s={search_term_string}"},"query-input":{"@type":"PropertyValueSpecification","valueRequired":true,"valueName":"search_term_string"}}],"inLanguage":"pl-PL"},{"@type":"Organization","@id":"https:\/\/www.babcock-wanson.com\/pl\/#organization","name":"Babcock Wanson","url":"https:\/\/www.babcock-wanson.com\/pl\/","logo":{"@type":"ImageObject","inLanguage":"pl-PL","@id":"https:\/\/www.babcock-wanson.com\/pl\/#\/schema\/logo\/image\/","url":"https:\/\/www.babcock-wanson.com\/wp-content\/uploads\/2024\/02\/Babcock-Wanson-1200x1200-1.png","contentUrl":"https:\/\/www.babcock-wanson.com\/wp-content\/uploads\/2024\/02\/Babcock-Wanson-1200x1200-1.png","width":1200,"height":1200,"caption":"Babcock Wanson"},"image":{"@id":"https:\/\/www.babcock-wanson.com\/pl\/#\/schema\/logo\/image\/"},"sameAs":["https:\/\/www.linkedin.com\/company\/babcock-wanson\/","https:\/\/www.youtube.com\/channel\/UCtxl25VieBBsP2kYmtlyv7A"]}]}},"jetpack_sharing_enabled":true,"_links":{"self":[{"href":"https:\/\/www.babcock-wanson.com\/pl\/wp-json\/wp\/v2\/pages\/36170","targetHints":{"allow":["GET"]}}],"collection":[{"href":"https:\/\/www.babcock-wanson.com\/pl\/wp-json\/wp\/v2\/pages"}],"about":[{"href":"https:\/\/www.babcock-wanson.com\/pl\/wp-json\/wp\/v2\/types\/page"}],"author":[{"embeddable":true,"href":"https:\/\/www.babcock-wanson.com\/pl\/wp-json\/wp\/v2\/users\/1"}],"replies":[{"embeddable":true,"href":"https:\/\/www.babcock-wanson.com\/pl\/wp-json\/wp\/v2\/comments?post=36170"}],"version-history":[{"count":1,"href":"https:\/\/www.babcock-wanson.com\/pl\/wp-json\/wp\/v2\/pages\/36170\/revisions"}],"predecessor-version":[{"id":41301,"href":"https:\/\/www.babcock-wanson.com\/pl\/wp-json\/wp\/v2\/pages\/36170\/revisions\/41301"}],"up":[{"embeddable":true,"href":"https:\/\/www.babcock-wanson.com\/pl\/wp-json\/wp\/v2\/pages\/35460"}],"wp:attachment":[{"href":"https:\/\/www.babcock-wanson.com\/pl\/wp-json\/wp\/v2\/media?parent=36170"}],"curies":[{"name":"wp","href":"https:\/\/api.w.org\/{rel}","templated":true}]}}