{"id":36413,"date":"2020-07-15T14:34:32","date_gmt":"2020-07-15T13:34:50","guid":{"rendered":"https:\/\/www.babcock-wanson.com\/products\/bez-kategorii\/steampack\/"},"modified":"2021-11-08T00:56:10","modified_gmt":"2021-11-08T00:56:10","slug":"steampack","status":"publish","type":"product","link":"https:\/\/www.babcock-wanson.com\/pl\/produkty\/kotly-plomienicowo-plomieniowkowe\/steampack\/","title":{"rendered":"SteamPack"},"content":{"rendered":"<div class=\"vgblk-rw-wrapper limit-wrapper\">\n<h2>Przyjazny dla \u015brodowiska<\/h2>\n<p>Kocio\u0142 zosta\u0142 zaprojektowany tak, aby spe\u0142nia\u0142 najnowsze europejskie wymagana dotycz\u0105ce ochrony \u015brodowiska w zakresie emisji zanieczyszcze\u0144. W przypadku zam\u00f3wienia urz\u0105dzenia wyposa\u017conego w autorskie oprzyrz\u0105dowanie do spalania Babcock Wanson, kocio\u0142 mo\u017ce znacznie przewy\u017csza\u0107 owe wymagania.<\/p>\n<h2>Niskie zu\u017cycie<\/h2>\n<p><strong>Optimalna sprawno\u015b\u0107<\/strong><br \/>\nPerfekcyjne dopasowanie kot\u0142a BWR do palnika produkcji Babcock Wanson zapewnia niezawodne i wygodne dzia\u0142anie. W po\u0142\u0105czeniu z dostosowanym do procesu <a href=\"https:\/\/www.babcock-wanson.com\/pl\/kategoria-produktu\/systemy-odzysku-ciepla\/\" target=\"_blank\" rel=\"noopener\">systemem odzysku ciep\u0142a<\/a> spalin (<a href=\"https:\/\/www.babcock-wanson.com\/pl\/produkty\/systemy-odzysku-ciepla\/ekonomizer\/\" target=\"_blank\" rel=\"noopener\">ekonomizer<\/a>, podgrzewacz powietrza do spalania\u2026) kocio\u0142 SteamPack osi\u0105ga optymaln\u0105 wydajno\u015b\u0107 procesu w ca\u0142ym zakresie spalania.<br \/>\n<strong>Wysoka sprawno\u015b\u0107 w ca\u0142ym zakresie mocy<\/strong><br \/>\nWysoka i sta\u0142a sprawno\u015b\u0107 jest kluczow\u0105 cech\u0105 kot\u0142\u00f3w Babcock Wanson. Dedykowana konstrukcja g\u0142owicy palnika w po\u0142\u0105czeniu z bardzo wysokimi wsp\u00f3\u0142czynnikami regulacji zapewnia precyzyjn\u0105 kontrol\u0119 nadmiaru powietrza i minimaln\u0105 liczb\u0119 cykli start \/ stop. Gwarantuje to najlepsz\u0105 mo\u017cliw\u0105 wydajno\u015b\u0107 w szerokim zakresie operacyjnym procesu.<br \/>\n<strong>Niskie zu\u017cycie energii<\/strong><br \/>\nBardzo niski spadek ci\u015bnienia po stronie gazowej znacznie zmniejsza zu\u017cycie energii elektrycznej przez wentylatory. Ponadto dost\u0119pne opcje dla nap\u0119d\u00f3w powietrza do spalania i wody zasilaj\u0105cej o zmiennej pr\u0119dko\u015bci dodatkowo zmniejszaj\u0105 zapotrzebowanie na energi\u0119 elektryczn\u0105 i poprawiaj\u0105 og\u00f3ln\u0105 wydajno\u015b\u0107.<\/p>\n<h2>Solidna konstrukcja i d\u0142uga \u017cywotno\u015b\u0107<\/h2>\n<p>Kot\u0142y parowe BWR oferuj\u0105 solidn\u0105 tr\u00f3jci\u0105gow\u0105 konstrukcj\u0119 wraz z wodnorurkow\u0105 komor\u0105 nawrotow\u0105 i charakteryzuj\u0105 si\u0119 d\u0142ug\u0105 \u017cywotno\u015bci\u0105.<br \/>\nKoncepcja spawania cz\u0119\u015bci ci\u015bnieniowej poza korpusem urz\u0105dzenia zapewnia wytrzyma\u0142\u0105 i elastyczn\u0105 struktur\u0119, jak i elastyczno\u015b\u0107 rozszerzalno\u015bci p\u0142aszcza oraz wytrzyma\u0142o\u015b\u0107 na napr\u0119\u017cenia mechaniczne wyst\u0119puj\u0105ce podczas cz\u0119stych zmian obci\u0105\u017cenia. Komora nawrotowa ca\u0142kowicie ch\u0142odzona wod\u0105, zapewnia wysok\u0105 sprawno\u015b\u0107 oraz \u0142atwy dost\u0119p podczas prac konserwacyjnych.<\/p>\n<h2>Presta niezawodna obs\u0142uga<\/h2>\n<p><strong>\u0141atwy dost\u0119p<\/strong><br \/>\nKot\u0142y SteamPack zaprojektowano tak, aby zapewni\u0107 \u0142atwy dost\u0119p do p\u0142omieni\u00f3wek dzi\u0119ki prostemu demonta\u017cowi drzwi rewizyjnych.<br \/>\nNieskomplikowany dost\u0119p do blachy sitowej oraz p\u0142omienic zapewnia unikalna konstrukcja komory nawrotowej, spe\u0142niaj\u0105cej wymagania dotycz\u0105ce ogniotrwa\u0142o\u015bci oraz eliminuj\u0105cej wyst\u0119powanie mostk\u00f3w cieplnych.<br \/>\nStandardowa konstrukcja SteamPack obejmuje zintegrowan\u0105 platform\u0119 dost\u0119pow\u0105, zapewniaj\u0105c\u0105 prosty i bezpieczny dost\u0119p oraz \u0142atwo\u015b\u0107 konserwacji i obs\u0142ugi.<br \/>\n<strong>Redukcja koszt\u00f3w operacyjnych<\/strong><br \/>\nKot\u0142y SteamPack s\u0105 wyposa\u017cone w kompleksowe oprzyrz\u0105dowanie i sterowanie, w tym ekskluzywne tryby pozwalaj\u0105ce na prac\u0119 bez nadzoru.<br \/>\n<strong>Zdalny monitoring<\/strong><br \/>\nSteamPack jest kompatybilny z systemem Babcock Wanson Navinergy, kt\u00f3ry umo\u017cliwia ulepszone zdalne monitorowanie i planowanie konserwacji.<\/p>\n<h3>Dlaczego kocio\u0142 SteamPack firmy Babcock Wanson?<\/h3>\n<ul>\n<li>Wysoka wydajno\u015b\u0107<\/li>\n<li>Palniki o niskiej emisji NOx<\/li>\n<li>Wysoki stopie\u0144 modulacji palnika<\/li>\n<li>Elektroniczne sterowanie modulacj\u0105 w standardzie<\/li>\n<li>Prosty dost\u0119p u\u0142atwiaj\u0105cy konserwacj\u0119<\/li>\n<li>Solidna konstrukcja zapewniaj\u0105ca bardzo d\u0142ug\u0105 \u017cywotno\u015b\u0107<\/li>\n<li>Odzysk ciep\u0142a ze spalin<\/li>\n<li>Opcja ekonomizera kondensacyjnego<\/li>\n<li>\u0141\u0105czno\u015b\u0107 z naszym systemem Navinergy<\/li>\n<li>Opcje podgrzewacza powietrza do spalania<\/li>\n<li>Opcje spalania paliwem podw\u00f3jnym i mieszanym<\/li>\n<li>Opcja pomiaru o2 i CO w spalinach<\/li>\n<li>Prosta praca bez nadzoru przez 3 i 7 dni<\/li>\n<li>Kompletne rozwi\u0105zania system\u00f3w parowych<\/li>\n<\/ul>\n<p>&nbsp;<\/p>\n<h2>SteamPack -Kot\u0142y P\u0142omienicowo-P\u0142omieni\u00f3wkowe<\/h2>\n<div class=\"table-responsive\">\n<table style=\"height: 368px\" width=\"1071\">\n<tbody>\n<tr>\n<th class=\"bg-primary text-white\">SteamPack<\/th>\n<th class=\"bg-primary text-white\">Model<\/th>\n<th>3.5<\/th>\n<th>4.0<\/th>\n<th>5.0<\/th>\n<th>6.0<\/th>\n<th>7.0<\/th>\n<th>8.0<\/th>\n<\/tr>\n<tr>\n<th>Produkcja pary (1)<\/th>\n<th>Kg\/h<\/th>\n<td>3500<\/td>\n<td>4000<\/td>\n<td>5000<\/td>\n<td>6000<\/td>\n<td>7000<\/td>\n<td>8000<\/td>\n<\/tr>\n<tr>\n<th>Moc wyj\u015bciowa (1)<\/th>\n<th>kW<\/th>\n<td>2675<\/td>\n<td>3067<\/td>\n<td>3808<\/td>\n<td>4592<\/td>\n<td>5340<\/td>\n<td>6139<\/td>\n<\/tr>\n<tr class=\"table-secondary\">\n<th class=\"bg-secondary text-white\">Szeroko\u015b\u0107 A (2)<\/th>\n<th class=\"bg-secondary text-white\">mm<\/th>\n<td>2450<\/td>\n<td>2450<\/td>\n<td>2650<\/td>\n<td>2650<\/td>\n<td>2950<\/td>\n<td>2950<\/td>\n<\/tr>\n<tr class=\"table-dark\">\n<th class=\"bg-dark text-white\">D\u0142ugo\u015b\u0107 B (2)<\/th>\n<th class=\"bg-dark text-white\">mm<\/th>\n<td>6300<\/td>\n<td>6300<\/td>\n<td>6850<\/td>\n<td>7000<\/td>\n<td>7520<\/td>\n<td>7520<\/td>\n<\/tr>\n<tr class=\"table-primary\">\n<th class=\"bg-primary text-white\">Wysoko\u015b\u0107 C (2)<\/th>\n<th class=\"bg-primary text-white\">mm<\/th>\n<td>3400<\/td>\n<td>3400<\/td>\n<td>3550<\/td>\n<td>3550<\/td>\n<td>3850<\/td>\n<td>3850<\/td>\n<\/tr>\n<tr>\n<th>Waga \u2013 ca\u0142owite nape\u0142nienie<\/th>\n<th>Kg<\/th>\n<td>17000<\/td>\n<td>17000<\/td>\n<td>24500<\/td>\n<td>25800<\/td>\n<td>31200<\/td>\n<td>32000<\/td>\n<\/tr>\n<\/tbody>\n<\/table>\n<\/div>\n<p>(1) Przy ci\u015bnieniu 15 barg i temperaturze wody zasilaj\u0105cej 80\u00b0C.<\/p>\n<p>(2) Wymiary og\u00f3lne wraz z palnikiem i osprz\u0119tem.<\/p><\/div>\n<p><!-- .vgblk-rw-wrapper --><\/p>\n","protected":false},"excerpt":{"rendered":"<p><strong>Wydajno\u015b\u0107 pary od 3500 kg\/h do 8000 kg\/h<\/strong><br \/>\nKot\u0142y SteamPack oferuj\u0105 tr\u00f3jci\u0105gow\u0105 kontrukcj\u0119 wraz z wodnorurkow\u0105 komor\u0105 nawrotow\u0105. Ta wyj\u0105tkowa technologia Babcock Wanson zapewnia elastyczno\u015b\u0107 operacyjn\u0105, a tym samym niezr\u00f3wnan\u0105 d\u0142ugoterminow\u0105 wydajno\u015b\u0107 i niezawodno\u015b\u0107.<\/p>\n","protected":false},"featured_media":36417,"comment_status":"closed","ping_status":"closed","template":"","meta":{"_acf_changed":false,"_relevanssi_hide_post":"","_relevanssi_hide_content":"","_relevanssi_pin_for_all":"","_relevanssi_pin_keywords":"","_relevanssi_unpin_keywords":"","_relevanssi_related_keywords":"","_relevanssi_related_include_ids":"","_relevanssi_related_exclude_ids":"","_relevanssi_related_no_append":"","_relevanssi_related_not_related":"","_relevanssi_related_posts":"","_relevanssi_noindex_reason":""},"product_brand":[],"product_cat":[6404,6413],"product_tag":[],"class_list":{"0":"post-36413","1":"product","2":"type-product","3":"status-publish","4":"has-post-thumbnail","6":"product_cat-kotly-parowe","7":"product_cat-kotly-plomienicowo-plomieniowkowe","9":"first","10":"instock","11":"shipping-taxable","12":"product-type-simple"},"acf":[],"yoast_head":"<!-- This site is optimized with the Yoast SEO Premium plugin v27.4 (Yoast SEO v27.4) - https:\/\/yoast.com\/product\/yoast-seo-premium-wordpress\/ -->\n<title>SteamPack - Babcock Wanson<\/title>\n<meta name=\"description\" content=\"Kocio\u0142 zosta\u0142 zaprojektowany tak, aby spe\u0142nia\u0142 najnowsze europejskie wymagana dotycz\u0105ce ochrony \u015brodowiska w zakresie emisji zanieczyszcze\u0144\" \/>\n<meta name=\"robots\" content=\"index, follow, max-snippet:-1, max-image-preview:large, max-video-preview:-1\" \/>\n<link rel=\"canonical\" href=\"https:\/\/www.babcock-wanson.com\/pl\/produkty\/kotly-plomienicowo-plomieniowkowe\/steampack\/\" \/>\n<meta property=\"og:locale\" content=\"pl_PL\" \/>\n<meta property=\"og:type\" content=\"article\" \/>\n<meta property=\"og:title\" content=\"SteamPack\" \/>\n<meta property=\"og:description\" content=\"Kocio\u0142 zosta\u0142 zaprojektowany tak, aby spe\u0142nia\u0142 najnowsze europejskie wymagana dotycz\u0105ce ochrony \u015brodowiska w zakresie emisji zanieczyszcze\u0144\" \/>\n<meta property=\"og:url\" content=\"https:\/\/www.babcock-wanson.com\/pl\/produkty\/kotly-plomienicowo-plomieniowkowe\/steampack\/\" \/>\n<meta property=\"og:site_name\" content=\"Babcock Wanson\" \/>\n<meta property=\"article:modified_time\" content=\"2021-11-08T00:56:10+00:00\" \/>\n<meta property=\"og:image\" content=\"https:\/\/www.babcock-wanson.com\/wp-content\/uploads\/2020\/07\/SteamPack_productpage_0.jpg\" \/>\n\t<meta property=\"og:image:width\" content=\"600\" \/>\n\t<meta property=\"og:image:height\" content=\"400\" \/>\n\t<meta property=\"og:image:type\" content=\"image\/jpeg\" \/>\n<meta name=\"twitter:card\" content=\"summary_large_image\" \/>\n<meta name=\"twitter:label1\" content=\"Est. reading time\" \/>\n\t<meta name=\"twitter:data1\" content=\"3 minuty\" \/>\n<script type=\"application\/ld+json\" class=\"yoast-schema-graph\">{\"@context\":\"https:\\\/\\\/schema.org\",\"@graph\":[{\"@type\":\"WebPage\",\"@id\":\"https:\\\/\\\/www.babcock-wanson.com\\\/pl\\\/produkty\\\/kotly-plomienicowo-plomieniowkowe\\\/steampack\\\/\",\"url\":\"https:\\\/\\\/www.babcock-wanson.com\\\/pl\\\/produkty\\\/kotly-plomienicowo-plomieniowkowe\\\/steampack\\\/\",\"name\":\"SteamPack - Babcock Wanson\",\"isPartOf\":{\"@id\":\"https:\\\/\\\/www.babcock-wanson.com\\\/pl\\\/#website\"},\"primaryImageOfPage\":{\"@id\":\"https:\\\/\\\/www.babcock-wanson.com\\\/pl\\\/produkty\\\/kotly-plomienicowo-plomieniowkowe\\\/steampack\\\/#primaryimage\"},\"image\":{\"@id\":\"https:\\\/\\\/www.babcock-wanson.com\\\/pl\\\/produkty\\\/kotly-plomienicowo-plomieniowkowe\\\/steampack\\\/#primaryimage\"},\"thumbnailUrl\":\"https:\\\/\\\/www.babcock-wanson.com\\\/wp-content\\\/uploads\\\/2020\\\/07\\\/SteamPack_productpage_0.jpg\",\"datePublished\":\"2020-07-15T13:34:50+00:00\",\"dateModified\":\"2021-11-08T00:56:10+00:00\",\"description\":\"Kocio\u0142 zosta\u0142 zaprojektowany tak, aby spe\u0142nia\u0142 najnowsze europejskie wymagana dotycz\u0105ce ochrony \u015brodowiska w zakresie emisji zanieczyszcze\u0144\",\"breadcrumb\":{\"@id\":\"https:\\\/\\\/www.babcock-wanson.com\\\/pl\\\/produkty\\\/kotly-plomienicowo-plomieniowkowe\\\/steampack\\\/#breadcrumb\"},\"inLanguage\":\"pl-PL\",\"potentialAction\":[{\"@type\":\"ReadAction\",\"target\":[\"https:\\\/\\\/www.babcock-wanson.com\\\/pl\\\/produkty\\\/kotly-plomienicowo-plomieniowkowe\\\/steampack\\\/\"]}]},{\"@type\":\"ImageObject\",\"inLanguage\":\"pl-PL\",\"@id\":\"https:\\\/\\\/www.babcock-wanson.com\\\/pl\\\/produkty\\\/kotly-plomienicowo-plomieniowkowe\\\/steampack\\\/#primaryimage\",\"url\":\"https:\\\/\\\/www.babcock-wanson.com\\\/wp-content\\\/uploads\\\/2020\\\/07\\\/SteamPack_productpage_0.jpg\",\"contentUrl\":\"https:\\\/\\\/www.babcock-wanson.com\\\/wp-content\\\/uploads\\\/2020\\\/07\\\/SteamPack_productpage_0.jpg\",\"width\":600,\"height\":400,\"caption\":\"SteamPack - Chaudi\u00e8re Vapeur\"},{\"@type\":\"BreadcrumbList\",\"@id\":\"https:\\\/\\\/www.babcock-wanson.com\\\/pl\\\/produkty\\\/kotly-plomienicowo-plomieniowkowe\\\/steampack\\\/#breadcrumb\",\"itemListElement\":[{\"@type\":\"ListItem\",\"position\":1,\"name\":\"Strona g\u0142\u00f3wna\",\"item\":\"https:\\\/\\\/www.babcock-wanson.com\\\/pl\\\/\"},{\"@type\":\"ListItem\",\"position\":2,\"name\":\"Produkty\",\"item\":\"https:\\\/\\\/www.babcock-wanson.com\\\/pl\\\/shop\\\/\"},{\"@type\":\"ListItem\",\"position\":3,\"name\":\"Kot\u0142y P\u0142omienicowo-P\u0142omieni\u00f3wkowe\",\"item\":\"https:\\\/\\\/www.babcock-wanson.com\\\/pl\\\/kategoria-produktu\\\/kotly-plomienicowo-plomieniowkowe\\\/\"},{\"@type\":\"ListItem\",\"position\":4,\"name\":\"SteamPack\"}]},{\"@type\":\"WebSite\",\"@id\":\"https:\\\/\\\/www.babcock-wanson.com\\\/pl\\\/#website\",\"url\":\"https:\\\/\\\/www.babcock-wanson.com\\\/pl\\\/\",\"name\":\"Babcock Wanson\",\"description\":\"\",\"publisher\":{\"@id\":\"https:\\\/\\\/www.babcock-wanson.com\\\/pl\\\/#organization\"},\"potentialAction\":[{\"@type\":\"SearchAction\",\"target\":{\"@type\":\"EntryPoint\",\"urlTemplate\":\"https:\\\/\\\/www.babcock-wanson.com\\\/pl\\\/?s={search_term_string}\"},\"query-input\":{\"@type\":\"PropertyValueSpecification\",\"valueRequired\":true,\"valueName\":\"search_term_string\"}}],\"inLanguage\":\"pl-PL\"},{\"@type\":\"Organization\",\"@id\":\"https:\\\/\\\/www.babcock-wanson.com\\\/pl\\\/#organization\",\"name\":\"Babcock Wanson\",\"url\":\"https:\\\/\\\/www.babcock-wanson.com\\\/pl\\\/\",\"logo\":{\"@type\":\"ImageObject\",\"inLanguage\":\"pl-PL\",\"@id\":\"https:\\\/\\\/www.babcock-wanson.com\\\/pl\\\/#\\\/schema\\\/logo\\\/image\\\/\",\"url\":\"https:\\\/\\\/www.babcock-wanson.com\\\/wp-content\\\/uploads\\\/2024\\\/02\\\/Babcock-Wanson-1200x1200-1.png\",\"contentUrl\":\"https:\\\/\\\/www.babcock-wanson.com\\\/wp-content\\\/uploads\\\/2024\\\/02\\\/Babcock-Wanson-1200x1200-1.png\",\"width\":1200,\"height\":1200,\"caption\":\"Babcock Wanson\"},\"image\":{\"@id\":\"https:\\\/\\\/www.babcock-wanson.com\\\/pl\\\/#\\\/schema\\\/logo\\\/image\\\/\"},\"sameAs\":[\"https:\\\/\\\/www.linkedin.com\\\/company\\\/babcock-wanson\\\/\",\"https:\\\/\\\/www.youtube.com\\\/channel\\\/UCtxl25VieBBsP2kYmtlyv7A\"]}]}<\/script>\n<!-- \/ Yoast SEO Premium plugin. -->","yoast_head_json":{"title":"SteamPack - Babcock Wanson","description":"Kocio\u0142 zosta\u0142 zaprojektowany tak, aby spe\u0142nia\u0142 najnowsze europejskie wymagana dotycz\u0105ce ochrony \u015brodowiska w zakresie emisji zanieczyszcze\u0144","robots":{"index":"index","follow":"follow","max-snippet":"max-snippet:-1","max-image-preview":"max-image-preview:large","max-video-preview":"max-video-preview:-1"},"canonical":"https:\/\/www.babcock-wanson.com\/pl\/produkty\/kotly-plomienicowo-plomieniowkowe\/steampack\/","og_locale":"pl_PL","og_type":"article","og_title":"SteamPack","og_description":"Kocio\u0142 zosta\u0142 zaprojektowany tak, aby spe\u0142nia\u0142 najnowsze europejskie wymagana dotycz\u0105ce ochrony \u015brodowiska w zakresie emisji zanieczyszcze\u0144","og_url":"https:\/\/www.babcock-wanson.com\/pl\/produkty\/kotly-plomienicowo-plomieniowkowe\/steampack\/","og_site_name":"Babcock Wanson","article_modified_time":"2021-11-08T00:56:10+00:00","og_image":[{"width":600,"height":400,"url":"https:\/\/www.babcock-wanson.com\/wp-content\/uploads\/2020\/07\/SteamPack_productpage_0.jpg","type":"image\/jpeg"}],"twitter_card":"summary_large_image","twitter_misc":{"Est. reading time":"3 minuty"},"schema":{"@context":"https:\/\/schema.org","@graph":[{"@type":"WebPage","@id":"https:\/\/www.babcock-wanson.com\/pl\/produkty\/kotly-plomienicowo-plomieniowkowe\/steampack\/","url":"https:\/\/www.babcock-wanson.com\/pl\/produkty\/kotly-plomienicowo-plomieniowkowe\/steampack\/","name":"SteamPack - Babcock Wanson","isPartOf":{"@id":"https:\/\/www.babcock-wanson.com\/pl\/#website"},"primaryImageOfPage":{"@id":"https:\/\/www.babcock-wanson.com\/pl\/produkty\/kotly-plomienicowo-plomieniowkowe\/steampack\/#primaryimage"},"image":{"@id":"https:\/\/www.babcock-wanson.com\/pl\/produkty\/kotly-plomienicowo-plomieniowkowe\/steampack\/#primaryimage"},"thumbnailUrl":"https:\/\/www.babcock-wanson.com\/wp-content\/uploads\/2020\/07\/SteamPack_productpage_0.jpg","datePublished":"2020-07-15T13:34:50+00:00","dateModified":"2021-11-08T00:56:10+00:00","description":"Kocio\u0142 zosta\u0142 zaprojektowany tak, aby spe\u0142nia\u0142 najnowsze europejskie wymagana dotycz\u0105ce ochrony \u015brodowiska w zakresie emisji zanieczyszcze\u0144","breadcrumb":{"@id":"https:\/\/www.babcock-wanson.com\/pl\/produkty\/kotly-plomienicowo-plomieniowkowe\/steampack\/#breadcrumb"},"inLanguage":"pl-PL","potentialAction":[{"@type":"ReadAction","target":["https:\/\/www.babcock-wanson.com\/pl\/produkty\/kotly-plomienicowo-plomieniowkowe\/steampack\/"]}]},{"@type":"ImageObject","inLanguage":"pl-PL","@id":"https:\/\/www.babcock-wanson.com\/pl\/produkty\/kotly-plomienicowo-plomieniowkowe\/steampack\/#primaryimage","url":"https:\/\/www.babcock-wanson.com\/wp-content\/uploads\/2020\/07\/SteamPack_productpage_0.jpg","contentUrl":"https:\/\/www.babcock-wanson.com\/wp-content\/uploads\/2020\/07\/SteamPack_productpage_0.jpg","width":600,"height":400,"caption":"SteamPack - Chaudi\u00e8re Vapeur"},{"@type":"BreadcrumbList","@id":"https:\/\/www.babcock-wanson.com\/pl\/produkty\/kotly-plomienicowo-plomieniowkowe\/steampack\/#breadcrumb","itemListElement":[{"@type":"ListItem","position":1,"name":"Strona g\u0142\u00f3wna","item":"https:\/\/www.babcock-wanson.com\/pl\/"},{"@type":"ListItem","position":2,"name":"Produkty","item":"https:\/\/www.babcock-wanson.com\/pl\/shop\/"},{"@type":"ListItem","position":3,"name":"Kot\u0142y P\u0142omienicowo-P\u0142omieni\u00f3wkowe","item":"https:\/\/www.babcock-wanson.com\/pl\/kategoria-produktu\/kotly-plomienicowo-plomieniowkowe\/"},{"@type":"ListItem","position":4,"name":"SteamPack"}]},{"@type":"WebSite","@id":"https:\/\/www.babcock-wanson.com\/pl\/#website","url":"https:\/\/www.babcock-wanson.com\/pl\/","name":"Babcock Wanson","description":"","publisher":{"@id":"https:\/\/www.babcock-wanson.com\/pl\/#organization"},"potentialAction":[{"@type":"SearchAction","target":{"@type":"EntryPoint","urlTemplate":"https:\/\/www.babcock-wanson.com\/pl\/?s={search_term_string}"},"query-input":{"@type":"PropertyValueSpecification","valueRequired":true,"valueName":"search_term_string"}}],"inLanguage":"pl-PL"},{"@type":"Organization","@id":"https:\/\/www.babcock-wanson.com\/pl\/#organization","name":"Babcock Wanson","url":"https:\/\/www.babcock-wanson.com\/pl\/","logo":{"@type":"ImageObject","inLanguage":"pl-PL","@id":"https:\/\/www.babcock-wanson.com\/pl\/#\/schema\/logo\/image\/","url":"https:\/\/www.babcock-wanson.com\/wp-content\/uploads\/2024\/02\/Babcock-Wanson-1200x1200-1.png","contentUrl":"https:\/\/www.babcock-wanson.com\/wp-content\/uploads\/2024\/02\/Babcock-Wanson-1200x1200-1.png","width":1200,"height":1200,"caption":"Babcock Wanson"},"image":{"@id":"https:\/\/www.babcock-wanson.com\/pl\/#\/schema\/logo\/image\/"},"sameAs":["https:\/\/www.linkedin.com\/company\/babcock-wanson\/","https:\/\/www.youtube.com\/channel\/UCtxl25VieBBsP2kYmtlyv7A"]}]}},"jetpack_sharing_enabled":true,"_links":{"self":[{"href":"https:\/\/www.babcock-wanson.com\/pl\/wp-json\/wp\/v2\/product\/36413","targetHints":{"allow":["GET"]}}],"collection":[{"href":"https:\/\/www.babcock-wanson.com\/pl\/wp-json\/wp\/v2\/product"}],"about":[{"href":"https:\/\/www.babcock-wanson.com\/pl\/wp-json\/wp\/v2\/types\/product"}],"replies":[{"embeddable":true,"href":"https:\/\/www.babcock-wanson.com\/pl\/wp-json\/wp\/v2\/comments?post=36413"}],"wp:featuredmedia":[{"embeddable":true,"href":"https:\/\/www.babcock-wanson.com\/pl\/wp-json\/wp\/v2\/media\/36417"}],"wp:attachment":[{"href":"https:\/\/www.babcock-wanson.com\/pl\/wp-json\/wp\/v2\/media?parent=36413"}],"wp:term":[{"taxonomy":"product_brand","embeddable":true,"href":"https:\/\/www.babcock-wanson.com\/pl\/wp-json\/wp\/v2\/product_brand?post=36413"},{"taxonomy":"product_cat","embeddable":true,"href":"https:\/\/www.babcock-wanson.com\/pl\/wp-json\/wp\/v2\/product_cat?post=36413"},{"taxonomy":"product_tag","embeddable":true,"href":"https:\/\/www.babcock-wanson.com\/pl\/wp-json\/wp\/v2\/product_tag?post=36413"}],"curies":[{"name":"wp","href":"https:\/\/api.w.org\/{rel}","templated":true}]}}