{"id":36418,"date":"2019-03-25T08:25:27","date_gmt":"2019-03-25T08:25:27","guid":{"rendered":"https:\/\/www.babcock-wanson.com\/products\/bez-kategorii\/twin-furnace\/"},"modified":"2025-04-15T16:51:37","modified_gmt":"2025-04-15T15:51:37","slug":"kociol-dwuplomienicowy","status":"publish","type":"product","link":"https:\/\/www.babcock-wanson.com\/pl\/produkty\/kotly-plomienicowo-plomieniowkowe\/kociol-dwuplomienicowy\/","title":{"rendered":"Kocio\u0142 dwup\u0142omienicowy"},"content":{"rendered":"<div class=\"vgblk-rw-wrapper limit-wrapper\">\r\n<h2>Wysoka wydajno\u015b\u0107<\/h2>\r\n<p><strong>Efektywno\u015b\u0107 energetyczna<\/strong> Wysoka sprawno\u015b\u0107 to kluczowa cecha kot\u0142\u00f3w Babcock Wanson. Kocio\u0142 TwinPack w po\u0142\u0105czeniu z <a href=\"https:\/\/www.babcock-wanson.com\/pl\/produkty\/systemy-odzysku-ciepla\/ekonomizer\/\" target=\"_blank\" rel=\"noopener\">ekonomizerem<\/a> Babcock Wanson i systemem odzysku ciep\u0142a, mo\u017ce osi\u0105gn\u0105\u0107 sprawno\u015b\u0107 netto do 98% (z systemem <a href=\"https:\/\/www.babcock-wanson.com\/pl\/produkty\/systemy-odzysku-ciepla\/podgrzewanie-powietrza-r-eco\/\" target=\"_blank\" rel=\"noopener\">R-Eco<\/a>) i 105% (z ekonomizerem kondensacyjnym). Autmatyka zarz\u0105dzania palnikiem Babcock Wanson wraz z idealnie dopasowana g\u0142owic\u0105 palnika do komory spalania, zosta\u0142y= zaprojektowane z my\u015bl\u0105 o doskona\u0142ej kontroli nadmiaru powietrza w ca\u0142ym zakresie modulacji i stabilnej pracy przy bardzo niskim obci\u0105\u017ceniu. Jednoczesna praca dw\u00f3ch palnik\u00f3w gwarantuje doskona\u0142y rozk\u0142ad obci\u0105\u017cenia cieplnego przy jednoczesnym zapewnieniu maksymalnej elastyczno\u015bci dzia\u0142ania z zakresem modulacji do 30:1 na gazie ziemnym.<\/p>\r\n<p><strong>Przyjazny dla \u015brodowiska<\/strong> Idealne dopasowanie kot\u0142a do palnik\u00f3w gwarantuje optymalne spalanie i doskonale kontrolowan\u0105 emisj\u0119. Optymalna wydajno\u015b\u0107 i wysoka modulacja palnika zapewniaj\u0105 najni\u017csz\u0105 mozliw\u0105 emisj\u0119 CO2, a po\u0142\u0105czenie palnika i kot\u0142a tego samego producenta zapewnia niskie emisje tlenku azotu (NOx), aby spe\u0142ni\u0107 restrykcyjne wymagania \u015brodowiskowe.<\/p>\r\n<p><strong>Niezawodna i bezpieczna konstrukcja<\/strong> Kot\u0142y TwinPack korzystaj\u0105 z najbardziej zaawansowanego systemu regulacji i uk\u0142adu regulacji firmy Babcock Wanson. Aby uzyska\u0107 najlepsz\u0105 wydajno\u015b\u0107, system Navinergy umo\u017cliwia lokaln\u0105 obs\u0142ug\u0119 za po\u015brednictwem interfejsu HMI kot\u0142a oraz zdalny monitoring.<\/p>\r\n<h2>Redukcja koszt\u00f3w obs\u0142ugi<\/h2>\r\n<p><strong>Solidna konstrukcja i d\u0142uga \u017cywotno\u015b\u0107<\/strong> Kot\u0142y TwinPack s\u0105 wyposa\u017cone w komor\u0119 nawrotu spalin o konstrukcji wodnorurkowej. Ta unikalna technologia firmy Babcock Wanson pozwala na du\u017ce wahania zapotrzebowania na par\u0119, jednocze\u015bnie minimalizuj\u0105c napr\u0119\u017cenia mechaniczne na korpusie ci\u015bnieniowym. Komora wodno-rurowa TwinPack minimalizuje r\u00f3wnie\u017c wymagania dotycz\u0105cej ogniotrwa\u0142ej wymur\u00f3wki kot\u0142a.<\/p>\r\n<p><strong>\u0141atwy dost\u0119p<\/strong> Dost\u0119p do dna sitowego oraz p\u0142omieni\u00f3wek jest prosty dzi\u0119ki du\u017cym i \u0142atwo otwieraj\u0105cym si\u0119 drzwiom z przodu kot\u0142a oraz w\u0142azom bocznym. Tylny w\u0142az inspekcyjny zapewnia r\u00f3wnie\u017c lepszy dost\u0119p. Wbudowana g\u00f3rna platforma zapewnia bezpieczny dost\u0119p do mocowa\u0144 kot\u0142a oraz \u0142atwo\u015b\u0107 konserwacji i obs\u0142ugi.<\/p>\r\n<p><strong>Ekonomiczna eksploatacja<\/strong> Kot\u0142y TwinPack s\u0105 wyposa\u017cone w kompleksowe oprzyrz\u0105dowanie i sterowanie, w tym unikatowe tryby pracy bezobs\u0142ugowej firmy BabcockWanson.<\/p>\r\n<h3>Dlaczego wybra\u0107 kocio\u0142 twinpack babcock wanson?<\/h3>\r\n<ul>\r\n<li>Wysoka wydajno\u015b\u0107 i bardzo niska emisja.<\/li>\r\n<li>Kompaktowa konstrukcja.<\/li>\r\n<li>Prosty dost\u0119p u\u0142atwiaj\u0105cy konserwacj\u0119.<\/li>\r\n<li>Solidna konstrukcja zapewniaj\u0105ca bardzo d\u0142ug\u0105 \u017cywotno\u015b\u0107.<\/li>\r\n<li>Pe\u0142na gama ekonomizer\u00f3w.\u0141\u0105czno\u015b\u0107 z naszym systemem <a href=\"https:\/\/www.babcock-wanson.com\/pl\/2024\/04\/25\/navinergy-kotlownia-polaczona-z-siecia\/\" target=\"_blank\" rel=\"noopener\">Navinergy<\/a>.<\/li>\r\n<li>Opcjonalnie podgrzewacz powietrza do spalania.<\/li>\r\n<li>Opcje spalania mieszanego i dwupaliwowego.<\/li>\r\n<li>Opcje regulacji O2 i CO.<\/li>\r\n<li>Prosta praca bez nadzoru przez 3 i 7 dni.<\/li>\r\n<li>Kompletne rozwi\u0105zania system\u00f3w parowych.<\/li>\r\n<li>Opcje przegrzewacza.<\/li>\r\n<\/ul>\r\n<p>&nbsp;<\/p>\r\n<h2>TwinPack dwup\u0142omienicowe kot\u0142y parowe<\/h2>\r\n<div class=\"table-responsive\">\r\n<table style=\"height: 368px;\" width=\"1071\">\r\n<tbody>\r\n<tr>\r\n<th class=\"bg-primary text-white\">TwinPack<\/th>\r\n<th class=\"bg-primary text-white\">Model<\/th>\r\n<th>30.0<\/th>\r\n<th>34.0<\/th>\r\n<th>38.0<\/th>\r\n<th>42.0<\/th>\r\n<th>46.0<\/th>\r\n<th>50.0<\/th>\r\n<th>54.0<\/th>\r\n<th>58.0<\/th>\r\n<\/tr>\r\n<tr>\r\n<th>Produkcja pary (1)<\/th>\r\n<th>Kg\/h<\/th>\r\n<td>30 000<\/td>\r\n<td>34 000<\/td>\r\n<td>38 000<\/td>\r\n<td>42 000<\/td>\r\n<td>46 000<\/td>\r\n<td>50 000<\/td>\r\n<td>54 000<\/td>\r\n<td>58 000<\/td>\r\n<\/tr>\r\n<tr>\r\n<th>Moc wyj\u015bciowa (1)<\/th>\r\n<th>kW<\/th>\r\n<td>20 600<\/td>\r\n<td>23 450<\/td>\r\n<td>26 225<\/td>\r\n<td>28 950<\/td>\r\n<td>31 715<\/td>\r\n<td>34 330<\/td>\r\n<td>37 000<\/td>\r\n<td>39 600<\/td>\r\n<\/tr>\r\n<tr class=\"table-secondary\">\r\n<th class=\"bg-secondary text-white\">Szeroko\u015b\u0107 A (2)<\/th>\r\n<th class=\"bg-secondary text-white\">mm<\/th>\r\n<td>5 700<\/td>\r\n<td>5 750<\/td>\r\n<td>5 900<\/td>\r\n<td>5 950<\/td>\r\n<td>6 050<\/td>\r\n<td>6 150<\/td>\r\n<td>6 250<\/td>\r\n<td>6 350<\/td>\r\n<\/tr>\r\n<tr class=\"table-dark\">\r\n<th class=\"bg-dark text-white\">D\u0142ugo\u015b\u0107 B (2)<\/th>\r\n<th class=\"bg-dark text-white\">mm<\/th>\r\n<td>12 750<\/td>\r\n<td>13 200<\/td>\r\n<td>13 300<\/td>\r\n<td>13 500<\/td>\r\n<td>13 800<\/td>\r\n<td>14 050<\/td>\r\n<td>14 100<\/td>\r\n<td>14 500<\/td>\r\n<\/tr>\r\n<tr class=\"table-primary\">\r\n<th class=\"bg-primary text-white\">Wysoko\u015b\u0107 C (2)<\/th>\r\n<th class=\"bg-primary text-white\">mm<\/th>\r\n<td>5 400<\/td>\r\n<td>5 450<\/td>\r\n<td>5 600<\/td>\r\n<td>5 650<\/td>\r\n<td>5 750<\/td>\r\n<td>5 850<\/td>\r\n<td>6 100<\/td>\r\n<td>6 200<\/td>\r\n<\/tr>\r\n<tr>\r\n<th>Waga ca\u0142owite nape\u0142nienie<\/th>\r\n<th>Kg<\/th>\r\n<td>90 350<\/td>\r\n<td>100 800<\/td>\r\n<td>106 900<\/td>\r\n<td>110 800<\/td>\r\n<td>118 000<\/td>\r\n<td>122 200<\/td>\r\n<td>136 200<\/td>\r\n<td>141 200<\/td>\r\n<\/tr>\r\n<\/tbody>\r\n<\/table>\r\n<\/div>\r\n<p>(1) Przy 15 barg ai wodzie zasilaj\u0105cej 80\u00b0C. (2) Wymiary og\u00f3lne wraz z palnikiem i osprz\u0119tem.<\/p>\r\n<p>&nbsp;<\/p>\r\n<\/div><!-- .vgblk-rw-wrapper -->","protected":false},"excerpt":{"rendered":"<p><strong>Wydajno\u015b\u0107 od 30 do 58 t\/godz.<br \/><\/strong>Gama kot\u0142\u00f3w TwinPack to najnowszy projekt i zosta\u0142a opracowana przy u\u017cyciu kombinacji najlepszych dost\u0119pnych technologii oferuj\u0105c wysok\u0105 niezawodno\u015b\u0107 i maksymaln\u0105 wydajno\u015b\u0107.<\/p>\n<p>Przez ponad 50 lat firma Babcock Wanson zdoby\u0142a odpowiednie do\u015bwiadczenie w projektowaniu i produkcji kot\u0142\u00f3w dwup\u0142omienicowych. Kot\u0142y te zosta\u0142y pierwotnie zaprojektowane, aby spe\u0142ni\u0107 wymagania u\u017cytkownik\u00f3w zwi\u0105zanej z wysok\u0105 produkcj\u0105 pary i spe\u0142ni\u0107 wymagania rynku europejskiego w zakresie wymiany kot\u0142\u00f3w wodnorurowych.<\/p>\n<p><strong>\u00a0<\/strong><\/p>\n<p><strong>\u00a0<\/strong><\/p>\n","protected":false},"featured_media":38756,"comment_status":"closed","ping_status":"closed","template":"","meta":{"_acf_changed":false,"_relevanssi_hide_post":"","_relevanssi_hide_content":"","_relevanssi_pin_for_all":"","_relevanssi_pin_keywords":"","_relevanssi_unpin_keywords":"","_relevanssi_related_keywords":"","_relevanssi_related_include_ids":"","_relevanssi_related_exclude_ids":"","_relevanssi_related_no_append":"","_relevanssi_related_not_related":"","_relevanssi_related_posts":"","_relevanssi_noindex_reason":""},"product_brand":[],"product_cat":[6404,6413],"product_tag":[],"class_list":{"0":"post-36418","1":"product","2":"type-product","3":"status-publish","4":"has-post-thumbnail","6":"product_cat-kotly-parowe","7":"product_cat-kotly-plomienicowo-plomieniowkowe","9":"first","10":"instock","11":"shipping-taxable","12":"product-type-simple"},"acf":[],"yoast_head":"<!-- This site is optimized with the Yoast SEO Premium plugin v27.4 (Yoast SEO v27.4) - https:\/\/yoast.com\/product\/yoast-seo-premium-wordpress\/ -->\n<title>Kocio\u0142 dwup\u0142omienicowy - Babcock Wanson<\/title>\n<meta name=\"description\" content=\"Firma Babcock Wanson buduje swoje do\u015bwiadczenie w projektowaniu i produkcji kot\u0142\u00f3w podw\u00f3jnych od ponad 50 lat.\" \/>\n<meta name=\"robots\" content=\"index, follow, max-snippet:-1, max-image-preview:large, max-video-preview:-1\" \/>\n<link rel=\"canonical\" href=\"https:\/\/www.babcock-wanson.com\/pl\/produkty\/kotly-plomienicowo-plomieniowkowe\/kociol-dwuplomienicowy\/\" \/>\n<meta property=\"og:locale\" content=\"pl_PL\" \/>\n<meta property=\"og:type\" content=\"article\" \/>\n<meta property=\"og:title\" content=\"Kocio\u0142 dwup\u0142omienicowy\" \/>\n<meta property=\"og:description\" content=\"Firma Babcock Wanson buduje swoje do\u015bwiadczenie w projektowaniu i produkcji kot\u0142\u00f3w podw\u00f3jnych od ponad 50 lat.\" \/>\n<meta property=\"og:url\" content=\"https:\/\/www.babcock-wanson.com\/pl\/produkty\/kotly-plomienicowo-plomieniowkowe\/kociol-dwuplomienicowy\/\" \/>\n<meta property=\"og:site_name\" content=\"Babcock Wanson\" \/>\n<meta property=\"article:modified_time\" content=\"2025-04-15T15:51:37+00:00\" \/>\n<meta property=\"og:image\" content=\"https:\/\/www.babcock-wanson.com\/wp-content\/uploads\/2019\/03\/Chaudiere-bi-foyer-TwinPack-1.jpg\" \/>\n\t<meta property=\"og:image:width\" content=\"600\" \/>\n\t<meta property=\"og:image:height\" content=\"400\" \/>\n\t<meta property=\"og:image:type\" content=\"image\/jpeg\" \/>\n<meta name=\"twitter:card\" content=\"summary_large_image\" \/>\n<meta name=\"twitter:label1\" content=\"Est. reading time\" \/>\n\t<meta name=\"twitter:data1\" content=\"4 minuty\" \/>\n<script type=\"application\/ld+json\" class=\"yoast-schema-graph\">{\"@context\":\"https:\\\/\\\/schema.org\",\"@graph\":[{\"@type\":\"WebPage\",\"@id\":\"https:\\\/\\\/www.babcock-wanson.com\\\/pl\\\/produkty\\\/kotly-plomienicowo-plomieniowkowe\\\/kociol-dwuplomienicowy\\\/\",\"url\":\"https:\\\/\\\/www.babcock-wanson.com\\\/pl\\\/produkty\\\/kotly-plomienicowo-plomieniowkowe\\\/kociol-dwuplomienicowy\\\/\",\"name\":\"Kocio\u0142 dwup\u0142omienicowy - Babcock Wanson\",\"isPartOf\":{\"@id\":\"https:\\\/\\\/www.babcock-wanson.com\\\/pl\\\/#website\"},\"primaryImageOfPage\":{\"@id\":\"https:\\\/\\\/www.babcock-wanson.com\\\/pl\\\/produkty\\\/kotly-plomienicowo-plomieniowkowe\\\/kociol-dwuplomienicowy\\\/#primaryimage\"},\"image\":{\"@id\":\"https:\\\/\\\/www.babcock-wanson.com\\\/pl\\\/produkty\\\/kotly-plomienicowo-plomieniowkowe\\\/kociol-dwuplomienicowy\\\/#primaryimage\"},\"thumbnailUrl\":\"https:\\\/\\\/www.babcock-wanson.com\\\/wp-content\\\/uploads\\\/2019\\\/03\\\/Chaudiere-bi-foyer-TwinPack-1.jpg\",\"datePublished\":\"2019-03-25T08:25:27+00:00\",\"dateModified\":\"2025-04-15T15:51:37+00:00\",\"description\":\"Firma Babcock Wanson buduje swoje do\u015bwiadczenie w projektowaniu i produkcji kot\u0142\u00f3w podw\u00f3jnych od ponad 50 lat.\",\"breadcrumb\":{\"@id\":\"https:\\\/\\\/www.babcock-wanson.com\\\/pl\\\/produkty\\\/kotly-plomienicowo-plomieniowkowe\\\/kociol-dwuplomienicowy\\\/#breadcrumb\"},\"inLanguage\":\"pl-PL\",\"potentialAction\":[{\"@type\":\"ReadAction\",\"target\":[\"https:\\\/\\\/www.babcock-wanson.com\\\/pl\\\/produkty\\\/kotly-plomienicowo-plomieniowkowe\\\/kociol-dwuplomienicowy\\\/\"]}]},{\"@type\":\"ImageObject\",\"inLanguage\":\"pl-PL\",\"@id\":\"https:\\\/\\\/www.babcock-wanson.com\\\/pl\\\/produkty\\\/kotly-plomienicowo-plomieniowkowe\\\/kociol-dwuplomienicowy\\\/#primaryimage\",\"url\":\"https:\\\/\\\/www.babcock-wanson.com\\\/wp-content\\\/uploads\\\/2019\\\/03\\\/Chaudiere-bi-foyer-TwinPack-1.jpg\",\"contentUrl\":\"https:\\\/\\\/www.babcock-wanson.com\\\/wp-content\\\/uploads\\\/2019\\\/03\\\/Chaudiere-bi-foyer-TwinPack-1.jpg\",\"width\":600,\"height\":400,\"caption\":\"Chaudi\u00e8re bi-foyer TwinPack 1\"},{\"@type\":\"BreadcrumbList\",\"@id\":\"https:\\\/\\\/www.babcock-wanson.com\\\/pl\\\/produkty\\\/kotly-plomienicowo-plomieniowkowe\\\/kociol-dwuplomienicowy\\\/#breadcrumb\",\"itemListElement\":[{\"@type\":\"ListItem\",\"position\":1,\"name\":\"Strona g\u0142\u00f3wna\",\"item\":\"https:\\\/\\\/www.babcock-wanson.com\\\/pl\\\/\"},{\"@type\":\"ListItem\",\"position\":2,\"name\":\"Produkty\",\"item\":\"https:\\\/\\\/www.babcock-wanson.com\\\/pl\\\/shop\\\/\"},{\"@type\":\"ListItem\",\"position\":3,\"name\":\"Kot\u0142y P\u0142omienicowo-P\u0142omieni\u00f3wkowe\",\"item\":\"https:\\\/\\\/www.babcock-wanson.com\\\/pl\\\/kategoria-produktu\\\/kotly-plomienicowo-plomieniowkowe\\\/\"},{\"@type\":\"ListItem\",\"position\":4,\"name\":\"Kocio\u0142 dwup\u0142omienicowy\"}]},{\"@type\":\"WebSite\",\"@id\":\"https:\\\/\\\/www.babcock-wanson.com\\\/pl\\\/#website\",\"url\":\"https:\\\/\\\/www.babcock-wanson.com\\\/pl\\\/\",\"name\":\"Babcock Wanson\",\"description\":\"\",\"publisher\":{\"@id\":\"https:\\\/\\\/www.babcock-wanson.com\\\/pl\\\/#organization\"},\"potentialAction\":[{\"@type\":\"SearchAction\",\"target\":{\"@type\":\"EntryPoint\",\"urlTemplate\":\"https:\\\/\\\/www.babcock-wanson.com\\\/pl\\\/?s={search_term_string}\"},\"query-input\":{\"@type\":\"PropertyValueSpecification\",\"valueRequired\":true,\"valueName\":\"search_term_string\"}}],\"inLanguage\":\"pl-PL\"},{\"@type\":\"Organization\",\"@id\":\"https:\\\/\\\/www.babcock-wanson.com\\\/pl\\\/#organization\",\"name\":\"Babcock Wanson\",\"url\":\"https:\\\/\\\/www.babcock-wanson.com\\\/pl\\\/\",\"logo\":{\"@type\":\"ImageObject\",\"inLanguage\":\"pl-PL\",\"@id\":\"https:\\\/\\\/www.babcock-wanson.com\\\/pl\\\/#\\\/schema\\\/logo\\\/image\\\/\",\"url\":\"https:\\\/\\\/www.babcock-wanson.com\\\/wp-content\\\/uploads\\\/2024\\\/02\\\/Babcock-Wanson-1200x1200-1.png\",\"contentUrl\":\"https:\\\/\\\/www.babcock-wanson.com\\\/wp-content\\\/uploads\\\/2024\\\/02\\\/Babcock-Wanson-1200x1200-1.png\",\"width\":1200,\"height\":1200,\"caption\":\"Babcock Wanson\"},\"image\":{\"@id\":\"https:\\\/\\\/www.babcock-wanson.com\\\/pl\\\/#\\\/schema\\\/logo\\\/image\\\/\"},\"sameAs\":[\"https:\\\/\\\/www.linkedin.com\\\/company\\\/babcock-wanson\\\/\",\"https:\\\/\\\/www.youtube.com\\\/channel\\\/UCtxl25VieBBsP2kYmtlyv7A\"]}]}<\/script>\n<!-- \/ Yoast SEO Premium plugin. -->","yoast_head_json":{"title":"Kocio\u0142 dwup\u0142omienicowy - Babcock Wanson","description":"Firma Babcock Wanson buduje swoje do\u015bwiadczenie w projektowaniu i produkcji kot\u0142\u00f3w podw\u00f3jnych od ponad 50 lat.","robots":{"index":"index","follow":"follow","max-snippet":"max-snippet:-1","max-image-preview":"max-image-preview:large","max-video-preview":"max-video-preview:-1"},"canonical":"https:\/\/www.babcock-wanson.com\/pl\/produkty\/kotly-plomienicowo-plomieniowkowe\/kociol-dwuplomienicowy\/","og_locale":"pl_PL","og_type":"article","og_title":"Kocio\u0142 dwup\u0142omienicowy","og_description":"Firma Babcock Wanson buduje swoje do\u015bwiadczenie w projektowaniu i produkcji kot\u0142\u00f3w podw\u00f3jnych od ponad 50 lat.","og_url":"https:\/\/www.babcock-wanson.com\/pl\/produkty\/kotly-plomienicowo-plomieniowkowe\/kociol-dwuplomienicowy\/","og_site_name":"Babcock Wanson","article_modified_time":"2025-04-15T15:51:37+00:00","og_image":[{"width":600,"height":400,"url":"https:\/\/www.babcock-wanson.com\/wp-content\/uploads\/2019\/03\/Chaudiere-bi-foyer-TwinPack-1.jpg","type":"image\/jpeg"}],"twitter_card":"summary_large_image","twitter_misc":{"Est. reading time":"4 minuty"},"schema":{"@context":"https:\/\/schema.org","@graph":[{"@type":"WebPage","@id":"https:\/\/www.babcock-wanson.com\/pl\/produkty\/kotly-plomienicowo-plomieniowkowe\/kociol-dwuplomienicowy\/","url":"https:\/\/www.babcock-wanson.com\/pl\/produkty\/kotly-plomienicowo-plomieniowkowe\/kociol-dwuplomienicowy\/","name":"Kocio\u0142 dwup\u0142omienicowy - Babcock Wanson","isPartOf":{"@id":"https:\/\/www.babcock-wanson.com\/pl\/#website"},"primaryImageOfPage":{"@id":"https:\/\/www.babcock-wanson.com\/pl\/produkty\/kotly-plomienicowo-plomieniowkowe\/kociol-dwuplomienicowy\/#primaryimage"},"image":{"@id":"https:\/\/www.babcock-wanson.com\/pl\/produkty\/kotly-plomienicowo-plomieniowkowe\/kociol-dwuplomienicowy\/#primaryimage"},"thumbnailUrl":"https:\/\/www.babcock-wanson.com\/wp-content\/uploads\/2019\/03\/Chaudiere-bi-foyer-TwinPack-1.jpg","datePublished":"2019-03-25T08:25:27+00:00","dateModified":"2025-04-15T15:51:37+00:00","description":"Firma Babcock Wanson buduje swoje do\u015bwiadczenie w projektowaniu i produkcji kot\u0142\u00f3w podw\u00f3jnych od ponad 50 lat.","breadcrumb":{"@id":"https:\/\/www.babcock-wanson.com\/pl\/produkty\/kotly-plomienicowo-plomieniowkowe\/kociol-dwuplomienicowy\/#breadcrumb"},"inLanguage":"pl-PL","potentialAction":[{"@type":"ReadAction","target":["https:\/\/www.babcock-wanson.com\/pl\/produkty\/kotly-plomienicowo-plomieniowkowe\/kociol-dwuplomienicowy\/"]}]},{"@type":"ImageObject","inLanguage":"pl-PL","@id":"https:\/\/www.babcock-wanson.com\/pl\/produkty\/kotly-plomienicowo-plomieniowkowe\/kociol-dwuplomienicowy\/#primaryimage","url":"https:\/\/www.babcock-wanson.com\/wp-content\/uploads\/2019\/03\/Chaudiere-bi-foyer-TwinPack-1.jpg","contentUrl":"https:\/\/www.babcock-wanson.com\/wp-content\/uploads\/2019\/03\/Chaudiere-bi-foyer-TwinPack-1.jpg","width":600,"height":400,"caption":"Chaudi\u00e8re bi-foyer TwinPack 1"},{"@type":"BreadcrumbList","@id":"https:\/\/www.babcock-wanson.com\/pl\/produkty\/kotly-plomienicowo-plomieniowkowe\/kociol-dwuplomienicowy\/#breadcrumb","itemListElement":[{"@type":"ListItem","position":1,"name":"Strona g\u0142\u00f3wna","item":"https:\/\/www.babcock-wanson.com\/pl\/"},{"@type":"ListItem","position":2,"name":"Produkty","item":"https:\/\/www.babcock-wanson.com\/pl\/shop\/"},{"@type":"ListItem","position":3,"name":"Kot\u0142y P\u0142omienicowo-P\u0142omieni\u00f3wkowe","item":"https:\/\/www.babcock-wanson.com\/pl\/kategoria-produktu\/kotly-plomienicowo-plomieniowkowe\/"},{"@type":"ListItem","position":4,"name":"Kocio\u0142 dwup\u0142omienicowy"}]},{"@type":"WebSite","@id":"https:\/\/www.babcock-wanson.com\/pl\/#website","url":"https:\/\/www.babcock-wanson.com\/pl\/","name":"Babcock Wanson","description":"","publisher":{"@id":"https:\/\/www.babcock-wanson.com\/pl\/#organization"},"potentialAction":[{"@type":"SearchAction","target":{"@type":"EntryPoint","urlTemplate":"https:\/\/www.babcock-wanson.com\/pl\/?s={search_term_string}"},"query-input":{"@type":"PropertyValueSpecification","valueRequired":true,"valueName":"search_term_string"}}],"inLanguage":"pl-PL"},{"@type":"Organization","@id":"https:\/\/www.babcock-wanson.com\/pl\/#organization","name":"Babcock Wanson","url":"https:\/\/www.babcock-wanson.com\/pl\/","logo":{"@type":"ImageObject","inLanguage":"pl-PL","@id":"https:\/\/www.babcock-wanson.com\/pl\/#\/schema\/logo\/image\/","url":"https:\/\/www.babcock-wanson.com\/wp-content\/uploads\/2024\/02\/Babcock-Wanson-1200x1200-1.png","contentUrl":"https:\/\/www.babcock-wanson.com\/wp-content\/uploads\/2024\/02\/Babcock-Wanson-1200x1200-1.png","width":1200,"height":1200,"caption":"Babcock Wanson"},"image":{"@id":"https:\/\/www.babcock-wanson.com\/pl\/#\/schema\/logo\/image\/"},"sameAs":["https:\/\/www.linkedin.com\/company\/babcock-wanson\/","https:\/\/www.youtube.com\/channel\/UCtxl25VieBBsP2kYmtlyv7A"]}]}},"jetpack_sharing_enabled":true,"_links":{"self":[{"href":"https:\/\/www.babcock-wanson.com\/pl\/wp-json\/wp\/v2\/product\/36418","targetHints":{"allow":["GET"]}}],"collection":[{"href":"https:\/\/www.babcock-wanson.com\/pl\/wp-json\/wp\/v2\/product"}],"about":[{"href":"https:\/\/www.babcock-wanson.com\/pl\/wp-json\/wp\/v2\/types\/product"}],"replies":[{"embeddable":true,"href":"https:\/\/www.babcock-wanson.com\/pl\/wp-json\/wp\/v2\/comments?post=36418"}],"wp:featuredmedia":[{"embeddable":true,"href":"https:\/\/www.babcock-wanson.com\/pl\/wp-json\/wp\/v2\/media\/38756"}],"wp:attachment":[{"href":"https:\/\/www.babcock-wanson.com\/pl\/wp-json\/wp\/v2\/media?parent=36418"}],"wp:term":[{"taxonomy":"product_brand","embeddable":true,"href":"https:\/\/www.babcock-wanson.com\/pl\/wp-json\/wp\/v2\/product_brand?post=36418"},{"taxonomy":"product_cat","embeddable":true,"href":"https:\/\/www.babcock-wanson.com\/pl\/wp-json\/wp\/v2\/product_cat?post=36418"},{"taxonomy":"product_tag","embeddable":true,"href":"https:\/\/www.babcock-wanson.com\/pl\/wp-json\/wp\/v2\/product_tag?post=36418"}],"curies":[{"name":"wp","href":"https:\/\/api.w.org\/{rel}","templated":true}]}}