{"id":36425,"date":"2018-08-15T10:39:48","date_gmt":"2018-08-15T09:39:48","guid":{"rendered":"https:\/\/www.babcock-wanson.com\/products\/bez-kategorii\/bwr-series\/"},"modified":"2021-11-08T01:05:44","modified_gmt":"2021-11-08T01:05:44","slug":"bwr","status":"publish","type":"product","link":"https:\/\/www.babcock-wanson.com\/pl\/produkty\/kotly-plomienicowo-plomieniowkowe\/bwr\/","title":{"rendered":"BWR"},"content":{"rendered":"<div class=\"vgblk-rw-wrapper limit-wrapper\">\r\n<h3>Niskie zu\u017cycie paliwa<\/h3>\r\n<ul>\r\n<li>Idealne dopasowanie korpusu kot\u0142a do palnika zapewnia niezawodn\u0105 i wydajn\u0105 prac\u0119. Wykorzystuj\u0105c <a href=\"https:\/\/www.babcock-wanson.com\/pl\/produkty\/systemy-odzysku-ciepla\/ekonomizer\/\" target=\"_blank\" rel=\"noopener\">ekonomizer<\/a> i <a href=\"https:\/\/www.babcock-wanson.com\/pl\/kategoria-produktu\/systemy-odzysku-ciepla\/\" target=\"_blank\" rel=\"noopener\">system odzysku ciep\u0142a<\/a> firmy Babcock Wanson, mo\u017cna osi\u0105gn\u0105\u0107 sprawno\u015b\u0107 powy\u017cej 98% (R-Eco) lub 105% (ekonomizer kondensacyjny).<\/li>\r\n<li>Sta\u0142a i wysoka sprawno\u015b\u0107 cieplna w ca\u0142ym zakresie p\u0142omienia. Cyfrowa kontrola mikro-modulacji oraz g\u0142owica palnika o kszta\u0142cie zaprojektowanym specjalnie z my\u015bl\u0105 o kotle serii BWR gwarantuj\u0105 wysoki wsp\u00f3\u0142czynnik skalowania, dok\u0142adn\u0105 kontrol\u0119 nadmiaru powietrza oraz najni\u017csze koszty eksploatacji.<\/li>\r\n<li>Dzi\u0119ki zastosowaniu regulatora pr\u0119dko\u015bci obrotowej zredukowano zu\u017cycie energii elektrycznej o 30\u201350%.<\/li>\r\n<\/ul>\r\n<h3>Obni\u017cone koszty eksploatacji<\/h3>\r\n<ul>\r\n<li>Solidna konstrukcja zapewniaj\u0105ca d\u0142ug\u0105 \u017cywotno\u015b\u0107<\/li>\r\n<li>Brak ryzyka wewn\u0119trznego zabrudzenia<\/li>\r\n<li>Komora nawrotna spalin jest w pe\u0142ni ch\u0142odzona wod\u0105, co zapewnia wysok\u0105 sprawno\u015b\u0107 i minimalne wymagania w zakresie konserwacji. \u0141atwy dost\u0119p do komory u\u0142atwia kontrole.<\/li>\r\n<\/ul>\r\n<h3>Dlaczego warto wybra\u0107 kocio\u0142 parowy BWR z rur\u0105 p\u0142omieniow\u0105?<\/h3>\r\n<ul>\r\n<li>Wysoka sprawno\u015b\u0107 &#8211; palniki o niskiej emisji NOx<\/li>\r\n<li>Wysokie wsp\u00f3\u0142czynniki skalowania wydajno\u015bci palnika<\/li>\r\n<li>\u0141atwy dost\u0119p u\u0142atwiaj\u0105cy konserwacj\u0119<\/li>\r\n<li>Solidna konstrukcja zapewniaj\u0105ca bardzo d\u0142ug\u0105 \u017cywotno\u015b\u0107<\/li>\r\n<li>Odzysk ciep\u0142a z gaz\u00f3w spalinowych<\/li>\r\n<li>Podgrzewacze powietrza do spalania<\/li>\r\n<li>Opcja zasilania paliwem podw\u00f3jnym i mieszanym<\/li>\r\n<li>Opcje korekty O2 i CO<\/li>\r\n<li>Prosta obs\u0142uga niewymagaj\u0105ca nadzoru<\/li>\r\n<li>Kompletne rozwi\u0105zania w zakresie system\u00f3w parowych<\/li>\r\n<\/ul>\r\n<h2>BWR &#8211; Kot\u0142y P\u0142omienicowo-P\u0142omieni\u00f3wkowe<\/h2>\r\n<table>\r\n<tbody>\r\n<tr>\r\n<th>BWR<\/th>\r\n<th>model<\/th>\r\n<th>100<\/th>\r\n<th>120<\/th>\r\n<th>150<\/th>\r\n<th>170<\/th>\r\n<th>210<\/th>\r\n<th>250<\/th>\r\n<th>270<\/th>\r\n<\/tr>\r\n<tr>\r\n<th>Produkcja pary (1)<\/th>\r\n<th>Kg\/h<\/th>\r\n<td>10000<\/td>\r\n<td>12000<\/td>\r\n<td>15000<\/td>\r\n<td>17000<\/td>\r\n<td>21000<\/td>\r\n<td>25000<\/td>\r\n<td>27000 (3)<\/td>\r\n<\/tr>\r\n<tr>\r\n<th>Moc wyj\u015bciowa (1)<\/th>\r\n<th>kW<\/th>\r\n<td>6545<\/td>\r\n<td>7862<\/td>\r\n<td>9827<\/td>\r\n<td>11136<\/td>\r\n<td>13754<\/td>\r\n<td>16372<\/td>\r\n<td>17685<\/td>\r\n<\/tr>\r\n<tr>\r\n<th>Szeroko\u015b\u0107 A (2)<\/th>\r\n<th>mm<\/th>\r\n<td>3820<\/td>\r\n<td>3020<\/td>\r\n<td>3175<\/td>\r\n<td>3525<\/td>\r\n<td>3800<\/td>\r\n<td>4200<\/td>\r\n<td>4500<\/td>\r\n<\/tr>\r\n<tr>\r\n<th>D\u0142ugo\u015b\u0107 B (2)<\/th>\r\n<th>mm<\/th>\r\n<td>8630<\/td>\r\n<td>10640<\/td>\r\n<td>10890<\/td>\r\n<td>11300<\/td>\r\n<td>12430<\/td>\r\n<td>13880<\/td>\r\n<td>14130<\/td>\r\n<\/tr>\r\n<tr>\r\n<th>Wysoko\u015b\u0107 C (2)<\/th>\r\n<th>mm<\/th>\r\n<td>3890<\/td>\r\n<td>4050<\/td>\r\n<td>4287<\/td>\r\n<td>4330<\/td>\r\n<td>4530<\/td>\r\n<td>4900<\/td>\r\n<td>5100<\/td>\r\n<\/tr>\r\n<tr>\r\n<th>Waga \u2013 ca\u0142owite nape\u0142nienie<\/th>\r\n<th>Kg<\/th>\r\n<td>39550<\/td>\r\n<td>45900<\/td>\r\n<td>49800<\/td>\r\n<td>57600<\/td>\r\n<td>74900<\/td>\r\n<td>80050<\/td>\r\n<td>92150<\/td>\r\n<\/tr>\r\n<\/tbody>\r\n<\/table>\r\n<p>(1) Przy ci\u015bnieniu 15 barg i temperaturze wody zasilaj\u0105cej 105\u00b0C.<\/p>\r\n<p>(2) OWymiary og\u00f3lne wraz z palnikiem i osprz\u0119tem.<\/p>\r\n<p>(3) Produkcja pary 30 000 kg\/h jest osi\u0105galna wraz z ekonomizerem przy odpowiednich warunkach pracy.<\/p>\r\n<\/div><!-- .vgblk-rw-wrapper -->","protected":false},"excerpt":{"rendered":"<p><strong>Wydajno\u015b\u0107 od 10 000 do 30 000 kg\/godz. pary.<\/strong> <br \/><a href=\"https:\/\/www.babcock-wanson.com\/pl\/kategoria-produktu\/kotly-plomienicowo-plomieniowkowe\/\" target=\"_blank\" rel=\"noopener\">Kot\u0142y p\u0142omieni\u00f3wkowe<\/a> BWR charakteryzuj\u0105 si\u0119 tr\u00f3jobiegow\u0105 konstrukcj\u0105 oraz rurow\u0105 komor\u0105 nawrotn\u0105 spalin. Ta sprawdzona cecha, specyficzna dla kot\u0142\u00f3w Babcock Wanson, poprawia cyrkulacj\u0119 wody, znacznie zmniejszaj\u0105c ryzyko wewn\u0119trznego zanieczyszczenia (gromadzenia si\u0119 osadu na dnie kot\u0142a). Pr\u0119ty \u0142\u0105cz\u0105ce pieca nie s\u0105 wymagane, a r\u00f3wnomierna rozszerzalno\u015b\u0107 \u015bciany kot\u0142a zapewnia elastyczno\u015b\u0107, kt\u00f3ra pozwala sprosta\u0107 du\u017cym zmianom obci\u0105\u017cenia par\u0105 przy minimalnym obci\u0105\u017ceniu roboczym. Wysokiej jako\u015bci sucha para jest zapewniona dzi\u0119ki du\u017cej przestrzeni na par\u0119 i zintegrowanemu separatorowi.<\/p>\n","protected":false},"featured_media":36429,"comment_status":"closed","ping_status":"closed","template":"","meta":{"_acf_changed":false,"_relevanssi_hide_post":"","_relevanssi_hide_content":"","_relevanssi_pin_for_all":"","_relevanssi_pin_keywords":"","_relevanssi_unpin_keywords":"","_relevanssi_related_keywords":"","_relevanssi_related_include_ids":"","_relevanssi_related_exclude_ids":"","_relevanssi_related_no_append":"","_relevanssi_related_not_related":"","_relevanssi_related_posts":"","_relevanssi_noindex_reason":""},"product_brand":[],"product_cat":[6404,6413],"product_tag":[],"class_list":{"0":"post-36425","1":"product","2":"type-product","3":"status-publish","4":"has-post-thumbnail","6":"product_cat-kotly-parowe","7":"product_cat-kotly-plomienicowo-plomieniowkowe","9":"first","10":"instock","11":"shipping-taxable","12":"product-type-simple"},"acf":[],"yoast_head":"<!-- This site is optimized with the Yoast SEO Premium plugin v27.4 (Yoast SEO v27.4) - https:\/\/yoast.com\/product\/yoast-seo-premium-wordpress\/ -->\n<title>BWR Series Fire Tube Steam Boilers<\/title>\n<meta name=\"description\" content=\"Kot\u0142y p\u0142omieni\u00f3wkowe BWR charakteryzuj\u0105 si\u0119 tr\u00f3jobiegow\u0105 konstrukcj\u0105 oraz rurow\u0105 komor\u0105 nawrotn\u0105 spalin.\" \/>\n<meta name=\"robots\" content=\"index, follow, max-snippet:-1, max-image-preview:large, max-video-preview:-1\" \/>\n<link rel=\"canonical\" href=\"https:\/\/www.babcock-wanson.com\/pl\/produkty\/kotly-plomienicowo-plomieniowkowe\/bwr\/\" \/>\n<meta property=\"og:locale\" content=\"pl_PL\" \/>\n<meta property=\"og:type\" content=\"article\" \/>\n<meta property=\"og:title\" content=\"BWR\" \/>\n<meta property=\"og:description\" content=\"Kot\u0142y p\u0142omieni\u00f3wkowe BWR charakteryzuj\u0105 si\u0119 tr\u00f3jobiegow\u0105 konstrukcj\u0105 oraz rurow\u0105 komor\u0105 nawrotn\u0105 spalin.\" \/>\n<meta property=\"og:url\" content=\"https:\/\/www.babcock-wanson.com\/pl\/produkty\/kotly-plomienicowo-plomieniowkowe\/bwr\/\" \/>\n<meta property=\"og:site_name\" content=\"Babcock Wanson\" \/>\n<meta property=\"article:modified_time\" content=\"2021-11-08T01:05:44+00:00\" \/>\n<meta property=\"og:image\" content=\"https:\/\/www.babcock-wanson.com\/wp-content\/uploads\/2018\/08\/BWR-Fire-Tube-Boilers-2.png\" \/>\n\t<meta property=\"og:image:width\" content=\"600\" \/>\n\t<meta property=\"og:image:height\" content=\"400\" \/>\n\t<meta property=\"og:image:type\" content=\"image\/png\" \/>\n<meta name=\"twitter:card\" content=\"summary_large_image\" \/>\n<meta name=\"twitter:label1\" content=\"Est. reading time\" \/>\n\t<meta name=\"twitter:data1\" content=\"2 minuty\" \/>\n<script type=\"application\/ld+json\" class=\"yoast-schema-graph\">{\"@context\":\"https:\\\/\\\/schema.org\",\"@graph\":[{\"@type\":\"WebPage\",\"@id\":\"https:\\\/\\\/www.babcock-wanson.com\\\/pl\\\/produkty\\\/kotly-plomienicowo-plomieniowkowe\\\/bwr\\\/\",\"url\":\"https:\\\/\\\/www.babcock-wanson.com\\\/pl\\\/produkty\\\/kotly-plomienicowo-plomieniowkowe\\\/bwr\\\/\",\"name\":\"BWR Series Fire Tube Steam Boilers\",\"isPartOf\":{\"@id\":\"https:\\\/\\\/www.babcock-wanson.com\\\/pl\\\/#website\"},\"primaryImageOfPage\":{\"@id\":\"https:\\\/\\\/www.babcock-wanson.com\\\/pl\\\/produkty\\\/kotly-plomienicowo-plomieniowkowe\\\/bwr\\\/#primaryimage\"},\"image\":{\"@id\":\"https:\\\/\\\/www.babcock-wanson.com\\\/pl\\\/produkty\\\/kotly-plomienicowo-plomieniowkowe\\\/bwr\\\/#primaryimage\"},\"thumbnailUrl\":\"https:\\\/\\\/www.babcock-wanson.com\\\/wp-content\\\/uploads\\\/2018\\\/08\\\/BWR-Fire-Tube-Boilers-2.png\",\"datePublished\":\"2018-08-15T09:39:48+00:00\",\"dateModified\":\"2021-11-08T01:05:44+00:00\",\"description\":\"Kot\u0142y p\u0142omieni\u00f3wkowe BWR charakteryzuj\u0105 si\u0119 tr\u00f3jobiegow\u0105 konstrukcj\u0105 oraz rurow\u0105 komor\u0105 nawrotn\u0105 spalin.\",\"breadcrumb\":{\"@id\":\"https:\\\/\\\/www.babcock-wanson.com\\\/pl\\\/produkty\\\/kotly-plomienicowo-plomieniowkowe\\\/bwr\\\/#breadcrumb\"},\"inLanguage\":\"pl-PL\",\"potentialAction\":[{\"@type\":\"ReadAction\",\"target\":[\"https:\\\/\\\/www.babcock-wanson.com\\\/pl\\\/produkty\\\/kotly-plomienicowo-plomieniowkowe\\\/bwr\\\/\"]}]},{\"@type\":\"ImageObject\",\"inLanguage\":\"pl-PL\",\"@id\":\"https:\\\/\\\/www.babcock-wanson.com\\\/pl\\\/produkty\\\/kotly-plomienicowo-plomieniowkowe\\\/bwr\\\/#primaryimage\",\"url\":\"https:\\\/\\\/www.babcock-wanson.com\\\/wp-content\\\/uploads\\\/2018\\\/08\\\/BWR-Fire-Tube-Boilers-2.png\",\"contentUrl\":\"https:\\\/\\\/www.babcock-wanson.com\\\/wp-content\\\/uploads\\\/2018\\\/08\\\/BWR-Fire-Tube-Boilers-2.png\",\"width\":600,\"height\":400},{\"@type\":\"BreadcrumbList\",\"@id\":\"https:\\\/\\\/www.babcock-wanson.com\\\/pl\\\/produkty\\\/kotly-plomienicowo-plomieniowkowe\\\/bwr\\\/#breadcrumb\",\"itemListElement\":[{\"@type\":\"ListItem\",\"position\":1,\"name\":\"Strona g\u0142\u00f3wna\",\"item\":\"https:\\\/\\\/www.babcock-wanson.com\\\/pl\\\/\"},{\"@type\":\"ListItem\",\"position\":2,\"name\":\"Produkty\",\"item\":\"https:\\\/\\\/www.babcock-wanson.com\\\/pl\\\/shop\\\/\"},{\"@type\":\"ListItem\",\"position\":3,\"name\":\"Kot\u0142y P\u0142omienicowo-P\u0142omieni\u00f3wkowe\",\"item\":\"https:\\\/\\\/www.babcock-wanson.com\\\/pl\\\/kategoria-produktu\\\/kotly-plomienicowo-plomieniowkowe\\\/\"},{\"@type\":\"ListItem\",\"position\":4,\"name\":\"BWR\"}]},{\"@type\":\"WebSite\",\"@id\":\"https:\\\/\\\/www.babcock-wanson.com\\\/pl\\\/#website\",\"url\":\"https:\\\/\\\/www.babcock-wanson.com\\\/pl\\\/\",\"name\":\"Babcock Wanson\",\"description\":\"\",\"publisher\":{\"@id\":\"https:\\\/\\\/www.babcock-wanson.com\\\/pl\\\/#organization\"},\"potentialAction\":[{\"@type\":\"SearchAction\",\"target\":{\"@type\":\"EntryPoint\",\"urlTemplate\":\"https:\\\/\\\/www.babcock-wanson.com\\\/pl\\\/?s={search_term_string}\"},\"query-input\":{\"@type\":\"PropertyValueSpecification\",\"valueRequired\":true,\"valueName\":\"search_term_string\"}}],\"inLanguage\":\"pl-PL\"},{\"@type\":\"Organization\",\"@id\":\"https:\\\/\\\/www.babcock-wanson.com\\\/pl\\\/#organization\",\"name\":\"Babcock Wanson\",\"url\":\"https:\\\/\\\/www.babcock-wanson.com\\\/pl\\\/\",\"logo\":{\"@type\":\"ImageObject\",\"inLanguage\":\"pl-PL\",\"@id\":\"https:\\\/\\\/www.babcock-wanson.com\\\/pl\\\/#\\\/schema\\\/logo\\\/image\\\/\",\"url\":\"https:\\\/\\\/www.babcock-wanson.com\\\/wp-content\\\/uploads\\\/2024\\\/02\\\/Babcock-Wanson-1200x1200-1.png\",\"contentUrl\":\"https:\\\/\\\/www.babcock-wanson.com\\\/wp-content\\\/uploads\\\/2024\\\/02\\\/Babcock-Wanson-1200x1200-1.png\",\"width\":1200,\"height\":1200,\"caption\":\"Babcock Wanson\"},\"image\":{\"@id\":\"https:\\\/\\\/www.babcock-wanson.com\\\/pl\\\/#\\\/schema\\\/logo\\\/image\\\/\"},\"sameAs\":[\"https:\\\/\\\/www.linkedin.com\\\/company\\\/babcock-wanson\\\/\",\"https:\\\/\\\/www.youtube.com\\\/channel\\\/UCtxl25VieBBsP2kYmtlyv7A\"]}]}<\/script>\n<!-- \/ Yoast SEO Premium plugin. -->","yoast_head_json":{"title":"BWR Series Fire Tube Steam Boilers","description":"Kot\u0142y p\u0142omieni\u00f3wkowe BWR charakteryzuj\u0105 si\u0119 tr\u00f3jobiegow\u0105 konstrukcj\u0105 oraz rurow\u0105 komor\u0105 nawrotn\u0105 spalin.","robots":{"index":"index","follow":"follow","max-snippet":"max-snippet:-1","max-image-preview":"max-image-preview:large","max-video-preview":"max-video-preview:-1"},"canonical":"https:\/\/www.babcock-wanson.com\/pl\/produkty\/kotly-plomienicowo-plomieniowkowe\/bwr\/","og_locale":"pl_PL","og_type":"article","og_title":"BWR","og_description":"Kot\u0142y p\u0142omieni\u00f3wkowe BWR charakteryzuj\u0105 si\u0119 tr\u00f3jobiegow\u0105 konstrukcj\u0105 oraz rurow\u0105 komor\u0105 nawrotn\u0105 spalin.","og_url":"https:\/\/www.babcock-wanson.com\/pl\/produkty\/kotly-plomienicowo-plomieniowkowe\/bwr\/","og_site_name":"Babcock Wanson","article_modified_time":"2021-11-08T01:05:44+00:00","og_image":[{"width":600,"height":400,"url":"https:\/\/www.babcock-wanson.com\/wp-content\/uploads\/2018\/08\/BWR-Fire-Tube-Boilers-2.png","type":"image\/png"}],"twitter_card":"summary_large_image","twitter_misc":{"Est. reading time":"2 minuty"},"schema":{"@context":"https:\/\/schema.org","@graph":[{"@type":"WebPage","@id":"https:\/\/www.babcock-wanson.com\/pl\/produkty\/kotly-plomienicowo-plomieniowkowe\/bwr\/","url":"https:\/\/www.babcock-wanson.com\/pl\/produkty\/kotly-plomienicowo-plomieniowkowe\/bwr\/","name":"BWR Series Fire Tube Steam Boilers","isPartOf":{"@id":"https:\/\/www.babcock-wanson.com\/pl\/#website"},"primaryImageOfPage":{"@id":"https:\/\/www.babcock-wanson.com\/pl\/produkty\/kotly-plomienicowo-plomieniowkowe\/bwr\/#primaryimage"},"image":{"@id":"https:\/\/www.babcock-wanson.com\/pl\/produkty\/kotly-plomienicowo-plomieniowkowe\/bwr\/#primaryimage"},"thumbnailUrl":"https:\/\/www.babcock-wanson.com\/wp-content\/uploads\/2018\/08\/BWR-Fire-Tube-Boilers-2.png","datePublished":"2018-08-15T09:39:48+00:00","dateModified":"2021-11-08T01:05:44+00:00","description":"Kot\u0142y p\u0142omieni\u00f3wkowe BWR charakteryzuj\u0105 si\u0119 tr\u00f3jobiegow\u0105 konstrukcj\u0105 oraz rurow\u0105 komor\u0105 nawrotn\u0105 spalin.","breadcrumb":{"@id":"https:\/\/www.babcock-wanson.com\/pl\/produkty\/kotly-plomienicowo-plomieniowkowe\/bwr\/#breadcrumb"},"inLanguage":"pl-PL","potentialAction":[{"@type":"ReadAction","target":["https:\/\/www.babcock-wanson.com\/pl\/produkty\/kotly-plomienicowo-plomieniowkowe\/bwr\/"]}]},{"@type":"ImageObject","inLanguage":"pl-PL","@id":"https:\/\/www.babcock-wanson.com\/pl\/produkty\/kotly-plomienicowo-plomieniowkowe\/bwr\/#primaryimage","url":"https:\/\/www.babcock-wanson.com\/wp-content\/uploads\/2018\/08\/BWR-Fire-Tube-Boilers-2.png","contentUrl":"https:\/\/www.babcock-wanson.com\/wp-content\/uploads\/2018\/08\/BWR-Fire-Tube-Boilers-2.png","width":600,"height":400},{"@type":"BreadcrumbList","@id":"https:\/\/www.babcock-wanson.com\/pl\/produkty\/kotly-plomienicowo-plomieniowkowe\/bwr\/#breadcrumb","itemListElement":[{"@type":"ListItem","position":1,"name":"Strona g\u0142\u00f3wna","item":"https:\/\/www.babcock-wanson.com\/pl\/"},{"@type":"ListItem","position":2,"name":"Produkty","item":"https:\/\/www.babcock-wanson.com\/pl\/shop\/"},{"@type":"ListItem","position":3,"name":"Kot\u0142y P\u0142omienicowo-P\u0142omieni\u00f3wkowe","item":"https:\/\/www.babcock-wanson.com\/pl\/kategoria-produktu\/kotly-plomienicowo-plomieniowkowe\/"},{"@type":"ListItem","position":4,"name":"BWR"}]},{"@type":"WebSite","@id":"https:\/\/www.babcock-wanson.com\/pl\/#website","url":"https:\/\/www.babcock-wanson.com\/pl\/","name":"Babcock Wanson","description":"","publisher":{"@id":"https:\/\/www.babcock-wanson.com\/pl\/#organization"},"potentialAction":[{"@type":"SearchAction","target":{"@type":"EntryPoint","urlTemplate":"https:\/\/www.babcock-wanson.com\/pl\/?s={search_term_string}"},"query-input":{"@type":"PropertyValueSpecification","valueRequired":true,"valueName":"search_term_string"}}],"inLanguage":"pl-PL"},{"@type":"Organization","@id":"https:\/\/www.babcock-wanson.com\/pl\/#organization","name":"Babcock Wanson","url":"https:\/\/www.babcock-wanson.com\/pl\/","logo":{"@type":"ImageObject","inLanguage":"pl-PL","@id":"https:\/\/www.babcock-wanson.com\/pl\/#\/schema\/logo\/image\/","url":"https:\/\/www.babcock-wanson.com\/wp-content\/uploads\/2024\/02\/Babcock-Wanson-1200x1200-1.png","contentUrl":"https:\/\/www.babcock-wanson.com\/wp-content\/uploads\/2024\/02\/Babcock-Wanson-1200x1200-1.png","width":1200,"height":1200,"caption":"Babcock Wanson"},"image":{"@id":"https:\/\/www.babcock-wanson.com\/pl\/#\/schema\/logo\/image\/"},"sameAs":["https:\/\/www.linkedin.com\/company\/babcock-wanson\/","https:\/\/www.youtube.com\/channel\/UCtxl25VieBBsP2kYmtlyv7A"]}]}},"jetpack_sharing_enabled":true,"_links":{"self":[{"href":"https:\/\/www.babcock-wanson.com\/pl\/wp-json\/wp\/v2\/product\/36425","targetHints":{"allow":["GET"]}}],"collection":[{"href":"https:\/\/www.babcock-wanson.com\/pl\/wp-json\/wp\/v2\/product"}],"about":[{"href":"https:\/\/www.babcock-wanson.com\/pl\/wp-json\/wp\/v2\/types\/product"}],"replies":[{"embeddable":true,"href":"https:\/\/www.babcock-wanson.com\/pl\/wp-json\/wp\/v2\/comments?post=36425"}],"wp:featuredmedia":[{"embeddable":true,"href":"https:\/\/www.babcock-wanson.com\/pl\/wp-json\/wp\/v2\/media\/36429"}],"wp:attachment":[{"href":"https:\/\/www.babcock-wanson.com\/pl\/wp-json\/wp\/v2\/media?parent=36425"}],"wp:term":[{"taxonomy":"product_brand","embeddable":true,"href":"https:\/\/www.babcock-wanson.com\/pl\/wp-json\/wp\/v2\/product_brand?post=36425"},{"taxonomy":"product_cat","embeddable":true,"href":"https:\/\/www.babcock-wanson.com\/pl\/wp-json\/wp\/v2\/product_cat?post=36425"},{"taxonomy":"product_tag","embeddable":true,"href":"https:\/\/www.babcock-wanson.com\/pl\/wp-json\/wp\/v2\/product_tag?post=36425"}],"curies":[{"name":"wp","href":"https:\/\/api.w.org\/{rel}","templated":true}]}}