{"id":36434,"date":"2018-08-15T10:32:59","date_gmt":"2018-08-15T09:32:59","guid":{"rendered":"https:\/\/www.babcock-wanson.com\/products\/bez-kategorii\/nbwb-series\/"},"modified":"2021-11-08T01:44:57","modified_gmt":"2021-11-08T01:44:57","slug":"nbwb","status":"publish","type":"product","link":"https:\/\/www.babcock-wanson.com\/pl\/produkty\/kotly-plomienicowo-plomieniowkowe\/nbwb\/","title":{"rendered":"NBWB"},"content":{"rendered":"<div class=\"vgblk-rw-wrapper limit-wrapper\">\r\n<h3>Niskie zu\u017cycie paliwa<\/h3>\r\n<ul>\r\n<li>W\u00a0pe\u0142ni zoptymalizowana i\u00a0bardzo wydajna standardowa konstrukcja wykorzystuje spiralne pier\u015bcienie p\u0142omieni\u00f3wkowe, kt\u00f3re wprawiaj\u0105 spaliny w\u00a0ruch wirowy.<\/li>\r\n<li>W\u00a0przypadku doposa\u017cenia kot\u0142a w\u00a0ekonomizer i\u00a0<a href=\"https:\/\/www.babcock-wanson.com\/pl\/kategoria-produktu\/systemy-odzysku-ciepla\/\" target=\"_blank\" rel=\"noopener\">system odzysku ciep\u0142a<\/a> firmy Babcock Wanson mo\u017cna osi\u0105gn\u0105\u0107 efektywno\u015b\u0107 na poziomie co najmniej 95%.<\/li>\r\n<li>Je\u015bli jest to wymagane, zu\u017cycie energii elektrycznej mo\u017cna zmniejszy\u0107 o\u00a030\u201350% poprzez zastosowanie regulatora obrot\u00f3w wentylatora powietrza do spalania i\u00a0pompy wody zasilaj\u0105cej.<\/li>\r\n<\/ul>\r\n<h3>Obni\u017cone koszty eksploatacji<\/h3>\r\n<ul>\r\n<li>Solidna konstrukcja zapewniaj\u0105ca d\u0142ug\u0105 \u017cywotno\u015b\u0107<\/li>\r\n<li>\u0141atwy dost\u0119p upraszcza przegl\u0105dy i\u00a0konserwacj\u0119.<\/li>\r\n<li>Opcje aparatury obejmuj\u0105 sterowanie i\u00a0oprzyrz\u0105dowanie dla eksploatacji pe\u0142noza\u0142ogowej, nadzorowanej oraz bezobs\u0142ugowej, co pozwala uzyska\u0107 ekonomiczn\u0105 prac\u0119 i\u00a0\u0142atw\u0105 obs\u0142ug\u0119.<\/li>\r\n<\/ul>\r\n<h3>Dlaczego warto wybra\u0107 kocio\u0142 parowy NBWB z\u00a0rur\u0105 p\u0142omieniow\u0105?<\/h3>\r\n<ul>\r\n<li>Wysoka sprawno\u015b\u0107 &#8211; palniki o\u00a0niskiej emisji\u00a0NOx<\/li>\r\n<li>Wysoki wsp\u00f3\u0142czynnik skalowania wydajno\u015bci palnika<\/li>\r\n<li>\u0141atwy dost\u0119p u\u0142atwiaj\u0105cy konserwacj\u0119<\/li>\r\n<li>Solidna konstrukcja zapewniaj\u0105ca bardzo d\u0142ug\u0105 \u017cywotno\u015b\u0107<\/li>\r\n<li><a href=\"https:\/\/www.babcock-wanson.com\/pl\/produkty\/systemy-odzysku-ciepla\/ekonomizer\/\" target=\"_blank\" rel=\"noopener\">Ekonomizery gaz\u00f3w spalinowych<\/a><\/li>\r\n<li>Opcja zasilania gazem ziemnym, gazem LPG lub lekkim olejem<\/li>\r\n<li>Palniki dwupaliwowe<\/li>\r\n<li>Opcje korekty O2 i\u00a0CO<\/li>\r\n<li>Prosta obs\u0142uga niewymagaj\u0105ca nadzoru<\/li>\r\n<li>Kompletne rozwi\u0105zanie w\u00a0zakresie system\u00f3w parowych<\/li>\r\n<\/ul>\r\n<h2>NBWB &#8211; Kot\u0142y P\u0142omienicowo-P\u0142omieni\u00f3wkowe<\/h2>\r\n<table>\r\n<tbody>\r\n<tr>\r\n<th>NBWB<\/th>\r\n<th>model<\/th>\r\n<th>25<\/th>\r\n<th>43<\/th>\r\n<th>65<\/th>\r\n<th>100<\/th>\r\n<th>150<\/th>\r\n<th>200<\/th>\r\n<th>250<\/th>\r\n<\/tr>\r\n<tr>\r\n<th>Produkcja pary (1)<\/th>\r\n<th>Kg\/h<\/th>\r\n<td>250<\/td>\r\n<td>430<\/td>\r\n<td>650<\/td>\r\n<td>1000<\/td>\r\n<td>1500<\/td>\r\n<td>2000<\/td>\r\n<td>2500<\/td>\r\n<\/tr>\r\n<tr>\r\n<th>Moc wyj\u015bciowa (1)<\/th>\r\n<th>kW<\/th>\r\n<td>176<\/td>\r\n<td>303<\/td>\r\n<td>457<\/td>\r\n<td>703<\/td>\r\n<td>1055<\/td>\r\n<td>1407<\/td>\r\n<td>1758<\/td>\r\n<\/tr>\r\n<tr>\r\n<th>Szeroko\u015b\u0107 A (2)<\/th>\r\n<th>mm<\/th>\r\n<td>1390<\/td>\r\n<td>1470<\/td>\r\n<td>1520<\/td>\r\n<td>1680<\/td>\r\n<td>1750<\/td>\r\n<td>1790<\/td>\r\n<td>1950<\/td>\r\n<\/tr>\r\n<tr>\r\n<th>D\u0142ugo\u015b\u0107 B (2)<\/th>\r\n<th>mm<\/th>\r\n<td>3090<\/td>\r\n<td>3280<\/td>\r\n<td>3380<\/td>\r\n<td>4240<\/td>\r\n<td>4300<\/td>\r\n<td>4710<\/td>\r\n<td>4980<\/td>\r\n<\/tr>\r\n<tr>\r\n<th>Wysoko\u015b\u0107 C (2)<\/th>\r\n<th>mm<\/th>\r\n<td>1640<\/td>\r\n<td>1730<\/td>\r\n<td>1800<\/td>\r\n<td>1980<\/td>\r\n<td>2070<\/td>\r\n<td>220<\/td>\r\n<td>2270<\/td>\r\n<\/tr>\r\n<tr>\r\n<th>Waga \u2013 ca\u0142owite nape\u0142nienie<\/th>\r\n<th>Kg<\/th>\r\n<td>2300<\/td>\r\n<td>2820<\/td>\r\n<td>3250<\/td>\r\n<td>5070<\/td>\r\n<td>5870<\/td>\r\n<td>6870<\/td>\r\n<td>7470<\/td>\r\n<\/tr>\r\n<\/tbody>\r\n<\/table>\r\n<p>(1) Przy ci\u015bnieniu 10 barg i temperaturze wody zasilaj\u0105cej 60\u00b0C.<\/p>\r\n<p>(2) Wymiary og\u00f3lne wraz z palnikiem i osprz\u0119tem.<\/p>\r\n<\/div><!-- .vgblk-rw-wrapper -->","protected":false},"excerpt":{"rendered":"<p><strong>Wydajno\u015b\u0107 od 250 do 2500 kg\/godz pary.<\/strong> <br \/><a href=\"https:\/\/www.babcock-wanson.com\/pl\/kategoria-produktu\/kotly-plomienicowo-plomieniowkowe\/\" target=\"_blank\" rel=\"noopener\">Kot\u0142y parowe p\u0142omieni\u00f3wkowe<\/a> serii NBWB zapewniaj\u0105 u\u017cytkownikom wysokiej jako\u015bci such\u0105 par\u0119 o wydajno\u015bci do 2500 kg\/godz., a tak\u017ce niskie zu\u017cycie paliwa i niskie koszty eksploatacji.<\/p>\n","protected":false},"featured_media":35598,"comment_status":"closed","ping_status":"closed","template":"","meta":{"_acf_changed":false,"_relevanssi_hide_post":"","_relevanssi_hide_content":"","_relevanssi_pin_for_all":"","_relevanssi_pin_keywords":"","_relevanssi_unpin_keywords":"","_relevanssi_related_keywords":"","_relevanssi_related_include_ids":"","_relevanssi_related_exclude_ids":"","_relevanssi_related_no_append":"","_relevanssi_related_not_related":"","_relevanssi_related_posts":"","_relevanssi_noindex_reason":""},"product_brand":[],"product_cat":[6404,6413],"product_tag":[],"class_list":{"0":"post-36434","1":"product","2":"type-product","3":"status-publish","4":"has-post-thumbnail","6":"product_cat-kotly-parowe","7":"product_cat-kotly-plomienicowo-plomieniowkowe","9":"first","10":"instock","11":"shipping-taxable","12":"product-type-simple"},"acf":[],"yoast_head":"<!-- This site is optimized with the Yoast SEO Premium plugin v27.4 (Yoast SEO v27.4) - https:\/\/yoast.com\/product\/yoast-seo-premium-wordpress\/ -->\n<title>NBWB Series Fire Tube Steam Boilers<\/title>\n<meta name=\"description\" content=\"Kot\u0142y parowe p\u0142omieni\u00f3wkowe serii NBWB zapewniaj\u0105 u\u017cytkownikom wysokiej jako\u015bci such\u0105 par\u0119 o wydajno\u015bci do 2500 kg\/godz., a tak\u017ce niskie zu\u017cycie paliwa i niskie koszty eksploatacji.\" \/>\n<meta name=\"robots\" content=\"index, follow, max-snippet:-1, max-image-preview:large, max-video-preview:-1\" \/>\n<link rel=\"canonical\" href=\"https:\/\/www.babcock-wanson.com\/pl\/produkty\/kotly-plomienicowo-plomieniowkowe\/nbwb\/\" \/>\n<meta property=\"og:locale\" content=\"pl_PL\" \/>\n<meta property=\"og:type\" content=\"article\" \/>\n<meta property=\"og:title\" content=\"NBWB\" \/>\n<meta property=\"og:description\" content=\"Kot\u0142y parowe p\u0142omieni\u00f3wkowe serii NBWB zapewniaj\u0105 u\u017cytkownikom wysokiej jako\u015bci such\u0105 par\u0119 o wydajno\u015bci do 2500 kg\/godz., a tak\u017ce niskie zu\u017cycie paliwa i niskie koszty eksploatacji.\" \/>\n<meta property=\"og:url\" content=\"https:\/\/www.babcock-wanson.com\/pl\/produkty\/kotly-plomienicowo-plomieniowkowe\/nbwb\/\" \/>\n<meta property=\"og:site_name\" content=\"Babcock Wanson\" \/>\n<meta property=\"article:modified_time\" content=\"2021-11-08T01:44:57+00:00\" \/>\n<meta property=\"og:image\" content=\"https:\/\/www.babcock-wanson.com\/wp-content\/uploads\/2018\/08\/NBWB-Fire-Tube-Boiler-3.png\" \/>\n\t<meta property=\"og:image:width\" content=\"600\" \/>\n\t<meta property=\"og:image:height\" content=\"400\" \/>\n\t<meta property=\"og:image:type\" content=\"image\/png\" \/>\n<meta name=\"twitter:card\" content=\"summary_large_image\" \/>\n<meta name=\"twitter:label1\" content=\"Est. reading time\" \/>\n\t<meta name=\"twitter:data1\" content=\"2 minuty\" \/>\n<script type=\"application\/ld+json\" class=\"yoast-schema-graph\">{\"@context\":\"https:\\\/\\\/schema.org\",\"@graph\":[{\"@type\":\"WebPage\",\"@id\":\"https:\\\/\\\/www.babcock-wanson.com\\\/pl\\\/produkty\\\/kotly-plomienicowo-plomieniowkowe\\\/nbwb\\\/\",\"url\":\"https:\\\/\\\/www.babcock-wanson.com\\\/pl\\\/produkty\\\/kotly-plomienicowo-plomieniowkowe\\\/nbwb\\\/\",\"name\":\"NBWB Series Fire Tube Steam Boilers\",\"isPartOf\":{\"@id\":\"https:\\\/\\\/www.babcock-wanson.com\\\/pl\\\/#website\"},\"primaryImageOfPage\":{\"@id\":\"https:\\\/\\\/www.babcock-wanson.com\\\/pl\\\/produkty\\\/kotly-plomienicowo-plomieniowkowe\\\/nbwb\\\/#primaryimage\"},\"image\":{\"@id\":\"https:\\\/\\\/www.babcock-wanson.com\\\/pl\\\/produkty\\\/kotly-plomienicowo-plomieniowkowe\\\/nbwb\\\/#primaryimage\"},\"thumbnailUrl\":\"https:\\\/\\\/www.babcock-wanson.com\\\/wp-content\\\/uploads\\\/2018\\\/08\\\/NBWB-Fire-Tube-Boiler-3.png\",\"datePublished\":\"2018-08-15T09:32:59+00:00\",\"dateModified\":\"2021-11-08T01:44:57+00:00\",\"description\":\"Kot\u0142y parowe p\u0142omieni\u00f3wkowe serii NBWB zapewniaj\u0105 u\u017cytkownikom wysokiej jako\u015bci such\u0105 par\u0119 o wydajno\u015bci do 2500 kg\\\/godz., a tak\u017ce niskie zu\u017cycie paliwa i niskie koszty eksploatacji.\",\"breadcrumb\":{\"@id\":\"https:\\\/\\\/www.babcock-wanson.com\\\/pl\\\/produkty\\\/kotly-plomienicowo-plomieniowkowe\\\/nbwb\\\/#breadcrumb\"},\"inLanguage\":\"pl-PL\",\"potentialAction\":[{\"@type\":\"ReadAction\",\"target\":[\"https:\\\/\\\/www.babcock-wanson.com\\\/pl\\\/produkty\\\/kotly-plomienicowo-plomieniowkowe\\\/nbwb\\\/\"]}]},{\"@type\":\"ImageObject\",\"inLanguage\":\"pl-PL\",\"@id\":\"https:\\\/\\\/www.babcock-wanson.com\\\/pl\\\/produkty\\\/kotly-plomienicowo-plomieniowkowe\\\/nbwb\\\/#primaryimage\",\"url\":\"https:\\\/\\\/www.babcock-wanson.com\\\/wp-content\\\/uploads\\\/2018\\\/08\\\/NBWB-Fire-Tube-Boiler-3.png\",\"contentUrl\":\"https:\\\/\\\/www.babcock-wanson.com\\\/wp-content\\\/uploads\\\/2018\\\/08\\\/NBWB-Fire-Tube-Boiler-3.png\",\"width\":600,\"height\":400,\"caption\":\"NBWB Kot\u0142y P\u0142omienicowo-P\u0142omieni\u00f3wkowe\"},{\"@type\":\"BreadcrumbList\",\"@id\":\"https:\\\/\\\/www.babcock-wanson.com\\\/pl\\\/produkty\\\/kotly-plomienicowo-plomieniowkowe\\\/nbwb\\\/#breadcrumb\",\"itemListElement\":[{\"@type\":\"ListItem\",\"position\":1,\"name\":\"Strona g\u0142\u00f3wna\",\"item\":\"https:\\\/\\\/www.babcock-wanson.com\\\/pl\\\/\"},{\"@type\":\"ListItem\",\"position\":2,\"name\":\"Produkty\",\"item\":\"https:\\\/\\\/www.babcock-wanson.com\\\/pl\\\/shop\\\/\"},{\"@type\":\"ListItem\",\"position\":3,\"name\":\"Kot\u0142y P\u0142omienicowo-P\u0142omieni\u00f3wkowe\",\"item\":\"https:\\\/\\\/www.babcock-wanson.com\\\/pl\\\/kategoria-produktu\\\/kotly-plomienicowo-plomieniowkowe\\\/\"},{\"@type\":\"ListItem\",\"position\":4,\"name\":\"NBWB\"}]},{\"@type\":\"WebSite\",\"@id\":\"https:\\\/\\\/www.babcock-wanson.com\\\/pl\\\/#website\",\"url\":\"https:\\\/\\\/www.babcock-wanson.com\\\/pl\\\/\",\"name\":\"Babcock Wanson\",\"description\":\"\",\"publisher\":{\"@id\":\"https:\\\/\\\/www.babcock-wanson.com\\\/pl\\\/#organization\"},\"potentialAction\":[{\"@type\":\"SearchAction\",\"target\":{\"@type\":\"EntryPoint\",\"urlTemplate\":\"https:\\\/\\\/www.babcock-wanson.com\\\/pl\\\/?s={search_term_string}\"},\"query-input\":{\"@type\":\"PropertyValueSpecification\",\"valueRequired\":true,\"valueName\":\"search_term_string\"}}],\"inLanguage\":\"pl-PL\"},{\"@type\":\"Organization\",\"@id\":\"https:\\\/\\\/www.babcock-wanson.com\\\/pl\\\/#organization\",\"name\":\"Babcock Wanson\",\"url\":\"https:\\\/\\\/www.babcock-wanson.com\\\/pl\\\/\",\"logo\":{\"@type\":\"ImageObject\",\"inLanguage\":\"pl-PL\",\"@id\":\"https:\\\/\\\/www.babcock-wanson.com\\\/pl\\\/#\\\/schema\\\/logo\\\/image\\\/\",\"url\":\"https:\\\/\\\/www.babcock-wanson.com\\\/wp-content\\\/uploads\\\/2024\\\/02\\\/Babcock-Wanson-1200x1200-1.png\",\"contentUrl\":\"https:\\\/\\\/www.babcock-wanson.com\\\/wp-content\\\/uploads\\\/2024\\\/02\\\/Babcock-Wanson-1200x1200-1.png\",\"width\":1200,\"height\":1200,\"caption\":\"Babcock Wanson\"},\"image\":{\"@id\":\"https:\\\/\\\/www.babcock-wanson.com\\\/pl\\\/#\\\/schema\\\/logo\\\/image\\\/\"},\"sameAs\":[\"https:\\\/\\\/www.linkedin.com\\\/company\\\/babcock-wanson\\\/\",\"https:\\\/\\\/www.youtube.com\\\/channel\\\/UCtxl25VieBBsP2kYmtlyv7A\"]}]}<\/script>\n<!-- \/ Yoast SEO Premium plugin. -->","yoast_head_json":{"title":"NBWB Series Fire Tube Steam Boilers","description":"Kot\u0142y parowe p\u0142omieni\u00f3wkowe serii NBWB zapewniaj\u0105 u\u017cytkownikom wysokiej jako\u015bci such\u0105 par\u0119 o wydajno\u015bci do 2500 kg\/godz., a tak\u017ce niskie zu\u017cycie paliwa i niskie koszty eksploatacji.","robots":{"index":"index","follow":"follow","max-snippet":"max-snippet:-1","max-image-preview":"max-image-preview:large","max-video-preview":"max-video-preview:-1"},"canonical":"https:\/\/www.babcock-wanson.com\/pl\/produkty\/kotly-plomienicowo-plomieniowkowe\/nbwb\/","og_locale":"pl_PL","og_type":"article","og_title":"NBWB","og_description":"Kot\u0142y parowe p\u0142omieni\u00f3wkowe serii NBWB zapewniaj\u0105 u\u017cytkownikom wysokiej jako\u015bci such\u0105 par\u0119 o wydajno\u015bci do 2500 kg\/godz., a tak\u017ce niskie zu\u017cycie paliwa i niskie koszty eksploatacji.","og_url":"https:\/\/www.babcock-wanson.com\/pl\/produkty\/kotly-plomienicowo-plomieniowkowe\/nbwb\/","og_site_name":"Babcock Wanson","article_modified_time":"2021-11-08T01:44:57+00:00","og_image":[{"width":600,"height":400,"url":"https:\/\/www.babcock-wanson.com\/wp-content\/uploads\/2018\/08\/NBWB-Fire-Tube-Boiler-3.png","type":"image\/png"}],"twitter_card":"summary_large_image","twitter_misc":{"Est. reading time":"2 minuty"},"schema":{"@context":"https:\/\/schema.org","@graph":[{"@type":"WebPage","@id":"https:\/\/www.babcock-wanson.com\/pl\/produkty\/kotly-plomienicowo-plomieniowkowe\/nbwb\/","url":"https:\/\/www.babcock-wanson.com\/pl\/produkty\/kotly-plomienicowo-plomieniowkowe\/nbwb\/","name":"NBWB Series Fire Tube Steam Boilers","isPartOf":{"@id":"https:\/\/www.babcock-wanson.com\/pl\/#website"},"primaryImageOfPage":{"@id":"https:\/\/www.babcock-wanson.com\/pl\/produkty\/kotly-plomienicowo-plomieniowkowe\/nbwb\/#primaryimage"},"image":{"@id":"https:\/\/www.babcock-wanson.com\/pl\/produkty\/kotly-plomienicowo-plomieniowkowe\/nbwb\/#primaryimage"},"thumbnailUrl":"https:\/\/www.babcock-wanson.com\/wp-content\/uploads\/2018\/08\/NBWB-Fire-Tube-Boiler-3.png","datePublished":"2018-08-15T09:32:59+00:00","dateModified":"2021-11-08T01:44:57+00:00","description":"Kot\u0142y parowe p\u0142omieni\u00f3wkowe serii NBWB zapewniaj\u0105 u\u017cytkownikom wysokiej jako\u015bci such\u0105 par\u0119 o wydajno\u015bci do 2500 kg\/godz., a tak\u017ce niskie zu\u017cycie paliwa i niskie koszty eksploatacji.","breadcrumb":{"@id":"https:\/\/www.babcock-wanson.com\/pl\/produkty\/kotly-plomienicowo-plomieniowkowe\/nbwb\/#breadcrumb"},"inLanguage":"pl-PL","potentialAction":[{"@type":"ReadAction","target":["https:\/\/www.babcock-wanson.com\/pl\/produkty\/kotly-plomienicowo-plomieniowkowe\/nbwb\/"]}]},{"@type":"ImageObject","inLanguage":"pl-PL","@id":"https:\/\/www.babcock-wanson.com\/pl\/produkty\/kotly-plomienicowo-plomieniowkowe\/nbwb\/#primaryimage","url":"https:\/\/www.babcock-wanson.com\/wp-content\/uploads\/2018\/08\/NBWB-Fire-Tube-Boiler-3.png","contentUrl":"https:\/\/www.babcock-wanson.com\/wp-content\/uploads\/2018\/08\/NBWB-Fire-Tube-Boiler-3.png","width":600,"height":400,"caption":"NBWB Kot\u0142y P\u0142omienicowo-P\u0142omieni\u00f3wkowe"},{"@type":"BreadcrumbList","@id":"https:\/\/www.babcock-wanson.com\/pl\/produkty\/kotly-plomienicowo-plomieniowkowe\/nbwb\/#breadcrumb","itemListElement":[{"@type":"ListItem","position":1,"name":"Strona g\u0142\u00f3wna","item":"https:\/\/www.babcock-wanson.com\/pl\/"},{"@type":"ListItem","position":2,"name":"Produkty","item":"https:\/\/www.babcock-wanson.com\/pl\/shop\/"},{"@type":"ListItem","position":3,"name":"Kot\u0142y P\u0142omienicowo-P\u0142omieni\u00f3wkowe","item":"https:\/\/www.babcock-wanson.com\/pl\/kategoria-produktu\/kotly-plomienicowo-plomieniowkowe\/"},{"@type":"ListItem","position":4,"name":"NBWB"}]},{"@type":"WebSite","@id":"https:\/\/www.babcock-wanson.com\/pl\/#website","url":"https:\/\/www.babcock-wanson.com\/pl\/","name":"Babcock Wanson","description":"","publisher":{"@id":"https:\/\/www.babcock-wanson.com\/pl\/#organization"},"potentialAction":[{"@type":"SearchAction","target":{"@type":"EntryPoint","urlTemplate":"https:\/\/www.babcock-wanson.com\/pl\/?s={search_term_string}"},"query-input":{"@type":"PropertyValueSpecification","valueRequired":true,"valueName":"search_term_string"}}],"inLanguage":"pl-PL"},{"@type":"Organization","@id":"https:\/\/www.babcock-wanson.com\/pl\/#organization","name":"Babcock Wanson","url":"https:\/\/www.babcock-wanson.com\/pl\/","logo":{"@type":"ImageObject","inLanguage":"pl-PL","@id":"https:\/\/www.babcock-wanson.com\/pl\/#\/schema\/logo\/image\/","url":"https:\/\/www.babcock-wanson.com\/wp-content\/uploads\/2024\/02\/Babcock-Wanson-1200x1200-1.png","contentUrl":"https:\/\/www.babcock-wanson.com\/wp-content\/uploads\/2024\/02\/Babcock-Wanson-1200x1200-1.png","width":1200,"height":1200,"caption":"Babcock Wanson"},"image":{"@id":"https:\/\/www.babcock-wanson.com\/pl\/#\/schema\/logo\/image\/"},"sameAs":["https:\/\/www.linkedin.com\/company\/babcock-wanson\/","https:\/\/www.youtube.com\/channel\/UCtxl25VieBBsP2kYmtlyv7A"]}]}},"jetpack_sharing_enabled":true,"_links":{"self":[{"href":"https:\/\/www.babcock-wanson.com\/pl\/wp-json\/wp\/v2\/product\/36434","targetHints":{"allow":["GET"]}}],"collection":[{"href":"https:\/\/www.babcock-wanson.com\/pl\/wp-json\/wp\/v2\/product"}],"about":[{"href":"https:\/\/www.babcock-wanson.com\/pl\/wp-json\/wp\/v2\/types\/product"}],"replies":[{"embeddable":true,"href":"https:\/\/www.babcock-wanson.com\/pl\/wp-json\/wp\/v2\/comments?post=36434"}],"wp:featuredmedia":[{"embeddable":true,"href":"https:\/\/www.babcock-wanson.com\/pl\/wp-json\/wp\/v2\/media\/35598"}],"wp:attachment":[{"href":"https:\/\/www.babcock-wanson.com\/pl\/wp-json\/wp\/v2\/media?parent=36434"}],"wp:term":[{"taxonomy":"product_brand","embeddable":true,"href":"https:\/\/www.babcock-wanson.com\/pl\/wp-json\/wp\/v2\/product_brand?post=36434"},{"taxonomy":"product_cat","embeddable":true,"href":"https:\/\/www.babcock-wanson.com\/pl\/wp-json\/wp\/v2\/product_cat?post=36434"},{"taxonomy":"product_tag","embeddable":true,"href":"https:\/\/www.babcock-wanson.com\/pl\/wp-json\/wp\/v2\/product_tag?post=36434"}],"curies":[{"name":"wp","href":"https:\/\/api.w.org\/{rel}","templated":true}]}}