{"id":36687,"date":"2019-02-05T12:46:01","date_gmt":"2019-02-05T12:46:01","guid":{"rendered":"https:\/\/www.babcock-wanson.com\/products\/bez-kategorii\/vap-hp\/"},"modified":"2022-01-13T23:51:01","modified_gmt":"2022-01-13T23:51:01","slug":"vap-hp","status":"publish","type":"product","link":"https:\/\/www.babcock-wanson.com\/pl\/produkty\/wytwornice-pary\/vap-hp\/","title":{"rendered":"VAP-HP"},"content":{"rendered":"<div class=\"vgblk-rw-wrapper limit-wrapper\">\r\n<h3>Prosta instalacja i\u00a0konserwacja<\/h3>\r\n<ul>\r\n<li>Zintegrowany palnik i\u00a0system sterowania zapewniaj\u0105 w\u00a0pe\u0142ni automatyczn\u0105 prac\u0119 \u2013 wszystkie s\u0105 fabrycznie zmontowane i\u00a0okablowane, co u\u0142atwia instalacj\u0119 u\u00a0klienta.<\/li>\r\n<li>Dostarczane w\u00a0stanie gotowym do pod\u0142\u0105czenia do obieg\u00f3w wody i\u00a0pary oraz obwod\u00f3w zasilania elektrycznego i\u00a0paliwowego.<\/li>\r\n<li>Pionowa konfiguracja sprawia, \u017ce zajmuj\u0105 minimaln\u0105 powierzchni\u0119 robocz\u0105.<\/li>\r\n<li>Nie s\u0105 wymagane zewn\u0119trzne zbiorniki kondensatu \u2013 system rur zapewnia niezb\u0119dne miejsce do magazynowania kondensatu.<\/li>\r\n<li>Brak zawor\u00f3w, armatury i\u00a0pu\u0142apek. Brak pomp zasilaj\u0105cych i\u00a0obiegowych.<\/li>\r\n<li>Zawarto\u015b\u0107 wody jest stale monitorowana przez dwukierunkowe elektroniczne urz\u0105dzenia zabezpieczaj\u0105ce przed awari\u0105, a\u00a0w\u00a0razie potrzeby mo\u017cna zainstalowa\u0107 dodatkow\u0105 jednostk\u0119 wczesnego ostrzegania.<\/li>\r\n<\/ul>\r\n<h3>Niezawodne dzia\u0142anie<\/h3>\r\n<ul>\r\n<li>Konstrukcja wytwornicy VAP-HP charakteryzuje si\u0119 kompleksowym rozmieszczeniem urz\u0105dze\u0144 zabezpieczaj\u0105cych \u2013 nie tylko w\u00a0zakresie ochrony instalacji i\u00a0og\u00f3lnego bezpiecze\u0144stwa, ale r\u00f3wnie\u017c pod wzgl\u0119dem zapewnienia maksymalnej dost\u0119pno\u015bci instalacji.<\/li>\r\n<li>Nadmiarowe zawory ci\u015bnieniowe pary s\u0105 zwykle wyposa\u017cone w\u00a0zabezpieczenie przed rozerwaniem membrany, co gwarantuje pe\u0142n\u0105 szczelno\u015b\u0107 systemu.<\/li>\r\n<li>Bardzo wysoka og\u00f3lna sprawno\u015b\u0107 instalacji. Brak strat systemowych.<\/li>\r\n<li>Wysoka sprawno\u015b\u0107 spalania.<\/li>\r\n<\/ul>\r\n<h3>Troska o\u00a0\u015brodowisko naturalne<\/h3>\r\n<ul>\r\n<li>Zintegrowany palnik Babcock Wanson zapewnia minimalne zu\u017cycie energii, prost\u0105 konserwacj\u0119 i\u00a0zgodno\u015b\u0107 z\u00a0normami emisji spalin.<\/li>\r\n<li>Nie jest wymagane regularne uzdatnianie wody, stosowanie \u015brodk\u00f3w chemicznych ani przedmuchiwanie.<\/li>\r\n<\/ul>\r\n<h2>VAP HP &#8211; Wysokoci\u015bnieniowa wytwornica pary wodnej<\/h2>\r\n<table>\r\n<tbody>\r\n<tr>\r\n<th>VAP HP<\/th>\r\n<th>Model<\/th>\r\n<th>200<\/th>\r\n<th>400<\/th>\r\n<th>600<\/th>\r\n<th>1000<\/th>\r\n<th>1500<\/th>\r\n<th>2000<\/th>\r\n<\/tr>\r\n<tr>\r\n<th>Produkcja pary<\/th>\r\n<td>kg\/h<\/td>\r\n<td>608<\/td>\r\n<td>1216<\/td>\r\n<td>1824<\/td>\r\n<td>3040<\/td>\r\n<td>4560<\/td>\r\n<td>6080<\/td>\r\n<\/tr>\r\n<tr>\r\n<th>Moc wyj\u015bciowa<\/th>\r\n<td>kW<\/td>\r\n<td>232<\/td>\r\n<td>465<\/td>\r\n<td>698<\/td>\r\n<td>1163<\/td>\r\n<td>1745<\/td>\r\n<td>2325<\/td>\r\n<\/tr>\r\n<\/tbody>\r\n<\/table>\r\n<p>Note \u2013 Warto\u015bci podano dla pary nasyconej 90 barg<\/p>\r\n<\/div><!-- .vgblk-rw-wrapper -->","protected":false},"excerpt":{"rendered":"<p><strong>Wydajno\u015b\u0107 od 232 do 2325 kW \u2013 ci\u015bnienie robocze do 100 bar\u00f3w(g)<br \/><\/strong>VAP-HP to wysokoci\u015bnieniowa wytwornica pary z naturaln\u0105 cyrkulacj\u0105, przeznaczona do pracy w uk\u0142adzie zamkni\u0119tej p\u0119tli pary i kondensatu. Konfiguracja w p\u0119tli zamkni\u0119tej zapewnia bardzo wysok\u0105 sprawno\u015b\u0107 og\u00f3ln\u0105 i minimalne straty systemowe w ca\u0142ym zakresie roboczym. Brak przedmuchiwania, brak wymogu stosowania zmi\u0119kczonej wody uzupe\u0142niaj\u0105cej oraz brak konieczno\u015bci ci\u0105g\u0142ego dozowania \u015brodk\u00f3w chemicznych sprawiaj\u0105, \u017ce jest to najbardziej ekonomiczna i przyjazna \u015brodowisku konstrukcja urz\u0105dzenia wytwarzaj\u0105cego par\u0119.<\/p>\n<p>W najprostszym zastosowaniu wytwornica VAP-HP pracuje w po\u0142\u0105czeniu z jednym odbiornikiem. Para produkowana przez kocio\u0142 kondensuje si\u0119 na powierzchni wymiany ciep\u0142a odbiornika, wytwarzaj\u0105c kondensat, kt\u00f3ry wraca pod w\u0142asnym ci\u0119\u017carem do kot\u0142a w celu ponownego podgrzania. Wytwornica VAP-HP wymaga minimalnego zu\u017cycia medi\u00f3w i zajmuje ma\u0142o miejsca.<\/p>\n<p>Wytwornica pary VAP-HP zosta\u0142a zaprojektowana do pracy w r\u00f3\u017cnych ga\u0142\u0119ziach przemys\u0142u i umo\u017cliwia obs\u0142ug\u0119 wszystkich proces\u00f3w \u2013 wsadowych, ci\u0105g\u0142ych i p\u00f3\u0142ci\u0105g\u0142ych.<\/p>\n","protected":false},"featured_media":36692,"comment_status":"closed","ping_status":"closed","template":"","meta":{"_acf_changed":false,"_relevanssi_hide_post":"","_relevanssi_hide_content":"","_relevanssi_pin_for_all":"","_relevanssi_pin_keywords":"","_relevanssi_unpin_keywords":"","_relevanssi_related_keywords":"","_relevanssi_related_include_ids":"","_relevanssi_related_exclude_ids":"","_relevanssi_related_no_append":"","_relevanssi_related_not_related":"","_relevanssi_related_posts":"","_relevanssi_noindex_reason":""},"product_brand":[],"product_cat":[6404,6412],"product_tag":[],"class_list":{"0":"post-36687","1":"product","2":"type-product","3":"status-publish","4":"has-post-thumbnail","6":"product_cat-kotly-parowe","7":"product_cat-wytwornice-pary","9":"first","10":"instock","11":"shipping-taxable","12":"product-type-simple"},"acf":[],"yoast_head":"<!-- This site is optimized with the Yoast SEO Premium plugin v27.1 (Yoast SEO v27.1.1) - https:\/\/yoast.com\/product\/yoast-seo-premium-wordpress\/ -->\n<title>VAP-HP - Babcock Wanson<\/title>\n<meta name=\"description\" content=\"VAP-HP to wysokoci\u015bnieniowa wytwornica pary z naturaln\u0105 cyrkulacj\u0105, przeznaczona do pracy w uk\u0142adzie zamkni\u0119tej p\u0119tli pary i kondensatu.\" \/>\n<meta name=\"robots\" content=\"index, follow, max-snippet:-1, max-image-preview:large, max-video-preview:-1\" \/>\n<link rel=\"canonical\" href=\"https:\/\/www.babcock-wanson.com\/pl\/produkty\/wytwornice-pary\/vap-hp\/\" \/>\n<meta property=\"og:locale\" content=\"pl_PL\" \/>\n<meta property=\"og:type\" content=\"article\" \/>\n<meta property=\"og:title\" content=\"VAP-HP\" \/>\n<meta property=\"og:description\" content=\"VAP-HP to wysokoci\u015bnieniowa wytwornica pary z naturaln\u0105 cyrkulacj\u0105, przeznaczona do pracy w uk\u0142adzie zamkni\u0119tej p\u0119tli pary i kondensatu.\" \/>\n<meta property=\"og:url\" content=\"https:\/\/www.babcock-wanson.com\/pl\/produkty\/wytwornice-pary\/vap-hp\/\" \/>\n<meta property=\"og:site_name\" content=\"Babcock Wanson\" \/>\n<meta property=\"article:modified_time\" content=\"2022-01-13T23:51:01+00:00\" \/>\n<meta property=\"og:image\" content=\"https:\/\/www.babcock-wanson.com\/wp-content\/uploads\/2019\/02\/VAP-HP-steam-generator-5.jpg\" \/>\n\t<meta property=\"og:image:width\" content=\"600\" \/>\n\t<meta property=\"og:image:height\" content=\"400\" \/>\n\t<meta property=\"og:image:type\" content=\"image\/jpeg\" \/>\n<meta name=\"twitter:card\" content=\"summary_large_image\" \/>\n<meta name=\"twitter:label1\" content=\"Est. reading time\" \/>\n\t<meta name=\"twitter:data1\" content=\"1 minuta\" \/>\n<script type=\"application\/ld+json\" class=\"yoast-schema-graph\">{\"@context\":\"https:\/\/schema.org\",\"@graph\":[{\"@type\":\"WebPage\",\"@id\":\"https:\/\/www.babcock-wanson.com\/pl\/produkty\/wytwornice-pary\/vap-hp\/\",\"url\":\"https:\/\/www.babcock-wanson.com\/pl\/produkty\/wytwornice-pary\/vap-hp\/\",\"name\":\"VAP-HP - Babcock Wanson\",\"isPartOf\":{\"@id\":\"https:\/\/www.babcock-wanson.com\/pl\/#website\"},\"primaryImageOfPage\":{\"@id\":\"https:\/\/www.babcock-wanson.com\/pl\/produkty\/wytwornice-pary\/vap-hp\/#primaryimage\"},\"image\":{\"@id\":\"https:\/\/www.babcock-wanson.com\/pl\/produkty\/wytwornice-pary\/vap-hp\/#primaryimage\"},\"thumbnailUrl\":\"https:\/\/www.babcock-wanson.com\/wp-content\/uploads\/2019\/02\/VAP-HP-steam-generator-5.jpg\",\"datePublished\":\"2019-02-05T12:46:01+00:00\",\"dateModified\":\"2022-01-13T23:51:01+00:00\",\"description\":\"VAP-HP to wysokoci\u015bnieniowa wytwornica pary z naturaln\u0105 cyrkulacj\u0105, przeznaczona do pracy w uk\u0142adzie zamkni\u0119tej p\u0119tli pary i kondensatu.\",\"breadcrumb\":{\"@id\":\"https:\/\/www.babcock-wanson.com\/pl\/produkty\/wytwornice-pary\/vap-hp\/#breadcrumb\"},\"inLanguage\":\"pl-PL\",\"potentialAction\":[{\"@type\":\"ReadAction\",\"target\":[\"https:\/\/www.babcock-wanson.com\/pl\/produkty\/wytwornice-pary\/vap-hp\/\"]}]},{\"@type\":\"ImageObject\",\"inLanguage\":\"pl-PL\",\"@id\":\"https:\/\/www.babcock-wanson.com\/pl\/produkty\/wytwornice-pary\/vap-hp\/#primaryimage\",\"url\":\"https:\/\/www.babcock-wanson.com\/wp-content\/uploads\/2019\/02\/VAP-HP-steam-generator-5.jpg\",\"contentUrl\":\"https:\/\/www.babcock-wanson.com\/wp-content\/uploads\/2019\/02\/VAP-HP-steam-generator-5.jpg\",\"width\":600,\"height\":400},{\"@type\":\"BreadcrumbList\",\"@id\":\"https:\/\/www.babcock-wanson.com\/pl\/produkty\/wytwornice-pary\/vap-hp\/#breadcrumb\",\"itemListElement\":[{\"@type\":\"ListItem\",\"position\":1,\"name\":\"Strona g\u0142\u00f3wna\",\"item\":\"https:\/\/www.babcock-wanson.com\/pl\/\"},{\"@type\":\"ListItem\",\"position\":2,\"name\":\"Produkty\",\"item\":\"https:\/\/www.babcock-wanson.com\/pl\/shop\/\"},{\"@type\":\"ListItem\",\"position\":3,\"name\":\"Wytwornice Pary\",\"item\":\"https:\/\/www.babcock-wanson.com\/pl\/kategoria-produktu\/wytwornice-pary\/\"},{\"@type\":\"ListItem\",\"position\":4,\"name\":\"VAP-HP\"}]},{\"@type\":\"WebSite\",\"@id\":\"https:\/\/www.babcock-wanson.com\/pl\/#website\",\"url\":\"https:\/\/www.babcock-wanson.com\/pl\/\",\"name\":\"Babcock Wanson\",\"description\":\"\",\"publisher\":{\"@id\":\"https:\/\/www.babcock-wanson.com\/pl\/#organization\"},\"potentialAction\":[{\"@type\":\"SearchAction\",\"target\":{\"@type\":\"EntryPoint\",\"urlTemplate\":\"https:\/\/www.babcock-wanson.com\/pl\/?s={search_term_string}\"},\"query-input\":{\"@type\":\"PropertyValueSpecification\",\"valueRequired\":true,\"valueName\":\"search_term_string\"}}],\"inLanguage\":\"pl-PL\"},{\"@type\":\"Organization\",\"@id\":\"https:\/\/www.babcock-wanson.com\/pl\/#organization\",\"name\":\"Babcock Wanson\",\"url\":\"https:\/\/www.babcock-wanson.com\/pl\/\",\"logo\":{\"@type\":\"ImageObject\",\"inLanguage\":\"pl-PL\",\"@id\":\"https:\/\/www.babcock-wanson.com\/pl\/#\/schema\/logo\/image\/\",\"url\":\"https:\/\/www.babcock-wanson.com\/wp-content\/uploads\/2024\/02\/Babcock-Wanson-1200x1200-1.png\",\"contentUrl\":\"https:\/\/www.babcock-wanson.com\/wp-content\/uploads\/2024\/02\/Babcock-Wanson-1200x1200-1.png\",\"width\":1200,\"height\":1200,\"caption\":\"Babcock Wanson\"},\"image\":{\"@id\":\"https:\/\/www.babcock-wanson.com\/pl\/#\/schema\/logo\/image\/\"},\"sameAs\":[\"https:\/\/www.linkedin.com\/company\/babcock-wanson\/\",\"https:\/\/www.youtube.com\/channel\/UCtxl25VieBBsP2kYmtlyv7A\"]}]}<\/script>\n<!-- \/ Yoast SEO Premium plugin. -->","yoast_head_json":{"title":"VAP-HP - Babcock Wanson","description":"VAP-HP to wysokoci\u015bnieniowa wytwornica pary z naturaln\u0105 cyrkulacj\u0105, przeznaczona do pracy w uk\u0142adzie zamkni\u0119tej p\u0119tli pary i kondensatu.","robots":{"index":"index","follow":"follow","max-snippet":"max-snippet:-1","max-image-preview":"max-image-preview:large","max-video-preview":"max-video-preview:-1"},"canonical":"https:\/\/www.babcock-wanson.com\/pl\/produkty\/wytwornice-pary\/vap-hp\/","og_locale":"pl_PL","og_type":"article","og_title":"VAP-HP","og_description":"VAP-HP to wysokoci\u015bnieniowa wytwornica pary z naturaln\u0105 cyrkulacj\u0105, przeznaczona do pracy w uk\u0142adzie zamkni\u0119tej p\u0119tli pary i kondensatu.","og_url":"https:\/\/www.babcock-wanson.com\/pl\/produkty\/wytwornice-pary\/vap-hp\/","og_site_name":"Babcock Wanson","article_modified_time":"2022-01-13T23:51:01+00:00","og_image":[{"width":600,"height":400,"url":"https:\/\/www.babcock-wanson.com\/wp-content\/uploads\/2019\/02\/VAP-HP-steam-generator-5.jpg","type":"image\/jpeg"}],"twitter_card":"summary_large_image","twitter_misc":{"Est. reading time":"1 minuta"},"schema":{"@context":"https:\/\/schema.org","@graph":[{"@type":"WebPage","@id":"https:\/\/www.babcock-wanson.com\/pl\/produkty\/wytwornice-pary\/vap-hp\/","url":"https:\/\/www.babcock-wanson.com\/pl\/produkty\/wytwornice-pary\/vap-hp\/","name":"VAP-HP - Babcock Wanson","isPartOf":{"@id":"https:\/\/www.babcock-wanson.com\/pl\/#website"},"primaryImageOfPage":{"@id":"https:\/\/www.babcock-wanson.com\/pl\/produkty\/wytwornice-pary\/vap-hp\/#primaryimage"},"image":{"@id":"https:\/\/www.babcock-wanson.com\/pl\/produkty\/wytwornice-pary\/vap-hp\/#primaryimage"},"thumbnailUrl":"https:\/\/www.babcock-wanson.com\/wp-content\/uploads\/2019\/02\/VAP-HP-steam-generator-5.jpg","datePublished":"2019-02-05T12:46:01+00:00","dateModified":"2022-01-13T23:51:01+00:00","description":"VAP-HP to wysokoci\u015bnieniowa wytwornica pary z naturaln\u0105 cyrkulacj\u0105, przeznaczona do pracy w uk\u0142adzie zamkni\u0119tej p\u0119tli pary i kondensatu.","breadcrumb":{"@id":"https:\/\/www.babcock-wanson.com\/pl\/produkty\/wytwornice-pary\/vap-hp\/#breadcrumb"},"inLanguage":"pl-PL","potentialAction":[{"@type":"ReadAction","target":["https:\/\/www.babcock-wanson.com\/pl\/produkty\/wytwornice-pary\/vap-hp\/"]}]},{"@type":"ImageObject","inLanguage":"pl-PL","@id":"https:\/\/www.babcock-wanson.com\/pl\/produkty\/wytwornice-pary\/vap-hp\/#primaryimage","url":"https:\/\/www.babcock-wanson.com\/wp-content\/uploads\/2019\/02\/VAP-HP-steam-generator-5.jpg","contentUrl":"https:\/\/www.babcock-wanson.com\/wp-content\/uploads\/2019\/02\/VAP-HP-steam-generator-5.jpg","width":600,"height":400},{"@type":"BreadcrumbList","@id":"https:\/\/www.babcock-wanson.com\/pl\/produkty\/wytwornice-pary\/vap-hp\/#breadcrumb","itemListElement":[{"@type":"ListItem","position":1,"name":"Strona g\u0142\u00f3wna","item":"https:\/\/www.babcock-wanson.com\/pl\/"},{"@type":"ListItem","position":2,"name":"Produkty","item":"https:\/\/www.babcock-wanson.com\/pl\/shop\/"},{"@type":"ListItem","position":3,"name":"Wytwornice Pary","item":"https:\/\/www.babcock-wanson.com\/pl\/kategoria-produktu\/wytwornice-pary\/"},{"@type":"ListItem","position":4,"name":"VAP-HP"}]},{"@type":"WebSite","@id":"https:\/\/www.babcock-wanson.com\/pl\/#website","url":"https:\/\/www.babcock-wanson.com\/pl\/","name":"Babcock Wanson","description":"","publisher":{"@id":"https:\/\/www.babcock-wanson.com\/pl\/#organization"},"potentialAction":[{"@type":"SearchAction","target":{"@type":"EntryPoint","urlTemplate":"https:\/\/www.babcock-wanson.com\/pl\/?s={search_term_string}"},"query-input":{"@type":"PropertyValueSpecification","valueRequired":true,"valueName":"search_term_string"}}],"inLanguage":"pl-PL"},{"@type":"Organization","@id":"https:\/\/www.babcock-wanson.com\/pl\/#organization","name":"Babcock Wanson","url":"https:\/\/www.babcock-wanson.com\/pl\/","logo":{"@type":"ImageObject","inLanguage":"pl-PL","@id":"https:\/\/www.babcock-wanson.com\/pl\/#\/schema\/logo\/image\/","url":"https:\/\/www.babcock-wanson.com\/wp-content\/uploads\/2024\/02\/Babcock-Wanson-1200x1200-1.png","contentUrl":"https:\/\/www.babcock-wanson.com\/wp-content\/uploads\/2024\/02\/Babcock-Wanson-1200x1200-1.png","width":1200,"height":1200,"caption":"Babcock Wanson"},"image":{"@id":"https:\/\/www.babcock-wanson.com\/pl\/#\/schema\/logo\/image\/"},"sameAs":["https:\/\/www.linkedin.com\/company\/babcock-wanson\/","https:\/\/www.youtube.com\/channel\/UCtxl25VieBBsP2kYmtlyv7A"]}]}},"jetpack_sharing_enabled":true,"_links":{"self":[{"href":"https:\/\/www.babcock-wanson.com\/pl\/wp-json\/wp\/v2\/product\/36687","targetHints":{"allow":["GET"]}}],"collection":[{"href":"https:\/\/www.babcock-wanson.com\/pl\/wp-json\/wp\/v2\/product"}],"about":[{"href":"https:\/\/www.babcock-wanson.com\/pl\/wp-json\/wp\/v2\/types\/product"}],"replies":[{"embeddable":true,"href":"https:\/\/www.babcock-wanson.com\/pl\/wp-json\/wp\/v2\/comments?post=36687"}],"wp:featuredmedia":[{"embeddable":true,"href":"https:\/\/www.babcock-wanson.com\/pl\/wp-json\/wp\/v2\/media\/36692"}],"wp:attachment":[{"href":"https:\/\/www.babcock-wanson.com\/pl\/wp-json\/wp\/v2\/media?parent=36687"}],"wp:term":[{"taxonomy":"product_brand","embeddable":true,"href":"https:\/\/www.babcock-wanson.com\/pl\/wp-json\/wp\/v2\/product_brand?post=36687"},{"taxonomy":"product_cat","embeddable":true,"href":"https:\/\/www.babcock-wanson.com\/pl\/wp-json\/wp\/v2\/product_cat?post=36687"},{"taxonomy":"product_tag","embeddable":true,"href":"https:\/\/www.babcock-wanson.com\/pl\/wp-json\/wp\/v2\/product_tag?post=36687"}],"curies":[{"name":"wp","href":"https:\/\/api.w.org\/{rel}","templated":true}]}}