{"id":36693,"date":"2018-08-15T11:25:57","date_gmt":"2018-08-15T10:25:57","guid":{"rendered":"https:\/\/www.babcock-wanson.com\/products\/bez-kategorii\/vap-ln-series\/"},"modified":"2021-09-13T09:26:08","modified_gmt":"2021-09-13T08:26:08","slug":"vap-ln","status":"publish","type":"product","link":"https:\/\/www.babcock-wanson.com\/pl\/produkty\/wytwornice-pary\/vap-ln\/","title":{"rendered":"VAP-LN"},"content":{"rendered":"<div class=\"vgblk-rw-wrapper limit-wrapper\">\r\n<h3>Wysoka sprawno\u015b\u0107<\/h3>\r\n<ul>\r\n<li>Niska obj\u0119to\u015b\u0107 wody oznacza, \u017ce rozruch jest szybki, a\u00a0straty ciep\u0142a i\u00a0koszty eksploatacji \u2013 niskie.<\/li>\r\n<li>Wytwornice pary VAP-LN pracuj\u0105 w\u00a0warunkach bardzo niskiego obci\u0105\u017cenia cieplnego, co skutkuje sprawno\u015bci\u0105 ciepln\u0105 netto powy\u017cej 90%. W\u00a0przypadku wyposa\u017cenia w\u00a0<a href=\"https:\/\/www.babcock-wanson.com\/pl\/produkty\/systemy-odzysku-ciepla\/ekonomizer\/\" target=\"_blank\" rel=\"noopener\">ekonomizer<\/a> spalin firmy Babcock Wanson sprawno\u015b\u0107 cieplna mo\u017ce wzrosn\u0105\u0107 nawet do 95%.<\/li>\r\n<\/ul>\r\n<h3>Prosta i\u00a0niezawodna obs\u0142uga<\/h3>\r\n<ul>\r\n<li>Wytwornica pary VAP-LN jest standardowo wyposa\u017cona we w\u00a0pe\u0142ni zintegrowany, fabrycznie przetestowany i\u00a0starannie dobrany palnik oraz w\u00a0inne niezb\u0119dne funkcje gwarantuj\u0105ce \u0142atwy monta\u017c u\u00a0klienta.<\/li>\r\n<li>Tr\u00f3jobiegowa konstrukcja wytwornicy VAP-LN z\u00a0obszern\u0105 komor\u0105 spalania zapewnia niskie obci\u0105\u017cenie termiczne, wysok\u0105 sprawno\u015b\u0107 i\u00a0bardzo nisk\u0105 emisj\u0119.<\/li>\r\n<li>Je\u015bli wymagaj\u0105 tego przepisy krajowe, wytwornic\u0119 VAP-LN mo\u017cna wyposa\u017cy\u0107 w\u00a072-godzinny tryb pracy Babcock Wanson, co umo\u017cliwia prost\u0105 konfiguracj\u0119 i\u00a0redukcj\u0119 koszt\u00f3w eksploatacji.<\/li>\r\n<\/ul>\r\n<h3>Troska o\u00a0\u015brodowisko naturalne<\/h3>\r\n<ul>\r\n<li>Zaprojektowana do pracy z\u00a0gazem ziemnym, gazem LPG, lekkim olejem opa\u0142owym i\u00a0r\u00f3\u017cnymi specjalistycznymi biopaliwami bez zwi\u0119kszenia ca\u0142kowitej emisji.<\/li>\r\n<li>Emisja NOx z\u00a0wytwornicy VAP-LN standardowo nie przekracza 100\u00a0mg\/Nm\u00b3. W\u00a0celu spe\u0142nienia specjalnych wymaga\u0144 mo\u017cna uzyska\u0107 jeszcze ni\u017csze warto\u015bci.<\/li>\r\n<\/ul>\r\n<h3>Pe\u0142ny zakres wyposa\u017cenia dodatkowego<\/h3>\r\n<ul>\r\n<li><a href=\"https:\/\/www.babcock-wanson.com\/pl\/kategoria-produktu\/systemy-uzdatniania-wody\/\" target=\"_blank\" rel=\"noopener\">Uzdatnianie wody<\/a>, w tym <a href=\"https:\/\/www.babcock-wanson.com\/pl\/produkty\/systemy-uzdatniania-wody\/zmiekczanie-wody-przemyslowej\/\" target=\"_blank\" rel=\"noopener\">zmi\u0119kczacze wody<\/a>, instalacje odwr\u00f3conej osmozy i urz\u0105dzenia do dozowania \u015brodk\u00f3w chemicznych<\/li>\r\n<li>Zbiorniki wody zasilaj\u0105cej oraz ci\u015bnieniowe i atmosferyczne <a href=\"https:\/\/www.babcock-wanson.com\/pl\/produkty\/systemy-uzdatniania-wody\/odgazowanie-termiczne\/\" target=\"_blank\" rel=\"noopener\">odgazowywacze termiczne<\/a> Babcock Wanson<\/li>\r\n<li>Stacje redukcji ci\u015bnienia i zawory steruj\u0105ce par\u0105<\/li>\r\n<li>Separatory pary, zbiorniki odmulaj\u0105ce i wymienniki ciep\u0142a<\/li>\r\n<\/ul>\r\n<p>&nbsp;<\/p>\r\n<h2>VAP-LN &#8211; Wytwornice Pary<\/h2>\r\n<table>\r\n<tbody>\r\n<tr>\r\n<th>VAP-LN<\/th>\r\n<th>Model<\/th>\r\n<th>250<\/th>\r\n<th>750<\/th>\r\n<th>1250<\/th>\r\n<th>1750<\/th>\r\n<th>2250<\/th>\r\n<th>2750<\/th>\r\n<th>3500<\/th>\r\n<\/tr>\r\n<tr>\r\n<th>Produkcja pary<\/th>\r\n<th>Kg\/h<\/th>\r\n<td>250<\/td>\r\n<td>750<\/td>\r\n<td>1250<\/td>\r\n<td>1750<\/td>\r\n<td>2250<\/td>\r\n<td>2750<\/td>\r\n<td>3500<\/td>\r\n<\/tr>\r\n<tr>\r\n<th>Moc wyj\u015bciowa<\/th>\r\n<th>kW<\/th>\r\n<td>174<\/td>\r\n<td>523<\/td>\r\n<td>872<\/td>\r\n<td>1221<\/td>\r\n<td>1570<\/td>\r\n<td>1919<\/td>\r\n<td>2442<\/td>\r\n<\/tr>\r\n<tr>\r\n<th>Szeroko\u015b\u0107<\/th>\r\n<th>mm<\/th>\r\n<td>1700<\/td>\r\n<td>1900<\/td>\r\n<td>2050<\/td>\r\n<td>2100<\/td>\r\n<td>2400<\/td>\r\n<td>3000<\/td>\r\n<td>3350<\/td>\r\n<\/tr>\r\n<tr>\r\n<th>D\u0142ugo\u015b\u0107<\/th>\r\n<th>mm<\/th>\r\n<td>2755<\/td>\r\n<td>3070<\/td>\r\n<td>3390<\/td>\r\n<td>3885<\/td>\r\n<td>4105<\/td>\r\n<td>4560<\/td>\r\n<td>4650<\/td>\r\n<\/tr>\r\n<tr>\r\n<th>Wysoko\u015b\u0107<\/th>\r\n<th>mm<\/th>\r\n<td>1402<\/td>\r\n<td>1500<\/td>\r\n<td>1734<\/td>\r\n<td>1640<\/td>\r\n<td>1970<\/td>\r\n<td>2630<\/td>\r\n<td>2656<\/td>\r\n<\/tr>\r\n<\/tbody>\r\n<\/table>\r\n<p>&nbsp;<\/p>\r\n<\/div><!-- .vgblk-rw-wrapper -->","protected":false},"excerpt":{"rendered":"<p><strong>Wydajno\u015b\u0107 od 250 do 3500 kg\/godz. (od 174 do 2442 kW)<\/strong><br \/>Gama VAP-LN firmy Babcock Wanson obejmuje wysokosprawne szybkie wytwornice pary, kt\u00f3re zaprojektowano w celu spe\u0142nienia najbardziej rygorystycznych mi\u0119dzynarodowych przepis\u00f3w dotycz\u0105cych emisji NOx i CO. Dzi\u0119ki zastosowaniu naszej sprawdzonej w\u0119\u017cownicy VAP-LN to solidna, energooszcz\u0119dna i przyjazna \u015brodowisku wytwornica pary, kt\u00f3ra wytwarza par\u0119 wodn\u0105 w zaledwie trzy minuty od zimnego rozruchu.<\/p>\n<p>Urz\u0105dzenia VAP-LN charakteryzuj\u0105 si\u0119 nisk\u0105 obj\u0119to\u015bci\u0105 wody, co oznacza wyj\u0105tkowe bezpiecze\u0144stwo nawet podczas pracy pod wysokim ci\u015bnieniem. Dost\u0119pne w konfiguracji pionowej lub poziomej wytwornice VAP-LN mog\u0105 wytwarza\u0107 par\u0119 z wydajno\u015bci\u0105 od 250 do 3500 kg\/godz. przy standardowych ci\u015bnieniach roboczych od 10 do 29 bar\u00f3w. Wy\u017csze ci\u015bnienia s\u0105 dost\u0119pne na zam\u00f3wienie i mog\u0105 osi\u0105ga\u0107 nawet 100 bar\u00f3w.<\/p>\n","protected":false},"featured_media":35002,"comment_status":"closed","ping_status":"closed","template":"","meta":{"_acf_changed":false,"_relevanssi_hide_post":"","_relevanssi_hide_content":"","_relevanssi_pin_for_all":"","_relevanssi_pin_keywords":"","_relevanssi_unpin_keywords":"","_relevanssi_related_keywords":"","_relevanssi_related_include_ids":"","_relevanssi_related_exclude_ids":"","_relevanssi_related_no_append":"","_relevanssi_related_not_related":"","_relevanssi_related_posts":"","_relevanssi_noindex_reason":""},"product_brand":[],"product_cat":[6404,6412],"product_tag":[],"class_list":{"0":"post-36693","1":"product","2":"type-product","3":"status-publish","4":"has-post-thumbnail","6":"product_cat-kotly-parowe","7":"product_cat-wytwornice-pary","9":"first","10":"instock","11":"shipping-taxable","12":"product-type-simple"},"acf":[],"yoast_head":"<!-- This site is optimized with the Yoast SEO Premium plugin v27.4 (Yoast SEO v27.4) - https:\/\/yoast.com\/product\/yoast-seo-premium-wordpress\/ -->\n<title>VAP-LN VAP-LN - Wytwornice Pary<\/title>\n<meta name=\"description\" content=\"Gama VAP-LN firmy Babcock Wanson obejmuje wysokosprawne szybkie wytwornice pary, kt\u00f3re zaprojektowano w celu spe\u0142nienia najbardziej rygorystycznych mi\u0119dzynarodowych przepis\u00f3w dotycz\u0105cych emisji NOx i CO.\" \/>\n<meta name=\"robots\" content=\"index, follow, max-snippet:-1, max-image-preview:large, max-video-preview:-1\" \/>\n<link rel=\"canonical\" href=\"https:\/\/www.babcock-wanson.com\/pl\/produkty\/wytwornice-pary\/vap-ln\/\" \/>\n<meta property=\"og:locale\" content=\"pl_PL\" \/>\n<meta property=\"og:type\" content=\"article\" \/>\n<meta property=\"og:title\" content=\"VAP-LN\" \/>\n<meta property=\"og:description\" content=\"Gama VAP-LN firmy Babcock Wanson obejmuje wysokosprawne szybkie wytwornice pary, kt\u00f3re zaprojektowano w celu spe\u0142nienia najbardziej rygorystycznych mi\u0119dzynarodowych przepis\u00f3w dotycz\u0105cych emisji NOx i CO.\" \/>\n<meta property=\"og:url\" content=\"https:\/\/www.babcock-wanson.com\/pl\/produkty\/wytwornice-pary\/vap-ln\/\" \/>\n<meta property=\"og:site_name\" content=\"Babcock Wanson\" \/>\n<meta property=\"article:modified_time\" content=\"2021-09-13T08:26:08+00:00\" \/>\n<meta property=\"og:image\" content=\"https:\/\/www.babcock-wanson.com\/wp-content\/uploads\/2018\/08\/VAP-LN-Steam-Generator.jpg\" \/>\n\t<meta property=\"og:image:width\" content=\"600\" \/>\n\t<meta property=\"og:image:height\" content=\"400\" \/>\n\t<meta property=\"og:image:type\" content=\"image\/jpeg\" \/>\n<meta name=\"twitter:card\" content=\"summary_large_image\" \/>\n<meta name=\"twitter:label1\" content=\"Est. reading time\" \/>\n\t<meta name=\"twitter:data1\" content=\"2 minuty\" \/>\n<script type=\"application\/ld+json\" class=\"yoast-schema-graph\">{\"@context\":\"https:\\\/\\\/schema.org\",\"@graph\":[{\"@type\":\"WebPage\",\"@id\":\"https:\\\/\\\/www.babcock-wanson.com\\\/pl\\\/produkty\\\/wytwornice-pary\\\/vap-ln\\\/\",\"url\":\"https:\\\/\\\/www.babcock-wanson.com\\\/pl\\\/produkty\\\/wytwornice-pary\\\/vap-ln\\\/\",\"name\":\"VAP-LN VAP-LN - Wytwornice Pary\",\"isPartOf\":{\"@id\":\"https:\\\/\\\/www.babcock-wanson.com\\\/pl\\\/#website\"},\"primaryImageOfPage\":{\"@id\":\"https:\\\/\\\/www.babcock-wanson.com\\\/pl\\\/produkty\\\/wytwornice-pary\\\/vap-ln\\\/#primaryimage\"},\"image\":{\"@id\":\"https:\\\/\\\/www.babcock-wanson.com\\\/pl\\\/produkty\\\/wytwornice-pary\\\/vap-ln\\\/#primaryimage\"},\"thumbnailUrl\":\"https:\\\/\\\/www.babcock-wanson.com\\\/wp-content\\\/uploads\\\/2018\\\/08\\\/VAP-LN-Steam-Generator.jpg\",\"datePublished\":\"2018-08-15T10:25:57+00:00\",\"dateModified\":\"2021-09-13T08:26:08+00:00\",\"description\":\"Gama VAP-LN firmy Babcock Wanson obejmuje wysokosprawne szybkie wytwornice pary, kt\u00f3re zaprojektowano w celu spe\u0142nienia najbardziej rygorystycznych mi\u0119dzynarodowych przepis\u00f3w dotycz\u0105cych emisji NOx i CO.\",\"breadcrumb\":{\"@id\":\"https:\\\/\\\/www.babcock-wanson.com\\\/pl\\\/produkty\\\/wytwornice-pary\\\/vap-ln\\\/#breadcrumb\"},\"inLanguage\":\"pl-PL\",\"potentialAction\":[{\"@type\":\"ReadAction\",\"target\":[\"https:\\\/\\\/www.babcock-wanson.com\\\/pl\\\/produkty\\\/wytwornice-pary\\\/vap-ln\\\/\"]}]},{\"@type\":\"ImageObject\",\"inLanguage\":\"pl-PL\",\"@id\":\"https:\\\/\\\/www.babcock-wanson.com\\\/pl\\\/produkty\\\/wytwornice-pary\\\/vap-ln\\\/#primaryimage\",\"url\":\"https:\\\/\\\/www.babcock-wanson.com\\\/wp-content\\\/uploads\\\/2018\\\/08\\\/VAP-LN-Steam-Generator.jpg\",\"contentUrl\":\"https:\\\/\\\/www.babcock-wanson.com\\\/wp-content\\\/uploads\\\/2018\\\/08\\\/VAP-LN-Steam-Generator.jpg\",\"width\":600,\"height\":400,\"caption\":\"VAP-LN-Kot\u0142y Parowe\"},{\"@type\":\"BreadcrumbList\",\"@id\":\"https:\\\/\\\/www.babcock-wanson.com\\\/pl\\\/produkty\\\/wytwornice-pary\\\/vap-ln\\\/#breadcrumb\",\"itemListElement\":[{\"@type\":\"ListItem\",\"position\":1,\"name\":\"Strona g\u0142\u00f3wna\",\"item\":\"https:\\\/\\\/www.babcock-wanson.com\\\/pl\\\/\"},{\"@type\":\"ListItem\",\"position\":2,\"name\":\"Produkty\",\"item\":\"https:\\\/\\\/www.babcock-wanson.com\\\/pl\\\/shop\\\/\"},{\"@type\":\"ListItem\",\"position\":3,\"name\":\"Wytwornice Pary\",\"item\":\"https:\\\/\\\/www.babcock-wanson.com\\\/pl\\\/kategoria-produktu\\\/wytwornice-pary\\\/\"},{\"@type\":\"ListItem\",\"position\":4,\"name\":\"VAP-LN\"}]},{\"@type\":\"WebSite\",\"@id\":\"https:\\\/\\\/www.babcock-wanson.com\\\/pl\\\/#website\",\"url\":\"https:\\\/\\\/www.babcock-wanson.com\\\/pl\\\/\",\"name\":\"Babcock Wanson\",\"description\":\"\",\"publisher\":{\"@id\":\"https:\\\/\\\/www.babcock-wanson.com\\\/pl\\\/#organization\"},\"potentialAction\":[{\"@type\":\"SearchAction\",\"target\":{\"@type\":\"EntryPoint\",\"urlTemplate\":\"https:\\\/\\\/www.babcock-wanson.com\\\/pl\\\/?s={search_term_string}\"},\"query-input\":{\"@type\":\"PropertyValueSpecification\",\"valueRequired\":true,\"valueName\":\"search_term_string\"}}],\"inLanguage\":\"pl-PL\"},{\"@type\":\"Organization\",\"@id\":\"https:\\\/\\\/www.babcock-wanson.com\\\/pl\\\/#organization\",\"name\":\"Babcock Wanson\",\"url\":\"https:\\\/\\\/www.babcock-wanson.com\\\/pl\\\/\",\"logo\":{\"@type\":\"ImageObject\",\"inLanguage\":\"pl-PL\",\"@id\":\"https:\\\/\\\/www.babcock-wanson.com\\\/pl\\\/#\\\/schema\\\/logo\\\/image\\\/\",\"url\":\"https:\\\/\\\/www.babcock-wanson.com\\\/wp-content\\\/uploads\\\/2024\\\/02\\\/Babcock-Wanson-1200x1200-1.png\",\"contentUrl\":\"https:\\\/\\\/www.babcock-wanson.com\\\/wp-content\\\/uploads\\\/2024\\\/02\\\/Babcock-Wanson-1200x1200-1.png\",\"width\":1200,\"height\":1200,\"caption\":\"Babcock Wanson\"},\"image\":{\"@id\":\"https:\\\/\\\/www.babcock-wanson.com\\\/pl\\\/#\\\/schema\\\/logo\\\/image\\\/\"},\"sameAs\":[\"https:\\\/\\\/www.linkedin.com\\\/company\\\/babcock-wanson\\\/\",\"https:\\\/\\\/www.youtube.com\\\/channel\\\/UCtxl25VieBBsP2kYmtlyv7A\"]}]}<\/script>\n<!-- \/ Yoast SEO Premium plugin. -->","yoast_head_json":{"title":"VAP-LN VAP-LN - Wytwornice Pary","description":"Gama VAP-LN firmy Babcock Wanson obejmuje wysokosprawne szybkie wytwornice pary, kt\u00f3re zaprojektowano w celu spe\u0142nienia najbardziej rygorystycznych mi\u0119dzynarodowych przepis\u00f3w dotycz\u0105cych emisji NOx i CO.","robots":{"index":"index","follow":"follow","max-snippet":"max-snippet:-1","max-image-preview":"max-image-preview:large","max-video-preview":"max-video-preview:-1"},"canonical":"https:\/\/www.babcock-wanson.com\/pl\/produkty\/wytwornice-pary\/vap-ln\/","og_locale":"pl_PL","og_type":"article","og_title":"VAP-LN","og_description":"Gama VAP-LN firmy Babcock Wanson obejmuje wysokosprawne szybkie wytwornice pary, kt\u00f3re zaprojektowano w celu spe\u0142nienia najbardziej rygorystycznych mi\u0119dzynarodowych przepis\u00f3w dotycz\u0105cych emisji NOx i CO.","og_url":"https:\/\/www.babcock-wanson.com\/pl\/produkty\/wytwornice-pary\/vap-ln\/","og_site_name":"Babcock Wanson","article_modified_time":"2021-09-13T08:26:08+00:00","og_image":[{"width":600,"height":400,"url":"https:\/\/www.babcock-wanson.com\/wp-content\/uploads\/2018\/08\/VAP-LN-Steam-Generator.jpg","type":"image\/jpeg"}],"twitter_card":"summary_large_image","twitter_misc":{"Est. reading time":"2 minuty"},"schema":{"@context":"https:\/\/schema.org","@graph":[{"@type":"WebPage","@id":"https:\/\/www.babcock-wanson.com\/pl\/produkty\/wytwornice-pary\/vap-ln\/","url":"https:\/\/www.babcock-wanson.com\/pl\/produkty\/wytwornice-pary\/vap-ln\/","name":"VAP-LN VAP-LN - Wytwornice Pary","isPartOf":{"@id":"https:\/\/www.babcock-wanson.com\/pl\/#website"},"primaryImageOfPage":{"@id":"https:\/\/www.babcock-wanson.com\/pl\/produkty\/wytwornice-pary\/vap-ln\/#primaryimage"},"image":{"@id":"https:\/\/www.babcock-wanson.com\/pl\/produkty\/wytwornice-pary\/vap-ln\/#primaryimage"},"thumbnailUrl":"https:\/\/www.babcock-wanson.com\/wp-content\/uploads\/2018\/08\/VAP-LN-Steam-Generator.jpg","datePublished":"2018-08-15T10:25:57+00:00","dateModified":"2021-09-13T08:26:08+00:00","description":"Gama VAP-LN firmy Babcock Wanson obejmuje wysokosprawne szybkie wytwornice pary, kt\u00f3re zaprojektowano w celu spe\u0142nienia najbardziej rygorystycznych mi\u0119dzynarodowych przepis\u00f3w dotycz\u0105cych emisji NOx i CO.","breadcrumb":{"@id":"https:\/\/www.babcock-wanson.com\/pl\/produkty\/wytwornice-pary\/vap-ln\/#breadcrumb"},"inLanguage":"pl-PL","potentialAction":[{"@type":"ReadAction","target":["https:\/\/www.babcock-wanson.com\/pl\/produkty\/wytwornice-pary\/vap-ln\/"]}]},{"@type":"ImageObject","inLanguage":"pl-PL","@id":"https:\/\/www.babcock-wanson.com\/pl\/produkty\/wytwornice-pary\/vap-ln\/#primaryimage","url":"https:\/\/www.babcock-wanson.com\/wp-content\/uploads\/2018\/08\/VAP-LN-Steam-Generator.jpg","contentUrl":"https:\/\/www.babcock-wanson.com\/wp-content\/uploads\/2018\/08\/VAP-LN-Steam-Generator.jpg","width":600,"height":400,"caption":"VAP-LN-Kot\u0142y Parowe"},{"@type":"BreadcrumbList","@id":"https:\/\/www.babcock-wanson.com\/pl\/produkty\/wytwornice-pary\/vap-ln\/#breadcrumb","itemListElement":[{"@type":"ListItem","position":1,"name":"Strona g\u0142\u00f3wna","item":"https:\/\/www.babcock-wanson.com\/pl\/"},{"@type":"ListItem","position":2,"name":"Produkty","item":"https:\/\/www.babcock-wanson.com\/pl\/shop\/"},{"@type":"ListItem","position":3,"name":"Wytwornice Pary","item":"https:\/\/www.babcock-wanson.com\/pl\/kategoria-produktu\/wytwornice-pary\/"},{"@type":"ListItem","position":4,"name":"VAP-LN"}]},{"@type":"WebSite","@id":"https:\/\/www.babcock-wanson.com\/pl\/#website","url":"https:\/\/www.babcock-wanson.com\/pl\/","name":"Babcock Wanson","description":"","publisher":{"@id":"https:\/\/www.babcock-wanson.com\/pl\/#organization"},"potentialAction":[{"@type":"SearchAction","target":{"@type":"EntryPoint","urlTemplate":"https:\/\/www.babcock-wanson.com\/pl\/?s={search_term_string}"},"query-input":{"@type":"PropertyValueSpecification","valueRequired":true,"valueName":"search_term_string"}}],"inLanguage":"pl-PL"},{"@type":"Organization","@id":"https:\/\/www.babcock-wanson.com\/pl\/#organization","name":"Babcock Wanson","url":"https:\/\/www.babcock-wanson.com\/pl\/","logo":{"@type":"ImageObject","inLanguage":"pl-PL","@id":"https:\/\/www.babcock-wanson.com\/pl\/#\/schema\/logo\/image\/","url":"https:\/\/www.babcock-wanson.com\/wp-content\/uploads\/2024\/02\/Babcock-Wanson-1200x1200-1.png","contentUrl":"https:\/\/www.babcock-wanson.com\/wp-content\/uploads\/2024\/02\/Babcock-Wanson-1200x1200-1.png","width":1200,"height":1200,"caption":"Babcock Wanson"},"image":{"@id":"https:\/\/www.babcock-wanson.com\/pl\/#\/schema\/logo\/image\/"},"sameAs":["https:\/\/www.linkedin.com\/company\/babcock-wanson\/","https:\/\/www.youtube.com\/channel\/UCtxl25VieBBsP2kYmtlyv7A"]}]}},"jetpack_sharing_enabled":true,"_links":{"self":[{"href":"https:\/\/www.babcock-wanson.com\/pl\/wp-json\/wp\/v2\/product\/36693","targetHints":{"allow":["GET"]}}],"collection":[{"href":"https:\/\/www.babcock-wanson.com\/pl\/wp-json\/wp\/v2\/product"}],"about":[{"href":"https:\/\/www.babcock-wanson.com\/pl\/wp-json\/wp\/v2\/types\/product"}],"replies":[{"embeddable":true,"href":"https:\/\/www.babcock-wanson.com\/pl\/wp-json\/wp\/v2\/comments?post=36693"}],"wp:featuredmedia":[{"embeddable":true,"href":"https:\/\/www.babcock-wanson.com\/pl\/wp-json\/wp\/v2\/media\/35002"}],"wp:attachment":[{"href":"https:\/\/www.babcock-wanson.com\/pl\/wp-json\/wp\/v2\/media?parent=36693"}],"wp:term":[{"taxonomy":"product_brand","embeddable":true,"href":"https:\/\/www.babcock-wanson.com\/pl\/wp-json\/wp\/v2\/product_brand?post=36693"},{"taxonomy":"product_cat","embeddable":true,"href":"https:\/\/www.babcock-wanson.com\/pl\/wp-json\/wp\/v2\/product_cat?post=36693"},{"taxonomy":"product_tag","embeddable":true,"href":"https:\/\/www.babcock-wanson.com\/pl\/wp-json\/wp\/v2\/product_tag?post=36693"}],"curies":[{"name":"wp","href":"https:\/\/api.w.org\/{rel}","templated":true}]}}