{"id":36695,"date":"2018-05-22T10:06:14","date_gmt":"2018-05-22T09:06:14","guid":{"rendered":"https:\/\/www.babcock-wanson.com\/products\/bez-kategorii\/eurosteam\/"},"modified":"2021-11-08T00:46:25","modified_gmt":"2021-11-08T00:46:25","slug":"eurosteam","status":"publish","type":"product","link":"https:\/\/www.babcock-wanson.com\/pl\/produkty\/wytwornice-pary\/eurosteam\/","title":{"rendered":"Eurosteam"},"content":{"rendered":"<div class=\"vgblk-rw-wrapper limit-wrapper\"><h3>Wysoka sprawno\u015b\u0107<\/h3>\r\n<ul>\r\n<li>Niska obj\u0119to\u015b\u0107 wody oznacza, \u017ce rozruch jest szybki, a\u00a0straty ciep\u0142a i\u00a0koszty eksploatacji \u2013 niskie.<\/li>\r\n<li>Nieod\u0142\u0105czn\u0105 cech\u0105 serii ESM s\u0105 wst\u0119pne podgrzewacze powietrza do spalania. W\u00a0po\u0142\u0105czeniu z\u00a0du\u017c\u0105 powierzchni\u0105 wymiany ciep\u0142a osi\u0105gana sprawno\u015b\u0107 cieplna wynosi oko\u0142o 90%. W\u00a0przypadku wyposa\u017cenia w\u00a0<a href=\"https:\/\/www.babcock-wanson.com\/pl\/produkty\/systemy-odzysku-ciepla\/ekonomizer\/\" target=\"_blank\" rel=\"noopener\">ekonomizer<\/a> spalin firmy Babcock Wanson sprawno\u015b\u0107 cieplna mo\u017ce wzrosn\u0105\u0107 nawet do 95%.<\/li>\r\n<\/ul>\r\n<h3>Prosta i\u00a0niezawodna obs\u0142uga:<\/h3>\r\n<ul>\r\n<li>Wytwornica pary Eurosteam jest standardowo wyposa\u017cona we w pe\u0142ni zintegrowany i fabrycznie przetestowany system sterowania oraz w inne niezb\u0119dne funkcje gwarantuj\u0105ce \u0142atwy monta\u017c u klienta.<\/li>\r\n<li>Palnik firmy Babcock Wanson, wykonany specjalnie z\u00a0my\u015bl\u0105 o\u00a0wytwornicach\u00a0ESM, jest przeznaczony do pracy z\u00a0gazem ziemnym, gazem\u00a0LPG, lekkim olejem opa\u0142owym i\u00a0r\u00f3\u017cnymi specjalistycznymi biopaliwami.<\/li>\r\n<li>Wst\u0119pne podgrzewanie powietrza do spalania, osi\u0105gni\u0119te w\u00a0podw\u00f3jnej szczelinie powietrznej mi\u0119dzy p\u0142aszczem zewn\u0119trznym a\u00a0komor\u0105 spalania, jest realizowane w\u00a0dw\u00f3ch celach. Opr\u00f3cz zmniejszenia zu\u017cycia paliwa, p\u0142aszcz powietrzny zapewnia izolacj\u0119 ciepln\u0105 kot\u0142a, co skutkuje niskimi stratami na powierzchni.<\/li>\r\n<li>Je\u015bli wymagaj\u0105 tego przepisy krajowe, szybk\u0105 wytwornic\u0119 pary Eurosteam mo\u017cna zainstalowa\u0107 w 72-godzinnym trybie pracy Babcock Wanson, co umo\u017cliwia prost\u0105 konfiguracj\u0119 i redukcj\u0119 koszt\u00f3w eksploatacji.<\/li>\r\n<\/ul>\r\n<h3>Troska o\u00a0\u015brodowisko naturalne<\/h3>\r\n<ul>\r\n<li>Szybka wytwornica pary Eurosteam jest niezwykle wydajna i charakteryzuje si\u0119 nisk\u0105 emisj\u0105 zanieczyszcze\u0144 nawet w standardowej wersji.<\/li>\r\n<li>Opcjonalny system recyrkulacji spalin (EGR) zapewnia dalsz\u0105 redukcj\u0119 emisji NOx oraz zgodno\u015b\u0107 z\u00a0dyrektyw\u0105 w\u00a0sprawie \u015brednich obiekt\u00f3w energetycznego spalania (MCPD).<\/li>\r\n<\/ul>\r\n<h3>Pe\u0142ny zakres wyposa\u017cenia dodatkowego<\/h3>\r\n<ul>\r\n<li>Uzdatnianie wody, w tym zmi\u0119kczacze wody, instalacje odwr\u00f3conej osmozy i urz\u0105dzenia do dozowania \u015brodk\u00f3w chemicznych<\/li>\r\n<li>Zbiorniki wody zasilaj\u0105cej oraz ci\u015bnieniowe i atmosferyczne odgazowywacze termiczne Babcock Wanson<\/li>\r\n<li>Stacje redukcji ci\u015bnienia i zawory steruj\u0105ce par\u0105<\/li>\r\n<li>Separatory pary, zbiorniki odmulaj\u0105ce i wymienniki ciep\u0142a<\/li>\r\n<\/ul>\r\n<h2>Eurosteam &#8211; Wytwornica pary<\/h2>\r\n<div class=\"table-responsive\">\r\n<table>\r\n<tbody>\r\n<tr>\r\n<th class=\"bg-primary text-white\">Eurosteam<\/th>\r\n<th class=\"bg-primary text-white\">Model<\/th>\r\n<th>1000<\/th>\r\n<th>1250<\/th>\r\n<th>1500<\/th>\r\n<th>1750<\/th>\r\n<th>2000<\/th>\r\n<th>2500<\/th>\r\n<th>3000<\/th>\r\n<th>3500<\/th>\r\n<th>4000<\/th>\r\n<th>5000<\/th>\r\n<th>6000<\/th>\r\n<th>7000<\/th>\r\n<th>8000<\/th>\r\n<th>10000<\/th>\r\n<\/tr>\r\n<tr>\r\n<th>Wydajno\u015b\u0107<\/th>\r\n<th>Kcal\/h x 1000<\/th>\r\n<td>600<\/td>\r\n<td>750<\/td>\r\n<td>900<\/td>\r\n<td>1050<\/td>\r\n<td>1200<\/td>\r\n<td>1500<\/td>\r\n<td>1800<\/td>\r\n<td>2100<\/td>\r\n<td>2400<\/td>\r\n<td>3000<\/td>\r\n<td>3600<\/td>\r\n<td>4200<\/td>\r\n<td>4800<\/td>\r\n<td>6000<\/td>\r\n<\/tr>\r\n<tr>\r\n<th>Moc wyj\u015bciowa<\/th>\r\n<th>kW<\/th>\r\n<td>697<\/td>\r\n<td>872<\/td>\r\n<td>1046<\/td>\r\n<td>1220<\/td>\r\n<td>1395<\/td>\r\n<td>1744<\/td>\r\n<td>2093<\/td>\r\n<td>2441<\/td>\r\n<td>2790<\/td>\r\n<td>3488<\/td>\r\n<td>4186<\/td>\r\n<td>4883<\/td>\r\n<td>5581<\/td>\r\n<td>6976<\/td>\r\n<\/tr>\r\n<tr class=\"table-secondary\">\r\n<th class=\"bg-secondary text-white\">Szeroko\u015b\u0107 A<\/th>\r\n<th class=\"bg-secondary text-white\">mm<\/th>\r\n<td>1760<\/td>\r\n<td>1760<\/td>\r\n<td>1820<\/td>\r\n<td>1820<\/td>\r\n<td>1850<\/td>\r\n<td>2250<\/td>\r\n<td>2250<\/td>\r\n<td>2270<\/td>\r\n<td>2270<\/td>\r\n<td>3020<\/td>\r\n<td>3020<\/td>\r\n<td>3480<\/td>\r\n<td>3780<\/td>\r\n<td>4050<\/td>\r\n<\/tr>\r\n<tr class=\"table-dark\">\r\n<th class=\"bg-dark text-white\">D\u0142ugo\u015b\u0107 B<\/th>\r\n<th class=\"bg-dark text-white\">mm<\/th>\r\n<td>1821<\/td>\r\n<td>1821<\/td>\r\n<td>1830<\/td>\r\n<td>1830<\/td>\r\n<td>1850<\/td>\r\n<td>2300<\/td>\r\n<td>2300<\/td>\r\n<td>2300<\/td>\r\n<td>2300<\/td>\r\n<td>2300<\/td>\r\n<td>2700<\/td>\r\n<td>2700<\/td>\r\n<td>3090<\/td>\r\n<td>3250<\/td>\r\n<\/tr>\r\n<tr class=\"table-primary\">\r\n<th class=\"bg-primary text-white\">Wysoko\u015b\u0107 C<\/th>\r\n<th class=\"bg-primary text-white\">mm<\/th>\r\n<td>2856<\/td>\r\n<td>2870<\/td>\r\n<td>2870<\/td>\r\n<td>2890<\/td>\r\n<td>2890<\/td>\r\n<td>4300<\/td>\r\n<td>4300<\/td>\r\n<td>4300<\/td>\r\n<td>4300<\/td>\r\n<td>5710<\/td>\r\n<td>5710<\/td>\r\n<td>6480<\/td>\r\n<td>6480<\/td>\r\n<td>7630<\/td>\r\n<\/tr>\r\n<\/tbody>\r\n<\/table>\r\n<p>&nbsp;<\/p>\r\n<\/div>\r\n\r\n\r\n\r\n\r\n<\/div><!-- .vgblk-rw-wrapper -->","protected":false},"excerpt":{"rendered":"<p><strong>Od 600 000 do 6 000 000 kcal\/godz. (od 697 do 6976 kW)<\/strong> Model Eurosteam (ESM) firmy Babcock Wanson to pozioma, wysokosprawna, szybka wytwornica pary. Dzi\u0119ki zastosowaniu naszej sprawdzonej w\u0119\u017cownicy, kt\u00f3ra pozwala zbudowa\u0107 solidny, energooszcz\u0119dny i przyjazny \u015brodowisku kocio\u0142, urz\u0105dzenie ESM mo\u017ce wytworzy\u0107 par\u0119 wodn\u0105 w zaledwie trzy minuty od zimnego rozruchu. W\u0119\u017cownicowe wytwornice pary Eurosteam charakteryzuj\u0105 si\u0119 nisk\u0105 obj\u0119to\u015bci\u0105 wody, co oznacza wyj\u0105tkowe bezpiecze\u0144stwo nawet podczas pracy pod wysokim ci\u015bnieniem. Standardowa wersja urz\u0105dzenia ESM wytwarza do 10 000 kg\/godz. pary nasyconej o ci\u015bnieniu roboczym do 29 bar\u00f3w. Wy\u017csze ci\u015bnienia s\u0105 dost\u0119pne na zam\u00f3wienie i mog\u0105 osi\u0105ga\u0107 nawet 100 bar\u00f3w.<\/p>\n","protected":false},"featured_media":36270,"comment_status":"open","ping_status":"closed","template":"","meta":{"_acf_changed":false,"_relevanssi_hide_post":"","_relevanssi_hide_content":"","_relevanssi_pin_for_all":"","_relevanssi_pin_keywords":"","_relevanssi_unpin_keywords":"","_relevanssi_related_keywords":"","_relevanssi_related_include_ids":"","_relevanssi_related_exclude_ids":"","_relevanssi_related_no_append":"","_relevanssi_related_not_related":"","_relevanssi_related_posts":"","_relevanssi_noindex_reason":""},"product_brand":[],"product_cat":[6404,6412],"product_tag":[],"class_list":{"0":"post-36695","1":"product","2":"type-product","3":"status-publish","4":"has-post-thumbnail","6":"product_cat-kotly-parowe","7":"product_cat-wytwornice-pary","9":"first","10":"instock","11":"shipping-taxable","12":"product-type-simple"},"acf":[],"yoast_head":"<!-- This site is optimized with the Yoast SEO Premium plugin v27.1 (Yoast SEO v27.1.1) - https:\/\/yoast.com\/product\/yoast-seo-premium-wordpress\/ -->\n<title>Eurosteam - Babcock Wanson<\/title>\n<meta name=\"description\" content=\"Model Eurosteam (ESM) firmy Babcock Wanson to pozioma, wysokosprawna, szybka wytwornica pary.\" \/>\n<meta name=\"robots\" content=\"index, follow, max-snippet:-1, max-image-preview:large, max-video-preview:-1\" \/>\n<link rel=\"canonical\" href=\"https:\/\/www.babcock-wanson.com\/pl\/produkty\/wytwornice-pary\/eurosteam\/\" \/>\n<meta property=\"og:locale\" content=\"pl_PL\" \/>\n<meta property=\"og:type\" content=\"article\" \/>\n<meta property=\"og:title\" content=\"Eurosteam\" \/>\n<meta property=\"og:description\" content=\"Model Eurosteam (ESM) firmy Babcock Wanson to pozioma, wysokosprawna, szybka wytwornica pary.\" \/>\n<meta property=\"og:url\" content=\"https:\/\/www.babcock-wanson.com\/pl\/produkty\/wytwornice-pary\/eurosteam\/\" \/>\n<meta property=\"og:site_name\" content=\"Babcock Wanson\" \/>\n<meta property=\"article:modified_time\" content=\"2021-11-08T00:46:25+00:00\" \/>\n<meta property=\"og:image\" content=\"https:\/\/www.babcock-wanson.com\/wp-content\/uploads\/2018\/05\/Eurosteam-1.png\" \/>\n\t<meta property=\"og:image:width\" content=\"600\" \/>\n\t<meta property=\"og:image:height\" content=\"400\" \/>\n\t<meta property=\"og:image:type\" content=\"image\/png\" \/>\n<meta name=\"twitter:card\" content=\"summary_large_image\" \/>\n<meta name=\"twitter:label1\" content=\"Est. reading time\" \/>\n\t<meta name=\"twitter:data1\" content=\"2 minuty\" \/>\n<script type=\"application\/ld+json\" class=\"yoast-schema-graph\">{\"@context\":\"https:\/\/schema.org\",\"@graph\":[{\"@type\":\"WebPage\",\"@id\":\"https:\/\/www.babcock-wanson.com\/pl\/produkty\/wytwornice-pary\/eurosteam\/\",\"url\":\"https:\/\/www.babcock-wanson.com\/pl\/produkty\/wytwornice-pary\/eurosteam\/\",\"name\":\"Eurosteam - Babcock Wanson\",\"isPartOf\":{\"@id\":\"https:\/\/www.babcock-wanson.com\/pl\/#website\"},\"primaryImageOfPage\":{\"@id\":\"https:\/\/www.babcock-wanson.com\/pl\/produkty\/wytwornice-pary\/eurosteam\/#primaryimage\"},\"image\":{\"@id\":\"https:\/\/www.babcock-wanson.com\/pl\/produkty\/wytwornice-pary\/eurosteam\/#primaryimage\"},\"thumbnailUrl\":\"https:\/\/www.babcock-wanson.com\/wp-content\/uploads\/2018\/05\/Eurosteam-1.png\",\"datePublished\":\"2018-05-22T09:06:14+00:00\",\"dateModified\":\"2021-11-08T00:46:25+00:00\",\"description\":\"Model Eurosteam (ESM) firmy Babcock Wanson to pozioma, wysokosprawna, szybka wytwornica pary.\",\"breadcrumb\":{\"@id\":\"https:\/\/www.babcock-wanson.com\/pl\/produkty\/wytwornice-pary\/eurosteam\/#breadcrumb\"},\"inLanguage\":\"pl-PL\",\"potentialAction\":[{\"@type\":\"ReadAction\",\"target\":[\"https:\/\/www.babcock-wanson.com\/pl\/produkty\/wytwornice-pary\/eurosteam\/\"]}]},{\"@type\":\"ImageObject\",\"inLanguage\":\"pl-PL\",\"@id\":\"https:\/\/www.babcock-wanson.com\/pl\/produkty\/wytwornice-pary\/eurosteam\/#primaryimage\",\"url\":\"https:\/\/www.babcock-wanson.com\/wp-content\/uploads\/2018\/05\/Eurosteam-1.png\",\"contentUrl\":\"https:\/\/www.babcock-wanson.com\/wp-content\/uploads\/2018\/05\/Eurosteam-1.png\",\"width\":600,\"height\":400,\"caption\":\"Eurosteam\"},{\"@type\":\"BreadcrumbList\",\"@id\":\"https:\/\/www.babcock-wanson.com\/pl\/produkty\/wytwornice-pary\/eurosteam\/#breadcrumb\",\"itemListElement\":[{\"@type\":\"ListItem\",\"position\":1,\"name\":\"Strona g\u0142\u00f3wna\",\"item\":\"https:\/\/www.babcock-wanson.com\/pl\/\"},{\"@type\":\"ListItem\",\"position\":2,\"name\":\"Produkty\",\"item\":\"https:\/\/www.babcock-wanson.com\/pl\/shop\/\"},{\"@type\":\"ListItem\",\"position\":3,\"name\":\"Wytwornice Pary\",\"item\":\"https:\/\/www.babcock-wanson.com\/pl\/kategoria-produktu\/wytwornice-pary\/\"},{\"@type\":\"ListItem\",\"position\":4,\"name\":\"Eurosteam\"}]},{\"@type\":\"WebSite\",\"@id\":\"https:\/\/www.babcock-wanson.com\/pl\/#website\",\"url\":\"https:\/\/www.babcock-wanson.com\/pl\/\",\"name\":\"Babcock Wanson\",\"description\":\"\",\"publisher\":{\"@id\":\"https:\/\/www.babcock-wanson.com\/pl\/#organization\"},\"potentialAction\":[{\"@type\":\"SearchAction\",\"target\":{\"@type\":\"EntryPoint\",\"urlTemplate\":\"https:\/\/www.babcock-wanson.com\/pl\/?s={search_term_string}\"},\"query-input\":{\"@type\":\"PropertyValueSpecification\",\"valueRequired\":true,\"valueName\":\"search_term_string\"}}],\"inLanguage\":\"pl-PL\"},{\"@type\":\"Organization\",\"@id\":\"https:\/\/www.babcock-wanson.com\/pl\/#organization\",\"name\":\"Babcock Wanson\",\"url\":\"https:\/\/www.babcock-wanson.com\/pl\/\",\"logo\":{\"@type\":\"ImageObject\",\"inLanguage\":\"pl-PL\",\"@id\":\"https:\/\/www.babcock-wanson.com\/pl\/#\/schema\/logo\/image\/\",\"url\":\"https:\/\/www.babcock-wanson.com\/wp-content\/uploads\/2024\/02\/Babcock-Wanson-1200x1200-1.png\",\"contentUrl\":\"https:\/\/www.babcock-wanson.com\/wp-content\/uploads\/2024\/02\/Babcock-Wanson-1200x1200-1.png\",\"width\":1200,\"height\":1200,\"caption\":\"Babcock Wanson\"},\"image\":{\"@id\":\"https:\/\/www.babcock-wanson.com\/pl\/#\/schema\/logo\/image\/\"},\"sameAs\":[\"https:\/\/www.linkedin.com\/company\/babcock-wanson\/\",\"https:\/\/www.youtube.com\/channel\/UCtxl25VieBBsP2kYmtlyv7A\"]}]}<\/script>\n<!-- \/ Yoast SEO Premium plugin. -->","yoast_head_json":{"title":"Eurosteam - Babcock Wanson","description":"Model Eurosteam (ESM) firmy Babcock Wanson to pozioma, wysokosprawna, szybka wytwornica pary.","robots":{"index":"index","follow":"follow","max-snippet":"max-snippet:-1","max-image-preview":"max-image-preview:large","max-video-preview":"max-video-preview:-1"},"canonical":"https:\/\/www.babcock-wanson.com\/pl\/produkty\/wytwornice-pary\/eurosteam\/","og_locale":"pl_PL","og_type":"article","og_title":"Eurosteam","og_description":"Model Eurosteam (ESM) firmy Babcock Wanson to pozioma, wysokosprawna, szybka wytwornica pary.","og_url":"https:\/\/www.babcock-wanson.com\/pl\/produkty\/wytwornice-pary\/eurosteam\/","og_site_name":"Babcock Wanson","article_modified_time":"2021-11-08T00:46:25+00:00","og_image":[{"width":600,"height":400,"url":"https:\/\/www.babcock-wanson.com\/wp-content\/uploads\/2018\/05\/Eurosteam-1.png","type":"image\/png"}],"twitter_card":"summary_large_image","twitter_misc":{"Est. reading time":"2 minuty"},"schema":{"@context":"https:\/\/schema.org","@graph":[{"@type":"WebPage","@id":"https:\/\/www.babcock-wanson.com\/pl\/produkty\/wytwornice-pary\/eurosteam\/","url":"https:\/\/www.babcock-wanson.com\/pl\/produkty\/wytwornice-pary\/eurosteam\/","name":"Eurosteam - Babcock Wanson","isPartOf":{"@id":"https:\/\/www.babcock-wanson.com\/pl\/#website"},"primaryImageOfPage":{"@id":"https:\/\/www.babcock-wanson.com\/pl\/produkty\/wytwornice-pary\/eurosteam\/#primaryimage"},"image":{"@id":"https:\/\/www.babcock-wanson.com\/pl\/produkty\/wytwornice-pary\/eurosteam\/#primaryimage"},"thumbnailUrl":"https:\/\/www.babcock-wanson.com\/wp-content\/uploads\/2018\/05\/Eurosteam-1.png","datePublished":"2018-05-22T09:06:14+00:00","dateModified":"2021-11-08T00:46:25+00:00","description":"Model Eurosteam (ESM) firmy Babcock Wanson to pozioma, wysokosprawna, szybka wytwornica pary.","breadcrumb":{"@id":"https:\/\/www.babcock-wanson.com\/pl\/produkty\/wytwornice-pary\/eurosteam\/#breadcrumb"},"inLanguage":"pl-PL","potentialAction":[{"@type":"ReadAction","target":["https:\/\/www.babcock-wanson.com\/pl\/produkty\/wytwornice-pary\/eurosteam\/"]}]},{"@type":"ImageObject","inLanguage":"pl-PL","@id":"https:\/\/www.babcock-wanson.com\/pl\/produkty\/wytwornice-pary\/eurosteam\/#primaryimage","url":"https:\/\/www.babcock-wanson.com\/wp-content\/uploads\/2018\/05\/Eurosteam-1.png","contentUrl":"https:\/\/www.babcock-wanson.com\/wp-content\/uploads\/2018\/05\/Eurosteam-1.png","width":600,"height":400,"caption":"Eurosteam"},{"@type":"BreadcrumbList","@id":"https:\/\/www.babcock-wanson.com\/pl\/produkty\/wytwornice-pary\/eurosteam\/#breadcrumb","itemListElement":[{"@type":"ListItem","position":1,"name":"Strona g\u0142\u00f3wna","item":"https:\/\/www.babcock-wanson.com\/pl\/"},{"@type":"ListItem","position":2,"name":"Produkty","item":"https:\/\/www.babcock-wanson.com\/pl\/shop\/"},{"@type":"ListItem","position":3,"name":"Wytwornice Pary","item":"https:\/\/www.babcock-wanson.com\/pl\/kategoria-produktu\/wytwornice-pary\/"},{"@type":"ListItem","position":4,"name":"Eurosteam"}]},{"@type":"WebSite","@id":"https:\/\/www.babcock-wanson.com\/pl\/#website","url":"https:\/\/www.babcock-wanson.com\/pl\/","name":"Babcock Wanson","description":"","publisher":{"@id":"https:\/\/www.babcock-wanson.com\/pl\/#organization"},"potentialAction":[{"@type":"SearchAction","target":{"@type":"EntryPoint","urlTemplate":"https:\/\/www.babcock-wanson.com\/pl\/?s={search_term_string}"},"query-input":{"@type":"PropertyValueSpecification","valueRequired":true,"valueName":"search_term_string"}}],"inLanguage":"pl-PL"},{"@type":"Organization","@id":"https:\/\/www.babcock-wanson.com\/pl\/#organization","name":"Babcock Wanson","url":"https:\/\/www.babcock-wanson.com\/pl\/","logo":{"@type":"ImageObject","inLanguage":"pl-PL","@id":"https:\/\/www.babcock-wanson.com\/pl\/#\/schema\/logo\/image\/","url":"https:\/\/www.babcock-wanson.com\/wp-content\/uploads\/2024\/02\/Babcock-Wanson-1200x1200-1.png","contentUrl":"https:\/\/www.babcock-wanson.com\/wp-content\/uploads\/2024\/02\/Babcock-Wanson-1200x1200-1.png","width":1200,"height":1200,"caption":"Babcock Wanson"},"image":{"@id":"https:\/\/www.babcock-wanson.com\/pl\/#\/schema\/logo\/image\/"},"sameAs":["https:\/\/www.linkedin.com\/company\/babcock-wanson\/","https:\/\/www.youtube.com\/channel\/UCtxl25VieBBsP2kYmtlyv7A"]}]}},"jetpack_sharing_enabled":true,"_links":{"self":[{"href":"https:\/\/www.babcock-wanson.com\/pl\/wp-json\/wp\/v2\/product\/36695","targetHints":{"allow":["GET"]}}],"collection":[{"href":"https:\/\/www.babcock-wanson.com\/pl\/wp-json\/wp\/v2\/product"}],"about":[{"href":"https:\/\/www.babcock-wanson.com\/pl\/wp-json\/wp\/v2\/types\/product"}],"replies":[{"embeddable":true,"href":"https:\/\/www.babcock-wanson.com\/pl\/wp-json\/wp\/v2\/comments?post=36695"}],"wp:featuredmedia":[{"embeddable":true,"href":"https:\/\/www.babcock-wanson.com\/pl\/wp-json\/wp\/v2\/media\/36270"}],"wp:attachment":[{"href":"https:\/\/www.babcock-wanson.com\/pl\/wp-json\/wp\/v2\/media?parent=36695"}],"wp:term":[{"taxonomy":"product_brand","embeddable":true,"href":"https:\/\/www.babcock-wanson.com\/pl\/wp-json\/wp\/v2\/product_brand?post=36695"},{"taxonomy":"product_cat","embeddable":true,"href":"https:\/\/www.babcock-wanson.com\/pl\/wp-json\/wp\/v2\/product_cat?post=36695"},{"taxonomy":"product_tag","embeddable":true,"href":"https:\/\/www.babcock-wanson.com\/pl\/wp-json\/wp\/v2\/product_tag?post=36695"}],"curies":[{"name":"wp","href":"https:\/\/api.w.org\/{rel}","templated":true}]}}