{"id":36733,"date":"2018-08-15T11:32:18","date_gmt":"2018-08-15T10:32:18","guid":{"rendered":"https:\/\/www.babcock-wanson.com\/products\/bez-kategorii\/tpc-b-series\/"},"modified":"2021-11-08T00:40:19","modified_gmt":"2021-11-08T00:40:19","slug":"tpc-b","status":"publish","type":"product","link":"https:\/\/www.babcock-wanson.com\/pl\/produkty\/kotly-oleju-termalnego\/tpc-b\/","title":{"rendered":"TPC-B"},"content":{"rendered":"<div class=\"vgblk-rw-wrapper limit-wrapper\">\r\n<h3>Prosta i\u00a0niezawodna obs\u0142uga<\/h3>\r\n<ul>\r\n<li>Piec TPC-B obejmuje zintegrowan\u0105, ch\u0142odzon\u0105 powietrzem obudow\u0119 zewn\u0119trzn\u0105, kt\u00f3ra dzia\u0142a zar\u00f3wno jako podgrzewacz\/<a href=\"https:\/\/www.babcock-wanson.com\/pl\/produkty\/systemy-odzysku-ciepla\/ekonomizer\/\" target=\"_blank\" rel=\"noopener\">ekonomizer<\/a> powietrza do spalania, jak i\u00a0sta\u0142a bariera mi\u0119dzy gor\u0105cymi gazami spalinowymi a\u00a0konstrukcj\u0105 zewn\u0119trzn\u0105. Ta cecha zapewnia niezwykle bezpieczn\u0105 obs\u0142ug\u0119 i\u00a0d\u0142ug\u0105 \u017cywotno\u015b\u0107 pieca grzewczego.<\/li>\r\n<li>W\u00a0pe\u0142ni zintegrowany i\u00a0fabrycznie przetestowany system sterowania gwarantuje prosty monta\u017c u\u00a0klienta.<\/li>\r\n<\/ul>\r\n<h3>Troska o\u00a0\u015brodowisko naturalne<\/h3>\r\n<ul>\r\n<li>Zintegrowany palnik Babcock Wanson zapewnia efektywne wykorzystanie paliwa, prost\u0105 konserwacj\u0119 i\u00a0zgodno\u015b\u0107 z\u00a0normami emisji spalin.<\/li>\r\n<li>Wysokosprawny system oleju termicznego zapewnia znaczne korzy\u015bci \u015brodowisku i\u00a0nisk\u0105 og\u00f3ln\u0105 emisj\u0119.<\/li>\r\n<\/ul>\r\n<h3>Pe\u0142ny zakres wyposa\u017cenia dodatkowego<\/h3>\r\n<ul>\r\n<li>Pompy cieczy do transferu ciep\u0142a<\/li>\r\n<li>Zespo\u0142y odgazowywaczy i\u00a0zbiornik\u00f3w rozpr\u0119\u017cnych Babcock Wanson<\/li>\r\n<li>Zawory i\u00a0elementy steruj\u0105ce<\/li>\r\n<li>Pomocnicze urz\u0105dzenia systemowe i\u00a0wymienniki ciep\u0142a<\/li>\r\n<\/ul>\r\n<h2>TPC-B &#8211; Kot\u0142y Oleju Termalnego<\/h2>\r\n<table>\r\n<tbody>\r\n<tr>\r\n<th>TPC- B<\/th>\r\n<th>model<\/th>\r\n<th>100 B<\/th>\r\n<th>200 B<\/th>\r\n<th>400 B<\/th>\r\n<th>600 B<\/th>\r\n<th>1000 B<\/th>\r\n<th>1500 B<\/th>\r\n<th>2000 B<\/th>\r\n<th>2500 SC<\/th>\r\n<th>3000 SC<\/th>\r\n<th>3000 B<\/th>\r\n<th>4000 B<\/th>\r\n<th>5000 B<\/th>\r\n<th>6000 B<\/th>\r\n<\/tr>\r\n<tr>\r\n<th rowspan=\"2\">Produkcja pary<\/th>\r\n<th>kcal\/h x 1000<\/th>\r\n<td>100<\/td>\r\n<td>200<\/td>\r\n<td>400<\/td>\r\n<td>600<\/td>\r\n<td>1000<\/td>\r\n<td>1500<\/td>\r\n<td>2000<\/td>\r\n<td>2500<\/td>\r\n<td>3000<\/td>\r\n<td>3000<\/td>\r\n<td>4000<\/td>\r\n<td>5000<\/td>\r\n<td>6000<\/td>\r\n<\/tr>\r\n<tr>\r\n<th>kW<\/th>\r\n<td>116<\/td>\r\n<td>232<\/td>\r\n<td>465<\/td>\r\n<td>698<\/td>\r\n<td>1163<\/td>\r\n<td>1745<\/td>\r\n<td>2326<\/td>\r\n<td>2908<\/td>\r\n<td>3489<\/td>\r\n<td>3489<\/td>\r\n<td>4652<\/td>\r\n<td>5815<\/td>\r\n<td>6978<\/td>\r\n<\/tr>\r\n<tr>\r\n<th>Szeroko\u015b\u0107 A<\/th>\r\n<th>mm<\/th>\r\n<td>650<\/td>\r\n<td>650<\/td>\r\n<td>850<\/td>\r\n<td>1025<\/td>\r\n<td>1255<\/td>\r\n<td>1450<\/td>\r\n<td>1790<\/td>\r\n<td>2300<\/td>\r\n<td>2770<\/td>\r\n<td>2355<\/td>\r\n<td>2355<\/td>\r\n<td>2430<\/td>\r\n<td>2725<\/td>\r\n<\/tr>\r\n<tr>\r\n<th>D\u0142ugo\u015b\u0107 B<\/th>\r\n<th>mm<\/th>\r\n<td>1250<\/td>\r\n<td>1250<\/td>\r\n<td>1380<\/td>\r\n<td>1550<\/td>\r\n<td>2110<\/td>\r\n<td>2400<\/td>\r\n<td>2730<\/td>\r\n<td>3440<\/td>\r\n<td>3905<\/td>\r\n<td>3490<\/td>\r\n<td>3630<\/td>\r\n<td>3660<\/td>\r\n<td>3960<\/td>\r\n<\/tr>\r\n<tr>\r\n<th>Wysoko\u015b\u0107 C<\/th>\r\n<th>mm<\/th>\r\n<td>1800<\/td>\r\n<td>1800<\/td>\r\n<td>1900<\/td>\r\n<td>1980<\/td>\r\n<td>2620<\/td>\r\n<td>3240<\/td>\r\n<td>3260<\/td>\r\n<td>3360<\/td>\r\n<td>3330<\/td>\r\n<td>4195<\/td>\r\n<td>5155<\/td>\r\n<td>5870<\/td>\r\n<td>6280<\/td>\r\n<\/tr>\r\n<\/tbody>\r\n<\/table>\r\n<\/div><!-- .vgblk-rw-wrapper -->","protected":false},"excerpt":{"rendered":"<p><strong>Od 100 000 do 6 000 000 kcal\/godz. (116 do 6978 kW).<\/strong> <br \/>Model TPC-B firmy Babcock Wanson to pionowy, wieloobiegowy piec grzewczy na olej termiczny o d\u0142ugiej tradycji zar\u00f3wno pod wzgl\u0119dem wzornictwa, jak i konstrukcji. Pionowa konfiguracja ze skierowanym w d\u00f3\u0142 p\u0142omieniem zapewnia brak napr\u0119\u017ce\u0144 oraz swobod\u0119 rozpr\u0119\u017cania si\u0119 w\u0119\u017cownic podczas normalnej pracy. Ten piec grzewczy zaprojektowano do pracy w r\u00f3\u017cnych ga\u0142\u0119ziach przemys\u0142u i z szerok\u0105 gam\u0105 p\u0142ynnych no\u015bnik\u00f3w ciep\u0142a. Mo\u017cna z nim stosowa\u0107 r\u00f3\u017cne paliwa p\u0142ynne i gazowe.<\/p>\n","protected":false},"featured_media":35591,"comment_status":"closed","ping_status":"closed","template":"","meta":{"_acf_changed":false,"_relevanssi_hide_post":"","_relevanssi_hide_content":"","_relevanssi_pin_for_all":"","_relevanssi_pin_keywords":"","_relevanssi_unpin_keywords":"","_relevanssi_related_keywords":"","_relevanssi_related_include_ids":"","_relevanssi_related_exclude_ids":"","_relevanssi_related_no_append":"","_relevanssi_related_not_related":"","_relevanssi_related_posts":"","_relevanssi_noindex_reason":""},"product_brand":[],"product_cat":[6405],"product_tag":[],"class_list":{"0":"post-36733","1":"product","2":"type-product","3":"status-publish","4":"has-post-thumbnail","6":"product_cat-kotly-oleju-termalnego","8":"first","9":"instock","10":"shipping-taxable","11":"product-type-simple"},"acf":[],"yoast_head":"<!-- This site is optimized with the Yoast SEO Premium plugin v27.4 (Yoast SEO v27.4) - https:\/\/yoast.com\/product\/yoast-seo-premium-wordpress\/ -->\n<title>TPC-B - Kot\u0142y Oleju Termalnego - Babcock Wanson<\/title>\n<meta name=\"description\" content=\"Model TPC-B firmy Babcock Wanson to pionowy, wieloobiegowy piec grzewczy na olej termiczny o d\u0142ugiej tradycji zar\u00f3wno pod wzgl\u0119dem wzornictwa, jak i konstrukcji.\" \/>\n<meta name=\"robots\" content=\"index, follow, max-snippet:-1, max-image-preview:large, max-video-preview:-1\" \/>\n<link rel=\"canonical\" href=\"https:\/\/www.babcock-wanson.com\/pl\/produkty\/kotly-oleju-termalnego\/tpc-b\/\" \/>\n<meta property=\"og:locale\" content=\"pl_PL\" \/>\n<meta property=\"og:type\" content=\"article\" \/>\n<meta property=\"og:title\" content=\"TPC-B\" \/>\n<meta property=\"og:description\" content=\"Model TPC-B firmy Babcock Wanson to pionowy, wieloobiegowy piec grzewczy na olej termiczny o d\u0142ugiej tradycji zar\u00f3wno pod wzgl\u0119dem wzornictwa, jak i konstrukcji.\" \/>\n<meta property=\"og:url\" content=\"https:\/\/www.babcock-wanson.com\/pl\/produkty\/kotly-oleju-termalnego\/tpc-b\/\" \/>\n<meta property=\"og:site_name\" content=\"Babcock Wanson\" \/>\n<meta property=\"article:modified_time\" content=\"2021-11-08T00:40:19+00:00\" \/>\n<meta property=\"og:image\" content=\"https:\/\/www.babcock-wanson.com\/wp-content\/uploads\/2018\/08\/TC-B-Series-side-by-side.jpg\" \/>\n\t<meta property=\"og:image:width\" content=\"600\" \/>\n\t<meta property=\"og:image:height\" content=\"401\" \/>\n\t<meta property=\"og:image:type\" content=\"image\/jpeg\" \/>\n<meta name=\"twitter:card\" content=\"summary_large_image\" \/>\n<meta name=\"twitter:label1\" content=\"Est. reading time\" \/>\n\t<meta name=\"twitter:data1\" content=\"1 minuta\" \/>\n<script type=\"application\/ld+json\" class=\"yoast-schema-graph\">{\"@context\":\"https:\\\/\\\/schema.org\",\"@graph\":[{\"@type\":\"WebPage\",\"@id\":\"https:\\\/\\\/www.babcock-wanson.com\\\/pl\\\/produkty\\\/kotly-oleju-termalnego\\\/tpc-b\\\/\",\"url\":\"https:\\\/\\\/www.babcock-wanson.com\\\/pl\\\/produkty\\\/kotly-oleju-termalnego\\\/tpc-b\\\/\",\"name\":\"TPC-B - Kot\u0142y Oleju Termalnego - Babcock Wanson\",\"isPartOf\":{\"@id\":\"https:\\\/\\\/www.babcock-wanson.com\\\/pl\\\/#website\"},\"primaryImageOfPage\":{\"@id\":\"https:\\\/\\\/www.babcock-wanson.com\\\/pl\\\/produkty\\\/kotly-oleju-termalnego\\\/tpc-b\\\/#primaryimage\"},\"image\":{\"@id\":\"https:\\\/\\\/www.babcock-wanson.com\\\/pl\\\/produkty\\\/kotly-oleju-termalnego\\\/tpc-b\\\/#primaryimage\"},\"thumbnailUrl\":\"https:\\\/\\\/www.babcock-wanson.com\\\/wp-content\\\/uploads\\\/2018\\\/08\\\/TC-B-Series-side-by-side.jpg\",\"datePublished\":\"2018-08-15T10:32:18+00:00\",\"dateModified\":\"2021-11-08T00:40:19+00:00\",\"description\":\"Model TPC-B firmy Babcock Wanson to pionowy, wieloobiegowy piec grzewczy na olej termiczny o d\u0142ugiej tradycji zar\u00f3wno pod wzgl\u0119dem wzornictwa, jak i konstrukcji.\",\"breadcrumb\":{\"@id\":\"https:\\\/\\\/www.babcock-wanson.com\\\/pl\\\/produkty\\\/kotly-oleju-termalnego\\\/tpc-b\\\/#breadcrumb\"},\"inLanguage\":\"pl-PL\",\"potentialAction\":[{\"@type\":\"ReadAction\",\"target\":[\"https:\\\/\\\/www.babcock-wanson.com\\\/pl\\\/produkty\\\/kotly-oleju-termalnego\\\/tpc-b\\\/\"]}]},{\"@type\":\"ImageObject\",\"inLanguage\":\"pl-PL\",\"@id\":\"https:\\\/\\\/www.babcock-wanson.com\\\/pl\\\/produkty\\\/kotly-oleju-termalnego\\\/tpc-b\\\/#primaryimage\",\"url\":\"https:\\\/\\\/www.babcock-wanson.com\\\/wp-content\\\/uploads\\\/2018\\\/08\\\/TC-B-Series-side-by-side.jpg\",\"contentUrl\":\"https:\\\/\\\/www.babcock-wanson.com\\\/wp-content\\\/uploads\\\/2018\\\/08\\\/TC-B-Series-side-by-side.jpg\",\"width\":600,\"height\":401},{\"@type\":\"BreadcrumbList\",\"@id\":\"https:\\\/\\\/www.babcock-wanson.com\\\/pl\\\/produkty\\\/kotly-oleju-termalnego\\\/tpc-b\\\/#breadcrumb\",\"itemListElement\":[{\"@type\":\"ListItem\",\"position\":1,\"name\":\"Strona g\u0142\u00f3wna\",\"item\":\"https:\\\/\\\/www.babcock-wanson.com\\\/pl\\\/\"},{\"@type\":\"ListItem\",\"position\":2,\"name\":\"Produkty\",\"item\":\"https:\\\/\\\/www.babcock-wanson.com\\\/pl\\\/shop\\\/\"},{\"@type\":\"ListItem\",\"position\":3,\"name\":\"Kot\u0142y Oleju Termalnego\",\"item\":\"https:\\\/\\\/www.babcock-wanson.com\\\/pl\\\/kategoria-produktu\\\/kotly-oleju-termalnego\\\/\"},{\"@type\":\"ListItem\",\"position\":4,\"name\":\"TPC-B\"}]},{\"@type\":\"WebSite\",\"@id\":\"https:\\\/\\\/www.babcock-wanson.com\\\/pl\\\/#website\",\"url\":\"https:\\\/\\\/www.babcock-wanson.com\\\/pl\\\/\",\"name\":\"Babcock Wanson\",\"description\":\"\",\"publisher\":{\"@id\":\"https:\\\/\\\/www.babcock-wanson.com\\\/pl\\\/#organization\"},\"potentialAction\":[{\"@type\":\"SearchAction\",\"target\":{\"@type\":\"EntryPoint\",\"urlTemplate\":\"https:\\\/\\\/www.babcock-wanson.com\\\/pl\\\/?s={search_term_string}\"},\"query-input\":{\"@type\":\"PropertyValueSpecification\",\"valueRequired\":true,\"valueName\":\"search_term_string\"}}],\"inLanguage\":\"pl-PL\"},{\"@type\":\"Organization\",\"@id\":\"https:\\\/\\\/www.babcock-wanson.com\\\/pl\\\/#organization\",\"name\":\"Babcock Wanson\",\"url\":\"https:\\\/\\\/www.babcock-wanson.com\\\/pl\\\/\",\"logo\":{\"@type\":\"ImageObject\",\"inLanguage\":\"pl-PL\",\"@id\":\"https:\\\/\\\/www.babcock-wanson.com\\\/pl\\\/#\\\/schema\\\/logo\\\/image\\\/\",\"url\":\"https:\\\/\\\/www.babcock-wanson.com\\\/wp-content\\\/uploads\\\/2024\\\/02\\\/Babcock-Wanson-1200x1200-1.png\",\"contentUrl\":\"https:\\\/\\\/www.babcock-wanson.com\\\/wp-content\\\/uploads\\\/2024\\\/02\\\/Babcock-Wanson-1200x1200-1.png\",\"width\":1200,\"height\":1200,\"caption\":\"Babcock Wanson\"},\"image\":{\"@id\":\"https:\\\/\\\/www.babcock-wanson.com\\\/pl\\\/#\\\/schema\\\/logo\\\/image\\\/\"},\"sameAs\":[\"https:\\\/\\\/www.linkedin.com\\\/company\\\/babcock-wanson\\\/\",\"https:\\\/\\\/www.youtube.com\\\/channel\\\/UCtxl25VieBBsP2kYmtlyv7A\"]}]}<\/script>\n<!-- \/ Yoast SEO Premium plugin. -->","yoast_head_json":{"title":"TPC-B - Kot\u0142y Oleju Termalnego - Babcock Wanson","description":"Model TPC-B firmy Babcock Wanson to pionowy, wieloobiegowy piec grzewczy na olej termiczny o d\u0142ugiej tradycji zar\u00f3wno pod wzgl\u0119dem wzornictwa, jak i konstrukcji.","robots":{"index":"index","follow":"follow","max-snippet":"max-snippet:-1","max-image-preview":"max-image-preview:large","max-video-preview":"max-video-preview:-1"},"canonical":"https:\/\/www.babcock-wanson.com\/pl\/produkty\/kotly-oleju-termalnego\/tpc-b\/","og_locale":"pl_PL","og_type":"article","og_title":"TPC-B","og_description":"Model TPC-B firmy Babcock Wanson to pionowy, wieloobiegowy piec grzewczy na olej termiczny o d\u0142ugiej tradycji zar\u00f3wno pod wzgl\u0119dem wzornictwa, jak i konstrukcji.","og_url":"https:\/\/www.babcock-wanson.com\/pl\/produkty\/kotly-oleju-termalnego\/tpc-b\/","og_site_name":"Babcock Wanson","article_modified_time":"2021-11-08T00:40:19+00:00","og_image":[{"width":600,"height":401,"url":"https:\/\/www.babcock-wanson.com\/wp-content\/uploads\/2018\/08\/TC-B-Series-side-by-side.jpg","type":"image\/jpeg"}],"twitter_card":"summary_large_image","twitter_misc":{"Est. reading time":"1 minuta"},"schema":{"@context":"https:\/\/schema.org","@graph":[{"@type":"WebPage","@id":"https:\/\/www.babcock-wanson.com\/pl\/produkty\/kotly-oleju-termalnego\/tpc-b\/","url":"https:\/\/www.babcock-wanson.com\/pl\/produkty\/kotly-oleju-termalnego\/tpc-b\/","name":"TPC-B - Kot\u0142y Oleju Termalnego - Babcock Wanson","isPartOf":{"@id":"https:\/\/www.babcock-wanson.com\/pl\/#website"},"primaryImageOfPage":{"@id":"https:\/\/www.babcock-wanson.com\/pl\/produkty\/kotly-oleju-termalnego\/tpc-b\/#primaryimage"},"image":{"@id":"https:\/\/www.babcock-wanson.com\/pl\/produkty\/kotly-oleju-termalnego\/tpc-b\/#primaryimage"},"thumbnailUrl":"https:\/\/www.babcock-wanson.com\/wp-content\/uploads\/2018\/08\/TC-B-Series-side-by-side.jpg","datePublished":"2018-08-15T10:32:18+00:00","dateModified":"2021-11-08T00:40:19+00:00","description":"Model TPC-B firmy Babcock Wanson to pionowy, wieloobiegowy piec grzewczy na olej termiczny o d\u0142ugiej tradycji zar\u00f3wno pod wzgl\u0119dem wzornictwa, jak i konstrukcji.","breadcrumb":{"@id":"https:\/\/www.babcock-wanson.com\/pl\/produkty\/kotly-oleju-termalnego\/tpc-b\/#breadcrumb"},"inLanguage":"pl-PL","potentialAction":[{"@type":"ReadAction","target":["https:\/\/www.babcock-wanson.com\/pl\/produkty\/kotly-oleju-termalnego\/tpc-b\/"]}]},{"@type":"ImageObject","inLanguage":"pl-PL","@id":"https:\/\/www.babcock-wanson.com\/pl\/produkty\/kotly-oleju-termalnego\/tpc-b\/#primaryimage","url":"https:\/\/www.babcock-wanson.com\/wp-content\/uploads\/2018\/08\/TC-B-Series-side-by-side.jpg","contentUrl":"https:\/\/www.babcock-wanson.com\/wp-content\/uploads\/2018\/08\/TC-B-Series-side-by-side.jpg","width":600,"height":401},{"@type":"BreadcrumbList","@id":"https:\/\/www.babcock-wanson.com\/pl\/produkty\/kotly-oleju-termalnego\/tpc-b\/#breadcrumb","itemListElement":[{"@type":"ListItem","position":1,"name":"Strona g\u0142\u00f3wna","item":"https:\/\/www.babcock-wanson.com\/pl\/"},{"@type":"ListItem","position":2,"name":"Produkty","item":"https:\/\/www.babcock-wanson.com\/pl\/shop\/"},{"@type":"ListItem","position":3,"name":"Kot\u0142y Oleju Termalnego","item":"https:\/\/www.babcock-wanson.com\/pl\/kategoria-produktu\/kotly-oleju-termalnego\/"},{"@type":"ListItem","position":4,"name":"TPC-B"}]},{"@type":"WebSite","@id":"https:\/\/www.babcock-wanson.com\/pl\/#website","url":"https:\/\/www.babcock-wanson.com\/pl\/","name":"Babcock Wanson","description":"","publisher":{"@id":"https:\/\/www.babcock-wanson.com\/pl\/#organization"},"potentialAction":[{"@type":"SearchAction","target":{"@type":"EntryPoint","urlTemplate":"https:\/\/www.babcock-wanson.com\/pl\/?s={search_term_string}"},"query-input":{"@type":"PropertyValueSpecification","valueRequired":true,"valueName":"search_term_string"}}],"inLanguage":"pl-PL"},{"@type":"Organization","@id":"https:\/\/www.babcock-wanson.com\/pl\/#organization","name":"Babcock Wanson","url":"https:\/\/www.babcock-wanson.com\/pl\/","logo":{"@type":"ImageObject","inLanguage":"pl-PL","@id":"https:\/\/www.babcock-wanson.com\/pl\/#\/schema\/logo\/image\/","url":"https:\/\/www.babcock-wanson.com\/wp-content\/uploads\/2024\/02\/Babcock-Wanson-1200x1200-1.png","contentUrl":"https:\/\/www.babcock-wanson.com\/wp-content\/uploads\/2024\/02\/Babcock-Wanson-1200x1200-1.png","width":1200,"height":1200,"caption":"Babcock Wanson"},"image":{"@id":"https:\/\/www.babcock-wanson.com\/pl\/#\/schema\/logo\/image\/"},"sameAs":["https:\/\/www.linkedin.com\/company\/babcock-wanson\/","https:\/\/www.youtube.com\/channel\/UCtxl25VieBBsP2kYmtlyv7A"]}]}},"jetpack_sharing_enabled":true,"_links":{"self":[{"href":"https:\/\/www.babcock-wanson.com\/pl\/wp-json\/wp\/v2\/product\/36733","targetHints":{"allow":["GET"]}}],"collection":[{"href":"https:\/\/www.babcock-wanson.com\/pl\/wp-json\/wp\/v2\/product"}],"about":[{"href":"https:\/\/www.babcock-wanson.com\/pl\/wp-json\/wp\/v2\/types\/product"}],"replies":[{"embeddable":true,"href":"https:\/\/www.babcock-wanson.com\/pl\/wp-json\/wp\/v2\/comments?post=36733"}],"wp:featuredmedia":[{"embeddable":true,"href":"https:\/\/www.babcock-wanson.com\/pl\/wp-json\/wp\/v2\/media\/35591"}],"wp:attachment":[{"href":"https:\/\/www.babcock-wanson.com\/pl\/wp-json\/wp\/v2\/media?parent=36733"}],"wp:term":[{"taxonomy":"product_brand","embeddable":true,"href":"https:\/\/www.babcock-wanson.com\/pl\/wp-json\/wp\/v2\/product_brand?post=36733"},{"taxonomy":"product_cat","embeddable":true,"href":"https:\/\/www.babcock-wanson.com\/pl\/wp-json\/wp\/v2\/product_cat?post=36733"},{"taxonomy":"product_tag","embeddable":true,"href":"https:\/\/www.babcock-wanson.com\/pl\/wp-json\/wp\/v2\/product_tag?post=36733"}],"curies":[{"name":"wp","href":"https:\/\/api.w.org\/{rel}","templated":true}]}}