{"id":36743,"date":"2018-08-15T11:32:12","date_gmt":"2018-08-15T10:32:12","guid":{"rendered":"https:\/\/www.babcock-wanson.com\/products\/bez-kategorii\/epc-es-series\/"},"modified":"2020-12-09T09:42:05","modified_gmt":"2020-12-09T09:42:05","slug":"epc-es","status":"publish","type":"product","link":"https:\/\/www.babcock-wanson.com\/pl\/produkty\/kotly-oleju-termalnego\/epc-es\/","title":{"rendered":"EPC-ES"},"content":{"rendered":"<div class=\"vgblk-rw-wrapper limit-wrapper\">\r\n<h3>Wysokosprawne ogrzewanie z\u00a0wykorzystaniem olej\u00f3w termicznych<\/h3>\r\n<ul>\r\n<li>Zintegrowany ekonomizer powietrza do spalania\/spalin zapewnia bardzo wysok\u0105 sprawno\u015b\u0107 robocz\u0105 bez konieczno\u015bci stosowania zewn\u0119trznych uk\u0142ad\u00f3w odzysku ciep\u0142a, co przek\u0142ada si\u0119 na prost\u0105, bezpieczn\u0105 i\u00a0niezawodn\u0105 eksploatacj\u0119.<\/li>\r\n<li>Palnik Babcock Wanson zaprojektowany tak, aby pasowa\u0142 do komory spalania, zapewnia efektywn\u0105 prac\u0119 z\u00a0podgrzanym powietrzem do spalania.<\/li>\r\n<li>Wysoka szybko\u015b\u0107 oleju termicznego w\u00a0w\u0119\u017cownicy zapewnia d\u0142ug\u0105 \u017cywotno\u015b\u0107 sprz\u0119tu i\u00a0oleju.<\/li>\r\n<li>W\u00a0pe\u0142ni zintegrowany i\u00a0fabrycznie przetestowany system sterowania gwarantuje prosty monta\u017c u\u00a0klienta.<\/li>\r\n<\/ul>\r\n<h3>Troska o\u00a0\u015brodowisko naturalne<\/h3>\r\n<ul>\r\n<li>Sprawdzona konstrukcja zapewnia niskie zu\u017cycia paliwa i\u00a0\u0142atwo\u015bci obs\u0142ugi.<\/li>\r\n<li>Wysoka sprawno\u015b\u0107 obieg\u00f3w oleju termicznego o\u00a0zredukowanym przep\u0142ywie gaz\u00f3w spalinowych gwarantuje znaczne korzy\u015bci \u015brodowisku naturalnemu.<\/li>\r\n<\/ul>\r\n<h3>Pe\u0142ny zakres wyposa\u017cenia i\u00a0dodatkowych us\u0142ug<\/h3>\r\n<ul>\r\n<li>Pompy cieczy do transferu ciep\u0142a.<\/li>\r\n<li>Odgazowywacze i zbiorniki wyr\u00f3wnawcze.<\/li>\r\n<li>Kombinowany zbiornik odgazowywacza i wyr\u00f3wnawczy.<\/li>\r\n<li>Obiegi wt\u00f3rne i uk\u0142ady regulacji do odbiornik\u00f3w ciep\u0142a.<\/li>\r\n<\/ul>\r\n<h2>EPC-ES &#8211; Kot\u0142y Oleju Termalnego<\/h2>\r\n<table>\r\n<tbody>\r\n<tr>\r\n<th>EPC-ES<\/th>\r\n<th>model<\/th>\r\n<th>1000 ES<\/th>\r\n<th>1500 ES<\/th>\r\n<th>2000 ES<\/th>\r\n<th>2500 ES<\/th>\r\n<th>3000 ES<\/th>\r\n<th>4000 HRV<\/th>\r\n<th>5000 HRV<\/th>\r\n<th>6000 HRV<\/th>\r\n<\/tr>\r\n<tr>\r\n<th rowspan=\"2\">Moc wyj\u015bciowa<\/th>\r\n<th>kcal\/h x 1000<\/th>\r\n<td>1000<\/td>\r\n<td>1500<\/td>\r\n<td>2000<\/td>\r\n<td>2500<\/td>\r\n<td>3000<\/td>\r\n<td>4000<\/td>\r\n<td>5000<\/td>\r\n<td>6000<\/td>\r\n<\/tr>\r\n<tr>\r\n<th>kW<\/th>\r\n<td>1163<\/td>\r\n<td>1745<\/td>\r\n<td>2326<\/td>\r\n<td>2908<\/td>\r\n<td>3489<\/td>\r\n<td>4652<\/td>\r\n<td>5815<\/td>\r\n<td>6978<\/td>\r\n<\/tr>\r\n<tr>\r\n<th>Szeroko\u015b\u0107 A<\/th>\r\n<th>mm<\/th>\r\n<td>1163<\/td>\r\n<td>1745<\/td>\r\n<td>2326<\/td>\r\n<td>2908<\/td>\r\n<td>3489<\/td>\r\n<td>4652<\/td>\r\n<td>5815<\/td>\r\n<td>6978<\/td>\r\n<\/tr>\r\n<tr>\r\n<th>D\u0142ugo\u015b\u0107 B<\/th>\r\n<th>mm<\/th>\r\n<td>1595<\/td>\r\n<td>1780<\/td>\r\n<td>2130<\/td>\r\n<td>2630<\/td>\r\n<td>2695<\/td>\r\n<td>2600<\/td>\r\n<td>3025<\/td>\r\n<td>3500<\/td>\r\n<\/tr>\r\n<tr>\r\n<th>Wysoko\u015b\u0107 C<\/th>\r\n<th>mm<\/th>\r\n<td>2790<\/td>\r\n<td>3185<\/td>\r\n<td>3650<\/td>\r\n<td>4325<\/td>\r\n<td>4630<\/td>\r\n<td>6200<\/td>\r\n<td>6250<\/td>\r\n<td>6500<\/td>\r\n<\/tr>\r\n<\/tbody>\r\n<\/table>\r\n<\/div><!-- .vgblk-rw-wrapper -->","protected":false},"excerpt":{"rendered":"<p><strong>Od 1 000 000 do 6 000 000 kcal\/godz. (1163 do 6978 kW).<\/strong> <br \/>Model EPC-ES firmy Babcock Wanson to wieloobiegowy piec grzewczy o d\u0142ugiej tradycji zar\u00f3wno pod wzgl\u0119dem wzornictwa, jak i konstrukcji. Pionowa konfiguracja ze skierowanym w d\u00f3\u0142 p\u0142omieniem zapewnia brak napr\u0119\u017ce\u0144 oraz swobod\u0119 rozpr\u0119\u017cania si\u0119 w\u0119\u017cownicy grzejnej i zintegrowanego ekonomizera. Obie te cechy maj\u0105 kluczowe znaczenie pod wzgl\u0119dem zapewnienia d\u0142ugiej \u017cywotno\u015bci sprz\u0119tu. Gama urz\u0105dze\u0144 EPC-ES i HRV zosta\u0142a zaprojektowana do pracy w wielu ga\u0142\u0119ziach przemys\u0142u i z r\u00f3\u017cnymi p\u0142ynnymi no\u015bnikami ciep\u0142a. Sprawdza si\u0119 dobrze zar\u00f3wno w uk\u0142adach otwartych, jak i ci\u015bnieniowych. Mo\u017cna stosowa\u0107 wszystkie rodzaje paliw p\u0142ynnych i gazowych.<\/p>\n","protected":false},"featured_media":35016,"comment_status":"closed","ping_status":"closed","template":"","meta":{"_acf_changed":false,"_relevanssi_hide_post":"","_relevanssi_hide_content":"","_relevanssi_pin_for_all":"","_relevanssi_pin_keywords":"","_relevanssi_unpin_keywords":"","_relevanssi_related_keywords":"","_relevanssi_related_include_ids":"","_relevanssi_related_exclude_ids":"","_relevanssi_related_no_append":"","_relevanssi_related_not_related":"","_relevanssi_related_posts":"","_relevanssi_noindex_reason":""},"product_brand":[],"product_cat":[6405],"product_tag":[],"class_list":{"0":"post-36743","1":"product","2":"type-product","3":"status-publish","4":"has-post-thumbnail","6":"product_cat-kotly-oleju-termalnego","8":"first","9":"instock","10":"shipping-taxable","11":"product-type-simple"},"acf":[],"yoast_head":"<!-- This site is optimized with the Yoast SEO Premium plugin v27.4 (Yoast SEO v27.4) - https:\/\/yoast.com\/product\/yoast-seo-premium-wordpress\/ -->\n<title>EPC-ES - Kot\u0142y Oleju Termalnego - Babcock Wanson<\/title>\n<meta name=\"description\" content=\"Model EPC-ES firmy Babcock Wanson to wieloobiegowy piec grzewczy o d\u0142ugiej tradycji zar\u00f3wno pod wzgl\u0119dem wzornictwa, jak i konstrukcji.\" \/>\n<meta name=\"robots\" content=\"index, follow, max-snippet:-1, max-image-preview:large, max-video-preview:-1\" \/>\n<link rel=\"canonical\" href=\"https:\/\/www.babcock-wanson.com\/pl\/produkty\/kotly-oleju-termalnego\/epc-es\/\" \/>\n<meta property=\"og:locale\" content=\"pl_PL\" \/>\n<meta property=\"og:type\" content=\"article\" \/>\n<meta property=\"og:title\" content=\"EPC-ES\" \/>\n<meta property=\"og:description\" content=\"Model EPC-ES firmy Babcock Wanson to wieloobiegowy piec grzewczy o d\u0142ugiej tradycji zar\u00f3wno pod wzgl\u0119dem wzornictwa, jak i konstrukcji.\" \/>\n<meta property=\"og:url\" content=\"https:\/\/www.babcock-wanson.com\/pl\/produkty\/kotly-oleju-termalnego\/epc-es\/\" \/>\n<meta property=\"og:site_name\" content=\"Babcock Wanson\" \/>\n<meta property=\"article:modified_time\" content=\"2020-12-09T09:42:05+00:00\" \/>\n<meta property=\"og:image\" content=\"https:\/\/www.babcock-wanson.com\/wp-content\/uploads\/2018\/08\/EPC-ES-Thermal-Fluid-Heater-2.png\" \/>\n\t<meta property=\"og:image:width\" content=\"600\" \/>\n\t<meta property=\"og:image:height\" content=\"400\" \/>\n\t<meta property=\"og:image:type\" content=\"image\/png\" \/>\n<meta name=\"twitter:card\" content=\"summary_large_image\" \/>\n<meta name=\"twitter:label1\" content=\"Est. reading time\" \/>\n\t<meta name=\"twitter:data1\" content=\"1 minuta\" \/>\n<script type=\"application\/ld+json\" class=\"yoast-schema-graph\">{\"@context\":\"https:\\\/\\\/schema.org\",\"@graph\":[{\"@type\":\"WebPage\",\"@id\":\"https:\\\/\\\/www.babcock-wanson.com\\\/pl\\\/produkty\\\/kotly-oleju-termalnego\\\/epc-es\\\/\",\"url\":\"https:\\\/\\\/www.babcock-wanson.com\\\/pl\\\/produkty\\\/kotly-oleju-termalnego\\\/epc-es\\\/\",\"name\":\"EPC-ES - Kot\u0142y Oleju Termalnego - Babcock Wanson\",\"isPartOf\":{\"@id\":\"https:\\\/\\\/www.babcock-wanson.com\\\/pl\\\/#website\"},\"primaryImageOfPage\":{\"@id\":\"https:\\\/\\\/www.babcock-wanson.com\\\/pl\\\/produkty\\\/kotly-oleju-termalnego\\\/epc-es\\\/#primaryimage\"},\"image\":{\"@id\":\"https:\\\/\\\/www.babcock-wanson.com\\\/pl\\\/produkty\\\/kotly-oleju-termalnego\\\/epc-es\\\/#primaryimage\"},\"thumbnailUrl\":\"https:\\\/\\\/www.babcock-wanson.com\\\/wp-content\\\/uploads\\\/2018\\\/08\\\/EPC-ES-Thermal-Fluid-Heater-2.png\",\"datePublished\":\"2018-08-15T10:32:12+00:00\",\"dateModified\":\"2020-12-09T09:42:05+00:00\",\"description\":\"Model EPC-ES firmy Babcock Wanson to wieloobiegowy piec grzewczy o d\u0142ugiej tradycji zar\u00f3wno pod wzgl\u0119dem wzornictwa, jak i konstrukcji.\",\"breadcrumb\":{\"@id\":\"https:\\\/\\\/www.babcock-wanson.com\\\/pl\\\/produkty\\\/kotly-oleju-termalnego\\\/epc-es\\\/#breadcrumb\"},\"inLanguage\":\"pl-PL\",\"potentialAction\":[{\"@type\":\"ReadAction\",\"target\":[\"https:\\\/\\\/www.babcock-wanson.com\\\/pl\\\/produkty\\\/kotly-oleju-termalnego\\\/epc-es\\\/\"]}]},{\"@type\":\"ImageObject\",\"inLanguage\":\"pl-PL\",\"@id\":\"https:\\\/\\\/www.babcock-wanson.com\\\/pl\\\/produkty\\\/kotly-oleju-termalnego\\\/epc-es\\\/#primaryimage\",\"url\":\"https:\\\/\\\/www.babcock-wanson.com\\\/wp-content\\\/uploads\\\/2018\\\/08\\\/EPC-ES-Thermal-Fluid-Heater-2.png\",\"contentUrl\":\"https:\\\/\\\/www.babcock-wanson.com\\\/wp-content\\\/uploads\\\/2018\\\/08\\\/EPC-ES-Thermal-Fluid-Heater-2.png\",\"width\":600,\"height\":400,\"caption\":\"EPC-ES Kot\u0142y Oleju Termalnego\"},{\"@type\":\"BreadcrumbList\",\"@id\":\"https:\\\/\\\/www.babcock-wanson.com\\\/pl\\\/produkty\\\/kotly-oleju-termalnego\\\/epc-es\\\/#breadcrumb\",\"itemListElement\":[{\"@type\":\"ListItem\",\"position\":1,\"name\":\"Strona g\u0142\u00f3wna\",\"item\":\"https:\\\/\\\/www.babcock-wanson.com\\\/pl\\\/\"},{\"@type\":\"ListItem\",\"position\":2,\"name\":\"Produkty\",\"item\":\"https:\\\/\\\/www.babcock-wanson.com\\\/pl\\\/shop\\\/\"},{\"@type\":\"ListItem\",\"position\":3,\"name\":\"Kot\u0142y Oleju Termalnego\",\"item\":\"https:\\\/\\\/www.babcock-wanson.com\\\/pl\\\/kategoria-produktu\\\/kotly-oleju-termalnego\\\/\"},{\"@type\":\"ListItem\",\"position\":4,\"name\":\"EPC-ES\"}]},{\"@type\":\"WebSite\",\"@id\":\"https:\\\/\\\/www.babcock-wanson.com\\\/pl\\\/#website\",\"url\":\"https:\\\/\\\/www.babcock-wanson.com\\\/pl\\\/\",\"name\":\"Babcock Wanson\",\"description\":\"\",\"publisher\":{\"@id\":\"https:\\\/\\\/www.babcock-wanson.com\\\/pl\\\/#organization\"},\"potentialAction\":[{\"@type\":\"SearchAction\",\"target\":{\"@type\":\"EntryPoint\",\"urlTemplate\":\"https:\\\/\\\/www.babcock-wanson.com\\\/pl\\\/?s={search_term_string}\"},\"query-input\":{\"@type\":\"PropertyValueSpecification\",\"valueRequired\":true,\"valueName\":\"search_term_string\"}}],\"inLanguage\":\"pl-PL\"},{\"@type\":\"Organization\",\"@id\":\"https:\\\/\\\/www.babcock-wanson.com\\\/pl\\\/#organization\",\"name\":\"Babcock Wanson\",\"url\":\"https:\\\/\\\/www.babcock-wanson.com\\\/pl\\\/\",\"logo\":{\"@type\":\"ImageObject\",\"inLanguage\":\"pl-PL\",\"@id\":\"https:\\\/\\\/www.babcock-wanson.com\\\/pl\\\/#\\\/schema\\\/logo\\\/image\\\/\",\"url\":\"https:\\\/\\\/www.babcock-wanson.com\\\/wp-content\\\/uploads\\\/2024\\\/02\\\/Babcock-Wanson-1200x1200-1.png\",\"contentUrl\":\"https:\\\/\\\/www.babcock-wanson.com\\\/wp-content\\\/uploads\\\/2024\\\/02\\\/Babcock-Wanson-1200x1200-1.png\",\"width\":1200,\"height\":1200,\"caption\":\"Babcock Wanson\"},\"image\":{\"@id\":\"https:\\\/\\\/www.babcock-wanson.com\\\/pl\\\/#\\\/schema\\\/logo\\\/image\\\/\"},\"sameAs\":[\"https:\\\/\\\/www.linkedin.com\\\/company\\\/babcock-wanson\\\/\",\"https:\\\/\\\/www.youtube.com\\\/channel\\\/UCtxl25VieBBsP2kYmtlyv7A\"]}]}<\/script>\n<!-- \/ Yoast SEO Premium plugin. -->","yoast_head_json":{"title":"EPC-ES - Kot\u0142y Oleju Termalnego - Babcock Wanson","description":"Model EPC-ES firmy Babcock Wanson to wieloobiegowy piec grzewczy o d\u0142ugiej tradycji zar\u00f3wno pod wzgl\u0119dem wzornictwa, jak i konstrukcji.","robots":{"index":"index","follow":"follow","max-snippet":"max-snippet:-1","max-image-preview":"max-image-preview:large","max-video-preview":"max-video-preview:-1"},"canonical":"https:\/\/www.babcock-wanson.com\/pl\/produkty\/kotly-oleju-termalnego\/epc-es\/","og_locale":"pl_PL","og_type":"article","og_title":"EPC-ES","og_description":"Model EPC-ES firmy Babcock Wanson to wieloobiegowy piec grzewczy o d\u0142ugiej tradycji zar\u00f3wno pod wzgl\u0119dem wzornictwa, jak i konstrukcji.","og_url":"https:\/\/www.babcock-wanson.com\/pl\/produkty\/kotly-oleju-termalnego\/epc-es\/","og_site_name":"Babcock Wanson","article_modified_time":"2020-12-09T09:42:05+00:00","og_image":[{"width":600,"height":400,"url":"https:\/\/www.babcock-wanson.com\/wp-content\/uploads\/2018\/08\/EPC-ES-Thermal-Fluid-Heater-2.png","type":"image\/png"}],"twitter_card":"summary_large_image","twitter_misc":{"Est. reading time":"1 minuta"},"schema":{"@context":"https:\/\/schema.org","@graph":[{"@type":"WebPage","@id":"https:\/\/www.babcock-wanson.com\/pl\/produkty\/kotly-oleju-termalnego\/epc-es\/","url":"https:\/\/www.babcock-wanson.com\/pl\/produkty\/kotly-oleju-termalnego\/epc-es\/","name":"EPC-ES - Kot\u0142y Oleju Termalnego - Babcock Wanson","isPartOf":{"@id":"https:\/\/www.babcock-wanson.com\/pl\/#website"},"primaryImageOfPage":{"@id":"https:\/\/www.babcock-wanson.com\/pl\/produkty\/kotly-oleju-termalnego\/epc-es\/#primaryimage"},"image":{"@id":"https:\/\/www.babcock-wanson.com\/pl\/produkty\/kotly-oleju-termalnego\/epc-es\/#primaryimage"},"thumbnailUrl":"https:\/\/www.babcock-wanson.com\/wp-content\/uploads\/2018\/08\/EPC-ES-Thermal-Fluid-Heater-2.png","datePublished":"2018-08-15T10:32:12+00:00","dateModified":"2020-12-09T09:42:05+00:00","description":"Model EPC-ES firmy Babcock Wanson to wieloobiegowy piec grzewczy o d\u0142ugiej tradycji zar\u00f3wno pod wzgl\u0119dem wzornictwa, jak i konstrukcji.","breadcrumb":{"@id":"https:\/\/www.babcock-wanson.com\/pl\/produkty\/kotly-oleju-termalnego\/epc-es\/#breadcrumb"},"inLanguage":"pl-PL","potentialAction":[{"@type":"ReadAction","target":["https:\/\/www.babcock-wanson.com\/pl\/produkty\/kotly-oleju-termalnego\/epc-es\/"]}]},{"@type":"ImageObject","inLanguage":"pl-PL","@id":"https:\/\/www.babcock-wanson.com\/pl\/produkty\/kotly-oleju-termalnego\/epc-es\/#primaryimage","url":"https:\/\/www.babcock-wanson.com\/wp-content\/uploads\/2018\/08\/EPC-ES-Thermal-Fluid-Heater-2.png","contentUrl":"https:\/\/www.babcock-wanson.com\/wp-content\/uploads\/2018\/08\/EPC-ES-Thermal-Fluid-Heater-2.png","width":600,"height":400,"caption":"EPC-ES Kot\u0142y Oleju Termalnego"},{"@type":"BreadcrumbList","@id":"https:\/\/www.babcock-wanson.com\/pl\/produkty\/kotly-oleju-termalnego\/epc-es\/#breadcrumb","itemListElement":[{"@type":"ListItem","position":1,"name":"Strona g\u0142\u00f3wna","item":"https:\/\/www.babcock-wanson.com\/pl\/"},{"@type":"ListItem","position":2,"name":"Produkty","item":"https:\/\/www.babcock-wanson.com\/pl\/shop\/"},{"@type":"ListItem","position":3,"name":"Kot\u0142y Oleju Termalnego","item":"https:\/\/www.babcock-wanson.com\/pl\/kategoria-produktu\/kotly-oleju-termalnego\/"},{"@type":"ListItem","position":4,"name":"EPC-ES"}]},{"@type":"WebSite","@id":"https:\/\/www.babcock-wanson.com\/pl\/#website","url":"https:\/\/www.babcock-wanson.com\/pl\/","name":"Babcock Wanson","description":"","publisher":{"@id":"https:\/\/www.babcock-wanson.com\/pl\/#organization"},"potentialAction":[{"@type":"SearchAction","target":{"@type":"EntryPoint","urlTemplate":"https:\/\/www.babcock-wanson.com\/pl\/?s={search_term_string}"},"query-input":{"@type":"PropertyValueSpecification","valueRequired":true,"valueName":"search_term_string"}}],"inLanguage":"pl-PL"},{"@type":"Organization","@id":"https:\/\/www.babcock-wanson.com\/pl\/#organization","name":"Babcock Wanson","url":"https:\/\/www.babcock-wanson.com\/pl\/","logo":{"@type":"ImageObject","inLanguage":"pl-PL","@id":"https:\/\/www.babcock-wanson.com\/pl\/#\/schema\/logo\/image\/","url":"https:\/\/www.babcock-wanson.com\/wp-content\/uploads\/2024\/02\/Babcock-Wanson-1200x1200-1.png","contentUrl":"https:\/\/www.babcock-wanson.com\/wp-content\/uploads\/2024\/02\/Babcock-Wanson-1200x1200-1.png","width":1200,"height":1200,"caption":"Babcock Wanson"},"image":{"@id":"https:\/\/www.babcock-wanson.com\/pl\/#\/schema\/logo\/image\/"},"sameAs":["https:\/\/www.linkedin.com\/company\/babcock-wanson\/","https:\/\/www.youtube.com\/channel\/UCtxl25VieBBsP2kYmtlyv7A"]}]}},"jetpack_sharing_enabled":true,"_links":{"self":[{"href":"https:\/\/www.babcock-wanson.com\/pl\/wp-json\/wp\/v2\/product\/36743","targetHints":{"allow":["GET"]}}],"collection":[{"href":"https:\/\/www.babcock-wanson.com\/pl\/wp-json\/wp\/v2\/product"}],"about":[{"href":"https:\/\/www.babcock-wanson.com\/pl\/wp-json\/wp\/v2\/types\/product"}],"replies":[{"embeddable":true,"href":"https:\/\/www.babcock-wanson.com\/pl\/wp-json\/wp\/v2\/comments?post=36743"}],"wp:featuredmedia":[{"embeddable":true,"href":"https:\/\/www.babcock-wanson.com\/pl\/wp-json\/wp\/v2\/media\/35016"}],"wp:attachment":[{"href":"https:\/\/www.babcock-wanson.com\/pl\/wp-json\/wp\/v2\/media?parent=36743"}],"wp:term":[{"taxonomy":"product_brand","embeddable":true,"href":"https:\/\/www.babcock-wanson.com\/pl\/wp-json\/wp\/v2\/product_brand?post=36743"},{"taxonomy":"product_cat","embeddable":true,"href":"https:\/\/www.babcock-wanson.com\/pl\/wp-json\/wp\/v2\/product_cat?post=36743"},{"taxonomy":"product_tag","embeddable":true,"href":"https:\/\/www.babcock-wanson.com\/pl\/wp-json\/wp\/v2\/product_tag?post=36743"}],"curies":[{"name":"wp","href":"https:\/\/api.w.org\/{rel}","templated":true}]}}