{"id":36748,"date":"2018-08-15T11:32:09","date_gmt":"2018-08-15T10:32:09","guid":{"rendered":"https:\/\/www.babcock-wanson.com\/products\/bez-kategorii\/epc-h-series\/"},"modified":"2020-11-06T10:28:01","modified_gmt":"2020-11-06T10:28:01","slug":"epc-h","status":"publish","type":"product","link":"https:\/\/www.babcock-wanson.com\/pl\/produkty\/kotly-oleju-termalnego\/epc-h\/","title":{"rendered":"EPC-H"},"content":{"rendered":"<div class=\"vgblk-rw-wrapper limit-wrapper\">\r\n<h3>Wysoka sprawno\u015b\u0107<\/h3>\r\n<p>Komora spalania zosta\u0142a zaprojektowana z\u00a0my\u015bl\u0105 o\u00a0ma\u0142ym obci\u0105\u017ceniu cieplnym. Oferuje du\u017c\u0105 powierzchni\u0119 wymiany ciep\u0142a, co przek\u0142ada si\u0119 na sprawno\u015b\u0107 ciepln\u0105 do 92%. Konstrukcja wymiennika ciep\u0142a skutkuje r\u00f3wnie\u017c optymalnym spadkiem ci\u015bnienia po stronie cieczy, co zmniejsza zapotrzebowanie na moc pompy obiegowej i\u00a0sprawdza si\u0119 szczeg\u00f3lnie w\u00a0przypadku optymalizacji system\u00f3w o\u00a0wysokim przep\u0142ywie.<\/p>\r\n<h3>Prosta i\u00a0niezawodna obs\u0142uga<\/h3>\r\n<ul>\r\n<li>Piec grzewczy EPC-H jest dostarczany w\u00a0stanie gotowym do pod\u0142\u0105czenia do obiegu oleju termicznego, zasilania paliwem, zasilania elektrycznego i\u00a0uk\u0142ad\u00f3w wydechowych, co umo\u017cliwia prost\u0105 i\u00a0szybk\u0105 instalacj\u0119.<\/li>\r\n<li>Palnik Babcock Wanson to solidna i\u00a0sprawdzona konstrukcja zaprojektowana w\u00a0spos\u00f3b dopasowany do konstrukcji komory spalania i\u00a0ci\u0105g\u00f3w spalinowych. Dzi\u0119ki wysokiej sprawno\u015bci ta optymalna konstrukcja zapewnia d\u0142u\u017csz\u0105 \u017cywotno\u015b\u0107.<\/li>\r\n<li>Mimo wysokiej mocy pracy piec grzewczy EPC-H jest w\u00a0stanie sprosta\u0107 najsurowszym wymogom ekologicznym w\u00a0zakresie emisji spalin.<\/li>\r\n<li>Systemy monitorowania przep\u0142ywu wbudowane w\u00a0konstrukcj\u0119 pieca zapewniaj\u0105 bezproblemow\u0105 i\u00a0niezawodn\u0105 eksploatacj\u0119 p\u0142ynu.<\/li>\r\n<li>Prostota obs\u0142ugi i\u00a0konserwacji oznacza, \u017ce piec grzewczy EPC-H to idealny wyb\u00f3r do projekt\u00f3w o\u00a0wi\u0119kszym zapotrzebowaniu i\u00a0bardzo niskiej emisji.<\/li>\r\n<\/ul>\r\n<h3>Troska o\u00a0\u015brodowisko naturalne<\/h3>\r\n<ul>\r\n<li>Sprawdzona konstrukcja gwarantuje ni\u017csze zu\u017cycia paliwa i\u00a0\u0142atwo\u015bci obs\u0142ugi.<\/li>\r\n<li>Zredukowane do minimum zastosowanie materia\u0142\u00f3w ogniotrwa\u0142ych oznacza prost\u0105 obs\u0142ug\u0119 i\u00a0konserwacj\u0119 przez d\u0142ugi czas.<\/li>\r\n<li>Wysoka sprawno\u015b\u0107 obieg\u00f3w oleju termicznego o\u00a0zredukowanym przep\u0142ywie gaz\u00f3w spalinowych gwarantuje znaczne korzy\u015bci \u015brodowisku naturalnemu.<\/li>\r\n<\/ul>\r\n<h3>Pe\u0142ny zakres wyposa\u017cenia dodatkowego<\/h3>\r\n<ul>\r\n<li>Pompy cieczy do transferu ciep\u0142a.<\/li>\r\n<li>Zawory systemowe i elementy sterowania.<\/li>\r\n<li>Urz\u0105dzenia pomocnicze i wymienniki ciep\u0142a oraz projekty \u201epod klucz\u201d na zam\u00f3wienie.<\/li>\r\n<\/ul>\r\n<h2>EPC-H &#8211; Kot\u0142y Oleju Termalnego<\/h2>\r\n<table>\r\n<tbody>\r\n<tr>\r\n<th>EPC-H<\/th>\r\n<th>Model<\/th>\r\n<th>2000<\/th>\r\n<th>3000<\/th>\r\n<th>4000<\/th>\r\n<th>5000<\/th>\r\n<th>6000<\/th>\r\n<th>7000<\/th>\r\n<th>8000<\/th>\r\n<th>10000<\/th>\r\n<th>12000<\/th>\r\n<\/tr>\r\n<tr>\r\n<th>Moc wyj\u015bciowa<\/th>\r\n<th>kCal\/hx1000<\/th>\r\n<td>2000<\/td>\r\n<td>3000<\/td>\r\n<td>4000<\/td>\r\n<td>5000<\/td>\r\n<td>6000<\/td>\r\n<td>7000<\/td>\r\n<td>8000<\/td>\r\n<td>10000<\/td>\r\n<td>12000<\/td>\r\n<\/tr>\r\n<tr>\r\n<th>\u00a0<\/th>\r\n<th>Kw<\/th>\r\n<td>2326<\/td>\r\n<td>3488<\/td>\r\n<td>4651<\/td>\r\n<td>5814<\/td>\r\n<td>6977<\/td>\r\n<td>8140<\/td>\r\n<td>9302<\/td>\r\n<td>11628<\/td>\r\n<td>13953<\/td>\r\n<\/tr>\r\n<tr>\r\n<th>Szeroko\u015b\u0107<\/th>\r\n<th>mm<\/th>\r\n<td>2368<\/td>\r\n<td>2472<\/td>\r\n<td>2668<\/td>\r\n<td>2768<\/td>\r\n<td>3096<\/td>\r\n<td>3268<\/td>\r\n<td>3268<\/td>\r\n<td>3668<\/td>\r\n<td>3668<\/td>\r\n<\/tr>\r\n<tr>\r\n<th>D\u0142ugo\u015b\u0107<\/th>\r\n<th>mm<\/th>\r\n<td>5744<\/td>\r\n<td>6557<\/td>\r\n<td>6921<\/td>\r\n<td>7191<\/td>\r\n<td>7391<\/td>\r\n<td>8450<\/td>\r\n<td>9058<\/td>\r\n<td>9595<\/td>\r\n<td>9595<\/td>\r\n<\/tr>\r\n<tr>\r\n<th>Wysoko\u015b\u0107<\/th>\r\n<th>mm<\/th>\r\n<td>2413<\/td>\r\n<td>2543<\/td>\r\n<td>2795<\/td>\r\n<td>2901<\/td>\r\n<td>3216<\/td>\r\n<td>3462<\/td>\r\n<td>3512<\/td>\r\n<td>3797<\/td>\r\n<td>4091<\/td>\r\n<\/tr>\r\n<\/tbody>\r\n<\/table>\r\n<h3><\/h3><\/div><!-- .vgblk-rw-wrapper -->","protected":false},"excerpt":{"rendered":"<p><strong>Wydajno\u015b\u0107 od 2 000 000 do 12 000 000 kcal\/godz. (od 2326 do 13 953 kW).<\/strong> <br \/>Piec grzewczy EPC-H firmy Babcock Wanson to pozioma, rurowa konstrukcja o wielu obiegach, zasilana olejem termicznym, zapewniaj\u0105ca wysok\u0105 sprawno\u015b\u0107 podczas pracy z wykorzystaniem gazu ziemnego, gazu LPG, lekkiego oleju opa\u0142owego i r\u00f3\u017cnych specjalistycznych biopaliw. Piec grzewczy EPC-H zaprojektowano tak, aby nadawa\u0142 si\u0119 do pracy w wielu ga\u0142\u0119ziach przemys\u0142u oraz zapewnia\u0142 wydajn\u0105, prost\u0105, bezpieczn\u0105 i niezawodn\u0105 eksploatacj\u0119.<\/p>\n","protected":false},"featured_media":36042,"comment_status":"closed","ping_status":"closed","template":"","meta":{"_acf_changed":false,"_relevanssi_hide_post":"","_relevanssi_hide_content":"","_relevanssi_pin_for_all":"","_relevanssi_pin_keywords":"","_relevanssi_unpin_keywords":"","_relevanssi_related_keywords":"","_relevanssi_related_include_ids":"","_relevanssi_related_exclude_ids":"","_relevanssi_related_no_append":"","_relevanssi_related_not_related":"","_relevanssi_related_posts":"","_relevanssi_noindex_reason":""},"product_brand":[],"product_cat":[6405],"product_tag":[],"class_list":{"0":"post-36748","1":"product","2":"type-product","3":"status-publish","4":"has-post-thumbnail","6":"product_cat-kotly-oleju-termalnego","8":"first","9":"instock","10":"shipping-taxable","11":"product-type-simple"},"acf":[],"yoast_head":"<!-- This site is optimized with the Yoast SEO Premium plugin v27.4 (Yoast SEO v27.4) - https:\/\/yoast.com\/product\/yoast-seo-premium-wordpress\/ -->\n<title>EPC-H - Kot\u0142y Oleju Termalnego - Babcock Wanson<\/title>\n<meta name=\"description\" content=\"Piec grzewczy EPC-H firmy Babcock Wanson to pozioma, rurowa konstrukcja o wielu obiegach, zasilana olejem termicznym, zapewniaj\u0105ca wysok\u0105 sprawno\u015b\u0107 podczas pracy z wykorzystaniem gazu ziemnego, gazu LPG, lekkiego oleju opa\u0142owego i r\u00f3\u017cnych specjalistycznych biopaliw.\" \/>\n<meta name=\"robots\" content=\"index, follow, max-snippet:-1, max-image-preview:large, max-video-preview:-1\" \/>\n<link rel=\"canonical\" href=\"https:\/\/www.babcock-wanson.com\/pl\/produkty\/kotly-oleju-termalnego\/epc-h\/\" \/>\n<meta property=\"og:locale\" content=\"pl_PL\" \/>\n<meta property=\"og:type\" content=\"article\" \/>\n<meta property=\"og:title\" content=\"EPC-H\" \/>\n<meta property=\"og:description\" content=\"Piec grzewczy EPC-H firmy Babcock Wanson to pozioma, rurowa konstrukcja o wielu obiegach, zasilana olejem termicznym, zapewniaj\u0105ca wysok\u0105 sprawno\u015b\u0107 podczas pracy z wykorzystaniem gazu ziemnego, gazu LPG, lekkiego oleju opa\u0142owego i r\u00f3\u017cnych specjalistycznych biopaliw.\" \/>\n<meta property=\"og:url\" content=\"https:\/\/www.babcock-wanson.com\/pl\/produkty\/kotly-oleju-termalnego\/epc-h\/\" \/>\n<meta property=\"og:site_name\" content=\"Babcock Wanson\" \/>\n<meta property=\"article:modified_time\" content=\"2020-11-06T10:28:01+00:00\" \/>\n<meta property=\"og:image\" content=\"https:\/\/www.babcock-wanson.com\/wp-content\/uploads\/2018\/08\/EPC-H-Thermal-Fluid-Heater-3.jpg\" \/>\n\t<meta property=\"og:image:width\" content=\"600\" \/>\n\t<meta property=\"og:image:height\" content=\"400\" \/>\n\t<meta property=\"og:image:type\" content=\"image\/jpeg\" \/>\n<meta name=\"twitter:card\" content=\"summary_large_image\" \/>\n<meta name=\"twitter:label1\" content=\"Est. reading time\" \/>\n\t<meta name=\"twitter:data1\" content=\"2 minuty\" \/>\n<script type=\"application\/ld+json\" class=\"yoast-schema-graph\">{\"@context\":\"https:\\\/\\\/schema.org\",\"@graph\":[{\"@type\":\"WebPage\",\"@id\":\"https:\\\/\\\/www.babcock-wanson.com\\\/pl\\\/produkty\\\/kotly-oleju-termalnego\\\/epc-h\\\/\",\"url\":\"https:\\\/\\\/www.babcock-wanson.com\\\/pl\\\/produkty\\\/kotly-oleju-termalnego\\\/epc-h\\\/\",\"name\":\"EPC-H - Kot\u0142y Oleju Termalnego - Babcock Wanson\",\"isPartOf\":{\"@id\":\"https:\\\/\\\/www.babcock-wanson.com\\\/pl\\\/#website\"},\"primaryImageOfPage\":{\"@id\":\"https:\\\/\\\/www.babcock-wanson.com\\\/pl\\\/produkty\\\/kotly-oleju-termalnego\\\/epc-h\\\/#primaryimage\"},\"image\":{\"@id\":\"https:\\\/\\\/www.babcock-wanson.com\\\/pl\\\/produkty\\\/kotly-oleju-termalnego\\\/epc-h\\\/#primaryimage\"},\"thumbnailUrl\":\"https:\\\/\\\/www.babcock-wanson.com\\\/wp-content\\\/uploads\\\/2018\\\/08\\\/EPC-H-Thermal-Fluid-Heater-3.jpg\",\"datePublished\":\"2018-08-15T10:32:09+00:00\",\"dateModified\":\"2020-11-06T10:28:01+00:00\",\"description\":\"Piec grzewczy EPC-H firmy Babcock Wanson to pozioma, rurowa konstrukcja o wielu obiegach, zasilana olejem termicznym, zapewniaj\u0105ca wysok\u0105 sprawno\u015b\u0107 podczas pracy z wykorzystaniem gazu ziemnego, gazu LPG, lekkiego oleju opa\u0142owego i r\u00f3\u017cnych specjalistycznych biopaliw.\",\"breadcrumb\":{\"@id\":\"https:\\\/\\\/www.babcock-wanson.com\\\/pl\\\/produkty\\\/kotly-oleju-termalnego\\\/epc-h\\\/#breadcrumb\"},\"inLanguage\":\"pl-PL\",\"potentialAction\":[{\"@type\":\"ReadAction\",\"target\":[\"https:\\\/\\\/www.babcock-wanson.com\\\/pl\\\/produkty\\\/kotly-oleju-termalnego\\\/epc-h\\\/\"]}]},{\"@type\":\"ImageObject\",\"inLanguage\":\"pl-PL\",\"@id\":\"https:\\\/\\\/www.babcock-wanson.com\\\/pl\\\/produkty\\\/kotly-oleju-termalnego\\\/epc-h\\\/#primaryimage\",\"url\":\"https:\\\/\\\/www.babcock-wanson.com\\\/wp-content\\\/uploads\\\/2018\\\/08\\\/EPC-H-Thermal-Fluid-Heater-3.jpg\",\"contentUrl\":\"https:\\\/\\\/www.babcock-wanson.com\\\/wp-content\\\/uploads\\\/2018\\\/08\\\/EPC-H-Thermal-Fluid-Heater-3.jpg\",\"width\":600,\"height\":400,\"caption\":\"EPC-H-Kot\u0142y-Oleju-Termalnego\"},{\"@type\":\"BreadcrumbList\",\"@id\":\"https:\\\/\\\/www.babcock-wanson.com\\\/pl\\\/produkty\\\/kotly-oleju-termalnego\\\/epc-h\\\/#breadcrumb\",\"itemListElement\":[{\"@type\":\"ListItem\",\"position\":1,\"name\":\"Strona g\u0142\u00f3wna\",\"item\":\"https:\\\/\\\/www.babcock-wanson.com\\\/pl\\\/\"},{\"@type\":\"ListItem\",\"position\":2,\"name\":\"Produkty\",\"item\":\"https:\\\/\\\/www.babcock-wanson.com\\\/pl\\\/shop\\\/\"},{\"@type\":\"ListItem\",\"position\":3,\"name\":\"Kot\u0142y Oleju Termalnego\",\"item\":\"https:\\\/\\\/www.babcock-wanson.com\\\/pl\\\/kategoria-produktu\\\/kotly-oleju-termalnego\\\/\"},{\"@type\":\"ListItem\",\"position\":4,\"name\":\"EPC-H\"}]},{\"@type\":\"WebSite\",\"@id\":\"https:\\\/\\\/www.babcock-wanson.com\\\/pl\\\/#website\",\"url\":\"https:\\\/\\\/www.babcock-wanson.com\\\/pl\\\/\",\"name\":\"Babcock Wanson\",\"description\":\"\",\"publisher\":{\"@id\":\"https:\\\/\\\/www.babcock-wanson.com\\\/pl\\\/#organization\"},\"potentialAction\":[{\"@type\":\"SearchAction\",\"target\":{\"@type\":\"EntryPoint\",\"urlTemplate\":\"https:\\\/\\\/www.babcock-wanson.com\\\/pl\\\/?s={search_term_string}\"},\"query-input\":{\"@type\":\"PropertyValueSpecification\",\"valueRequired\":true,\"valueName\":\"search_term_string\"}}],\"inLanguage\":\"pl-PL\"},{\"@type\":\"Organization\",\"@id\":\"https:\\\/\\\/www.babcock-wanson.com\\\/pl\\\/#organization\",\"name\":\"Babcock Wanson\",\"url\":\"https:\\\/\\\/www.babcock-wanson.com\\\/pl\\\/\",\"logo\":{\"@type\":\"ImageObject\",\"inLanguage\":\"pl-PL\",\"@id\":\"https:\\\/\\\/www.babcock-wanson.com\\\/pl\\\/#\\\/schema\\\/logo\\\/image\\\/\",\"url\":\"https:\\\/\\\/www.babcock-wanson.com\\\/wp-content\\\/uploads\\\/2024\\\/02\\\/Babcock-Wanson-1200x1200-1.png\",\"contentUrl\":\"https:\\\/\\\/www.babcock-wanson.com\\\/wp-content\\\/uploads\\\/2024\\\/02\\\/Babcock-Wanson-1200x1200-1.png\",\"width\":1200,\"height\":1200,\"caption\":\"Babcock Wanson\"},\"image\":{\"@id\":\"https:\\\/\\\/www.babcock-wanson.com\\\/pl\\\/#\\\/schema\\\/logo\\\/image\\\/\"},\"sameAs\":[\"https:\\\/\\\/www.linkedin.com\\\/company\\\/babcock-wanson\\\/\",\"https:\\\/\\\/www.youtube.com\\\/channel\\\/UCtxl25VieBBsP2kYmtlyv7A\"]}]}<\/script>\n<!-- \/ Yoast SEO Premium plugin. -->","yoast_head_json":{"title":"EPC-H - Kot\u0142y Oleju Termalnego - Babcock Wanson","description":"Piec grzewczy EPC-H firmy Babcock Wanson to pozioma, rurowa konstrukcja o wielu obiegach, zasilana olejem termicznym, zapewniaj\u0105ca wysok\u0105 sprawno\u015b\u0107 podczas pracy z wykorzystaniem gazu ziemnego, gazu LPG, lekkiego oleju opa\u0142owego i r\u00f3\u017cnych specjalistycznych biopaliw.","robots":{"index":"index","follow":"follow","max-snippet":"max-snippet:-1","max-image-preview":"max-image-preview:large","max-video-preview":"max-video-preview:-1"},"canonical":"https:\/\/www.babcock-wanson.com\/pl\/produkty\/kotly-oleju-termalnego\/epc-h\/","og_locale":"pl_PL","og_type":"article","og_title":"EPC-H","og_description":"Piec grzewczy EPC-H firmy Babcock Wanson to pozioma, rurowa konstrukcja o wielu obiegach, zasilana olejem termicznym, zapewniaj\u0105ca wysok\u0105 sprawno\u015b\u0107 podczas pracy z wykorzystaniem gazu ziemnego, gazu LPG, lekkiego oleju opa\u0142owego i r\u00f3\u017cnych specjalistycznych biopaliw.","og_url":"https:\/\/www.babcock-wanson.com\/pl\/produkty\/kotly-oleju-termalnego\/epc-h\/","og_site_name":"Babcock Wanson","article_modified_time":"2020-11-06T10:28:01+00:00","og_image":[{"width":600,"height":400,"url":"https:\/\/www.babcock-wanson.com\/wp-content\/uploads\/2018\/08\/EPC-H-Thermal-Fluid-Heater-3.jpg","type":"image\/jpeg"}],"twitter_card":"summary_large_image","twitter_misc":{"Est. reading time":"2 minuty"},"schema":{"@context":"https:\/\/schema.org","@graph":[{"@type":"WebPage","@id":"https:\/\/www.babcock-wanson.com\/pl\/produkty\/kotly-oleju-termalnego\/epc-h\/","url":"https:\/\/www.babcock-wanson.com\/pl\/produkty\/kotly-oleju-termalnego\/epc-h\/","name":"EPC-H - Kot\u0142y Oleju Termalnego - Babcock Wanson","isPartOf":{"@id":"https:\/\/www.babcock-wanson.com\/pl\/#website"},"primaryImageOfPage":{"@id":"https:\/\/www.babcock-wanson.com\/pl\/produkty\/kotly-oleju-termalnego\/epc-h\/#primaryimage"},"image":{"@id":"https:\/\/www.babcock-wanson.com\/pl\/produkty\/kotly-oleju-termalnego\/epc-h\/#primaryimage"},"thumbnailUrl":"https:\/\/www.babcock-wanson.com\/wp-content\/uploads\/2018\/08\/EPC-H-Thermal-Fluid-Heater-3.jpg","datePublished":"2018-08-15T10:32:09+00:00","dateModified":"2020-11-06T10:28:01+00:00","description":"Piec grzewczy EPC-H firmy Babcock Wanson to pozioma, rurowa konstrukcja o wielu obiegach, zasilana olejem termicznym, zapewniaj\u0105ca wysok\u0105 sprawno\u015b\u0107 podczas pracy z wykorzystaniem gazu ziemnego, gazu LPG, lekkiego oleju opa\u0142owego i r\u00f3\u017cnych specjalistycznych biopaliw.","breadcrumb":{"@id":"https:\/\/www.babcock-wanson.com\/pl\/produkty\/kotly-oleju-termalnego\/epc-h\/#breadcrumb"},"inLanguage":"pl-PL","potentialAction":[{"@type":"ReadAction","target":["https:\/\/www.babcock-wanson.com\/pl\/produkty\/kotly-oleju-termalnego\/epc-h\/"]}]},{"@type":"ImageObject","inLanguage":"pl-PL","@id":"https:\/\/www.babcock-wanson.com\/pl\/produkty\/kotly-oleju-termalnego\/epc-h\/#primaryimage","url":"https:\/\/www.babcock-wanson.com\/wp-content\/uploads\/2018\/08\/EPC-H-Thermal-Fluid-Heater-3.jpg","contentUrl":"https:\/\/www.babcock-wanson.com\/wp-content\/uploads\/2018\/08\/EPC-H-Thermal-Fluid-Heater-3.jpg","width":600,"height":400,"caption":"EPC-H-Kot\u0142y-Oleju-Termalnego"},{"@type":"BreadcrumbList","@id":"https:\/\/www.babcock-wanson.com\/pl\/produkty\/kotly-oleju-termalnego\/epc-h\/#breadcrumb","itemListElement":[{"@type":"ListItem","position":1,"name":"Strona g\u0142\u00f3wna","item":"https:\/\/www.babcock-wanson.com\/pl\/"},{"@type":"ListItem","position":2,"name":"Produkty","item":"https:\/\/www.babcock-wanson.com\/pl\/shop\/"},{"@type":"ListItem","position":3,"name":"Kot\u0142y Oleju Termalnego","item":"https:\/\/www.babcock-wanson.com\/pl\/kategoria-produktu\/kotly-oleju-termalnego\/"},{"@type":"ListItem","position":4,"name":"EPC-H"}]},{"@type":"WebSite","@id":"https:\/\/www.babcock-wanson.com\/pl\/#website","url":"https:\/\/www.babcock-wanson.com\/pl\/","name":"Babcock Wanson","description":"","publisher":{"@id":"https:\/\/www.babcock-wanson.com\/pl\/#organization"},"potentialAction":[{"@type":"SearchAction","target":{"@type":"EntryPoint","urlTemplate":"https:\/\/www.babcock-wanson.com\/pl\/?s={search_term_string}"},"query-input":{"@type":"PropertyValueSpecification","valueRequired":true,"valueName":"search_term_string"}}],"inLanguage":"pl-PL"},{"@type":"Organization","@id":"https:\/\/www.babcock-wanson.com\/pl\/#organization","name":"Babcock Wanson","url":"https:\/\/www.babcock-wanson.com\/pl\/","logo":{"@type":"ImageObject","inLanguage":"pl-PL","@id":"https:\/\/www.babcock-wanson.com\/pl\/#\/schema\/logo\/image\/","url":"https:\/\/www.babcock-wanson.com\/wp-content\/uploads\/2024\/02\/Babcock-Wanson-1200x1200-1.png","contentUrl":"https:\/\/www.babcock-wanson.com\/wp-content\/uploads\/2024\/02\/Babcock-Wanson-1200x1200-1.png","width":1200,"height":1200,"caption":"Babcock Wanson"},"image":{"@id":"https:\/\/www.babcock-wanson.com\/pl\/#\/schema\/logo\/image\/"},"sameAs":["https:\/\/www.linkedin.com\/company\/babcock-wanson\/","https:\/\/www.youtube.com\/channel\/UCtxl25VieBBsP2kYmtlyv7A"]}]}},"jetpack_sharing_enabled":true,"_links":{"self":[{"href":"https:\/\/www.babcock-wanson.com\/pl\/wp-json\/wp\/v2\/product\/36748","targetHints":{"allow":["GET"]}}],"collection":[{"href":"https:\/\/www.babcock-wanson.com\/pl\/wp-json\/wp\/v2\/product"}],"about":[{"href":"https:\/\/www.babcock-wanson.com\/pl\/wp-json\/wp\/v2\/types\/product"}],"replies":[{"embeddable":true,"href":"https:\/\/www.babcock-wanson.com\/pl\/wp-json\/wp\/v2\/comments?post=36748"}],"wp:featuredmedia":[{"embeddable":true,"href":"https:\/\/www.babcock-wanson.com\/pl\/wp-json\/wp\/v2\/media\/36042"}],"wp:attachment":[{"href":"https:\/\/www.babcock-wanson.com\/pl\/wp-json\/wp\/v2\/media?parent=36748"}],"wp:term":[{"taxonomy":"product_brand","embeddable":true,"href":"https:\/\/www.babcock-wanson.com\/pl\/wp-json\/wp\/v2\/product_brand?post=36748"},{"taxonomy":"product_cat","embeddable":true,"href":"https:\/\/www.babcock-wanson.com\/pl\/wp-json\/wp\/v2\/product_cat?post=36748"},{"taxonomy":"product_tag","embeddable":true,"href":"https:\/\/www.babcock-wanson.com\/pl\/wp-json\/wp\/v2\/product_tag?post=36748"}],"curies":[{"name":"wp","href":"https:\/\/api.w.org\/{rel}","templated":true}]}}