{"id":36757,"date":"2019-02-12T11:35:38","date_gmt":"2019-02-12T11:35:38","guid":{"rendered":"https:\/\/www.babcock-wanson.com\/products\/bez-kategorii\/fired-steam-superheaters\/"},"modified":"2021-03-29T10:29:56","modified_gmt":"2021-03-29T09:29:56","slug":"przegrzewacze-pary","status":"publish","type":"product","link":"https:\/\/www.babcock-wanson.com\/pl\/produkty\/kotly-parowe\/przegrzewacze-pary\/","title":{"rendered":"Przegrzewacze Pary"},"content":{"rendered":"<div class=\"vgblk-rw-wrapper limit-wrapper\">\r\n<h3>Zalety stosowania przegrzewacza pary<\/h3>\r\n<ul>\r\n<li>Optymalizacja sprawno\u015bci systemu ogrzewania procesowego.<\/li>\r\n<li>Zmniejszenie kondensacji w\u00a0uk\u0142adzie dystrybucji pary.<\/li>\r\n<li>Zmniejszenie ryzyka powstawania uderze\u0144 hydraulicznych i\u00a0uszkodze\u0144 mechanicznych.<\/li>\r\n<li>Optymalizacja rozmiaru rur.<\/li>\r\n<li>Wyd\u0142u\u017cenie \u017cywotno\u015bci urz\u0105dze\u0144 systemu grzewczego.<\/li>\r\n<li>Optymalizacja zu\u017cycia paliwa.<\/li>\r\n<\/ul>\r\n<h3>Bezpiecze\u0144stwo i\u00a0sprawno\u015b\u0107<\/h3>\r\n<ul>\r\n<li>Przegrzewacze firmy Babcock Wanson s\u0105 wyposa\u017cone w\u00a0zintegrowane systemy monitorowania i\u00a0regulacji, kt\u00f3re gwarantuj\u0105 bezpieczn\u0105 prac\u0119 i\u00a0d\u0142ug\u0105 \u017cywotno\u015b\u0107 urz\u0105dzenia.<\/li>\r\n<li>W\u00a0pe\u0142ni zintegrowany i\u00a0fabrycznie sprawdzony system sterowania zapewnia z\u00a0kolei optymalne ci\u015bnienie robocze.<\/li>\r\n<\/ul>\r\n<h3>Troska o\u00a0\u015brodowisko naturalne<\/h3>\r\n<ul>\r\n<li>Przegrzewacze firmy Babcock Wanson oferuj\u0105 ni\u017csze ca\u0142kowite zu\u017cycie paliwa, co skutkuje nisk\u0105 emisj\u0105 zanieczyszcze\u0144 i\u00a0innymi powi\u0105zanymi korzy\u015bciami.<\/li>\r\n<li>Umieszczenie niezale\u017cnie zasilanego przegrzewacza za g\u0142\u00f3wn\u0105 instalacj\u0105 wytwarzaj\u0105c\u0105 par\u0119 oznacza, \u017ce obr\u00f3bce podlega tylko ta cz\u0119\u015b\u0107 generowanej pary, kt\u00f3ra musi by\u0107 przegrzana. Przek\u0142ada si\u0119 to na mniejsze wymagania w\u00a0zakresie ogrzewania\/podgrzewania i\u00a0og\u00f3ln\u0105 popraw\u0119 sprawno\u015bci procesu.<\/li>\r\n<\/ul>\r\n<\/div><!-- .vgblk-rw-wrapper -->","protected":false},"excerpt":{"rendered":"<p>Przegrzewacz pary firmy Babcock Wanson to niezale\u017cnie zasilany uk\u0142ad grzewczy z w\u0119\u017cownic\u0105, kt\u00f3ry zamienia nasycon\u0105 par\u0119 wodn\u0105 w par\u0119 przegrzan\u0105. Para przegrzana jest najcz\u0119\u015bciej wymagana w celu zmniejszenia ryzyka kondensacji pary podczas jej transferu do punktu odbiorczego. Druga sytuacja to przypadek, gdy jest wykorzystywana energia kinetyczna pary wysokoci\u015bnieniowej i konieczne jest zmaksymalizowanie energii w parze oraz unikni\u0119cie kondensacji.<\/p>\n<p>Para przegrzana jest od wielu lat stosowana w r\u00f3\u017cnych ga\u0142\u0119ziach przemys\u0142u w celu zwi\u0119kszenia og\u00f3lnej sprawno\u015bci cieplnej. Kondensacja w niew\u0142a\u015bciwej cz\u0119\u015bci procesu mo\u017ce skutkowa\u0107 uszkodzeniem urz\u0105dze\u0144 u\u017cytkownika, dlatego utrzymanie temperatury pary powy\u017cej punktu krytycznego ma kluczowe znaczenie.<\/p>\n<p>Przegrzewacz Babcock Wanson oferuje wiele korzy\u015bci w por\u00f3wnaniu z tradycyjnym urz\u0105dzeniem nieogrzewanym lub przegrzewaczem wbudowanym w kocio\u0142. Mowa tu w szczeg\u00f3lno\u015bci o dok\u0142adnej kontroli poboru energii dzi\u0119ki uniezale\u017cnieniu przegrzewania pary od szybko\u015bci wypa\u0142u kot\u0142a i uzyskaniu w ten spos\u00f3b sta\u0142ej temperatury ko\u0144cowej pary w ca\u0142ym zakresie roboczym.<\/p>\n","protected":false},"featured_media":36761,"comment_status":"closed","ping_status":"closed","template":"","meta":{"_acf_changed":false,"_relevanssi_hide_post":"","_relevanssi_hide_content":"","_relevanssi_pin_for_all":"","_relevanssi_pin_keywords":"","_relevanssi_unpin_keywords":"","_relevanssi_related_keywords":"","_relevanssi_related_include_ids":"","_relevanssi_related_exclude_ids":"","_relevanssi_related_no_append":"","_relevanssi_related_not_related":"","_relevanssi_related_posts":"","_relevanssi_noindex_reason":""},"product_brand":[],"product_cat":[6404],"product_tag":[],"class_list":{"0":"post-36757","1":"product","2":"type-product","3":"status-publish","4":"has-post-thumbnail","6":"product_cat-kotly-parowe","8":"first","9":"instock","10":"shipping-taxable","11":"product-type-simple"},"acf":[],"yoast_head":"<!-- This site is optimized with the Yoast SEO Premium plugin v27.1 (Yoast SEO v27.1.1) - https:\/\/yoast.com\/product\/yoast-seo-premium-wordpress\/ -->\n<title>Przegrzewacze Pary - Babcock Wanson<\/title>\n<meta name=\"description\" content=\"Przegrzewacz pary firmy Babcock Wanson to niezale\u017cnie zasilany uk\u0142ad grzewczy z w\u0119\u017cownic\u0105, kt\u00f3ry zamienia nasycon\u0105 par\u0119 wodn\u0105 w par\u0119 przegrzan\u0105.\" \/>\n<meta name=\"robots\" content=\"index, follow, max-snippet:-1, max-image-preview:large, max-video-preview:-1\" \/>\n<link rel=\"canonical\" href=\"https:\/\/www.babcock-wanson.com\/pl\/produkty\/kotly-parowe\/przegrzewacze-pary\/\" \/>\n<meta property=\"og:locale\" content=\"pl_PL\" \/>\n<meta property=\"og:type\" content=\"article\" \/>\n<meta property=\"og:title\" content=\"Przegrzewacze Pary\" \/>\n<meta property=\"og:description\" content=\"Przegrzewacz pary firmy Babcock Wanson to niezale\u017cnie zasilany uk\u0142ad grzewczy z w\u0119\u017cownic\u0105, kt\u00f3ry zamienia nasycon\u0105 par\u0119 wodn\u0105 w par\u0119 przegrzan\u0105.\" \/>\n<meta property=\"og:url\" content=\"https:\/\/www.babcock-wanson.com\/pl\/produkty\/kotly-parowe\/przegrzewacze-pary\/\" \/>\n<meta property=\"og:site_name\" content=\"Babcock Wanson\" \/>\n<meta property=\"article:modified_time\" content=\"2021-03-29T09:29:56+00:00\" \/>\n<meta property=\"og:image\" content=\"https:\/\/www.babcock-wanson.com\/wp-content\/uploads\/2019\/02\/superheaters-2.jpg\" \/>\n\t<meta property=\"og:image:width\" content=\"600\" \/>\n\t<meta property=\"og:image:height\" content=\"400\" \/>\n\t<meta property=\"og:image:type\" content=\"image\/jpeg\" \/>\n<meta name=\"twitter:card\" content=\"summary_large_image\" \/>\n<meta name=\"twitter:label1\" content=\"Est. reading time\" \/>\n\t<meta name=\"twitter:data1\" content=\"1 minuta\" \/>\n<script type=\"application\/ld+json\" class=\"yoast-schema-graph\">{\"@context\":\"https:\/\/schema.org\",\"@graph\":[{\"@type\":\"WebPage\",\"@id\":\"https:\/\/www.babcock-wanson.com\/pl\/produkty\/kotly-parowe\/przegrzewacze-pary\/\",\"url\":\"https:\/\/www.babcock-wanson.com\/pl\/produkty\/kotly-parowe\/przegrzewacze-pary\/\",\"name\":\"Przegrzewacze Pary - Babcock Wanson\",\"isPartOf\":{\"@id\":\"https:\/\/www.babcock-wanson.com\/pl\/#website\"},\"primaryImageOfPage\":{\"@id\":\"https:\/\/www.babcock-wanson.com\/pl\/produkty\/kotly-parowe\/przegrzewacze-pary\/#primaryimage\"},\"image\":{\"@id\":\"https:\/\/www.babcock-wanson.com\/pl\/produkty\/kotly-parowe\/przegrzewacze-pary\/#primaryimage\"},\"thumbnailUrl\":\"https:\/\/www.babcock-wanson.com\/wp-content\/uploads\/2019\/02\/superheaters-2.jpg\",\"datePublished\":\"2019-02-12T11:35:38+00:00\",\"dateModified\":\"2021-03-29T09:29:56+00:00\",\"description\":\"Przegrzewacz pary firmy Babcock Wanson to niezale\u017cnie zasilany uk\u0142ad grzewczy z w\u0119\u017cownic\u0105, kt\u00f3ry zamienia nasycon\u0105 par\u0119 wodn\u0105 w par\u0119 przegrzan\u0105.\",\"breadcrumb\":{\"@id\":\"https:\/\/www.babcock-wanson.com\/pl\/produkty\/kotly-parowe\/przegrzewacze-pary\/#breadcrumb\"},\"inLanguage\":\"pl-PL\",\"potentialAction\":[{\"@type\":\"ReadAction\",\"target\":[\"https:\/\/www.babcock-wanson.com\/pl\/produkty\/kotly-parowe\/przegrzewacze-pary\/\"]}]},{\"@type\":\"ImageObject\",\"inLanguage\":\"pl-PL\",\"@id\":\"https:\/\/www.babcock-wanson.com\/pl\/produkty\/kotly-parowe\/przegrzewacze-pary\/#primaryimage\",\"url\":\"https:\/\/www.babcock-wanson.com\/wp-content\/uploads\/2019\/02\/superheaters-2.jpg\",\"contentUrl\":\"https:\/\/www.babcock-wanson.com\/wp-content\/uploads\/2019\/02\/superheaters-2.jpg\",\"width\":600,\"height\":400},{\"@type\":\"BreadcrumbList\",\"@id\":\"https:\/\/www.babcock-wanson.com\/pl\/produkty\/kotly-parowe\/przegrzewacze-pary\/#breadcrumb\",\"itemListElement\":[{\"@type\":\"ListItem\",\"position\":1,\"name\":\"Strona g\u0142\u00f3wna\",\"item\":\"https:\/\/www.babcock-wanson.com\/pl\/\"},{\"@type\":\"ListItem\",\"position\":2,\"name\":\"Produkty\",\"item\":\"https:\/\/www.babcock-wanson.com\/pl\/shop\/\"},{\"@type\":\"ListItem\",\"position\":3,\"name\":\"Kot\u0142y Parowe\",\"item\":\"https:\/\/www.babcock-wanson.com\/pl\/kategoria-produktu\/kotly-parowe\/\"},{\"@type\":\"ListItem\",\"position\":4,\"name\":\"Przegrzewacze Pary\"}]},{\"@type\":\"WebSite\",\"@id\":\"https:\/\/www.babcock-wanson.com\/pl\/#website\",\"url\":\"https:\/\/www.babcock-wanson.com\/pl\/\",\"name\":\"Babcock Wanson\",\"description\":\"\",\"publisher\":{\"@id\":\"https:\/\/www.babcock-wanson.com\/pl\/#organization\"},\"potentialAction\":[{\"@type\":\"SearchAction\",\"target\":{\"@type\":\"EntryPoint\",\"urlTemplate\":\"https:\/\/www.babcock-wanson.com\/pl\/?s={search_term_string}\"},\"query-input\":{\"@type\":\"PropertyValueSpecification\",\"valueRequired\":true,\"valueName\":\"search_term_string\"}}],\"inLanguage\":\"pl-PL\"},{\"@type\":\"Organization\",\"@id\":\"https:\/\/www.babcock-wanson.com\/pl\/#organization\",\"name\":\"Babcock Wanson\",\"url\":\"https:\/\/www.babcock-wanson.com\/pl\/\",\"logo\":{\"@type\":\"ImageObject\",\"inLanguage\":\"pl-PL\",\"@id\":\"https:\/\/www.babcock-wanson.com\/pl\/#\/schema\/logo\/image\/\",\"url\":\"https:\/\/www.babcock-wanson.com\/wp-content\/uploads\/2024\/02\/Babcock-Wanson-1200x1200-1.png\",\"contentUrl\":\"https:\/\/www.babcock-wanson.com\/wp-content\/uploads\/2024\/02\/Babcock-Wanson-1200x1200-1.png\",\"width\":1200,\"height\":1200,\"caption\":\"Babcock Wanson\"},\"image\":{\"@id\":\"https:\/\/www.babcock-wanson.com\/pl\/#\/schema\/logo\/image\/\"},\"sameAs\":[\"https:\/\/www.linkedin.com\/company\/babcock-wanson\/\",\"https:\/\/www.youtube.com\/channel\/UCtxl25VieBBsP2kYmtlyv7A\"]}]}<\/script>\n<!-- \/ Yoast SEO Premium plugin. -->","yoast_head_json":{"title":"Przegrzewacze Pary - Babcock Wanson","description":"Przegrzewacz pary firmy Babcock Wanson to niezale\u017cnie zasilany uk\u0142ad grzewczy z w\u0119\u017cownic\u0105, kt\u00f3ry zamienia nasycon\u0105 par\u0119 wodn\u0105 w par\u0119 przegrzan\u0105.","robots":{"index":"index","follow":"follow","max-snippet":"max-snippet:-1","max-image-preview":"max-image-preview:large","max-video-preview":"max-video-preview:-1"},"canonical":"https:\/\/www.babcock-wanson.com\/pl\/produkty\/kotly-parowe\/przegrzewacze-pary\/","og_locale":"pl_PL","og_type":"article","og_title":"Przegrzewacze Pary","og_description":"Przegrzewacz pary firmy Babcock Wanson to niezale\u017cnie zasilany uk\u0142ad grzewczy z w\u0119\u017cownic\u0105, kt\u00f3ry zamienia nasycon\u0105 par\u0119 wodn\u0105 w par\u0119 przegrzan\u0105.","og_url":"https:\/\/www.babcock-wanson.com\/pl\/produkty\/kotly-parowe\/przegrzewacze-pary\/","og_site_name":"Babcock Wanson","article_modified_time":"2021-03-29T09:29:56+00:00","og_image":[{"width":600,"height":400,"url":"https:\/\/www.babcock-wanson.com\/wp-content\/uploads\/2019\/02\/superheaters-2.jpg","type":"image\/jpeg"}],"twitter_card":"summary_large_image","twitter_misc":{"Est. reading time":"1 minuta"},"schema":{"@context":"https:\/\/schema.org","@graph":[{"@type":"WebPage","@id":"https:\/\/www.babcock-wanson.com\/pl\/produkty\/kotly-parowe\/przegrzewacze-pary\/","url":"https:\/\/www.babcock-wanson.com\/pl\/produkty\/kotly-parowe\/przegrzewacze-pary\/","name":"Przegrzewacze Pary - Babcock Wanson","isPartOf":{"@id":"https:\/\/www.babcock-wanson.com\/pl\/#website"},"primaryImageOfPage":{"@id":"https:\/\/www.babcock-wanson.com\/pl\/produkty\/kotly-parowe\/przegrzewacze-pary\/#primaryimage"},"image":{"@id":"https:\/\/www.babcock-wanson.com\/pl\/produkty\/kotly-parowe\/przegrzewacze-pary\/#primaryimage"},"thumbnailUrl":"https:\/\/www.babcock-wanson.com\/wp-content\/uploads\/2019\/02\/superheaters-2.jpg","datePublished":"2019-02-12T11:35:38+00:00","dateModified":"2021-03-29T09:29:56+00:00","description":"Przegrzewacz pary firmy Babcock Wanson to niezale\u017cnie zasilany uk\u0142ad grzewczy z w\u0119\u017cownic\u0105, kt\u00f3ry zamienia nasycon\u0105 par\u0119 wodn\u0105 w par\u0119 przegrzan\u0105.","breadcrumb":{"@id":"https:\/\/www.babcock-wanson.com\/pl\/produkty\/kotly-parowe\/przegrzewacze-pary\/#breadcrumb"},"inLanguage":"pl-PL","potentialAction":[{"@type":"ReadAction","target":["https:\/\/www.babcock-wanson.com\/pl\/produkty\/kotly-parowe\/przegrzewacze-pary\/"]}]},{"@type":"ImageObject","inLanguage":"pl-PL","@id":"https:\/\/www.babcock-wanson.com\/pl\/produkty\/kotly-parowe\/przegrzewacze-pary\/#primaryimage","url":"https:\/\/www.babcock-wanson.com\/wp-content\/uploads\/2019\/02\/superheaters-2.jpg","contentUrl":"https:\/\/www.babcock-wanson.com\/wp-content\/uploads\/2019\/02\/superheaters-2.jpg","width":600,"height":400},{"@type":"BreadcrumbList","@id":"https:\/\/www.babcock-wanson.com\/pl\/produkty\/kotly-parowe\/przegrzewacze-pary\/#breadcrumb","itemListElement":[{"@type":"ListItem","position":1,"name":"Strona g\u0142\u00f3wna","item":"https:\/\/www.babcock-wanson.com\/pl\/"},{"@type":"ListItem","position":2,"name":"Produkty","item":"https:\/\/www.babcock-wanson.com\/pl\/shop\/"},{"@type":"ListItem","position":3,"name":"Kot\u0142y Parowe","item":"https:\/\/www.babcock-wanson.com\/pl\/kategoria-produktu\/kotly-parowe\/"},{"@type":"ListItem","position":4,"name":"Przegrzewacze Pary"}]},{"@type":"WebSite","@id":"https:\/\/www.babcock-wanson.com\/pl\/#website","url":"https:\/\/www.babcock-wanson.com\/pl\/","name":"Babcock Wanson","description":"","publisher":{"@id":"https:\/\/www.babcock-wanson.com\/pl\/#organization"},"potentialAction":[{"@type":"SearchAction","target":{"@type":"EntryPoint","urlTemplate":"https:\/\/www.babcock-wanson.com\/pl\/?s={search_term_string}"},"query-input":{"@type":"PropertyValueSpecification","valueRequired":true,"valueName":"search_term_string"}}],"inLanguage":"pl-PL"},{"@type":"Organization","@id":"https:\/\/www.babcock-wanson.com\/pl\/#organization","name":"Babcock Wanson","url":"https:\/\/www.babcock-wanson.com\/pl\/","logo":{"@type":"ImageObject","inLanguage":"pl-PL","@id":"https:\/\/www.babcock-wanson.com\/pl\/#\/schema\/logo\/image\/","url":"https:\/\/www.babcock-wanson.com\/wp-content\/uploads\/2024\/02\/Babcock-Wanson-1200x1200-1.png","contentUrl":"https:\/\/www.babcock-wanson.com\/wp-content\/uploads\/2024\/02\/Babcock-Wanson-1200x1200-1.png","width":1200,"height":1200,"caption":"Babcock Wanson"},"image":{"@id":"https:\/\/www.babcock-wanson.com\/pl\/#\/schema\/logo\/image\/"},"sameAs":["https:\/\/www.linkedin.com\/company\/babcock-wanson\/","https:\/\/www.youtube.com\/channel\/UCtxl25VieBBsP2kYmtlyv7A"]}]}},"jetpack_sharing_enabled":true,"_links":{"self":[{"href":"https:\/\/www.babcock-wanson.com\/pl\/wp-json\/wp\/v2\/product\/36757","targetHints":{"allow":["GET"]}}],"collection":[{"href":"https:\/\/www.babcock-wanson.com\/pl\/wp-json\/wp\/v2\/product"}],"about":[{"href":"https:\/\/www.babcock-wanson.com\/pl\/wp-json\/wp\/v2\/types\/product"}],"replies":[{"embeddable":true,"href":"https:\/\/www.babcock-wanson.com\/pl\/wp-json\/wp\/v2\/comments?post=36757"}],"wp:featuredmedia":[{"embeddable":true,"href":"https:\/\/www.babcock-wanson.com\/pl\/wp-json\/wp\/v2\/media\/36761"}],"wp:attachment":[{"href":"https:\/\/www.babcock-wanson.com\/pl\/wp-json\/wp\/v2\/media?parent=36757"}],"wp:term":[{"taxonomy":"product_brand","embeddable":true,"href":"https:\/\/www.babcock-wanson.com\/pl\/wp-json\/wp\/v2\/product_brand?post=36757"},{"taxonomy":"product_cat","embeddable":true,"href":"https:\/\/www.babcock-wanson.com\/pl\/wp-json\/wp\/v2\/product_cat?post=36757"},{"taxonomy":"product_tag","embeddable":true,"href":"https:\/\/www.babcock-wanson.com\/pl\/wp-json\/wp\/v2\/product_tag?post=36757"}],"curies":[{"name":"wp","href":"https:\/\/api.w.org\/{rel}","templated":true}]}}