{"id":36762,"date":"2018-11-27T16:17:22","date_gmt":"2018-11-27T16:17:22","guid":{"rendered":"https:\/\/www.babcock-wanson.com\/products\/bez-kategorii\/vap-el\/"},"modified":"2023-05-22T16:33:59","modified_gmt":"2023-05-22T15:33:59","slug":"vap-el","status":"publish","type":"product","link":"https:\/\/www.babcock-wanson.com\/pl\/produkty\/elektryczne-kotly-przemyslowe\/vap-el\/","title":{"rendered":"VAP-EL"},"content":{"rendered":"<div class=\"vgblk-rw-wrapper limit-wrapper\">\r\n<h3>Prosta instalacja<\/h3>\r\n<ul>\r\n<li>Kocio\u0142 elektryczny jest prosty w\u00a0instalacji, nie wymaga miejsca na magazynowanie paliwa ani na skomplikowan\u0105 instalacj\u0119 gazow\u0105<\/li>\r\n<li>Jego konstrukcja jest solidna, dzi\u0119ki czemu zapewnia bezpieczn\u0105 eksploatacj\u0119 i\u00a0d\u0142ug\u0105 \u017cywotno\u015b\u0107<\/li>\r\n<li>W\u00a0pe\u0142ni zintegrowany i\u00a0fabrycznie przetestowany uk\u0142ad sterowania gwarantuje prost\u0105 i\u00a0niezawodn\u0105 obs\u0142ug\u0119<\/li>\r\n<li>Kocio\u0142 jest w\u00a0pe\u0142ni certyfikowany przez firm\u0119 Babcock Wanson zgodnie z\u00a0dyrektyw\u0105 PED do eksploatacji na terenie ca\u0142ej Europy<\/li>\r\n<\/ul>\r\n<h3>Wysoka sprawno\u015b\u0107<\/h3>\r\n<ul>\r\n<li>Kocio\u0142 uruchamia si\u0119 szybko na \u017c\u0105danie i\u00a0dobrze reaguje na zmian\u0119 obci\u0105\u017cenia. W\u00a0zale\u017cno\u015bci od wydajno\u015bci kot\u0142a para wodna mo\u017ce by\u0107 wytwarzana ju\u017c w\u00a0ci\u0105gu kilku minut.<\/li>\r\n<li>Brak strat energii. Minimalne straty ciep\u0142a w\u00a0procesie ogrzewania.<\/li>\r\n<li>Sprawno\u015b\u0107 zbli\u017cona do 100% z\u00a0niewielkimi stratami w\u00a0trybie pracy ja\u0142owej<\/li>\r\n<\/ul>\r\n<h3>Troska o\u00a0\u015brodowisko naturalne<\/h3>\r\n<ul>\r\n<li>Kocio\u0142 elektryczny nie wytwarza \u017cadnych spalin, zapewnia znaczne korzy\u015bci \u015brodowisku naturalnemu oraz bardzo nisk\u0105 og\u00f3ln\u0105 emisj\u0119<\/li>\r\n<li>Kocio\u0142 elektryczny pracuje cicho<\/li>\r\n<li>Precyzyjna regulacja ci\u015bnienia pary z\u00a0wielostopniowym i\u00a0w\u00a0pe\u0142ni modulowanym poborem mocy<\/li>\r\n<\/ul>\r\n<h3>Pe\u0142ny zakres wyposa\u017cenia dodatkowego<\/h3>\r\n<ul>\r\n<li>Urz\u0105dzenia i osprz\u0119t\u00a0 w\u00a0zakresie <a href=\"https:\/\/www.babcock-wanson.com\/pl\/kategoria-produktu\/systemy-uzdatniania-wody\/\" target=\"_blank\" rel=\"noopener\">uzdatniania wody<\/a><\/li>\r\n<li>Zbiorniki wody zasilaj\u0105cej oraz ci\u015bnieniowe i\u00a0atmosferyczne <a href=\"https:\/\/www.babcock-wanson.com\/pl\/produkty\/systemy-uzdatniania-wody\/odgazowanie-termiczne\/\" target=\"_blank\" rel=\"noopener\">odgazowywacze termiczne<\/a> Babcock Wanson<\/li>\r\n<li>Stacje redukcji ci\u015bnienia i\u00a0zawory steruj\u0105ce par\u0105<\/li>\r\n<li>Pe\u0142ny serwis projektowy i\u00a0instalacyjny \u201epod klucz\u201d<\/li>\r\n<li>Uruchomienie i pe\u0142na <a href=\"https:\/\/www.babcock-wanson.com\/pl\/uslugi\/serwis-posprzedazowy\/\" target=\"_blank\" rel=\"noopener\">obs\u0142uga posprzeda\u017cna<\/a><\/li>\r\n<\/ul>\r\n<h2>VAP-EL &#8211; Kot\u0142y Elektryczne<\/h2>\r\n<table style=\"height: 451px\" width=\"998\">\r\n<tbody>\r\n<tr>\r\n<th>Model<br \/>VAP-EL<\/th>\r\n<th>Produkcja pary<strong>\u00a0<\/strong> (kg\/h)\u00a0 o 70\u00b0C<\/th>\r\n<th>Ci\u015bnienie pary (bar)<\/th>\r\n<th>Moc wyj\u015bciowa (kW)<\/th>\r\n<th>Pojemno\u015b\u0107 wodna (l)<\/th>\r\n<th>Waga (kg)<\/th>\r\n<th>\r\n<p>Szeroko\u015b\u0107 (mm)<\/p>\r\n<\/th>\r\n<th>Wysoko\u015b\u0107 (mm)<\/th>\r\n<th>D\u0142ugo\u015b\u0107 (mm)<\/th>\r\n<\/tr>\r\n<tr>\r\n<th>16<\/th>\r\n<td>20<\/td>\r\n<td>4.5<\/td>\r\n<td>15<\/td>\r\n<td>16<\/td>\r\n<td>72<\/td>\r\n<td>445<\/td>\r\n<td>983<\/td>\r\n<td>615<\/td>\r\n<\/tr>\r\n<tr>\r\n<th>24<\/th>\r\n<td>32<\/td>\r\n<td>4.5 or 7<\/td>\r\n<td>24<\/td>\r\n<td>24<\/td>\r\n<td>85<\/td>\r\n<td>586<\/td>\r\n<td>776<\/td>\r\n<td>752<\/td>\r\n<\/tr>\r\n<tr>\r\n<th>60<\/th>\r\n<td>80<\/td>\r\n<td>4.5, 7 or 8.5<\/td>\r\n<td>60<\/td>\r\n<td>55<\/td>\r\n<td>114<\/td>\r\n<td>835<\/td>\r\n<td>629<\/td>\r\n<td>844<\/td>\r\n<\/tr>\r\n<tr>\r\n<th>120<\/th>\r\n<td>160<\/td>\r\n<td>4.5, 7 or 8.5<\/td>\r\n<td>120<\/td>\r\n<td>2 x 55<\/td>\r\n<td>237<\/td>\r\n<td>1155<\/td>\r\n<td>1158<\/td>\r\n<td>948<\/td>\r\n<\/tr>\r\n<tr>\r\n<th>180<\/th>\r\n<td>240<\/td>\r\n<td>4.5, 7 or 8.5<\/td>\r\n<td>180<\/td>\r\n<td>3 x 55<\/td>\r\n<td>325<\/td>\r\n<td>1155<\/td>\r\n<td>1718<\/td>\r\n<td>948<\/td>\r\n<\/tr>\r\n<tr>\r\n<th>240<\/th>\r\n<td>320<\/td>\r\n<td>4.5, 7 or 8.5<\/td>\r\n<td>240<\/td>\r\n<td>4 x 55<\/td>\r\n<td>237 x 2<\/td>\r\n<td>1155 x 2<\/td>\r\n<td>1158<\/td>\r\n<td>948 x 2<\/td>\r\n<\/tr>\r\n<tr>\r\n<th>360<\/th>\r\n<td>480<\/td>\r\n<td>4.5, 7 or 8.5<\/td>\r\n<td>360<\/td>\r\n<td>6 x 55<\/td>\r\n<td>325 x 2<\/td>\r\n<td>1155 x 2<\/td>\r\n<td>1718<\/td>\r\n<td>948 x 2<\/td>\r\n<\/tr>\r\n<\/tbody>\r\n<\/table>\r\n<\/div><!-- .vgblk-rw-wrapper -->","protected":false},"excerpt":{"rendered":"<p><strong>Od 16 do 360 kW \u2013 zasilanie tr\u00f3jfazowe 400 V \u2013 50 Hz<\/strong> <br \/>Elektryczny kocio\u0142 parowy VAP EL wykorzystuje energi\u0119 elektryczn\u0105 do podgrzania wody i wytwarzania pary na potrzeby ogrzewania procesowego. Konfiguracja kot\u0142a elektrycznego gwarantuje wysok\u0105 sprawno\u015b\u0107 i ekonomiczny proces ogrzewania. Kot\u0142y parowe tego typu mog\u0105 by\u0107 szczeg\u00f3lnie bardzo dobrym rozwi\u0105zaniem w przypadku konieczno\u015bci spe\u0142nienia wymog\u00f3w ogrzewania procesowego w miejscach, w kt\u00f3rych energia elektryczna jest \u0142atwo dost\u0119pna i tania. S\u0105 r\u00f3wnie\u017c wygodne w monta\u017cu, poniewa\u017c dzi\u0119ki swoim rozmiarom nie potrzebuj\u0105 du\u017co miejsca na instalacj\u0119.<\/p>\n<p>Firma Babcock Wanson oferuje szerok\u0105 gam\u0119 kot\u0142\u00f3w elektrycznych, kt\u00f3re mo\u017cna dostosowa\u0107 do potrzeb indywidualnych klient\u00f3w. Kocio\u0142 elektryczny zaprojektowano do pracy w r\u00f3\u017cnych ga\u0142\u0119ziach przemys\u0142u, takich jak przemys\u0142 obr\u00f3bki \u017cywno\u015bci, suszenia, chemiczny, kosmetyczny, farmaceutyczny i spo\u017cywczy. Sprawdzi si\u0119 w ka\u017cdym zak\u0142adzie, kt\u00f3ry potrzebuje pary i dysponuje ekonomicznym \u017ar\u00f3d\u0142em energii elektrycznej lub nie mo\u017ce pozwoli\u0107 sobie na monta\u017c tradycyjnego kot\u0142a gazowego czy olejowego.<\/p>\n<p>Standardowe maksymalne ci\u015bnienie robocze wynosi 4,5,7 lub 8,5 bar(g). Wy\u017csze ci\u015bnienia s\u0105 dost\u0119pne na zam\u00f3wienie.<\/p>\n","protected":false},"featured_media":41379,"comment_status":"closed","ping_status":"closed","template":"","meta":{"_acf_changed":false,"_relevanssi_hide_post":"","_relevanssi_hide_content":"","_relevanssi_pin_for_all":"","_relevanssi_pin_keywords":"","_relevanssi_unpin_keywords":"","_relevanssi_related_keywords":"","_relevanssi_related_include_ids":"","_relevanssi_related_exclude_ids":"","_relevanssi_related_no_append":"","_relevanssi_related_not_related":"","_relevanssi_related_posts":"","_relevanssi_noindex_reason":""},"product_brand":[],"product_cat":[6415,6404],"product_tag":[],"class_list":{"0":"post-36762","1":"product","2":"type-product","3":"status-publish","4":"has-post-thumbnail","6":"product_cat-elektryczne-kotly-przemyslowe","7":"product_cat-kotly-parowe","9":"first","10":"instock","11":"shipping-taxable","12":"product-type-simple"},"acf":[],"yoast_head":"<!-- This site is optimized with the Yoast SEO Premium plugin v27.1 (Yoast SEO v27.1.1) - https:\/\/yoast.com\/product\/yoast-seo-premium-wordpress\/ -->\n<title>VAP-EL - Babcock Wanson<\/title>\n<meta name=\"description\" content=\"Elektryczny kocio\u0142 parowy VAP EL wykorzystuje energi\u0119 elektryczn\u0105 do gotowania wody i wytwarzania pary na potrzeby ogrzewania procesowego.\" \/>\n<meta name=\"robots\" content=\"index, follow, max-snippet:-1, max-image-preview:large, max-video-preview:-1\" \/>\n<link rel=\"canonical\" href=\"https:\/\/www.babcock-wanson.com\/pl\/produkty\/elektryczne-kotly-przemyslowe\/vap-el\/\" \/>\n<meta property=\"og:locale\" content=\"pl_PL\" \/>\n<meta property=\"og:type\" content=\"article\" \/>\n<meta property=\"og:title\" content=\"VAP-EL\" \/>\n<meta property=\"og:description\" content=\"Elektryczny kocio\u0142 parowy VAP EL wykorzystuje energi\u0119 elektryczn\u0105 do gotowania wody i wytwarzania pary na potrzeby ogrzewania procesowego.\" \/>\n<meta property=\"og:url\" content=\"https:\/\/www.babcock-wanson.com\/pl\/produkty\/elektryczne-kotly-przemyslowe\/vap-el\/\" \/>\n<meta property=\"og:site_name\" content=\"Babcock Wanson\" \/>\n<meta property=\"article:modified_time\" content=\"2023-05-22T15:33:59+00:00\" \/>\n<meta property=\"og:image\" content=\"https:\/\/www.babcock-wanson.com\/wp-content\/uploads\/2021\/12\/VAP-El-Category_image_2021.jpg\" \/>\n\t<meta property=\"og:image:width\" content=\"600\" \/>\n\t<meta property=\"og:image:height\" content=\"400\" \/>\n\t<meta property=\"og:image:type\" content=\"image\/jpeg\" \/>\n<meta name=\"twitter:card\" content=\"summary_large_image\" \/>\n<meta name=\"twitter:label1\" content=\"Est. reading time\" \/>\n\t<meta name=\"twitter:data1\" content=\"2 minuty\" \/>\n<script type=\"application\/ld+json\" class=\"yoast-schema-graph\">{\"@context\":\"https:\/\/schema.org\",\"@graph\":[{\"@type\":\"WebPage\",\"@id\":\"https:\/\/www.babcock-wanson.com\/pl\/produkty\/elektryczne-kotly-przemyslowe\/vap-el\/\",\"url\":\"https:\/\/www.babcock-wanson.com\/pl\/produkty\/elektryczne-kotly-przemyslowe\/vap-el\/\",\"name\":\"VAP-EL - Babcock Wanson\",\"isPartOf\":{\"@id\":\"https:\/\/www.babcock-wanson.com\/pl\/#website\"},\"primaryImageOfPage\":{\"@id\":\"https:\/\/www.babcock-wanson.com\/pl\/produkty\/elektryczne-kotly-przemyslowe\/vap-el\/#primaryimage\"},\"image\":{\"@id\":\"https:\/\/www.babcock-wanson.com\/pl\/produkty\/elektryczne-kotly-przemyslowe\/vap-el\/#primaryimage\"},\"thumbnailUrl\":\"https:\/\/www.babcock-wanson.com\/wp-content\/uploads\/2021\/12\/VAP-El-Category_image_2021.jpg\",\"datePublished\":\"2018-11-27T16:17:22+00:00\",\"dateModified\":\"2023-05-22T15:33:59+00:00\",\"description\":\"Elektryczny kocio\u0142 parowy VAP EL wykorzystuje energi\u0119 elektryczn\u0105 do gotowania wody i wytwarzania pary na potrzeby ogrzewania procesowego.\",\"breadcrumb\":{\"@id\":\"https:\/\/www.babcock-wanson.com\/pl\/produkty\/elektryczne-kotly-przemyslowe\/vap-el\/#breadcrumb\"},\"inLanguage\":\"pl-PL\",\"potentialAction\":[{\"@type\":\"ReadAction\",\"target\":[\"https:\/\/www.babcock-wanson.com\/pl\/produkty\/elektryczne-kotly-przemyslowe\/vap-el\/\"]}]},{\"@type\":\"ImageObject\",\"inLanguage\":\"pl-PL\",\"@id\":\"https:\/\/www.babcock-wanson.com\/pl\/produkty\/elektryczne-kotly-przemyslowe\/vap-el\/#primaryimage\",\"url\":\"https:\/\/www.babcock-wanson.com\/wp-content\/uploads\/2021\/12\/VAP-El-Category_image_2021.jpg\",\"contentUrl\":\"https:\/\/www.babcock-wanson.com\/wp-content\/uploads\/2021\/12\/VAP-El-Category_image_2021.jpg\",\"width\":600,\"height\":400,\"caption\":\"VAP El Category_image_2021\"},{\"@type\":\"BreadcrumbList\",\"@id\":\"https:\/\/www.babcock-wanson.com\/pl\/produkty\/elektryczne-kotly-przemyslowe\/vap-el\/#breadcrumb\",\"itemListElement\":[{\"@type\":\"ListItem\",\"position\":1,\"name\":\"Strona g\u0142\u00f3wna\",\"item\":\"https:\/\/www.babcock-wanson.com\/pl\/\"},{\"@type\":\"ListItem\",\"position\":2,\"name\":\"Produkty\",\"item\":\"https:\/\/www.babcock-wanson.com\/pl\/shop\/\"},{\"@type\":\"ListItem\",\"position\":3,\"name\":\"Elektryczne kot\u0142y przemys\u0142owe\",\"item\":\"https:\/\/www.babcock-wanson.com\/pl\/kategoria-produktu\/elektryczne-kotly-przemyslowe\/\"},{\"@type\":\"ListItem\",\"position\":4,\"name\":\"VAP-EL\"}]},{\"@type\":\"WebSite\",\"@id\":\"https:\/\/www.babcock-wanson.com\/pl\/#website\",\"url\":\"https:\/\/www.babcock-wanson.com\/pl\/\",\"name\":\"Babcock Wanson\",\"description\":\"\",\"publisher\":{\"@id\":\"https:\/\/www.babcock-wanson.com\/pl\/#organization\"},\"potentialAction\":[{\"@type\":\"SearchAction\",\"target\":{\"@type\":\"EntryPoint\",\"urlTemplate\":\"https:\/\/www.babcock-wanson.com\/pl\/?s={search_term_string}\"},\"query-input\":{\"@type\":\"PropertyValueSpecification\",\"valueRequired\":true,\"valueName\":\"search_term_string\"}}],\"inLanguage\":\"pl-PL\"},{\"@type\":\"Organization\",\"@id\":\"https:\/\/www.babcock-wanson.com\/pl\/#organization\",\"name\":\"Babcock Wanson\",\"url\":\"https:\/\/www.babcock-wanson.com\/pl\/\",\"logo\":{\"@type\":\"ImageObject\",\"inLanguage\":\"pl-PL\",\"@id\":\"https:\/\/www.babcock-wanson.com\/pl\/#\/schema\/logo\/image\/\",\"url\":\"https:\/\/www.babcock-wanson.com\/wp-content\/uploads\/2024\/02\/Babcock-Wanson-1200x1200-1.png\",\"contentUrl\":\"https:\/\/www.babcock-wanson.com\/wp-content\/uploads\/2024\/02\/Babcock-Wanson-1200x1200-1.png\",\"width\":1200,\"height\":1200,\"caption\":\"Babcock Wanson\"},\"image\":{\"@id\":\"https:\/\/www.babcock-wanson.com\/pl\/#\/schema\/logo\/image\/\"},\"sameAs\":[\"https:\/\/www.linkedin.com\/company\/babcock-wanson\/\",\"https:\/\/www.youtube.com\/channel\/UCtxl25VieBBsP2kYmtlyv7A\"]}]}<\/script>\n<!-- \/ Yoast SEO Premium plugin. -->","yoast_head_json":{"title":"VAP-EL - Babcock Wanson","description":"Elektryczny kocio\u0142 parowy VAP EL wykorzystuje energi\u0119 elektryczn\u0105 do gotowania wody i wytwarzania pary na potrzeby ogrzewania procesowego.","robots":{"index":"index","follow":"follow","max-snippet":"max-snippet:-1","max-image-preview":"max-image-preview:large","max-video-preview":"max-video-preview:-1"},"canonical":"https:\/\/www.babcock-wanson.com\/pl\/produkty\/elektryczne-kotly-przemyslowe\/vap-el\/","og_locale":"pl_PL","og_type":"article","og_title":"VAP-EL","og_description":"Elektryczny kocio\u0142 parowy VAP EL wykorzystuje energi\u0119 elektryczn\u0105 do gotowania wody i wytwarzania pary na potrzeby ogrzewania procesowego.","og_url":"https:\/\/www.babcock-wanson.com\/pl\/produkty\/elektryczne-kotly-przemyslowe\/vap-el\/","og_site_name":"Babcock Wanson","article_modified_time":"2023-05-22T15:33:59+00:00","og_image":[{"width":600,"height":400,"url":"https:\/\/www.babcock-wanson.com\/wp-content\/uploads\/2021\/12\/VAP-El-Category_image_2021.jpg","type":"image\/jpeg"}],"twitter_card":"summary_large_image","twitter_misc":{"Est. reading time":"2 minuty"},"schema":{"@context":"https:\/\/schema.org","@graph":[{"@type":"WebPage","@id":"https:\/\/www.babcock-wanson.com\/pl\/produkty\/elektryczne-kotly-przemyslowe\/vap-el\/","url":"https:\/\/www.babcock-wanson.com\/pl\/produkty\/elektryczne-kotly-przemyslowe\/vap-el\/","name":"VAP-EL - Babcock Wanson","isPartOf":{"@id":"https:\/\/www.babcock-wanson.com\/pl\/#website"},"primaryImageOfPage":{"@id":"https:\/\/www.babcock-wanson.com\/pl\/produkty\/elektryczne-kotly-przemyslowe\/vap-el\/#primaryimage"},"image":{"@id":"https:\/\/www.babcock-wanson.com\/pl\/produkty\/elektryczne-kotly-przemyslowe\/vap-el\/#primaryimage"},"thumbnailUrl":"https:\/\/www.babcock-wanson.com\/wp-content\/uploads\/2021\/12\/VAP-El-Category_image_2021.jpg","datePublished":"2018-11-27T16:17:22+00:00","dateModified":"2023-05-22T15:33:59+00:00","description":"Elektryczny kocio\u0142 parowy VAP EL wykorzystuje energi\u0119 elektryczn\u0105 do gotowania wody i wytwarzania pary na potrzeby ogrzewania procesowego.","breadcrumb":{"@id":"https:\/\/www.babcock-wanson.com\/pl\/produkty\/elektryczne-kotly-przemyslowe\/vap-el\/#breadcrumb"},"inLanguage":"pl-PL","potentialAction":[{"@type":"ReadAction","target":["https:\/\/www.babcock-wanson.com\/pl\/produkty\/elektryczne-kotly-przemyslowe\/vap-el\/"]}]},{"@type":"ImageObject","inLanguage":"pl-PL","@id":"https:\/\/www.babcock-wanson.com\/pl\/produkty\/elektryczne-kotly-przemyslowe\/vap-el\/#primaryimage","url":"https:\/\/www.babcock-wanson.com\/wp-content\/uploads\/2021\/12\/VAP-El-Category_image_2021.jpg","contentUrl":"https:\/\/www.babcock-wanson.com\/wp-content\/uploads\/2021\/12\/VAP-El-Category_image_2021.jpg","width":600,"height":400,"caption":"VAP El Category_image_2021"},{"@type":"BreadcrumbList","@id":"https:\/\/www.babcock-wanson.com\/pl\/produkty\/elektryczne-kotly-przemyslowe\/vap-el\/#breadcrumb","itemListElement":[{"@type":"ListItem","position":1,"name":"Strona g\u0142\u00f3wna","item":"https:\/\/www.babcock-wanson.com\/pl\/"},{"@type":"ListItem","position":2,"name":"Produkty","item":"https:\/\/www.babcock-wanson.com\/pl\/shop\/"},{"@type":"ListItem","position":3,"name":"Elektryczne kot\u0142y przemys\u0142owe","item":"https:\/\/www.babcock-wanson.com\/pl\/kategoria-produktu\/elektryczne-kotly-przemyslowe\/"},{"@type":"ListItem","position":4,"name":"VAP-EL"}]},{"@type":"WebSite","@id":"https:\/\/www.babcock-wanson.com\/pl\/#website","url":"https:\/\/www.babcock-wanson.com\/pl\/","name":"Babcock Wanson","description":"","publisher":{"@id":"https:\/\/www.babcock-wanson.com\/pl\/#organization"},"potentialAction":[{"@type":"SearchAction","target":{"@type":"EntryPoint","urlTemplate":"https:\/\/www.babcock-wanson.com\/pl\/?s={search_term_string}"},"query-input":{"@type":"PropertyValueSpecification","valueRequired":true,"valueName":"search_term_string"}}],"inLanguage":"pl-PL"},{"@type":"Organization","@id":"https:\/\/www.babcock-wanson.com\/pl\/#organization","name":"Babcock Wanson","url":"https:\/\/www.babcock-wanson.com\/pl\/","logo":{"@type":"ImageObject","inLanguage":"pl-PL","@id":"https:\/\/www.babcock-wanson.com\/pl\/#\/schema\/logo\/image\/","url":"https:\/\/www.babcock-wanson.com\/wp-content\/uploads\/2024\/02\/Babcock-Wanson-1200x1200-1.png","contentUrl":"https:\/\/www.babcock-wanson.com\/wp-content\/uploads\/2024\/02\/Babcock-Wanson-1200x1200-1.png","width":1200,"height":1200,"caption":"Babcock Wanson"},"image":{"@id":"https:\/\/www.babcock-wanson.com\/pl\/#\/schema\/logo\/image\/"},"sameAs":["https:\/\/www.linkedin.com\/company\/babcock-wanson\/","https:\/\/www.youtube.com\/channel\/UCtxl25VieBBsP2kYmtlyv7A"]}]}},"jetpack_sharing_enabled":true,"_links":{"self":[{"href":"https:\/\/www.babcock-wanson.com\/pl\/wp-json\/wp\/v2\/product\/36762","targetHints":{"allow":["GET"]}}],"collection":[{"href":"https:\/\/www.babcock-wanson.com\/pl\/wp-json\/wp\/v2\/product"}],"about":[{"href":"https:\/\/www.babcock-wanson.com\/pl\/wp-json\/wp\/v2\/types\/product"}],"replies":[{"embeddable":true,"href":"https:\/\/www.babcock-wanson.com\/pl\/wp-json\/wp\/v2\/comments?post=36762"}],"wp:featuredmedia":[{"embeddable":true,"href":"https:\/\/www.babcock-wanson.com\/pl\/wp-json\/wp\/v2\/media\/41379"}],"wp:attachment":[{"href":"https:\/\/www.babcock-wanson.com\/pl\/wp-json\/wp\/v2\/media?parent=36762"}],"wp:term":[{"taxonomy":"product_brand","embeddable":true,"href":"https:\/\/www.babcock-wanson.com\/pl\/wp-json\/wp\/v2\/product_brand?post=36762"},{"taxonomy":"product_cat","embeddable":true,"href":"https:\/\/www.babcock-wanson.com\/pl\/wp-json\/wp\/v2\/product_cat?post=36762"},{"taxonomy":"product_tag","embeddable":true,"href":"https:\/\/www.babcock-wanson.com\/pl\/wp-json\/wp\/v2\/product_tag?post=36762"}],"curies":[{"name":"wp","href":"https:\/\/api.w.org\/{rel}","templated":true}]}}