{"id":36768,"date":"2019-02-26T10:34:31","date_gmt":"2019-02-26T10:34:31","guid":{"rendered":"https:\/\/www.babcock-wanson.com\/products\/bez-kategorii\/water-tube-boilers\/"},"modified":"2021-10-18T14:36:21","modified_gmt":"2021-10-18T13:36:21","slug":"kotly-wodnorurkowe","status":"publish","type":"product","link":"https:\/\/www.babcock-wanson.com\/pl\/produkty\/kotly-parowe\/kotly-wodnorurkowe\/","title":{"rendered":"Kot\u0142y Wodnorurkowe"},"content":{"rendered":"<div class=\"vgblk-rw-wrapper limit-wrapper\">\r\n<h3>Zasada dzia\u0142ania<\/h3>\r\n<p>Kocio\u0142 wodnorurkowy sk\u0142ada si\u0119 zazwyczaj z czterech cz\u0119\u015bci: &#8211; dolnego zbiornika na wod\u0119 zasilaj\u0105c\u0105, g\u00f3rnego zbiornika parowego z powierzchni\u0105 lustra wody, w kt\u00f3rym nast\u0119puje odparowanie, -rur wodnych \u0142\u0105cz\u0105cych ze sob\u0105 te dwa zbiorniki \u00a0oraz przegrzewacza pary z \u00a0sekcj\u0105 <a href=\"https:\/\/www.babcock-wanson.com\/pl\/produkty\/systemy-odzysku-ciepla\/ekonomizer\/\" target=\"_blank\" rel=\"noopener\">ekonomizera<\/a> (w zale\u017cno\u015bci od wymaganej jako\u015bci pary). Obieg wodny odbywa w spos\u00f3b grawitacyjny na zasadzie konwekcji pomi\u0119dzy mi\u0119dzy dwoma zbiornikami , a ciep\u0142o przechodzi przez \u015bcianki rur. Sch\u0142odzona woda przep\u0142ywa przez okre\u015blone rury, a podgrzana woda unosi si\u0119 do g\u00f3rnej cz\u0119\u015bci kot\u0142a do walczaka. Para nasycona wydostaje si\u0119 z g\u00f3rnej cz\u0119\u015bci walczaka wprost do u\u017cytkownika lub skierowana\u00a0 do kolejnego przegrzewacza pary w celu zwi\u0119kszenia temperatury. Ch\u0142odniejsza woda z dna walczaka wst\u0119pnie podgrzewa wod\u0119 zasilaj\u0105c\u0105, kt\u00f3ra powraca do zbiornika<\/p>\r\n<p>Aby poprawi\u0107 sprawno\u015b\u0107, spaliny s\u0105 u\u017cywane do podgrzewania powietrza do spalania oraz podgrzewania wody zasilaj\u0105cej.<\/p>\r\n<h3>Zalety kot\u0142\u00f3w wodnorurowych<\/h3>\r\n<ul>\r\n<li>Produkcja pary od 4,5 do 80 t\/h<\/li>\r\n<li>Para nasycona i przegrzana do 550 \u00b0 C.<\/li>\r\n<li>Sprawno\u015b\u0107 95 +%, bez dodatkowego systemu odzysku ciep\u0142a.<\/li>\r\n<li>10-90 barg typowe ci\u015bnienie robocze.<\/li>\r\n<li>Mo\u017ce pracowa\u0107 na zewn\u0105trz jak i wewn\u0105trz budynku<\/li>\r\n<li>Mo\u017ce by\u0107 stosowany do wszystkich rodzaj\u00f3w paliw p\u0142ynnych i gazowych.<\/li>\r\n<li>Konstrukcja zgodna z PED: 2014\/68 \/ EU i zharmonizowan\u0105 norm\u0105 EN-12952.<\/li>\r\n<li>R\u00f3\u017cne opcje obs\u0142ugi kot\u0142a od trybu dozorowego, tj. Sta\u0142y nadz\u00f3r lokalny, do pracy bez nadzoru przez okres do 72 godzin.<\/li>\r\n<\/ul>\r\n<\/div><!-- .vgblk-rw-wrapper -->","protected":false},"excerpt":{"rendered":"<p>Jako jedne z najstarszych typ\u00f3w kot\u0142\u00f3w parowych, pierwotnie si\u0119gaj\u0105ce XVIII wieku, kot\u0142y wodno-rurowe przesz\u0142y drog\u0119 od zasilania ma\u0142ych stacjonarnych maszyn parowych i poci\u0105g\u00f3w parowych do zasilania du\u017cych i wymagaj\u0105cych proces\u00f3w, mog\u0105cych zapewni\u0107 znaczne wydajno\u015bci pary o wysokiej temperaturze. Kot\u0142y wodnorurkowe produkuj\u0105 par\u0119 wysokiej jako\u015bci, od suchej nasyconej do wysokotemperaturowej przegrzanej, a dzi\u0119ki konstrukcji wymiennika ciep\u0142a maj\u0105 r\u00f3wnie\u017c mo\u017cliwo\u015b\u0107 zapewnienia bardzo wysokich ci\u015bnie\u0144 roboczych. Nadaj\u0105 si\u0119 do zastosowa\u0144 wymagaj\u0105cych du\u017cej wydajno\u015bci pary (do 80 t\/h), pary pod wysokim ci\u015bnieniem (do 80 bar) lub pary przegrzanej (do 550 \u00b0 C).<\/p>\n<p>Babcock Wanson dysponuje do\u015bwiadczonym zespo\u0142em in\u017cynier\u00f3w do projektowania kot\u0142\u00f3w wodnorurowych do konkretnych zastosowa\u0144, a personel mechaniczny i technicy s\u0105 w stanie pom\u00f3c i zorganizowa\u0107 prace instalacyjne oraz przeprowadzi\u0107 uruchomienie kot\u0142a.<\/p>\n","protected":false},"featured_media":38425,"comment_status":"closed","ping_status":"closed","template":"","meta":{"_acf_changed":false,"_relevanssi_hide_post":"","_relevanssi_hide_content":"","_relevanssi_pin_for_all":"","_relevanssi_pin_keywords":"","_relevanssi_unpin_keywords":"","_relevanssi_related_keywords":"","_relevanssi_related_include_ids":"","_relevanssi_related_exclude_ids":"","_relevanssi_related_no_append":"","_relevanssi_related_not_related":"","_relevanssi_related_posts":"","_relevanssi_noindex_reason":""},"product_brand":[],"product_cat":[6404],"product_tag":[],"class_list":{"0":"post-36768","1":"product","2":"type-product","3":"status-publish","4":"has-post-thumbnail","6":"product_cat-kotly-parowe","8":"first","9":"instock","10":"shipping-taxable","11":"product-type-simple"},"acf":[],"yoast_head":"<!-- This site is optimized with the Yoast SEO Premium plugin v27.4 (Yoast SEO v27.4) - https:\/\/yoast.com\/product\/yoast-seo-premium-wordpress\/ -->\n<title>Kot\u0142y Wodnorurkowe - Babcock Wanson<\/title>\n<meta name=\"description\" content=\"Firma Babcock Wanson dysponuje do\u015bwiadczonym zespo\u0142em in\u017cynier\u00f3w, kt\u00f3rzy projektuj\u0105 kot\u0142y wodnorurkowe pod k\u0105tem konkretnych zastosowa\u0144.\" \/>\n<meta name=\"robots\" content=\"index, follow, max-snippet:-1, max-image-preview:large, max-video-preview:-1\" \/>\n<link rel=\"canonical\" href=\"https:\/\/www.babcock-wanson.com\/pl\/produkty\/kotly-parowe\/kotly-wodnorurkowe\/\" \/>\n<meta property=\"og:locale\" content=\"pl_PL\" \/>\n<meta property=\"og:type\" content=\"article\" \/>\n<meta property=\"og:title\" content=\"Kot\u0142y Wodnorurkowe\" \/>\n<meta property=\"og:description\" content=\"Firma Babcock Wanson dysponuje do\u015bwiadczonym zespo\u0142em in\u017cynier\u00f3w, kt\u00f3rzy projektuj\u0105 kot\u0142y wodnorurkowe pod k\u0105tem konkretnych zastosowa\u0144.\" \/>\n<meta property=\"og:url\" content=\"https:\/\/www.babcock-wanson.com\/pl\/produkty\/kotly-parowe\/kotly-wodnorurkowe\/\" \/>\n<meta property=\"og:site_name\" content=\"Babcock Wanson\" \/>\n<meta property=\"article:modified_time\" content=\"2021-10-18T13:36:21+00:00\" \/>\n<meta property=\"og:image\" content=\"https:\/\/www.babcock-wanson.com\/wp-content\/uploads\/2021\/03\/Water_Tube_Boiler_1-1.jpg\" \/>\n\t<meta property=\"og:image:width\" content=\"600\" \/>\n\t<meta property=\"og:image:height\" content=\"400\" \/>\n\t<meta property=\"og:image:type\" content=\"image\/jpeg\" \/>\n<meta name=\"twitter:card\" content=\"summary_large_image\" \/>\n<meta name=\"twitter:label1\" content=\"Est. reading time\" \/>\n\t<meta name=\"twitter:data1\" content=\"1 minuta\" \/>\n<script type=\"application\/ld+json\" class=\"yoast-schema-graph\">{\"@context\":\"https:\\\/\\\/schema.org\",\"@graph\":[{\"@type\":\"WebPage\",\"@id\":\"https:\\\/\\\/www.babcock-wanson.com\\\/pl\\\/produkty\\\/kotly-parowe\\\/kotly-wodnorurkowe\\\/\",\"url\":\"https:\\\/\\\/www.babcock-wanson.com\\\/pl\\\/produkty\\\/kotly-parowe\\\/kotly-wodnorurkowe\\\/\",\"name\":\"Kot\u0142y Wodnorurkowe - Babcock Wanson\",\"isPartOf\":{\"@id\":\"https:\\\/\\\/www.babcock-wanson.com\\\/pl\\\/#website\"},\"primaryImageOfPage\":{\"@id\":\"https:\\\/\\\/www.babcock-wanson.com\\\/pl\\\/produkty\\\/kotly-parowe\\\/kotly-wodnorurkowe\\\/#primaryimage\"},\"image\":{\"@id\":\"https:\\\/\\\/www.babcock-wanson.com\\\/pl\\\/produkty\\\/kotly-parowe\\\/kotly-wodnorurkowe\\\/#primaryimage\"},\"thumbnailUrl\":\"https:\\\/\\\/www.babcock-wanson.com\\\/wp-content\\\/uploads\\\/2021\\\/03\\\/Water_Tube_Boiler_1-1.jpg\",\"datePublished\":\"2019-02-26T10:34:31+00:00\",\"dateModified\":\"2021-10-18T13:36:21+00:00\",\"description\":\"Firma Babcock Wanson dysponuje do\u015bwiadczonym zespo\u0142em in\u017cynier\u00f3w, kt\u00f3rzy projektuj\u0105 kot\u0142y wodnorurkowe pod k\u0105tem konkretnych zastosowa\u0144.\",\"breadcrumb\":{\"@id\":\"https:\\\/\\\/www.babcock-wanson.com\\\/pl\\\/produkty\\\/kotly-parowe\\\/kotly-wodnorurkowe\\\/#breadcrumb\"},\"inLanguage\":\"pl-PL\",\"potentialAction\":[{\"@type\":\"ReadAction\",\"target\":[\"https:\\\/\\\/www.babcock-wanson.com\\\/pl\\\/produkty\\\/kotly-parowe\\\/kotly-wodnorurkowe\\\/\"]}]},{\"@type\":\"ImageObject\",\"inLanguage\":\"pl-PL\",\"@id\":\"https:\\\/\\\/www.babcock-wanson.com\\\/pl\\\/produkty\\\/kotly-parowe\\\/kotly-wodnorurkowe\\\/#primaryimage\",\"url\":\"https:\\\/\\\/www.babcock-wanson.com\\\/wp-content\\\/uploads\\\/2021\\\/03\\\/Water_Tube_Boiler_1-1.jpg\",\"contentUrl\":\"https:\\\/\\\/www.babcock-wanson.com\\\/wp-content\\\/uploads\\\/2021\\\/03\\\/Water_Tube_Boiler_1-1.jpg\",\"width\":600,\"height\":400,\"caption\":\"Water_Tube_Boiler_1\"},{\"@type\":\"BreadcrumbList\",\"@id\":\"https:\\\/\\\/www.babcock-wanson.com\\\/pl\\\/produkty\\\/kotly-parowe\\\/kotly-wodnorurkowe\\\/#breadcrumb\",\"itemListElement\":[{\"@type\":\"ListItem\",\"position\":1,\"name\":\"Strona g\u0142\u00f3wna\",\"item\":\"https:\\\/\\\/www.babcock-wanson.com\\\/pl\\\/\"},{\"@type\":\"ListItem\",\"position\":2,\"name\":\"Produkty\",\"item\":\"https:\\\/\\\/www.babcock-wanson.com\\\/pl\\\/shop\\\/\"},{\"@type\":\"ListItem\",\"position\":3,\"name\":\"Kot\u0142y Parowe\",\"item\":\"https:\\\/\\\/www.babcock-wanson.com\\\/pl\\\/kategoria-produktu\\\/kotly-parowe\\\/\"},{\"@type\":\"ListItem\",\"position\":4,\"name\":\"Kot\u0142y Wodnorurkowe\"}]},{\"@type\":\"WebSite\",\"@id\":\"https:\\\/\\\/www.babcock-wanson.com\\\/pl\\\/#website\",\"url\":\"https:\\\/\\\/www.babcock-wanson.com\\\/pl\\\/\",\"name\":\"Babcock Wanson\",\"description\":\"\",\"publisher\":{\"@id\":\"https:\\\/\\\/www.babcock-wanson.com\\\/pl\\\/#organization\"},\"potentialAction\":[{\"@type\":\"SearchAction\",\"target\":{\"@type\":\"EntryPoint\",\"urlTemplate\":\"https:\\\/\\\/www.babcock-wanson.com\\\/pl\\\/?s={search_term_string}\"},\"query-input\":{\"@type\":\"PropertyValueSpecification\",\"valueRequired\":true,\"valueName\":\"search_term_string\"}}],\"inLanguage\":\"pl-PL\"},{\"@type\":\"Organization\",\"@id\":\"https:\\\/\\\/www.babcock-wanson.com\\\/pl\\\/#organization\",\"name\":\"Babcock Wanson\",\"url\":\"https:\\\/\\\/www.babcock-wanson.com\\\/pl\\\/\",\"logo\":{\"@type\":\"ImageObject\",\"inLanguage\":\"pl-PL\",\"@id\":\"https:\\\/\\\/www.babcock-wanson.com\\\/pl\\\/#\\\/schema\\\/logo\\\/image\\\/\",\"url\":\"https:\\\/\\\/www.babcock-wanson.com\\\/wp-content\\\/uploads\\\/2024\\\/02\\\/Babcock-Wanson-1200x1200-1.png\",\"contentUrl\":\"https:\\\/\\\/www.babcock-wanson.com\\\/wp-content\\\/uploads\\\/2024\\\/02\\\/Babcock-Wanson-1200x1200-1.png\",\"width\":1200,\"height\":1200,\"caption\":\"Babcock Wanson\"},\"image\":{\"@id\":\"https:\\\/\\\/www.babcock-wanson.com\\\/pl\\\/#\\\/schema\\\/logo\\\/image\\\/\"},\"sameAs\":[\"https:\\\/\\\/www.linkedin.com\\\/company\\\/babcock-wanson\\\/\",\"https:\\\/\\\/www.youtube.com\\\/channel\\\/UCtxl25VieBBsP2kYmtlyv7A\"]}]}<\/script>\n<!-- \/ Yoast SEO Premium plugin. -->","yoast_head_json":{"title":"Kot\u0142y Wodnorurkowe - Babcock Wanson","description":"Firma Babcock Wanson dysponuje do\u015bwiadczonym zespo\u0142em in\u017cynier\u00f3w, kt\u00f3rzy projektuj\u0105 kot\u0142y wodnorurkowe pod k\u0105tem konkretnych zastosowa\u0144.","robots":{"index":"index","follow":"follow","max-snippet":"max-snippet:-1","max-image-preview":"max-image-preview:large","max-video-preview":"max-video-preview:-1"},"canonical":"https:\/\/www.babcock-wanson.com\/pl\/produkty\/kotly-parowe\/kotly-wodnorurkowe\/","og_locale":"pl_PL","og_type":"article","og_title":"Kot\u0142y Wodnorurkowe","og_description":"Firma Babcock Wanson dysponuje do\u015bwiadczonym zespo\u0142em in\u017cynier\u00f3w, kt\u00f3rzy projektuj\u0105 kot\u0142y wodnorurkowe pod k\u0105tem konkretnych zastosowa\u0144.","og_url":"https:\/\/www.babcock-wanson.com\/pl\/produkty\/kotly-parowe\/kotly-wodnorurkowe\/","og_site_name":"Babcock Wanson","article_modified_time":"2021-10-18T13:36:21+00:00","og_image":[{"width":600,"height":400,"url":"https:\/\/www.babcock-wanson.com\/wp-content\/uploads\/2021\/03\/Water_Tube_Boiler_1-1.jpg","type":"image\/jpeg"}],"twitter_card":"summary_large_image","twitter_misc":{"Est. reading time":"1 minuta"},"schema":{"@context":"https:\/\/schema.org","@graph":[{"@type":"WebPage","@id":"https:\/\/www.babcock-wanson.com\/pl\/produkty\/kotly-parowe\/kotly-wodnorurkowe\/","url":"https:\/\/www.babcock-wanson.com\/pl\/produkty\/kotly-parowe\/kotly-wodnorurkowe\/","name":"Kot\u0142y Wodnorurkowe - Babcock Wanson","isPartOf":{"@id":"https:\/\/www.babcock-wanson.com\/pl\/#website"},"primaryImageOfPage":{"@id":"https:\/\/www.babcock-wanson.com\/pl\/produkty\/kotly-parowe\/kotly-wodnorurkowe\/#primaryimage"},"image":{"@id":"https:\/\/www.babcock-wanson.com\/pl\/produkty\/kotly-parowe\/kotly-wodnorurkowe\/#primaryimage"},"thumbnailUrl":"https:\/\/www.babcock-wanson.com\/wp-content\/uploads\/2021\/03\/Water_Tube_Boiler_1-1.jpg","datePublished":"2019-02-26T10:34:31+00:00","dateModified":"2021-10-18T13:36:21+00:00","description":"Firma Babcock Wanson dysponuje do\u015bwiadczonym zespo\u0142em in\u017cynier\u00f3w, kt\u00f3rzy projektuj\u0105 kot\u0142y wodnorurkowe pod k\u0105tem konkretnych zastosowa\u0144.","breadcrumb":{"@id":"https:\/\/www.babcock-wanson.com\/pl\/produkty\/kotly-parowe\/kotly-wodnorurkowe\/#breadcrumb"},"inLanguage":"pl-PL","potentialAction":[{"@type":"ReadAction","target":["https:\/\/www.babcock-wanson.com\/pl\/produkty\/kotly-parowe\/kotly-wodnorurkowe\/"]}]},{"@type":"ImageObject","inLanguage":"pl-PL","@id":"https:\/\/www.babcock-wanson.com\/pl\/produkty\/kotly-parowe\/kotly-wodnorurkowe\/#primaryimage","url":"https:\/\/www.babcock-wanson.com\/wp-content\/uploads\/2021\/03\/Water_Tube_Boiler_1-1.jpg","contentUrl":"https:\/\/www.babcock-wanson.com\/wp-content\/uploads\/2021\/03\/Water_Tube_Boiler_1-1.jpg","width":600,"height":400,"caption":"Water_Tube_Boiler_1"},{"@type":"BreadcrumbList","@id":"https:\/\/www.babcock-wanson.com\/pl\/produkty\/kotly-parowe\/kotly-wodnorurkowe\/#breadcrumb","itemListElement":[{"@type":"ListItem","position":1,"name":"Strona g\u0142\u00f3wna","item":"https:\/\/www.babcock-wanson.com\/pl\/"},{"@type":"ListItem","position":2,"name":"Produkty","item":"https:\/\/www.babcock-wanson.com\/pl\/shop\/"},{"@type":"ListItem","position":3,"name":"Kot\u0142y Parowe","item":"https:\/\/www.babcock-wanson.com\/pl\/kategoria-produktu\/kotly-parowe\/"},{"@type":"ListItem","position":4,"name":"Kot\u0142y Wodnorurkowe"}]},{"@type":"WebSite","@id":"https:\/\/www.babcock-wanson.com\/pl\/#website","url":"https:\/\/www.babcock-wanson.com\/pl\/","name":"Babcock Wanson","description":"","publisher":{"@id":"https:\/\/www.babcock-wanson.com\/pl\/#organization"},"potentialAction":[{"@type":"SearchAction","target":{"@type":"EntryPoint","urlTemplate":"https:\/\/www.babcock-wanson.com\/pl\/?s={search_term_string}"},"query-input":{"@type":"PropertyValueSpecification","valueRequired":true,"valueName":"search_term_string"}}],"inLanguage":"pl-PL"},{"@type":"Organization","@id":"https:\/\/www.babcock-wanson.com\/pl\/#organization","name":"Babcock Wanson","url":"https:\/\/www.babcock-wanson.com\/pl\/","logo":{"@type":"ImageObject","inLanguage":"pl-PL","@id":"https:\/\/www.babcock-wanson.com\/pl\/#\/schema\/logo\/image\/","url":"https:\/\/www.babcock-wanson.com\/wp-content\/uploads\/2024\/02\/Babcock-Wanson-1200x1200-1.png","contentUrl":"https:\/\/www.babcock-wanson.com\/wp-content\/uploads\/2024\/02\/Babcock-Wanson-1200x1200-1.png","width":1200,"height":1200,"caption":"Babcock Wanson"},"image":{"@id":"https:\/\/www.babcock-wanson.com\/pl\/#\/schema\/logo\/image\/"},"sameAs":["https:\/\/www.linkedin.com\/company\/babcock-wanson\/","https:\/\/www.youtube.com\/channel\/UCtxl25VieBBsP2kYmtlyv7A"]}]}},"jetpack_sharing_enabled":true,"_links":{"self":[{"href":"https:\/\/www.babcock-wanson.com\/pl\/wp-json\/wp\/v2\/product\/36768","targetHints":{"allow":["GET"]}}],"collection":[{"href":"https:\/\/www.babcock-wanson.com\/pl\/wp-json\/wp\/v2\/product"}],"about":[{"href":"https:\/\/www.babcock-wanson.com\/pl\/wp-json\/wp\/v2\/types\/product"}],"replies":[{"embeddable":true,"href":"https:\/\/www.babcock-wanson.com\/pl\/wp-json\/wp\/v2\/comments?post=36768"}],"wp:featuredmedia":[{"embeddable":true,"href":"https:\/\/www.babcock-wanson.com\/pl\/wp-json\/wp\/v2\/media\/38425"}],"wp:attachment":[{"href":"https:\/\/www.babcock-wanson.com\/pl\/wp-json\/wp\/v2\/media?parent=36768"}],"wp:term":[{"taxonomy":"product_brand","embeddable":true,"href":"https:\/\/www.babcock-wanson.com\/pl\/wp-json\/wp\/v2\/product_brand?post=36768"},{"taxonomy":"product_cat","embeddable":true,"href":"https:\/\/www.babcock-wanson.com\/pl\/wp-json\/wp\/v2\/product_cat?post=36768"},{"taxonomy":"product_tag","embeddable":true,"href":"https:\/\/www.babcock-wanson.com\/pl\/wp-json\/wp\/v2\/product_tag?post=36768"}],"curies":[{"name":"wp","href":"https:\/\/api.w.org\/{rel}","templated":true}]}}