{"id":36778,"date":"2018-08-15T11:34:43","date_gmt":"2018-08-15T10:34:43","guid":{"rendered":"https:\/\/www.babcock-wanson.com\/products\/bez-kategorii\/heb-series\/"},"modified":"2020-11-06T10:26:00","modified_gmt":"2020-11-06T10:26:00","slug":"heb","status":"publish","type":"product","link":"https:\/\/www.babcock-wanson.com\/pl\/produkty\/kotly-wodne\/heb\/","title":{"rendered":"HEB"},"content":{"rendered":"<div class=\"vgblk-rw-wrapper limit-wrapper\">\r\n<h3>Wysoka sprawno\u015b\u0107<\/h3>\r\n<ul>\r\n<li>W\u00a0pe\u0142ni zintegrowany i\u00a0fabrycznie przetestowany system sterowania zapewnia wysok\u0105 sprawno\u015b\u0107 pracy.<\/li>\r\n<li>Innowacyjna i\u00a0w\u00a0pe\u0142ni sprawdzona konstrukcja gwarantuje wytrzyma\u0142o\u015b\u0107 urz\u0105dze\u0144.<\/li>\r\n<li>Konstrukcja urz\u0105dze\u0144 HEB zapewnia wysok\u0105 sprawno\u015b\u0107 og\u00f3ln\u0105 wynosz\u0105c\u0105 oko\u0142o 96% w\u00a0normalnych warunkach pracy i\u00a0w\u00a0standardowej konfiguracji*.<\/li>\r\n<\/ul>\r\n<h3>Prosta i\u00a0niezawodna obs\u0142uga<\/h3>\r\n<ul>\r\n<li>Doskonale dobrany zesp\u00f3\u0142 kocio\u0142\/palnik umo\u017cliwia prosty monta\u017c na miejscu.<\/li>\r\n<li>Babcock Wanson oferuje kompletny pakiet: Kocio\u0142, izolacja i\u00a0ok\u0142adzina, monta\u017c palnika i\u00a0systemu paliwowego, wielofunkcyjny panel sterowania, us\u0142uga pe\u0142nego uruchomienia i\u00a0us\u0142ugi posprzeda\u017cne.<\/li>\r\n<li>Opcja pe\u0142nego monta\u017cu z\u00a0wszystkimi mocowaniami w\u00a0celu zminimalizowania czasu instalacji na miejscu.<\/li>\r\n<li>Pe\u0142ny dost\u0119p do pieca bez konieczno\u015bci demonta\u017cu palnika zapewnia \u0142atw\u0105 konserwacj\u0119 na miejscu i\u00a0minimalny czas przestoju.<\/li>\r\n<\/ul>\r\n<h3>Troska o\u00a0\u015brodowisko naturalne<\/h3>\r\n<ul>\r\n<li>Doskonale dobrany palnik Babcock Wanson zapewnia nisk\u0105 emisj\u0119 i\u00a0wysok\u0105 sprawno\u015b\u0107 spalania, co oznacza nisk\u0105 ca\u0142kowit\u0105 warto\u015b\u0107 emisji.<\/li>\r\n<li>Wysokosprawny kocio\u0142 ciep\u0142ej wody HEB zapewnia znaczne korzy\u015bci \u015brodowisku i\u00a0spe\u0142nia wszystkie normy emisji.<\/li>\r\n<\/ul>\r\n<\/div><!-- .vgblk-rw-wrapper -->","protected":false},"excerpt":{"rendered":"<p><strong>Od 90 do 2300 kW<br \/><\/strong>Kocio\u0142 ciep\u0142ej wody HEB firmy Babcock Wanson to wysokosprawne urz\u0105dzenie zaprojektowane przede wszystkim z my\u015bl\u0105 o niskotemperaturowym ogrzewaniu procesowym. Gama obejmuje 18 modeli o mocy cieplnej od 90 do 2300 kW i maksymalnym ci\u015bnieniu roboczym od 5 do 6 bar\u00f3w(g), zaprojektowanych do wielu r\u00f3\u017cnych zastosowa\u0144 przemys\u0142owych.<\/p>\n<p>Seria HEB zapewnia maksymaln\u0105 temperatur\u0119 wody na wylocie r\u00f3wn\u0105 100\u00b0C i cz\u0119sto jest wyposa\u017cona w palnik z pe\u0142n\u0105 regulacj\u0105, gwarantuj\u0105cy bardzo dok\u0142adn\u0105 kontrol\u0119 temperatury wody procesowej.<\/p>\n<p>Konfiguracja komory spalania i powierzchni wymiany ciep\u0142a w urz\u0105dzeniach HEB zosta\u0142a w pe\u0142ni zoptymalizowana pod k\u0105tem geometrii p\u0142omienia palnika. Z palnikiem HEB mo\u017cna stosowa\u0107 r\u00f3\u017cne rodzaje gazu, oleju opa\u0142owego, podw\u00f3jnego paliwa i\/lub biogazu.<\/p>\n","protected":false},"featured_media":36284,"comment_status":"closed","ping_status":"closed","template":"","meta":{"_acf_changed":false,"_relevanssi_hide_post":"","_relevanssi_hide_content":"","_relevanssi_pin_for_all":"","_relevanssi_pin_keywords":"","_relevanssi_unpin_keywords":"","_relevanssi_related_keywords":"","_relevanssi_related_include_ids":"","_relevanssi_related_exclude_ids":"","_relevanssi_related_no_append":"","_relevanssi_related_not_related":"","_relevanssi_related_posts":"","_relevanssi_noindex_reason":""},"product_brand":[],"product_cat":[6406],"product_tag":[],"class_list":{"0":"post-36778","1":"product","2":"type-product","3":"status-publish","4":"has-post-thumbnail","6":"product_cat-kotly-wodne","8":"first","9":"instock","10":"shipping-taxable","11":"product-type-simple"},"acf":[],"yoast_head":"<!-- This site is optimized with the Yoast SEO Premium plugin v27.4 (Yoast SEO v27.4) - https:\/\/yoast.com\/product\/yoast-seo-premium-wordpress\/ -->\n<title>HEB - Kot\u0142y Wodne- Babcock Wanson<\/title>\n<meta name=\"description\" content=\"Kocio\u0142 ciep\u0142ej wody HEB firmy Babcock Wanson to wysokosprawne urz\u0105dzenie zaprojektowane przede wszystkim z my\u015bl\u0105 o niskotemperaturowym ogrzewaniu procesowym.\" \/>\n<meta name=\"robots\" content=\"index, follow, max-snippet:-1, max-image-preview:large, max-video-preview:-1\" \/>\n<link rel=\"canonical\" href=\"https:\/\/www.babcock-wanson.com\/pl\/produkty\/kotly-wodne\/heb\/\" \/>\n<meta property=\"og:locale\" content=\"pl_PL\" \/>\n<meta property=\"og:type\" content=\"article\" \/>\n<meta property=\"og:title\" content=\"HEB\" \/>\n<meta property=\"og:description\" content=\"Kocio\u0142 ciep\u0142ej wody HEB firmy Babcock Wanson to wysokosprawne urz\u0105dzenie zaprojektowane przede wszystkim z my\u015bl\u0105 o niskotemperaturowym ogrzewaniu procesowym.\" \/>\n<meta property=\"og:url\" content=\"https:\/\/www.babcock-wanson.com\/pl\/produkty\/kotly-wodne\/heb\/\" \/>\n<meta property=\"og:site_name\" content=\"Babcock Wanson\" \/>\n<meta property=\"article:modified_time\" content=\"2020-11-06T10:26:00+00:00\" \/>\n<meta property=\"og:image\" content=\"https:\/\/www.babcock-wanson.com\/wp-content\/uploads\/2018\/08\/HEB-Hot-Water-Boiler-1.jpg\" \/>\n\t<meta property=\"og:image:width\" content=\"600\" \/>\n\t<meta property=\"og:image:height\" content=\"400\" \/>\n\t<meta property=\"og:image:type\" content=\"image\/jpeg\" \/>\n<meta name=\"twitter:card\" content=\"summary_large_image\" \/>\n<meta name=\"twitter:label1\" content=\"Est. reading time\" \/>\n\t<meta name=\"twitter:data1\" content=\"1 minuta\" \/>\n<script type=\"application\/ld+json\" class=\"yoast-schema-graph\">{\"@context\":\"https:\\\/\\\/schema.org\",\"@graph\":[{\"@type\":\"WebPage\",\"@id\":\"https:\\\/\\\/www.babcock-wanson.com\\\/pl\\\/produkty\\\/kotly-wodne\\\/heb\\\/\",\"url\":\"https:\\\/\\\/www.babcock-wanson.com\\\/pl\\\/produkty\\\/kotly-wodne\\\/heb\\\/\",\"name\":\"HEB - Kot\u0142y Wodne- Babcock Wanson\",\"isPartOf\":{\"@id\":\"https:\\\/\\\/www.babcock-wanson.com\\\/pl\\\/#website\"},\"primaryImageOfPage\":{\"@id\":\"https:\\\/\\\/www.babcock-wanson.com\\\/pl\\\/produkty\\\/kotly-wodne\\\/heb\\\/#primaryimage\"},\"image\":{\"@id\":\"https:\\\/\\\/www.babcock-wanson.com\\\/pl\\\/produkty\\\/kotly-wodne\\\/heb\\\/#primaryimage\"},\"thumbnailUrl\":\"https:\\\/\\\/www.babcock-wanson.com\\\/wp-content\\\/uploads\\\/2018\\\/08\\\/HEB-Hot-Water-Boiler-1.jpg\",\"datePublished\":\"2018-08-15T10:34:43+00:00\",\"dateModified\":\"2020-11-06T10:26:00+00:00\",\"description\":\"Kocio\u0142 ciep\u0142ej wody HEB firmy Babcock Wanson to wysokosprawne urz\u0105dzenie zaprojektowane przede wszystkim z my\u015bl\u0105 o niskotemperaturowym ogrzewaniu procesowym.\",\"breadcrumb\":{\"@id\":\"https:\\\/\\\/www.babcock-wanson.com\\\/pl\\\/produkty\\\/kotly-wodne\\\/heb\\\/#breadcrumb\"},\"inLanguage\":\"pl-PL\",\"potentialAction\":[{\"@type\":\"ReadAction\",\"target\":[\"https:\\\/\\\/www.babcock-wanson.com\\\/pl\\\/produkty\\\/kotly-wodne\\\/heb\\\/\"]}]},{\"@type\":\"ImageObject\",\"inLanguage\":\"pl-PL\",\"@id\":\"https:\\\/\\\/www.babcock-wanson.com\\\/pl\\\/produkty\\\/kotly-wodne\\\/heb\\\/#primaryimage\",\"url\":\"https:\\\/\\\/www.babcock-wanson.com\\\/wp-content\\\/uploads\\\/2018\\\/08\\\/HEB-Hot-Water-Boiler-1.jpg\",\"contentUrl\":\"https:\\\/\\\/www.babcock-wanson.com\\\/wp-content\\\/uploads\\\/2018\\\/08\\\/HEB-Hot-Water-Boiler-1.jpg\",\"width\":600,\"height\":400,\"caption\":\"HEB-Kot\u0142y-Wodne\"},{\"@type\":\"BreadcrumbList\",\"@id\":\"https:\\\/\\\/www.babcock-wanson.com\\\/pl\\\/produkty\\\/kotly-wodne\\\/heb\\\/#breadcrumb\",\"itemListElement\":[{\"@type\":\"ListItem\",\"position\":1,\"name\":\"Strona g\u0142\u00f3wna\",\"item\":\"https:\\\/\\\/www.babcock-wanson.com\\\/pl\\\/\"},{\"@type\":\"ListItem\",\"position\":2,\"name\":\"Produkty\",\"item\":\"https:\\\/\\\/www.babcock-wanson.com\\\/pl\\\/shop\\\/\"},{\"@type\":\"ListItem\",\"position\":3,\"name\":\"Kot\u0142y Wodne\",\"item\":\"https:\\\/\\\/www.babcock-wanson.com\\\/pl\\\/kategoria-produktu\\\/kotly-wodne\\\/\"},{\"@type\":\"ListItem\",\"position\":4,\"name\":\"HEB\"}]},{\"@type\":\"WebSite\",\"@id\":\"https:\\\/\\\/www.babcock-wanson.com\\\/pl\\\/#website\",\"url\":\"https:\\\/\\\/www.babcock-wanson.com\\\/pl\\\/\",\"name\":\"Babcock Wanson\",\"description\":\"\",\"publisher\":{\"@id\":\"https:\\\/\\\/www.babcock-wanson.com\\\/pl\\\/#organization\"},\"potentialAction\":[{\"@type\":\"SearchAction\",\"target\":{\"@type\":\"EntryPoint\",\"urlTemplate\":\"https:\\\/\\\/www.babcock-wanson.com\\\/pl\\\/?s={search_term_string}\"},\"query-input\":{\"@type\":\"PropertyValueSpecification\",\"valueRequired\":true,\"valueName\":\"search_term_string\"}}],\"inLanguage\":\"pl-PL\"},{\"@type\":\"Organization\",\"@id\":\"https:\\\/\\\/www.babcock-wanson.com\\\/pl\\\/#organization\",\"name\":\"Babcock Wanson\",\"url\":\"https:\\\/\\\/www.babcock-wanson.com\\\/pl\\\/\",\"logo\":{\"@type\":\"ImageObject\",\"inLanguage\":\"pl-PL\",\"@id\":\"https:\\\/\\\/www.babcock-wanson.com\\\/pl\\\/#\\\/schema\\\/logo\\\/image\\\/\",\"url\":\"https:\\\/\\\/www.babcock-wanson.com\\\/wp-content\\\/uploads\\\/2024\\\/02\\\/Babcock-Wanson-1200x1200-1.png\",\"contentUrl\":\"https:\\\/\\\/www.babcock-wanson.com\\\/wp-content\\\/uploads\\\/2024\\\/02\\\/Babcock-Wanson-1200x1200-1.png\",\"width\":1200,\"height\":1200,\"caption\":\"Babcock Wanson\"},\"image\":{\"@id\":\"https:\\\/\\\/www.babcock-wanson.com\\\/pl\\\/#\\\/schema\\\/logo\\\/image\\\/\"},\"sameAs\":[\"https:\\\/\\\/www.linkedin.com\\\/company\\\/babcock-wanson\\\/\",\"https:\\\/\\\/www.youtube.com\\\/channel\\\/UCtxl25VieBBsP2kYmtlyv7A\"]}]}<\/script>\n<!-- \/ Yoast SEO Premium plugin. -->","yoast_head_json":{"title":"HEB - Kot\u0142y Wodne- Babcock Wanson","description":"Kocio\u0142 ciep\u0142ej wody HEB firmy Babcock Wanson to wysokosprawne urz\u0105dzenie zaprojektowane przede wszystkim z my\u015bl\u0105 o niskotemperaturowym ogrzewaniu procesowym.","robots":{"index":"index","follow":"follow","max-snippet":"max-snippet:-1","max-image-preview":"max-image-preview:large","max-video-preview":"max-video-preview:-1"},"canonical":"https:\/\/www.babcock-wanson.com\/pl\/produkty\/kotly-wodne\/heb\/","og_locale":"pl_PL","og_type":"article","og_title":"HEB","og_description":"Kocio\u0142 ciep\u0142ej wody HEB firmy Babcock Wanson to wysokosprawne urz\u0105dzenie zaprojektowane przede wszystkim z my\u015bl\u0105 o niskotemperaturowym ogrzewaniu procesowym.","og_url":"https:\/\/www.babcock-wanson.com\/pl\/produkty\/kotly-wodne\/heb\/","og_site_name":"Babcock Wanson","article_modified_time":"2020-11-06T10:26:00+00:00","og_image":[{"width":600,"height":400,"url":"https:\/\/www.babcock-wanson.com\/wp-content\/uploads\/2018\/08\/HEB-Hot-Water-Boiler-1.jpg","type":"image\/jpeg"}],"twitter_card":"summary_large_image","twitter_misc":{"Est. reading time":"1 minuta"},"schema":{"@context":"https:\/\/schema.org","@graph":[{"@type":"WebPage","@id":"https:\/\/www.babcock-wanson.com\/pl\/produkty\/kotly-wodne\/heb\/","url":"https:\/\/www.babcock-wanson.com\/pl\/produkty\/kotly-wodne\/heb\/","name":"HEB - Kot\u0142y Wodne- Babcock Wanson","isPartOf":{"@id":"https:\/\/www.babcock-wanson.com\/pl\/#website"},"primaryImageOfPage":{"@id":"https:\/\/www.babcock-wanson.com\/pl\/produkty\/kotly-wodne\/heb\/#primaryimage"},"image":{"@id":"https:\/\/www.babcock-wanson.com\/pl\/produkty\/kotly-wodne\/heb\/#primaryimage"},"thumbnailUrl":"https:\/\/www.babcock-wanson.com\/wp-content\/uploads\/2018\/08\/HEB-Hot-Water-Boiler-1.jpg","datePublished":"2018-08-15T10:34:43+00:00","dateModified":"2020-11-06T10:26:00+00:00","description":"Kocio\u0142 ciep\u0142ej wody HEB firmy Babcock Wanson to wysokosprawne urz\u0105dzenie zaprojektowane przede wszystkim z my\u015bl\u0105 o niskotemperaturowym ogrzewaniu procesowym.","breadcrumb":{"@id":"https:\/\/www.babcock-wanson.com\/pl\/produkty\/kotly-wodne\/heb\/#breadcrumb"},"inLanguage":"pl-PL","potentialAction":[{"@type":"ReadAction","target":["https:\/\/www.babcock-wanson.com\/pl\/produkty\/kotly-wodne\/heb\/"]}]},{"@type":"ImageObject","inLanguage":"pl-PL","@id":"https:\/\/www.babcock-wanson.com\/pl\/produkty\/kotly-wodne\/heb\/#primaryimage","url":"https:\/\/www.babcock-wanson.com\/wp-content\/uploads\/2018\/08\/HEB-Hot-Water-Boiler-1.jpg","contentUrl":"https:\/\/www.babcock-wanson.com\/wp-content\/uploads\/2018\/08\/HEB-Hot-Water-Boiler-1.jpg","width":600,"height":400,"caption":"HEB-Kot\u0142y-Wodne"},{"@type":"BreadcrumbList","@id":"https:\/\/www.babcock-wanson.com\/pl\/produkty\/kotly-wodne\/heb\/#breadcrumb","itemListElement":[{"@type":"ListItem","position":1,"name":"Strona g\u0142\u00f3wna","item":"https:\/\/www.babcock-wanson.com\/pl\/"},{"@type":"ListItem","position":2,"name":"Produkty","item":"https:\/\/www.babcock-wanson.com\/pl\/shop\/"},{"@type":"ListItem","position":3,"name":"Kot\u0142y Wodne","item":"https:\/\/www.babcock-wanson.com\/pl\/kategoria-produktu\/kotly-wodne\/"},{"@type":"ListItem","position":4,"name":"HEB"}]},{"@type":"WebSite","@id":"https:\/\/www.babcock-wanson.com\/pl\/#website","url":"https:\/\/www.babcock-wanson.com\/pl\/","name":"Babcock Wanson","description":"","publisher":{"@id":"https:\/\/www.babcock-wanson.com\/pl\/#organization"},"potentialAction":[{"@type":"SearchAction","target":{"@type":"EntryPoint","urlTemplate":"https:\/\/www.babcock-wanson.com\/pl\/?s={search_term_string}"},"query-input":{"@type":"PropertyValueSpecification","valueRequired":true,"valueName":"search_term_string"}}],"inLanguage":"pl-PL"},{"@type":"Organization","@id":"https:\/\/www.babcock-wanson.com\/pl\/#organization","name":"Babcock Wanson","url":"https:\/\/www.babcock-wanson.com\/pl\/","logo":{"@type":"ImageObject","inLanguage":"pl-PL","@id":"https:\/\/www.babcock-wanson.com\/pl\/#\/schema\/logo\/image\/","url":"https:\/\/www.babcock-wanson.com\/wp-content\/uploads\/2024\/02\/Babcock-Wanson-1200x1200-1.png","contentUrl":"https:\/\/www.babcock-wanson.com\/wp-content\/uploads\/2024\/02\/Babcock-Wanson-1200x1200-1.png","width":1200,"height":1200,"caption":"Babcock Wanson"},"image":{"@id":"https:\/\/www.babcock-wanson.com\/pl\/#\/schema\/logo\/image\/"},"sameAs":["https:\/\/www.linkedin.com\/company\/babcock-wanson\/","https:\/\/www.youtube.com\/channel\/UCtxl25VieBBsP2kYmtlyv7A"]}]}},"jetpack_sharing_enabled":true,"_links":{"self":[{"href":"https:\/\/www.babcock-wanson.com\/pl\/wp-json\/wp\/v2\/product\/36778","targetHints":{"allow":["GET"]}}],"collection":[{"href":"https:\/\/www.babcock-wanson.com\/pl\/wp-json\/wp\/v2\/product"}],"about":[{"href":"https:\/\/www.babcock-wanson.com\/pl\/wp-json\/wp\/v2\/types\/product"}],"replies":[{"embeddable":true,"href":"https:\/\/www.babcock-wanson.com\/pl\/wp-json\/wp\/v2\/comments?post=36778"}],"wp:featuredmedia":[{"embeddable":true,"href":"https:\/\/www.babcock-wanson.com\/pl\/wp-json\/wp\/v2\/media\/36284"}],"wp:attachment":[{"href":"https:\/\/www.babcock-wanson.com\/pl\/wp-json\/wp\/v2\/media?parent=36778"}],"wp:term":[{"taxonomy":"product_brand","embeddable":true,"href":"https:\/\/www.babcock-wanson.com\/pl\/wp-json\/wp\/v2\/product_brand?post=36778"},{"taxonomy":"product_cat","embeddable":true,"href":"https:\/\/www.babcock-wanson.com\/pl\/wp-json\/wp\/v2\/product_cat?post=36778"},{"taxonomy":"product_tag","embeddable":true,"href":"https:\/\/www.babcock-wanson.com\/pl\/wp-json\/wp\/v2\/product_tag?post=36778"}],"curies":[{"name":"wp","href":"https:\/\/api.w.org\/{rel}","templated":true}]}}