{"id":36784,"date":"2018-08-15T11:34:39","date_gmt":"2018-08-15T10:34:39","guid":{"rendered":"https:\/\/www.babcock-wanson.com\/products\/bez-kategorii\/hw3p-series\/"},"modified":"2021-11-08T16:33:00","modified_gmt":"2021-11-08T16:33:00","slug":"hw3p","status":"publish","type":"product","link":"https:\/\/www.babcock-wanson.com\/pl\/produkty\/kotly-wodne\/hw3p\/","title":{"rendered":"HW3P"},"content":{"rendered":"<div class=\"vgblk-rw-wrapper limit-wrapper\">\r\n<h3>Kocio\u0142 ciep\u0142ej wody serii HW3P<\/h3>\r\n<p>Rodzina kot\u0142\u00f3w ciep\u0142ej wody HW3P obejmuje 14\u00a0modeli o\u00a0wydajno\u015bci cieplnej od 1165\u00a0kW do 10\u00a0560\u00a0kW i\u00a0ci\u015bnieniu roboczym od\u00a05 do 8\u00a0bar\u00f3w(g). Szeroka gama kot\u0142\u00f3w ciep\u0142ej wody HW3P gwarantuje dost\u0119pno\u015b\u0107 odpowiedniej mocy cieplnej, potrafi\u0105c sprosta\u0107 najbardziej wymagaj\u0105cym procesom przemys\u0142owym.<\/p>\r\n<p>Firma Babcock Wanson mo\u017ce dostarczy\u0107 kompletne rozwi\u0105zanie dopasowane do indywidualnych wymog\u00f3w, mi\u0119dzy innymi p\u0142aszcz kot\u0142a z\u00a0izolacj\u0105 i\u00a0ok\u0142adzin\u0105, odpowiednio dobrany palnik, wielofunkcyjny panel sterowania, wszystkie urz\u0105dzenia pomocnicze, w\u00a0tym pompy obiegu pierwotnego i\u00a0antykondensacyjne, urz\u0105dzenia do utrzymywania ci\u015bnienia, pe\u0142ny pakiet grzejnik\u00f3w i\u00a0zawor\u00f3w procesowych wraz z\u00a0us\u0142ug\u0105 uruchomienia kot\u0142a. Ca\u0142y dostarczony sprz\u0119t jest wspierany przez nasz lokalny serwis posprzeda\u017cny.<\/p>\r\n<h3>Gwarantowana wydajno\u015b\u0107<\/h3>\r\n<ul>\r\n<li>HW3P to kocio\u0142 zaprojektowany w\u00a0celu zapewnienia w\u00a0standardowej wersji wyj\u0105tkowej wydajno\u015bci i\u00a0wysokiej sprawno\u015bci roboczej wynosz\u0105cej do 93,4%*.<\/li>\r\n<li>W\u00a0pe\u0142ni zintegrowany i\u00a0fabrycznie przetestowany system sterowania zapewnia prost\u0105 i\u00a0niezawodn\u0105 obs\u0142ug\u0119.<\/li>\r\n<li>Us\u0142ugi uruchomienia i\u00a0konserwacji s\u0105 \u015bwiadczone przez technik\u00f3w Babcock Wanson i\u00a0in\u017cynier\u00f3w serwisowych w\u00a0siedzibie klienta.<\/li>\r\n<\/ul>\r\n<h3>Wytrzyma\u0142y sprz\u0119t<\/h3>\r\n<ul>\r\n<li>Kocio\u0142 HW3P to solidna konstrukcja, kt\u00f3ra zapewnia maksymalne temperatury robocze wody do 106\u00b0C i\u00a0ci\u015bnienie do 8\u00a0barg.<\/li>\r\n<li>Kocio\u0142 HW3P obejmuje trzy pe\u0142ne obiegi gazowe i\u00a0jest wyposa\u017cony w\u00a0izolowane przednie drzwi otwierania obiegu gazu, co u\u0142atwia kontrol\u0119 i\u00a0czyszczenie.<\/li>\r\n<\/ul>\r\n<h3>Troska o\u00a0\u015brodowisko naturalne<\/h3>\r\n<ul>\r\n<li>Konstrukcja kot\u0142a HW3P firmy Babcock Wanson zapewnia idealne dopasowanie korpusu kot\u0142a do palnika w\u00a0celu zapewnienia efektywnego spalania paliwa, prostej konserwacji i\u00a0zgodno\u015bci z\u00a0normami emisji spalin.<\/li>\r\n<li>Konstrukcja palnika i\u00a0kot\u0142a ciep\u0142ej wody HW3P gwarantuj\u0105 nisk\u0105 emisj\u0119 NOx.<\/li>\r\n<\/ul>\r\n<h3>Pe\u0142ny zakres wyposa\u017cenia dodatkowego<\/h3>\r\n<ul>\r\n<li>Palniki Babcock Wanson<\/li>\r\n<li>Projekty pakiet\u00f3w na zam\u00f3wienie<\/li>\r\n<li>Urz\u0105dzenia do utrzymywania ci\u015bnienia<\/li>\r\n<li>Zawory i\u00a0elementy steruj\u0105ce<\/li>\r\n<li>Pomocnicze urz\u0105dzenia systemowe i\u00a0wymienniki ciep\u0142a<\/li>\r\n<\/ul>\r\n<h3>Pe\u0142ny zakres us\u0142ug<\/h3>\r\n<ul>\r\n<li>Projektowanie system\u00f3w i\u00a0zarz\u0105dzanie projektami<\/li>\r\n<li>Serwis instalacji i\u00a0ruroci\u0105g\u00f3w<\/li>\r\n<li>Zestawy do utrzymywania ci\u015bnienia w\u00a0systemie<\/li>\r\n<li>Dostawa i\u00a0uruchomienie<\/li>\r\n<li>Konserwacja i\u00a0pe\u0142ny serwis posprzeda\u017cny<\/li>\r\n<\/ul>\r\n<p>* Warto\u015bci te zale\u017c\u0105 \u015bci\u015ble od warunk\u00f3w eksploatacji kot\u0142a.<\/p>\r\n<\/div><!-- .vgblk-rw-wrapper -->","protected":false},"excerpt":{"rendered":"<p><strong>Od 1,1 do 10,5 MW<\/strong><br \/><a href=\"https:\/\/www.babcock-wanson.com\/pl\/kategoria-produktu\/kotly-wodne\/\" target=\"_blank\" rel=\"noopener\">Kocio\u0142 ciep\u0142ej wody<\/a> HW3P to w pe\u0142ni 3-obiegowy ogrzewacz zasilany gazem ziemnym, gazem p\u0142ynnym, lekkim olejem opa\u0142owym i r\u00f3\u017cnymi specjalistycznymi biopaliwami. Solidna i sprawdzona konfiguracja kot\u0142a HW3-P gwarantuje niezawodn\u0105 moc we wszystkich zastosowaniach przemys\u0142owych.<\/p>\n<p>Kocio\u0142 HW3P jest wyposa\u017cony w specjalnie zaprojektowane palniki gwarantuj\u0105ce nisk\u0105 emisj\u0119 NOx, w pe\u0142ni zgodn\u0105 z dyrektyw\u0105 w sprawie \u015brednich obiekt\u00f3w energetycznego spalania. Jednocze\u015bnie zapewnia wysok\u0105 sprawno\u015b\u0107 dzia\u0142ania i bardzo nisk\u0105 og\u00f3ln\u0105 emisj\u0119.<\/p>\n<p>Kocio\u0142 HW3P firmy Babcock Wanson zapewnia maksymaln\u0105 temperatur\u0119 wody na wylocie wynosz\u0105c\u0105 106\u00b0C i jest wyposa\u017cony w wielostopniowy lub w pe\u0142ni modulowany palnik, dopasowany do obci\u0105\u017cenia procesowego i zapewniaj\u0105cy bardzo dok\u0142adn\u0105 kontrol\u0119 temperatury wody procesowej.<\/p>\n","protected":false},"featured_media":36787,"comment_status":"closed","ping_status":"closed","template":"","meta":{"_acf_changed":false,"_relevanssi_hide_post":"","_relevanssi_hide_content":"","_relevanssi_pin_for_all":"","_relevanssi_pin_keywords":"","_relevanssi_unpin_keywords":"","_relevanssi_related_keywords":"","_relevanssi_related_include_ids":"","_relevanssi_related_exclude_ids":"","_relevanssi_related_no_append":"","_relevanssi_related_not_related":"","_relevanssi_related_posts":"","_relevanssi_noindex_reason":""},"product_brand":[],"product_cat":[6406],"product_tag":[],"class_list":{"0":"post-36784","1":"product","2":"type-product","3":"status-publish","4":"has-post-thumbnail","6":"product_cat-kotly-wodne","8":"first","9":"instock","10":"shipping-taxable","11":"product-type-simple"},"acf":[],"yoast_head":"<!-- This site is optimized with the Yoast SEO Premium plugin v27.4 (Yoast SEO v27.4) - https:\/\/yoast.com\/product\/yoast-seo-premium-wordpress\/ -->\n<title>HW3P - Kot\u0142y Wodne- Babcock Wanson<\/title>\n<meta name=\"description\" content=\"Kocio\u0142 ciep\u0142ej wody HW3P to w pe\u0142ni 3-obiegowy ogrzewacz zasilany gazem ziemnym, gazem p\u0142ynnym, lekkim olejem opa\u0142owym i r\u00f3\u017cnymi specjalistycznymi biopaliwami.\" \/>\n<meta name=\"robots\" content=\"index, follow, max-snippet:-1, max-image-preview:large, max-video-preview:-1\" \/>\n<link rel=\"canonical\" href=\"https:\/\/www.babcock-wanson.com\/pl\/produkty\/kotly-wodne\/hw3p\/\" \/>\n<meta property=\"og:locale\" content=\"pl_PL\" \/>\n<meta property=\"og:type\" content=\"article\" \/>\n<meta property=\"og:title\" content=\"HW3P\" \/>\n<meta property=\"og:description\" content=\"Kocio\u0142 ciep\u0142ej wody HW3P to w pe\u0142ni 3-obiegowy ogrzewacz zasilany gazem ziemnym, gazem p\u0142ynnym, lekkim olejem opa\u0142owym i r\u00f3\u017cnymi specjalistycznymi biopaliwami.\" \/>\n<meta property=\"og:url\" content=\"https:\/\/www.babcock-wanson.com\/pl\/produkty\/kotly-wodne\/hw3p\/\" \/>\n<meta property=\"og:site_name\" content=\"Babcock Wanson\" \/>\n<meta property=\"article:modified_time\" content=\"2021-11-08T16:33:00+00:00\" \/>\n<meta property=\"og:image\" content=\"https:\/\/www.babcock-wanson.com\/wp-content\/uploads\/2018\/08\/hw3p-1.jpg\" \/>\n\t<meta property=\"og:image:width\" content=\"600\" \/>\n\t<meta property=\"og:image:height\" content=\"400\" \/>\n\t<meta property=\"og:image:type\" content=\"image\/jpeg\" \/>\n<meta name=\"twitter:card\" content=\"summary_large_image\" \/>\n<meta name=\"twitter:label1\" content=\"Est. reading time\" \/>\n\t<meta name=\"twitter:data1\" content=\"2 minuty\" \/>\n<script type=\"application\/ld+json\" class=\"yoast-schema-graph\">{\"@context\":\"https:\\\/\\\/schema.org\",\"@graph\":[{\"@type\":\"WebPage\",\"@id\":\"https:\\\/\\\/www.babcock-wanson.com\\\/pl\\\/produkty\\\/kotly-wodne\\\/hw3p\\\/\",\"url\":\"https:\\\/\\\/www.babcock-wanson.com\\\/pl\\\/produkty\\\/kotly-wodne\\\/hw3p\\\/\",\"name\":\"HW3P - Kot\u0142y Wodne- Babcock Wanson\",\"isPartOf\":{\"@id\":\"https:\\\/\\\/www.babcock-wanson.com\\\/pl\\\/#website\"},\"primaryImageOfPage\":{\"@id\":\"https:\\\/\\\/www.babcock-wanson.com\\\/pl\\\/produkty\\\/kotly-wodne\\\/hw3p\\\/#primaryimage\"},\"image\":{\"@id\":\"https:\\\/\\\/www.babcock-wanson.com\\\/pl\\\/produkty\\\/kotly-wodne\\\/hw3p\\\/#primaryimage\"},\"thumbnailUrl\":\"https:\\\/\\\/www.babcock-wanson.com\\\/wp-content\\\/uploads\\\/2018\\\/08\\\/hw3p-1.jpg\",\"datePublished\":\"2018-08-15T10:34:39+00:00\",\"dateModified\":\"2021-11-08T16:33:00+00:00\",\"description\":\"Kocio\u0142 ciep\u0142ej wody HW3P to w pe\u0142ni 3-obiegowy ogrzewacz zasilany gazem ziemnym, gazem p\u0142ynnym, lekkim olejem opa\u0142owym i r\u00f3\u017cnymi specjalistycznymi biopaliwami.\",\"breadcrumb\":{\"@id\":\"https:\\\/\\\/www.babcock-wanson.com\\\/pl\\\/produkty\\\/kotly-wodne\\\/hw3p\\\/#breadcrumb\"},\"inLanguage\":\"pl-PL\",\"potentialAction\":[{\"@type\":\"ReadAction\",\"target\":[\"https:\\\/\\\/www.babcock-wanson.com\\\/pl\\\/produkty\\\/kotly-wodne\\\/hw3p\\\/\"]}]},{\"@type\":\"ImageObject\",\"inLanguage\":\"pl-PL\",\"@id\":\"https:\\\/\\\/www.babcock-wanson.com\\\/pl\\\/produkty\\\/kotly-wodne\\\/hw3p\\\/#primaryimage\",\"url\":\"https:\\\/\\\/www.babcock-wanson.com\\\/wp-content\\\/uploads\\\/2018\\\/08\\\/hw3p-1.jpg\",\"contentUrl\":\"https:\\\/\\\/www.babcock-wanson.com\\\/wp-content\\\/uploads\\\/2018\\\/08\\\/hw3p-1.jpg\",\"width\":600,\"height\":400},{\"@type\":\"BreadcrumbList\",\"@id\":\"https:\\\/\\\/www.babcock-wanson.com\\\/pl\\\/produkty\\\/kotly-wodne\\\/hw3p\\\/#breadcrumb\",\"itemListElement\":[{\"@type\":\"ListItem\",\"position\":1,\"name\":\"Strona g\u0142\u00f3wna\",\"item\":\"https:\\\/\\\/www.babcock-wanson.com\\\/pl\\\/\"},{\"@type\":\"ListItem\",\"position\":2,\"name\":\"Produkty\",\"item\":\"https:\\\/\\\/www.babcock-wanson.com\\\/pl\\\/shop\\\/\"},{\"@type\":\"ListItem\",\"position\":3,\"name\":\"Kot\u0142y Wodne\",\"item\":\"https:\\\/\\\/www.babcock-wanson.com\\\/pl\\\/kategoria-produktu\\\/kotly-wodne\\\/\"},{\"@type\":\"ListItem\",\"position\":4,\"name\":\"HW3P\"}]},{\"@type\":\"WebSite\",\"@id\":\"https:\\\/\\\/www.babcock-wanson.com\\\/pl\\\/#website\",\"url\":\"https:\\\/\\\/www.babcock-wanson.com\\\/pl\\\/\",\"name\":\"Babcock Wanson\",\"description\":\"\",\"publisher\":{\"@id\":\"https:\\\/\\\/www.babcock-wanson.com\\\/pl\\\/#organization\"},\"potentialAction\":[{\"@type\":\"SearchAction\",\"target\":{\"@type\":\"EntryPoint\",\"urlTemplate\":\"https:\\\/\\\/www.babcock-wanson.com\\\/pl\\\/?s={search_term_string}\"},\"query-input\":{\"@type\":\"PropertyValueSpecification\",\"valueRequired\":true,\"valueName\":\"search_term_string\"}}],\"inLanguage\":\"pl-PL\"},{\"@type\":\"Organization\",\"@id\":\"https:\\\/\\\/www.babcock-wanson.com\\\/pl\\\/#organization\",\"name\":\"Babcock Wanson\",\"url\":\"https:\\\/\\\/www.babcock-wanson.com\\\/pl\\\/\",\"logo\":{\"@type\":\"ImageObject\",\"inLanguage\":\"pl-PL\",\"@id\":\"https:\\\/\\\/www.babcock-wanson.com\\\/pl\\\/#\\\/schema\\\/logo\\\/image\\\/\",\"url\":\"https:\\\/\\\/www.babcock-wanson.com\\\/wp-content\\\/uploads\\\/2024\\\/02\\\/Babcock-Wanson-1200x1200-1.png\",\"contentUrl\":\"https:\\\/\\\/www.babcock-wanson.com\\\/wp-content\\\/uploads\\\/2024\\\/02\\\/Babcock-Wanson-1200x1200-1.png\",\"width\":1200,\"height\":1200,\"caption\":\"Babcock Wanson\"},\"image\":{\"@id\":\"https:\\\/\\\/www.babcock-wanson.com\\\/pl\\\/#\\\/schema\\\/logo\\\/image\\\/\"},\"sameAs\":[\"https:\\\/\\\/www.linkedin.com\\\/company\\\/babcock-wanson\\\/\",\"https:\\\/\\\/www.youtube.com\\\/channel\\\/UCtxl25VieBBsP2kYmtlyv7A\"]}]}<\/script>\n<!-- \/ Yoast SEO Premium plugin. -->","yoast_head_json":{"title":"HW3P - Kot\u0142y Wodne- Babcock Wanson","description":"Kocio\u0142 ciep\u0142ej wody HW3P to w pe\u0142ni 3-obiegowy ogrzewacz zasilany gazem ziemnym, gazem p\u0142ynnym, lekkim olejem opa\u0142owym i r\u00f3\u017cnymi specjalistycznymi biopaliwami.","robots":{"index":"index","follow":"follow","max-snippet":"max-snippet:-1","max-image-preview":"max-image-preview:large","max-video-preview":"max-video-preview:-1"},"canonical":"https:\/\/www.babcock-wanson.com\/pl\/produkty\/kotly-wodne\/hw3p\/","og_locale":"pl_PL","og_type":"article","og_title":"HW3P","og_description":"Kocio\u0142 ciep\u0142ej wody HW3P to w pe\u0142ni 3-obiegowy ogrzewacz zasilany gazem ziemnym, gazem p\u0142ynnym, lekkim olejem opa\u0142owym i r\u00f3\u017cnymi specjalistycznymi biopaliwami.","og_url":"https:\/\/www.babcock-wanson.com\/pl\/produkty\/kotly-wodne\/hw3p\/","og_site_name":"Babcock Wanson","article_modified_time":"2021-11-08T16:33:00+00:00","og_image":[{"width":600,"height":400,"url":"https:\/\/www.babcock-wanson.com\/wp-content\/uploads\/2018\/08\/hw3p-1.jpg","type":"image\/jpeg"}],"twitter_card":"summary_large_image","twitter_misc":{"Est. reading time":"2 minuty"},"schema":{"@context":"https:\/\/schema.org","@graph":[{"@type":"WebPage","@id":"https:\/\/www.babcock-wanson.com\/pl\/produkty\/kotly-wodne\/hw3p\/","url":"https:\/\/www.babcock-wanson.com\/pl\/produkty\/kotly-wodne\/hw3p\/","name":"HW3P - Kot\u0142y Wodne- Babcock Wanson","isPartOf":{"@id":"https:\/\/www.babcock-wanson.com\/pl\/#website"},"primaryImageOfPage":{"@id":"https:\/\/www.babcock-wanson.com\/pl\/produkty\/kotly-wodne\/hw3p\/#primaryimage"},"image":{"@id":"https:\/\/www.babcock-wanson.com\/pl\/produkty\/kotly-wodne\/hw3p\/#primaryimage"},"thumbnailUrl":"https:\/\/www.babcock-wanson.com\/wp-content\/uploads\/2018\/08\/hw3p-1.jpg","datePublished":"2018-08-15T10:34:39+00:00","dateModified":"2021-11-08T16:33:00+00:00","description":"Kocio\u0142 ciep\u0142ej wody HW3P to w pe\u0142ni 3-obiegowy ogrzewacz zasilany gazem ziemnym, gazem p\u0142ynnym, lekkim olejem opa\u0142owym i r\u00f3\u017cnymi specjalistycznymi biopaliwami.","breadcrumb":{"@id":"https:\/\/www.babcock-wanson.com\/pl\/produkty\/kotly-wodne\/hw3p\/#breadcrumb"},"inLanguage":"pl-PL","potentialAction":[{"@type":"ReadAction","target":["https:\/\/www.babcock-wanson.com\/pl\/produkty\/kotly-wodne\/hw3p\/"]}]},{"@type":"ImageObject","inLanguage":"pl-PL","@id":"https:\/\/www.babcock-wanson.com\/pl\/produkty\/kotly-wodne\/hw3p\/#primaryimage","url":"https:\/\/www.babcock-wanson.com\/wp-content\/uploads\/2018\/08\/hw3p-1.jpg","contentUrl":"https:\/\/www.babcock-wanson.com\/wp-content\/uploads\/2018\/08\/hw3p-1.jpg","width":600,"height":400},{"@type":"BreadcrumbList","@id":"https:\/\/www.babcock-wanson.com\/pl\/produkty\/kotly-wodne\/hw3p\/#breadcrumb","itemListElement":[{"@type":"ListItem","position":1,"name":"Strona g\u0142\u00f3wna","item":"https:\/\/www.babcock-wanson.com\/pl\/"},{"@type":"ListItem","position":2,"name":"Produkty","item":"https:\/\/www.babcock-wanson.com\/pl\/shop\/"},{"@type":"ListItem","position":3,"name":"Kot\u0142y Wodne","item":"https:\/\/www.babcock-wanson.com\/pl\/kategoria-produktu\/kotly-wodne\/"},{"@type":"ListItem","position":4,"name":"HW3P"}]},{"@type":"WebSite","@id":"https:\/\/www.babcock-wanson.com\/pl\/#website","url":"https:\/\/www.babcock-wanson.com\/pl\/","name":"Babcock Wanson","description":"","publisher":{"@id":"https:\/\/www.babcock-wanson.com\/pl\/#organization"},"potentialAction":[{"@type":"SearchAction","target":{"@type":"EntryPoint","urlTemplate":"https:\/\/www.babcock-wanson.com\/pl\/?s={search_term_string}"},"query-input":{"@type":"PropertyValueSpecification","valueRequired":true,"valueName":"search_term_string"}}],"inLanguage":"pl-PL"},{"@type":"Organization","@id":"https:\/\/www.babcock-wanson.com\/pl\/#organization","name":"Babcock Wanson","url":"https:\/\/www.babcock-wanson.com\/pl\/","logo":{"@type":"ImageObject","inLanguage":"pl-PL","@id":"https:\/\/www.babcock-wanson.com\/pl\/#\/schema\/logo\/image\/","url":"https:\/\/www.babcock-wanson.com\/wp-content\/uploads\/2024\/02\/Babcock-Wanson-1200x1200-1.png","contentUrl":"https:\/\/www.babcock-wanson.com\/wp-content\/uploads\/2024\/02\/Babcock-Wanson-1200x1200-1.png","width":1200,"height":1200,"caption":"Babcock Wanson"},"image":{"@id":"https:\/\/www.babcock-wanson.com\/pl\/#\/schema\/logo\/image\/"},"sameAs":["https:\/\/www.linkedin.com\/company\/babcock-wanson\/","https:\/\/www.youtube.com\/channel\/UCtxl25VieBBsP2kYmtlyv7A"]}]}},"jetpack_sharing_enabled":true,"_links":{"self":[{"href":"https:\/\/www.babcock-wanson.com\/pl\/wp-json\/wp\/v2\/product\/36784","targetHints":{"allow":["GET"]}}],"collection":[{"href":"https:\/\/www.babcock-wanson.com\/pl\/wp-json\/wp\/v2\/product"}],"about":[{"href":"https:\/\/www.babcock-wanson.com\/pl\/wp-json\/wp\/v2\/types\/product"}],"replies":[{"embeddable":true,"href":"https:\/\/www.babcock-wanson.com\/pl\/wp-json\/wp\/v2\/comments?post=36784"}],"wp:featuredmedia":[{"embeddable":true,"href":"https:\/\/www.babcock-wanson.com\/pl\/wp-json\/wp\/v2\/media\/36787"}],"wp:attachment":[{"href":"https:\/\/www.babcock-wanson.com\/pl\/wp-json\/wp\/v2\/media?parent=36784"}],"wp:term":[{"taxonomy":"product_brand","embeddable":true,"href":"https:\/\/www.babcock-wanson.com\/pl\/wp-json\/wp\/v2\/product_brand?post=36784"},{"taxonomy":"product_cat","embeddable":true,"href":"https:\/\/www.babcock-wanson.com\/pl\/wp-json\/wp\/v2\/product_cat?post=36784"},{"taxonomy":"product_tag","embeddable":true,"href":"https:\/\/www.babcock-wanson.com\/pl\/wp-json\/wp\/v2\/product_tag?post=36784"}],"curies":[{"name":"wp","href":"https:\/\/api.w.org\/{rel}","templated":true}]}}