{"id":36788,"date":"2018-08-15T11:34:35","date_gmt":"2018-08-15T10:34:35","guid":{"rendered":"https:\/\/www.babcock-wanson.com\/products\/bez-kategorii\/tpc-as-series\/"},"modified":"2021-11-08T00:17:16","modified_gmt":"2021-11-08T00:17:16","slug":"tpc-as","status":"publish","type":"product","link":"https:\/\/www.babcock-wanson.com\/pl\/produkty\/kotly-wodne\/tpc-as\/","title":{"rendered":"TPC-AS"},"content":{"rendered":"<div class=\"vgblk-rw-wrapper limit-wrapper\">\r\n<h3>Kocio\u0142 ciep\u0142ej wody z\u00a0w\u0119\u017cownic\u0105 o\u00a0wysokiej sprawno\u015bci<\/h3>\r\n<ul>\r\n<li>Konfiguracja TPC-AS z\u00a0du\u017c\u0105 powierzchni\u0105 wymiany ciep\u0142a i\u00a0zintegrowanym podgrzewaczem powietrza do spalania zapewnia w\u00a0standardowej wersji sprawno\u015b\u0107 ciepln\u0105 do 90%.<\/li>\r\n<li>TPC-AS oferuje zintegrowan\u0105, ch\u0142odzon\u0105 powietrzem obudow\u0119 zewn\u0119trzn\u0105, kt\u00f3ra pe\u0142ni funkcj\u0119 podgrzewacza wst\u0119pnego \/\u00a0<a href=\"https:\/\/www.babcock-wanson.com\/pl\/produkty\/systemy-odzysku-ciepla\/ekonomizer\/\" target=\"_blank\" rel=\"noopener\">ekonomizera<\/a> powietrza do spalania. Konstrukcja ta zapewnia r\u00f3wnie\u017c skuteczn\u0105 izolacj\u0119 p\u0142aszcza kot\u0142a.<\/li>\r\n<\/ul>\r\n<h3>Wytrzyma\u0142y sprz\u0119t<\/h3>\r\n<ul>\r\n<li>Kocio\u0142 ciep\u0142ej wody TPC-AS charakteryzuje si\u0119 solidn\u0105 konstrukcj\u0105 gwarantuj\u0105c\u0105 d\u0142ug\u0105 \u017cywotno\u015b\u0107 i\u00a0niezawodn\u0105 prac\u0119.<\/li>\r\n<li>Oferuje ci\u015bnienie testowe do 25\u00a0barg i\u00a0temperatur\u0119 robocz\u0105 wody do 220\u00b0C.<\/li>\r\n<li>Konfiguracja TPC-AS zapewnia bezpieczn\u0105, prost\u0105 obs\u0142ug\u0119 w\u00a0najbardziej wymagaj\u0105cych \u015brodowiskach.<\/li>\r\n<\/ul>\r\n<h3>Prosta i\u00a0niezawodna obs\u0142uga<\/h3>\r\n<ul>\r\n<li>Kocio\u0142 TPC-AS zawiera wbudowany palnik monoblokowy, regulatory spalania i\u00a0systemowe oraz standardowe wyposa\u017cenie bezpiecze\u0144stwa \u2013 wszystko zamontowane i\u00a0wst\u0119pnie okablowane.<\/li>\r\n<li>Kocio\u0142 ciep\u0142ej wody TPC-AS jest dostarczany do klienta w\u00a0stanie gotowym do pod\u0142\u0105czenia do instalacji paliwowej, elektrycznej, kominowej i\u00a0wodnej, co gwarantuje szybki monta\u017c.<\/li>\r\n<li>Aby zapewni\u0107 d\u0142ug\u0105 \u017cywotno\u015b\u0107 i\u00a0prost\u0105 konserwacj\u0119, ilo\u015b\u0107 materia\u0142\u00f3w ogniotrwa\u0142ych w\u00a0komorze spalania zredukowano do minimum.<\/li>\r\n<\/ul>\r\n<h3>Troska o\u00a0\u015brodowisko naturalne<\/h3>\r\n<ul>\r\n<li>Palniki Babcock Wanson zaprojektowano tak, aby spe\u0142nia\u0142y wszystkie normy \u015brodowiskowe. Optymalizuj\u0105 zu\u017cycie paliwa i\u00a0s\u0105 \u0142atwe w\u00a0utrzymaniu.<\/li>\r\n<li>Oferuj\u0105 emisj\u0119 spalin zgodn\u0105 z\u00a0przepisami europejskimi.<\/li>\r\n<\/ul>\r\n<h3>Pe\u0142ny zakres wyposa\u017cenia dodatkowego<\/h3>\r\n<ul>\r\n<li>Projektowanie system\u00f3w i\u00a0zarz\u0105dzanie projektami<\/li>\r\n<li>Pomocnicze urz\u0105dzenia systemowe i\u00a0wymienniki ciep\u0142a<\/li>\r\n<li>Serwis instalacji i\u00a0ruroci\u0105g\u00f3w<\/li>\r\n<li>Dostawa i\u00a0uruchomienie<\/li>\r\n<\/ul>\r\n<h2>TPC-AS &#8211; Kot\u0142y Wodne<\/h2>\r\n<table>\r\n<tbody>\r\n<tr>\r\n<th>TPC-AS<\/th>\r\n<th>Model<\/th>\r\n<th>500<\/th>\r\n<th>1000<\/th>\r\n<th>1250<\/th>\r\n<th>1500<\/th>\r\n<th>2000<\/th>\r\n<\/tr>\r\n<tr>\r\n<th>Moc wyj\u015bciowa<\/th>\r\n<th>kW<\/th>\r\n<td>581<\/td>\r\n<td>1,163<\/td>\r\n<td>1,453<\/td>\r\n<td>1,744<\/td>\r\n<td>2,326<\/td>\r\n<\/tr>\r\n<tr>\r\n<th>Zawarto\u015b\u0107 wody<\/th>\r\n<th>Litr<\/th>\r\n<td>135<\/td>\r\n<td>248<\/td>\r\n<td>298<\/td>\r\n<td>298<\/td>\r\n<td>353<\/td>\r\n<\/tr>\r\n<\/tbody>\r\n<\/table>\r\n<\/div><!-- .vgblk-rw-wrapper -->","protected":false},"excerpt":{"rendered":"<p><strong>Moc od 500 000 do 2 000 000 kcal\/godz. (581 do 2326 kW).<\/strong><br \/>TPC-AS to pionowy kocio\u0142 ciep\u0142ej wody z w\u0119\u017cownic\u0105, przeznaczony do pracy z wod\u0105 o wysokim ci\u015bnieniu i temperaturze. Wsp\u00f3\u0142osiowe w\u0119\u017cownice, komora spalania z odwr\u00f3conym kierunkiem p\u0142omienia i trzy pe\u0142ne obiegi gazu zapewniaj\u0105 wysok\u0105 sprawno\u015b\u0107 oraz bardzo bezpieczn\u0105 i prost\u0105 obs\u0142ug\u0119.<\/p>\n<p>W celu zagwarantowania wysokiej sprawno\u015bci i niskiej emisji kocio\u0142 TPC-AS jest wyposa\u017cony w palnik firmy Babcock Wanson, specjalnie dobrany i idealnie dopasowany do komory spalania. W zale\u017cno\u015bci od wymaga\u0144 procesu palnik mo\u017ce by\u0107 sterowany dwustopniowo lub z pe\u0142n\u0105 modulacj\u0105.<\/p>\n","protected":false},"featured_media":36789,"comment_status":"closed","ping_status":"closed","template":"","meta":{"_acf_changed":false,"_relevanssi_hide_post":"","_relevanssi_hide_content":"","_relevanssi_pin_for_all":"","_relevanssi_pin_keywords":"","_relevanssi_unpin_keywords":"","_relevanssi_related_keywords":"","_relevanssi_related_include_ids":"","_relevanssi_related_exclude_ids":"","_relevanssi_related_no_append":"","_relevanssi_related_not_related":"","_relevanssi_related_posts":"","_relevanssi_noindex_reason":""},"product_brand":[],"product_cat":[6406],"product_tag":[],"class_list":{"0":"post-36788","1":"product","2":"type-product","3":"status-publish","4":"has-post-thumbnail","6":"product_cat-kotly-wodne","8":"first","9":"instock","10":"shipping-taxable","11":"product-type-simple"},"acf":[],"yoast_head":"<!-- This site is optimized with the Yoast SEO Premium plugin v27.4 (Yoast SEO v27.4) - https:\/\/yoast.com\/product\/yoast-seo-premium-wordpress\/ -->\n<title>TPC-AS - Kot\u0142y Wodne - Babcock Wanson<\/title>\n<meta name=\"description\" content=\"TPC-AS to pionowy kocio\u0142 ciep\u0142ej wody z w\u0119\u017cownic\u0105, przeznaczony do pracy z wod\u0105 o wysokim ci\u015bnieniu i temperaturze.\" \/>\n<meta name=\"robots\" content=\"index, follow, max-snippet:-1, max-image-preview:large, max-video-preview:-1\" \/>\n<link rel=\"canonical\" href=\"https:\/\/www.babcock-wanson.com\/pl\/produkty\/kotly-wodne\/tpc-as\/\" \/>\n<meta property=\"og:locale\" content=\"pl_PL\" \/>\n<meta property=\"og:type\" content=\"article\" \/>\n<meta property=\"og:title\" content=\"TPC-AS\" \/>\n<meta property=\"og:description\" content=\"TPC-AS to pionowy kocio\u0142 ciep\u0142ej wody z w\u0119\u017cownic\u0105, przeznaczony do pracy z wod\u0105 o wysokim ci\u015bnieniu i temperaturze.\" \/>\n<meta property=\"og:url\" content=\"https:\/\/www.babcock-wanson.com\/pl\/produkty\/kotly-wodne\/tpc-as\/\" \/>\n<meta property=\"og:site_name\" content=\"Babcock Wanson\" \/>\n<meta property=\"article:modified_time\" content=\"2021-11-08T00:17:16+00:00\" \/>\n<meta property=\"og:image\" content=\"https:\/\/www.babcock-wanson.com\/wp-content\/uploads\/2018\/08\/TPC-AS-Industrial-Hot-Water-Boiler.jpg\" \/>\n\t<meta property=\"og:image:width\" content=\"400\" \/>\n\t<meta property=\"og:image:height\" content=\"600\" \/>\n\t<meta property=\"og:image:type\" content=\"image\/jpeg\" \/>\n<meta name=\"twitter:card\" content=\"summary_large_image\" \/>\n<meta name=\"twitter:label1\" content=\"Est. reading time\" \/>\n\t<meta name=\"twitter:data1\" content=\"2 minuty\" \/>\n<script type=\"application\/ld+json\" class=\"yoast-schema-graph\">{\"@context\":\"https:\\\/\\\/schema.org\",\"@graph\":[{\"@type\":\"WebPage\",\"@id\":\"https:\\\/\\\/www.babcock-wanson.com\\\/pl\\\/produkty\\\/kotly-wodne\\\/tpc-as\\\/\",\"url\":\"https:\\\/\\\/www.babcock-wanson.com\\\/pl\\\/produkty\\\/kotly-wodne\\\/tpc-as\\\/\",\"name\":\"TPC-AS - Kot\u0142y Wodne - Babcock Wanson\",\"isPartOf\":{\"@id\":\"https:\\\/\\\/www.babcock-wanson.com\\\/pl\\\/#website\"},\"primaryImageOfPage\":{\"@id\":\"https:\\\/\\\/www.babcock-wanson.com\\\/pl\\\/produkty\\\/kotly-wodne\\\/tpc-as\\\/#primaryimage\"},\"image\":{\"@id\":\"https:\\\/\\\/www.babcock-wanson.com\\\/pl\\\/produkty\\\/kotly-wodne\\\/tpc-as\\\/#primaryimage\"},\"thumbnailUrl\":\"https:\\\/\\\/www.babcock-wanson.com\\\/wp-content\\\/uploads\\\/2018\\\/08\\\/TPC-AS-Industrial-Hot-Water-Boiler.jpg\",\"datePublished\":\"2018-08-15T10:34:35+00:00\",\"dateModified\":\"2021-11-08T00:17:16+00:00\",\"description\":\"TPC-AS to pionowy kocio\u0142 ciep\u0142ej wody z w\u0119\u017cownic\u0105, przeznaczony do pracy z wod\u0105 o wysokim ci\u015bnieniu i temperaturze.\",\"breadcrumb\":{\"@id\":\"https:\\\/\\\/www.babcock-wanson.com\\\/pl\\\/produkty\\\/kotly-wodne\\\/tpc-as\\\/#breadcrumb\"},\"inLanguage\":\"pl-PL\",\"potentialAction\":[{\"@type\":\"ReadAction\",\"target\":[\"https:\\\/\\\/www.babcock-wanson.com\\\/pl\\\/produkty\\\/kotly-wodne\\\/tpc-as\\\/\"]}]},{\"@type\":\"ImageObject\",\"inLanguage\":\"pl-PL\",\"@id\":\"https:\\\/\\\/www.babcock-wanson.com\\\/pl\\\/produkty\\\/kotly-wodne\\\/tpc-as\\\/#primaryimage\",\"url\":\"https:\\\/\\\/www.babcock-wanson.com\\\/wp-content\\\/uploads\\\/2018\\\/08\\\/TPC-AS-Industrial-Hot-Water-Boiler.jpg\",\"contentUrl\":\"https:\\\/\\\/www.babcock-wanson.com\\\/wp-content\\\/uploads\\\/2018\\\/08\\\/TPC-AS-Industrial-Hot-Water-Boiler.jpg\",\"width\":400,\"height\":600},{\"@type\":\"BreadcrumbList\",\"@id\":\"https:\\\/\\\/www.babcock-wanson.com\\\/pl\\\/produkty\\\/kotly-wodne\\\/tpc-as\\\/#breadcrumb\",\"itemListElement\":[{\"@type\":\"ListItem\",\"position\":1,\"name\":\"Strona g\u0142\u00f3wna\",\"item\":\"https:\\\/\\\/www.babcock-wanson.com\\\/pl\\\/\"},{\"@type\":\"ListItem\",\"position\":2,\"name\":\"Produkty\",\"item\":\"https:\\\/\\\/www.babcock-wanson.com\\\/pl\\\/shop\\\/\"},{\"@type\":\"ListItem\",\"position\":3,\"name\":\"Kot\u0142y Wodne\",\"item\":\"https:\\\/\\\/www.babcock-wanson.com\\\/pl\\\/kategoria-produktu\\\/kotly-wodne\\\/\"},{\"@type\":\"ListItem\",\"position\":4,\"name\":\"TPC-AS\"}]},{\"@type\":\"WebSite\",\"@id\":\"https:\\\/\\\/www.babcock-wanson.com\\\/pl\\\/#website\",\"url\":\"https:\\\/\\\/www.babcock-wanson.com\\\/pl\\\/\",\"name\":\"Babcock Wanson\",\"description\":\"\",\"publisher\":{\"@id\":\"https:\\\/\\\/www.babcock-wanson.com\\\/pl\\\/#organization\"},\"potentialAction\":[{\"@type\":\"SearchAction\",\"target\":{\"@type\":\"EntryPoint\",\"urlTemplate\":\"https:\\\/\\\/www.babcock-wanson.com\\\/pl\\\/?s={search_term_string}\"},\"query-input\":{\"@type\":\"PropertyValueSpecification\",\"valueRequired\":true,\"valueName\":\"search_term_string\"}}],\"inLanguage\":\"pl-PL\"},{\"@type\":\"Organization\",\"@id\":\"https:\\\/\\\/www.babcock-wanson.com\\\/pl\\\/#organization\",\"name\":\"Babcock Wanson\",\"url\":\"https:\\\/\\\/www.babcock-wanson.com\\\/pl\\\/\",\"logo\":{\"@type\":\"ImageObject\",\"inLanguage\":\"pl-PL\",\"@id\":\"https:\\\/\\\/www.babcock-wanson.com\\\/pl\\\/#\\\/schema\\\/logo\\\/image\\\/\",\"url\":\"https:\\\/\\\/www.babcock-wanson.com\\\/wp-content\\\/uploads\\\/2024\\\/02\\\/Babcock-Wanson-1200x1200-1.png\",\"contentUrl\":\"https:\\\/\\\/www.babcock-wanson.com\\\/wp-content\\\/uploads\\\/2024\\\/02\\\/Babcock-Wanson-1200x1200-1.png\",\"width\":1200,\"height\":1200,\"caption\":\"Babcock Wanson\"},\"image\":{\"@id\":\"https:\\\/\\\/www.babcock-wanson.com\\\/pl\\\/#\\\/schema\\\/logo\\\/image\\\/\"},\"sameAs\":[\"https:\\\/\\\/www.linkedin.com\\\/company\\\/babcock-wanson\\\/\",\"https:\\\/\\\/www.youtube.com\\\/channel\\\/UCtxl25VieBBsP2kYmtlyv7A\"]}]}<\/script>\n<!-- \/ Yoast SEO Premium plugin. -->","yoast_head_json":{"title":"TPC-AS - Kot\u0142y Wodne - Babcock Wanson","description":"TPC-AS to pionowy kocio\u0142 ciep\u0142ej wody z w\u0119\u017cownic\u0105, przeznaczony do pracy z wod\u0105 o wysokim ci\u015bnieniu i temperaturze.","robots":{"index":"index","follow":"follow","max-snippet":"max-snippet:-1","max-image-preview":"max-image-preview:large","max-video-preview":"max-video-preview:-1"},"canonical":"https:\/\/www.babcock-wanson.com\/pl\/produkty\/kotly-wodne\/tpc-as\/","og_locale":"pl_PL","og_type":"article","og_title":"TPC-AS","og_description":"TPC-AS to pionowy kocio\u0142 ciep\u0142ej wody z w\u0119\u017cownic\u0105, przeznaczony do pracy z wod\u0105 o wysokim ci\u015bnieniu i temperaturze.","og_url":"https:\/\/www.babcock-wanson.com\/pl\/produkty\/kotly-wodne\/tpc-as\/","og_site_name":"Babcock Wanson","article_modified_time":"2021-11-08T00:17:16+00:00","og_image":[{"width":400,"height":600,"url":"https:\/\/www.babcock-wanson.com\/wp-content\/uploads\/2018\/08\/TPC-AS-Industrial-Hot-Water-Boiler.jpg","type":"image\/jpeg"}],"twitter_card":"summary_large_image","twitter_misc":{"Est. reading time":"2 minuty"},"schema":{"@context":"https:\/\/schema.org","@graph":[{"@type":"WebPage","@id":"https:\/\/www.babcock-wanson.com\/pl\/produkty\/kotly-wodne\/tpc-as\/","url":"https:\/\/www.babcock-wanson.com\/pl\/produkty\/kotly-wodne\/tpc-as\/","name":"TPC-AS - Kot\u0142y Wodne - Babcock Wanson","isPartOf":{"@id":"https:\/\/www.babcock-wanson.com\/pl\/#website"},"primaryImageOfPage":{"@id":"https:\/\/www.babcock-wanson.com\/pl\/produkty\/kotly-wodne\/tpc-as\/#primaryimage"},"image":{"@id":"https:\/\/www.babcock-wanson.com\/pl\/produkty\/kotly-wodne\/tpc-as\/#primaryimage"},"thumbnailUrl":"https:\/\/www.babcock-wanson.com\/wp-content\/uploads\/2018\/08\/TPC-AS-Industrial-Hot-Water-Boiler.jpg","datePublished":"2018-08-15T10:34:35+00:00","dateModified":"2021-11-08T00:17:16+00:00","description":"TPC-AS to pionowy kocio\u0142 ciep\u0142ej wody z w\u0119\u017cownic\u0105, przeznaczony do pracy z wod\u0105 o wysokim ci\u015bnieniu i temperaturze.","breadcrumb":{"@id":"https:\/\/www.babcock-wanson.com\/pl\/produkty\/kotly-wodne\/tpc-as\/#breadcrumb"},"inLanguage":"pl-PL","potentialAction":[{"@type":"ReadAction","target":["https:\/\/www.babcock-wanson.com\/pl\/produkty\/kotly-wodne\/tpc-as\/"]}]},{"@type":"ImageObject","inLanguage":"pl-PL","@id":"https:\/\/www.babcock-wanson.com\/pl\/produkty\/kotly-wodne\/tpc-as\/#primaryimage","url":"https:\/\/www.babcock-wanson.com\/wp-content\/uploads\/2018\/08\/TPC-AS-Industrial-Hot-Water-Boiler.jpg","contentUrl":"https:\/\/www.babcock-wanson.com\/wp-content\/uploads\/2018\/08\/TPC-AS-Industrial-Hot-Water-Boiler.jpg","width":400,"height":600},{"@type":"BreadcrumbList","@id":"https:\/\/www.babcock-wanson.com\/pl\/produkty\/kotly-wodne\/tpc-as\/#breadcrumb","itemListElement":[{"@type":"ListItem","position":1,"name":"Strona g\u0142\u00f3wna","item":"https:\/\/www.babcock-wanson.com\/pl\/"},{"@type":"ListItem","position":2,"name":"Produkty","item":"https:\/\/www.babcock-wanson.com\/pl\/shop\/"},{"@type":"ListItem","position":3,"name":"Kot\u0142y Wodne","item":"https:\/\/www.babcock-wanson.com\/pl\/kategoria-produktu\/kotly-wodne\/"},{"@type":"ListItem","position":4,"name":"TPC-AS"}]},{"@type":"WebSite","@id":"https:\/\/www.babcock-wanson.com\/pl\/#website","url":"https:\/\/www.babcock-wanson.com\/pl\/","name":"Babcock Wanson","description":"","publisher":{"@id":"https:\/\/www.babcock-wanson.com\/pl\/#organization"},"potentialAction":[{"@type":"SearchAction","target":{"@type":"EntryPoint","urlTemplate":"https:\/\/www.babcock-wanson.com\/pl\/?s={search_term_string}"},"query-input":{"@type":"PropertyValueSpecification","valueRequired":true,"valueName":"search_term_string"}}],"inLanguage":"pl-PL"},{"@type":"Organization","@id":"https:\/\/www.babcock-wanson.com\/pl\/#organization","name":"Babcock Wanson","url":"https:\/\/www.babcock-wanson.com\/pl\/","logo":{"@type":"ImageObject","inLanguage":"pl-PL","@id":"https:\/\/www.babcock-wanson.com\/pl\/#\/schema\/logo\/image\/","url":"https:\/\/www.babcock-wanson.com\/wp-content\/uploads\/2024\/02\/Babcock-Wanson-1200x1200-1.png","contentUrl":"https:\/\/www.babcock-wanson.com\/wp-content\/uploads\/2024\/02\/Babcock-Wanson-1200x1200-1.png","width":1200,"height":1200,"caption":"Babcock Wanson"},"image":{"@id":"https:\/\/www.babcock-wanson.com\/pl\/#\/schema\/logo\/image\/"},"sameAs":["https:\/\/www.linkedin.com\/company\/babcock-wanson\/","https:\/\/www.youtube.com\/channel\/UCtxl25VieBBsP2kYmtlyv7A"]}]}},"jetpack_sharing_enabled":true,"_links":{"self":[{"href":"https:\/\/www.babcock-wanson.com\/pl\/wp-json\/wp\/v2\/product\/36788","targetHints":{"allow":["GET"]}}],"collection":[{"href":"https:\/\/www.babcock-wanson.com\/pl\/wp-json\/wp\/v2\/product"}],"about":[{"href":"https:\/\/www.babcock-wanson.com\/pl\/wp-json\/wp\/v2\/types\/product"}],"replies":[{"embeddable":true,"href":"https:\/\/www.babcock-wanson.com\/pl\/wp-json\/wp\/v2\/comments?post=36788"}],"wp:featuredmedia":[{"embeddable":true,"href":"https:\/\/www.babcock-wanson.com\/pl\/wp-json\/wp\/v2\/media\/36789"}],"wp:attachment":[{"href":"https:\/\/www.babcock-wanson.com\/pl\/wp-json\/wp\/v2\/media?parent=36788"}],"wp:term":[{"taxonomy":"product_brand","embeddable":true,"href":"https:\/\/www.babcock-wanson.com\/pl\/wp-json\/wp\/v2\/product_brand?post=36788"},{"taxonomy":"product_cat","embeddable":true,"href":"https:\/\/www.babcock-wanson.com\/pl\/wp-json\/wp\/v2\/product_cat?post=36788"},{"taxonomy":"product_tag","embeddable":true,"href":"https:\/\/www.babcock-wanson.com\/pl\/wp-json\/wp\/v2\/product_tag?post=36788"}],"curies":[{"name":"wp","href":"https:\/\/api.w.org\/{rel}","templated":true}]}}