{"id":36796,"date":"2018-08-15T11:40:28","date_gmt":"2018-08-15T10:40:28","guid":{"rendered":"https:\/\/www.babcock-wanson.com\/products\/bez-kategorii\/htv-n-indirect-process-air-heater\/"},"modified":"2021-11-08T00:31:37","modified_gmt":"2021-11-08T00:31:37","slug":"posrednia-nagrzewnica-powietrza-procesowego-htv-n","status":"publish","type":"product","link":"https:\/\/www.babcock-wanson.com\/pl\/produkty\/nagrzewnice-powietrza\/posrednia-nagrzewnica-powietrza-procesowego-htv-n\/","title":{"rendered":"Po\u015brednia nagrzewnica powietrza procesowego HTV-N"},"content":{"rendered":"<div class=\"vgblk-rw-wrapper limit-wrapper\">\r\n<h3>Typowe zadania procesowe<\/h3>\r\n<ul>\r\n<li>Suszenie tytoniu<\/li>\r\n<li>Suszenie mleka<\/li>\r\n<li>Suszenie soli<\/li>\r\n<li>Procesy chemiczne<\/li>\r\n<li>Przetw\u00f3rstwo \u017cywno\u015bci<\/li>\r\n<li>Produkcja nawoz\u00f3w<\/li>\r\n<li>Produkcja papieru<\/li>\r\n<li>Produkcja skrobi<\/li>\r\n<li>Produkcja gumy arabskiej<\/li>\r\n<\/ul>\r\n<h3>Kluczowe cechy<\/h3>\r\n<p>Nagrzewnica HTV-N sprawdza si\u0119 idealnie w\u00a0zastosowaniach, w\u00a0kt\u00f3rych do obr\u00f3bki wymagane jest powietrze o\u00a0wysokiej temperaturze. Nagrzewnice HTV-N eliminuj\u0105 bezpo\u015bredni kontakt powietrza procesowego z\u00a0produktami spalania, co przydaje si\u0119 zw\u0142aszcza w\u00a0zastosowaniach, w\u00a0kt\u00f3rych proces wymaga sta\u0142ego przep\u0142ywu czystego, ogrzanego powietrza. W\u00a0pe\u0142ni modulowany palnik zapewnia precyzyjn\u0105 kontrol\u0119 temperatury powietrza na wylocie z\u00a0procesu.<\/p>\r\n<p>Nagrzewnice HTV-N mo\u017cna zam\u00f3wi\u0107 w\u00a0konfiguracji z\u00a0wysokim wsp\u00f3\u0142czynnikiem recyrkulacji powietrza procesowego. Taka opcja mo\u017ce radykalnie zmniejszy\u0107 ca\u0142kowite zu\u017cycie energii.<\/p>\r\n<p>Nagrzewnice HTV-N mog\u0105 r\u00f3wnie\u017c wsp\u00f3\u0142pracowa\u0107 ze strumieniami powietrza procesowego o\u00a0bardzo wysokiej wilgotno\u015bci oraz przechwyconej pary wodnej. Te specjalnie zaprojektowane nagrzewnice s\u0105 wyposa\u017cone w\u00a0dodatkowe drzwi do kontroli i\u00a0czyszczenia, spusty kondensatu, uszczelki wodoodporne i\u00a0wykorzystuj\u0105 specjalistyczne procedury spawania w\u00a0celu zmniejszenia ryzyka osadzania si\u0119 cz\u0105stek sta\u0142ych na powierzchni grzewczej.<\/p>\r\n<h3>Elastyczno\u015b\u0107<\/h3>\r\n<ul>\r\n<li>Dost\u0119pne s\u0105 opcje uk\u0142ad\u00f3w obej\u015bciowych powietrza<\/li>\r\n<li>Konfiguracje do pracy w\u00a0poziomie i\u00a0w\u00a0pionie<\/li>\r\n<\/ul>\r\n<h3>Zalety nagrzewnic HTV-N<\/h3>\r\n<ul>\r\n<li>Prosta, wysokosprawna praca<\/li>\r\n<li>Konfiguracja pionowa lub pozioma<\/li>\r\n<li>Brak p\u0142ynu po\u015bredniego<\/li>\r\n<li>Brak wymaga\u0144 dotycz\u0105cych systemu ci\u015bnieniowego<\/li>\r\n<li>Brak wymaga\u0144 dotycz\u0105cych <a href=\"https:\/\/www.babcock-wanson.com\/pl\/kategoria-produktu\/systemy-uzdatniania-wody\/\" target=\"_blank\" rel=\"noopener\">uzdatniania wody<\/a> i\u00a0oczyszczania \u015bciek\u00f3w<\/li>\r\n<li>Minimalne wymagania dotycz\u0105ce kontroli i\u00a0obs\u0142ugi technicznej<\/li>\r\n<li>Wykonane ze stali w\u0119glowej lub stali nierdzewnej wed\u0142ug najwy\u017cszych standard\u00f3w<\/li>\r\n<\/ul>\r\n<h3>Wysoka sprawno\u015b\u0107<\/h3>\r\n<ul>\r\n<li>W\u00a0pe\u0142ni modulowana regulacja palnika<\/li>\r\n<li>Dost\u0119pne z\u00a0recyrkulacj\u0105 ogrzanego powietrza<\/li>\r\n<li>Standardowo 90% wydajno\u015b\u0107, z\u00a0mo\u017cliwo\u015bci\u0105 dodania ekonomizera<\/li>\r\n<li>Niskie emisje zgodne z\u00a0obecnymi i\u00a0przewidywanymi normami europejskimi<\/li>\r\n<\/ul>\r\n<\/div><!-- .vgblk-rw-wrapper -->","protected":false},"excerpt":{"rendered":"<p>Po\u015brednie <a href=\"https:\/\/www.babcock-wanson.com\/pl\/kategoria-produktu\/nagrzewnice-powietrza\/\" target=\"_blank\" rel=\"noopener\">nagrzewnice powietrza<\/a> procesowego HTV-N, wykonane ze stali w\u0119glowej lub nierdzewnej zgodnie z najwy\u017cszymi standardami, dostarczaj\u0105 czyste gor\u0105ce powietrze o temperaturze do 350\u00b0C. Mog\u0105 by\u0107 wyposa\u017cone w drzwi do kontroli i czyszczenia, spusty kondensatu i wodoodporne uszczelki, je\u015bli proces wymaga i wykorzystuje specjalistyczne procedury spawania, gwarantuj\u0105ce zmniejszenie ryzyka osadzania si\u0119 cz\u0105stek sta\u0142ych na powierzchni grzewczej.<\/p>\n<p>Nagrzewnice HTV-N s\u0105 dostarczane w komplecie z w pe\u0142ni dopasowanym palnikiem zasilanym gazem lub olejem oraz z opcjonalnym wysokosprawnym <a href=\"https:\/\/www.babcock-wanson.com\/pl\/produkty\/systemy-odzysku-ciepla\/ekonomizer\/\" target=\"_blank\" rel=\"noopener\">ekonomizerem<\/a>. Modulowany palnik zapewnia precyzyjn\u0105 kontrol\u0119 temperatury powietrza na wylocie z procesu.<\/p>\n<p>Wszystkie po\u015brednie nagrzewnice powietrza procesowego HTV-N s\u0105 projektowane na zam\u00f3wienie i dostosowane do specyficznych wymaga\u0144 ka\u017cdej instalacji. Przep\u0142yw powietrza procesowego waha si\u0119 od 1000 do 100 000 kg\/godz. przy temperaturze wylotu powietrza do 350\u00b0C.<\/p>\n<p>Nagrzewnice HTV-N upraszczaj\u0105 instalacj\u0119 i eksploatacj\u0119 oraz redukuj\u0105 ca\u0142kowity koszt w por\u00f3wnaniu z tradycyjnymi metodami ogrzewania po\u015bredniego. Zmniejszone zapotrzebowanie na miejsce i \u0142atwo\u015b\u0107 obs\u0142ugi znacznie zmniejszaj\u0105 koszty og\u00f3lne oraz typowe zapotrzebowanie na konserwacj\u0119 eksploatacyjn\u0105 \u2013 szczeg\u00f3lnie w przypadku nowych instalacji.<\/p>\n","protected":false},"featured_media":35800,"comment_status":"closed","ping_status":"closed","template":"","meta":{"_acf_changed":false,"_relevanssi_hide_post":"","_relevanssi_hide_content":"","_relevanssi_pin_for_all":"","_relevanssi_pin_keywords":"","_relevanssi_unpin_keywords":"","_relevanssi_related_keywords":"","_relevanssi_related_include_ids":"","_relevanssi_related_exclude_ids":"","_relevanssi_related_no_append":"","_relevanssi_related_not_related":"","_relevanssi_related_posts":"","_relevanssi_noindex_reason":""},"product_brand":[],"product_cat":[6408],"product_tag":[],"class_list":{"0":"post-36796","1":"product","2":"type-product","3":"status-publish","4":"has-post-thumbnail","6":"product_cat-nagrzewnice-powietrza","8":"first","9":"instock","10":"shipping-taxable","11":"product-type-simple"},"acf":[],"yoast_head":"<!-- This site is optimized with the Yoast SEO Premium plugin v27.4 (Yoast SEO v27.4) - https:\/\/yoast.com\/product\/yoast-seo-premium-wordpress\/ -->\n<title>Po\u015brednia nagrzewnica powietrza procesowego HTV-N - Babcock Wanson<\/title>\n<meta name=\"description\" content=\"Po\u015brednie nagrzewnice powietrza procesowego HTV-N, wykonane ze stali w\u0119glowej lub nierdzewnej zgodnie z najwy\u017cszymi standardami, dostarczaj\u0105 czyste gor\u0105ce powietrze o temperaturze do 350\u00b0C.\" \/>\n<meta name=\"robots\" content=\"index, follow, max-snippet:-1, max-image-preview:large, max-video-preview:-1\" \/>\n<link rel=\"canonical\" href=\"https:\/\/www.babcock-wanson.com\/pl\/produkty\/nagrzewnice-powietrza\/posrednia-nagrzewnica-powietrza-procesowego-htv-n\/\" \/>\n<meta property=\"og:locale\" content=\"pl_PL\" \/>\n<meta property=\"og:type\" content=\"article\" \/>\n<meta property=\"og:title\" content=\"Po\u015brednia nagrzewnica powietrza procesowego HTV-N\" \/>\n<meta property=\"og:description\" content=\"Po\u015brednie nagrzewnice powietrza procesowego HTV-N, wykonane ze stali w\u0119glowej lub nierdzewnej zgodnie z najwy\u017cszymi standardami, dostarczaj\u0105 czyste gor\u0105ce powietrze o temperaturze do 350\u00b0C.\" \/>\n<meta property=\"og:url\" content=\"https:\/\/www.babcock-wanson.com\/pl\/produkty\/nagrzewnice-powietrza\/posrednia-nagrzewnica-powietrza-procesowego-htv-n\/\" \/>\n<meta property=\"og:site_name\" content=\"Babcock Wanson\" \/>\n<meta property=\"article:modified_time\" content=\"2021-11-08T00:31:37+00:00\" \/>\n<meta property=\"og:image\" content=\"https:\/\/www.babcock-wanson.com\/wp-content\/uploads\/2018\/08\/HTV-Indirect-Process-Air-Heaters-3.jpg\" \/>\n\t<meta property=\"og:image:width\" content=\"600\" \/>\n\t<meta property=\"og:image:height\" content=\"400\" \/>\n\t<meta property=\"og:image:type\" content=\"image\/jpeg\" \/>\n<meta name=\"twitter:card\" content=\"summary_large_image\" \/>\n<meta name=\"twitter:label1\" content=\"Est. reading time\" \/>\n\t<meta name=\"twitter:data1\" content=\"2 minuty\" \/>\n<script type=\"application\/ld+json\" class=\"yoast-schema-graph\">{\"@context\":\"https:\\\/\\\/schema.org\",\"@graph\":[{\"@type\":\"WebPage\",\"@id\":\"https:\\\/\\\/www.babcock-wanson.com\\\/pl\\\/produkty\\\/nagrzewnice-powietrza\\\/posrednia-nagrzewnica-powietrza-procesowego-htv-n\\\/\",\"url\":\"https:\\\/\\\/www.babcock-wanson.com\\\/pl\\\/produkty\\\/nagrzewnice-powietrza\\\/posrednia-nagrzewnica-powietrza-procesowego-htv-n\\\/\",\"name\":\"Po\u015brednia nagrzewnica powietrza procesowego HTV-N - Babcock Wanson\",\"isPartOf\":{\"@id\":\"https:\\\/\\\/www.babcock-wanson.com\\\/pl\\\/#website\"},\"primaryImageOfPage\":{\"@id\":\"https:\\\/\\\/www.babcock-wanson.com\\\/pl\\\/produkty\\\/nagrzewnice-powietrza\\\/posrednia-nagrzewnica-powietrza-procesowego-htv-n\\\/#primaryimage\"},\"image\":{\"@id\":\"https:\\\/\\\/www.babcock-wanson.com\\\/pl\\\/produkty\\\/nagrzewnice-powietrza\\\/posrednia-nagrzewnica-powietrza-procesowego-htv-n\\\/#primaryimage\"},\"thumbnailUrl\":\"https:\\\/\\\/www.babcock-wanson.com\\\/wp-content\\\/uploads\\\/2018\\\/08\\\/HTV-Indirect-Process-Air-Heaters-3.jpg\",\"datePublished\":\"2018-08-15T10:40:28+00:00\",\"dateModified\":\"2021-11-08T00:31:37+00:00\",\"description\":\"Po\u015brednie nagrzewnice powietrza procesowego HTV-N, wykonane ze stali w\u0119glowej lub nierdzewnej zgodnie z najwy\u017cszymi standardami, dostarczaj\u0105 czyste gor\u0105ce powietrze o temperaturze do 350\u00b0C.\",\"breadcrumb\":{\"@id\":\"https:\\\/\\\/www.babcock-wanson.com\\\/pl\\\/produkty\\\/nagrzewnice-powietrza\\\/posrednia-nagrzewnica-powietrza-procesowego-htv-n\\\/#breadcrumb\"},\"inLanguage\":\"pl-PL\",\"potentialAction\":[{\"@type\":\"ReadAction\",\"target\":[\"https:\\\/\\\/www.babcock-wanson.com\\\/pl\\\/produkty\\\/nagrzewnice-powietrza\\\/posrednia-nagrzewnica-powietrza-procesowego-htv-n\\\/\"]}]},{\"@type\":\"ImageObject\",\"inLanguage\":\"pl-PL\",\"@id\":\"https:\\\/\\\/www.babcock-wanson.com\\\/pl\\\/produkty\\\/nagrzewnice-powietrza\\\/posrednia-nagrzewnica-powietrza-procesowego-htv-n\\\/#primaryimage\",\"url\":\"https:\\\/\\\/www.babcock-wanson.com\\\/wp-content\\\/uploads\\\/2018\\\/08\\\/HTV-Indirect-Process-Air-Heaters-3.jpg\",\"contentUrl\":\"https:\\\/\\\/www.babcock-wanson.com\\\/wp-content\\\/uploads\\\/2018\\\/08\\\/HTV-Indirect-Process-Air-Heaters-3.jpg\",\"width\":600,\"height\":400,\"caption\":\"Po\u015brednia nagrzewnica powietrza procesowego HTV-N\"},{\"@type\":\"BreadcrumbList\",\"@id\":\"https:\\\/\\\/www.babcock-wanson.com\\\/pl\\\/produkty\\\/nagrzewnice-powietrza\\\/posrednia-nagrzewnica-powietrza-procesowego-htv-n\\\/#breadcrumb\",\"itemListElement\":[{\"@type\":\"ListItem\",\"position\":1,\"name\":\"Strona g\u0142\u00f3wna\",\"item\":\"https:\\\/\\\/www.babcock-wanson.com\\\/pl\\\/\"},{\"@type\":\"ListItem\",\"position\":2,\"name\":\"Produkty\",\"item\":\"https:\\\/\\\/www.babcock-wanson.com\\\/pl\\\/shop\\\/\"},{\"@type\":\"ListItem\",\"position\":3,\"name\":\"Nagrzewnice Powietrza\",\"item\":\"https:\\\/\\\/www.babcock-wanson.com\\\/pl\\\/kategoria-produktu\\\/nagrzewnice-powietrza\\\/\"},{\"@type\":\"ListItem\",\"position\":4,\"name\":\"Po\u015brednia nagrzewnica powietrza procesowego HTV-N\"}]},{\"@type\":\"WebSite\",\"@id\":\"https:\\\/\\\/www.babcock-wanson.com\\\/pl\\\/#website\",\"url\":\"https:\\\/\\\/www.babcock-wanson.com\\\/pl\\\/\",\"name\":\"Babcock Wanson\",\"description\":\"\",\"publisher\":{\"@id\":\"https:\\\/\\\/www.babcock-wanson.com\\\/pl\\\/#organization\"},\"potentialAction\":[{\"@type\":\"SearchAction\",\"target\":{\"@type\":\"EntryPoint\",\"urlTemplate\":\"https:\\\/\\\/www.babcock-wanson.com\\\/pl\\\/?s={search_term_string}\"},\"query-input\":{\"@type\":\"PropertyValueSpecification\",\"valueRequired\":true,\"valueName\":\"search_term_string\"}}],\"inLanguage\":\"pl-PL\"},{\"@type\":\"Organization\",\"@id\":\"https:\\\/\\\/www.babcock-wanson.com\\\/pl\\\/#organization\",\"name\":\"Babcock Wanson\",\"url\":\"https:\\\/\\\/www.babcock-wanson.com\\\/pl\\\/\",\"logo\":{\"@type\":\"ImageObject\",\"inLanguage\":\"pl-PL\",\"@id\":\"https:\\\/\\\/www.babcock-wanson.com\\\/pl\\\/#\\\/schema\\\/logo\\\/image\\\/\",\"url\":\"https:\\\/\\\/www.babcock-wanson.com\\\/wp-content\\\/uploads\\\/2024\\\/02\\\/Babcock-Wanson-1200x1200-1.png\",\"contentUrl\":\"https:\\\/\\\/www.babcock-wanson.com\\\/wp-content\\\/uploads\\\/2024\\\/02\\\/Babcock-Wanson-1200x1200-1.png\",\"width\":1200,\"height\":1200,\"caption\":\"Babcock Wanson\"},\"image\":{\"@id\":\"https:\\\/\\\/www.babcock-wanson.com\\\/pl\\\/#\\\/schema\\\/logo\\\/image\\\/\"},\"sameAs\":[\"https:\\\/\\\/www.linkedin.com\\\/company\\\/babcock-wanson\\\/\",\"https:\\\/\\\/www.youtube.com\\\/channel\\\/UCtxl25VieBBsP2kYmtlyv7A\"]}]}<\/script>\n<!-- \/ Yoast SEO Premium plugin. -->","yoast_head_json":{"title":"Po\u015brednia nagrzewnica powietrza procesowego HTV-N - Babcock Wanson","description":"Po\u015brednie nagrzewnice powietrza procesowego HTV-N, wykonane ze stali w\u0119glowej lub nierdzewnej zgodnie z najwy\u017cszymi standardami, dostarczaj\u0105 czyste gor\u0105ce powietrze o temperaturze do 350\u00b0C.","robots":{"index":"index","follow":"follow","max-snippet":"max-snippet:-1","max-image-preview":"max-image-preview:large","max-video-preview":"max-video-preview:-1"},"canonical":"https:\/\/www.babcock-wanson.com\/pl\/produkty\/nagrzewnice-powietrza\/posrednia-nagrzewnica-powietrza-procesowego-htv-n\/","og_locale":"pl_PL","og_type":"article","og_title":"Po\u015brednia nagrzewnica powietrza procesowego HTV-N","og_description":"Po\u015brednie nagrzewnice powietrza procesowego HTV-N, wykonane ze stali w\u0119glowej lub nierdzewnej zgodnie z najwy\u017cszymi standardami, dostarczaj\u0105 czyste gor\u0105ce powietrze o temperaturze do 350\u00b0C.","og_url":"https:\/\/www.babcock-wanson.com\/pl\/produkty\/nagrzewnice-powietrza\/posrednia-nagrzewnica-powietrza-procesowego-htv-n\/","og_site_name":"Babcock Wanson","article_modified_time":"2021-11-08T00:31:37+00:00","og_image":[{"width":600,"height":400,"url":"https:\/\/www.babcock-wanson.com\/wp-content\/uploads\/2018\/08\/HTV-Indirect-Process-Air-Heaters-3.jpg","type":"image\/jpeg"}],"twitter_card":"summary_large_image","twitter_misc":{"Est. reading time":"2 minuty"},"schema":{"@context":"https:\/\/schema.org","@graph":[{"@type":"WebPage","@id":"https:\/\/www.babcock-wanson.com\/pl\/produkty\/nagrzewnice-powietrza\/posrednia-nagrzewnica-powietrza-procesowego-htv-n\/","url":"https:\/\/www.babcock-wanson.com\/pl\/produkty\/nagrzewnice-powietrza\/posrednia-nagrzewnica-powietrza-procesowego-htv-n\/","name":"Po\u015brednia nagrzewnica powietrza procesowego HTV-N - Babcock Wanson","isPartOf":{"@id":"https:\/\/www.babcock-wanson.com\/pl\/#website"},"primaryImageOfPage":{"@id":"https:\/\/www.babcock-wanson.com\/pl\/produkty\/nagrzewnice-powietrza\/posrednia-nagrzewnica-powietrza-procesowego-htv-n\/#primaryimage"},"image":{"@id":"https:\/\/www.babcock-wanson.com\/pl\/produkty\/nagrzewnice-powietrza\/posrednia-nagrzewnica-powietrza-procesowego-htv-n\/#primaryimage"},"thumbnailUrl":"https:\/\/www.babcock-wanson.com\/wp-content\/uploads\/2018\/08\/HTV-Indirect-Process-Air-Heaters-3.jpg","datePublished":"2018-08-15T10:40:28+00:00","dateModified":"2021-11-08T00:31:37+00:00","description":"Po\u015brednie nagrzewnice powietrza procesowego HTV-N, wykonane ze stali w\u0119glowej lub nierdzewnej zgodnie z najwy\u017cszymi standardami, dostarczaj\u0105 czyste gor\u0105ce powietrze o temperaturze do 350\u00b0C.","breadcrumb":{"@id":"https:\/\/www.babcock-wanson.com\/pl\/produkty\/nagrzewnice-powietrza\/posrednia-nagrzewnica-powietrza-procesowego-htv-n\/#breadcrumb"},"inLanguage":"pl-PL","potentialAction":[{"@type":"ReadAction","target":["https:\/\/www.babcock-wanson.com\/pl\/produkty\/nagrzewnice-powietrza\/posrednia-nagrzewnica-powietrza-procesowego-htv-n\/"]}]},{"@type":"ImageObject","inLanguage":"pl-PL","@id":"https:\/\/www.babcock-wanson.com\/pl\/produkty\/nagrzewnice-powietrza\/posrednia-nagrzewnica-powietrza-procesowego-htv-n\/#primaryimage","url":"https:\/\/www.babcock-wanson.com\/wp-content\/uploads\/2018\/08\/HTV-Indirect-Process-Air-Heaters-3.jpg","contentUrl":"https:\/\/www.babcock-wanson.com\/wp-content\/uploads\/2018\/08\/HTV-Indirect-Process-Air-Heaters-3.jpg","width":600,"height":400,"caption":"Po\u015brednia nagrzewnica powietrza procesowego HTV-N"},{"@type":"BreadcrumbList","@id":"https:\/\/www.babcock-wanson.com\/pl\/produkty\/nagrzewnice-powietrza\/posrednia-nagrzewnica-powietrza-procesowego-htv-n\/#breadcrumb","itemListElement":[{"@type":"ListItem","position":1,"name":"Strona g\u0142\u00f3wna","item":"https:\/\/www.babcock-wanson.com\/pl\/"},{"@type":"ListItem","position":2,"name":"Produkty","item":"https:\/\/www.babcock-wanson.com\/pl\/shop\/"},{"@type":"ListItem","position":3,"name":"Nagrzewnice Powietrza","item":"https:\/\/www.babcock-wanson.com\/pl\/kategoria-produktu\/nagrzewnice-powietrza\/"},{"@type":"ListItem","position":4,"name":"Po\u015brednia nagrzewnica powietrza procesowego HTV-N"}]},{"@type":"WebSite","@id":"https:\/\/www.babcock-wanson.com\/pl\/#website","url":"https:\/\/www.babcock-wanson.com\/pl\/","name":"Babcock Wanson","description":"","publisher":{"@id":"https:\/\/www.babcock-wanson.com\/pl\/#organization"},"potentialAction":[{"@type":"SearchAction","target":{"@type":"EntryPoint","urlTemplate":"https:\/\/www.babcock-wanson.com\/pl\/?s={search_term_string}"},"query-input":{"@type":"PropertyValueSpecification","valueRequired":true,"valueName":"search_term_string"}}],"inLanguage":"pl-PL"},{"@type":"Organization","@id":"https:\/\/www.babcock-wanson.com\/pl\/#organization","name":"Babcock Wanson","url":"https:\/\/www.babcock-wanson.com\/pl\/","logo":{"@type":"ImageObject","inLanguage":"pl-PL","@id":"https:\/\/www.babcock-wanson.com\/pl\/#\/schema\/logo\/image\/","url":"https:\/\/www.babcock-wanson.com\/wp-content\/uploads\/2024\/02\/Babcock-Wanson-1200x1200-1.png","contentUrl":"https:\/\/www.babcock-wanson.com\/wp-content\/uploads\/2024\/02\/Babcock-Wanson-1200x1200-1.png","width":1200,"height":1200,"caption":"Babcock Wanson"},"image":{"@id":"https:\/\/www.babcock-wanson.com\/pl\/#\/schema\/logo\/image\/"},"sameAs":["https:\/\/www.linkedin.com\/company\/babcock-wanson\/","https:\/\/www.youtube.com\/channel\/UCtxl25VieBBsP2kYmtlyv7A"]}]}},"jetpack_sharing_enabled":true,"_links":{"self":[{"href":"https:\/\/www.babcock-wanson.com\/pl\/wp-json\/wp\/v2\/product\/36796","targetHints":{"allow":["GET"]}}],"collection":[{"href":"https:\/\/www.babcock-wanson.com\/pl\/wp-json\/wp\/v2\/product"}],"about":[{"href":"https:\/\/www.babcock-wanson.com\/pl\/wp-json\/wp\/v2\/types\/product"}],"replies":[{"embeddable":true,"href":"https:\/\/www.babcock-wanson.com\/pl\/wp-json\/wp\/v2\/comments?post=36796"}],"wp:featuredmedia":[{"embeddable":true,"href":"https:\/\/www.babcock-wanson.com\/pl\/wp-json\/wp\/v2\/media\/35800"}],"wp:attachment":[{"href":"https:\/\/www.babcock-wanson.com\/pl\/wp-json\/wp\/v2\/media?parent=36796"}],"wp:term":[{"taxonomy":"product_brand","embeddable":true,"href":"https:\/\/www.babcock-wanson.com\/pl\/wp-json\/wp\/v2\/product_brand?post=36796"},{"taxonomy":"product_cat","embeddable":true,"href":"https:\/\/www.babcock-wanson.com\/pl\/wp-json\/wp\/v2\/product_cat?post=36796"},{"taxonomy":"product_tag","embeddable":true,"href":"https:\/\/www.babcock-wanson.com\/pl\/wp-json\/wp\/v2\/product_tag?post=36796"}],"curies":[{"name":"wp","href":"https:\/\/api.w.org\/{rel}","templated":true}]}}