{"id":36797,"date":"2018-10-23T14:57:28","date_gmt":"2018-10-23T13:57:28","guid":{"rendered":"https:\/\/www.babcock-wanson.com\/products\/bez-kategorii\/gasairbloc\/"},"modified":"2020-12-09T09:58:11","modified_gmt":"2020-12-09T09:58:11","slug":"gasairbloc","status":"publish","type":"product","link":"https:\/\/www.babcock-wanson.com\/pl\/produkty\/nagrzewnice-powietrza\/gasairbloc\/","title":{"rendered":"GASAIRBLOC"},"content":{"rendered":"<div class=\"vgblk-rw-wrapper limit-wrapper\">\r\n<h3>Bezpo\u015brednia nagrzewnica powietrza procesowego GASAIRBLOC \u2013 charakterystyka<\/h3>\r\n<ul>\r\n<li>Solidna konstrukcja przystosowana do trudnych warunk\u00f3w<\/li>\r\n<li>Wysoka temperatura powietrza na wylocie<\/li>\r\n<li>Obszerna komora spalania do pracy z\u00a0olejami ci\u0119\u017ckimi<\/li>\r\n<li>Zasilanie gazem ziemnym lub paliwem p\u0142ynnym<\/li>\r\n<li>Nadaje si\u0119 do stosowania z\u00a0ci\u0119\u017ckimi olejami<\/li>\r\n<\/ul>\r\n<\/div><!-- .vgblk-rw-wrapper -->","protected":false},"excerpt":{"rendered":"<p><strong>Temperatura powietrza procesowego do 900\u00b0C<\/strong><\/p>\n<p>Bezpo\u015brednia nagrzewnica powietrza Gasairbloc firmy Babcock Wanson jest przystosowana do pracy w najtrudniejszych warunkach przemys\u0142owych \u2013 mi\u0119dzy innymi w przemy\u015ble ci\u0119\u017ckim i w \u015brodowiskach zapylonych, gdzie kluczowe znaczenie maj\u0105 d\u0142uga \u017cywotno\u015b\u0107 i \u0142atwo\u015b\u0107 obs\u0142ugi.<\/p>\n<p>Jest zasilana bezpo\u015brednio paliwem gazowym lub p\u0142ynnym z wykorzystaniem niezale\u017cnego wentylatora powietrza do spalania, kt\u00f3ry umo\u017cliwia uzyskanie temperatury wylotu powietrza do 1200\u00b0C.<\/p>\n","protected":false},"featured_media":36807,"comment_status":"closed","ping_status":"closed","template":"","meta":{"_acf_changed":false,"_relevanssi_hide_post":"","_relevanssi_hide_content":"","_relevanssi_pin_for_all":"","_relevanssi_pin_keywords":"","_relevanssi_unpin_keywords":"","_relevanssi_related_keywords":"","_relevanssi_related_include_ids":"","_relevanssi_related_exclude_ids":"","_relevanssi_related_no_append":"","_relevanssi_related_not_related":"","_relevanssi_related_posts":"","_relevanssi_noindex_reason":""},"product_brand":[],"product_cat":[6408],"product_tag":[],"class_list":{"0":"post-36797","1":"product","2":"type-product","3":"status-publish","4":"has-post-thumbnail","6":"product_cat-nagrzewnice-powietrza","8":"first","9":"instock","10":"shipping-taxable","11":"product-type-simple"},"acf":[],"yoast_head":"<!-- This site is optimized with the Yoast SEO Premium plugin v27.4 (Yoast SEO v27.4) - https:\/\/yoast.com\/product\/yoast-seo-premium-wordpress\/ -->\n<title>GASAIRBLOC \u2013 Bezpo\u015brednia nagrzewnica powietrza procesowego - Babcock Wanson<\/title>\n<meta name=\"description\" content=\"Bezpo\u015brednia nagrzewnica powietrza Gasairbloc firmy Babcock Wanson jest przystosowana do pracy w najtrudniejszych warunkach przemys\u0142owych\" \/>\n<meta name=\"robots\" content=\"index, follow, max-snippet:-1, max-image-preview:large, max-video-preview:-1\" \/>\n<link rel=\"canonical\" href=\"https:\/\/www.babcock-wanson.com\/pl\/produkty\/nagrzewnice-powietrza\/gasairbloc\/\" \/>\n<meta property=\"og:locale\" content=\"pl_PL\" \/>\n<meta property=\"og:type\" content=\"article\" \/>\n<meta property=\"og:title\" content=\"GASAIRBLOC\" \/>\n<meta property=\"og:description\" content=\"Bezpo\u015brednia nagrzewnica powietrza Gasairbloc firmy Babcock Wanson jest przystosowana do pracy w najtrudniejszych warunkach przemys\u0142owych\" \/>\n<meta property=\"og:url\" content=\"https:\/\/www.babcock-wanson.com\/pl\/produkty\/nagrzewnice-powietrza\/gasairbloc\/\" \/>\n<meta property=\"og:site_name\" content=\"Babcock Wanson\" \/>\n<meta property=\"article:modified_time\" content=\"2020-12-09T09:58:11+00:00\" \/>\n<meta property=\"og:image\" content=\"https:\/\/www.babcock-wanson.com\/wp-content\/uploads\/2018\/10\/GASAIRBLOC-Direct-Fired-Process-Air-Heaters.png\" \/>\n\t<meta property=\"og:image:width\" content=\"600\" \/>\n\t<meta property=\"og:image:height\" content=\"400\" \/>\n\t<meta property=\"og:image:type\" content=\"image\/png\" \/>\n<meta name=\"twitter:card\" content=\"summary_large_image\" \/>\n<script type=\"application\/ld+json\" class=\"yoast-schema-graph\">{\"@context\":\"https:\\\/\\\/schema.org\",\"@graph\":[{\"@type\":\"WebPage\",\"@id\":\"https:\\\/\\\/www.babcock-wanson.com\\\/pl\\\/produkty\\\/nagrzewnice-powietrza\\\/gasairbloc\\\/\",\"url\":\"https:\\\/\\\/www.babcock-wanson.com\\\/pl\\\/produkty\\\/nagrzewnice-powietrza\\\/gasairbloc\\\/\",\"name\":\"GASAIRBLOC \u2013 Bezpo\u015brednia nagrzewnica powietrza procesowego - Babcock Wanson\",\"isPartOf\":{\"@id\":\"https:\\\/\\\/www.babcock-wanson.com\\\/pl\\\/#website\"},\"primaryImageOfPage\":{\"@id\":\"https:\\\/\\\/www.babcock-wanson.com\\\/pl\\\/produkty\\\/nagrzewnice-powietrza\\\/gasairbloc\\\/#primaryimage\"},\"image\":{\"@id\":\"https:\\\/\\\/www.babcock-wanson.com\\\/pl\\\/produkty\\\/nagrzewnice-powietrza\\\/gasairbloc\\\/#primaryimage\"},\"thumbnailUrl\":\"https:\\\/\\\/www.babcock-wanson.com\\\/wp-content\\\/uploads\\\/2018\\\/10\\\/GASAIRBLOC-Direct-Fired-Process-Air-Heaters.png\",\"datePublished\":\"2018-10-23T13:57:28+00:00\",\"dateModified\":\"2020-12-09T09:58:11+00:00\",\"description\":\"Bezpo\u015brednia nagrzewnica powietrza Gasairbloc firmy Babcock Wanson jest przystosowana do pracy w najtrudniejszych warunkach przemys\u0142owych\",\"breadcrumb\":{\"@id\":\"https:\\\/\\\/www.babcock-wanson.com\\\/pl\\\/produkty\\\/nagrzewnice-powietrza\\\/gasairbloc\\\/#breadcrumb\"},\"inLanguage\":\"pl-PL\",\"potentialAction\":[{\"@type\":\"ReadAction\",\"target\":[\"https:\\\/\\\/www.babcock-wanson.com\\\/pl\\\/produkty\\\/nagrzewnice-powietrza\\\/gasairbloc\\\/\"]}]},{\"@type\":\"ImageObject\",\"inLanguage\":\"pl-PL\",\"@id\":\"https:\\\/\\\/www.babcock-wanson.com\\\/pl\\\/produkty\\\/nagrzewnice-powietrza\\\/gasairbloc\\\/#primaryimage\",\"url\":\"https:\\\/\\\/www.babcock-wanson.com\\\/wp-content\\\/uploads\\\/2018\\\/10\\\/GASAIRBLOC-Direct-Fired-Process-Air-Heaters.png\",\"contentUrl\":\"https:\\\/\\\/www.babcock-wanson.com\\\/wp-content\\\/uploads\\\/2018\\\/10\\\/GASAIRBLOC-Direct-Fired-Process-Air-Heaters.png\",\"width\":600,\"height\":400},{\"@type\":\"BreadcrumbList\",\"@id\":\"https:\\\/\\\/www.babcock-wanson.com\\\/pl\\\/produkty\\\/nagrzewnice-powietrza\\\/gasairbloc\\\/#breadcrumb\",\"itemListElement\":[{\"@type\":\"ListItem\",\"position\":1,\"name\":\"Strona g\u0142\u00f3wna\",\"item\":\"https:\\\/\\\/www.babcock-wanson.com\\\/pl\\\/\"},{\"@type\":\"ListItem\",\"position\":2,\"name\":\"Produkty\",\"item\":\"https:\\\/\\\/www.babcock-wanson.com\\\/pl\\\/shop\\\/\"},{\"@type\":\"ListItem\",\"position\":3,\"name\":\"Nagrzewnice Powietrza\",\"item\":\"https:\\\/\\\/www.babcock-wanson.com\\\/pl\\\/kategoria-produktu\\\/nagrzewnice-powietrza\\\/\"},{\"@type\":\"ListItem\",\"position\":4,\"name\":\"GASAIRBLOC\"}]},{\"@type\":\"WebSite\",\"@id\":\"https:\\\/\\\/www.babcock-wanson.com\\\/pl\\\/#website\",\"url\":\"https:\\\/\\\/www.babcock-wanson.com\\\/pl\\\/\",\"name\":\"Babcock Wanson\",\"description\":\"\",\"publisher\":{\"@id\":\"https:\\\/\\\/www.babcock-wanson.com\\\/pl\\\/#organization\"},\"potentialAction\":[{\"@type\":\"SearchAction\",\"target\":{\"@type\":\"EntryPoint\",\"urlTemplate\":\"https:\\\/\\\/www.babcock-wanson.com\\\/pl\\\/?s={search_term_string}\"},\"query-input\":{\"@type\":\"PropertyValueSpecification\",\"valueRequired\":true,\"valueName\":\"search_term_string\"}}],\"inLanguage\":\"pl-PL\"},{\"@type\":\"Organization\",\"@id\":\"https:\\\/\\\/www.babcock-wanson.com\\\/pl\\\/#organization\",\"name\":\"Babcock Wanson\",\"url\":\"https:\\\/\\\/www.babcock-wanson.com\\\/pl\\\/\",\"logo\":{\"@type\":\"ImageObject\",\"inLanguage\":\"pl-PL\",\"@id\":\"https:\\\/\\\/www.babcock-wanson.com\\\/pl\\\/#\\\/schema\\\/logo\\\/image\\\/\",\"url\":\"https:\\\/\\\/www.babcock-wanson.com\\\/wp-content\\\/uploads\\\/2024\\\/02\\\/Babcock-Wanson-1200x1200-1.png\",\"contentUrl\":\"https:\\\/\\\/www.babcock-wanson.com\\\/wp-content\\\/uploads\\\/2024\\\/02\\\/Babcock-Wanson-1200x1200-1.png\",\"width\":1200,\"height\":1200,\"caption\":\"Babcock Wanson\"},\"image\":{\"@id\":\"https:\\\/\\\/www.babcock-wanson.com\\\/pl\\\/#\\\/schema\\\/logo\\\/image\\\/\"},\"sameAs\":[\"https:\\\/\\\/www.linkedin.com\\\/company\\\/babcock-wanson\\\/\",\"https:\\\/\\\/www.youtube.com\\\/channel\\\/UCtxl25VieBBsP2kYmtlyv7A\"]}]}<\/script>\n<!-- \/ Yoast SEO Premium plugin. -->","yoast_head_json":{"title":"GASAIRBLOC \u2013 Bezpo\u015brednia nagrzewnica powietrza procesowego - Babcock Wanson","description":"Bezpo\u015brednia nagrzewnica powietrza Gasairbloc firmy Babcock Wanson jest przystosowana do pracy w najtrudniejszych warunkach przemys\u0142owych","robots":{"index":"index","follow":"follow","max-snippet":"max-snippet:-1","max-image-preview":"max-image-preview:large","max-video-preview":"max-video-preview:-1"},"canonical":"https:\/\/www.babcock-wanson.com\/pl\/produkty\/nagrzewnice-powietrza\/gasairbloc\/","og_locale":"pl_PL","og_type":"article","og_title":"GASAIRBLOC","og_description":"Bezpo\u015brednia nagrzewnica powietrza Gasairbloc firmy Babcock Wanson jest przystosowana do pracy w najtrudniejszych warunkach przemys\u0142owych","og_url":"https:\/\/www.babcock-wanson.com\/pl\/produkty\/nagrzewnice-powietrza\/gasairbloc\/","og_site_name":"Babcock Wanson","article_modified_time":"2020-12-09T09:58:11+00:00","og_image":[{"width":600,"height":400,"url":"https:\/\/www.babcock-wanson.com\/wp-content\/uploads\/2018\/10\/GASAIRBLOC-Direct-Fired-Process-Air-Heaters.png","type":"image\/png"}],"twitter_card":"summary_large_image","schema":{"@context":"https:\/\/schema.org","@graph":[{"@type":"WebPage","@id":"https:\/\/www.babcock-wanson.com\/pl\/produkty\/nagrzewnice-powietrza\/gasairbloc\/","url":"https:\/\/www.babcock-wanson.com\/pl\/produkty\/nagrzewnice-powietrza\/gasairbloc\/","name":"GASAIRBLOC \u2013 Bezpo\u015brednia nagrzewnica powietrza procesowego - Babcock Wanson","isPartOf":{"@id":"https:\/\/www.babcock-wanson.com\/pl\/#website"},"primaryImageOfPage":{"@id":"https:\/\/www.babcock-wanson.com\/pl\/produkty\/nagrzewnice-powietrza\/gasairbloc\/#primaryimage"},"image":{"@id":"https:\/\/www.babcock-wanson.com\/pl\/produkty\/nagrzewnice-powietrza\/gasairbloc\/#primaryimage"},"thumbnailUrl":"https:\/\/www.babcock-wanson.com\/wp-content\/uploads\/2018\/10\/GASAIRBLOC-Direct-Fired-Process-Air-Heaters.png","datePublished":"2018-10-23T13:57:28+00:00","dateModified":"2020-12-09T09:58:11+00:00","description":"Bezpo\u015brednia nagrzewnica powietrza Gasairbloc firmy Babcock Wanson jest przystosowana do pracy w najtrudniejszych warunkach przemys\u0142owych","breadcrumb":{"@id":"https:\/\/www.babcock-wanson.com\/pl\/produkty\/nagrzewnice-powietrza\/gasairbloc\/#breadcrumb"},"inLanguage":"pl-PL","potentialAction":[{"@type":"ReadAction","target":["https:\/\/www.babcock-wanson.com\/pl\/produkty\/nagrzewnice-powietrza\/gasairbloc\/"]}]},{"@type":"ImageObject","inLanguage":"pl-PL","@id":"https:\/\/www.babcock-wanson.com\/pl\/produkty\/nagrzewnice-powietrza\/gasairbloc\/#primaryimage","url":"https:\/\/www.babcock-wanson.com\/wp-content\/uploads\/2018\/10\/GASAIRBLOC-Direct-Fired-Process-Air-Heaters.png","contentUrl":"https:\/\/www.babcock-wanson.com\/wp-content\/uploads\/2018\/10\/GASAIRBLOC-Direct-Fired-Process-Air-Heaters.png","width":600,"height":400},{"@type":"BreadcrumbList","@id":"https:\/\/www.babcock-wanson.com\/pl\/produkty\/nagrzewnice-powietrza\/gasairbloc\/#breadcrumb","itemListElement":[{"@type":"ListItem","position":1,"name":"Strona g\u0142\u00f3wna","item":"https:\/\/www.babcock-wanson.com\/pl\/"},{"@type":"ListItem","position":2,"name":"Produkty","item":"https:\/\/www.babcock-wanson.com\/pl\/shop\/"},{"@type":"ListItem","position":3,"name":"Nagrzewnice Powietrza","item":"https:\/\/www.babcock-wanson.com\/pl\/kategoria-produktu\/nagrzewnice-powietrza\/"},{"@type":"ListItem","position":4,"name":"GASAIRBLOC"}]},{"@type":"WebSite","@id":"https:\/\/www.babcock-wanson.com\/pl\/#website","url":"https:\/\/www.babcock-wanson.com\/pl\/","name":"Babcock Wanson","description":"","publisher":{"@id":"https:\/\/www.babcock-wanson.com\/pl\/#organization"},"potentialAction":[{"@type":"SearchAction","target":{"@type":"EntryPoint","urlTemplate":"https:\/\/www.babcock-wanson.com\/pl\/?s={search_term_string}"},"query-input":{"@type":"PropertyValueSpecification","valueRequired":true,"valueName":"search_term_string"}}],"inLanguage":"pl-PL"},{"@type":"Organization","@id":"https:\/\/www.babcock-wanson.com\/pl\/#organization","name":"Babcock Wanson","url":"https:\/\/www.babcock-wanson.com\/pl\/","logo":{"@type":"ImageObject","inLanguage":"pl-PL","@id":"https:\/\/www.babcock-wanson.com\/pl\/#\/schema\/logo\/image\/","url":"https:\/\/www.babcock-wanson.com\/wp-content\/uploads\/2024\/02\/Babcock-Wanson-1200x1200-1.png","contentUrl":"https:\/\/www.babcock-wanson.com\/wp-content\/uploads\/2024\/02\/Babcock-Wanson-1200x1200-1.png","width":1200,"height":1200,"caption":"Babcock Wanson"},"image":{"@id":"https:\/\/www.babcock-wanson.com\/pl\/#\/schema\/logo\/image\/"},"sameAs":["https:\/\/www.linkedin.com\/company\/babcock-wanson\/","https:\/\/www.youtube.com\/channel\/UCtxl25VieBBsP2kYmtlyv7A"]}]}},"jetpack_sharing_enabled":true,"_links":{"self":[{"href":"https:\/\/www.babcock-wanson.com\/pl\/wp-json\/wp\/v2\/product\/36797","targetHints":{"allow":["GET"]}}],"collection":[{"href":"https:\/\/www.babcock-wanson.com\/pl\/wp-json\/wp\/v2\/product"}],"about":[{"href":"https:\/\/www.babcock-wanson.com\/pl\/wp-json\/wp\/v2\/types\/product"}],"replies":[{"embeddable":true,"href":"https:\/\/www.babcock-wanson.com\/pl\/wp-json\/wp\/v2\/comments?post=36797"}],"wp:featuredmedia":[{"embeddable":true,"href":"https:\/\/www.babcock-wanson.com\/pl\/wp-json\/wp\/v2\/media\/36807"}],"wp:attachment":[{"href":"https:\/\/www.babcock-wanson.com\/pl\/wp-json\/wp\/v2\/media?parent=36797"}],"wp:term":[{"taxonomy":"product_brand","embeddable":true,"href":"https:\/\/www.babcock-wanson.com\/pl\/wp-json\/wp\/v2\/product_brand?post=36797"},{"taxonomy":"product_cat","embeddable":true,"href":"https:\/\/www.babcock-wanson.com\/pl\/wp-json\/wp\/v2\/product_cat?post=36797"},{"taxonomy":"product_tag","embeddable":true,"href":"https:\/\/www.babcock-wanson.com\/pl\/wp-json\/wp\/v2\/product_tag?post=36797"}],"curies":[{"name":"wp","href":"https:\/\/api.w.org\/{rel}","templated":true}]}}