{"id":36808,"date":"2018-10-23T15:00:15","date_gmt":"2018-10-23T14:00:15","guid":{"rendered":"https:\/\/www.babcock-wanson.com\/products\/bez-kategorii\/mixbloc\/"},"modified":"2020-12-09T09:44:15","modified_gmt":"2020-12-09T09:44:15","slug":"mixbloc","status":"publish","type":"product","link":"https:\/\/www.babcock-wanson.com\/pl\/produkty\/nagrzewnice-powietrza\/mixbloc\/","title":{"rendered":"MIXBLOC"},"content":{"rendered":"<div class=\"vgblk-rw-wrapper limit-wrapper\">\r\n<h3>Bezpo\u015brednie nagrzewnice powietrza procesowego MIXBLOC \u2013 charakterystyka<\/h3>\r\n<ul>\r\n<li>Zasilane gazem ziemnym lub LPG<\/li>\r\n<li>Mo\u017cliwo\u015b\u0107 monta\u017cu w\u00a0ma\u0142ych przestrzeniach i\u00a0dopasowania do istniej\u0105cej konfiguracji kana\u0142\u00f3w<\/li>\r\n<li>Przep\u0142yw powietrza mo\u017ce waha\u0107 si\u0119 w\u00a0granicach 50 &#8211; 100% lub do 90% w\u00a0przypadku zastosowania dedykowanego wentylatora powietrza do spalania<\/li>\r\n<li>Regulacja modulacyjna umo\u017cliwia uzyskanie wsp\u00f3\u0142czynnika skalowania do 20:1<\/li>\r\n<li>Konstrukcja umo\u017cliwia prac\u0119 w\u00a0poziomie lub pionie<\/li>\r\n<li>Mo\u017ce pracowa\u0107 przed lub za wentylatorem powietrza procesowego \u2013 z\u00a0nadci\u015bnieniem lub podci\u015bnieniem.<\/li>\r\n<\/ul>\r\n<\/div><!-- .vgblk-rw-wrapper -->","protected":false},"excerpt":{"rendered":"<p><strong>Od 50 kW do 20 MW<\/strong><\/p>\n<p>Bezpo\u015brednia nagrzewnica powietrza procesowego MIXBLOC dostarcza powietrze o wysokiej temperaturze \u2013 do 800\u00b0C w standardowej wersji \u2013 bez strat gaz\u00f3w spalinowych. Nagrzewnica MIXBLOC jako \u017ar\u00f3d\u0142o powietrza do spalania mo\u017ce wykorzystywa\u0107 przep\u0142yw powietrza procesowego lub niezale\u017cny wentylator powietrza do spalania. Palniki s\u0105 zbudowane z wielu element\u00f3w \u201eV\u201d, montowanych w r\u00f3\u017cnych konfiguracjach umo\u017cliwiaj\u0105cych dopasowanie do zapotrzebowania na ciep\u0142o oraz do uk\u0142adu kana\u0142\u00f3w technologicznych.<\/p>\n","protected":false},"featured_media":36049,"comment_status":"closed","ping_status":"closed","template":"","meta":{"_acf_changed":false,"_relevanssi_hide_post":"","_relevanssi_hide_content":"","_relevanssi_pin_for_all":"","_relevanssi_pin_keywords":"","_relevanssi_unpin_keywords":"","_relevanssi_related_keywords":"","_relevanssi_related_include_ids":"","_relevanssi_related_exclude_ids":"","_relevanssi_related_no_append":"","_relevanssi_related_not_related":"","_relevanssi_related_posts":"","_relevanssi_noindex_reason":""},"product_brand":[],"product_cat":[6408,6409],"product_tag":[],"class_list":{"0":"post-36808","1":"product","2":"type-product","3":"status-publish","4":"has-post-thumbnail","6":"product_cat-nagrzewnice-powietrza","7":"product_cat-palniki-przemyslowe","9":"first","10":"instock","11":"shipping-taxable","12":"product-type-simple"},"acf":[],"yoast_head":"<!-- This site is optimized with the Yoast SEO Premium plugin v27.4 (Yoast SEO v27.4) - https:\/\/yoast.com\/product\/yoast-seo-premium-wordpress\/ -->\n<title>MIXBLOC nagrzewnice powietrza procesowego - Babcock Wanson<\/title>\n<meta name=\"description\" content=\"Bezpo\u015brednia nagrzewnica powietrza procesowego MIXBLOC dostarcza powietrze o wysokiej temperaturze \u2013 do 800\u00b0C w standardowej wersji \u2013 bez strat gaz\u00f3w spalinowych.\" \/>\n<meta name=\"robots\" content=\"index, follow, max-snippet:-1, max-image-preview:large, max-video-preview:-1\" \/>\n<link rel=\"canonical\" href=\"https:\/\/www.babcock-wanson.com\/pl\/produkty\/nagrzewnice-powietrza\/mixbloc\/\" \/>\n<meta property=\"og:locale\" content=\"pl_PL\" \/>\n<meta property=\"og:type\" content=\"article\" \/>\n<meta property=\"og:title\" content=\"MIXBLOC\" \/>\n<meta property=\"og:description\" content=\"Bezpo\u015brednia nagrzewnica powietrza procesowego MIXBLOC dostarcza powietrze o wysokiej temperaturze \u2013 do 800\u00b0C w standardowej wersji \u2013 bez strat gaz\u00f3w spalinowych.\" \/>\n<meta property=\"og:url\" content=\"https:\/\/www.babcock-wanson.com\/pl\/produkty\/nagrzewnice-powietrza\/mixbloc\/\" \/>\n<meta property=\"og:site_name\" content=\"Babcock Wanson\" \/>\n<meta property=\"article:modified_time\" content=\"2020-12-09T09:44:15+00:00\" \/>\n<meta property=\"og:image\" content=\"https:\/\/www.babcock-wanson.com\/wp-content\/uploads\/2018\/10\/Mlxbloc-1.png\" \/>\n\t<meta property=\"og:image:width\" content=\"600\" \/>\n\t<meta property=\"og:image:height\" content=\"400\" \/>\n\t<meta property=\"og:image:type\" content=\"image\/png\" \/>\n<meta name=\"twitter:card\" content=\"summary_large_image\" \/>\n<script type=\"application\/ld+json\" class=\"yoast-schema-graph\">{\"@context\":\"https:\\\/\\\/schema.org\",\"@graph\":[{\"@type\":\"WebPage\",\"@id\":\"https:\\\/\\\/www.babcock-wanson.com\\\/pl\\\/produkty\\\/nagrzewnice-powietrza\\\/mixbloc\\\/\",\"url\":\"https:\\\/\\\/www.babcock-wanson.com\\\/pl\\\/produkty\\\/nagrzewnice-powietrza\\\/mixbloc\\\/\",\"name\":\"MIXBLOC nagrzewnice powietrza procesowego - Babcock Wanson\",\"isPartOf\":{\"@id\":\"https:\\\/\\\/www.babcock-wanson.com\\\/pl\\\/#website\"},\"primaryImageOfPage\":{\"@id\":\"https:\\\/\\\/www.babcock-wanson.com\\\/pl\\\/produkty\\\/nagrzewnice-powietrza\\\/mixbloc\\\/#primaryimage\"},\"image\":{\"@id\":\"https:\\\/\\\/www.babcock-wanson.com\\\/pl\\\/produkty\\\/nagrzewnice-powietrza\\\/mixbloc\\\/#primaryimage\"},\"thumbnailUrl\":\"https:\\\/\\\/www.babcock-wanson.com\\\/wp-content\\\/uploads\\\/2018\\\/10\\\/Mlxbloc-1.png\",\"datePublished\":\"2018-10-23T14:00:15+00:00\",\"dateModified\":\"2020-12-09T09:44:15+00:00\",\"description\":\"Bezpo\u015brednia nagrzewnica powietrza procesowego MIXBLOC dostarcza powietrze o wysokiej temperaturze \u2013 do 800\u00b0C w standardowej wersji \u2013 bez strat gaz\u00f3w spalinowych.\",\"breadcrumb\":{\"@id\":\"https:\\\/\\\/www.babcock-wanson.com\\\/pl\\\/produkty\\\/nagrzewnice-powietrza\\\/mixbloc\\\/#breadcrumb\"},\"inLanguage\":\"pl-PL\",\"potentialAction\":[{\"@type\":\"ReadAction\",\"target\":[\"https:\\\/\\\/www.babcock-wanson.com\\\/pl\\\/produkty\\\/nagrzewnice-powietrza\\\/mixbloc\\\/\"]}]},{\"@type\":\"ImageObject\",\"inLanguage\":\"pl-PL\",\"@id\":\"https:\\\/\\\/www.babcock-wanson.com\\\/pl\\\/produkty\\\/nagrzewnice-powietrza\\\/mixbloc\\\/#primaryimage\",\"url\":\"https:\\\/\\\/www.babcock-wanson.com\\\/wp-content\\\/uploads\\\/2018\\\/10\\\/Mlxbloc-1.png\",\"contentUrl\":\"https:\\\/\\\/www.babcock-wanson.com\\\/wp-content\\\/uploads\\\/2018\\\/10\\\/Mlxbloc-1.png\",\"width\":600,\"height\":400,\"caption\":\"Mlxbloc\"},{\"@type\":\"BreadcrumbList\",\"@id\":\"https:\\\/\\\/www.babcock-wanson.com\\\/pl\\\/produkty\\\/nagrzewnice-powietrza\\\/mixbloc\\\/#breadcrumb\",\"itemListElement\":[{\"@type\":\"ListItem\",\"position\":1,\"name\":\"Strona g\u0142\u00f3wna\",\"item\":\"https:\\\/\\\/www.babcock-wanson.com\\\/pl\\\/\"},{\"@type\":\"ListItem\",\"position\":2,\"name\":\"Produkty\",\"item\":\"https:\\\/\\\/www.babcock-wanson.com\\\/pl\\\/shop\\\/\"},{\"@type\":\"ListItem\",\"position\":3,\"name\":\"Nagrzewnice Powietrza\",\"item\":\"https:\\\/\\\/www.babcock-wanson.com\\\/pl\\\/kategoria-produktu\\\/nagrzewnice-powietrza\\\/\"},{\"@type\":\"ListItem\",\"position\":4,\"name\":\"MIXBLOC\"}]},{\"@type\":\"WebSite\",\"@id\":\"https:\\\/\\\/www.babcock-wanson.com\\\/pl\\\/#website\",\"url\":\"https:\\\/\\\/www.babcock-wanson.com\\\/pl\\\/\",\"name\":\"Babcock Wanson\",\"description\":\"\",\"publisher\":{\"@id\":\"https:\\\/\\\/www.babcock-wanson.com\\\/pl\\\/#organization\"},\"potentialAction\":[{\"@type\":\"SearchAction\",\"target\":{\"@type\":\"EntryPoint\",\"urlTemplate\":\"https:\\\/\\\/www.babcock-wanson.com\\\/pl\\\/?s={search_term_string}\"},\"query-input\":{\"@type\":\"PropertyValueSpecification\",\"valueRequired\":true,\"valueName\":\"search_term_string\"}}],\"inLanguage\":\"pl-PL\"},{\"@type\":\"Organization\",\"@id\":\"https:\\\/\\\/www.babcock-wanson.com\\\/pl\\\/#organization\",\"name\":\"Babcock Wanson\",\"url\":\"https:\\\/\\\/www.babcock-wanson.com\\\/pl\\\/\",\"logo\":{\"@type\":\"ImageObject\",\"inLanguage\":\"pl-PL\",\"@id\":\"https:\\\/\\\/www.babcock-wanson.com\\\/pl\\\/#\\\/schema\\\/logo\\\/image\\\/\",\"url\":\"https:\\\/\\\/www.babcock-wanson.com\\\/wp-content\\\/uploads\\\/2024\\\/02\\\/Babcock-Wanson-1200x1200-1.png\",\"contentUrl\":\"https:\\\/\\\/www.babcock-wanson.com\\\/wp-content\\\/uploads\\\/2024\\\/02\\\/Babcock-Wanson-1200x1200-1.png\",\"width\":1200,\"height\":1200,\"caption\":\"Babcock Wanson\"},\"image\":{\"@id\":\"https:\\\/\\\/www.babcock-wanson.com\\\/pl\\\/#\\\/schema\\\/logo\\\/image\\\/\"},\"sameAs\":[\"https:\\\/\\\/www.linkedin.com\\\/company\\\/babcock-wanson\\\/\",\"https:\\\/\\\/www.youtube.com\\\/channel\\\/UCtxl25VieBBsP2kYmtlyv7A\"]}]}<\/script>\n<!-- \/ Yoast SEO Premium plugin. -->","yoast_head_json":{"title":"MIXBLOC nagrzewnice powietrza procesowego - Babcock Wanson","description":"Bezpo\u015brednia nagrzewnica powietrza procesowego MIXBLOC dostarcza powietrze o wysokiej temperaturze \u2013 do 800\u00b0C w standardowej wersji \u2013 bez strat gaz\u00f3w spalinowych.","robots":{"index":"index","follow":"follow","max-snippet":"max-snippet:-1","max-image-preview":"max-image-preview:large","max-video-preview":"max-video-preview:-1"},"canonical":"https:\/\/www.babcock-wanson.com\/pl\/produkty\/nagrzewnice-powietrza\/mixbloc\/","og_locale":"pl_PL","og_type":"article","og_title":"MIXBLOC","og_description":"Bezpo\u015brednia nagrzewnica powietrza procesowego MIXBLOC dostarcza powietrze o wysokiej temperaturze \u2013 do 800\u00b0C w standardowej wersji \u2013 bez strat gaz\u00f3w spalinowych.","og_url":"https:\/\/www.babcock-wanson.com\/pl\/produkty\/nagrzewnice-powietrza\/mixbloc\/","og_site_name":"Babcock Wanson","article_modified_time":"2020-12-09T09:44:15+00:00","og_image":[{"width":600,"height":400,"url":"https:\/\/www.babcock-wanson.com\/wp-content\/uploads\/2018\/10\/Mlxbloc-1.png","type":"image\/png"}],"twitter_card":"summary_large_image","schema":{"@context":"https:\/\/schema.org","@graph":[{"@type":"WebPage","@id":"https:\/\/www.babcock-wanson.com\/pl\/produkty\/nagrzewnice-powietrza\/mixbloc\/","url":"https:\/\/www.babcock-wanson.com\/pl\/produkty\/nagrzewnice-powietrza\/mixbloc\/","name":"MIXBLOC nagrzewnice powietrza procesowego - Babcock Wanson","isPartOf":{"@id":"https:\/\/www.babcock-wanson.com\/pl\/#website"},"primaryImageOfPage":{"@id":"https:\/\/www.babcock-wanson.com\/pl\/produkty\/nagrzewnice-powietrza\/mixbloc\/#primaryimage"},"image":{"@id":"https:\/\/www.babcock-wanson.com\/pl\/produkty\/nagrzewnice-powietrza\/mixbloc\/#primaryimage"},"thumbnailUrl":"https:\/\/www.babcock-wanson.com\/wp-content\/uploads\/2018\/10\/Mlxbloc-1.png","datePublished":"2018-10-23T14:00:15+00:00","dateModified":"2020-12-09T09:44:15+00:00","description":"Bezpo\u015brednia nagrzewnica powietrza procesowego MIXBLOC dostarcza powietrze o wysokiej temperaturze \u2013 do 800\u00b0C w standardowej wersji \u2013 bez strat gaz\u00f3w spalinowych.","breadcrumb":{"@id":"https:\/\/www.babcock-wanson.com\/pl\/produkty\/nagrzewnice-powietrza\/mixbloc\/#breadcrumb"},"inLanguage":"pl-PL","potentialAction":[{"@type":"ReadAction","target":["https:\/\/www.babcock-wanson.com\/pl\/produkty\/nagrzewnice-powietrza\/mixbloc\/"]}]},{"@type":"ImageObject","inLanguage":"pl-PL","@id":"https:\/\/www.babcock-wanson.com\/pl\/produkty\/nagrzewnice-powietrza\/mixbloc\/#primaryimage","url":"https:\/\/www.babcock-wanson.com\/wp-content\/uploads\/2018\/10\/Mlxbloc-1.png","contentUrl":"https:\/\/www.babcock-wanson.com\/wp-content\/uploads\/2018\/10\/Mlxbloc-1.png","width":600,"height":400,"caption":"Mlxbloc"},{"@type":"BreadcrumbList","@id":"https:\/\/www.babcock-wanson.com\/pl\/produkty\/nagrzewnice-powietrza\/mixbloc\/#breadcrumb","itemListElement":[{"@type":"ListItem","position":1,"name":"Strona g\u0142\u00f3wna","item":"https:\/\/www.babcock-wanson.com\/pl\/"},{"@type":"ListItem","position":2,"name":"Produkty","item":"https:\/\/www.babcock-wanson.com\/pl\/shop\/"},{"@type":"ListItem","position":3,"name":"Nagrzewnice Powietrza","item":"https:\/\/www.babcock-wanson.com\/pl\/kategoria-produktu\/nagrzewnice-powietrza\/"},{"@type":"ListItem","position":4,"name":"MIXBLOC"}]},{"@type":"WebSite","@id":"https:\/\/www.babcock-wanson.com\/pl\/#website","url":"https:\/\/www.babcock-wanson.com\/pl\/","name":"Babcock Wanson","description":"","publisher":{"@id":"https:\/\/www.babcock-wanson.com\/pl\/#organization"},"potentialAction":[{"@type":"SearchAction","target":{"@type":"EntryPoint","urlTemplate":"https:\/\/www.babcock-wanson.com\/pl\/?s={search_term_string}"},"query-input":{"@type":"PropertyValueSpecification","valueRequired":true,"valueName":"search_term_string"}}],"inLanguage":"pl-PL"},{"@type":"Organization","@id":"https:\/\/www.babcock-wanson.com\/pl\/#organization","name":"Babcock Wanson","url":"https:\/\/www.babcock-wanson.com\/pl\/","logo":{"@type":"ImageObject","inLanguage":"pl-PL","@id":"https:\/\/www.babcock-wanson.com\/pl\/#\/schema\/logo\/image\/","url":"https:\/\/www.babcock-wanson.com\/wp-content\/uploads\/2024\/02\/Babcock-Wanson-1200x1200-1.png","contentUrl":"https:\/\/www.babcock-wanson.com\/wp-content\/uploads\/2024\/02\/Babcock-Wanson-1200x1200-1.png","width":1200,"height":1200,"caption":"Babcock Wanson"},"image":{"@id":"https:\/\/www.babcock-wanson.com\/pl\/#\/schema\/logo\/image\/"},"sameAs":["https:\/\/www.linkedin.com\/company\/babcock-wanson\/","https:\/\/www.youtube.com\/channel\/UCtxl25VieBBsP2kYmtlyv7A"]}]}},"jetpack_sharing_enabled":true,"_links":{"self":[{"href":"https:\/\/www.babcock-wanson.com\/pl\/wp-json\/wp\/v2\/product\/36808","targetHints":{"allow":["GET"]}}],"collection":[{"href":"https:\/\/www.babcock-wanson.com\/pl\/wp-json\/wp\/v2\/product"}],"about":[{"href":"https:\/\/www.babcock-wanson.com\/pl\/wp-json\/wp\/v2\/types\/product"}],"replies":[{"embeddable":true,"href":"https:\/\/www.babcock-wanson.com\/pl\/wp-json\/wp\/v2\/comments?post=36808"}],"wp:featuredmedia":[{"embeddable":true,"href":"https:\/\/www.babcock-wanson.com\/pl\/wp-json\/wp\/v2\/media\/36049"}],"wp:attachment":[{"href":"https:\/\/www.babcock-wanson.com\/pl\/wp-json\/wp\/v2\/media?parent=36808"}],"wp:term":[{"taxonomy":"product_brand","embeddable":true,"href":"https:\/\/www.babcock-wanson.com\/pl\/wp-json\/wp\/v2\/product_brand?post=36808"},{"taxonomy":"product_cat","embeddable":true,"href":"https:\/\/www.babcock-wanson.com\/pl\/wp-json\/wp\/v2\/product_cat?post=36808"},{"taxonomy":"product_tag","embeddable":true,"href":"https:\/\/www.babcock-wanson.com\/pl\/wp-json\/wp\/v2\/product_tag?post=36808"}],"curies":[{"name":"wp","href":"https:\/\/api.w.org\/{rel}","templated":true}]}}