{"id":36826,"date":"2019-02-12T16:21:00","date_gmt":"2019-02-12T16:21:00","guid":{"rendered":"https:\/\/www.babcock-wanson.com\/products\/bez-kategorii\/ext-series\/"},"modified":"2021-11-08T16:08:29","modified_gmt":"2021-11-08T16:08:29","slug":"seria-ext","status":"publish","type":"product","link":"https:\/\/www.babcock-wanson.com\/pl\/produkty\/systemy-odzysku-ciepla\/seria-ext\/","title":{"rendered":"Seria EXT"},"content":{"rendered":"<div class=\"vgblk-rw-wrapper limit-wrapper\">\r\n<h3>Seria EXT \u2013 Dane techniczne w\u0119\u017cownicy odzysku ciep\u0142a do kot\u0142a<\/h3>\r\n<p><b>Konfiguracja: <\/b>pozioma lub pionowa (z\u00a0przep\u0142ywem w\u00a0g\u00f3r\u0119 lub w\u00a0d\u00f3\u0142)<br \/><b>Wyj\u015bcie:<\/b> gor\u0105ca woda, woda przegrzana, para nisko- lub wysokoci\u015bnieniowa, olej termiczny<br \/><b>Zakres ci\u015bnienia: <\/b>25\u00a0bar\u00f3w<\/p>\r\n<h3>Cechy<\/h3>\r\n<ul>\r\n<li>Konfiguracja pozioma lub pionowa.<\/li>\r\n<li>Odporno\u015b\u0107 na korozj\u0119.<\/li>\r\n<li>Niski poziom ha\u0142asu \u2013 cz\u0119sto eliminuje potrzeb\u0119 stosowania t\u0142umika wydechu.<\/li>\r\n<li>Solidna konstrukcja.<\/li>\r\n<li>Niski spadek ci\u015bnienia.<\/li>\r\n<li>Efekt automatycznego czyszczenia gazem o\u00a0du\u017cej pr\u0119dko\u015bci.<\/li>\r\n<li>Nadaje si\u0119 do stosowania w\u00a0piecach, piecach do wy\u017carzania, spalarniach, <a href=\"https:\/\/www.babcock-wanson.com\/pl\/kategoria-produktu\/dopalacze-termiczne\/\" target=\"_blank\" rel=\"noopener\">utleniaczach termicznych<\/a>, silnikach wysokopr\u0119\u017cnych, turbinach gazowych i\u00a0innych.<\/li>\r\n<\/ul>\r\n<\/div><!-- .vgblk-rw-wrapper -->","protected":false},"excerpt":{"rendered":"<p>Seria EXT jest zbudowana z wielu wsp\u00f3\u0142osiowych w\u0119\u017cownic rurowych z przep\u0142ywem gazu mi\u0119dzy poszczeg\u00f3lnymi zespo\u0142ami w\u0119\u017cownic. Takie rozwi\u0105zanie zapewnia ma\u0142y spadek ci\u015bnienia i efekt automatycznego oczyszczenia gazem o wysokiej pr\u0119dko\u015bci.<\/p>\n<p>Urz\u0105dzenia tej serii mo\u017cna stosowa\u0107 w konfiguracji pionowej lub poziomej. Funkcja obej\u015bcia spalin mo\u017ce by\u0107 w\u0142\u0105czona wsp\u00f3\u0142osiowo, wewn\u0119trznie lub zewn\u0119trznie w celu zapewnienia maksymalnej elastyczno\u015bci.<\/p>\n<p>Dysponujemy bogat\u0105 list\u0105 referencyjn\u0105 klient\u00f3w i r\u00f3\u017cnych zastosowa\u0144, z kt\u00f3rych wiele obejmuje jednostk\u0119 kot\u0142a parowego nieogrzewanego (SOV) lub kot\u0142a wody gor\u0105cej\/przegrzewanej (SOAC\/S) \u2013 r\u00f3wnie\u017c komponent zaprojektowany i wyprodukowany przez Babcock Wanson \u2013 jako cz\u0119\u015b\u0107 og\u00f3lnego systemu.<\/p>\n","protected":false},"featured_media":36831,"comment_status":"closed","ping_status":"closed","template":"","meta":{"_acf_changed":false,"_relevanssi_hide_post":"","_relevanssi_hide_content":"","_relevanssi_pin_for_all":"","_relevanssi_pin_keywords":"","_relevanssi_unpin_keywords":"","_relevanssi_related_keywords":"","_relevanssi_related_include_ids":"","_relevanssi_related_exclude_ids":"","_relevanssi_related_no_append":"","_relevanssi_related_not_related":"","_relevanssi_related_posts":"","_relevanssi_noindex_reason":""},"product_brand":[],"product_cat":[6407],"product_tag":[],"class_list":{"0":"post-36826","1":"product","2":"type-product","3":"status-publish","4":"has-post-thumbnail","6":"product_cat-systemy-odzysku-ciepla","8":"first","9":"instock","10":"shipping-taxable","11":"product-type-simple"},"acf":[],"yoast_head":"<!-- This site is optimized with the Yoast SEO Premium plugin v27.1 (Yoast SEO v27.1.1) - https:\/\/yoast.com\/product\/yoast-seo-premium-wordpress\/ -->\n<title>Seria EXT - Systemy Odzysku Ciep\u0142a - Babcock Wanson<\/title>\n<meta name=\"description\" content=\"Seria EXT jest zbudowana z wielu wsp\u00f3\u0142osiowych w\u0119\u017cownic rurowych z przep\u0142ywem gazu mi\u0119dzy poszczeg\u00f3lnymi zespo\u0142ami w\u0119\u017cownic.\" \/>\n<meta name=\"robots\" content=\"index, follow, max-snippet:-1, max-image-preview:large, max-video-preview:-1\" \/>\n<link rel=\"canonical\" href=\"https:\/\/www.babcock-wanson.com\/pl\/produkty\/systemy-odzysku-ciepla\/seria-ext\/\" \/>\n<meta property=\"og:locale\" content=\"pl_PL\" \/>\n<meta property=\"og:type\" content=\"article\" \/>\n<meta property=\"og:title\" content=\"Seria EXT\" \/>\n<meta property=\"og:description\" content=\"Seria EXT jest zbudowana z wielu wsp\u00f3\u0142osiowych w\u0119\u017cownic rurowych z przep\u0142ywem gazu mi\u0119dzy poszczeg\u00f3lnymi zespo\u0142ami w\u0119\u017cownic.\" \/>\n<meta property=\"og:url\" content=\"https:\/\/www.babcock-wanson.com\/pl\/produkty\/systemy-odzysku-ciepla\/seria-ext\/\" \/>\n<meta property=\"og:site_name\" content=\"Babcock Wanson\" \/>\n<meta property=\"article:modified_time\" content=\"2021-11-08T16:08:29+00:00\" \/>\n<meta property=\"og:image\" content=\"https:\/\/www.babcock-wanson.com\/wp-content\/uploads\/2019\/02\/EXT-3.jpg\" \/>\n\t<meta property=\"og:image:width\" content=\"600\" \/>\n\t<meta property=\"og:image:height\" content=\"400\" \/>\n\t<meta property=\"og:image:type\" content=\"image\/jpeg\" \/>\n<meta name=\"twitter:card\" content=\"summary_large_image\" \/>\n<meta name=\"twitter:label1\" content=\"Est. reading time\" \/>\n\t<meta name=\"twitter:data1\" content=\"1 minuta\" \/>\n<script type=\"application\/ld+json\" class=\"yoast-schema-graph\">{\"@context\":\"https:\/\/schema.org\",\"@graph\":[{\"@type\":\"WebPage\",\"@id\":\"https:\/\/www.babcock-wanson.com\/pl\/produkty\/systemy-odzysku-ciepla\/seria-ext\/\",\"url\":\"https:\/\/www.babcock-wanson.com\/pl\/produkty\/systemy-odzysku-ciepla\/seria-ext\/\",\"name\":\"Seria EXT - Systemy Odzysku Ciep\u0142a - Babcock Wanson\",\"isPartOf\":{\"@id\":\"https:\/\/www.babcock-wanson.com\/pl\/#website\"},\"primaryImageOfPage\":{\"@id\":\"https:\/\/www.babcock-wanson.com\/pl\/produkty\/systemy-odzysku-ciepla\/seria-ext\/#primaryimage\"},\"image\":{\"@id\":\"https:\/\/www.babcock-wanson.com\/pl\/produkty\/systemy-odzysku-ciepla\/seria-ext\/#primaryimage\"},\"thumbnailUrl\":\"https:\/\/www.babcock-wanson.com\/wp-content\/uploads\/2019\/02\/EXT-3.jpg\",\"datePublished\":\"2019-02-12T16:21:00+00:00\",\"dateModified\":\"2021-11-08T16:08:29+00:00\",\"description\":\"Seria EXT jest zbudowana z wielu wsp\u00f3\u0142osiowych w\u0119\u017cownic rurowych z przep\u0142ywem gazu mi\u0119dzy poszczeg\u00f3lnymi zespo\u0142ami w\u0119\u017cownic.\",\"breadcrumb\":{\"@id\":\"https:\/\/www.babcock-wanson.com\/pl\/produkty\/systemy-odzysku-ciepla\/seria-ext\/#breadcrumb\"},\"inLanguage\":\"pl-PL\",\"potentialAction\":[{\"@type\":\"ReadAction\",\"target\":[\"https:\/\/www.babcock-wanson.com\/pl\/produkty\/systemy-odzysku-ciepla\/seria-ext\/\"]}]},{\"@type\":\"ImageObject\",\"inLanguage\":\"pl-PL\",\"@id\":\"https:\/\/www.babcock-wanson.com\/pl\/produkty\/systemy-odzysku-ciepla\/seria-ext\/#primaryimage\",\"url\":\"https:\/\/www.babcock-wanson.com\/wp-content\/uploads\/2019\/02\/EXT-3.jpg\",\"contentUrl\":\"https:\/\/www.babcock-wanson.com\/wp-content\/uploads\/2019\/02\/EXT-3.jpg\",\"width\":600,\"height\":400},{\"@type\":\"BreadcrumbList\",\"@id\":\"https:\/\/www.babcock-wanson.com\/pl\/produkty\/systemy-odzysku-ciepla\/seria-ext\/#breadcrumb\",\"itemListElement\":[{\"@type\":\"ListItem\",\"position\":1,\"name\":\"Strona g\u0142\u00f3wna\",\"item\":\"https:\/\/www.babcock-wanson.com\/pl\/\"},{\"@type\":\"ListItem\",\"position\":2,\"name\":\"Produkty\",\"item\":\"https:\/\/www.babcock-wanson.com\/pl\/shop\/\"},{\"@type\":\"ListItem\",\"position\":3,\"name\":\"Systemy Odzysku Ciep\u0142a\",\"item\":\"https:\/\/www.babcock-wanson.com\/pl\/kategoria-produktu\/systemy-odzysku-ciepla\/\"},{\"@type\":\"ListItem\",\"position\":4,\"name\":\"Seria EXT\"}]},{\"@type\":\"WebSite\",\"@id\":\"https:\/\/www.babcock-wanson.com\/pl\/#website\",\"url\":\"https:\/\/www.babcock-wanson.com\/pl\/\",\"name\":\"Babcock Wanson\",\"description\":\"\",\"publisher\":{\"@id\":\"https:\/\/www.babcock-wanson.com\/pl\/#organization\"},\"potentialAction\":[{\"@type\":\"SearchAction\",\"target\":{\"@type\":\"EntryPoint\",\"urlTemplate\":\"https:\/\/www.babcock-wanson.com\/pl\/?s={search_term_string}\"},\"query-input\":{\"@type\":\"PropertyValueSpecification\",\"valueRequired\":true,\"valueName\":\"search_term_string\"}}],\"inLanguage\":\"pl-PL\"},{\"@type\":\"Organization\",\"@id\":\"https:\/\/www.babcock-wanson.com\/pl\/#organization\",\"name\":\"Babcock Wanson\",\"url\":\"https:\/\/www.babcock-wanson.com\/pl\/\",\"logo\":{\"@type\":\"ImageObject\",\"inLanguage\":\"pl-PL\",\"@id\":\"https:\/\/www.babcock-wanson.com\/pl\/#\/schema\/logo\/image\/\",\"url\":\"https:\/\/www.babcock-wanson.com\/wp-content\/uploads\/2024\/02\/Babcock-Wanson-1200x1200-1.png\",\"contentUrl\":\"https:\/\/www.babcock-wanson.com\/wp-content\/uploads\/2024\/02\/Babcock-Wanson-1200x1200-1.png\",\"width\":1200,\"height\":1200,\"caption\":\"Babcock Wanson\"},\"image\":{\"@id\":\"https:\/\/www.babcock-wanson.com\/pl\/#\/schema\/logo\/image\/\"},\"sameAs\":[\"https:\/\/www.linkedin.com\/company\/babcock-wanson\/\",\"https:\/\/www.youtube.com\/channel\/UCtxl25VieBBsP2kYmtlyv7A\"]}]}<\/script>\n<!-- \/ Yoast SEO Premium plugin. -->","yoast_head_json":{"title":"Seria EXT - Systemy Odzysku Ciep\u0142a - Babcock Wanson","description":"Seria EXT jest zbudowana z wielu wsp\u00f3\u0142osiowych w\u0119\u017cownic rurowych z przep\u0142ywem gazu mi\u0119dzy poszczeg\u00f3lnymi zespo\u0142ami w\u0119\u017cownic.","robots":{"index":"index","follow":"follow","max-snippet":"max-snippet:-1","max-image-preview":"max-image-preview:large","max-video-preview":"max-video-preview:-1"},"canonical":"https:\/\/www.babcock-wanson.com\/pl\/produkty\/systemy-odzysku-ciepla\/seria-ext\/","og_locale":"pl_PL","og_type":"article","og_title":"Seria EXT","og_description":"Seria EXT jest zbudowana z wielu wsp\u00f3\u0142osiowych w\u0119\u017cownic rurowych z przep\u0142ywem gazu mi\u0119dzy poszczeg\u00f3lnymi zespo\u0142ami w\u0119\u017cownic.","og_url":"https:\/\/www.babcock-wanson.com\/pl\/produkty\/systemy-odzysku-ciepla\/seria-ext\/","og_site_name":"Babcock Wanson","article_modified_time":"2021-11-08T16:08:29+00:00","og_image":[{"width":600,"height":400,"url":"https:\/\/www.babcock-wanson.com\/wp-content\/uploads\/2019\/02\/EXT-3.jpg","type":"image\/jpeg"}],"twitter_card":"summary_large_image","twitter_misc":{"Est. reading time":"1 minuta"},"schema":{"@context":"https:\/\/schema.org","@graph":[{"@type":"WebPage","@id":"https:\/\/www.babcock-wanson.com\/pl\/produkty\/systemy-odzysku-ciepla\/seria-ext\/","url":"https:\/\/www.babcock-wanson.com\/pl\/produkty\/systemy-odzysku-ciepla\/seria-ext\/","name":"Seria EXT - Systemy Odzysku Ciep\u0142a - Babcock Wanson","isPartOf":{"@id":"https:\/\/www.babcock-wanson.com\/pl\/#website"},"primaryImageOfPage":{"@id":"https:\/\/www.babcock-wanson.com\/pl\/produkty\/systemy-odzysku-ciepla\/seria-ext\/#primaryimage"},"image":{"@id":"https:\/\/www.babcock-wanson.com\/pl\/produkty\/systemy-odzysku-ciepla\/seria-ext\/#primaryimage"},"thumbnailUrl":"https:\/\/www.babcock-wanson.com\/wp-content\/uploads\/2019\/02\/EXT-3.jpg","datePublished":"2019-02-12T16:21:00+00:00","dateModified":"2021-11-08T16:08:29+00:00","description":"Seria EXT jest zbudowana z wielu wsp\u00f3\u0142osiowych w\u0119\u017cownic rurowych z przep\u0142ywem gazu mi\u0119dzy poszczeg\u00f3lnymi zespo\u0142ami w\u0119\u017cownic.","breadcrumb":{"@id":"https:\/\/www.babcock-wanson.com\/pl\/produkty\/systemy-odzysku-ciepla\/seria-ext\/#breadcrumb"},"inLanguage":"pl-PL","potentialAction":[{"@type":"ReadAction","target":["https:\/\/www.babcock-wanson.com\/pl\/produkty\/systemy-odzysku-ciepla\/seria-ext\/"]}]},{"@type":"ImageObject","inLanguage":"pl-PL","@id":"https:\/\/www.babcock-wanson.com\/pl\/produkty\/systemy-odzysku-ciepla\/seria-ext\/#primaryimage","url":"https:\/\/www.babcock-wanson.com\/wp-content\/uploads\/2019\/02\/EXT-3.jpg","contentUrl":"https:\/\/www.babcock-wanson.com\/wp-content\/uploads\/2019\/02\/EXT-3.jpg","width":600,"height":400},{"@type":"BreadcrumbList","@id":"https:\/\/www.babcock-wanson.com\/pl\/produkty\/systemy-odzysku-ciepla\/seria-ext\/#breadcrumb","itemListElement":[{"@type":"ListItem","position":1,"name":"Strona g\u0142\u00f3wna","item":"https:\/\/www.babcock-wanson.com\/pl\/"},{"@type":"ListItem","position":2,"name":"Produkty","item":"https:\/\/www.babcock-wanson.com\/pl\/shop\/"},{"@type":"ListItem","position":3,"name":"Systemy Odzysku Ciep\u0142a","item":"https:\/\/www.babcock-wanson.com\/pl\/kategoria-produktu\/systemy-odzysku-ciepla\/"},{"@type":"ListItem","position":4,"name":"Seria EXT"}]},{"@type":"WebSite","@id":"https:\/\/www.babcock-wanson.com\/pl\/#website","url":"https:\/\/www.babcock-wanson.com\/pl\/","name":"Babcock Wanson","description":"","publisher":{"@id":"https:\/\/www.babcock-wanson.com\/pl\/#organization"},"potentialAction":[{"@type":"SearchAction","target":{"@type":"EntryPoint","urlTemplate":"https:\/\/www.babcock-wanson.com\/pl\/?s={search_term_string}"},"query-input":{"@type":"PropertyValueSpecification","valueRequired":true,"valueName":"search_term_string"}}],"inLanguage":"pl-PL"},{"@type":"Organization","@id":"https:\/\/www.babcock-wanson.com\/pl\/#organization","name":"Babcock Wanson","url":"https:\/\/www.babcock-wanson.com\/pl\/","logo":{"@type":"ImageObject","inLanguage":"pl-PL","@id":"https:\/\/www.babcock-wanson.com\/pl\/#\/schema\/logo\/image\/","url":"https:\/\/www.babcock-wanson.com\/wp-content\/uploads\/2024\/02\/Babcock-Wanson-1200x1200-1.png","contentUrl":"https:\/\/www.babcock-wanson.com\/wp-content\/uploads\/2024\/02\/Babcock-Wanson-1200x1200-1.png","width":1200,"height":1200,"caption":"Babcock Wanson"},"image":{"@id":"https:\/\/www.babcock-wanson.com\/pl\/#\/schema\/logo\/image\/"},"sameAs":["https:\/\/www.linkedin.com\/company\/babcock-wanson\/","https:\/\/www.youtube.com\/channel\/UCtxl25VieBBsP2kYmtlyv7A"]}]}},"jetpack_sharing_enabled":true,"_links":{"self":[{"href":"https:\/\/www.babcock-wanson.com\/pl\/wp-json\/wp\/v2\/product\/36826","targetHints":{"allow":["GET"]}}],"collection":[{"href":"https:\/\/www.babcock-wanson.com\/pl\/wp-json\/wp\/v2\/product"}],"about":[{"href":"https:\/\/www.babcock-wanson.com\/pl\/wp-json\/wp\/v2\/types\/product"}],"replies":[{"embeddable":true,"href":"https:\/\/www.babcock-wanson.com\/pl\/wp-json\/wp\/v2\/comments?post=36826"}],"wp:featuredmedia":[{"embeddable":true,"href":"https:\/\/www.babcock-wanson.com\/pl\/wp-json\/wp\/v2\/media\/36831"}],"wp:attachment":[{"href":"https:\/\/www.babcock-wanson.com\/pl\/wp-json\/wp\/v2\/media?parent=36826"}],"wp:term":[{"taxonomy":"product_brand","embeddable":true,"href":"https:\/\/www.babcock-wanson.com\/pl\/wp-json\/wp\/v2\/product_brand?post=36826"},{"taxonomy":"product_cat","embeddable":true,"href":"https:\/\/www.babcock-wanson.com\/pl\/wp-json\/wp\/v2\/product_cat?post=36826"},{"taxonomy":"product_tag","embeddable":true,"href":"https:\/\/www.babcock-wanson.com\/pl\/wp-json\/wp\/v2\/product_tag?post=36826"}],"curies":[{"name":"wp","href":"https:\/\/api.w.org\/{rel}","templated":true}]}}