{"id":36835,"date":"2019-02-11T15:04:13","date_gmt":"2019-02-11T15:04:13","guid":{"rendered":"https:\/\/www.babcock-wanson.com\/products\/bez-kategorii\/sov-soas-saoc-series-thermal-fluid-heat-exchangers\/"},"modified":"2021-11-08T16:25:32","modified_gmt":"2021-11-08T16:25:32","slug":"seria-sov-soas-saoc","status":"publish","type":"product","link":"https:\/\/www.babcock-wanson.com\/pl\/produkty\/systemy-odzysku-ciepla\/seria-sov-soas-saoc\/","title":{"rendered":"Seria SOV-SOAS-SAOC"},"content":{"rendered":"","protected":false},"excerpt":{"rendered":"<p>Opr\u00f3cz wykorzystywania oleju termicznego podgrzewanego w\u00a0urz\u0105dzeniu do <a href=\"https:\/\/www.babcock-wanson.com\/pl\/kategoria-produktu\/systemy-odzysku-ciepla\/\" target=\"_blank\" rel=\"noopener\">odzysku ciep\u0142a<\/a> EXT, procesy podgrzewane przy u\u017cyciu oleju termicznego mog\u0105 r\u00f3wnie\u017c wymaga\u0107 pary, wody gor\u0105cej lub przegrzanej. Babcock Wanson dostarcza specjalistyczne wymienniki ciep\u0142a dostosowane do potrzeb proces\u00f3w przemys\u0142owych, kt\u00f3re zaprojektowano do pracy z\u00a0r\u00f3\u017cnymi p\u0142ynami. W\u00a0celu spe\u0142nienia wymog\u00f3w procesu zastosowano w\u00a0pe\u0142ni moduluj\u0105ca lub uproszczon\u0105 kontrol\u0119 w\u0142\u0105czania\/wy\u0142\u0105czania.<\/p>\n<ul>\n<li>Seria SOV jest przeznaczona do wytwarzania pary wodnej o\u00a0ci\u015bnieniu do 65\u00a0bar\u00f3w(g).<\/li>\n<li>Seria SOAS s\u0142u\u017cy do produkcji wody przegrzanej.<\/li>\n<li>Seria SOAC s\u0142u\u017cy do produkcji wody ciep\u0142ej.<\/li>\n<\/ul>\n<p>Firma Babcock Wanson pozwala wdra\u017ca\u0107 rozwi\u0105zania cieplne spe\u0142niaj\u0105ce zr\u00f3\u017cnicowane potrzeby proces\u00f3w przemys\u0142owych.<\/p>\n","protected":false},"featured_media":35935,"comment_status":"closed","ping_status":"closed","template":"","meta":{"_acf_changed":false,"_relevanssi_hide_post":"","_relevanssi_hide_content":"","_relevanssi_pin_for_all":"","_relevanssi_pin_keywords":"","_relevanssi_unpin_keywords":"","_relevanssi_related_keywords":"","_relevanssi_related_include_ids":"","_relevanssi_related_exclude_ids":"","_relevanssi_related_no_append":"","_relevanssi_related_not_related":"","_relevanssi_related_posts":"","_relevanssi_noindex_reason":""},"product_brand":[],"product_cat":[6407],"product_tag":[],"class_list":{"0":"post-36835","1":"product","2":"type-product","3":"status-publish","4":"has-post-thumbnail","6":"product_cat-systemy-odzysku-ciepla","8":"first","9":"instock","10":"shipping-taxable","11":"product-type-simple"},"acf":[],"yoast_head":"<!-- This site is optimized with the Yoast SEO Premium plugin v27.1 (Yoast SEO v27.1.1) - https:\/\/yoast.com\/product\/yoast-seo-premium-wordpress\/ -->\n<title>Seria SOV-SOAS-SAOC - Babcock Wanson<\/title>\n<meta name=\"description\" content=\"Babcock Wanson dostarcza specjalistyczne wymienniki ciep\u0142a dostosowane do potrzeb proces\u00f3w przemys\u0142owych, kt\u00f3re zaprojektowano do pracy z\u00a0r\u00f3\u017cnymi p\u0142ynami.\" \/>\n<meta name=\"robots\" content=\"index, follow, max-snippet:-1, max-image-preview:large, max-video-preview:-1\" \/>\n<link rel=\"canonical\" href=\"https:\/\/www.babcock-wanson.com\/pl\/produkty\/systemy-odzysku-ciepla\/seria-sov-soas-saoc\/\" \/>\n<meta property=\"og:locale\" content=\"pl_PL\" \/>\n<meta property=\"og:type\" content=\"article\" \/>\n<meta property=\"og:title\" content=\"Seria SOV-SOAS-SAOC\" \/>\n<meta property=\"og:description\" content=\"Babcock Wanson dostarcza specjalistyczne wymienniki ciep\u0142a dostosowane do potrzeb proces\u00f3w przemys\u0142owych, kt\u00f3re zaprojektowano do pracy z\u00a0r\u00f3\u017cnymi p\u0142ynami.\" \/>\n<meta property=\"og:url\" content=\"https:\/\/www.babcock-wanson.com\/pl\/produkty\/systemy-odzysku-ciepla\/seria-sov-soas-saoc\/\" \/>\n<meta property=\"og:site_name\" content=\"Babcock Wanson\" \/>\n<meta property=\"article:modified_time\" content=\"2021-11-08T16:25:32+00:00\" \/>\n<meta property=\"og:image\" content=\"https:\/\/www.babcock-wanson.com\/wp-content\/uploads\/2019\/02\/SOV-SOAS-SAOC-Series-Thermal-Fluid-Heat-Exchanger-1.jgp_.jpg\" \/>\n\t<meta property=\"og:image:width\" content=\"600\" \/>\n\t<meta property=\"og:image:height\" content=\"400\" \/>\n\t<meta property=\"og:image:type\" content=\"image\/jpeg\" \/>\n<meta name=\"twitter:card\" content=\"summary_large_image\" \/>\n<script type=\"application\/ld+json\" class=\"yoast-schema-graph\">{\"@context\":\"https:\/\/schema.org\",\"@graph\":[{\"@type\":\"WebPage\",\"@id\":\"https:\/\/www.babcock-wanson.com\/pl\/produkty\/systemy-odzysku-ciepla\/seria-sov-soas-saoc\/\",\"url\":\"https:\/\/www.babcock-wanson.com\/pl\/produkty\/systemy-odzysku-ciepla\/seria-sov-soas-saoc\/\",\"name\":\"Seria SOV-SOAS-SAOC - Babcock Wanson\",\"isPartOf\":{\"@id\":\"https:\/\/www.babcock-wanson.com\/pl\/#website\"},\"primaryImageOfPage\":{\"@id\":\"https:\/\/www.babcock-wanson.com\/pl\/produkty\/systemy-odzysku-ciepla\/seria-sov-soas-saoc\/#primaryimage\"},\"image\":{\"@id\":\"https:\/\/www.babcock-wanson.com\/pl\/produkty\/systemy-odzysku-ciepla\/seria-sov-soas-saoc\/#primaryimage\"},\"thumbnailUrl\":\"https:\/\/www.babcock-wanson.com\/wp-content\/uploads\/2019\/02\/SOV-SOAS-SAOC-Series-Thermal-Fluid-Heat-Exchanger-1.jgp_.jpg\",\"datePublished\":\"2019-02-11T15:04:13+00:00\",\"dateModified\":\"2021-11-08T16:25:32+00:00\",\"description\":\"Babcock Wanson dostarcza specjalistyczne wymienniki ciep\u0142a dostosowane do potrzeb proces\u00f3w przemys\u0142owych, kt\u00f3re zaprojektowano do pracy z\u00a0r\u00f3\u017cnymi p\u0142ynami.\",\"breadcrumb\":{\"@id\":\"https:\/\/www.babcock-wanson.com\/pl\/produkty\/systemy-odzysku-ciepla\/seria-sov-soas-saoc\/#breadcrumb\"},\"inLanguage\":\"pl-PL\",\"potentialAction\":[{\"@type\":\"ReadAction\",\"target\":[\"https:\/\/www.babcock-wanson.com\/pl\/produkty\/systemy-odzysku-ciepla\/seria-sov-soas-saoc\/\"]}]},{\"@type\":\"ImageObject\",\"inLanguage\":\"pl-PL\",\"@id\":\"https:\/\/www.babcock-wanson.com\/pl\/produkty\/systemy-odzysku-ciepla\/seria-sov-soas-saoc\/#primaryimage\",\"url\":\"https:\/\/www.babcock-wanson.com\/wp-content\/uploads\/2019\/02\/SOV-SOAS-SAOC-Series-Thermal-Fluid-Heat-Exchanger-1.jgp_.jpg\",\"contentUrl\":\"https:\/\/www.babcock-wanson.com\/wp-content\/uploads\/2019\/02\/SOV-SOAS-SAOC-Series-Thermal-Fluid-Heat-Exchanger-1.jgp_.jpg\",\"width\":600,\"height\":400,\"caption\":\"SOV-SOAS-SAOC-Series-wymienniki ciep\u0142a\"},{\"@type\":\"BreadcrumbList\",\"@id\":\"https:\/\/www.babcock-wanson.com\/pl\/produkty\/systemy-odzysku-ciepla\/seria-sov-soas-saoc\/#breadcrumb\",\"itemListElement\":[{\"@type\":\"ListItem\",\"position\":1,\"name\":\"Strona g\u0142\u00f3wna\",\"item\":\"https:\/\/www.babcock-wanson.com\/pl\/\"},{\"@type\":\"ListItem\",\"position\":2,\"name\":\"Produkty\",\"item\":\"https:\/\/www.babcock-wanson.com\/pl\/shop\/\"},{\"@type\":\"ListItem\",\"position\":3,\"name\":\"Systemy Odzysku Ciep\u0142a\",\"item\":\"https:\/\/www.babcock-wanson.com\/pl\/kategoria-produktu\/systemy-odzysku-ciepla\/\"},{\"@type\":\"ListItem\",\"position\":4,\"name\":\"Seria SOV-SOAS-SAOC\"}]},{\"@type\":\"WebSite\",\"@id\":\"https:\/\/www.babcock-wanson.com\/pl\/#website\",\"url\":\"https:\/\/www.babcock-wanson.com\/pl\/\",\"name\":\"Babcock Wanson\",\"description\":\"\",\"publisher\":{\"@id\":\"https:\/\/www.babcock-wanson.com\/pl\/#organization\"},\"potentialAction\":[{\"@type\":\"SearchAction\",\"target\":{\"@type\":\"EntryPoint\",\"urlTemplate\":\"https:\/\/www.babcock-wanson.com\/pl\/?s={search_term_string}\"},\"query-input\":{\"@type\":\"PropertyValueSpecification\",\"valueRequired\":true,\"valueName\":\"search_term_string\"}}],\"inLanguage\":\"pl-PL\"},{\"@type\":\"Organization\",\"@id\":\"https:\/\/www.babcock-wanson.com\/pl\/#organization\",\"name\":\"Babcock Wanson\",\"url\":\"https:\/\/www.babcock-wanson.com\/pl\/\",\"logo\":{\"@type\":\"ImageObject\",\"inLanguage\":\"pl-PL\",\"@id\":\"https:\/\/www.babcock-wanson.com\/pl\/#\/schema\/logo\/image\/\",\"url\":\"https:\/\/www.babcock-wanson.com\/wp-content\/uploads\/2024\/02\/Babcock-Wanson-1200x1200-1.png\",\"contentUrl\":\"https:\/\/www.babcock-wanson.com\/wp-content\/uploads\/2024\/02\/Babcock-Wanson-1200x1200-1.png\",\"width\":1200,\"height\":1200,\"caption\":\"Babcock Wanson\"},\"image\":{\"@id\":\"https:\/\/www.babcock-wanson.com\/pl\/#\/schema\/logo\/image\/\"},\"sameAs\":[\"https:\/\/www.linkedin.com\/company\/babcock-wanson\/\",\"https:\/\/www.youtube.com\/channel\/UCtxl25VieBBsP2kYmtlyv7A\"]}]}<\/script>\n<!-- \/ Yoast SEO Premium plugin. -->","yoast_head_json":{"title":"Seria SOV-SOAS-SAOC - Babcock Wanson","description":"Babcock Wanson dostarcza specjalistyczne wymienniki ciep\u0142a dostosowane do potrzeb proces\u00f3w przemys\u0142owych, kt\u00f3re zaprojektowano do pracy z\u00a0r\u00f3\u017cnymi p\u0142ynami.","robots":{"index":"index","follow":"follow","max-snippet":"max-snippet:-1","max-image-preview":"max-image-preview:large","max-video-preview":"max-video-preview:-1"},"canonical":"https:\/\/www.babcock-wanson.com\/pl\/produkty\/systemy-odzysku-ciepla\/seria-sov-soas-saoc\/","og_locale":"pl_PL","og_type":"article","og_title":"Seria SOV-SOAS-SAOC","og_description":"Babcock Wanson dostarcza specjalistyczne wymienniki ciep\u0142a dostosowane do potrzeb proces\u00f3w przemys\u0142owych, kt\u00f3re zaprojektowano do pracy z\u00a0r\u00f3\u017cnymi p\u0142ynami.","og_url":"https:\/\/www.babcock-wanson.com\/pl\/produkty\/systemy-odzysku-ciepla\/seria-sov-soas-saoc\/","og_site_name":"Babcock Wanson","article_modified_time":"2021-11-08T16:25:32+00:00","og_image":[{"width":600,"height":400,"url":"https:\/\/www.babcock-wanson.com\/wp-content\/uploads\/2019\/02\/SOV-SOAS-SAOC-Series-Thermal-Fluid-Heat-Exchanger-1.jgp_.jpg","type":"image\/jpeg"}],"twitter_card":"summary_large_image","schema":{"@context":"https:\/\/schema.org","@graph":[{"@type":"WebPage","@id":"https:\/\/www.babcock-wanson.com\/pl\/produkty\/systemy-odzysku-ciepla\/seria-sov-soas-saoc\/","url":"https:\/\/www.babcock-wanson.com\/pl\/produkty\/systemy-odzysku-ciepla\/seria-sov-soas-saoc\/","name":"Seria SOV-SOAS-SAOC - Babcock Wanson","isPartOf":{"@id":"https:\/\/www.babcock-wanson.com\/pl\/#website"},"primaryImageOfPage":{"@id":"https:\/\/www.babcock-wanson.com\/pl\/produkty\/systemy-odzysku-ciepla\/seria-sov-soas-saoc\/#primaryimage"},"image":{"@id":"https:\/\/www.babcock-wanson.com\/pl\/produkty\/systemy-odzysku-ciepla\/seria-sov-soas-saoc\/#primaryimage"},"thumbnailUrl":"https:\/\/www.babcock-wanson.com\/wp-content\/uploads\/2019\/02\/SOV-SOAS-SAOC-Series-Thermal-Fluid-Heat-Exchanger-1.jgp_.jpg","datePublished":"2019-02-11T15:04:13+00:00","dateModified":"2021-11-08T16:25:32+00:00","description":"Babcock Wanson dostarcza specjalistyczne wymienniki ciep\u0142a dostosowane do potrzeb proces\u00f3w przemys\u0142owych, kt\u00f3re zaprojektowano do pracy z\u00a0r\u00f3\u017cnymi p\u0142ynami.","breadcrumb":{"@id":"https:\/\/www.babcock-wanson.com\/pl\/produkty\/systemy-odzysku-ciepla\/seria-sov-soas-saoc\/#breadcrumb"},"inLanguage":"pl-PL","potentialAction":[{"@type":"ReadAction","target":["https:\/\/www.babcock-wanson.com\/pl\/produkty\/systemy-odzysku-ciepla\/seria-sov-soas-saoc\/"]}]},{"@type":"ImageObject","inLanguage":"pl-PL","@id":"https:\/\/www.babcock-wanson.com\/pl\/produkty\/systemy-odzysku-ciepla\/seria-sov-soas-saoc\/#primaryimage","url":"https:\/\/www.babcock-wanson.com\/wp-content\/uploads\/2019\/02\/SOV-SOAS-SAOC-Series-Thermal-Fluid-Heat-Exchanger-1.jgp_.jpg","contentUrl":"https:\/\/www.babcock-wanson.com\/wp-content\/uploads\/2019\/02\/SOV-SOAS-SAOC-Series-Thermal-Fluid-Heat-Exchanger-1.jgp_.jpg","width":600,"height":400,"caption":"SOV-SOAS-SAOC-Series-wymienniki ciep\u0142a"},{"@type":"BreadcrumbList","@id":"https:\/\/www.babcock-wanson.com\/pl\/produkty\/systemy-odzysku-ciepla\/seria-sov-soas-saoc\/#breadcrumb","itemListElement":[{"@type":"ListItem","position":1,"name":"Strona g\u0142\u00f3wna","item":"https:\/\/www.babcock-wanson.com\/pl\/"},{"@type":"ListItem","position":2,"name":"Produkty","item":"https:\/\/www.babcock-wanson.com\/pl\/shop\/"},{"@type":"ListItem","position":3,"name":"Systemy Odzysku Ciep\u0142a","item":"https:\/\/www.babcock-wanson.com\/pl\/kategoria-produktu\/systemy-odzysku-ciepla\/"},{"@type":"ListItem","position":4,"name":"Seria SOV-SOAS-SAOC"}]},{"@type":"WebSite","@id":"https:\/\/www.babcock-wanson.com\/pl\/#website","url":"https:\/\/www.babcock-wanson.com\/pl\/","name":"Babcock Wanson","description":"","publisher":{"@id":"https:\/\/www.babcock-wanson.com\/pl\/#organization"},"potentialAction":[{"@type":"SearchAction","target":{"@type":"EntryPoint","urlTemplate":"https:\/\/www.babcock-wanson.com\/pl\/?s={search_term_string}"},"query-input":{"@type":"PropertyValueSpecification","valueRequired":true,"valueName":"search_term_string"}}],"inLanguage":"pl-PL"},{"@type":"Organization","@id":"https:\/\/www.babcock-wanson.com\/pl\/#organization","name":"Babcock Wanson","url":"https:\/\/www.babcock-wanson.com\/pl\/","logo":{"@type":"ImageObject","inLanguage":"pl-PL","@id":"https:\/\/www.babcock-wanson.com\/pl\/#\/schema\/logo\/image\/","url":"https:\/\/www.babcock-wanson.com\/wp-content\/uploads\/2024\/02\/Babcock-Wanson-1200x1200-1.png","contentUrl":"https:\/\/www.babcock-wanson.com\/wp-content\/uploads\/2024\/02\/Babcock-Wanson-1200x1200-1.png","width":1200,"height":1200,"caption":"Babcock Wanson"},"image":{"@id":"https:\/\/www.babcock-wanson.com\/pl\/#\/schema\/logo\/image\/"},"sameAs":["https:\/\/www.linkedin.com\/company\/babcock-wanson\/","https:\/\/www.youtube.com\/channel\/UCtxl25VieBBsP2kYmtlyv7A"]}]}},"jetpack_sharing_enabled":true,"_links":{"self":[{"href":"https:\/\/www.babcock-wanson.com\/pl\/wp-json\/wp\/v2\/product\/36835","targetHints":{"allow":["GET"]}}],"collection":[{"href":"https:\/\/www.babcock-wanson.com\/pl\/wp-json\/wp\/v2\/product"}],"about":[{"href":"https:\/\/www.babcock-wanson.com\/pl\/wp-json\/wp\/v2\/types\/product"}],"replies":[{"embeddable":true,"href":"https:\/\/www.babcock-wanson.com\/pl\/wp-json\/wp\/v2\/comments?post=36835"}],"wp:featuredmedia":[{"embeddable":true,"href":"https:\/\/www.babcock-wanson.com\/pl\/wp-json\/wp\/v2\/media\/35935"}],"wp:attachment":[{"href":"https:\/\/www.babcock-wanson.com\/pl\/wp-json\/wp\/v2\/media?parent=36835"}],"wp:term":[{"taxonomy":"product_brand","embeddable":true,"href":"https:\/\/www.babcock-wanson.com\/pl\/wp-json\/wp\/v2\/product_brand?post=36835"},{"taxonomy":"product_cat","embeddable":true,"href":"https:\/\/www.babcock-wanson.com\/pl\/wp-json\/wp\/v2\/product_cat?post=36835"},{"taxonomy":"product_tag","embeddable":true,"href":"https:\/\/www.babcock-wanson.com\/pl\/wp-json\/wp\/v2\/product_tag?post=36835"}],"curies":[{"name":"wp","href":"https:\/\/api.w.org\/{rel}","templated":true}]}}