{"id":36837,"date":"2018-09-19T14:07:31","date_gmt":"2018-09-19T13:07:31","guid":{"rendered":"https:\/\/www.babcock-wanson.com\/products\/bez-kategorii\/economiser\/"},"modified":"2021-12-13T10:34:35","modified_gmt":"2021-12-13T10:34:35","slug":"ekonomizer","status":"publish","type":"product","link":"https:\/\/www.babcock-wanson.com\/pl\/produkty\/systemy-odzysku-ciepla\/ekonomizer\/","title":{"rendered":"Ekonomizer"},"content":{"rendered":"<div class=\"vgblk-rw-wrapper limit-wrapper\">\r\n<h3>Obliczanie zysku kapita\u0142owego<\/h3>\r\n<p>Ekonomizery Babcock Wanson mog\u0105 by\u0107 projektowane do pracy zar\u00f3wno ze sta\u0142ymi, jak i\u00a0przerywalnymi \u017ar\u00f3d\u0142ami gazu ziemnego, co w\u00a0wi\u0119kszo\u015bci instalacji eliminuje potrzeb\u0119 stosowania kosztownych i\u00a0cz\u0119sto skomplikowanych system\u00f3w obej\u015bciowych.<\/p>\r\n<p>Budowa: Stal w\u0119glowa lub stal nierdzewna (zale\u017cnie od typu urz\u0105dzenia)<\/p>\r\n<h3>Warunki eksploatacji<\/h3>\r\n<ul>\r\n<li>Maksymalne ci\u015bnienie projektowe kot\u0142a: zwykle 28\u00a0bar\u00f3w.<\/li>\r\n<li>Maksymalna temperatura spalin: 300\u00b0C.<\/li>\r\n<li>W\u00a0przypadku kot\u0142\u00f3w zasilanych gazem ziemnym temperatura wody wp\u0142ywaj\u0105cej do ekonomizera musi by\u0107 r\u00f3wna co najmniej 60\u00b0C. Zwykle zapewnia to wzrost sprawno\u015bci o\u00a05-6%.<\/li>\r\n<li>W\u00a0przypadku kot\u0142\u00f3w zasilanych olejem nap\u0119dowym temperatura wody wp\u0142ywaj\u0105cej do ekonomizera musi wynosi\u0107 co najmniej 105\u00b0C. Wtedy wzrost wydajno\u015bci wynosi zwykle 5%. Mo\u017cliwa jest praca ci\u0105g\u0142a do 350\u00a0godzin, po kt\u00f3rej mo\u017ce by\u0107 wymagane czyszczenie powierzchni wymiany za pomoc\u0105 powietrza lub pary wodnej.<\/li>\r\n<\/ul>\r\n<p>Babcock Wanson mo\u017ce zaoferowa\u0107 5-letni\u0105 gwarancj\u0119 na ekonomizery, ale pod warunkiem \u017ce konserwacja palnika i\u00a0<a href=\"https:\/\/www.babcock-wanson.com\/pl\/kategoria-produktu\/systemy-uzdatniania-wody\/\" target=\"_blank\" rel=\"noopener\">uzdatnianie wody<\/a> zasilaj\u0105cej kocio\u0142 b\u0119d\u0105 obj\u0119te umowami Babcock Wanson na konserwacj\u0119 i\u00a0uzdatnianie wody.<\/p>\r\n<h2>Ekonomizer &#8211; Systemy Odzysku Ciep\u0142a<\/h2>\r\n<table>\r\n<tbody>\r\n<tr>\r\n<th>Typ ekonomiera<\/th>\r\n<th>Ekoniomizer spalin zamontowany na tylnej cz\u0119\u015bci kot\u0142a<\/th>\r\n<th>Ekonomizator spalin zamontowany w obudowie w tylnej cz\u0119\u015bci kot\u0142a<\/th>\r\n<th>Ekonomizer spalin wraz z wymiennikiem wody zasilaj\u0105cej<\/th>\r\n<th>Ekonimizer spalin wraz z wymiennikiem spaliny\/woda\/podgrzew powietrza do spalania<\/th>\r\n<\/tr>\r\n<tr>\r\n<th>Warunki stosowania<\/th>\r\n<td>Tylko gaz ziemny<\/td>\r\n<td>Gaz ziemny \/ olej nap\u0119dowy \/do zastosowa\u0144 mieszanych<\/td>\r\n<td>Nale\u017cy instalowac w po\u0142\u0105czeniu z odgazowywaczem termicznym oraz tam, gdzie istnieje \u017ar\u00f3d\u0142ozimnej wody, woda uzdatniana, a zwrot kondensatu &lt;50%<\/td>\r\n<td>Proces z 85 do 90% powrotem kondensatu i produkcj\u0105 pary wi\u0119ksz\u0105 ni\u017c 15 t\/h<\/td>\r\n<\/tr>\r\n<tr>\r\n<th>Wzrost sprawno\u015bci<\/th>\r\n<td>4 do 5%<\/td>\r\n<td>5 do 6%<\/td>\r\n<td>5 do 6%<\/td>\r\n<td>W zale\u017cno\u015bci od warunk\u00f3w eksploatacji<\/td>\r\n<\/tr>\r\n<tr>\r\n<th>Typowy zwrot z inwestycji *<\/th>\r\n<td>Mniej ni\u017c jeden rok<\/td>\r\n<td>Mniej ni\u017c jeden rok<\/td>\r\n<td>Mniej ni\u017c 3 lata<\/td>\r\n<td>Mniej ni\u017c 3 lata<\/td>\r\n<\/tr>\r\n<\/tbody>\r\n<\/table>\r\n<p>* Warto\u015bci te s\u0105 \u015bci\u015ble zale\u017cne od warunk\u00f3w pracy kot\u0142a.<\/p>\r\n<\/div><!-- .vgblk-rw-wrapper -->","protected":false},"excerpt":{"rendered":"<p>Oszcz\u0119dno\u015b\u0107 energii i efektywno\u015b\u0107 energetyczna to kluczowe kwestie w nowoczesnym przemy\u015ble. Jednym z najwi\u0119kszych odbiornik\u00f3w energii w typowym zak\u0142adzie produkcyjnym jest kocio\u0142 parowy. Z tego wzgl\u0119du inwestowanie w energooszcz\u0119dne urz\u0105dzenia powinno zawsze zapewnia\u0107 znakomity zwrot z inwestycji.<\/p>\n<p>Firma Babcock Wanson oferuje szerok\u0105 gam\u0119 ekonomizer\u00f3w spalin idealnie dopasowanych do kot\u0142a, wykorzystuj\u0105c swoje bogate do\u015bwiadczenie w zakresie efektywno\u015bci energetycznej oraz konstrukcji i <a href=\"https:\/\/www.babcock-wanson.com\/pl\/uslugi\/modernizacje-i-remonty-kotlow-przemyslowych\/optymalizacja-kotlowni\/\" target=\"_blank\" rel=\"noopener\">optymalizacji kot\u0142\u00f3w<\/a>. Ekonomizery odzyskuj\u0105 ciep\u0142o z gaz\u00f3w spalinowych do wody zasilaj\u0105cej kocio\u0142, optymalizuj\u0105c w ten spos\u00f3b og\u00f3ln\u0105 sprawno\u015b\u0107 instalacji w najbardziej skuteczny i ekonomiczny spos\u00f3b.<\/p>\n<p>Te zaawansowane i solidne ekonomizery mog\u0105 znacznie zwi\u0119kszy\u0107 sprawno\u015b\u0107 kot\u0142\u00f3w \u2013 cz\u0119sto w takim stopniu, \u017ce inwestycja zwraca si\u0119 ju\u017c po roku. Na eksploatowanych obecnie kot\u0142ach zainstalowano ju\u017c ponad 400 ekonomizer\u00f3w Babcock Wanson.<\/p>\n","protected":false},"featured_media":36838,"comment_status":"closed","ping_status":"closed","template":"","meta":{"_acf_changed":false,"_relevanssi_hide_post":"","_relevanssi_hide_content":"","_relevanssi_pin_for_all":"","_relevanssi_pin_keywords":"","_relevanssi_unpin_keywords":"","_relevanssi_related_keywords":"","_relevanssi_related_include_ids":"","_relevanssi_related_exclude_ids":"","_relevanssi_related_no_append":"","_relevanssi_related_not_related":"","_relevanssi_related_posts":"","_relevanssi_noindex_reason":""},"product_brand":[],"product_cat":[6407],"product_tag":[],"class_list":{"0":"post-36837","1":"product","2":"type-product","3":"status-publish","4":"has-post-thumbnail","6":"product_cat-systemy-odzysku-ciepla","8":"first","9":"instock","10":"shipping-taxable","11":"product-type-simple"},"acf":[],"yoast_head":"<!-- This site is optimized with the Yoast SEO Premium plugin v27.1 (Yoast SEO v27.1.1) - https:\/\/yoast.com\/product\/yoast-seo-premium-wordpress\/ -->\n<title>Ekonomizer - Babcock Wanson<\/title>\n<meta name=\"description\" content=\"Firma Babcock Wanson oferuje szerok\u0105 gam\u0119 ekonomizer\u00f3w spalin idealnie dopasowanych do kot\u0142a, wykorzystuj\u0105c swoje bogate do\u015bwiadczenie w zakresie efektywno\u015bci energetycznej oraz konstrukcji i optymalizacji kot\u0142\u00f3w.\" \/>\n<meta name=\"robots\" content=\"index, follow, max-snippet:-1, max-image-preview:large, max-video-preview:-1\" \/>\n<link rel=\"canonical\" href=\"https:\/\/www.babcock-wanson.com\/pl\/produkty\/systemy-odzysku-ciepla\/ekonomizer\/\" \/>\n<meta property=\"og:locale\" content=\"pl_PL\" \/>\n<meta property=\"og:type\" content=\"article\" \/>\n<meta property=\"og:title\" content=\"Ekonomizer\" \/>\n<meta property=\"og:description\" content=\"Firma Babcock Wanson oferuje szerok\u0105 gam\u0119 ekonomizer\u00f3w spalin idealnie dopasowanych do kot\u0142a, wykorzystuj\u0105c swoje bogate do\u015bwiadczenie w zakresie efektywno\u015bci energetycznej oraz konstrukcji i optymalizacji kot\u0142\u00f3w.\" \/>\n<meta property=\"og:url\" content=\"https:\/\/www.babcock-wanson.com\/pl\/produkty\/systemy-odzysku-ciepla\/ekonomizer\/\" \/>\n<meta property=\"og:site_name\" content=\"Babcock Wanson\" \/>\n<meta property=\"article:modified_time\" content=\"2021-12-13T10:34:35+00:00\" \/>\n<meta property=\"og:image\" content=\"https:\/\/www.babcock-wanson.com\/wp-content\/uploads\/2018\/09\/Economiser-2.jpg\" \/>\n\t<meta property=\"og:image:width\" content=\"600\" \/>\n\t<meta property=\"og:image:height\" content=\"400\" \/>\n\t<meta property=\"og:image:type\" content=\"image\/jpeg\" \/>\n<meta name=\"twitter:card\" content=\"summary_large_image\" \/>\n<meta name=\"twitter:label1\" content=\"Est. reading time\" \/>\n\t<meta name=\"twitter:data1\" content=\"2 minuty\" \/>\n<script type=\"application\/ld+json\" class=\"yoast-schema-graph\">{\"@context\":\"https:\/\/schema.org\",\"@graph\":[{\"@type\":\"WebPage\",\"@id\":\"https:\/\/www.babcock-wanson.com\/pl\/produkty\/systemy-odzysku-ciepla\/ekonomizer\/\",\"url\":\"https:\/\/www.babcock-wanson.com\/pl\/produkty\/systemy-odzysku-ciepla\/ekonomizer\/\",\"name\":\"Ekonomizer - Babcock Wanson\",\"isPartOf\":{\"@id\":\"https:\/\/www.babcock-wanson.com\/pl\/#website\"},\"primaryImageOfPage\":{\"@id\":\"https:\/\/www.babcock-wanson.com\/pl\/produkty\/systemy-odzysku-ciepla\/ekonomizer\/#primaryimage\"},\"image\":{\"@id\":\"https:\/\/www.babcock-wanson.com\/pl\/produkty\/systemy-odzysku-ciepla\/ekonomizer\/#primaryimage\"},\"thumbnailUrl\":\"https:\/\/www.babcock-wanson.com\/wp-content\/uploads\/2018\/09\/Economiser-2.jpg\",\"datePublished\":\"2018-09-19T13:07:31+00:00\",\"dateModified\":\"2021-12-13T10:34:35+00:00\",\"description\":\"Firma Babcock Wanson oferuje szerok\u0105 gam\u0119 ekonomizer\u00f3w spalin idealnie dopasowanych do kot\u0142a, wykorzystuj\u0105c swoje bogate do\u015bwiadczenie w zakresie efektywno\u015bci energetycznej oraz konstrukcji i optymalizacji kot\u0142\u00f3w.\",\"breadcrumb\":{\"@id\":\"https:\/\/www.babcock-wanson.com\/pl\/produkty\/systemy-odzysku-ciepla\/ekonomizer\/#breadcrumb\"},\"inLanguage\":\"pl-PL\",\"potentialAction\":[{\"@type\":\"ReadAction\",\"target\":[\"https:\/\/www.babcock-wanson.com\/pl\/produkty\/systemy-odzysku-ciepla\/ekonomizer\/\"]}]},{\"@type\":\"ImageObject\",\"inLanguage\":\"pl-PL\",\"@id\":\"https:\/\/www.babcock-wanson.com\/pl\/produkty\/systemy-odzysku-ciepla\/ekonomizer\/#primaryimage\",\"url\":\"https:\/\/www.babcock-wanson.com\/wp-content\/uploads\/2018\/09\/Economiser-2.jpg\",\"contentUrl\":\"https:\/\/www.babcock-wanson.com\/wp-content\/uploads\/2018\/09\/Economiser-2.jpg\",\"width\":600,\"height\":400},{\"@type\":\"BreadcrumbList\",\"@id\":\"https:\/\/www.babcock-wanson.com\/pl\/produkty\/systemy-odzysku-ciepla\/ekonomizer\/#breadcrumb\",\"itemListElement\":[{\"@type\":\"ListItem\",\"position\":1,\"name\":\"Strona g\u0142\u00f3wna\",\"item\":\"https:\/\/www.babcock-wanson.com\/pl\/\"},{\"@type\":\"ListItem\",\"position\":2,\"name\":\"Produkty\",\"item\":\"https:\/\/www.babcock-wanson.com\/pl\/shop\/\"},{\"@type\":\"ListItem\",\"position\":3,\"name\":\"Systemy Odzysku Ciep\u0142a\",\"item\":\"https:\/\/www.babcock-wanson.com\/pl\/kategoria-produktu\/systemy-odzysku-ciepla\/\"},{\"@type\":\"ListItem\",\"position\":4,\"name\":\"Ekonomizer\"}]},{\"@type\":\"WebSite\",\"@id\":\"https:\/\/www.babcock-wanson.com\/pl\/#website\",\"url\":\"https:\/\/www.babcock-wanson.com\/pl\/\",\"name\":\"Babcock Wanson\",\"description\":\"\",\"publisher\":{\"@id\":\"https:\/\/www.babcock-wanson.com\/pl\/#organization\"},\"potentialAction\":[{\"@type\":\"SearchAction\",\"target\":{\"@type\":\"EntryPoint\",\"urlTemplate\":\"https:\/\/www.babcock-wanson.com\/pl\/?s={search_term_string}\"},\"query-input\":{\"@type\":\"PropertyValueSpecification\",\"valueRequired\":true,\"valueName\":\"search_term_string\"}}],\"inLanguage\":\"pl-PL\"},{\"@type\":\"Organization\",\"@id\":\"https:\/\/www.babcock-wanson.com\/pl\/#organization\",\"name\":\"Babcock Wanson\",\"url\":\"https:\/\/www.babcock-wanson.com\/pl\/\",\"logo\":{\"@type\":\"ImageObject\",\"inLanguage\":\"pl-PL\",\"@id\":\"https:\/\/www.babcock-wanson.com\/pl\/#\/schema\/logo\/image\/\",\"url\":\"https:\/\/www.babcock-wanson.com\/wp-content\/uploads\/2024\/02\/Babcock-Wanson-1200x1200-1.png\",\"contentUrl\":\"https:\/\/www.babcock-wanson.com\/wp-content\/uploads\/2024\/02\/Babcock-Wanson-1200x1200-1.png\",\"width\":1200,\"height\":1200,\"caption\":\"Babcock Wanson\"},\"image\":{\"@id\":\"https:\/\/www.babcock-wanson.com\/pl\/#\/schema\/logo\/image\/\"},\"sameAs\":[\"https:\/\/www.linkedin.com\/company\/babcock-wanson\/\",\"https:\/\/www.youtube.com\/channel\/UCtxl25VieBBsP2kYmtlyv7A\"]}]}<\/script>\n<!-- \/ Yoast SEO Premium plugin. -->","yoast_head_json":{"title":"Ekonomizer - Babcock Wanson","description":"Firma Babcock Wanson oferuje szerok\u0105 gam\u0119 ekonomizer\u00f3w spalin idealnie dopasowanych do kot\u0142a, wykorzystuj\u0105c swoje bogate do\u015bwiadczenie w zakresie efektywno\u015bci energetycznej oraz konstrukcji i optymalizacji kot\u0142\u00f3w.","robots":{"index":"index","follow":"follow","max-snippet":"max-snippet:-1","max-image-preview":"max-image-preview:large","max-video-preview":"max-video-preview:-1"},"canonical":"https:\/\/www.babcock-wanson.com\/pl\/produkty\/systemy-odzysku-ciepla\/ekonomizer\/","og_locale":"pl_PL","og_type":"article","og_title":"Ekonomizer","og_description":"Firma Babcock Wanson oferuje szerok\u0105 gam\u0119 ekonomizer\u00f3w spalin idealnie dopasowanych do kot\u0142a, wykorzystuj\u0105c swoje bogate do\u015bwiadczenie w zakresie efektywno\u015bci energetycznej oraz konstrukcji i optymalizacji kot\u0142\u00f3w.","og_url":"https:\/\/www.babcock-wanson.com\/pl\/produkty\/systemy-odzysku-ciepla\/ekonomizer\/","og_site_name":"Babcock Wanson","article_modified_time":"2021-12-13T10:34:35+00:00","og_image":[{"width":600,"height":400,"url":"https:\/\/www.babcock-wanson.com\/wp-content\/uploads\/2018\/09\/Economiser-2.jpg","type":"image\/jpeg"}],"twitter_card":"summary_large_image","twitter_misc":{"Est. reading time":"2 minuty"},"schema":{"@context":"https:\/\/schema.org","@graph":[{"@type":"WebPage","@id":"https:\/\/www.babcock-wanson.com\/pl\/produkty\/systemy-odzysku-ciepla\/ekonomizer\/","url":"https:\/\/www.babcock-wanson.com\/pl\/produkty\/systemy-odzysku-ciepla\/ekonomizer\/","name":"Ekonomizer - Babcock Wanson","isPartOf":{"@id":"https:\/\/www.babcock-wanson.com\/pl\/#website"},"primaryImageOfPage":{"@id":"https:\/\/www.babcock-wanson.com\/pl\/produkty\/systemy-odzysku-ciepla\/ekonomizer\/#primaryimage"},"image":{"@id":"https:\/\/www.babcock-wanson.com\/pl\/produkty\/systemy-odzysku-ciepla\/ekonomizer\/#primaryimage"},"thumbnailUrl":"https:\/\/www.babcock-wanson.com\/wp-content\/uploads\/2018\/09\/Economiser-2.jpg","datePublished":"2018-09-19T13:07:31+00:00","dateModified":"2021-12-13T10:34:35+00:00","description":"Firma Babcock Wanson oferuje szerok\u0105 gam\u0119 ekonomizer\u00f3w spalin idealnie dopasowanych do kot\u0142a, wykorzystuj\u0105c swoje bogate do\u015bwiadczenie w zakresie efektywno\u015bci energetycznej oraz konstrukcji i optymalizacji kot\u0142\u00f3w.","breadcrumb":{"@id":"https:\/\/www.babcock-wanson.com\/pl\/produkty\/systemy-odzysku-ciepla\/ekonomizer\/#breadcrumb"},"inLanguage":"pl-PL","potentialAction":[{"@type":"ReadAction","target":["https:\/\/www.babcock-wanson.com\/pl\/produkty\/systemy-odzysku-ciepla\/ekonomizer\/"]}]},{"@type":"ImageObject","inLanguage":"pl-PL","@id":"https:\/\/www.babcock-wanson.com\/pl\/produkty\/systemy-odzysku-ciepla\/ekonomizer\/#primaryimage","url":"https:\/\/www.babcock-wanson.com\/wp-content\/uploads\/2018\/09\/Economiser-2.jpg","contentUrl":"https:\/\/www.babcock-wanson.com\/wp-content\/uploads\/2018\/09\/Economiser-2.jpg","width":600,"height":400},{"@type":"BreadcrumbList","@id":"https:\/\/www.babcock-wanson.com\/pl\/produkty\/systemy-odzysku-ciepla\/ekonomizer\/#breadcrumb","itemListElement":[{"@type":"ListItem","position":1,"name":"Strona g\u0142\u00f3wna","item":"https:\/\/www.babcock-wanson.com\/pl\/"},{"@type":"ListItem","position":2,"name":"Produkty","item":"https:\/\/www.babcock-wanson.com\/pl\/shop\/"},{"@type":"ListItem","position":3,"name":"Systemy Odzysku Ciep\u0142a","item":"https:\/\/www.babcock-wanson.com\/pl\/kategoria-produktu\/systemy-odzysku-ciepla\/"},{"@type":"ListItem","position":4,"name":"Ekonomizer"}]},{"@type":"WebSite","@id":"https:\/\/www.babcock-wanson.com\/pl\/#website","url":"https:\/\/www.babcock-wanson.com\/pl\/","name":"Babcock Wanson","description":"","publisher":{"@id":"https:\/\/www.babcock-wanson.com\/pl\/#organization"},"potentialAction":[{"@type":"SearchAction","target":{"@type":"EntryPoint","urlTemplate":"https:\/\/www.babcock-wanson.com\/pl\/?s={search_term_string}"},"query-input":{"@type":"PropertyValueSpecification","valueRequired":true,"valueName":"search_term_string"}}],"inLanguage":"pl-PL"},{"@type":"Organization","@id":"https:\/\/www.babcock-wanson.com\/pl\/#organization","name":"Babcock Wanson","url":"https:\/\/www.babcock-wanson.com\/pl\/","logo":{"@type":"ImageObject","inLanguage":"pl-PL","@id":"https:\/\/www.babcock-wanson.com\/pl\/#\/schema\/logo\/image\/","url":"https:\/\/www.babcock-wanson.com\/wp-content\/uploads\/2024\/02\/Babcock-Wanson-1200x1200-1.png","contentUrl":"https:\/\/www.babcock-wanson.com\/wp-content\/uploads\/2024\/02\/Babcock-Wanson-1200x1200-1.png","width":1200,"height":1200,"caption":"Babcock Wanson"},"image":{"@id":"https:\/\/www.babcock-wanson.com\/pl\/#\/schema\/logo\/image\/"},"sameAs":["https:\/\/www.linkedin.com\/company\/babcock-wanson\/","https:\/\/www.youtube.com\/channel\/UCtxl25VieBBsP2kYmtlyv7A"]}]}},"jetpack_sharing_enabled":true,"_links":{"self":[{"href":"https:\/\/www.babcock-wanson.com\/pl\/wp-json\/wp\/v2\/product\/36837","targetHints":{"allow":["GET"]}}],"collection":[{"href":"https:\/\/www.babcock-wanson.com\/pl\/wp-json\/wp\/v2\/product"}],"about":[{"href":"https:\/\/www.babcock-wanson.com\/pl\/wp-json\/wp\/v2\/types\/product"}],"replies":[{"embeddable":true,"href":"https:\/\/www.babcock-wanson.com\/pl\/wp-json\/wp\/v2\/comments?post=36837"}],"wp:featuredmedia":[{"embeddable":true,"href":"https:\/\/www.babcock-wanson.com\/pl\/wp-json\/wp\/v2\/media\/36838"}],"wp:attachment":[{"href":"https:\/\/www.babcock-wanson.com\/pl\/wp-json\/wp\/v2\/media?parent=36837"}],"wp:term":[{"taxonomy":"product_brand","embeddable":true,"href":"https:\/\/www.babcock-wanson.com\/pl\/wp-json\/wp\/v2\/product_brand?post=36837"},{"taxonomy":"product_cat","embeddable":true,"href":"https:\/\/www.babcock-wanson.com\/pl\/wp-json\/wp\/v2\/product_cat?post=36837"},{"taxonomy":"product_tag","embeddable":true,"href":"https:\/\/www.babcock-wanson.com\/pl\/wp-json\/wp\/v2\/product_tag?post=36837"}],"curies":[{"name":"wp","href":"https:\/\/api.w.org\/{rel}","templated":true}]}}