{"id":36844,"date":"2018-09-19T14:07:29","date_gmt":"2018-09-19T13:07:29","guid":{"rendered":"https:\/\/www.babcock-wanson.com\/products\/bez-kategorii\/air-preheating-r-eco\/"},"modified":"2020-11-06T10:17:25","modified_gmt":"2020-11-06T10:17:25","slug":"podgrzewanie-powietrza-r-eco","status":"publish","type":"product","link":"https:\/\/www.babcock-wanson.com\/pl\/produkty\/systemy-odzysku-ciepla\/podgrzewanie-powietrza-r-eco\/","title":{"rendered":"Podgrzewanie powietrza R-Eco"},"content":{"rendered":"<div class=\"vgblk-rw-wrapper limit-wrapper\">\r\n<h3>Zasada dzia\u0142ania: Ekonomizer podgrzewaj\u0105cy powietrze gaz\u00f3w spalinowych<\/h3>\r\n<p>Korzy\u015bci zapewniane przez instalacj\u0119 \u201eR-ECO\u201d s\u0105 najbardziej widoczne w\u00a0przypadku zwrotu kondensatu na poziomie powy\u017cej 90%. Poniewa\u017c zwracany kondensat ma ju\u017c wysok\u0105 temperatur\u0119, nie nadaje si\u0119 do stosowania z\u00a0klasycznymi ekonomizerami wody zasilaj\u0105cej. Pozosta\u0142e warunki wymagane do pomy\u015blnego dzia\u0142ania systemu R-ECO to temperatura wlotowa spalin powy\u017cej 130\u00b0C, temperatura wyj\u015bciowa spalin ok. 100\u00b0C oraz paliwo w\u00a0postaci gazu ziemnego.<\/p>\r\n<ul>\r\n<li>Budowa: Aluminiowy p\u0142ytowy wymiennik ciep\u0142a<\/li>\r\n<li>Obudowa: Stal ocynkowana<\/li>\r\n<\/ul>\r\n<h3>Warunki eksploatacji<\/h3>\r\n<ul>\r\n<li>Brak innego \u017ar\u00f3d\u0142a odzysku ciep\u0142a ni\u017c powietrze do spalania (np. w\u00a0przypadku zwrotu kondensatu \u2265\u00a090%)<\/li>\r\n<li>Temperatura wlotowa spalin \u2265\u00a0130\u00b0C<\/li>\r\n<li>Temperatura spalin na wylocie ok. 70\u00b0C<\/li>\r\n<li>Paliwo: gaz ziemny<\/li>\r\n<\/ul>\r\n<ol>\r\n<li>W przypadku temperatury wody zasilaj\u0105cej kocio\u0142 \u2265\u00a0110\u00b0C przybli\u017cony przyrost sprawno\u015bci wynosi 2,5%*<\/li>\r\n<li>W przypadku temperatury wody zasilaj\u0105cej kocio\u0142 \u2265\u00a0105\u00b0C przybli\u017cony przyrost sprawno\u015bci wynosi 3%*<\/li>\r\n<\/ol>\r\n<p>* Warto\u015b\u0107 ta zale\u017cy wy\u0142\u0105cznie od warunk\u00f3w eksploatacji<\/p>\r\n<\/div><!-- .vgblk-rw-wrapper -->","protected":false},"excerpt":{"rendered":"<p>Oszcz\u0119dno\u015b\u0107 energii i\u00a0efektywno\u015b\u0107 energetyczna to kluczowe kwestie w\u00a0nowoczesnym przemy\u015ble. Jednym z\u00a0najwi\u0119kszych odbiornik\u00f3w energii w\u00a0typowym zak\u0142adzie produkcyjnym jest kocio\u0142. Wiedz\u0105c o\u00a0tym, firma Babcock Wanson oferuje rozwi\u0105zanie R-ECO, kt\u00f3re zapewnia popraw\u0119 sprawno\u015bci kot\u0142a do 98%*.<\/p>\n<p>R-ECO to po\u0142\u0105czenie dw\u00f3ch technologii:<\/p>\n<ol>\n<li>Wst\u0119pne ogrzewanie powietrza do spalania: Ta technologia zwi\u0119ksza ca\u0142kowit\u0105 sprawno\u015b\u0107 kot\u0142a, ale mo\u017ce r\u00f3wnie\u017c zwi\u0119kszy\u0107 emisj\u0119 NOx.<\/li>\n<li>Recyrkulacja spalin (FGR): Uk\u0142ad FGR pomaga redukowa\u0107 ilo\u015b\u0107 NOx w\u00a0gazach spalinowych w\u00a0celu zapewnienia zgodno\u015bci z\u00a0przepisami ochrony \u015brodowiska.<\/li>\n<\/ol>\n","protected":false},"featured_media":36845,"comment_status":"closed","ping_status":"closed","template":"","meta":{"_acf_changed":false,"_relevanssi_hide_post":"","_relevanssi_hide_content":"","_relevanssi_pin_for_all":"","_relevanssi_pin_keywords":"","_relevanssi_unpin_keywords":"","_relevanssi_related_keywords":"","_relevanssi_related_include_ids":"","_relevanssi_related_exclude_ids":"","_relevanssi_related_no_append":"","_relevanssi_related_not_related":"","_relevanssi_related_posts":"","_relevanssi_noindex_reason":""},"product_brand":[],"product_cat":[6407],"product_tag":[],"class_list":{"0":"post-36844","1":"product","2":"type-product","3":"status-publish","4":"has-post-thumbnail","6":"product_cat-systemy-odzysku-ciepla","8":"first","9":"instock","10":"shipping-taxable","11":"product-type-simple"},"acf":[],"yoast_head":"<!-- This site is optimized with the Yoast SEO Premium plugin v27.1 (Yoast SEO v27.1.1) - https:\/\/yoast.com\/product\/yoast-seo-premium-wordpress\/ -->\n<title>Podgrzewanie powietrza R-Eco - Babcock Wanson<\/title>\n<meta name=\"description\" content=\"Oszcz\u0119dno\u015b\u0107 energii i efektywno\u015b\u0107 energetyczna to kluczowe kwestie w nowoczesnym przemy\u015ble. Firma Babcock Wanson oferuje rozwi\u0105zanie R-ECO, kt\u00f3re zapewnia popraw\u0119 sprawno\u015bci kot\u0142a do 98%*.\" \/>\n<meta name=\"robots\" content=\"index, follow, max-snippet:-1, max-image-preview:large, max-video-preview:-1\" \/>\n<link rel=\"canonical\" href=\"https:\/\/www.babcock-wanson.com\/pl\/produkty\/systemy-odzysku-ciepla\/podgrzewanie-powietrza-r-eco\/\" \/>\n<meta property=\"og:locale\" content=\"pl_PL\" \/>\n<meta property=\"og:type\" content=\"article\" \/>\n<meta property=\"og:title\" content=\"Podgrzewanie powietrza R-Eco\" \/>\n<meta property=\"og:description\" content=\"Oszcz\u0119dno\u015b\u0107 energii i efektywno\u015b\u0107 energetyczna to kluczowe kwestie w nowoczesnym przemy\u015ble. Firma Babcock Wanson oferuje rozwi\u0105zanie R-ECO, kt\u00f3re zapewnia popraw\u0119 sprawno\u015bci kot\u0142a do 98%*.\" \/>\n<meta property=\"og:url\" content=\"https:\/\/www.babcock-wanson.com\/pl\/produkty\/systemy-odzysku-ciepla\/podgrzewanie-powietrza-r-eco\/\" \/>\n<meta property=\"og:site_name\" content=\"Babcock Wanson\" \/>\n<meta property=\"article:modified_time\" content=\"2020-11-06T10:17:25+00:00\" \/>\n<meta property=\"og:image\" content=\"https:\/\/www.babcock-wanson.com\/wp-content\/uploads\/2018\/09\/Air-Heating-R-Eco.png\" \/>\n\t<meta property=\"og:image:width\" content=\"600\" \/>\n\t<meta property=\"og:image:height\" content=\"400\" \/>\n\t<meta property=\"og:image:type\" content=\"image\/png\" \/>\n<meta name=\"twitter:card\" content=\"summary_large_image\" \/>\n<meta name=\"twitter:label1\" content=\"Est. reading time\" \/>\n\t<meta name=\"twitter:data1\" content=\"1 minuta\" \/>\n<script type=\"application\/ld+json\" class=\"yoast-schema-graph\">{\"@context\":\"https:\/\/schema.org\",\"@graph\":[{\"@type\":\"WebPage\",\"@id\":\"https:\/\/www.babcock-wanson.com\/pl\/produkty\/systemy-odzysku-ciepla\/podgrzewanie-powietrza-r-eco\/\",\"url\":\"https:\/\/www.babcock-wanson.com\/pl\/produkty\/systemy-odzysku-ciepla\/podgrzewanie-powietrza-r-eco\/\",\"name\":\"Podgrzewanie powietrza R-Eco - Babcock Wanson\",\"isPartOf\":{\"@id\":\"https:\/\/www.babcock-wanson.com\/pl\/#website\"},\"primaryImageOfPage\":{\"@id\":\"https:\/\/www.babcock-wanson.com\/pl\/produkty\/systemy-odzysku-ciepla\/podgrzewanie-powietrza-r-eco\/#primaryimage\"},\"image\":{\"@id\":\"https:\/\/www.babcock-wanson.com\/pl\/produkty\/systemy-odzysku-ciepla\/podgrzewanie-powietrza-r-eco\/#primaryimage\"},\"thumbnailUrl\":\"https:\/\/www.babcock-wanson.com\/wp-content\/uploads\/2018\/09\/Air-Heating-R-Eco.png\",\"datePublished\":\"2018-09-19T13:07:29+00:00\",\"dateModified\":\"2020-11-06T10:17:25+00:00\",\"description\":\"Oszcz\u0119dno\u015b\u0107 energii i efektywno\u015b\u0107 energetyczna to kluczowe kwestie w nowoczesnym przemy\u015ble. Firma Babcock Wanson oferuje rozwi\u0105zanie R-ECO, kt\u00f3re zapewnia popraw\u0119 sprawno\u015bci kot\u0142a do 98%*.\",\"breadcrumb\":{\"@id\":\"https:\/\/www.babcock-wanson.com\/pl\/produkty\/systemy-odzysku-ciepla\/podgrzewanie-powietrza-r-eco\/#breadcrumb\"},\"inLanguage\":\"pl-PL\",\"potentialAction\":[{\"@type\":\"ReadAction\",\"target\":[\"https:\/\/www.babcock-wanson.com\/pl\/produkty\/systemy-odzysku-ciepla\/podgrzewanie-powietrza-r-eco\/\"]}]},{\"@type\":\"ImageObject\",\"inLanguage\":\"pl-PL\",\"@id\":\"https:\/\/www.babcock-wanson.com\/pl\/produkty\/systemy-odzysku-ciepla\/podgrzewanie-powietrza-r-eco\/#primaryimage\",\"url\":\"https:\/\/www.babcock-wanson.com\/wp-content\/uploads\/2018\/09\/Air-Heating-R-Eco.png\",\"contentUrl\":\"https:\/\/www.babcock-wanson.com\/wp-content\/uploads\/2018\/09\/Air-Heating-R-Eco.png\",\"width\":600,\"height\":400,\"caption\":\"Pr\u00e9chauffage de l'air R-Eco\"},{\"@type\":\"BreadcrumbList\",\"@id\":\"https:\/\/www.babcock-wanson.com\/pl\/produkty\/systemy-odzysku-ciepla\/podgrzewanie-powietrza-r-eco\/#breadcrumb\",\"itemListElement\":[{\"@type\":\"ListItem\",\"position\":1,\"name\":\"Strona g\u0142\u00f3wna\",\"item\":\"https:\/\/www.babcock-wanson.com\/pl\/\"},{\"@type\":\"ListItem\",\"position\":2,\"name\":\"Produkty\",\"item\":\"https:\/\/www.babcock-wanson.com\/pl\/shop\/\"},{\"@type\":\"ListItem\",\"position\":3,\"name\":\"Systemy Odzysku Ciep\u0142a\",\"item\":\"https:\/\/www.babcock-wanson.com\/pl\/kategoria-produktu\/systemy-odzysku-ciepla\/\"},{\"@type\":\"ListItem\",\"position\":4,\"name\":\"Podgrzewanie powietrza R-Eco\"}]},{\"@type\":\"WebSite\",\"@id\":\"https:\/\/www.babcock-wanson.com\/pl\/#website\",\"url\":\"https:\/\/www.babcock-wanson.com\/pl\/\",\"name\":\"Babcock Wanson\",\"description\":\"\",\"publisher\":{\"@id\":\"https:\/\/www.babcock-wanson.com\/pl\/#organization\"},\"potentialAction\":[{\"@type\":\"SearchAction\",\"target\":{\"@type\":\"EntryPoint\",\"urlTemplate\":\"https:\/\/www.babcock-wanson.com\/pl\/?s={search_term_string}\"},\"query-input\":{\"@type\":\"PropertyValueSpecification\",\"valueRequired\":true,\"valueName\":\"search_term_string\"}}],\"inLanguage\":\"pl-PL\"},{\"@type\":\"Organization\",\"@id\":\"https:\/\/www.babcock-wanson.com\/pl\/#organization\",\"name\":\"Babcock Wanson\",\"url\":\"https:\/\/www.babcock-wanson.com\/pl\/\",\"logo\":{\"@type\":\"ImageObject\",\"inLanguage\":\"pl-PL\",\"@id\":\"https:\/\/www.babcock-wanson.com\/pl\/#\/schema\/logo\/image\/\",\"url\":\"https:\/\/www.babcock-wanson.com\/wp-content\/uploads\/2024\/02\/Babcock-Wanson-1200x1200-1.png\",\"contentUrl\":\"https:\/\/www.babcock-wanson.com\/wp-content\/uploads\/2024\/02\/Babcock-Wanson-1200x1200-1.png\",\"width\":1200,\"height\":1200,\"caption\":\"Babcock Wanson\"},\"image\":{\"@id\":\"https:\/\/www.babcock-wanson.com\/pl\/#\/schema\/logo\/image\/\"},\"sameAs\":[\"https:\/\/www.linkedin.com\/company\/babcock-wanson\/\",\"https:\/\/www.youtube.com\/channel\/UCtxl25VieBBsP2kYmtlyv7A\"]}]}<\/script>\n<!-- \/ Yoast SEO Premium plugin. -->","yoast_head_json":{"title":"Podgrzewanie powietrza R-Eco - Babcock Wanson","description":"Oszcz\u0119dno\u015b\u0107 energii i efektywno\u015b\u0107 energetyczna to kluczowe kwestie w nowoczesnym przemy\u015ble. Firma Babcock Wanson oferuje rozwi\u0105zanie R-ECO, kt\u00f3re zapewnia popraw\u0119 sprawno\u015bci kot\u0142a do 98%*.","robots":{"index":"index","follow":"follow","max-snippet":"max-snippet:-1","max-image-preview":"max-image-preview:large","max-video-preview":"max-video-preview:-1"},"canonical":"https:\/\/www.babcock-wanson.com\/pl\/produkty\/systemy-odzysku-ciepla\/podgrzewanie-powietrza-r-eco\/","og_locale":"pl_PL","og_type":"article","og_title":"Podgrzewanie powietrza R-Eco","og_description":"Oszcz\u0119dno\u015b\u0107 energii i efektywno\u015b\u0107 energetyczna to kluczowe kwestie w nowoczesnym przemy\u015ble. Firma Babcock Wanson oferuje rozwi\u0105zanie R-ECO, kt\u00f3re zapewnia popraw\u0119 sprawno\u015bci kot\u0142a do 98%*.","og_url":"https:\/\/www.babcock-wanson.com\/pl\/produkty\/systemy-odzysku-ciepla\/podgrzewanie-powietrza-r-eco\/","og_site_name":"Babcock Wanson","article_modified_time":"2020-11-06T10:17:25+00:00","og_image":[{"width":600,"height":400,"url":"https:\/\/www.babcock-wanson.com\/wp-content\/uploads\/2018\/09\/Air-Heating-R-Eco.png","type":"image\/png"}],"twitter_card":"summary_large_image","twitter_misc":{"Est. reading time":"1 minuta"},"schema":{"@context":"https:\/\/schema.org","@graph":[{"@type":"WebPage","@id":"https:\/\/www.babcock-wanson.com\/pl\/produkty\/systemy-odzysku-ciepla\/podgrzewanie-powietrza-r-eco\/","url":"https:\/\/www.babcock-wanson.com\/pl\/produkty\/systemy-odzysku-ciepla\/podgrzewanie-powietrza-r-eco\/","name":"Podgrzewanie powietrza R-Eco - Babcock Wanson","isPartOf":{"@id":"https:\/\/www.babcock-wanson.com\/pl\/#website"},"primaryImageOfPage":{"@id":"https:\/\/www.babcock-wanson.com\/pl\/produkty\/systemy-odzysku-ciepla\/podgrzewanie-powietrza-r-eco\/#primaryimage"},"image":{"@id":"https:\/\/www.babcock-wanson.com\/pl\/produkty\/systemy-odzysku-ciepla\/podgrzewanie-powietrza-r-eco\/#primaryimage"},"thumbnailUrl":"https:\/\/www.babcock-wanson.com\/wp-content\/uploads\/2018\/09\/Air-Heating-R-Eco.png","datePublished":"2018-09-19T13:07:29+00:00","dateModified":"2020-11-06T10:17:25+00:00","description":"Oszcz\u0119dno\u015b\u0107 energii i efektywno\u015b\u0107 energetyczna to kluczowe kwestie w nowoczesnym przemy\u015ble. Firma Babcock Wanson oferuje rozwi\u0105zanie R-ECO, kt\u00f3re zapewnia popraw\u0119 sprawno\u015bci kot\u0142a do 98%*.","breadcrumb":{"@id":"https:\/\/www.babcock-wanson.com\/pl\/produkty\/systemy-odzysku-ciepla\/podgrzewanie-powietrza-r-eco\/#breadcrumb"},"inLanguage":"pl-PL","potentialAction":[{"@type":"ReadAction","target":["https:\/\/www.babcock-wanson.com\/pl\/produkty\/systemy-odzysku-ciepla\/podgrzewanie-powietrza-r-eco\/"]}]},{"@type":"ImageObject","inLanguage":"pl-PL","@id":"https:\/\/www.babcock-wanson.com\/pl\/produkty\/systemy-odzysku-ciepla\/podgrzewanie-powietrza-r-eco\/#primaryimage","url":"https:\/\/www.babcock-wanson.com\/wp-content\/uploads\/2018\/09\/Air-Heating-R-Eco.png","contentUrl":"https:\/\/www.babcock-wanson.com\/wp-content\/uploads\/2018\/09\/Air-Heating-R-Eco.png","width":600,"height":400,"caption":"Pr\u00e9chauffage de l'air R-Eco"},{"@type":"BreadcrumbList","@id":"https:\/\/www.babcock-wanson.com\/pl\/produkty\/systemy-odzysku-ciepla\/podgrzewanie-powietrza-r-eco\/#breadcrumb","itemListElement":[{"@type":"ListItem","position":1,"name":"Strona g\u0142\u00f3wna","item":"https:\/\/www.babcock-wanson.com\/pl\/"},{"@type":"ListItem","position":2,"name":"Produkty","item":"https:\/\/www.babcock-wanson.com\/pl\/shop\/"},{"@type":"ListItem","position":3,"name":"Systemy Odzysku Ciep\u0142a","item":"https:\/\/www.babcock-wanson.com\/pl\/kategoria-produktu\/systemy-odzysku-ciepla\/"},{"@type":"ListItem","position":4,"name":"Podgrzewanie powietrza R-Eco"}]},{"@type":"WebSite","@id":"https:\/\/www.babcock-wanson.com\/pl\/#website","url":"https:\/\/www.babcock-wanson.com\/pl\/","name":"Babcock Wanson","description":"","publisher":{"@id":"https:\/\/www.babcock-wanson.com\/pl\/#organization"},"potentialAction":[{"@type":"SearchAction","target":{"@type":"EntryPoint","urlTemplate":"https:\/\/www.babcock-wanson.com\/pl\/?s={search_term_string}"},"query-input":{"@type":"PropertyValueSpecification","valueRequired":true,"valueName":"search_term_string"}}],"inLanguage":"pl-PL"},{"@type":"Organization","@id":"https:\/\/www.babcock-wanson.com\/pl\/#organization","name":"Babcock Wanson","url":"https:\/\/www.babcock-wanson.com\/pl\/","logo":{"@type":"ImageObject","inLanguage":"pl-PL","@id":"https:\/\/www.babcock-wanson.com\/pl\/#\/schema\/logo\/image\/","url":"https:\/\/www.babcock-wanson.com\/wp-content\/uploads\/2024\/02\/Babcock-Wanson-1200x1200-1.png","contentUrl":"https:\/\/www.babcock-wanson.com\/wp-content\/uploads\/2024\/02\/Babcock-Wanson-1200x1200-1.png","width":1200,"height":1200,"caption":"Babcock Wanson"},"image":{"@id":"https:\/\/www.babcock-wanson.com\/pl\/#\/schema\/logo\/image\/"},"sameAs":["https:\/\/www.linkedin.com\/company\/babcock-wanson\/","https:\/\/www.youtube.com\/channel\/UCtxl25VieBBsP2kYmtlyv7A"]}]}},"jetpack_sharing_enabled":true,"_links":{"self":[{"href":"https:\/\/www.babcock-wanson.com\/pl\/wp-json\/wp\/v2\/product\/36844","targetHints":{"allow":["GET"]}}],"collection":[{"href":"https:\/\/www.babcock-wanson.com\/pl\/wp-json\/wp\/v2\/product"}],"about":[{"href":"https:\/\/www.babcock-wanson.com\/pl\/wp-json\/wp\/v2\/types\/product"}],"replies":[{"embeddable":true,"href":"https:\/\/www.babcock-wanson.com\/pl\/wp-json\/wp\/v2\/comments?post=36844"}],"wp:featuredmedia":[{"embeddable":true,"href":"https:\/\/www.babcock-wanson.com\/pl\/wp-json\/wp\/v2\/media\/36845"}],"wp:attachment":[{"href":"https:\/\/www.babcock-wanson.com\/pl\/wp-json\/wp\/v2\/media?parent=36844"}],"wp:term":[{"taxonomy":"product_brand","embeddable":true,"href":"https:\/\/www.babcock-wanson.com\/pl\/wp-json\/wp\/v2\/product_brand?post=36844"},{"taxonomy":"product_cat","embeddable":true,"href":"https:\/\/www.babcock-wanson.com\/pl\/wp-json\/wp\/v2\/product_cat?post=36844"},{"taxonomy":"product_tag","embeddable":true,"href":"https:\/\/www.babcock-wanson.com\/pl\/wp-json\/wp\/v2\/product_tag?post=36844"}],"curies":[{"name":"wp","href":"https:\/\/api.w.org\/{rel}","templated":true}]}}